{"id":1075471,"date":"2026-04-29T10:26:27","date_gmt":"2026-04-29T08:26:27","guid":{"rendered":"https:\/\/stilanddesign.se\/?post_type=product&#038;p=1075471"},"modified":"2026-04-30T11:36:51","modified_gmt":"2026-04-30T09:36:51","slug":"%f0%9f%91%96-sval-stilren-byxa-fran-zabaione-i-bla-ton-%f0%9f%92%99","status":"publish","type":"product","link":"https:\/\/stilanddesign.se\/en\/product\/%f0%9f%91%96-sval-stilren-byxa-fran-zabaione-i-bla-ton-%f0%9f%92%99\/","title":{"rendered":"\ud83d\udc56 Cool &amp; stylish pants from Zabaione in blue \ud83d\udc99"},"content":{"rendered":"<p data-start=\"0\" data-end=\"55\">\ud83d\udc56 <strong data-start=\"3\" data-end=\"50\">Cool &amp; stylish trousers from Zabaione in blue tones<\/strong> \ud83d\udc99<\/p>\n<p data-start=\"57\" data-end=\"245\">\u2728 Light and airy quality with a nice structure<br data-start=\"102\" data-end=\"105\" \/>\ud83d\udc56 Wide, straight model that falls nicely<br data-start=\"139\" data-end=\"142\" \/>\ud83d\udc4c Comfortable fit - perfect for both everyday life and vacation<br data-start=\"199\" data-end=\"202\" \/>\ud83d\udcab Stylish design that is easy to match<\/p>\n<p data-start=\"247\" data-end=\"269\">\ud83d\udccf Sizes: XS\u2013XXL<\/p>\n<p data-start=\"271\" data-end=\"338\">\ud83e\uddf5 Material: 52% viscose, 40% polyester, 8% linen<br data-start=\"319\" data-end=\"322\" \/>\ud83e\udee7 Washing: 30\u00b0C<\/p>\n<p data-start=\"340\" data-end=\"477\" data-is-last-node=\"\" data-is-only-node=\"\">\ud83d\udc5a <strong data-start=\"343\" data-end=\"359\">Styling tips:<\/strong> Match with a simple top or shirt for a casual but well-dressed look \u2013 just as stylish with sneakers as with sandals \u2600\ufe0f<\/p>","protected":false},"excerpt":{"rendered":"<p data-start=\"0\" data-end=\"55\">\ud83d\udc56 <strong data-start=\"3\" data-end=\"50\">Cool &amp; stylish trousers from Zabaione in blue tones<\/strong> \ud83d\udc99<\/p>\n<p data-start=\"57\" data-end=\"245\">\u2728 Light and airy quality with a nice structure<br data-start=\"102\" data-end=\"105\" \/>\ud83d\udc56 Wide, straight model that falls nicely<br data-start=\"139\" data-end=\"142\" \/>\ud83d\udc4c Comfortable fit - perfect for both everyday life and vacation<br data-start=\"199\" data-end=\"202\" \/>\ud83d\udcab Stylish design that is easy to match<\/p>\n<p data-start=\"247\" data-end=\"269\">\ud83d\udccf Sizes: XS\u2013XXL<\/p>\n<p data-start=\"271\" data-end=\"338\">\ud83e\uddf5 Material: 52% viscose, 40% polyester, 8% linen<br data-start=\"319\" data-end=\"322\" \/>\ud83e\udee7 Washing: 30\u00b0C<\/p>\n<p data-start=\"340\" data-end=\"477\" data-is-last-node=\"\" data-is-only-node=\"\">\ud83d\udc5a <strong data-start=\"343\" data-end=\"359\">Styling tips:<\/strong> Match with a simple top or shirt for a casual but well-dressed look \u2013 just as stylish with sneakers as with sandals \u2600\ufe0f<\/p>","protected":false},"featured_media":1075474,"comment_status":"closed","ping_status":"closed","template":"","meta":[],"product_brand":[],"product_cat":[203,217],"product_tag":[],"class_list":{"0":"post-1075471","1":"product","2":"type-product","3":"status-publish","4":"has-post-thumbnail","6":"product_cat-byxor","7":"product_cat-produktnyheter","9":"first","10":"instock","11":"taxable","12":"shipping-taxable","13":"purchasable","14":"product-type-variable"},"yoast_head":"<!-- This site is optimized with the Yoast SEO Premium plugin v27.4 (Yoast SEO v27.5) - https:\/\/yoast.com\/product\/yoast-seo-premium-wordpress\/ -->\n<title>\ud83d\udc56 Sval &amp; stilren byxa fr\u00e5n Zabaione i bl\u00e5 ton \ud83d\udc99 - Stil &amp; Design<\/title>\n<meta name=\"robots\" content=\"index, follow, max-snippet:-1, max-image-preview:large, max-video-preview:-1\" \/>\n<link rel=\"canonical\" href=\"https:\/\/stilanddesign.se\/en\/product\/\ud83d\udc56-sval-stilren-byxa-fran-zabaione-i-bla-ton-\ud83d\udc99\/\" \/>\n<meta property=\"og:locale\" content=\"en_US\" \/>\n<meta property=\"og:type\" content=\"article\" \/>\n<meta property=\"og:title\" content=\"\ud83d\udc56 Sval &amp; stilren byxa fr\u00e5n Zabaione i bl\u00e5 ton \ud83d\udc99\" \/>\n<meta property=\"og:description\" content=\"\ud83d\udc56 Sval &amp; stilren byxa fr\u00e5n Zabaione i bl\u00e5 ton \ud83d\udc99 \u2728 L\u00e4tt och luftig kvalitet med snygg struktur\ud83d\udc56 Vid, rak modell som faller fint\ud83d\udc4c Bekv\u00e4m passform \u2013 perfekt f\u00f6r b\u00e5de vardag och semester\ud83d\udcab Stilren design som \u00e4r enkel att matcha \ud83d\udccf Storlekar: XS\u2013XXL \ud83e\uddf5 Material: 52% viskos, 40% polyester, 8% linne\ud83e\udee7 Tv\u00e4tt: 30\u00b0C \ud83d\udc5a Stylingtips: Matcha med en enkel topp eller skjorta f\u00f6r en avslappnad men v\u00e4lkl\u00e4dd look \u2013 lika snygg till sneakers som sandaler \u2600\ufe0f\" \/>\n<meta property=\"og:url\" content=\"https:\/\/stilanddesign.se\/en\/product\/\ud83d\udc56-sval-stilren-byxa-fran-zabaione-i-bla-ton-\ud83d\udc99\/\" \/>\n<meta property=\"og:site_name\" content=\"Stil &amp; Design\" \/>\n<meta property=\"article:modified_time\" content=\"2026-04-30T09:36:51+00:00\" \/>\n<meta property=\"og:image\" content=\"https:\/\/stilanddesign.se\/wp-content\/uploads\/2026\/04\/4068696887134_1.jpg\" \/>\n\t<meta property=\"og:image:width\" content=\"889\" \/>\n\t<meta property=\"og:image:height\" content=\"1280\" \/>\n\t<meta property=\"og:image:type\" content=\"image\/jpeg\" \/>\n<meta name=\"twitter:card\" content=\"summary_large_image\" \/>\n<meta name=\"twitter:label1\" content=\"Est. reading time\" \/>\n\t<meta name=\"twitter:data1\" content=\"1 minute\" \/>\n<script type=\"application\/ld+json\" class=\"yoast-schema-graph\">{\"@context\":\"https:\\\/\\\/schema.org\",\"@graph\":[{\"@type\":\"WebPage\",\"@id\":\"https:\\\/\\\/stilanddesign.se\\\/produkt\\\/%f0%9f%91%96-sval-stilren-byxa-fran-zabaione-i-bla-ton-%f0%9f%92%99\\\/\",\"url\":\"https:\\\/\\\/stilanddesign.se\\\/produkt\\\/%f0%9f%91%96-sval-stilren-byxa-fran-zabaione-i-bla-ton-%f0%9f%92%99\\\/\",\"name\":\"\ud83d\udc56 Sval & stilren byxa fr\u00e5n Zabaione i bl\u00e5 ton \ud83d\udc99 - Stil &amp; Design\",\"isPartOf\":{\"@id\":\"https:\\\/\\\/stilanddesign.se\\\/#website\"},\"primaryImageOfPage\":{\"@id\":\"https:\\\/\\\/stilanddesign.se\\\/produkt\\\/%f0%9f%91%96-sval-stilren-byxa-fran-zabaione-i-bla-ton-%f0%9f%92%99\\\/#primaryimage\"},\"image\":{\"@id\":\"https:\\\/\\\/stilanddesign.se\\\/produkt\\\/%f0%9f%91%96-sval-stilren-byxa-fran-zabaione-i-bla-ton-%f0%9f%92%99\\\/#primaryimage\"},\"thumbnailUrl\":\"https:\\\/\\\/stilanddesign.se\\\/wp-content\\\/uploads\\\/2026\\\/04\\\/4068696887134_1.jpg\",\"datePublished\":\"2026-04-29T08:26:27+00:00\",\"dateModified\":\"2026-04-30T09:36:51+00:00\",\"breadcrumb\":{\"@id\":\"https:\\\/\\\/stilanddesign.se\\\/produkt\\\/%f0%9f%91%96-sval-stilren-byxa-fran-zabaione-i-bla-ton-%f0%9f%92%99\\\/#breadcrumb\"},\"inLanguage\":\"en-US\",\"potentialAction\":[{\"@type\":\"ReadAction\",\"target\":[\"https:\\\/\\\/stilanddesign.se\\\/produkt\\\/%f0%9f%91%96-sval-stilren-byxa-fran-zabaione-i-bla-ton-%f0%9f%92%99\\\/\"]}]},{\"@type\":\"ImageObject\",\"inLanguage\":\"en-US\",\"@id\":\"https:\\\/\\\/stilanddesign.se\\\/produkt\\\/%f0%9f%91%96-sval-stilren-byxa-fran-zabaione-i-bla-ton-%f0%9f%92%99\\\/#primaryimage\",\"url\":\"https:\\\/\\\/stilanddesign.se\\\/wp-content\\\/uploads\\\/2026\\\/04\\\/4068696887134_1.jpg\",\"contentUrl\":\"https:\\\/\\\/stilanddesign.se\\\/wp-content\\\/uploads\\\/2026\\\/04\\\/4068696887134_1.jpg\",\"width\":889,\"height\":1280},{\"@type\":\"BreadcrumbList\",\"@id\":\"https:\\\/\\\/stilanddesign.se\\\/produkt\\\/%f0%9f%91%96-sval-stilren-byxa-fran-zabaione-i-bla-ton-%f0%9f%92%99\\\/#breadcrumb\",\"itemListElement\":[{\"@type\":\"ListItem\",\"position\":1,\"name\":\"Hem\",\"item\":\"https:\\\/\\\/stilanddesign.se\\\/\"},{\"@type\":\"ListItem\",\"position\":2,\"name\":\"Butiken\",\"item\":\"https:\\\/\\\/stilanddesign.se\\\/butiken\\\/\"},{\"@type\":\"ListItem\",\"position\":3,\"name\":\"\ud83d\udc56 Sval &#038; stilren byxa fr\u00e5n Zabaione i bl\u00e5 ton \ud83d\udc99\"}]},{\"@type\":\"WebSite\",\"@id\":\"https:\\\/\\\/stilanddesign.se\\\/#website\",\"url\":\"https:\\\/\\\/stilanddesign.se\\\/\",\"name\":\"Stil &amp; Design\",\"description\":\"F\u00f6r oss som \u00e4lskar mode!\",\"publisher\":{\"@id\":\"https:\\\/\\\/stilanddesign.se\\\/#organization\"},\"potentialAction\":[{\"@type\":\"SearchAction\",\"target\":{\"@type\":\"EntryPoint\",\"urlTemplate\":\"https:\\\/\\\/stilanddesign.se\\\/?s={search_term_string}\"},\"query-input\":{\"@type\":\"PropertyValueSpecification\",\"valueRequired\":true,\"valueName\":\"search_term_string\"}}],\"inLanguage\":\"en-US\"},{\"@type\":\"Organization\",\"@id\":\"https:\\\/\\\/stilanddesign.se\\\/#organization\",\"name\":\"Stil &amp; Design\",\"url\":\"https:\\\/\\\/stilanddesign.se\\\/\",\"logo\":{\"@type\":\"ImageObject\",\"inLanguage\":\"en-US\",\"@id\":\"https:\\\/\\\/stilanddesign.se\\\/#\\\/schema\\\/logo\\\/image\\\/\",\"url\":\"https:\\\/\\\/stilanddesign.se\\\/wp-content\\\/uploads\\\/2023\\\/12\\\/output-onlinepngtools-e1727784413220.png\",\"contentUrl\":\"https:\\\/\\\/stilanddesign.se\\\/wp-content\\\/uploads\\\/2023\\\/12\\\/output-onlinepngtools-e1727784413220.png\",\"width\":519,\"height\":135,\"caption\":\"Stil &amp; Design\"},\"image\":{\"@id\":\"https:\\\/\\\/stilanddesign.se\\\/#\\\/schema\\\/logo\\\/image\\\/\"}}]}<\/script>\n<!-- \/ Yoast SEO Premium plugin. -->","yoast_head_json":{"title":"\ud83d\udc56 Sval & stilren byxa fr\u00e5n Zabaione i bl\u00e5 ton \ud83d\udc99 - Stil &amp; Design","robots":{"index":"index","follow":"follow","max-snippet":"max-snippet:-1","max-image-preview":"max-image-preview:large","max-video-preview":"max-video-preview:-1"},"canonical":"https:\/\/stilanddesign.se\/en\/product\/\ud83d\udc56-sval-stilren-byxa-fran-zabaione-i-bla-ton-\ud83d\udc99\/","og_locale":"en_US","og_type":"article","og_title":"\ud83d\udc56 Sval & stilren byxa fr\u00e5n Zabaione i bl\u00e5 ton \ud83d\udc99","og_description":"\ud83d\udc56 Sval &amp; stilren byxa fr\u00e5n Zabaione i bl\u00e5 ton \ud83d\udc99 \u2728 L\u00e4tt och luftig kvalitet med snygg struktur\ud83d\udc56 Vid, rak modell som faller fint\ud83d\udc4c Bekv\u00e4m passform \u2013 perfekt f\u00f6r b\u00e5de vardag och semester\ud83d\udcab Stilren design som \u00e4r enkel att matcha \ud83d\udccf Storlekar: XS\u2013XXL \ud83e\uddf5 Material: 52% viskos, 40% polyester, 8% linne\ud83e\udee7 Tv\u00e4tt: 30\u00b0C \ud83d\udc5a Stylingtips: Matcha med en enkel topp eller skjorta f\u00f6r en avslappnad men v\u00e4lkl\u00e4dd look \u2013 lika snygg till sneakers som sandaler \u2600\ufe0f","og_url":"https:\/\/stilanddesign.se\/en\/product\/\ud83d\udc56-sval-stilren-byxa-fran-zabaione-i-bla-ton-\ud83d\udc99\/","og_site_name":"Stil &amp; Design","article_modified_time":"2026-04-30T09:36:51+00:00","og_image":[{"width":889,"height":1280,"url":"https:\/\/stilanddesign.se\/wp-content\/uploads\/2026\/04\/4068696887134_1.jpg","type":"image\/jpeg"}],"twitter_card":"summary_large_image","twitter_misc":{"Est. reading time":"1 minute"},"schema":{"@context":"https:\/\/schema.org","@graph":[{"@type":"WebPage","@id":"https:\/\/stilanddesign.se\/produkt\/%f0%9f%91%96-sval-stilren-byxa-fran-zabaione-i-bla-ton-%f0%9f%92%99\/","url":"https:\/\/stilanddesign.se\/produkt\/%f0%9f%91%96-sval-stilren-byxa-fran-zabaione-i-bla-ton-%f0%9f%92%99\/","name":"\ud83d\udc56 Sval & stilren byxa fr\u00e5n Zabaione i bl\u00e5 ton \ud83d\udc99 - Stil &amp; Design","isPartOf":{"@id":"https:\/\/stilanddesign.se\/#website"},"primaryImageOfPage":{"@id":"https:\/\/stilanddesign.se\/produkt\/%f0%9f%91%96-sval-stilren-byxa-fran-zabaione-i-bla-ton-%f0%9f%92%99\/#primaryimage"},"image":{"@id":"https:\/\/stilanddesign.se\/produkt\/%f0%9f%91%96-sval-stilren-byxa-fran-zabaione-i-bla-ton-%f0%9f%92%99\/#primaryimage"},"thumbnailUrl":"https:\/\/stilanddesign.se\/wp-content\/uploads\/2026\/04\/4068696887134_1.jpg","datePublished":"2026-04-29T08:26:27+00:00","dateModified":"2026-04-30T09:36:51+00:00","breadcrumb":{"@id":"https:\/\/stilanddesign.se\/produkt\/%f0%9f%91%96-sval-stilren-byxa-fran-zabaione-i-bla-ton-%f0%9f%92%99\/#breadcrumb"},"inLanguage":"en-US","potentialAction":[{"@type":"ReadAction","target":["https:\/\/stilanddesign.se\/produkt\/%f0%9f%91%96-sval-stilren-byxa-fran-zabaione-i-bla-ton-%f0%9f%92%99\/"]}]},{"@type":"ImageObject","inLanguage":"en-US","@id":"https:\/\/stilanddesign.se\/produkt\/%f0%9f%91%96-sval-stilren-byxa-fran-zabaione-i-bla-ton-%f0%9f%92%99\/#primaryimage","url":"https:\/\/stilanddesign.se\/wp-content\/uploads\/2026\/04\/4068696887134_1.jpg","contentUrl":"https:\/\/stilanddesign.se\/wp-content\/uploads\/2026\/04\/4068696887134_1.jpg","width":889,"height":1280},{"@type":"BreadcrumbList","@id":"https:\/\/stilanddesign.se\/produkt\/%f0%9f%91%96-sval-stilren-byxa-fran-zabaione-i-bla-ton-%f0%9f%92%99\/#breadcrumb","itemListElement":[{"@type":"ListItem","position":1,"name":"Hem","item":"https:\/\/stilanddesign.se\/"},{"@type":"ListItem","position":2,"name":"Butiken","item":"https:\/\/stilanddesign.se\/butiken\/"},{"@type":"ListItem","position":3,"name":"\ud83d\udc56 Sval &#038; stilren byxa fr\u00e5n Zabaione i bl\u00e5 ton \ud83d\udc99"}]},{"@type":"WebSite","@id":"https:\/\/stilanddesign.se\/#website","url":"https:\/\/stilanddesign.se\/","name":"Style &amp; Design","description":"For those of us who love fashion!","publisher":{"@id":"https:\/\/stilanddesign.se\/#organization"},"potentialAction":[{"@type":"SearchAction","target":{"@type":"EntryPoint","urlTemplate":"https:\/\/stilanddesign.se\/?s={search_term_string}"},"query-input":{"@type":"PropertyValueSpecification","valueRequired":true,"valueName":"search_term_string"}}],"inLanguage":"en-US"},{"@type":"Organization","@id":"https:\/\/stilanddesign.se\/#organization","name":"Style &amp; Design","url":"https:\/\/stilanddesign.se\/","logo":{"@type":"ImageObject","inLanguage":"en-US","@id":"https:\/\/stilanddesign.se\/#\/schema\/logo\/image\/","url":"https:\/\/stilanddesign.se\/wp-content\/uploads\/2023\/12\/output-onlinepngtools-e1727784413220.png","contentUrl":"https:\/\/stilanddesign.se\/wp-content\/uploads\/2023\/12\/output-onlinepngtools-e1727784413220.png","width":519,"height":135,"caption":"Stil &amp; Design"},"image":{"@id":"https:\/\/stilanddesign.se\/#\/schema\/logo\/image\/"}}]}},"_links":{"self":[{"href":"https:\/\/stilanddesign.se\/en\/wp-json\/wp\/v2\/product\/1075471","targetHints":{"allow":["GET"]}}],"collection":[{"href":"https:\/\/stilanddesign.se\/en\/wp-json\/wp\/v2\/product"}],"about":[{"href":"https:\/\/stilanddesign.se\/en\/wp-json\/wp\/v2\/types\/product"}],"replies":[{"embeddable":true,"href":"https:\/\/stilanddesign.se\/en\/wp-json\/wp\/v2\/comments?post=1075471"}],"wp:featuredmedia":[{"embeddable":true,"href":"https:\/\/stilanddesign.se\/en\/wp-json\/wp\/v2\/media\/1075474"}],"wp:attachment":[{"href":"https:\/\/stilanddesign.se\/en\/wp-json\/wp\/v2\/media?parent=1075471"}],"wp:term":[{"taxonomy":"product_brand","embeddable":true,"href":"https:\/\/stilanddesign.se\/en\/wp-json\/wp\/v2\/product_brand?post=1075471"},{"taxonomy":"product_cat","embeddable":true,"href":"https:\/\/stilanddesign.se\/en\/wp-json\/wp\/v2\/product_cat?post=1075471"},{"taxonomy":"product_tag","embeddable":true,"href":"https:\/\/stilanddesign.se\/en\/wp-json\/wp\/v2\/product_tag?post=1075471"}],"curies":[{"name":"wp","href":"https:\/\/api.w.org\/{rel}","templated":true}]}}