{"id":1075420,"date":"2026-04-29T09:34:49","date_gmt":"2026-04-29T07:34:49","guid":{"rendered":"https:\/\/stilanddesign.se\/?post_type=product&#038;p=1075420"},"modified":"2026-05-11T18:53:57","modified_gmt":"2026-05-11T16:53:57","slug":"%f0%9f%90%86-leomonstrad-topp-fran-zabaione-mjuk-trendig-%e2%9c%a8","status":"publish","type":"product","link":"https:\/\/stilanddesign.se\/en\/product\/%f0%9f%90%86-leomonstrad-topp-fran-zabaione-mjuk-trendig-%e2%9c%a8\/","title":{"rendered":"\ud83d\udc06 Leopard print top from Zabaione \u2013 soft &amp; trendy \u2728"},"content":{"rendered":"<p data-start=\"0\" data-end=\"58\">\ud83d\udc06 <strong data-start=\"3\" data-end=\"54\">Leopard-print top from Zabaione \u2013 soft &amp; trendy<\/strong> \u2728<\/p>\n<p data-start=\"60\" data-end=\"276\">\ud83e\udd0e Beige bottom with stylish leopard pattern<br data-start=\"99\" data-end=\"102\" \/>\ud83d\udcab Thin and luxurious quality with a soft feel<br data-start=\"144\" data-end=\"147\" \/>\ud83d\udc5a Figure-hugging model with long sleeves<br data-start=\"179\" data-end=\"182\" \/>\u2728 Round neck and slightly daring finishes at the cuffs<br data-start=\"228\" data-end=\"231\" data-is-only-node=\"\" \/>\ud83d\udc4c Perfect as a basic garment with that little extra<\/p>\n<p data-start=\"278\" data-end=\"299\">\ud83d\udccf Sizes: S\u2013XXL<\/p>\n<p data-start=\"301\" data-end=\"379\">\ud83e\uddf5 Materials: 75% viscose, 10% nylon, 10% cashmere, 5% elastane<br data-start=\"360\" data-end=\"363\" \/>\ud83e\udee7 Washing: 30\u00b0C<\/p>\n<p data-start=\"381\" data-end=\"487\">\ud83d\udc56 <strong data-start=\"384\" data-end=\"400\">Styling tips:<\/strong> Match with jeans for a casual look or with leather pants for a more edgy style \ud83d\udc95<\/p>\n<p data-start=\"489\" data-end=\"547\" data-is-last-node=\"\" data-is-only-node=\"\">\ud83d\udc96 A top that combines comfort with a trendy pattern \ud83d\udc06\u2728<\/p>","protected":false},"excerpt":{"rendered":"<p data-start=\"0\" data-end=\"58\">\ud83d\udc06 <strong data-start=\"3\" data-end=\"54\">Leopard-print top from Zabaione \u2013 soft &amp; trendy<\/strong> \u2728<\/p>\n<p data-start=\"60\" data-end=\"276\">\ud83e\udd0e Beige bottom with stylish leopard pattern<br data-start=\"99\" data-end=\"102\" \/>\ud83d\udcab Thin and luxurious quality with a soft feel<br data-start=\"144\" data-end=\"147\" \/>\ud83d\udc5a Figure-hugging model with long sleeves<br data-start=\"179\" data-end=\"182\" \/>\u2728 Round neck and slightly daring finishes at the cuffs<br data-start=\"228\" data-end=\"231\" data-is-only-node=\"\" \/>\ud83d\udc4c Perfect as a basic garment with that little extra<\/p>\n<p data-start=\"278\" data-end=\"299\">\ud83d\udccf Sizes: S\u2013XXL<\/p>\n<p data-start=\"301\" data-end=\"379\">\ud83e\uddf5 Materials: 75% viscose, 10% nylon, 10% cashmere, 5% elastane<br data-start=\"360\" data-end=\"363\" \/>\ud83e\udee7 Washing: 30\u00b0C<\/p>\n<p data-start=\"381\" data-end=\"487\">\ud83d\udc56 <strong data-start=\"384\" data-end=\"400\">Styling tips:<\/strong> Match with jeans for a casual look or with leather pants for a more edgy style \ud83d\udc95<\/p>\n<p data-start=\"489\" data-end=\"547\" data-is-last-node=\"\" data-is-only-node=\"\">\ud83d\udc96 A top that combines comfort with a trendy pattern \ud83d\udc06\u2728<\/p>","protected":false},"featured_media":1075423,"comment_status":"closed","ping_status":"closed","template":"","meta":[],"product_brand":[],"product_cat":[222],"product_tag":[],"class_list":{"0":"post-1075420","1":"product","2":"type-product","3":"status-publish","4":"has-post-thumbnail","6":"product_cat-toppar-tischor","8":"first","9":"instock","10":"taxable","11":"shipping-taxable","12":"purchasable","13":"product-type-variable"},"yoast_head":"<!-- This site is optimized with the Yoast SEO Premium plugin v27.4 (Yoast SEO v27.6) - https:\/\/yoast.com\/product\/yoast-seo-premium-wordpress\/ -->\n<title>\ud83d\udc06 Leom\u00f6nstrad topp fr\u00e5n Zabaione \u2013 mjuk &amp; trendig \u2728 - Stil &amp; Design<\/title>\n<meta name=\"robots\" content=\"index, follow, max-snippet:-1, max-image-preview:large, max-video-preview:-1\" \/>\n<link rel=\"canonical\" href=\"https:\/\/stilanddesign.se\/en\/product\/\ud83d\udc06-leomonstrad-topp-fran-zabaione-mjuk-trendig-\u2728\/\" \/>\n<meta property=\"og:locale\" content=\"en_US\" \/>\n<meta property=\"og:type\" content=\"article\" \/>\n<meta property=\"og:title\" content=\"\ud83d\udc06 Leom\u00f6nstrad topp fr\u00e5n Zabaione \u2013 mjuk &amp; trendig \u2728\" \/>\n<meta property=\"og:description\" content=\"\ud83d\udc06 Leom\u00f6nstrad topp fr\u00e5n Zabaione \u2013 mjuk &amp; trendig \u2728 \ud83e\udd0e Beige botten med stilrent leom\u00f6nster\ud83d\udcab Tunn och lyxig kvalitet med mjuk k\u00e4nsla\ud83d\udc5a Figurn\u00e4ra modell med l\u00e5ng \u00e4rm\u2728 Rund hals och l\u00e4tt v\u00e5gade avslut vid \u00e4rmslut\ud83d\udc4c Perfekt som basplagg med det lilla extra \ud83d\udccf Storlekar: S\u2013XXL \ud83e\uddf5 Material: 75% viskos, 10% nylon, 10% kashmir, 5% elastan\ud83e\udee7 Tv\u00e4tt: 30\u00b0C \ud83d\udc56 Stylingtips: Matcha med jeans f\u00f6r en avslappnad look eller med skinnbyxor f\u00f6r en mer edgy stil \ud83d\udc95 \ud83d\udc96 En topp som kombinerar komfort med trendigt m\u00f6nster \ud83d\udc06\u2728\" \/>\n<meta property=\"og:url\" content=\"https:\/\/stilanddesign.se\/en\/product\/\ud83d\udc06-leomonstrad-topp-fran-zabaione-mjuk-trendig-\u2728\/\" \/>\n<meta property=\"og:site_name\" content=\"Stil &amp; Design\" \/>\n<meta property=\"article:modified_time\" content=\"2026-05-11T16:53:57+00:00\" \/>\n<meta property=\"og:image\" content=\"https:\/\/stilanddesign.se\/wp-content\/uploads\/2026\/04\/4070709231391_1.jpg\" \/>\n\t<meta property=\"og:image:width\" content=\"889\" \/>\n\t<meta property=\"og:image:height\" content=\"1280\" \/>\n\t<meta property=\"og:image:type\" content=\"image\/jpeg\" \/>\n<meta name=\"twitter:card\" content=\"summary_large_image\" \/>\n<meta name=\"twitter:label1\" content=\"Est. reading time\" \/>\n\t<meta name=\"twitter:data1\" content=\"1 minute\" \/>\n<script type=\"application\/ld+json\" class=\"yoast-schema-graph\">{\"@context\":\"https:\\\/\\\/schema.org\",\"@graph\":[{\"@type\":\"WebPage\",\"@id\":\"https:\\\/\\\/stilanddesign.se\\\/produkt\\\/%f0%9f%90%86-leomonstrad-topp-fran-zabaione-mjuk-trendig-%e2%9c%a8\\\/\",\"url\":\"https:\\\/\\\/stilanddesign.se\\\/produkt\\\/%f0%9f%90%86-leomonstrad-topp-fran-zabaione-mjuk-trendig-%e2%9c%a8\\\/\",\"name\":\"\ud83d\udc06 Leom\u00f6nstrad topp fr\u00e5n Zabaione \u2013 mjuk & trendig \u2728 - Stil &amp; Design\",\"isPartOf\":{\"@id\":\"https:\\\/\\\/stilanddesign.se\\\/#website\"},\"primaryImageOfPage\":{\"@id\":\"https:\\\/\\\/stilanddesign.se\\\/produkt\\\/%f0%9f%90%86-leomonstrad-topp-fran-zabaione-mjuk-trendig-%e2%9c%a8\\\/#primaryimage\"},\"image\":{\"@id\":\"https:\\\/\\\/stilanddesign.se\\\/produkt\\\/%f0%9f%90%86-leomonstrad-topp-fran-zabaione-mjuk-trendig-%e2%9c%a8\\\/#primaryimage\"},\"thumbnailUrl\":\"https:\\\/\\\/stilanddesign.se\\\/wp-content\\\/uploads\\\/2026\\\/04\\\/4070709231391_1.jpg\",\"datePublished\":\"2026-04-29T07:34:49+00:00\",\"dateModified\":\"2026-05-11T16:53:57+00:00\",\"breadcrumb\":{\"@id\":\"https:\\\/\\\/stilanddesign.se\\\/produkt\\\/%f0%9f%90%86-leomonstrad-topp-fran-zabaione-mjuk-trendig-%e2%9c%a8\\\/#breadcrumb\"},\"inLanguage\":\"en-US\",\"potentialAction\":[{\"@type\":\"ReadAction\",\"target\":[\"https:\\\/\\\/stilanddesign.se\\\/produkt\\\/%f0%9f%90%86-leomonstrad-topp-fran-zabaione-mjuk-trendig-%e2%9c%a8\\\/\"]}]},{\"@type\":\"ImageObject\",\"inLanguage\":\"en-US\",\"@id\":\"https:\\\/\\\/stilanddesign.se\\\/produkt\\\/%f0%9f%90%86-leomonstrad-topp-fran-zabaione-mjuk-trendig-%e2%9c%a8\\\/#primaryimage\",\"url\":\"https:\\\/\\\/stilanddesign.se\\\/wp-content\\\/uploads\\\/2026\\\/04\\\/4070709231391_1.jpg\",\"contentUrl\":\"https:\\\/\\\/stilanddesign.se\\\/wp-content\\\/uploads\\\/2026\\\/04\\\/4070709231391_1.jpg\",\"width\":889,\"height\":1280},{\"@type\":\"BreadcrumbList\",\"@id\":\"https:\\\/\\\/stilanddesign.se\\\/produkt\\\/%f0%9f%90%86-leomonstrad-topp-fran-zabaione-mjuk-trendig-%e2%9c%a8\\\/#breadcrumb\",\"itemListElement\":[{\"@type\":\"ListItem\",\"position\":1,\"name\":\"Hem\",\"item\":\"https:\\\/\\\/stilanddesign.se\\\/\"},{\"@type\":\"ListItem\",\"position\":2,\"name\":\"Butiken\",\"item\":\"https:\\\/\\\/stilanddesign.se\\\/butiken\\\/\"},{\"@type\":\"ListItem\",\"position\":3,\"name\":\"\ud83d\udc06 Leom\u00f6nstrad topp fr\u00e5n Zabaione \u2013 mjuk &#038; trendig \u2728\"}]},{\"@type\":\"WebSite\",\"@id\":\"https:\\\/\\\/stilanddesign.se\\\/#website\",\"url\":\"https:\\\/\\\/stilanddesign.se\\\/\",\"name\":\"Stil &amp; Design\",\"description\":\"F\u00f6r oss som \u00e4lskar mode!\",\"publisher\":{\"@id\":\"https:\\\/\\\/stilanddesign.se\\\/#organization\"},\"potentialAction\":[{\"@type\":\"SearchAction\",\"target\":{\"@type\":\"EntryPoint\",\"urlTemplate\":\"https:\\\/\\\/stilanddesign.se\\\/?s={search_term_string}\"},\"query-input\":{\"@type\":\"PropertyValueSpecification\",\"valueRequired\":true,\"valueName\":\"search_term_string\"}}],\"inLanguage\":\"en-US\"},{\"@type\":\"Organization\",\"@id\":\"https:\\\/\\\/stilanddesign.se\\\/#organization\",\"name\":\"Stil &amp; Design\",\"url\":\"https:\\\/\\\/stilanddesign.se\\\/\",\"logo\":{\"@type\":\"ImageObject\",\"inLanguage\":\"en-US\",\"@id\":\"https:\\\/\\\/stilanddesign.se\\\/#\\\/schema\\\/logo\\\/image\\\/\",\"url\":\"https:\\\/\\\/stilanddesign.se\\\/wp-content\\\/uploads\\\/2023\\\/12\\\/output-onlinepngtools-e1727784413220.png\",\"contentUrl\":\"https:\\\/\\\/stilanddesign.se\\\/wp-content\\\/uploads\\\/2023\\\/12\\\/output-onlinepngtools-e1727784413220.png\",\"width\":519,\"height\":135,\"caption\":\"Stil &amp; Design\"},\"image\":{\"@id\":\"https:\\\/\\\/stilanddesign.se\\\/#\\\/schema\\\/logo\\\/image\\\/\"}}]}<\/script>\n<!-- \/ Yoast SEO Premium plugin. -->","yoast_head_json":{"title":"\ud83d\udc06 Leom\u00f6nstrad topp fr\u00e5n Zabaione \u2013 mjuk & trendig \u2728 - Stil &amp; Design","robots":{"index":"index","follow":"follow","max-snippet":"max-snippet:-1","max-image-preview":"max-image-preview:large","max-video-preview":"max-video-preview:-1"},"canonical":"https:\/\/stilanddesign.se\/en\/product\/\ud83d\udc06-leomonstrad-topp-fran-zabaione-mjuk-trendig-\u2728\/","og_locale":"en_US","og_type":"article","og_title":"\ud83d\udc06 Leom\u00f6nstrad topp fr\u00e5n Zabaione \u2013 mjuk & trendig \u2728","og_description":"\ud83d\udc06 Leom\u00f6nstrad topp fr\u00e5n Zabaione \u2013 mjuk &amp; trendig \u2728 \ud83e\udd0e Beige botten med stilrent leom\u00f6nster\ud83d\udcab Tunn och lyxig kvalitet med mjuk k\u00e4nsla\ud83d\udc5a Figurn\u00e4ra modell med l\u00e5ng \u00e4rm\u2728 Rund hals och l\u00e4tt v\u00e5gade avslut vid \u00e4rmslut\ud83d\udc4c Perfekt som basplagg med det lilla extra \ud83d\udccf Storlekar: S\u2013XXL \ud83e\uddf5 Material: 75% viskos, 10% nylon, 10% kashmir, 5% elastan\ud83e\udee7 Tv\u00e4tt: 30\u00b0C \ud83d\udc56 Stylingtips: Matcha med jeans f\u00f6r en avslappnad look eller med skinnbyxor f\u00f6r en mer edgy stil \ud83d\udc95 \ud83d\udc96 En topp som kombinerar komfort med trendigt m\u00f6nster \ud83d\udc06\u2728","og_url":"https:\/\/stilanddesign.se\/en\/product\/\ud83d\udc06-leomonstrad-topp-fran-zabaione-mjuk-trendig-\u2728\/","og_site_name":"Stil &amp; Design","article_modified_time":"2026-05-11T16:53:57+00:00","og_image":[{"width":889,"height":1280,"url":"https:\/\/stilanddesign.se\/wp-content\/uploads\/2026\/04\/4070709231391_1.jpg","type":"image\/jpeg"}],"twitter_card":"summary_large_image","twitter_misc":{"Est. reading time":"1 minute"},"schema":{"@context":"https:\/\/schema.org","@graph":[{"@type":"WebPage","@id":"https:\/\/stilanddesign.se\/produkt\/%f0%9f%90%86-leomonstrad-topp-fran-zabaione-mjuk-trendig-%e2%9c%a8\/","url":"https:\/\/stilanddesign.se\/produkt\/%f0%9f%90%86-leomonstrad-topp-fran-zabaione-mjuk-trendig-%e2%9c%a8\/","name":"\ud83d\udc06 Leom\u00f6nstrad topp fr\u00e5n Zabaione \u2013 mjuk & trendig \u2728 - Stil &amp; Design","isPartOf":{"@id":"https:\/\/stilanddesign.se\/#website"},"primaryImageOfPage":{"@id":"https:\/\/stilanddesign.se\/produkt\/%f0%9f%90%86-leomonstrad-topp-fran-zabaione-mjuk-trendig-%e2%9c%a8\/#primaryimage"},"image":{"@id":"https:\/\/stilanddesign.se\/produkt\/%f0%9f%90%86-leomonstrad-topp-fran-zabaione-mjuk-trendig-%e2%9c%a8\/#primaryimage"},"thumbnailUrl":"https:\/\/stilanddesign.se\/wp-content\/uploads\/2026\/04\/4070709231391_1.jpg","datePublished":"2026-04-29T07:34:49+00:00","dateModified":"2026-05-11T16:53:57+00:00","breadcrumb":{"@id":"https:\/\/stilanddesign.se\/produkt\/%f0%9f%90%86-leomonstrad-topp-fran-zabaione-mjuk-trendig-%e2%9c%a8\/#breadcrumb"},"inLanguage":"en-US","potentialAction":[{"@type":"ReadAction","target":["https:\/\/stilanddesign.se\/produkt\/%f0%9f%90%86-leomonstrad-topp-fran-zabaione-mjuk-trendig-%e2%9c%a8\/"]}]},{"@type":"ImageObject","inLanguage":"en-US","@id":"https:\/\/stilanddesign.se\/produkt\/%f0%9f%90%86-leomonstrad-topp-fran-zabaione-mjuk-trendig-%e2%9c%a8\/#primaryimage","url":"https:\/\/stilanddesign.se\/wp-content\/uploads\/2026\/04\/4070709231391_1.jpg","contentUrl":"https:\/\/stilanddesign.se\/wp-content\/uploads\/2026\/04\/4070709231391_1.jpg","width":889,"height":1280},{"@type":"BreadcrumbList","@id":"https:\/\/stilanddesign.se\/produkt\/%f0%9f%90%86-leomonstrad-topp-fran-zabaione-mjuk-trendig-%e2%9c%a8\/#breadcrumb","itemListElement":[{"@type":"ListItem","position":1,"name":"Hem","item":"https:\/\/stilanddesign.se\/"},{"@type":"ListItem","position":2,"name":"Butiken","item":"https:\/\/stilanddesign.se\/butiken\/"},{"@type":"ListItem","position":3,"name":"\ud83d\udc06 Leom\u00f6nstrad topp fr\u00e5n Zabaione \u2013 mjuk &#038; trendig \u2728"}]},{"@type":"WebSite","@id":"https:\/\/stilanddesign.se\/#website","url":"https:\/\/stilanddesign.se\/","name":"Style &amp; Design","description":"For those of us who love fashion!","publisher":{"@id":"https:\/\/stilanddesign.se\/#organization"},"potentialAction":[{"@type":"SearchAction","target":{"@type":"EntryPoint","urlTemplate":"https:\/\/stilanddesign.se\/?s={search_term_string}"},"query-input":{"@type":"PropertyValueSpecification","valueRequired":true,"valueName":"search_term_string"}}],"inLanguage":"en-US"},{"@type":"Organization","@id":"https:\/\/stilanddesign.se\/#organization","name":"Style &amp; Design","url":"https:\/\/stilanddesign.se\/","logo":{"@type":"ImageObject","inLanguage":"en-US","@id":"https:\/\/stilanddesign.se\/#\/schema\/logo\/image\/","url":"https:\/\/stilanddesign.se\/wp-content\/uploads\/2023\/12\/output-onlinepngtools-e1727784413220.png","contentUrl":"https:\/\/stilanddesign.se\/wp-content\/uploads\/2023\/12\/output-onlinepngtools-e1727784413220.png","width":519,"height":135,"caption":"Stil &amp; Design"},"image":{"@id":"https:\/\/stilanddesign.se\/#\/schema\/logo\/image\/"}}]}},"_links":{"self":[{"href":"https:\/\/stilanddesign.se\/en\/wp-json\/wp\/v2\/product\/1075420","targetHints":{"allow":["GET"]}}],"collection":[{"href":"https:\/\/stilanddesign.se\/en\/wp-json\/wp\/v2\/product"}],"about":[{"href":"https:\/\/stilanddesign.se\/en\/wp-json\/wp\/v2\/types\/product"}],"replies":[{"embeddable":true,"href":"https:\/\/stilanddesign.se\/en\/wp-json\/wp\/v2\/comments?post=1075420"}],"wp:featuredmedia":[{"embeddable":true,"href":"https:\/\/stilanddesign.se\/en\/wp-json\/wp\/v2\/media\/1075423"}],"wp:attachment":[{"href":"https:\/\/stilanddesign.se\/en\/wp-json\/wp\/v2\/media?parent=1075420"}],"wp:term":[{"taxonomy":"product_brand","embeddable":true,"href":"https:\/\/stilanddesign.se\/en\/wp-json\/wp\/v2\/product_brand?post=1075420"},{"taxonomy":"product_cat","embeddable":true,"href":"https:\/\/stilanddesign.se\/en\/wp-json\/wp\/v2\/product_cat?post=1075420"},{"taxonomy":"product_tag","embeddable":true,"href":"https:\/\/stilanddesign.se\/en\/wp-json\/wp\/v2\/product_tag?post=1075420"}],"curies":[{"name":"wp","href":"https:\/\/api.w.org\/{rel}","templated":true}]}}