{"id":1075401,"date":"2026-04-29T09:19:51","date_gmt":"2026-04-29T07:19:51","guid":{"rendered":"https:\/\/stilanddesign.se\/?post_type=product&#038;p=1075401"},"modified":"2026-05-14T07:03:00","modified_gmt":"2026-05-14T05:03:00","slug":"%f0%9f%8c%b8-topp-fran-zabaione-mjuk-somrig-elegans-%e2%9c%a8","status":"publish","type":"product","link":"https:\/\/stilanddesign.se\/en\/product\/%f0%9f%8c%b8-topp-fran-zabaione-mjuk-somrig-elegans-%e2%9c%a8\/","title":{"rendered":"\ud83c\udf38 Top from Zabaione \u2013 soft &amp; summery elegance \u2728"},"content":{"rendered":"<section class=\"text-token-text-primary w-full focus:outline-none [--shadow-height:45px] has-data-writing-block:pointer-events-none has-data-writing-block:-mt-(--shadow-height) has-data-writing-block:pt-(--shadow-height) [&amp;:has([data-writing-block])&gt;*]:pointer-events-auto R6Vx5W_threadScrollVars scroll-mb-[calc(var(--scroll-root-safe-area-inset-bottom,0px)+var(--thread-response-height))] scroll-mt-(--header-height)\" dir=\"auto\" data-turn-id=\"7d0905fd-b07c-47fe-9bd8-275eb50f763a\" data-testid=\"conversation-turn-437\" data-scroll-anchor=\"false\" data-turn=\"user\"><\/section>\n<section class=\"text-token-text-primary w-full focus:outline-none [--shadow-height:45px] has-data-writing-block:pointer-events-none has-data-writing-block:-mt-(--shadow-height) has-data-writing-block:pt-(--shadow-height) [&amp;:has([data-writing-block])&gt;*]:pointer-events-auto [content-visibility:auto] supports-[content-visibility:auto]:[contain-intrinsic-size:auto_100lvh] R6Vx5W_threadScrollVars scroll-mb-[calc(var(--scroll-root-safe-area-inset-bottom,0px)+var(--thread-response-height))] scroll-mt-[calc(var(--header-height)+min(200px,max(70px,20svh)))]\" dir=\"auto\" data-turn-id=\"request-69c67431-7e34-8333-9a36-98c4a980f78b-3\" data-testid=\"conversation-turn-438\" data-scroll-anchor=\"false\" data-turn=\"assistant\">\n<div class=\"text-base my-auto mx-auto pb-10 [--thread-content-margin:var(--thread-content-margin-xs,calc(var(--spacing)*4))] @w-sm\/main:[--thread-content-margin:var(--thread-content-margin-sm,calc(var(--spacing)*6))] @w-lg\/main:[--thread-content-margin:var(--thread-content-margin-lg,calc(var(--spacing)*16))] px-(--thread-content-margin)\">\n<div class=\"[--thread-content-max-width:40rem] @w-lg\/main:[--thread-content-max-width:48rem] mx-auto max-w-(--thread-content-max-width) flex-1 group\/turn-messages focus-visible:outline-hidden relative flex w-full min-w-0 flex-col agent-turn\">\n<div class=\"flex max-w-full flex-col gap-4 grow\">\n<div class=\"min-h-8 text-message relative flex w-full flex-col items-end gap-2 text-start break-words whitespace-normal outline-none keyboard-focused:focus-ring [.text-message+&amp;]:mt-1\" dir=\"auto\" tabindex=\"0\" data-message-author-role=\"assistant\" data-message-id=\"eb1780e3-f6d5-4294-b82a-dc06add719f3\" data-message-model-slug=\"gpt-5-3\" data-turn-start-message=\"true\">\n<div class=\"flex w-full flex-col gap-1 empty:hidden\">\n<div class=\"markdown prose dark:prose-invert w-full wrap-break-word light markdown-new-styling\">\n<p data-start=\"0\" data-end=\"53\">\ud83c\udf38 <strong data-start=\"3\" data-end=\"49\">Topp fr\u00e5n Zabaione \u2013 mjuk &amp; somrig elegans<\/strong> \u2728<\/p>\n<p data-start=\"55\" data-end=\"174\">\ud83c\udf3f Vackert blomm\u00f6nster med stilrena konturer<br data-start=\"99\" data-end=\"102\" \/>\ud83d\udcab Finns i flera fina f\u00e4rger:<br data-start=\"131\" data-end=\"134\" \/>\ud83d\udc99 Ljusbl\u00e5<br data-start=\"144\" data-end=\"147\" \/>\ud83d\udc9b Gul<br data-start=\"153\" data-end=\"156\" \/>\ud83e\udd0d Vit<br data-start=\"162\" data-end=\"165\" \/>\ud83c\udf38 Rosa<\/p>\n<p data-start=\"176\" data-end=\"304\">\ud83d\udc5a Rund hals och kort \u00e4rm med uppvik<br data-start=\"212\" data-end=\"215\" \/>\u2728 Avslappnad passform med fint fall<br data-start=\"250\" data-end=\"253\" \/>\ud83d\udc4c Perfekt till b\u00e5de vardag och sommarens outfits<\/p>\n<p data-start=\"306\" data-end=\"327\">\ud83d\udccf Storlekar: S\u2013XXL<\/p>\n<p data-start=\"329\" data-end=\"394\">\ud83e\uddf5 Material: 50% bomull, 30% viskos, 20% linne<br data-start=\"375\" data-end=\"378\" \/>\ud83e\udee7 Tv\u00e4tt: 30\u00b0C<\/p>\n<p data-start=\"396\" data-end=\"487\">\ud83d\udc56 <strong data-start=\"399\" data-end=\"415\">Stylingtips:<\/strong> Matcha med jeans, shorts eller kjol f\u00f6r en fr\u00e4sch och feminin look \ud83d\udc95<\/p>\n<p data-start=\"489\" data-end=\"547\" data-is-last-node=\"\" data-is-only-node=\"\">\ud83d\udc96 En l\u00e4tt och bekv\u00e4m topp med en stilren sommark\u00e4nsla \ud83c\udf38\u2728<\/p>\n<\/div>\n<\/div>\n<\/div>\n<\/div>\n<\/div>\n<\/div>\n<\/section>\n","protected":false},"excerpt":{"rendered":"<section class=\"text-token-text-primary w-full focus:outline-none [--shadow-height:45px] has-data-writing-block:pointer-events-none has-data-writing-block:-mt-(--shadow-height) has-data-writing-block:pt-(--shadow-height) [&amp;:has([data-writing-block])&gt;*]:pointer-events-auto R6Vx5W_threadScrollVars scroll-mb-[calc(var(--scroll-root-safe-area-inset-bottom,0px)+var(--thread-response-height))] scroll-mt-(--header-height)\" dir=\"auto\" data-turn-id=\"7d0905fd-b07c-47fe-9bd8-275eb50f763a\" data-testid=\"conversation-turn-437\" data-scroll-anchor=\"false\" data-turn=\"user\"><\/section>\n<section class=\"text-token-text-primary w-full focus:outline-none [--shadow-height:45px] has-data-writing-block:pointer-events-none has-data-writing-block:-mt-(--shadow-height) has-data-writing-block:pt-(--shadow-height) [&amp;:has([data-writing-block])&gt;*]:pointer-events-auto [content-visibility:auto] supports-[content-visibility:auto]:[contain-intrinsic-size:auto_100lvh] R6Vx5W_threadScrollVars scroll-mb-[calc(var(--scroll-root-safe-area-inset-bottom,0px)+var(--thread-response-height))] scroll-mt-[calc(var(--header-height)+min(200px,max(70px,20svh)))]\" dir=\"auto\" data-turn-id=\"request-69c67431-7e34-8333-9a36-98c4a980f78b-3\" data-testid=\"conversation-turn-438\" data-scroll-anchor=\"false\" data-turn=\"assistant\">\n<div class=\"text-base my-auto mx-auto pb-10 [--thread-content-margin:var(--thread-content-margin-xs,calc(var(--spacing)*4))] @w-sm\/main:[--thread-content-margin:var(--thread-content-margin-sm,calc(var(--spacing)*6))] @w-lg\/main:[--thread-content-margin:var(--thread-content-margin-lg,calc(var(--spacing)*16))] px-(--thread-content-margin)\">\n<div class=\"[--thread-content-max-width:40rem] @w-lg\/main:[--thread-content-max-width:48rem] mx-auto max-w-(--thread-content-max-width) flex-1 group\/turn-messages focus-visible:outline-hidden relative flex w-full min-w-0 flex-col agent-turn\">\n<div class=\"flex max-w-full flex-col gap-4 grow\">\n<div class=\"min-h-8 text-message relative flex w-full flex-col items-end gap-2 text-start break-words whitespace-normal outline-none keyboard-focused:focus-ring [.text-message+&amp;]:mt-1\" dir=\"auto\" tabindex=\"0\" data-message-author-role=\"assistant\" data-message-id=\"eb1780e3-f6d5-4294-b82a-dc06add719f3\" data-message-model-slug=\"gpt-5-3\" data-turn-start-message=\"true\">\n<div class=\"flex w-full flex-col gap-1 empty:hidden\">\n<div class=\"markdown prose dark:prose-invert w-full wrap-break-word light markdown-new-styling\">\n<p data-start=\"0\" data-end=\"53\">\ud83c\udf38 <strong data-start=\"3\" data-end=\"49\">Topp fr\u00e5n Zabaione \u2013 mjuk &amp; somrig elegans<\/strong> \u2728<\/p>\n<p data-start=\"55\" data-end=\"174\">\ud83c\udf3f Vackert blomm\u00f6nster med stilrena konturer<br data-start=\"99\" data-end=\"102\" \/>\ud83d\udcab Finns i flera fina f\u00e4rger:<br data-start=\"131\" data-end=\"134\" \/>\ud83d\udc99 Ljusbl\u00e5<br data-start=\"144\" data-end=\"147\" \/>\ud83d\udc9b Gul<br data-start=\"153\" data-end=\"156\" \/>\ud83e\udd0d Vit<br data-start=\"162\" data-end=\"165\" \/>\ud83c\udf38 Rosa<\/p>\n<p data-start=\"176\" data-end=\"304\">\ud83d\udc5a Rund hals och kort \u00e4rm med uppvik<br data-start=\"212\" data-end=\"215\" \/>\u2728 Avslappnad passform med fint fall<br data-start=\"250\" data-end=\"253\" \/>\ud83d\udc4c Perfekt till b\u00e5de vardag och sommarens outfits<\/p>\n<p data-start=\"306\" data-end=\"327\">\ud83d\udccf Storlekar: S\u2013XXL<\/p>\n<p data-start=\"329\" data-end=\"394\">\ud83e\uddf5 Material: 50% bomull, 30% viskos, 20% linne<br data-start=\"375\" data-end=\"378\" \/>\ud83e\udee7 Tv\u00e4tt: 30\u00b0C<\/p>\n<p data-start=\"396\" data-end=\"487\">\ud83d\udc56 <strong data-start=\"399\" data-end=\"415\">Stylingtips:<\/strong> Matcha med jeans, shorts eller kjol f\u00f6r en fr\u00e4sch och feminin look \ud83d\udc95<\/p>\n<p data-start=\"489\" data-end=\"547\" data-is-last-node=\"\" data-is-only-node=\"\">\ud83d\udc96 En l\u00e4tt och bekv\u00e4m topp med en stilren sommark\u00e4nsla \ud83c\udf38\u2728<\/p>\n<\/div>\n<\/div>\n<\/div>\n<\/div>\n<\/div>\n<\/div>\n<\/section>\n","protected":false},"featured_media":1075407,"comment_status":"closed","ping_status":"closed","template":"","meta":[],"product_brand":[],"product_cat":[222],"product_tag":[],"class_list":{"0":"post-1075401","1":"product","2":"type-product","3":"status-publish","4":"has-post-thumbnail","6":"product_cat-toppar-tischor","8":"first","9":"instock","10":"taxable","11":"shipping-taxable","12":"purchasable","13":"product-type-variable"},"yoast_head":"<!-- This site is optimized with the Yoast SEO Premium plugin v27.4 (Yoast SEO v27.6) - https:\/\/yoast.com\/product\/yoast-seo-premium-wordpress\/ -->\n<title>\ud83c\udf38 Topp fr\u00e5n Zabaione \u2013 mjuk &amp; somrig elegans \u2728 - Stil &amp; Design<\/title>\n<meta name=\"robots\" content=\"index, follow, max-snippet:-1, max-image-preview:large, max-video-preview:-1\" \/>\n<link rel=\"canonical\" href=\"https:\/\/stilanddesign.se\/en\/product\/\ud83c\udf38-topp-fran-zabaione-mjuk-somrig-elegans-\u2728\/\" \/>\n<meta property=\"og:locale\" content=\"en_US\" \/>\n<meta property=\"og:type\" content=\"article\" \/>\n<meta property=\"og:title\" content=\"\ud83c\udf38 Topp fr\u00e5n Zabaione \u2013 mjuk &amp; somrig elegans \u2728\" \/>\n<meta property=\"og:description\" content=\"\ud83c\udf38 Topp fr\u00e5n Zabaione \u2013 mjuk &amp; somrig elegans \u2728 \ud83c\udf3f Vackert blomm\u00f6nster med stilrena konturer\ud83d\udcab Finns i flera fina f\u00e4rger:\ud83d\udc99 Ljusbl\u00e5\ud83d\udc9b Gul\ud83e\udd0d Vit\ud83c\udf38 Rosa \ud83d\udc5a Rund hals och kort \u00e4rm med uppvik\u2728 Avslappnad passform med fint fall\ud83d\udc4c Perfekt till b\u00e5de vardag och sommarens outfits \ud83d\udccf Storlekar: S\u2013XXL \ud83e\uddf5 Material: 50% bomull, 30% viskos, 20% linne\ud83e\udee7 Tv\u00e4tt: 30\u00b0C \ud83d\udc56 Stylingtips: Matcha med jeans, shorts eller kjol f\u00f6r en fr\u00e4sch och feminin look \ud83d\udc95 \ud83d\udc96 En l\u00e4tt och bekv\u00e4m topp med en stilren sommark\u00e4nsla \ud83c\udf38\u2728\" \/>\n<meta property=\"og:url\" content=\"https:\/\/stilanddesign.se\/en\/product\/\ud83c\udf38-topp-fran-zabaione-mjuk-somrig-elegans-\u2728\/\" \/>\n<meta property=\"og:site_name\" content=\"Stil &amp; Design\" \/>\n<meta property=\"article:modified_time\" content=\"2026-05-14T05:03:00+00:00\" \/>\n<meta property=\"og:image\" content=\"https:\/\/stilanddesign.se\/wp-content\/uploads\/2026\/04\/4070709190094_1.jpg\" \/>\n\t<meta property=\"og:image:width\" content=\"889\" \/>\n\t<meta property=\"og:image:height\" content=\"1280\" \/>\n\t<meta property=\"og:image:type\" content=\"image\/jpeg\" \/>\n<meta name=\"twitter:card\" content=\"summary_large_image\" \/>\n<meta name=\"twitter:label1\" content=\"Est. reading time\" \/>\n\t<meta name=\"twitter:data1\" content=\"1 minute\" \/>\n<script type=\"application\/ld+json\" class=\"yoast-schema-graph\">{\"@context\":\"https:\\\/\\\/schema.org\",\"@graph\":[{\"@type\":\"WebPage\",\"@id\":\"https:\\\/\\\/stilanddesign.se\\\/produkt\\\/%f0%9f%8c%b8-topp-fran-zabaione-mjuk-somrig-elegans-%e2%9c%a8\\\/\",\"url\":\"https:\\\/\\\/stilanddesign.se\\\/produkt\\\/%f0%9f%8c%b8-topp-fran-zabaione-mjuk-somrig-elegans-%e2%9c%a8\\\/\",\"name\":\"\ud83c\udf38 Topp fr\u00e5n Zabaione \u2013 mjuk & somrig elegans \u2728 - Stil &amp; Design\",\"isPartOf\":{\"@id\":\"https:\\\/\\\/stilanddesign.se\\\/#website\"},\"primaryImageOfPage\":{\"@id\":\"https:\\\/\\\/stilanddesign.se\\\/produkt\\\/%f0%9f%8c%b8-topp-fran-zabaione-mjuk-somrig-elegans-%e2%9c%a8\\\/#primaryimage\"},\"image\":{\"@id\":\"https:\\\/\\\/stilanddesign.se\\\/produkt\\\/%f0%9f%8c%b8-topp-fran-zabaione-mjuk-somrig-elegans-%e2%9c%a8\\\/#primaryimage\"},\"thumbnailUrl\":\"https:\\\/\\\/stilanddesign.se\\\/wp-content\\\/uploads\\\/2026\\\/04\\\/4070709190094_1.jpg\",\"datePublished\":\"2026-04-29T07:19:51+00:00\",\"dateModified\":\"2026-05-14T05:03:00+00:00\",\"breadcrumb\":{\"@id\":\"https:\\\/\\\/stilanddesign.se\\\/produkt\\\/%f0%9f%8c%b8-topp-fran-zabaione-mjuk-somrig-elegans-%e2%9c%a8\\\/#breadcrumb\"},\"inLanguage\":\"en-US\",\"potentialAction\":[{\"@type\":\"ReadAction\",\"target\":[\"https:\\\/\\\/stilanddesign.se\\\/produkt\\\/%f0%9f%8c%b8-topp-fran-zabaione-mjuk-somrig-elegans-%e2%9c%a8\\\/\"]}]},{\"@type\":\"ImageObject\",\"inLanguage\":\"en-US\",\"@id\":\"https:\\\/\\\/stilanddesign.se\\\/produkt\\\/%f0%9f%8c%b8-topp-fran-zabaione-mjuk-somrig-elegans-%e2%9c%a8\\\/#primaryimage\",\"url\":\"https:\\\/\\\/stilanddesign.se\\\/wp-content\\\/uploads\\\/2026\\\/04\\\/4070709190094_1.jpg\",\"contentUrl\":\"https:\\\/\\\/stilanddesign.se\\\/wp-content\\\/uploads\\\/2026\\\/04\\\/4070709190094_1.jpg\",\"width\":889,\"height\":1280},{\"@type\":\"BreadcrumbList\",\"@id\":\"https:\\\/\\\/stilanddesign.se\\\/produkt\\\/%f0%9f%8c%b8-topp-fran-zabaione-mjuk-somrig-elegans-%e2%9c%a8\\\/#breadcrumb\",\"itemListElement\":[{\"@type\":\"ListItem\",\"position\":1,\"name\":\"Hem\",\"item\":\"https:\\\/\\\/stilanddesign.se\\\/\"},{\"@type\":\"ListItem\",\"position\":2,\"name\":\"Butiken\",\"item\":\"https:\\\/\\\/stilanddesign.se\\\/butiken\\\/\"},{\"@type\":\"ListItem\",\"position\":3,\"name\":\"\ud83c\udf38 Topp fr\u00e5n Zabaione \u2013 mjuk &#038; somrig elegans \u2728\"}]},{\"@type\":\"WebSite\",\"@id\":\"https:\\\/\\\/stilanddesign.se\\\/#website\",\"url\":\"https:\\\/\\\/stilanddesign.se\\\/\",\"name\":\"Stil &amp; Design\",\"description\":\"F\u00f6r oss som \u00e4lskar mode!\",\"publisher\":{\"@id\":\"https:\\\/\\\/stilanddesign.se\\\/#organization\"},\"potentialAction\":[{\"@type\":\"SearchAction\",\"target\":{\"@type\":\"EntryPoint\",\"urlTemplate\":\"https:\\\/\\\/stilanddesign.se\\\/?s={search_term_string}\"},\"query-input\":{\"@type\":\"PropertyValueSpecification\",\"valueRequired\":true,\"valueName\":\"search_term_string\"}}],\"inLanguage\":\"en-US\"},{\"@type\":\"Organization\",\"@id\":\"https:\\\/\\\/stilanddesign.se\\\/#organization\",\"name\":\"Stil &amp; Design\",\"url\":\"https:\\\/\\\/stilanddesign.se\\\/\",\"logo\":{\"@type\":\"ImageObject\",\"inLanguage\":\"en-US\",\"@id\":\"https:\\\/\\\/stilanddesign.se\\\/#\\\/schema\\\/logo\\\/image\\\/\",\"url\":\"https:\\\/\\\/stilanddesign.se\\\/wp-content\\\/uploads\\\/2023\\\/12\\\/output-onlinepngtools-e1727784413220.png\",\"contentUrl\":\"https:\\\/\\\/stilanddesign.se\\\/wp-content\\\/uploads\\\/2023\\\/12\\\/output-onlinepngtools-e1727784413220.png\",\"width\":519,\"height\":135,\"caption\":\"Stil &amp; Design\"},\"image\":{\"@id\":\"https:\\\/\\\/stilanddesign.se\\\/#\\\/schema\\\/logo\\\/image\\\/\"}}]}<\/script>\n<!-- \/ Yoast SEO Premium plugin. -->","yoast_head_json":{"title":"\ud83c\udf38 Topp fr\u00e5n Zabaione \u2013 mjuk & somrig elegans \u2728 - Stil &amp; Design","robots":{"index":"index","follow":"follow","max-snippet":"max-snippet:-1","max-image-preview":"max-image-preview:large","max-video-preview":"max-video-preview:-1"},"canonical":"https:\/\/stilanddesign.se\/en\/product\/\ud83c\udf38-topp-fran-zabaione-mjuk-somrig-elegans-\u2728\/","og_locale":"en_US","og_type":"article","og_title":"\ud83c\udf38 Topp fr\u00e5n Zabaione \u2013 mjuk & somrig elegans \u2728","og_description":"\ud83c\udf38 Topp fr\u00e5n Zabaione \u2013 mjuk &amp; somrig elegans \u2728 \ud83c\udf3f Vackert blomm\u00f6nster med stilrena konturer\ud83d\udcab Finns i flera fina f\u00e4rger:\ud83d\udc99 Ljusbl\u00e5\ud83d\udc9b Gul\ud83e\udd0d Vit\ud83c\udf38 Rosa \ud83d\udc5a Rund hals och kort \u00e4rm med uppvik\u2728 Avslappnad passform med fint fall\ud83d\udc4c Perfekt till b\u00e5de vardag och sommarens outfits \ud83d\udccf Storlekar: S\u2013XXL \ud83e\uddf5 Material: 50% bomull, 30% viskos, 20% linne\ud83e\udee7 Tv\u00e4tt: 30\u00b0C \ud83d\udc56 Stylingtips: Matcha med jeans, shorts eller kjol f\u00f6r en fr\u00e4sch och feminin look \ud83d\udc95 \ud83d\udc96 En l\u00e4tt och bekv\u00e4m topp med en stilren sommark\u00e4nsla \ud83c\udf38\u2728","og_url":"https:\/\/stilanddesign.se\/en\/product\/\ud83c\udf38-topp-fran-zabaione-mjuk-somrig-elegans-\u2728\/","og_site_name":"Stil &amp; Design","article_modified_time":"2026-05-14T05:03:00+00:00","og_image":[{"width":889,"height":1280,"url":"https:\/\/stilanddesign.se\/wp-content\/uploads\/2026\/04\/4070709190094_1.jpg","type":"image\/jpeg"}],"twitter_card":"summary_large_image","twitter_misc":{"Est. reading time":"1 minute"},"schema":{"@context":"https:\/\/schema.org","@graph":[{"@type":"WebPage","@id":"https:\/\/stilanddesign.se\/produkt\/%f0%9f%8c%b8-topp-fran-zabaione-mjuk-somrig-elegans-%e2%9c%a8\/","url":"https:\/\/stilanddesign.se\/produkt\/%f0%9f%8c%b8-topp-fran-zabaione-mjuk-somrig-elegans-%e2%9c%a8\/","name":"\ud83c\udf38 Topp fr\u00e5n Zabaione \u2013 mjuk & somrig elegans \u2728 - Stil &amp; Design","isPartOf":{"@id":"https:\/\/stilanddesign.se\/#website"},"primaryImageOfPage":{"@id":"https:\/\/stilanddesign.se\/produkt\/%f0%9f%8c%b8-topp-fran-zabaione-mjuk-somrig-elegans-%e2%9c%a8\/#primaryimage"},"image":{"@id":"https:\/\/stilanddesign.se\/produkt\/%f0%9f%8c%b8-topp-fran-zabaione-mjuk-somrig-elegans-%e2%9c%a8\/#primaryimage"},"thumbnailUrl":"https:\/\/stilanddesign.se\/wp-content\/uploads\/2026\/04\/4070709190094_1.jpg","datePublished":"2026-04-29T07:19:51+00:00","dateModified":"2026-05-14T05:03:00+00:00","breadcrumb":{"@id":"https:\/\/stilanddesign.se\/produkt\/%f0%9f%8c%b8-topp-fran-zabaione-mjuk-somrig-elegans-%e2%9c%a8\/#breadcrumb"},"inLanguage":"en-US","potentialAction":[{"@type":"ReadAction","target":["https:\/\/stilanddesign.se\/produkt\/%f0%9f%8c%b8-topp-fran-zabaione-mjuk-somrig-elegans-%e2%9c%a8\/"]}]},{"@type":"ImageObject","inLanguage":"en-US","@id":"https:\/\/stilanddesign.se\/produkt\/%f0%9f%8c%b8-topp-fran-zabaione-mjuk-somrig-elegans-%e2%9c%a8\/#primaryimage","url":"https:\/\/stilanddesign.se\/wp-content\/uploads\/2026\/04\/4070709190094_1.jpg","contentUrl":"https:\/\/stilanddesign.se\/wp-content\/uploads\/2026\/04\/4070709190094_1.jpg","width":889,"height":1280},{"@type":"BreadcrumbList","@id":"https:\/\/stilanddesign.se\/produkt\/%f0%9f%8c%b8-topp-fran-zabaione-mjuk-somrig-elegans-%e2%9c%a8\/#breadcrumb","itemListElement":[{"@type":"ListItem","position":1,"name":"Hem","item":"https:\/\/stilanddesign.se\/"},{"@type":"ListItem","position":2,"name":"Butiken","item":"https:\/\/stilanddesign.se\/butiken\/"},{"@type":"ListItem","position":3,"name":"\ud83c\udf38 Topp fr\u00e5n Zabaione \u2013 mjuk &#038; somrig elegans \u2728"}]},{"@type":"WebSite","@id":"https:\/\/stilanddesign.se\/#website","url":"https:\/\/stilanddesign.se\/","name":"Style &amp; Design","description":"For those of us who love fashion!","publisher":{"@id":"https:\/\/stilanddesign.se\/#organization"},"potentialAction":[{"@type":"SearchAction","target":{"@type":"EntryPoint","urlTemplate":"https:\/\/stilanddesign.se\/?s={search_term_string}"},"query-input":{"@type":"PropertyValueSpecification","valueRequired":true,"valueName":"search_term_string"}}],"inLanguage":"en-US"},{"@type":"Organization","@id":"https:\/\/stilanddesign.se\/#organization","name":"Style &amp; Design","url":"https:\/\/stilanddesign.se\/","logo":{"@type":"ImageObject","inLanguage":"en-US","@id":"https:\/\/stilanddesign.se\/#\/schema\/logo\/image\/","url":"https:\/\/stilanddesign.se\/wp-content\/uploads\/2023\/12\/output-onlinepngtools-e1727784413220.png","contentUrl":"https:\/\/stilanddesign.se\/wp-content\/uploads\/2023\/12\/output-onlinepngtools-e1727784413220.png","width":519,"height":135,"caption":"Stil &amp; Design"},"image":{"@id":"https:\/\/stilanddesign.se\/#\/schema\/logo\/image\/"}}]}},"_links":{"self":[{"href":"https:\/\/stilanddesign.se\/en\/wp-json\/wp\/v2\/product\/1075401","targetHints":{"allow":["GET"]}}],"collection":[{"href":"https:\/\/stilanddesign.se\/en\/wp-json\/wp\/v2\/product"}],"about":[{"href":"https:\/\/stilanddesign.se\/en\/wp-json\/wp\/v2\/types\/product"}],"replies":[{"embeddable":true,"href":"https:\/\/stilanddesign.se\/en\/wp-json\/wp\/v2\/comments?post=1075401"}],"wp:featuredmedia":[{"embeddable":true,"href":"https:\/\/stilanddesign.se\/en\/wp-json\/wp\/v2\/media\/1075407"}],"wp:attachment":[{"href":"https:\/\/stilanddesign.se\/en\/wp-json\/wp\/v2\/media?parent=1075401"}],"wp:term":[{"taxonomy":"product_brand","embeddable":true,"href":"https:\/\/stilanddesign.se\/en\/wp-json\/wp\/v2\/product_brand?post=1075401"},{"taxonomy":"product_cat","embeddable":true,"href":"https:\/\/stilanddesign.se\/en\/wp-json\/wp\/v2\/product_cat?post=1075401"},{"taxonomy":"product_tag","embeddable":true,"href":"https:\/\/stilanddesign.se\/en\/wp-json\/wp\/v2\/product_tag?post=1075401"}],"curies":[{"name":"wp","href":"https:\/\/api.w.org\/{rel}","templated":true}]}}