{"id":1075380,"date":"2026-04-29T08:33:47","date_gmt":"2026-04-29T06:33:47","guid":{"rendered":"https:\/\/stilanddesign.se\/?post_type=product&#038;p=1075380"},"modified":"2026-04-29T09:07:21","modified_gmt":"2026-04-29T07:07:21","slug":"%f0%9f%8c%ba-monstrad-skjorta-fran-zabaione-fargstark-unik-%e2%9c%a8","status":"publish","type":"product","link":"https:\/\/stilanddesign.se\/en\/product\/%f0%9f%8c%ba-monstrad-skjorta-fran-zabaione-fargstark-unik-%e2%9c%a8\/","title":{"rendered":"\ud83c\udf3a M\u00f6nstrad skjorta fr\u00e5n Zabaione \u2013 f\u00e4rgstark &#038; unik \u2728"},"content":{"rendered":"<p data-start=\"0\" data-end=\"60\">\ud83c\udf3a <strong data-start=\"3\" data-end=\"56\">M\u00f6nstrad skjorta fr\u00e5n Zabaione \u2013 f\u00e4rgstark &amp; unik<\/strong> \u2728<\/p>\n<p data-start=\"62\" data-end=\"347\">\ud83c\udf3f Ljus botten med ett livfullt print av blommor, frukter &amp; exotiska inslag<br data-start=\"137\" data-end=\"140\" \/>\ud83e\udd9c Detaljer med f\u00e5glar och grafiska element som ger en trendig look<br data-start=\"207\" data-end=\"210\" \/>\ud83d\udc5a Klassisk skjortmodell med kn\u00e4ppning framtill<br data-start=\"257\" data-end=\"260\" \/>\ud83d\udcab L\u00e4tt rundad nederkant f\u00f6r ett fint fall<br data-start=\"302\" data-end=\"305\" data-is-only-node=\"\" \/>\u2728 Perfekt plagg som verkligen sticker ut<\/p>\n<p data-start=\"349\" data-end=\"370\">\ud83d\udccf Storlekar: S\u2013XXL<\/p>\n<p data-start=\"372\" data-end=\"430\">\ud83e\uddf5 Material: 72% lyocell, 28% polyester<br data-start=\"411\" data-end=\"414\" \/>\ud83e\udee7 Washing: 30\u00b0C<\/p>\n<p data-start=\"432\" data-end=\"529\">\ud83d\udc56 <strong data-start=\"435\" data-end=\"451\">Styling tips:<\/strong> Matcha med jeans eller enf\u00e4rgade byxor f\u00f6r att l\u00e5ta skjortan st\u00e5 i fokus \ud83d\udc95<\/p>\n<p data-start=\"531\" data-end=\"600\" data-is-last-node=\"\" data-is-only-node=\"\">\ud83d\udc96 En skjorta f\u00f6r dig som \u00e4lskar f\u00e4rg, m\u00f6nster och personlig stil \ud83c\udf3a\u2728<\/p>","protected":false},"excerpt":{"rendered":"<p data-start=\"0\" data-end=\"60\">\ud83c\udf3a <strong data-start=\"3\" data-end=\"56\">M\u00f6nstrad skjorta fr\u00e5n Zabaione \u2013 f\u00e4rgstark &amp; unik<\/strong> \u2728<\/p>\n<p data-start=\"62\" data-end=\"347\">\ud83c\udf3f Ljus botten med ett livfullt print av blommor, frukter &amp; exotiska inslag<br data-start=\"137\" data-end=\"140\" \/>\ud83e\udd9c Detaljer med f\u00e5glar och grafiska element som ger en trendig look<br data-start=\"207\" data-end=\"210\" \/>\ud83d\udc5a Klassisk skjortmodell med kn\u00e4ppning framtill<br data-start=\"257\" data-end=\"260\" \/>\ud83d\udcab L\u00e4tt rundad nederkant f\u00f6r ett fint fall<br data-start=\"302\" data-end=\"305\" data-is-only-node=\"\" \/>\u2728 Perfekt plagg som verkligen sticker ut<\/p>\n<p data-start=\"349\" data-end=\"370\">\ud83d\udccf Storlekar: S\u2013XXL<\/p>\n<p data-start=\"372\" data-end=\"430\">\ud83e\uddf5 Material: 72% lyocell, 28% polyester<br data-start=\"411\" data-end=\"414\" \/>\ud83e\udee7 Washing: 30\u00b0C<\/p>\n<p data-start=\"432\" data-end=\"529\">\ud83d\udc56 <strong data-start=\"435\" data-end=\"451\">Styling tips:<\/strong> Matcha med jeans eller enf\u00e4rgade byxor f\u00f6r att l\u00e5ta skjortan st\u00e5 i fokus \ud83d\udc95<\/p>\n<p data-start=\"531\" data-end=\"600\" data-is-last-node=\"\" data-is-only-node=\"\">\ud83d\udc96 En skjorta f\u00f6r dig som \u00e4lskar f\u00e4rg, m\u00f6nster och personlig stil \ud83c\udf3a\u2728<\/p>","protected":false},"featured_media":1075389,"comment_status":"closed","ping_status":"closed","template":"","meta":[],"product_brand":[],"product_cat":[211,217,214],"product_tag":[],"class_list":{"0":"post-1075380","1":"product","2":"type-product","3":"status-publish","4":"has-post-thumbnail","6":"product_cat-blusar","7":"product_cat-produktnyheter","8":"product_cat-skjorta-langskjorta","10":"first","11":"instock","12":"taxable","13":"shipping-taxable","14":"purchasable","15":"product-type-variable"},"yoast_head":"<!-- This site is optimized with the Yoast SEO Premium plugin v27.4 (Yoast SEO v27.5) - https:\/\/yoast.com\/product\/yoast-seo-premium-wordpress\/ -->\n<title>\ud83c\udf3a M\u00f6nstrad skjorta fr\u00e5n Zabaione \u2013 f\u00e4rgstark &amp; unik \u2728 - Stil &amp; Design<\/title>\n<meta name=\"robots\" content=\"index, follow, max-snippet:-1, max-image-preview:large, max-video-preview:-1\" \/>\n<link rel=\"canonical\" href=\"https:\/\/stilanddesign.se\/en\/product\/\ud83c\udf3a-monstrad-skjorta-fran-zabaione-fargstark-unik-\u2728\/\" \/>\n<meta property=\"og:locale\" content=\"en_US\" \/>\n<meta property=\"og:type\" content=\"article\" \/>\n<meta property=\"og:title\" content=\"\ud83c\udf3a M\u00f6nstrad skjorta fr\u00e5n Zabaione \u2013 f\u00e4rgstark &amp; unik \u2728\" \/>\n<meta property=\"og:description\" content=\"\ud83c\udf3a M\u00f6nstrad skjorta fr\u00e5n Zabaione \u2013 f\u00e4rgstark &amp; unik \u2728 \ud83c\udf3f Ljus botten med ett livfullt print av blommor, frukter &amp; exotiska inslag\ud83e\udd9c Detaljer med f\u00e5glar och grafiska element som ger en trendig look\ud83d\udc5a Klassisk skjortmodell med kn\u00e4ppning framtill\ud83d\udcab L\u00e4tt rundad nederkant f\u00f6r ett fint fall\u2728 Perfekt plagg som verkligen sticker ut \ud83d\udccf Storlekar: S\u2013XXL \ud83e\uddf5 Material: 72% lyocell, 28% polyester\ud83e\udee7 Tv\u00e4tt: 30\u00b0C \ud83d\udc56 Stylingtips: Matcha med jeans eller enf\u00e4rgade byxor f\u00f6r att l\u00e5ta skjortan st\u00e5 i fokus \ud83d\udc95 \ud83d\udc96 En skjorta f\u00f6r dig som \u00e4lskar f\u00e4rg, m\u00f6nster och personlig stil \ud83c\udf3a\u2728\" \/>\n<meta property=\"og:url\" content=\"https:\/\/stilanddesign.se\/en\/product\/\ud83c\udf3a-monstrad-skjorta-fran-zabaione-fargstark-unik-\u2728\/\" \/>\n<meta property=\"og:site_name\" content=\"Stil &amp; Design\" \/>\n<meta property=\"article:modified_time\" content=\"2026-04-29T07:07:21+00:00\" \/>\n<meta property=\"og:image\" content=\"https:\/\/stilanddesign.se\/wp-content\/uploads\/2026\/04\/4068696981559_1.jpg\" \/>\n\t<meta property=\"og:image:width\" content=\"980\" \/>\n\t<meta property=\"og:image:height\" content=\"1288\" \/>\n\t<meta property=\"og:image:type\" content=\"image\/jpeg\" \/>\n<meta name=\"twitter:card\" content=\"summary_large_image\" \/>\n<meta name=\"twitter:label1\" content=\"Est. reading time\" \/>\n\t<meta name=\"twitter:data1\" content=\"1 minute\" \/>\n<script type=\"application\/ld+json\" class=\"yoast-schema-graph\">{\"@context\":\"https:\\\/\\\/schema.org\",\"@graph\":[{\"@type\":\"WebPage\",\"@id\":\"https:\\\/\\\/stilanddesign.se\\\/produkt\\\/%f0%9f%8c%ba-monstrad-skjorta-fran-zabaione-fargstark-unik-%e2%9c%a8\\\/\",\"url\":\"https:\\\/\\\/stilanddesign.se\\\/produkt\\\/%f0%9f%8c%ba-monstrad-skjorta-fran-zabaione-fargstark-unik-%e2%9c%a8\\\/\",\"name\":\"\ud83c\udf3a M\u00f6nstrad skjorta fr\u00e5n Zabaione \u2013 f\u00e4rgstark & unik \u2728 - Stil &amp; Design\",\"isPartOf\":{\"@id\":\"https:\\\/\\\/stilanddesign.se\\\/#website\"},\"primaryImageOfPage\":{\"@id\":\"https:\\\/\\\/stilanddesign.se\\\/produkt\\\/%f0%9f%8c%ba-monstrad-skjorta-fran-zabaione-fargstark-unik-%e2%9c%a8\\\/#primaryimage\"},\"image\":{\"@id\":\"https:\\\/\\\/stilanddesign.se\\\/produkt\\\/%f0%9f%8c%ba-monstrad-skjorta-fran-zabaione-fargstark-unik-%e2%9c%a8\\\/#primaryimage\"},\"thumbnailUrl\":\"https:\\\/\\\/stilanddesign.se\\\/wp-content\\\/uploads\\\/2026\\\/04\\\/4068696981559_1.jpg\",\"datePublished\":\"2026-04-29T06:33:47+00:00\",\"dateModified\":\"2026-04-29T07:07:21+00:00\",\"breadcrumb\":{\"@id\":\"https:\\\/\\\/stilanddesign.se\\\/produkt\\\/%f0%9f%8c%ba-monstrad-skjorta-fran-zabaione-fargstark-unik-%e2%9c%a8\\\/#breadcrumb\"},\"inLanguage\":\"en-US\",\"potentialAction\":[{\"@type\":\"ReadAction\",\"target\":[\"https:\\\/\\\/stilanddesign.se\\\/produkt\\\/%f0%9f%8c%ba-monstrad-skjorta-fran-zabaione-fargstark-unik-%e2%9c%a8\\\/\"]}]},{\"@type\":\"ImageObject\",\"inLanguage\":\"en-US\",\"@id\":\"https:\\\/\\\/stilanddesign.se\\\/produkt\\\/%f0%9f%8c%ba-monstrad-skjorta-fran-zabaione-fargstark-unik-%e2%9c%a8\\\/#primaryimage\",\"url\":\"https:\\\/\\\/stilanddesign.se\\\/wp-content\\\/uploads\\\/2026\\\/04\\\/4068696981559_1.jpg\",\"contentUrl\":\"https:\\\/\\\/stilanddesign.se\\\/wp-content\\\/uploads\\\/2026\\\/04\\\/4068696981559_1.jpg\",\"width\":980,\"height\":1288},{\"@type\":\"BreadcrumbList\",\"@id\":\"https:\\\/\\\/stilanddesign.se\\\/produkt\\\/%f0%9f%8c%ba-monstrad-skjorta-fran-zabaione-fargstark-unik-%e2%9c%a8\\\/#breadcrumb\",\"itemListElement\":[{\"@type\":\"ListItem\",\"position\":1,\"name\":\"Hem\",\"item\":\"https:\\\/\\\/stilanddesign.se\\\/\"},{\"@type\":\"ListItem\",\"position\":2,\"name\":\"Butiken\",\"item\":\"https:\\\/\\\/stilanddesign.se\\\/butiken\\\/\"},{\"@type\":\"ListItem\",\"position\":3,\"name\":\"\ud83c\udf3a M\u00f6nstrad skjorta fr\u00e5n Zabaione \u2013 f\u00e4rgstark &#038; unik \u2728\"}]},{\"@type\":\"WebSite\",\"@id\":\"https:\\\/\\\/stilanddesign.se\\\/#website\",\"url\":\"https:\\\/\\\/stilanddesign.se\\\/\",\"name\":\"Stil &amp; Design\",\"description\":\"F\u00f6r oss som \u00e4lskar mode!\",\"publisher\":{\"@id\":\"https:\\\/\\\/stilanddesign.se\\\/#organization\"},\"potentialAction\":[{\"@type\":\"SearchAction\",\"target\":{\"@type\":\"EntryPoint\",\"urlTemplate\":\"https:\\\/\\\/stilanddesign.se\\\/?s={search_term_string}\"},\"query-input\":{\"@type\":\"PropertyValueSpecification\",\"valueRequired\":true,\"valueName\":\"search_term_string\"}}],\"inLanguage\":\"en-US\"},{\"@type\":\"Organization\",\"@id\":\"https:\\\/\\\/stilanddesign.se\\\/#organization\",\"name\":\"Stil &amp; Design\",\"url\":\"https:\\\/\\\/stilanddesign.se\\\/\",\"logo\":{\"@type\":\"ImageObject\",\"inLanguage\":\"en-US\",\"@id\":\"https:\\\/\\\/stilanddesign.se\\\/#\\\/schema\\\/logo\\\/image\\\/\",\"url\":\"https:\\\/\\\/stilanddesign.se\\\/wp-content\\\/uploads\\\/2023\\\/12\\\/output-onlinepngtools-e1727784413220.png\",\"contentUrl\":\"https:\\\/\\\/stilanddesign.se\\\/wp-content\\\/uploads\\\/2023\\\/12\\\/output-onlinepngtools-e1727784413220.png\",\"width\":519,\"height\":135,\"caption\":\"Stil &amp; Design\"},\"image\":{\"@id\":\"https:\\\/\\\/stilanddesign.se\\\/#\\\/schema\\\/logo\\\/image\\\/\"}}]}<\/script>\n<!-- \/ Yoast SEO Premium plugin. -->","yoast_head_json":{"title":"\ud83c\udf3a M\u00f6nstrad skjorta fr\u00e5n Zabaione \u2013 f\u00e4rgstark & unik \u2728 - Stil &amp; Design","robots":{"index":"index","follow":"follow","max-snippet":"max-snippet:-1","max-image-preview":"max-image-preview:large","max-video-preview":"max-video-preview:-1"},"canonical":"https:\/\/stilanddesign.se\/en\/product\/\ud83c\udf3a-monstrad-skjorta-fran-zabaione-fargstark-unik-\u2728\/","og_locale":"en_US","og_type":"article","og_title":"\ud83c\udf3a M\u00f6nstrad skjorta fr\u00e5n Zabaione \u2013 f\u00e4rgstark & unik \u2728","og_description":"\ud83c\udf3a M\u00f6nstrad skjorta fr\u00e5n Zabaione \u2013 f\u00e4rgstark &amp; unik \u2728 \ud83c\udf3f Ljus botten med ett livfullt print av blommor, frukter &amp; exotiska inslag\ud83e\udd9c Detaljer med f\u00e5glar och grafiska element som ger en trendig look\ud83d\udc5a Klassisk skjortmodell med kn\u00e4ppning framtill\ud83d\udcab L\u00e4tt rundad nederkant f\u00f6r ett fint fall\u2728 Perfekt plagg som verkligen sticker ut \ud83d\udccf Storlekar: S\u2013XXL \ud83e\uddf5 Material: 72% lyocell, 28% polyester\ud83e\udee7 Tv\u00e4tt: 30\u00b0C \ud83d\udc56 Stylingtips: Matcha med jeans eller enf\u00e4rgade byxor f\u00f6r att l\u00e5ta skjortan st\u00e5 i fokus \ud83d\udc95 \ud83d\udc96 En skjorta f\u00f6r dig som \u00e4lskar f\u00e4rg, m\u00f6nster och personlig stil \ud83c\udf3a\u2728","og_url":"https:\/\/stilanddesign.se\/en\/product\/\ud83c\udf3a-monstrad-skjorta-fran-zabaione-fargstark-unik-\u2728\/","og_site_name":"Stil &amp; Design","article_modified_time":"2026-04-29T07:07:21+00:00","og_image":[{"width":980,"height":1288,"url":"https:\/\/stilanddesign.se\/wp-content\/uploads\/2026\/04\/4068696981559_1.jpg","type":"image\/jpeg"}],"twitter_card":"summary_large_image","twitter_misc":{"Est. reading time":"1 minute"},"schema":{"@context":"https:\/\/schema.org","@graph":[{"@type":"WebPage","@id":"https:\/\/stilanddesign.se\/produkt\/%f0%9f%8c%ba-monstrad-skjorta-fran-zabaione-fargstark-unik-%e2%9c%a8\/","url":"https:\/\/stilanddesign.se\/produkt\/%f0%9f%8c%ba-monstrad-skjorta-fran-zabaione-fargstark-unik-%e2%9c%a8\/","name":"\ud83c\udf3a M\u00f6nstrad skjorta fr\u00e5n Zabaione \u2013 f\u00e4rgstark & unik \u2728 - Stil &amp; Design","isPartOf":{"@id":"https:\/\/stilanddesign.se\/#website"},"primaryImageOfPage":{"@id":"https:\/\/stilanddesign.se\/produkt\/%f0%9f%8c%ba-monstrad-skjorta-fran-zabaione-fargstark-unik-%e2%9c%a8\/#primaryimage"},"image":{"@id":"https:\/\/stilanddesign.se\/produkt\/%f0%9f%8c%ba-monstrad-skjorta-fran-zabaione-fargstark-unik-%e2%9c%a8\/#primaryimage"},"thumbnailUrl":"https:\/\/stilanddesign.se\/wp-content\/uploads\/2026\/04\/4068696981559_1.jpg","datePublished":"2026-04-29T06:33:47+00:00","dateModified":"2026-04-29T07:07:21+00:00","breadcrumb":{"@id":"https:\/\/stilanddesign.se\/produkt\/%f0%9f%8c%ba-monstrad-skjorta-fran-zabaione-fargstark-unik-%e2%9c%a8\/#breadcrumb"},"inLanguage":"en-US","potentialAction":[{"@type":"ReadAction","target":["https:\/\/stilanddesign.se\/produkt\/%f0%9f%8c%ba-monstrad-skjorta-fran-zabaione-fargstark-unik-%e2%9c%a8\/"]}]},{"@type":"ImageObject","inLanguage":"en-US","@id":"https:\/\/stilanddesign.se\/produkt\/%f0%9f%8c%ba-monstrad-skjorta-fran-zabaione-fargstark-unik-%e2%9c%a8\/#primaryimage","url":"https:\/\/stilanddesign.se\/wp-content\/uploads\/2026\/04\/4068696981559_1.jpg","contentUrl":"https:\/\/stilanddesign.se\/wp-content\/uploads\/2026\/04\/4068696981559_1.jpg","width":980,"height":1288},{"@type":"BreadcrumbList","@id":"https:\/\/stilanddesign.se\/produkt\/%f0%9f%8c%ba-monstrad-skjorta-fran-zabaione-fargstark-unik-%e2%9c%a8\/#breadcrumb","itemListElement":[{"@type":"ListItem","position":1,"name":"Hem","item":"https:\/\/stilanddesign.se\/"},{"@type":"ListItem","position":2,"name":"Butiken","item":"https:\/\/stilanddesign.se\/butiken\/"},{"@type":"ListItem","position":3,"name":"\ud83c\udf3a M\u00f6nstrad skjorta fr\u00e5n Zabaione \u2013 f\u00e4rgstark &#038; unik \u2728"}]},{"@type":"WebSite","@id":"https:\/\/stilanddesign.se\/#website","url":"https:\/\/stilanddesign.se\/","name":"Style &amp; Design","description":"For those of us who love fashion!","publisher":{"@id":"https:\/\/stilanddesign.se\/#organization"},"potentialAction":[{"@type":"SearchAction","target":{"@type":"EntryPoint","urlTemplate":"https:\/\/stilanddesign.se\/?s={search_term_string}"},"query-input":{"@type":"PropertyValueSpecification","valueRequired":true,"valueName":"search_term_string"}}],"inLanguage":"en-US"},{"@type":"Organization","@id":"https:\/\/stilanddesign.se\/#organization","name":"Style &amp; Design","url":"https:\/\/stilanddesign.se\/","logo":{"@type":"ImageObject","inLanguage":"en-US","@id":"https:\/\/stilanddesign.se\/#\/schema\/logo\/image\/","url":"https:\/\/stilanddesign.se\/wp-content\/uploads\/2023\/12\/output-onlinepngtools-e1727784413220.png","contentUrl":"https:\/\/stilanddesign.se\/wp-content\/uploads\/2023\/12\/output-onlinepngtools-e1727784413220.png","width":519,"height":135,"caption":"Stil &amp; Design"},"image":{"@id":"https:\/\/stilanddesign.se\/#\/schema\/logo\/image\/"}}]}},"_links":{"self":[{"href":"https:\/\/stilanddesign.se\/en\/wp-json\/wp\/v2\/product\/1075380","targetHints":{"allow":["GET"]}}],"collection":[{"href":"https:\/\/stilanddesign.se\/en\/wp-json\/wp\/v2\/product"}],"about":[{"href":"https:\/\/stilanddesign.se\/en\/wp-json\/wp\/v2\/types\/product"}],"replies":[{"embeddable":true,"href":"https:\/\/stilanddesign.se\/en\/wp-json\/wp\/v2\/comments?post=1075380"}],"wp:featuredmedia":[{"embeddable":true,"href":"https:\/\/stilanddesign.se\/en\/wp-json\/wp\/v2\/media\/1075389"}],"wp:attachment":[{"href":"https:\/\/stilanddesign.se\/en\/wp-json\/wp\/v2\/media?parent=1075380"}],"wp:term":[{"taxonomy":"product_brand","embeddable":true,"href":"https:\/\/stilanddesign.se\/en\/wp-json\/wp\/v2\/product_brand?post=1075380"},{"taxonomy":"product_cat","embeddable":true,"href":"https:\/\/stilanddesign.se\/en\/wp-json\/wp\/v2\/product_cat?post=1075380"},{"taxonomy":"product_tag","embeddable":true,"href":"https:\/\/stilanddesign.se\/en\/wp-json\/wp\/v2\/product_tag?post=1075380"}],"curies":[{"name":"wp","href":"https:\/\/api.w.org\/{rel}","templated":true}]}}