{"id":1075358,"date":"2026-04-28T20:26:32","date_gmt":"2026-04-28T18:26:32","guid":{"rendered":"https:\/\/stilanddesign.se\/?post_type=product&#038;p=1075358"},"modified":"2026-04-29T09:39:16","modified_gmt":"2026-04-29T07:39:16","slug":"%f0%9f%92%99%e2%9c%a8-jeansskjorta-med-spets-unik-feminin","status":"publish","type":"product","link":"https:\/\/stilanddesign.se\/en\/product\/%f0%9f%92%99%e2%9c%a8-jeansskjorta-med-spets-unik-feminin\/","title":{"rendered":"\ud83d\udc99\u2728 Jeansskjorta med spets \u2013 unik &#038; feminin"},"content":{"rendered":"<p data-start=\"0\" data-end=\"49\">\ud83d\udc99\u2728 <strong data-start=\"4\" data-end=\"47\">Jeansskjorta med spets \u2013 unik &amp; feminin<\/strong><\/p>\n<p data-start=\"51\" data-end=\"283\">\ud83c\udf3f Mjuk denim i kombination med romantisk spets<br data-start=\"98\" data-end=\"101\" \/>\ud83c\udf38 Vackra broderier och stora blomdetaljer<br data-start=\"143\" data-end=\"146\" \/>\ud83d\udc5a Klassisk skjortmodell med kn\u00e4ppning framtill<br data-start=\"193\" data-end=\"196\" \/>\ud83d\udcab Br\u00f6stfickor som ger en tidl\u00f6s k\u00e4nsla<br data-start=\"235\" data-end=\"238\" data-is-only-node=\"\" \/>\u2728 Ett riktigt statementplagg som sticker ut<\/p>\n<p data-start=\"285\" data-end=\"326\">\ud83d\udccf Storlek: S\/M<br data-start=\"300\" data-end=\"303\" \/>\ud83d\udcd0 Bust measurement: approx. 65 cm<\/p>\n<p data-start=\"328\" data-end=\"421\">\ud83e\uddf5 Materials:<br data-start=\"340\" data-end=\"343\" \/>Material 1: 50% bomull, 50% polyester<br data-start=\"380\" data-end=\"383\" \/>Material 2: 95% bomull, 5% polyester<\/p>\n<p data-start=\"423\" data-end=\"538\">\ud83d\udc56 <strong data-start=\"426\" data-end=\"442\">Styling tips:<\/strong> Matcha med jeans f\u00f6r en cool denim-look eller med vita byxor f\u00f6r en fr\u00e4sch och somrig stil \ud83d\udc95<\/p>\n<p data-start=\"540\" data-end=\"588\" data-is-last-node=\"\" data-is-only-node=\"\">\ud83d\udc96 En wow-skjorta som lyfter hela din outfit \ud83d\udc99\u2728<\/p>","protected":false},"excerpt":{"rendered":"<p data-start=\"0\" data-end=\"49\">\ud83d\udc99\u2728 <strong data-start=\"4\" data-end=\"47\">Jeansskjorta med spets \u2013 unik &amp; feminin<\/strong><\/p>\n<p data-start=\"51\" data-end=\"283\">\ud83c\udf3f Mjuk denim i kombination med romantisk spets<br data-start=\"98\" data-end=\"101\" \/>\ud83c\udf38 Vackra broderier och stora blomdetaljer<br data-start=\"143\" data-end=\"146\" \/>\ud83d\udc5a Klassisk skjortmodell med kn\u00e4ppning framtill<br data-start=\"193\" data-end=\"196\" \/>\ud83d\udcab Br\u00f6stfickor som ger en tidl\u00f6s k\u00e4nsla<br data-start=\"235\" data-end=\"238\" data-is-only-node=\"\" \/>\u2728 Ett riktigt statementplagg som sticker ut<\/p>\n<p data-start=\"285\" data-end=\"326\">\ud83d\udccf Storlek: S\/M<br data-start=\"300\" data-end=\"303\" \/>\ud83d\udcd0 Bust measurement: approx. 65 cm<\/p>\n<p data-start=\"328\" data-end=\"421\">\ud83e\uddf5 Materials:<br data-start=\"340\" data-end=\"343\" \/>Material 1: 50% bomull, 50% polyester<br data-start=\"380\" data-end=\"383\" \/>Material 2: 95% bomull, 5% polyester<\/p>\n<p data-start=\"423\" data-end=\"538\">\ud83d\udc56 <strong data-start=\"426\" data-end=\"442\">Styling tips:<\/strong> Matcha med jeans f\u00f6r en cool denim-look eller med vita byxor f\u00f6r en fr\u00e4sch och somrig stil \ud83d\udc95<\/p>\n<p data-start=\"540\" data-end=\"588\" data-is-last-node=\"\" data-is-only-node=\"\">\ud83d\udc96 En wow-skjorta som lyfter hela din outfit \ud83d\udc99\u2728<\/p>","protected":false},"featured_media":1075356,"comment_status":"closed","ping_status":"closed","template":"","meta":[],"product_brand":[],"product_cat":[211,217,214],"product_tag":[],"class_list":{"0":"post-1075358","1":"product","2":"type-product","3":"status-publish","4":"has-post-thumbnail","6":"product_cat-blusar","7":"product_cat-produktnyheter","8":"product_cat-skjorta-langskjorta","10":"first","11":"instock","12":"taxable","13":"shipping-taxable","14":"purchasable","15":"product-type-variable"},"yoast_head":"<!-- This site is optimized with the Yoast SEO Premium plugin v27.4 (Yoast SEO v27.5) - https:\/\/yoast.com\/product\/yoast-seo-premium-wordpress\/ -->\n<title>\ud83d\udc99\u2728 Jeansskjorta med spets \u2013 unik &amp; feminin - Stil &amp; Design<\/title>\n<meta name=\"robots\" content=\"index, follow, max-snippet:-1, max-image-preview:large, max-video-preview:-1\" \/>\n<link rel=\"canonical\" href=\"https:\/\/stilanddesign.se\/en\/product\/\ud83d\udc99\u2728-jeansskjorta-med-spets-unik-feminin\/\" \/>\n<meta property=\"og:locale\" content=\"en_US\" \/>\n<meta property=\"og:type\" content=\"article\" \/>\n<meta property=\"og:title\" content=\"\ud83d\udc99\u2728 Jeansskjorta med spets \u2013 unik &amp; feminin\" \/>\n<meta property=\"og:description\" content=\"\ud83d\udc99\u2728 Jeansskjorta med spets \u2013 unik &amp; feminin \ud83c\udf3f Mjuk denim i kombination med romantisk spets\ud83c\udf38 Vackra broderier och stora blomdetaljer\ud83d\udc5a Klassisk skjortmodell med kn\u00e4ppning framtill\ud83d\udcab Br\u00f6stfickor som ger en tidl\u00f6s k\u00e4nsla\u2728 Ett riktigt statementplagg som sticker ut \ud83d\udccf Storlek: S\/M\ud83d\udcd0 Bystm\u00e5tt: ca 65 cm \ud83e\uddf5 Material:Material 1: 50% bomull, 50% polyesterMaterial 2: 95% bomull, 5% polyester \ud83d\udc56 Stylingtips: Matcha med jeans f\u00f6r en cool denim-look eller med vita byxor f\u00f6r en fr\u00e4sch och somrig stil \ud83d\udc95 \ud83d\udc96 En wow-skjorta som lyfter hela din outfit \ud83d\udc99\u2728\" \/>\n<meta property=\"og:url\" content=\"https:\/\/stilanddesign.se\/en\/product\/\ud83d\udc99\u2728-jeansskjorta-med-spets-unik-feminin\/\" \/>\n<meta property=\"og:site_name\" content=\"Stil &amp; Design\" \/>\n<meta property=\"article:modified_time\" content=\"2026-04-29T07:39:16+00:00\" \/>\n<meta name=\"twitter:card\" content=\"summary_large_image\" \/>\n<meta name=\"twitter:label1\" content=\"Est. reading time\" \/>\n\t<meta name=\"twitter:data1\" content=\"1 minute\" \/>\n<script type=\"application\/ld+json\" class=\"yoast-schema-graph\">{\"@context\":\"https:\\\/\\\/schema.org\",\"@graph\":[{\"@type\":\"WebPage\",\"@id\":\"https:\\\/\\\/stilanddesign.se\\\/produkt\\\/%f0%9f%92%99%e2%9c%a8-jeansskjorta-med-spets-unik-feminin\\\/\",\"url\":\"https:\\\/\\\/stilanddesign.se\\\/produkt\\\/%f0%9f%92%99%e2%9c%a8-jeansskjorta-med-spets-unik-feminin\\\/\",\"name\":\"\ud83d\udc99\u2728 Jeansskjorta med spets \u2013 unik & feminin - Stil &amp; Design\",\"isPartOf\":{\"@id\":\"https:\\\/\\\/stilanddesign.se\\\/#website\"},\"primaryImageOfPage\":{\"@id\":\"https:\\\/\\\/stilanddesign.se\\\/produkt\\\/%f0%9f%92%99%e2%9c%a8-jeansskjorta-med-spets-unik-feminin\\\/#primaryimage\"},\"image\":{\"@id\":\"https:\\\/\\\/stilanddesign.se\\\/produkt\\\/%f0%9f%92%99%e2%9c%a8-jeansskjorta-med-spets-unik-feminin\\\/#primaryimage\"},\"thumbnailUrl\":\"https:\\\/\\\/stilanddesign.se\\\/wp-content\\\/uploads\\\/2026\\\/04\\\/989876666666.avif\",\"datePublished\":\"2026-04-28T18:26:32+00:00\",\"dateModified\":\"2026-04-29T07:39:16+00:00\",\"breadcrumb\":{\"@id\":\"https:\\\/\\\/stilanddesign.se\\\/produkt\\\/%f0%9f%92%99%e2%9c%a8-jeansskjorta-med-spets-unik-feminin\\\/#breadcrumb\"},\"inLanguage\":\"en-US\",\"potentialAction\":[{\"@type\":\"ReadAction\",\"target\":[\"https:\\\/\\\/stilanddesign.se\\\/produkt\\\/%f0%9f%92%99%e2%9c%a8-jeansskjorta-med-spets-unik-feminin\\\/\"]}]},{\"@type\":\"ImageObject\",\"inLanguage\":\"en-US\",\"@id\":\"https:\\\/\\\/stilanddesign.se\\\/produkt\\\/%f0%9f%92%99%e2%9c%a8-jeansskjorta-med-spets-unik-feminin\\\/#primaryimage\",\"url\":\"https:\\\/\\\/stilanddesign.se\\\/wp-content\\\/uploads\\\/2026\\\/04\\\/989876666666.avif\",\"contentUrl\":\"https:\\\/\\\/stilanddesign.se\\\/wp-content\\\/uploads\\\/2026\\\/04\\\/989876666666.avif\",\"width\":350,\"height\":467,\"caption\":\"Jeansskjorta med spetsdetaljer\"},{\"@type\":\"BreadcrumbList\",\"@id\":\"https:\\\/\\\/stilanddesign.se\\\/produkt\\\/%f0%9f%92%99%e2%9c%a8-jeansskjorta-med-spets-unik-feminin\\\/#breadcrumb\",\"itemListElement\":[{\"@type\":\"ListItem\",\"position\":1,\"name\":\"Hem\",\"item\":\"https:\\\/\\\/stilanddesign.se\\\/\"},{\"@type\":\"ListItem\",\"position\":2,\"name\":\"Butiken\",\"item\":\"https:\\\/\\\/stilanddesign.se\\\/butiken\\\/\"},{\"@type\":\"ListItem\",\"position\":3,\"name\":\"\ud83d\udc99\u2728 Jeansskjorta med spets \u2013 unik &#038; feminin\"}]},{\"@type\":\"WebSite\",\"@id\":\"https:\\\/\\\/stilanddesign.se\\\/#website\",\"url\":\"https:\\\/\\\/stilanddesign.se\\\/\",\"name\":\"Stil &amp; Design\",\"description\":\"F\u00f6r oss som \u00e4lskar mode!\",\"publisher\":{\"@id\":\"https:\\\/\\\/stilanddesign.se\\\/#organization\"},\"potentialAction\":[{\"@type\":\"SearchAction\",\"target\":{\"@type\":\"EntryPoint\",\"urlTemplate\":\"https:\\\/\\\/stilanddesign.se\\\/?s={search_term_string}\"},\"query-input\":{\"@type\":\"PropertyValueSpecification\",\"valueRequired\":true,\"valueName\":\"search_term_string\"}}],\"inLanguage\":\"en-US\"},{\"@type\":\"Organization\",\"@id\":\"https:\\\/\\\/stilanddesign.se\\\/#organization\",\"name\":\"Stil &amp; Design\",\"url\":\"https:\\\/\\\/stilanddesign.se\\\/\",\"logo\":{\"@type\":\"ImageObject\",\"inLanguage\":\"en-US\",\"@id\":\"https:\\\/\\\/stilanddesign.se\\\/#\\\/schema\\\/logo\\\/image\\\/\",\"url\":\"https:\\\/\\\/stilanddesign.se\\\/wp-content\\\/uploads\\\/2023\\\/12\\\/output-onlinepngtools-e1727784413220.png\",\"contentUrl\":\"https:\\\/\\\/stilanddesign.se\\\/wp-content\\\/uploads\\\/2023\\\/12\\\/output-onlinepngtools-e1727784413220.png\",\"width\":519,\"height\":135,\"caption\":\"Stil &amp; Design\"},\"image\":{\"@id\":\"https:\\\/\\\/stilanddesign.se\\\/#\\\/schema\\\/logo\\\/image\\\/\"}}]}<\/script>\n<!-- \/ Yoast SEO Premium plugin. -->","yoast_head_json":{"title":"\ud83d\udc99\u2728 Jeansskjorta med spets \u2013 unik & feminin - Stil &amp; Design","robots":{"index":"index","follow":"follow","max-snippet":"max-snippet:-1","max-image-preview":"max-image-preview:large","max-video-preview":"max-video-preview:-1"},"canonical":"https:\/\/stilanddesign.se\/en\/product\/\ud83d\udc99\u2728-jeansskjorta-med-spets-unik-feminin\/","og_locale":"en_US","og_type":"article","og_title":"\ud83d\udc99\u2728 Jeansskjorta med spets \u2013 unik & feminin","og_description":"\ud83d\udc99\u2728 Jeansskjorta med spets \u2013 unik &amp; feminin \ud83c\udf3f Mjuk denim i kombination med romantisk spets\ud83c\udf38 Vackra broderier och stora blomdetaljer\ud83d\udc5a Klassisk skjortmodell med kn\u00e4ppning framtill\ud83d\udcab Br\u00f6stfickor som ger en tidl\u00f6s k\u00e4nsla\u2728 Ett riktigt statementplagg som sticker ut \ud83d\udccf Storlek: S\/M\ud83d\udcd0 Bystm\u00e5tt: ca 65 cm \ud83e\uddf5 Material:Material 1: 50% bomull, 50% polyesterMaterial 2: 95% bomull, 5% polyester \ud83d\udc56 Stylingtips: Matcha med jeans f\u00f6r en cool denim-look eller med vita byxor f\u00f6r en fr\u00e4sch och somrig stil \ud83d\udc95 \ud83d\udc96 En wow-skjorta som lyfter hela din outfit \ud83d\udc99\u2728","og_url":"https:\/\/stilanddesign.se\/en\/product\/\ud83d\udc99\u2728-jeansskjorta-med-spets-unik-feminin\/","og_site_name":"Stil &amp; Design","article_modified_time":"2026-04-29T07:39:16+00:00","twitter_card":"summary_large_image","twitter_misc":{"Est. reading time":"1 minute"},"schema":{"@context":"https:\/\/schema.org","@graph":[{"@type":"WebPage","@id":"https:\/\/stilanddesign.se\/produkt\/%f0%9f%92%99%e2%9c%a8-jeansskjorta-med-spets-unik-feminin\/","url":"https:\/\/stilanddesign.se\/produkt\/%f0%9f%92%99%e2%9c%a8-jeansskjorta-med-spets-unik-feminin\/","name":"\ud83d\udc99\u2728 Jeansskjorta med spets \u2013 unik & feminin - Stil &amp; Design","isPartOf":{"@id":"https:\/\/stilanddesign.se\/#website"},"primaryImageOfPage":{"@id":"https:\/\/stilanddesign.se\/produkt\/%f0%9f%92%99%e2%9c%a8-jeansskjorta-med-spets-unik-feminin\/#primaryimage"},"image":{"@id":"https:\/\/stilanddesign.se\/produkt\/%f0%9f%92%99%e2%9c%a8-jeansskjorta-med-spets-unik-feminin\/#primaryimage"},"thumbnailUrl":"https:\/\/stilanddesign.se\/wp-content\/uploads\/2026\/04\/989876666666.avif","datePublished":"2026-04-28T18:26:32+00:00","dateModified":"2026-04-29T07:39:16+00:00","breadcrumb":{"@id":"https:\/\/stilanddesign.se\/produkt\/%f0%9f%92%99%e2%9c%a8-jeansskjorta-med-spets-unik-feminin\/#breadcrumb"},"inLanguage":"en-US","potentialAction":[{"@type":"ReadAction","target":["https:\/\/stilanddesign.se\/produkt\/%f0%9f%92%99%e2%9c%a8-jeansskjorta-med-spets-unik-feminin\/"]}]},{"@type":"ImageObject","inLanguage":"en-US","@id":"https:\/\/stilanddesign.se\/produkt\/%f0%9f%92%99%e2%9c%a8-jeansskjorta-med-spets-unik-feminin\/#primaryimage","url":"https:\/\/stilanddesign.se\/wp-content\/uploads\/2026\/04\/989876666666.avif","contentUrl":"https:\/\/stilanddesign.se\/wp-content\/uploads\/2026\/04\/989876666666.avif","width":350,"height":467,"caption":"Jeansskjorta med spetsdetaljer"},{"@type":"BreadcrumbList","@id":"https:\/\/stilanddesign.se\/produkt\/%f0%9f%92%99%e2%9c%a8-jeansskjorta-med-spets-unik-feminin\/#breadcrumb","itemListElement":[{"@type":"ListItem","position":1,"name":"Hem","item":"https:\/\/stilanddesign.se\/"},{"@type":"ListItem","position":2,"name":"Butiken","item":"https:\/\/stilanddesign.se\/butiken\/"},{"@type":"ListItem","position":3,"name":"\ud83d\udc99\u2728 Jeansskjorta med spets \u2013 unik &#038; feminin"}]},{"@type":"WebSite","@id":"https:\/\/stilanddesign.se\/#website","url":"https:\/\/stilanddesign.se\/","name":"Style &amp; Design","description":"For those of us who love fashion!","publisher":{"@id":"https:\/\/stilanddesign.se\/#organization"},"potentialAction":[{"@type":"SearchAction","target":{"@type":"EntryPoint","urlTemplate":"https:\/\/stilanddesign.se\/?s={search_term_string}"},"query-input":{"@type":"PropertyValueSpecification","valueRequired":true,"valueName":"search_term_string"}}],"inLanguage":"en-US"},{"@type":"Organization","@id":"https:\/\/stilanddesign.se\/#organization","name":"Style &amp; Design","url":"https:\/\/stilanddesign.se\/","logo":{"@type":"ImageObject","inLanguage":"en-US","@id":"https:\/\/stilanddesign.se\/#\/schema\/logo\/image\/","url":"https:\/\/stilanddesign.se\/wp-content\/uploads\/2023\/12\/output-onlinepngtools-e1727784413220.png","contentUrl":"https:\/\/stilanddesign.se\/wp-content\/uploads\/2023\/12\/output-onlinepngtools-e1727784413220.png","width":519,"height":135,"caption":"Stil &amp; Design"},"image":{"@id":"https:\/\/stilanddesign.se\/#\/schema\/logo\/image\/"}}]}},"_links":{"self":[{"href":"https:\/\/stilanddesign.se\/en\/wp-json\/wp\/v2\/product\/1075358","targetHints":{"allow":["GET"]}}],"collection":[{"href":"https:\/\/stilanddesign.se\/en\/wp-json\/wp\/v2\/product"}],"about":[{"href":"https:\/\/stilanddesign.se\/en\/wp-json\/wp\/v2\/types\/product"}],"replies":[{"embeddable":true,"href":"https:\/\/stilanddesign.se\/en\/wp-json\/wp\/v2\/comments?post=1075358"}],"wp:featuredmedia":[{"embeddable":true,"href":"https:\/\/stilanddesign.se\/en\/wp-json\/wp\/v2\/media\/1075356"}],"wp:attachment":[{"href":"https:\/\/stilanddesign.se\/en\/wp-json\/wp\/v2\/media?parent=1075358"}],"wp:term":[{"taxonomy":"product_brand","embeddable":true,"href":"https:\/\/stilanddesign.se\/en\/wp-json\/wp\/v2\/product_brand?post=1075358"},{"taxonomy":"product_cat","embeddable":true,"href":"https:\/\/stilanddesign.se\/en\/wp-json\/wp\/v2\/product_cat?post=1075358"},{"taxonomy":"product_tag","embeddable":true,"href":"https:\/\/stilanddesign.se\/en\/wp-json\/wp\/v2\/product_tag?post=1075358"}],"curies":[{"name":"wp","href":"https:\/\/api.w.org\/{rel}","templated":true}]}}