{"id":1075344,"date":"2026-04-28T20:09:30","date_gmt":"2026-04-28T18:09:30","guid":{"rendered":"https:\/\/stilanddesign.se\/?post_type=product&#038;p=1075344"},"modified":"2026-04-29T14:57:48","modified_gmt":"2026-04-29T12:57:48","slug":"%f0%9f%92%9b-t-shirt-med-tryck-avslappnad-trendig-%e2%9c%a8","status":"publish","type":"product","link":"https:\/\/stilanddesign.se\/en\/product\/%f0%9f%92%9b-t-shirt-med-tryck-avslappnad-trendig-%e2%9c%a8\/","title":{"rendered":"\ud83d\udc9b Printed T-shirt \u2013 casual &amp; trendy \u2728"},"content":{"rendered":"<section class=\"text-token-text-primary w-full focus:outline-none [--shadow-height:45px] has-data-writing-block:pointer-events-none has-data-writing-block:-mt-(--shadow-height) has-data-writing-block:pt-(--shadow-height) [&amp;:has([data-writing-block])&gt;*]:pointer-events-auto R6Vx5W_threadScrollVars scroll-mb-[calc(var(--scroll-root-safe-area-inset-bottom,0px)+var(--thread-response-height))] scroll-mt-(--header-height)\" dir=\"auto\" data-turn-id=\"53348f35-db45-4afd-b0af-ab53edf52af3\" data-testid=\"conversation-turn-493\" data-scroll-anchor=\"false\" data-turn=\"user\"><\/section>\n<section class=\"text-token-text-primary w-full focus:outline-none [--shadow-height:45px] has-data-writing-block:pointer-events-none has-data-writing-block:-mt-(--shadow-height) has-data-writing-block:pt-(--shadow-height) [&amp;:has([data-writing-block])&gt;*]:pointer-events-auto [content-visibility:auto] supports-[content-visibility:auto]:[contain-intrinsic-size:auto_100lvh] R6Vx5W_threadScrollVars scroll-mb-[calc(var(--scroll-root-safe-area-inset-bottom,0px)+var(--thread-response-height))] scroll-mt-[calc(var(--header-height)+min(200px,max(70px,20svh)))]\" dir=\"auto\" data-turn-id=\"request-69c67431-7e34-8333-9a36-98c4a980f78b-31\" data-testid=\"conversation-turn-494\" data-scroll-anchor=\"false\" data-turn=\"assistant\">\n<div class=\"text-base my-auto mx-auto pb-10 [--thread-content-margin:var(--thread-content-margin-xs,calc(var(--spacing)*4))] @w-sm\/main:[--thread-content-margin:var(--thread-content-margin-sm,calc(var(--spacing)*6))] @w-lg\/main:[--thread-content-margin:var(--thread-content-margin-lg,calc(var(--spacing)*16))] px-(--thread-content-margin)\">\n<div class=\"[--thread-content-max-width:40rem] @w-lg\/main:[--thread-content-max-width:48rem] mx-auto max-w-(--thread-content-max-width) flex-1 group\/turn-messages focus-visible:outline-hidden relative flex w-full min-w-0 flex-col agent-turn\">\n<div class=\"flex max-w-full flex-col gap-4 grow\">\n<div class=\"min-h-8 text-message relative flex w-full flex-col items-end gap-2 text-start break-words whitespace-normal outline-none keyboard-focused:focus-ring [.text-message+&amp;]:mt-1\" dir=\"auto\" tabindex=\"0\" data-message-author-role=\"assistant\" data-message-id=\"a8cc511c-d928-406e-8a26-e0c948ffb73b\" data-message-model-slug=\"gpt-5-3\" data-turn-start-message=\"true\">\n<div class=\"flex w-full flex-col gap-1 empty:hidden\">\n<div class=\"markdown prose dark:prose-invert w-full wrap-break-word light markdown-new-styling\">\n<p data-start=\"0\" data-end=\"51\">\ud83d\udc9b <strong data-start=\"3\" data-end=\"47\">T-shirt med tryck \u2013 avslappnad &amp; trendig<\/strong> \u2728<\/p>\n<p data-start=\"53\" data-end=\"329\">\ud83d\udc55 T-shirten som s\u00e4tter tonen direkt \u2013 cool, enkel och med det lilla extra<br data-start=\"127\" data-end=\"130\" \/>\ud83c\udf1f Texten <em data-start=\"140\" data-end=\"150\">\u201cBOHEME\u201d<\/em> i glitter och strukturerat tyg som verkligen f\u00e5ngar blicken<br data-start=\"210\" data-end=\"213\" \/>\u2728 Fransade kanter f\u00f6r en r\u00e5 och effortless k\u00e4nsla<br data-start=\"262\" data-end=\"265\" \/>\ud83d\udc4c Perfekt n\u00e4r du vill ha n\u00e5got bekv\u00e4mt men \u00e4nd\u00e5 uttrycksfullt<\/p>\n<p data-start=\"331\" data-end=\"402\">\ud83d\udccf <strong data-start=\"334\" data-end=\"346\">Storlek:<\/strong> Onesize (passar ca 34\u201340)<br data-start=\"372\" data-end=\"375\" \/>\ud83d\udcd0 <strong data-start=\"378\" data-end=\"391\">Bystm\u00e5tt:<\/strong> ca 50 cm<\/p>\n<p data-start=\"404\" data-end=\"445\">\ud83e\uddf5 <strong data-start=\"407\" data-end=\"420\">Material:<\/strong> 97% bomull, 3% elastan<\/p>\n<p data-start=\"447\" data-end=\"566\">\ud83d\udc56 <strong data-start=\"450\" data-end=\"466\">Stylingtips:<\/strong> Matcha med randiga byxor som p\u00e5 bilden, jeans eller shorts f\u00f6r en avslappnad men stilfull look \ud83d\udc95<\/p>\n<p data-start=\"568\" data-end=\"631\" data-is-last-node=\"\" data-is-only-node=\"\">\ud83d\udc96 En t-shirt som lyfter din vardagsstil med en lekfull twist \u2728<\/p>\n<\/div>\n<\/div>\n<\/div>\n<\/div>\n<\/div>\n<\/div>\n<\/section>\n<p>&nbsp;<\/p>\n","protected":false},"excerpt":{"rendered":"<section class=\"text-token-text-primary w-full focus:outline-none [--shadow-height:45px] has-data-writing-block:pointer-events-none has-data-writing-block:-mt-(--shadow-height) has-data-writing-block:pt-(--shadow-height) [&amp;:has([data-writing-block])&gt;*]:pointer-events-auto R6Vx5W_threadScrollVars scroll-mb-[calc(var(--scroll-root-safe-area-inset-bottom,0px)+var(--thread-response-height))] scroll-mt-(--header-height)\" dir=\"auto\" data-turn-id=\"53348f35-db45-4afd-b0af-ab53edf52af3\" data-testid=\"conversation-turn-493\" data-scroll-anchor=\"false\" data-turn=\"user\"><\/section>\n<section class=\"text-token-text-primary w-full focus:outline-none [--shadow-height:45px] has-data-writing-block:pointer-events-none has-data-writing-block:-mt-(--shadow-height) has-data-writing-block:pt-(--shadow-height) [&amp;:has([data-writing-block])&gt;*]:pointer-events-auto [content-visibility:auto] supports-[content-visibility:auto]:[contain-intrinsic-size:auto_100lvh] R6Vx5W_threadScrollVars scroll-mb-[calc(var(--scroll-root-safe-area-inset-bottom,0px)+var(--thread-response-height))] scroll-mt-[calc(var(--header-height)+min(200px,max(70px,20svh)))]\" dir=\"auto\" data-turn-id=\"request-69c67431-7e34-8333-9a36-98c4a980f78b-31\" data-testid=\"conversation-turn-494\" data-scroll-anchor=\"false\" data-turn=\"assistant\">\n<div class=\"text-base my-auto mx-auto pb-10 [--thread-content-margin:var(--thread-content-margin-xs,calc(var(--spacing)*4))] @w-sm\/main:[--thread-content-margin:var(--thread-content-margin-sm,calc(var(--spacing)*6))] @w-lg\/main:[--thread-content-margin:var(--thread-content-margin-lg,calc(var(--spacing)*16))] px-(--thread-content-margin)\">\n<div class=\"[--thread-content-max-width:40rem] @w-lg\/main:[--thread-content-max-width:48rem] mx-auto max-w-(--thread-content-max-width) flex-1 group\/turn-messages focus-visible:outline-hidden relative flex w-full min-w-0 flex-col agent-turn\">\n<div class=\"flex max-w-full flex-col gap-4 grow\">\n<div class=\"min-h-8 text-message relative flex w-full flex-col items-end gap-2 text-start break-words whitespace-normal outline-none keyboard-focused:focus-ring [.text-message+&amp;]:mt-1\" dir=\"auto\" tabindex=\"0\" data-message-author-role=\"assistant\" data-message-id=\"a8cc511c-d928-406e-8a26-e0c948ffb73b\" data-message-model-slug=\"gpt-5-3\" data-turn-start-message=\"true\">\n<div class=\"flex w-full flex-col gap-1 empty:hidden\">\n<div class=\"markdown prose dark:prose-invert w-full wrap-break-word light markdown-new-styling\">\n<p data-start=\"0\" data-end=\"51\">\ud83d\udc9b <strong data-start=\"3\" data-end=\"47\">T-shirt med tryck \u2013 avslappnad &amp; trendig<\/strong> \u2728<\/p>\n<p data-start=\"53\" data-end=\"329\">\ud83d\udc55 T-shirten som s\u00e4tter tonen direkt \u2013 cool, enkel och med det lilla extra<br data-start=\"127\" data-end=\"130\" \/>\ud83c\udf1f Texten <em data-start=\"140\" data-end=\"150\">\u201cBOHEME\u201d<\/em> i glitter och strukturerat tyg som verkligen f\u00e5ngar blicken<br data-start=\"210\" data-end=\"213\" \/>\u2728 Fransade kanter f\u00f6r en r\u00e5 och effortless k\u00e4nsla<br data-start=\"262\" data-end=\"265\" \/>\ud83d\udc4c Perfekt n\u00e4r du vill ha n\u00e5got bekv\u00e4mt men \u00e4nd\u00e5 uttrycksfullt<\/p>\n<p data-start=\"331\" data-end=\"402\">\ud83d\udccf <strong data-start=\"334\" data-end=\"346\">Storlek:<\/strong> Onesize (passar ca 34\u201340)<br data-start=\"372\" data-end=\"375\" \/>\ud83d\udcd0 <strong data-start=\"378\" data-end=\"391\">Bystm\u00e5tt:<\/strong> ca 50 cm<\/p>\n<p data-start=\"404\" data-end=\"445\">\ud83e\uddf5 <strong data-start=\"407\" data-end=\"420\">Material:<\/strong> 97% bomull, 3% elastan<\/p>\n<p data-start=\"447\" data-end=\"566\">\ud83d\udc56 <strong data-start=\"450\" data-end=\"466\">Stylingtips:<\/strong> Matcha med randiga byxor som p\u00e5 bilden, jeans eller shorts f\u00f6r en avslappnad men stilfull look \ud83d\udc95<\/p>\n<p data-start=\"568\" data-end=\"631\" data-is-last-node=\"\" data-is-only-node=\"\">\ud83d\udc96 En t-shirt som lyfter din vardagsstil med en lekfull twist \u2728<\/p>\n<\/div>\n<\/div>\n<\/div>\n<\/div>\n<\/div>\n<\/div>\n<\/section>\n","protected":false},"featured_media":1075340,"comment_status":"closed","ping_status":"closed","template":"","meta":[],"product_brand":[],"product_cat":[217,222],"product_tag":[],"class_list":{"0":"post-1075344","1":"product","2":"type-product","3":"status-publish","4":"has-post-thumbnail","6":"product_cat-produktnyheter","7":"product_cat-toppar-tischor","9":"first","10":"instock","11":"taxable","12":"shipping-taxable","13":"purchasable","14":"product-type-variable"},"yoast_head":"<!-- This site is optimized with the Yoast SEO Premium plugin v27.4 (Yoast SEO v27.5) - https:\/\/yoast.com\/product\/yoast-seo-premium-wordpress\/ -->\n<title>\ud83d\udc9b T-shirt med tryck \u2013 avslappnad &amp; trendig \u2728 - Stil &amp; Design<\/title>\n<meta name=\"robots\" content=\"index, follow, max-snippet:-1, max-image-preview:large, max-video-preview:-1\" \/>\n<link rel=\"canonical\" href=\"https:\/\/stilanddesign.se\/en\/product\/\ud83d\udc9b-t-shirt-med-tryck-avslappnad-trendig-\u2728\/\" \/>\n<meta property=\"og:locale\" content=\"en_US\" \/>\n<meta property=\"og:type\" content=\"article\" \/>\n<meta property=\"og:title\" content=\"\ud83d\udc9b T-shirt med tryck \u2013 avslappnad &amp; trendig \u2728\" \/>\n<meta property=\"og:description\" content=\"\ud83d\udc9b T-shirt med tryck \u2013 avslappnad &amp; trendig \u2728 \ud83d\udc55 T-shirten som s\u00e4tter tonen direkt \u2013 cool, enkel och med det lilla extra\ud83c\udf1f Texten \u201cBOHEME\u201d i glitter och strukturerat tyg som verkligen f\u00e5ngar blicken\u2728 Fransade kanter f\u00f6r en r\u00e5 och effortless k\u00e4nsla\ud83d\udc4c Perfekt n\u00e4r du vill ha n\u00e5got bekv\u00e4mt men \u00e4nd\u00e5 uttrycksfullt \ud83d\udccf Storlek: Onesize (passar ca 34\u201340)\ud83d\udcd0 Bystm\u00e5tt: ca 50 cm \ud83e\uddf5 Material: 97% bomull, 3% elastan \ud83d\udc56 Stylingtips: Matcha med randiga byxor som p\u00e5 bilden, jeans eller shorts f\u00f6r en avslappnad men stilfull look \ud83d\udc95 \ud83d\udc96 En t-shirt som lyfter din vardagsstil med en lekfull twist \u2728\" \/>\n<meta property=\"og:url\" content=\"https:\/\/stilanddesign.se\/en\/product\/\ud83d\udc9b-t-shirt-med-tryck-avslappnad-trendig-\u2728\/\" \/>\n<meta property=\"og:site_name\" content=\"Stil &amp; Design\" \/>\n<meta property=\"article:modified_time\" content=\"2026-04-29T12:57:48+00:00\" \/>\n<meta name=\"twitter:card\" content=\"summary_large_image\" \/>\n<meta name=\"twitter:label1\" content=\"Est. reading time\" \/>\n\t<meta name=\"twitter:data1\" content=\"1 minute\" \/>\n<script type=\"application\/ld+json\" class=\"yoast-schema-graph\">{\"@context\":\"https:\\\/\\\/schema.org\",\"@graph\":[{\"@type\":\"WebPage\",\"@id\":\"https:\\\/\\\/stilanddesign.se\\\/produkt\\\/%f0%9f%92%9b-t-shirt-med-tryck-avslappnad-trendig-%e2%9c%a8\\\/\",\"url\":\"https:\\\/\\\/stilanddesign.se\\\/produkt\\\/%f0%9f%92%9b-t-shirt-med-tryck-avslappnad-trendig-%e2%9c%a8\\\/\",\"name\":\"\ud83d\udc9b T-shirt med tryck \u2013 avslappnad & trendig \u2728 - Stil &amp; Design\",\"isPartOf\":{\"@id\":\"https:\\\/\\\/stilanddesign.se\\\/#website\"},\"primaryImageOfPage\":{\"@id\":\"https:\\\/\\\/stilanddesign.se\\\/produkt\\\/%f0%9f%92%9b-t-shirt-med-tryck-avslappnad-trendig-%e2%9c%a8\\\/#primaryimage\"},\"image\":{\"@id\":\"https:\\\/\\\/stilanddesign.se\\\/produkt\\\/%f0%9f%92%9b-t-shirt-med-tryck-avslappnad-trendig-%e2%9c%a8\\\/#primaryimage\"},\"thumbnailUrl\":\"https:\\\/\\\/stilanddesign.se\\\/wp-content\\\/uploads\\\/2026\\\/04\\\/09098787878.avif\",\"datePublished\":\"2026-04-28T18:09:30+00:00\",\"dateModified\":\"2026-04-29T12:57:48+00:00\",\"breadcrumb\":{\"@id\":\"https:\\\/\\\/stilanddesign.se\\\/produkt\\\/%f0%9f%92%9b-t-shirt-med-tryck-avslappnad-trendig-%e2%9c%a8\\\/#breadcrumb\"},\"inLanguage\":\"en-US\",\"potentialAction\":[{\"@type\":\"ReadAction\",\"target\":[\"https:\\\/\\\/stilanddesign.se\\\/produkt\\\/%f0%9f%92%9b-t-shirt-med-tryck-avslappnad-trendig-%e2%9c%a8\\\/\"]}]},{\"@type\":\"ImageObject\",\"inLanguage\":\"en-US\",\"@id\":\"https:\\\/\\\/stilanddesign.se\\\/produkt\\\/%f0%9f%92%9b-t-shirt-med-tryck-avslappnad-trendig-%e2%9c%a8\\\/#primaryimage\",\"url\":\"https:\\\/\\\/stilanddesign.se\\\/wp-content\\\/uploads\\\/2026\\\/04\\\/09098787878.avif\",\"contentUrl\":\"https:\\\/\\\/stilanddesign.se\\\/wp-content\\\/uploads\\\/2026\\\/04\\\/09098787878.avif\",\"width\":1440,\"height\":1920,\"caption\":\"Snygg gul T-shirt med tryck\"},{\"@type\":\"BreadcrumbList\",\"@id\":\"https:\\\/\\\/stilanddesign.se\\\/produkt\\\/%f0%9f%92%9b-t-shirt-med-tryck-avslappnad-trendig-%e2%9c%a8\\\/#breadcrumb\",\"itemListElement\":[{\"@type\":\"ListItem\",\"position\":1,\"name\":\"Hem\",\"item\":\"https:\\\/\\\/stilanddesign.se\\\/\"},{\"@type\":\"ListItem\",\"position\":2,\"name\":\"Butiken\",\"item\":\"https:\\\/\\\/stilanddesign.se\\\/butiken\\\/\"},{\"@type\":\"ListItem\",\"position\":3,\"name\":\"\ud83d\udc9b T-shirt med tryck \u2013 avslappnad &#038; trendig \u2728\"}]},{\"@type\":\"WebSite\",\"@id\":\"https:\\\/\\\/stilanddesign.se\\\/#website\",\"url\":\"https:\\\/\\\/stilanddesign.se\\\/\",\"name\":\"Stil &amp; Design\",\"description\":\"F\u00f6r oss som \u00e4lskar mode!\",\"publisher\":{\"@id\":\"https:\\\/\\\/stilanddesign.se\\\/#organization\"},\"potentialAction\":[{\"@type\":\"SearchAction\",\"target\":{\"@type\":\"EntryPoint\",\"urlTemplate\":\"https:\\\/\\\/stilanddesign.se\\\/?s={search_term_string}\"},\"query-input\":{\"@type\":\"PropertyValueSpecification\",\"valueRequired\":true,\"valueName\":\"search_term_string\"}}],\"inLanguage\":\"en-US\"},{\"@type\":\"Organization\",\"@id\":\"https:\\\/\\\/stilanddesign.se\\\/#organization\",\"name\":\"Stil &amp; Design\",\"url\":\"https:\\\/\\\/stilanddesign.se\\\/\",\"logo\":{\"@type\":\"ImageObject\",\"inLanguage\":\"en-US\",\"@id\":\"https:\\\/\\\/stilanddesign.se\\\/#\\\/schema\\\/logo\\\/image\\\/\",\"url\":\"https:\\\/\\\/stilanddesign.se\\\/wp-content\\\/uploads\\\/2023\\\/12\\\/output-onlinepngtools-e1727784413220.png\",\"contentUrl\":\"https:\\\/\\\/stilanddesign.se\\\/wp-content\\\/uploads\\\/2023\\\/12\\\/output-onlinepngtools-e1727784413220.png\",\"width\":519,\"height\":135,\"caption\":\"Stil &amp; Design\"},\"image\":{\"@id\":\"https:\\\/\\\/stilanddesign.se\\\/#\\\/schema\\\/logo\\\/image\\\/\"}}]}<\/script>\n<!-- \/ Yoast SEO Premium plugin. -->","yoast_head_json":{"title":"\ud83d\udc9b T-shirt med tryck \u2013 avslappnad & trendig \u2728 - Stil &amp; Design","robots":{"index":"index","follow":"follow","max-snippet":"max-snippet:-1","max-image-preview":"max-image-preview:large","max-video-preview":"max-video-preview:-1"},"canonical":"https:\/\/stilanddesign.se\/en\/product\/\ud83d\udc9b-t-shirt-med-tryck-avslappnad-trendig-\u2728\/","og_locale":"en_US","og_type":"article","og_title":"\ud83d\udc9b T-shirt med tryck \u2013 avslappnad & trendig \u2728","og_description":"\ud83d\udc9b T-shirt med tryck \u2013 avslappnad &amp; trendig \u2728 \ud83d\udc55 T-shirten som s\u00e4tter tonen direkt \u2013 cool, enkel och med det lilla extra\ud83c\udf1f Texten \u201cBOHEME\u201d i glitter och strukturerat tyg som verkligen f\u00e5ngar blicken\u2728 Fransade kanter f\u00f6r en r\u00e5 och effortless k\u00e4nsla\ud83d\udc4c Perfekt n\u00e4r du vill ha n\u00e5got bekv\u00e4mt men \u00e4nd\u00e5 uttrycksfullt \ud83d\udccf Storlek: Onesize (passar ca 34\u201340)\ud83d\udcd0 Bystm\u00e5tt: ca 50 cm \ud83e\uddf5 Material: 97% bomull, 3% elastan \ud83d\udc56 Stylingtips: Matcha med randiga byxor som p\u00e5 bilden, jeans eller shorts f\u00f6r en avslappnad men stilfull look \ud83d\udc95 \ud83d\udc96 En t-shirt som lyfter din vardagsstil med en lekfull twist \u2728","og_url":"https:\/\/stilanddesign.se\/en\/product\/\ud83d\udc9b-t-shirt-med-tryck-avslappnad-trendig-\u2728\/","og_site_name":"Stil &amp; Design","article_modified_time":"2026-04-29T12:57:48+00:00","twitter_card":"summary_large_image","twitter_misc":{"Est. reading time":"1 minute"},"schema":{"@context":"https:\/\/schema.org","@graph":[{"@type":"WebPage","@id":"https:\/\/stilanddesign.se\/produkt\/%f0%9f%92%9b-t-shirt-med-tryck-avslappnad-trendig-%e2%9c%a8\/","url":"https:\/\/stilanddesign.se\/produkt\/%f0%9f%92%9b-t-shirt-med-tryck-avslappnad-trendig-%e2%9c%a8\/","name":"\ud83d\udc9b T-shirt med tryck \u2013 avslappnad & trendig \u2728 - Stil &amp; Design","isPartOf":{"@id":"https:\/\/stilanddesign.se\/#website"},"primaryImageOfPage":{"@id":"https:\/\/stilanddesign.se\/produkt\/%f0%9f%92%9b-t-shirt-med-tryck-avslappnad-trendig-%e2%9c%a8\/#primaryimage"},"image":{"@id":"https:\/\/stilanddesign.se\/produkt\/%f0%9f%92%9b-t-shirt-med-tryck-avslappnad-trendig-%e2%9c%a8\/#primaryimage"},"thumbnailUrl":"https:\/\/stilanddesign.se\/wp-content\/uploads\/2026\/04\/09098787878.avif","datePublished":"2026-04-28T18:09:30+00:00","dateModified":"2026-04-29T12:57:48+00:00","breadcrumb":{"@id":"https:\/\/stilanddesign.se\/produkt\/%f0%9f%92%9b-t-shirt-med-tryck-avslappnad-trendig-%e2%9c%a8\/#breadcrumb"},"inLanguage":"en-US","potentialAction":[{"@type":"ReadAction","target":["https:\/\/stilanddesign.se\/produkt\/%f0%9f%92%9b-t-shirt-med-tryck-avslappnad-trendig-%e2%9c%a8\/"]}]},{"@type":"ImageObject","inLanguage":"en-US","@id":"https:\/\/stilanddesign.se\/produkt\/%f0%9f%92%9b-t-shirt-med-tryck-avslappnad-trendig-%e2%9c%a8\/#primaryimage","url":"https:\/\/stilanddesign.se\/wp-content\/uploads\/2026\/04\/09098787878.avif","contentUrl":"https:\/\/stilanddesign.se\/wp-content\/uploads\/2026\/04\/09098787878.avif","width":1440,"height":1920,"caption":"Snygg gul T-shirt med tryck"},{"@type":"BreadcrumbList","@id":"https:\/\/stilanddesign.se\/produkt\/%f0%9f%92%9b-t-shirt-med-tryck-avslappnad-trendig-%e2%9c%a8\/#breadcrumb","itemListElement":[{"@type":"ListItem","position":1,"name":"Hem","item":"https:\/\/stilanddesign.se\/"},{"@type":"ListItem","position":2,"name":"Butiken","item":"https:\/\/stilanddesign.se\/butiken\/"},{"@type":"ListItem","position":3,"name":"\ud83d\udc9b T-shirt med tryck \u2013 avslappnad &#038; trendig \u2728"}]},{"@type":"WebSite","@id":"https:\/\/stilanddesign.se\/#website","url":"https:\/\/stilanddesign.se\/","name":"Style &amp; Design","description":"For those of us who love fashion!","publisher":{"@id":"https:\/\/stilanddesign.se\/#organization"},"potentialAction":[{"@type":"SearchAction","target":{"@type":"EntryPoint","urlTemplate":"https:\/\/stilanddesign.se\/?s={search_term_string}"},"query-input":{"@type":"PropertyValueSpecification","valueRequired":true,"valueName":"search_term_string"}}],"inLanguage":"en-US"},{"@type":"Organization","@id":"https:\/\/stilanddesign.se\/#organization","name":"Style &amp; Design","url":"https:\/\/stilanddesign.se\/","logo":{"@type":"ImageObject","inLanguage":"en-US","@id":"https:\/\/stilanddesign.se\/#\/schema\/logo\/image\/","url":"https:\/\/stilanddesign.se\/wp-content\/uploads\/2023\/12\/output-onlinepngtools-e1727784413220.png","contentUrl":"https:\/\/stilanddesign.se\/wp-content\/uploads\/2023\/12\/output-onlinepngtools-e1727784413220.png","width":519,"height":135,"caption":"Stil &amp; Design"},"image":{"@id":"https:\/\/stilanddesign.se\/#\/schema\/logo\/image\/"}}]}},"_links":{"self":[{"href":"https:\/\/stilanddesign.se\/en\/wp-json\/wp\/v2\/product\/1075344","targetHints":{"allow":["GET"]}}],"collection":[{"href":"https:\/\/stilanddesign.se\/en\/wp-json\/wp\/v2\/product"}],"about":[{"href":"https:\/\/stilanddesign.se\/en\/wp-json\/wp\/v2\/types\/product"}],"replies":[{"embeddable":true,"href":"https:\/\/stilanddesign.se\/en\/wp-json\/wp\/v2\/comments?post=1075344"}],"wp:featuredmedia":[{"embeddable":true,"href":"https:\/\/stilanddesign.se\/en\/wp-json\/wp\/v2\/media\/1075340"}],"wp:attachment":[{"href":"https:\/\/stilanddesign.se\/en\/wp-json\/wp\/v2\/media?parent=1075344"}],"wp:term":[{"taxonomy":"product_brand","embeddable":true,"href":"https:\/\/stilanddesign.se\/en\/wp-json\/wp\/v2\/product_brand?post=1075344"},{"taxonomy":"product_cat","embeddable":true,"href":"https:\/\/stilanddesign.se\/en\/wp-json\/wp\/v2\/product_cat?post=1075344"},{"taxonomy":"product_tag","embeddable":true,"href":"https:\/\/stilanddesign.se\/en\/wp-json\/wp\/v2\/product_tag?post=1075344"}],"curies":[{"name":"wp","href":"https:\/\/api.w.org\/{rel}","templated":true}]}}