{"id":1075323,"date":"2026-04-28T19:42:41","date_gmt":"2026-04-28T17:42:41","guid":{"rendered":"https:\/\/stilanddesign.se\/?post_type=product&#038;p=1075323"},"modified":"2026-04-29T05:52:33","modified_gmt":"2026-04-29T03:52:33","slug":"magiska-byxor-i-beige-med-brodyr","status":"publish","type":"product","link":"https:\/\/stilanddesign.se\/en\/product\/magiska-byxor-i-beige-med-brodyr\/","title":{"rendered":"Magic pants in beige with embroidery"},"content":{"rendered":"<h1>Stretch trousers with embroidery<\/h1>\n<p class=\"tws-article-description--article-number\">Art.nr: Mirela Beige<\/p>\n<div class=\"tws-article-description--text-container\">\n<div class=\"tws-article-description--text\">Mirela are the pants that feel as comfortable as they are charming. The soft stretch makes them a real everyday favorite, while the small embroidered flowers give a playful and personal touch. With pockets both front and back and a smooth lacing in the waistband, you get both function and fit in one. Perfect when you want to be relaxed \u2013 but still a little extra nice.<\/div>\n<div><\/div>\n<\/div>\n<p>Material: 75% viscose, 20% nylon, 5% elastane Info: Pockets Size: Onesize, fits 34-44 The model is 171 cm tall<\/p>\n<p>&nbsp;<\/p>","protected":false},"excerpt":{"rendered":"<h1 class=\"\">Stretch trousers with embroidery<\/h1>\n<p class=\"tws-article-description--article-number\">Art.nr: Mirela Beige<\/p>\n<div class=\"tws-article-description--text-container\">\n<div class=\"tws-article-description--text\">Mirela are the pants that feel as comfortable as they are charming. The soft stretch makes them a real everyday favorite, while the small embroidered flowers give a playful and personal touch. With pockets both front and back and a smooth lacing in the waistband, you get both function and fit in one. Perfect when you want to be relaxed \u2013 but still a little extra nice.<\/div>\n<div><\/div>\n<\/div>\n<p>Material: 75% viscose, 20% nylon, 5% elastane Info: Pockets Size: Onesize, fits 34-44 The model is 171 cm tall<\/p>\n<p>&nbsp;<\/p>","protected":false},"featured_media":1075319,"comment_status":"closed","ping_status":"closed","template":"","meta":[],"product_brand":[],"product_cat":[203,217],"product_tag":[],"class_list":{"0":"post-1075323","1":"product","2":"type-product","3":"status-publish","4":"has-post-thumbnail","6":"product_cat-byxor","7":"product_cat-produktnyheter","9":"first","10":"instock","11":"taxable","12":"shipping-taxable","13":"purchasable","14":"product-type-variable"},"yoast_head":"<!-- This site is optimized with the Yoast SEO Premium plugin v27.4 (Yoast SEO v27.5) - https:\/\/yoast.com\/product\/yoast-seo-premium-wordpress\/ -->\n<title>Magiska byxor i beige med brodyr - Stil &amp; Design<\/title>\n<meta name=\"robots\" content=\"index, follow, max-snippet:-1, max-image-preview:large, max-video-preview:-1\" \/>\n<link rel=\"canonical\" href=\"https:\/\/stilanddesign.se\/en\/product\/magiska-byxor-i-beige-med-brodyr\/\" \/>\n<meta property=\"og:locale\" content=\"en_US\" \/>\n<meta property=\"og:type\" content=\"article\" \/>\n<meta property=\"og:title\" content=\"Magiska byxor i beige med brodyr\" \/>\n<meta property=\"og:description\" content=\"Stretchbyxor med brodyr Art.nr: Mirela Beige   Mirela \u00e4r byxorna som k\u00e4nns lika bekv\u00e4ma som de \u00e4r charmiga. Den mjuka stretchen g\u00f6r dem till en riktig vardagsfavorit, medan de sm\u00e5 broderade blommorna ger en lekfull och personlig touch. Med fickor b\u00e5de fram och bak och en smidig sn\u00f6rning i linningen f\u00e5r du b\u00e5de funktion och passform i ett. Perfekta n\u00e4r du vill vara avslappnad \u2013 men \u00e4nd\u00e5 lite extra fin.   Material: 75% viskos, 20% nylon, 5% elastan Info: Fickor Storlek: Onesize, passar 34-44 Modellen \u00e4r 171 cm l\u00e5ng  &nbsp;\" \/>\n<meta property=\"og:url\" content=\"https:\/\/stilanddesign.se\/en\/product\/magiska-byxor-i-beige-med-brodyr\/\" \/>\n<meta property=\"og:site_name\" content=\"Stil &amp; Design\" \/>\n<meta property=\"article:modified_time\" content=\"2026-04-29T03:52:33+00:00\" \/>\n<meta name=\"twitter:card\" content=\"summary_large_image\" \/>\n<meta name=\"twitter:label1\" content=\"Est. reading time\" \/>\n\t<meta name=\"twitter:data1\" content=\"1 minute\" \/>\n<script type=\"application\/ld+json\" class=\"yoast-schema-graph\">{\"@context\":\"https:\\\/\\\/schema.org\",\"@graph\":[{\"@type\":\"WebPage\",\"@id\":\"https:\\\/\\\/stilanddesign.se\\\/produkt\\\/magiska-byxor-i-beige-med-brodyr\\\/\",\"url\":\"https:\\\/\\\/stilanddesign.se\\\/produkt\\\/magiska-byxor-i-beige-med-brodyr\\\/\",\"name\":\"Magiska byxor i beige med brodyr - Stil &amp; Design\",\"isPartOf\":{\"@id\":\"https:\\\/\\\/stilanddesign.se\\\/#website\"},\"primaryImageOfPage\":{\"@id\":\"https:\\\/\\\/stilanddesign.se\\\/produkt\\\/magiska-byxor-i-beige-med-brodyr\\\/#primaryimage\"},\"image\":{\"@id\":\"https:\\\/\\\/stilanddesign.se\\\/produkt\\\/magiska-byxor-i-beige-med-brodyr\\\/#primaryimage\"},\"thumbnailUrl\":\"https:\\\/\\\/stilanddesign.se\\\/wp-content\\\/uploads\\\/2026\\\/04\\\/656567877777777.avif\",\"datePublished\":\"2026-04-28T17:42:41+00:00\",\"dateModified\":\"2026-04-29T03:52:33+00:00\",\"breadcrumb\":{\"@id\":\"https:\\\/\\\/stilanddesign.se\\\/produkt\\\/magiska-byxor-i-beige-med-brodyr\\\/#breadcrumb\"},\"inLanguage\":\"en-US\",\"potentialAction\":[{\"@type\":\"ReadAction\",\"target\":[\"https:\\\/\\\/stilanddesign.se\\\/produkt\\\/magiska-byxor-i-beige-med-brodyr\\\/\"]}]},{\"@type\":\"ImageObject\",\"inLanguage\":\"en-US\",\"@id\":\"https:\\\/\\\/stilanddesign.se\\\/produkt\\\/magiska-byxor-i-beige-med-brodyr\\\/#primaryimage\",\"url\":\"https:\\\/\\\/stilanddesign.se\\\/wp-content\\\/uploads\\\/2026\\\/04\\\/656567877777777.avif\",\"contentUrl\":\"https:\\\/\\\/stilanddesign.se\\\/wp-content\\\/uploads\\\/2026\\\/04\\\/656567877777777.avif\",\"width\":1440,\"height\":1920,\"caption\":\"Magiska byxor i beige med brodyr\"},{\"@type\":\"BreadcrumbList\",\"@id\":\"https:\\\/\\\/stilanddesign.se\\\/produkt\\\/magiska-byxor-i-beige-med-brodyr\\\/#breadcrumb\",\"itemListElement\":[{\"@type\":\"ListItem\",\"position\":1,\"name\":\"Hem\",\"item\":\"https:\\\/\\\/stilanddesign.se\\\/\"},{\"@type\":\"ListItem\",\"position\":2,\"name\":\"Butiken\",\"item\":\"https:\\\/\\\/stilanddesign.se\\\/butiken\\\/\"},{\"@type\":\"ListItem\",\"position\":3,\"name\":\"Magiska byxor i beige med brodyr\"}]},{\"@type\":\"WebSite\",\"@id\":\"https:\\\/\\\/stilanddesign.se\\\/#website\",\"url\":\"https:\\\/\\\/stilanddesign.se\\\/\",\"name\":\"Stil &amp; Design\",\"description\":\"F\u00f6r oss som \u00e4lskar mode!\",\"publisher\":{\"@id\":\"https:\\\/\\\/stilanddesign.se\\\/#organization\"},\"potentialAction\":[{\"@type\":\"SearchAction\",\"target\":{\"@type\":\"EntryPoint\",\"urlTemplate\":\"https:\\\/\\\/stilanddesign.se\\\/?s={search_term_string}\"},\"query-input\":{\"@type\":\"PropertyValueSpecification\",\"valueRequired\":true,\"valueName\":\"search_term_string\"}}],\"inLanguage\":\"en-US\"},{\"@type\":\"Organization\",\"@id\":\"https:\\\/\\\/stilanddesign.se\\\/#organization\",\"name\":\"Stil &amp; Design\",\"url\":\"https:\\\/\\\/stilanddesign.se\\\/\",\"logo\":{\"@type\":\"ImageObject\",\"inLanguage\":\"en-US\",\"@id\":\"https:\\\/\\\/stilanddesign.se\\\/#\\\/schema\\\/logo\\\/image\\\/\",\"url\":\"https:\\\/\\\/stilanddesign.se\\\/wp-content\\\/uploads\\\/2023\\\/12\\\/output-onlinepngtools-e1727784413220.png\",\"contentUrl\":\"https:\\\/\\\/stilanddesign.se\\\/wp-content\\\/uploads\\\/2023\\\/12\\\/output-onlinepngtools-e1727784413220.png\",\"width\":519,\"height\":135,\"caption\":\"Stil &amp; Design\"},\"image\":{\"@id\":\"https:\\\/\\\/stilanddesign.se\\\/#\\\/schema\\\/logo\\\/image\\\/\"}}]}<\/script>\n<!-- \/ Yoast SEO Premium plugin. -->","yoast_head_json":{"title":"Magiska byxor i beige med brodyr - Stil &amp; Design","robots":{"index":"index","follow":"follow","max-snippet":"max-snippet:-1","max-image-preview":"max-image-preview:large","max-video-preview":"max-video-preview:-1"},"canonical":"https:\/\/stilanddesign.se\/en\/product\/magiska-byxor-i-beige-med-brodyr\/","og_locale":"en_US","og_type":"article","og_title":"Magiska byxor i beige med brodyr","og_description":"Stretchbyxor med brodyr Art.nr: Mirela Beige   Mirela \u00e4r byxorna som k\u00e4nns lika bekv\u00e4ma som de \u00e4r charmiga. Den mjuka stretchen g\u00f6r dem till en riktig vardagsfavorit, medan de sm\u00e5 broderade blommorna ger en lekfull och personlig touch. Med fickor b\u00e5de fram och bak och en smidig sn\u00f6rning i linningen f\u00e5r du b\u00e5de funktion och passform i ett. Perfekta n\u00e4r du vill vara avslappnad \u2013 men \u00e4nd\u00e5 lite extra fin.   Material: 75% viskos, 20% nylon, 5% elastan Info: Fickor Storlek: Onesize, passar 34-44 Modellen \u00e4r 171 cm l\u00e5ng  &nbsp;","og_url":"https:\/\/stilanddesign.se\/en\/product\/magiska-byxor-i-beige-med-brodyr\/","og_site_name":"Stil &amp; Design","article_modified_time":"2026-04-29T03:52:33+00:00","twitter_card":"summary_large_image","twitter_misc":{"Est. reading time":"1 minute"},"schema":{"@context":"https:\/\/schema.org","@graph":[{"@type":"WebPage","@id":"https:\/\/stilanddesign.se\/produkt\/magiska-byxor-i-beige-med-brodyr\/","url":"https:\/\/stilanddesign.se\/produkt\/magiska-byxor-i-beige-med-brodyr\/","name":"Magiska byxor i beige med brodyr - Stil &amp; Design","isPartOf":{"@id":"https:\/\/stilanddesign.se\/#website"},"primaryImageOfPage":{"@id":"https:\/\/stilanddesign.se\/produkt\/magiska-byxor-i-beige-med-brodyr\/#primaryimage"},"image":{"@id":"https:\/\/stilanddesign.se\/produkt\/magiska-byxor-i-beige-med-brodyr\/#primaryimage"},"thumbnailUrl":"https:\/\/stilanddesign.se\/wp-content\/uploads\/2026\/04\/656567877777777.avif","datePublished":"2026-04-28T17:42:41+00:00","dateModified":"2026-04-29T03:52:33+00:00","breadcrumb":{"@id":"https:\/\/stilanddesign.se\/produkt\/magiska-byxor-i-beige-med-brodyr\/#breadcrumb"},"inLanguage":"en-US","potentialAction":[{"@type":"ReadAction","target":["https:\/\/stilanddesign.se\/produkt\/magiska-byxor-i-beige-med-brodyr\/"]}]},{"@type":"ImageObject","inLanguage":"en-US","@id":"https:\/\/stilanddesign.se\/produkt\/magiska-byxor-i-beige-med-brodyr\/#primaryimage","url":"https:\/\/stilanddesign.se\/wp-content\/uploads\/2026\/04\/656567877777777.avif","contentUrl":"https:\/\/stilanddesign.se\/wp-content\/uploads\/2026\/04\/656567877777777.avif","width":1440,"height":1920,"caption":"Magiska byxor i beige med brodyr"},{"@type":"BreadcrumbList","@id":"https:\/\/stilanddesign.se\/produkt\/magiska-byxor-i-beige-med-brodyr\/#breadcrumb","itemListElement":[{"@type":"ListItem","position":1,"name":"Hem","item":"https:\/\/stilanddesign.se\/"},{"@type":"ListItem","position":2,"name":"Butiken","item":"https:\/\/stilanddesign.se\/butiken\/"},{"@type":"ListItem","position":3,"name":"Magiska byxor i beige med brodyr"}]},{"@type":"WebSite","@id":"https:\/\/stilanddesign.se\/#website","url":"https:\/\/stilanddesign.se\/","name":"Style &amp; Design","description":"For those of us who love fashion!","publisher":{"@id":"https:\/\/stilanddesign.se\/#organization"},"potentialAction":[{"@type":"SearchAction","target":{"@type":"EntryPoint","urlTemplate":"https:\/\/stilanddesign.se\/?s={search_term_string}"},"query-input":{"@type":"PropertyValueSpecification","valueRequired":true,"valueName":"search_term_string"}}],"inLanguage":"en-US"},{"@type":"Organization","@id":"https:\/\/stilanddesign.se\/#organization","name":"Style &amp; Design","url":"https:\/\/stilanddesign.se\/","logo":{"@type":"ImageObject","inLanguage":"en-US","@id":"https:\/\/stilanddesign.se\/#\/schema\/logo\/image\/","url":"https:\/\/stilanddesign.se\/wp-content\/uploads\/2023\/12\/output-onlinepngtools-e1727784413220.png","contentUrl":"https:\/\/stilanddesign.se\/wp-content\/uploads\/2023\/12\/output-onlinepngtools-e1727784413220.png","width":519,"height":135,"caption":"Stil &amp; Design"},"image":{"@id":"https:\/\/stilanddesign.se\/#\/schema\/logo\/image\/"}}]}},"_links":{"self":[{"href":"https:\/\/stilanddesign.se\/en\/wp-json\/wp\/v2\/product\/1075323","targetHints":{"allow":["GET"]}}],"collection":[{"href":"https:\/\/stilanddesign.se\/en\/wp-json\/wp\/v2\/product"}],"about":[{"href":"https:\/\/stilanddesign.se\/en\/wp-json\/wp\/v2\/types\/product"}],"replies":[{"embeddable":true,"href":"https:\/\/stilanddesign.se\/en\/wp-json\/wp\/v2\/comments?post=1075323"}],"wp:featuredmedia":[{"embeddable":true,"href":"https:\/\/stilanddesign.se\/en\/wp-json\/wp\/v2\/media\/1075319"}],"wp:attachment":[{"href":"https:\/\/stilanddesign.se\/en\/wp-json\/wp\/v2\/media?parent=1075323"}],"wp:term":[{"taxonomy":"product_brand","embeddable":true,"href":"https:\/\/stilanddesign.se\/en\/wp-json\/wp\/v2\/product_brand?post=1075323"},{"taxonomy":"product_cat","embeddable":true,"href":"https:\/\/stilanddesign.se\/en\/wp-json\/wp\/v2\/product_cat?post=1075323"},{"taxonomy":"product_tag","embeddable":true,"href":"https:\/\/stilanddesign.se\/en\/wp-json\/wp\/v2\/product_tag?post=1075323"}],"curies":[{"name":"wp","href":"https:\/\/api.w.org\/{rel}","templated":true}]}}