{"id":1075069,"date":"2026-04-27T15:02:50","date_gmt":"2026-04-27T13:02:50","guid":{"rendered":"https:\/\/stilanddesign.se\/?post_type=product&#038;p=1075069"},"modified":"2026-04-30T13:11:46","modified_gmt":"2026-04-30T11:11:46","slug":"%e2%9c%a8-romantiska-sandaler-sommarens-drom-%f0%9f%92%96","status":"publish","type":"product","link":"https:\/\/stilanddesign.se\/en\/product\/%e2%9c%a8-romantiska-sandaler-sommarens-drom-%f0%9f%92%96\/","title":{"rendered":"\u2728 Romantic sandals \u2013 summer&#039;s dream \ud83d\udc96"},"content":{"rendered":"<p data-start=\"0\" data-end=\"47\">\u2728 <strong data-start=\"2\" data-end=\"42\">Romantic sandals \u2013 summer&#039;s dream<\/strong> \ud83d\udc96<\/p>\n<p data-start=\"49\" data-end=\"274\">\ud83c\udf3f Trendy sandals with beautiful bling and gold details<br data-start=\"104\" data-end=\"107\" \/>\ud83d\udcab Decorated with stones, symbols and buckles for a luxurious feel<br data-start=\"173\" data-end=\"176\" \/>\ud83d\udc61 Comfortable sole that fits perfectly all day long<br data-start=\"220\" data-end=\"223\" \/>\u2728 Perfect for dresses, jeans or shorts<\/p>\n<p data-start=\"276\" data-end=\"351\">\ud83c\udfa8 Available in colors:<br data-start=\"294\" data-end=\"297\" \/>\ud83d\udc99 Denim blue<br data-start=\"308\" data-end=\"311\" \/>\ud83d\udc99 Dark denim blue<br data-start=\"327\" data-end=\"330\" \/>\ud83e\udd0d Beige<br data-start=\"338\" data-end=\"341\" \/>\ud83d\udda4 Black<\/p>\n<p data-start=\"353\" data-end=\"374\">\ud83d\udccf Sizes: 36\u201341<\/p>\n<p data-start=\"376\" data-end=\"451\" data-is-last-node=\"\" data-is-only-node=\"\">\ud83d\udc96 Sandals that elevate every outfit with a romantic and sparkling touch \u2728<\/p>","protected":false},"excerpt":{"rendered":"<p data-start=\"0\" data-end=\"47\">\u2728 <strong data-start=\"2\" data-end=\"42\">Romantic sandals \u2013 summer&#039;s dream<\/strong> \ud83d\udc96<\/p>\n<p data-start=\"49\" data-end=\"274\">\ud83c\udf3f Trendy sandals with beautiful bling and gold details<br data-start=\"104\" data-end=\"107\" \/>\ud83d\udcab Decorated with stones, symbols and buckles for a luxurious feel<br data-start=\"173\" data-end=\"176\" \/>\ud83d\udc61 Comfortable sole that fits perfectly all day long<br data-start=\"220\" data-end=\"223\" \/>\u2728 Perfect for dresses, jeans or shorts<\/p>\n<p data-start=\"276\" data-end=\"351\">\ud83c\udfa8 Available in colors:<br data-start=\"294\" data-end=\"297\" \/>\ud83d\udc99 Denim blue<br data-start=\"308\" data-end=\"311\" \/>\ud83d\udc99 Dark denim blue<br data-start=\"327\" data-end=\"330\" \/>\ud83e\udd0d Beige<br data-start=\"338\" data-end=\"341\" \/>\ud83d\udda4 Black<\/p>\n<p data-start=\"353\" data-end=\"374\">\ud83d\udccf Sizes: 36\u201341<\/p>\n<p data-start=\"376\" data-end=\"451\" data-is-last-node=\"\" data-is-only-node=\"\">\ud83d\udc96 Sandals that elevate every outfit with a romantic and sparkling touch \u2728<\/p>","protected":false},"featured_media":1075121,"comment_status":"closed","ping_status":"closed","template":"","meta":[],"product_brand":[],"product_cat":[217,210],"product_tag":[],"class_list":{"0":"post-1075069","1":"product","2":"type-product","3":"status-publish","4":"has-post-thumbnail","6":"product_cat-produktnyheter","7":"product_cat-skor-stovlar","9":"first","10":"instock","11":"taxable","12":"shipping-taxable","13":"purchasable","14":"product-type-variable"},"yoast_head":"<!-- This site is optimized with the Yoast SEO Premium plugin v27.4 (Yoast SEO v27.5) - https:\/\/yoast.com\/product\/yoast-seo-premium-wordpress\/ -->\n<title>\u2728 Romantiska sandaler \u2013 sommarens dr\u00f6m \ud83d\udc96 - Stil &amp; Design<\/title>\n<meta name=\"robots\" content=\"index, follow, max-snippet:-1, max-image-preview:large, max-video-preview:-1\" \/>\n<link rel=\"canonical\" href=\"https:\/\/stilanddesign.se\/en\/product\/\u2728-romantiska-sandaler-sommarens-drom-\ud83d\udc96\/\" \/>\n<meta property=\"og:locale\" content=\"en_US\" \/>\n<meta property=\"og:type\" content=\"article\" \/>\n<meta property=\"og:title\" content=\"\u2728 Romantiska sandaler \u2013 sommarens dr\u00f6m \ud83d\udc96\" \/>\n<meta property=\"og:description\" content=\"\u2728 Romantiska sandaler \u2013 sommarens dr\u00f6m \ud83d\udc96 \ud83c\udf3f Trendiga sandaler med vackra bling- och gulddetaljer\ud83d\udcab Dekorerade med stenar, symboler och sp\u00e4nnen f\u00f6r en lyxig k\u00e4nsla\ud83d\udc61 Bekv\u00e4m sula som passar perfekt hela dagen\u2728 Perfekta till b\u00e5de kl\u00e4nning, jeans eller shorts \ud83c\udfa8 Finns i f\u00e4rger:\ud83d\udc99 Jeansbl\u00e5\ud83d\udc99 M\u00f6rk jeansbl\u00e5\ud83e\udd0d Beige\ud83d\udda4 Svart \ud83d\udccf Storlekar: 36\u201341 \ud83d\udc96 Sandaler som lyfter varje outfit med en romantisk och glittrande touch \u2728\" \/>\n<meta property=\"og:url\" content=\"https:\/\/stilanddesign.se\/en\/product\/\u2728-romantiska-sandaler-sommarens-drom-\ud83d\udc96\/\" \/>\n<meta property=\"og:site_name\" content=\"Stil &amp; Design\" \/>\n<meta property=\"article:modified_time\" content=\"2026-04-30T11:11:46+00:00\" \/>\n<meta name=\"twitter:card\" content=\"summary_large_image\" \/>\n<meta name=\"twitter:label1\" content=\"Est. reading time\" \/>\n\t<meta name=\"twitter:data1\" content=\"1 minute\" \/>\n<script type=\"application\/ld+json\" class=\"yoast-schema-graph\">{\"@context\":\"https:\\\/\\\/schema.org\",\"@graph\":[{\"@type\":\"WebPage\",\"@id\":\"https:\\\/\\\/stilanddesign.se\\\/produkt\\\/%e2%9c%a8-romantiska-sandaler-sommarens-drom-%f0%9f%92%96\\\/\",\"url\":\"https:\\\/\\\/stilanddesign.se\\\/produkt\\\/%e2%9c%a8-romantiska-sandaler-sommarens-drom-%f0%9f%92%96\\\/\",\"name\":\"\u2728 Romantiska sandaler \u2013 sommarens dr\u00f6m \ud83d\udc96 - Stil &amp; Design\",\"isPartOf\":{\"@id\":\"https:\\\/\\\/stilanddesign.se\\\/#website\"},\"primaryImageOfPage\":{\"@id\":\"https:\\\/\\\/stilanddesign.se\\\/produkt\\\/%e2%9c%a8-romantiska-sandaler-sommarens-drom-%f0%9f%92%96\\\/#primaryimage\"},\"image\":{\"@id\":\"https:\\\/\\\/stilanddesign.se\\\/produkt\\\/%e2%9c%a8-romantiska-sandaler-sommarens-drom-%f0%9f%92%96\\\/#primaryimage\"},\"thumbnailUrl\":\"https:\\\/\\\/stilanddesign.se\\\/wp-content\\\/uploads\\\/2026\\\/04\\\/85858999777.jpg\",\"datePublished\":\"2026-04-27T13:02:50+00:00\",\"dateModified\":\"2026-04-30T11:11:46+00:00\",\"breadcrumb\":{\"@id\":\"https:\\\/\\\/stilanddesign.se\\\/produkt\\\/%e2%9c%a8-romantiska-sandaler-sommarens-drom-%f0%9f%92%96\\\/#breadcrumb\"},\"inLanguage\":\"en-US\",\"potentialAction\":[{\"@type\":\"ReadAction\",\"target\":[\"https:\\\/\\\/stilanddesign.se\\\/produkt\\\/%e2%9c%a8-romantiska-sandaler-sommarens-drom-%f0%9f%92%96\\\/\"]}]},{\"@type\":\"ImageObject\",\"inLanguage\":\"en-US\",\"@id\":\"https:\\\/\\\/stilanddesign.se\\\/produkt\\\/%e2%9c%a8-romantiska-sandaler-sommarens-drom-%f0%9f%92%96\\\/#primaryimage\",\"url\":\"https:\\\/\\\/stilanddesign.se\\\/wp-content\\\/uploads\\\/2026\\\/04\\\/85858999777.jpg\",\"contentUrl\":\"https:\\\/\\\/stilanddesign.se\\\/wp-content\\\/uploads\\\/2026\\\/04\\\/85858999777.jpg\",\"width\":480,\"height\":640,\"caption\":\"Sandaler\"},{\"@type\":\"BreadcrumbList\",\"@id\":\"https:\\\/\\\/stilanddesign.se\\\/produkt\\\/%e2%9c%a8-romantiska-sandaler-sommarens-drom-%f0%9f%92%96\\\/#breadcrumb\",\"itemListElement\":[{\"@type\":\"ListItem\",\"position\":1,\"name\":\"Hem\",\"item\":\"https:\\\/\\\/stilanddesign.se\\\/\"},{\"@type\":\"ListItem\",\"position\":2,\"name\":\"Butiken\",\"item\":\"https:\\\/\\\/stilanddesign.se\\\/butiken\\\/\"},{\"@type\":\"ListItem\",\"position\":3,\"name\":\"\u2728 Romantiska sandaler \u2013 sommarens dr\u00f6m \ud83d\udc96\"}]},{\"@type\":\"WebSite\",\"@id\":\"https:\\\/\\\/stilanddesign.se\\\/#website\",\"url\":\"https:\\\/\\\/stilanddesign.se\\\/\",\"name\":\"Stil &amp; Design\",\"description\":\"F\u00f6r oss som \u00e4lskar mode!\",\"publisher\":{\"@id\":\"https:\\\/\\\/stilanddesign.se\\\/#organization\"},\"potentialAction\":[{\"@type\":\"SearchAction\",\"target\":{\"@type\":\"EntryPoint\",\"urlTemplate\":\"https:\\\/\\\/stilanddesign.se\\\/?s={search_term_string}\"},\"query-input\":{\"@type\":\"PropertyValueSpecification\",\"valueRequired\":true,\"valueName\":\"search_term_string\"}}],\"inLanguage\":\"en-US\"},{\"@type\":\"Organization\",\"@id\":\"https:\\\/\\\/stilanddesign.se\\\/#organization\",\"name\":\"Stil &amp; Design\",\"url\":\"https:\\\/\\\/stilanddesign.se\\\/\",\"logo\":{\"@type\":\"ImageObject\",\"inLanguage\":\"en-US\",\"@id\":\"https:\\\/\\\/stilanddesign.se\\\/#\\\/schema\\\/logo\\\/image\\\/\",\"url\":\"https:\\\/\\\/stilanddesign.se\\\/wp-content\\\/uploads\\\/2023\\\/12\\\/output-onlinepngtools-e1727784413220.png\",\"contentUrl\":\"https:\\\/\\\/stilanddesign.se\\\/wp-content\\\/uploads\\\/2023\\\/12\\\/output-onlinepngtools-e1727784413220.png\",\"width\":519,\"height\":135,\"caption\":\"Stil &amp; Design\"},\"image\":{\"@id\":\"https:\\\/\\\/stilanddesign.se\\\/#\\\/schema\\\/logo\\\/image\\\/\"}}]}<\/script>\n<!-- \/ Yoast SEO Premium plugin. -->","yoast_head_json":{"title":"\u2728 Romantiska sandaler \u2013 sommarens dr\u00f6m \ud83d\udc96 - Stil &amp; Design","robots":{"index":"index","follow":"follow","max-snippet":"max-snippet:-1","max-image-preview":"max-image-preview:large","max-video-preview":"max-video-preview:-1"},"canonical":"https:\/\/stilanddesign.se\/en\/product\/\u2728-romantiska-sandaler-sommarens-drom-\ud83d\udc96\/","og_locale":"en_US","og_type":"article","og_title":"\u2728 Romantiska sandaler \u2013 sommarens dr\u00f6m \ud83d\udc96","og_description":"\u2728 Romantiska sandaler \u2013 sommarens dr\u00f6m \ud83d\udc96 \ud83c\udf3f Trendiga sandaler med vackra bling- och gulddetaljer\ud83d\udcab Dekorerade med stenar, symboler och sp\u00e4nnen f\u00f6r en lyxig k\u00e4nsla\ud83d\udc61 Bekv\u00e4m sula som passar perfekt hela dagen\u2728 Perfekta till b\u00e5de kl\u00e4nning, jeans eller shorts \ud83c\udfa8 Finns i f\u00e4rger:\ud83d\udc99 Jeansbl\u00e5\ud83d\udc99 M\u00f6rk jeansbl\u00e5\ud83e\udd0d Beige\ud83d\udda4 Svart \ud83d\udccf Storlekar: 36\u201341 \ud83d\udc96 Sandaler som lyfter varje outfit med en romantisk och glittrande touch \u2728","og_url":"https:\/\/stilanddesign.se\/en\/product\/\u2728-romantiska-sandaler-sommarens-drom-\ud83d\udc96\/","og_site_name":"Stil &amp; Design","article_modified_time":"2026-04-30T11:11:46+00:00","twitter_card":"summary_large_image","twitter_misc":{"Est. reading time":"1 minute"},"schema":{"@context":"https:\/\/schema.org","@graph":[{"@type":"WebPage","@id":"https:\/\/stilanddesign.se\/produkt\/%e2%9c%a8-romantiska-sandaler-sommarens-drom-%f0%9f%92%96\/","url":"https:\/\/stilanddesign.se\/produkt\/%e2%9c%a8-romantiska-sandaler-sommarens-drom-%f0%9f%92%96\/","name":"\u2728 Romantiska sandaler \u2013 sommarens dr\u00f6m \ud83d\udc96 - Stil &amp; Design","isPartOf":{"@id":"https:\/\/stilanddesign.se\/#website"},"primaryImageOfPage":{"@id":"https:\/\/stilanddesign.se\/produkt\/%e2%9c%a8-romantiska-sandaler-sommarens-drom-%f0%9f%92%96\/#primaryimage"},"image":{"@id":"https:\/\/stilanddesign.se\/produkt\/%e2%9c%a8-romantiska-sandaler-sommarens-drom-%f0%9f%92%96\/#primaryimage"},"thumbnailUrl":"https:\/\/stilanddesign.se\/wp-content\/uploads\/2026\/04\/85858999777.jpg","datePublished":"2026-04-27T13:02:50+00:00","dateModified":"2026-04-30T11:11:46+00:00","breadcrumb":{"@id":"https:\/\/stilanddesign.se\/produkt\/%e2%9c%a8-romantiska-sandaler-sommarens-drom-%f0%9f%92%96\/#breadcrumb"},"inLanguage":"en-US","potentialAction":[{"@type":"ReadAction","target":["https:\/\/stilanddesign.se\/produkt\/%e2%9c%a8-romantiska-sandaler-sommarens-drom-%f0%9f%92%96\/"]}]},{"@type":"ImageObject","inLanguage":"en-US","@id":"https:\/\/stilanddesign.se\/produkt\/%e2%9c%a8-romantiska-sandaler-sommarens-drom-%f0%9f%92%96\/#primaryimage","url":"https:\/\/stilanddesign.se\/wp-content\/uploads\/2026\/04\/85858999777.jpg","contentUrl":"https:\/\/stilanddesign.se\/wp-content\/uploads\/2026\/04\/85858999777.jpg","width":480,"height":640,"caption":"Sandaler"},{"@type":"BreadcrumbList","@id":"https:\/\/stilanddesign.se\/produkt\/%e2%9c%a8-romantiska-sandaler-sommarens-drom-%f0%9f%92%96\/#breadcrumb","itemListElement":[{"@type":"ListItem","position":1,"name":"Hem","item":"https:\/\/stilanddesign.se\/"},{"@type":"ListItem","position":2,"name":"Butiken","item":"https:\/\/stilanddesign.se\/butiken\/"},{"@type":"ListItem","position":3,"name":"\u2728 Romantiska sandaler \u2013 sommarens dr\u00f6m \ud83d\udc96"}]},{"@type":"WebSite","@id":"https:\/\/stilanddesign.se\/#website","url":"https:\/\/stilanddesign.se\/","name":"Style &amp; Design","description":"For those of us who love fashion!","publisher":{"@id":"https:\/\/stilanddesign.se\/#organization"},"potentialAction":[{"@type":"SearchAction","target":{"@type":"EntryPoint","urlTemplate":"https:\/\/stilanddesign.se\/?s={search_term_string}"},"query-input":{"@type":"PropertyValueSpecification","valueRequired":true,"valueName":"search_term_string"}}],"inLanguage":"en-US"},{"@type":"Organization","@id":"https:\/\/stilanddesign.se\/#organization","name":"Style &amp; Design","url":"https:\/\/stilanddesign.se\/","logo":{"@type":"ImageObject","inLanguage":"en-US","@id":"https:\/\/stilanddesign.se\/#\/schema\/logo\/image\/","url":"https:\/\/stilanddesign.se\/wp-content\/uploads\/2023\/12\/output-onlinepngtools-e1727784413220.png","contentUrl":"https:\/\/stilanddesign.se\/wp-content\/uploads\/2023\/12\/output-onlinepngtools-e1727784413220.png","width":519,"height":135,"caption":"Stil &amp; Design"},"image":{"@id":"https:\/\/stilanddesign.se\/#\/schema\/logo\/image\/"}}]}},"_links":{"self":[{"href":"https:\/\/stilanddesign.se\/en\/wp-json\/wp\/v2\/product\/1075069","targetHints":{"allow":["GET"]}}],"collection":[{"href":"https:\/\/stilanddesign.se\/en\/wp-json\/wp\/v2\/product"}],"about":[{"href":"https:\/\/stilanddesign.se\/en\/wp-json\/wp\/v2\/types\/product"}],"replies":[{"embeddable":true,"href":"https:\/\/stilanddesign.se\/en\/wp-json\/wp\/v2\/comments?post=1075069"}],"wp:featuredmedia":[{"embeddable":true,"href":"https:\/\/stilanddesign.se\/en\/wp-json\/wp\/v2\/media\/1075121"}],"wp:attachment":[{"href":"https:\/\/stilanddesign.se\/en\/wp-json\/wp\/v2\/media?parent=1075069"}],"wp:term":[{"taxonomy":"product_brand","embeddable":true,"href":"https:\/\/stilanddesign.se\/en\/wp-json\/wp\/v2\/product_brand?post=1075069"},{"taxonomy":"product_cat","embeddable":true,"href":"https:\/\/stilanddesign.se\/en\/wp-json\/wp\/v2\/product_cat?post=1075069"},{"taxonomy":"product_tag","embeddable":true,"href":"https:\/\/stilanddesign.se\/en\/wp-json\/wp\/v2\/product_tag?post=1075069"}],"curies":[{"name":"wp","href":"https:\/\/api.w.org\/{rel}","templated":true}]}}