{"id":1074859,"date":"2026-04-24T16:16:07","date_gmt":"2026-04-24T14:16:07","guid":{"rendered":"https:\/\/stilanddesign.se\/?post_type=product&#038;p=1074859"},"modified":"2026-04-25T13:00:08","modified_gmt":"2026-04-25T11:00:08","slug":"linnetopp-med-paljettblomma-i-svart","status":"publish","type":"product","link":"https:\/\/stilanddesign.se\/en\/product\/linnetopp-med-paljettblomma-i-svart\/","title":{"rendered":"Linen top with sequin flower in black"},"content":{"rendered":"<h5><strong>Linen Top with Sequin Flower<\/strong><\/h5>\n<p>Lovely top with a nice flower applique on the front. Round neck with a small sleeve.<\/p>\n<p>The top is slightly further back<\/p>\n<p>Length from shoulder to front approx. 62cm<\/p>\n<p>Material; 100% linen<\/p>\n<p>Washing instructions: 30 degrees<\/p>","protected":false},"excerpt":{"rendered":"<h5><strong>Linen Top with Sequin Flower<\/strong><\/h5>\n<p>Lovely top with a nice flower applique on the front. Round neck with a small sleeve.<\/p>\n<p>The top is slightly further back<\/p>\n<p>Length from shoulder to front approx. 62cm<\/p>\n<p>Material; 100% linen<\/p>\n<p>Washing instructions: 30 degrees<\/p>","protected":false},"featured_media":1074858,"comment_status":"closed","ping_status":"closed","template":"","meta":[],"product_brand":[],"product_cat":[211,217,222],"product_tag":[],"class_list":{"0":"post-1074859","1":"product","2":"type-product","3":"status-publish","4":"has-post-thumbnail","6":"product_cat-blusar","7":"product_cat-produktnyheter","8":"product_cat-toppar-tischor","10":"first","11":"instock","12":"taxable","13":"shipping-taxable","14":"purchasable","15":"product-type-variable"},"yoast_head":"<!-- This site is optimized with the Yoast SEO Premium plugin v27.4 (Yoast SEO v27.4) - https:\/\/yoast.com\/product\/yoast-seo-premium-wordpress\/ -->\n<title>Linnetopp med Paljettblomma i svart - Stil &amp; Design<\/title>\n<meta name=\"robots\" content=\"index, follow, max-snippet:-1, max-image-preview:large, max-video-preview:-1\" \/>\n<link rel=\"canonical\" href=\"https:\/\/stilanddesign.se\/en\/product\/linnetopp-med-paljettblomma-i-svart\/\" \/>\n<meta property=\"og:locale\" content=\"en_US\" \/>\n<meta property=\"og:type\" content=\"article\" \/>\n<meta property=\"og:title\" content=\"Linnetopp med Paljettblomma i svart\" \/>\n<meta property=\"og:description\" content=\"Linnetopp med Paljettblomma Ljuvlig topp med fin blomapplikation fram Rundhalsad med en liten \u00e4rm  Toppen \u00e4r n\u00e5got l\u00e4ngre bak  L\u00e4ngd fr\u00e5n axel och ner fram ca 62cm  Material; 100% linne  Tv\u00e4ttr\u00e5d; 30 grader\" \/>\n<meta property=\"og:url\" content=\"https:\/\/stilanddesign.se\/en\/product\/linnetopp-med-paljettblomma-i-svart\/\" \/>\n<meta property=\"og:site_name\" content=\"Stil &amp; Design\" \/>\n<meta property=\"article:modified_time\" content=\"2026-04-25T11:00:08+00:00\" \/>\n<meta property=\"og:image\" content=\"https:\/\/stilanddesign.se\/wp-content\/uploads\/2026\/04\/85858888.png\" \/>\n\t<meta property=\"og:image:width\" content=\"480\" \/>\n\t<meta property=\"og:image:height\" content=\"640\" \/>\n\t<meta property=\"og:image:type\" content=\"image\/png\" \/>\n<meta name=\"twitter:card\" content=\"summary_large_image\" \/>\n<meta name=\"twitter:label1\" content=\"Est. reading time\" \/>\n\t<meta name=\"twitter:data1\" content=\"1 minute\" \/>\n<script type=\"application\/ld+json\" class=\"yoast-schema-graph\">{\"@context\":\"https:\\\/\\\/schema.org\",\"@graph\":[{\"@type\":\"WebPage\",\"@id\":\"https:\\\/\\\/stilanddesign.se\\\/produkt\\\/linnetopp-med-paljettblomma-i-svart\\\/\",\"url\":\"https:\\\/\\\/stilanddesign.se\\\/produkt\\\/linnetopp-med-paljettblomma-i-svart\\\/\",\"name\":\"Linnetopp med Paljettblomma i svart - Stil &amp; Design\",\"isPartOf\":{\"@id\":\"https:\\\/\\\/stilanddesign.se\\\/#website\"},\"primaryImageOfPage\":{\"@id\":\"https:\\\/\\\/stilanddesign.se\\\/produkt\\\/linnetopp-med-paljettblomma-i-svart\\\/#primaryimage\"},\"image\":{\"@id\":\"https:\\\/\\\/stilanddesign.se\\\/produkt\\\/linnetopp-med-paljettblomma-i-svart\\\/#primaryimage\"},\"thumbnailUrl\":\"https:\\\/\\\/stilanddesign.se\\\/wp-content\\\/uploads\\\/2026\\\/04\\\/85858888.png\",\"datePublished\":\"2026-04-24T14:16:07+00:00\",\"dateModified\":\"2026-04-25T11:00:08+00:00\",\"breadcrumb\":{\"@id\":\"https:\\\/\\\/stilanddesign.se\\\/produkt\\\/linnetopp-med-paljettblomma-i-svart\\\/#breadcrumb\"},\"inLanguage\":\"en-US\",\"potentialAction\":[{\"@type\":\"ReadAction\",\"target\":[\"https:\\\/\\\/stilanddesign.se\\\/produkt\\\/linnetopp-med-paljettblomma-i-svart\\\/\"]}]},{\"@type\":\"ImageObject\",\"inLanguage\":\"en-US\",\"@id\":\"https:\\\/\\\/stilanddesign.se\\\/produkt\\\/linnetopp-med-paljettblomma-i-svart\\\/#primaryimage\",\"url\":\"https:\\\/\\\/stilanddesign.se\\\/wp-content\\\/uploads\\\/2026\\\/04\\\/85858888.png\",\"contentUrl\":\"https:\\\/\\\/stilanddesign.se\\\/wp-content\\\/uploads\\\/2026\\\/04\\\/85858888.png\",\"width\":480,\"height\":640,\"caption\":\"Linnetopp med paljetter i svart\"},{\"@type\":\"BreadcrumbList\",\"@id\":\"https:\\\/\\\/stilanddesign.se\\\/produkt\\\/linnetopp-med-paljettblomma-i-svart\\\/#breadcrumb\",\"itemListElement\":[{\"@type\":\"ListItem\",\"position\":1,\"name\":\"Hem\",\"item\":\"https:\\\/\\\/stilanddesign.se\\\/\"},{\"@type\":\"ListItem\",\"position\":2,\"name\":\"Butiken\",\"item\":\"https:\\\/\\\/stilanddesign.se\\\/butiken\\\/\"},{\"@type\":\"ListItem\",\"position\":3,\"name\":\"Linnetopp med Paljettblomma i svart\"}]},{\"@type\":\"WebSite\",\"@id\":\"https:\\\/\\\/stilanddesign.se\\\/#website\",\"url\":\"https:\\\/\\\/stilanddesign.se\\\/\",\"name\":\"Stil &amp; Design\",\"description\":\"F\u00f6r oss som \u00e4lskar mode!\",\"publisher\":{\"@id\":\"https:\\\/\\\/stilanddesign.se\\\/#organization\"},\"potentialAction\":[{\"@type\":\"SearchAction\",\"target\":{\"@type\":\"EntryPoint\",\"urlTemplate\":\"https:\\\/\\\/stilanddesign.se\\\/?s={search_term_string}\"},\"query-input\":{\"@type\":\"PropertyValueSpecification\",\"valueRequired\":true,\"valueName\":\"search_term_string\"}}],\"inLanguage\":\"en-US\"},{\"@type\":\"Organization\",\"@id\":\"https:\\\/\\\/stilanddesign.se\\\/#organization\",\"name\":\"Stil &amp; Design\",\"url\":\"https:\\\/\\\/stilanddesign.se\\\/\",\"logo\":{\"@type\":\"ImageObject\",\"inLanguage\":\"en-US\",\"@id\":\"https:\\\/\\\/stilanddesign.se\\\/#\\\/schema\\\/logo\\\/image\\\/\",\"url\":\"https:\\\/\\\/stilanddesign.se\\\/wp-content\\\/uploads\\\/2023\\\/12\\\/output-onlinepngtools-e1727784413220.png\",\"contentUrl\":\"https:\\\/\\\/stilanddesign.se\\\/wp-content\\\/uploads\\\/2023\\\/12\\\/output-onlinepngtools-e1727784413220.png\",\"width\":519,\"height\":135,\"caption\":\"Stil &amp; Design\"},\"image\":{\"@id\":\"https:\\\/\\\/stilanddesign.se\\\/#\\\/schema\\\/logo\\\/image\\\/\"}}]}<\/script>\n<!-- \/ Yoast SEO Premium plugin. -->","yoast_head_json":{"title":"Linnetopp med Paljettblomma i svart - Stil &amp; Design","robots":{"index":"index","follow":"follow","max-snippet":"max-snippet:-1","max-image-preview":"max-image-preview:large","max-video-preview":"max-video-preview:-1"},"canonical":"https:\/\/stilanddesign.se\/en\/product\/linnetopp-med-paljettblomma-i-svart\/","og_locale":"en_US","og_type":"article","og_title":"Linnetopp med Paljettblomma i svart","og_description":"Linnetopp med Paljettblomma Ljuvlig topp med fin blomapplikation fram Rundhalsad med en liten \u00e4rm  Toppen \u00e4r n\u00e5got l\u00e4ngre bak  L\u00e4ngd fr\u00e5n axel och ner fram ca 62cm  Material; 100% linne  Tv\u00e4ttr\u00e5d; 30 grader","og_url":"https:\/\/stilanddesign.se\/en\/product\/linnetopp-med-paljettblomma-i-svart\/","og_site_name":"Stil &amp; Design","article_modified_time":"2026-04-25T11:00:08+00:00","og_image":[{"width":480,"height":640,"url":"https:\/\/stilanddesign.se\/wp-content\/uploads\/2026\/04\/85858888.png","type":"image\/png"}],"twitter_card":"summary_large_image","twitter_misc":{"Est. reading time":"1 minute"},"schema":{"@context":"https:\/\/schema.org","@graph":[{"@type":"WebPage","@id":"https:\/\/stilanddesign.se\/produkt\/linnetopp-med-paljettblomma-i-svart\/","url":"https:\/\/stilanddesign.se\/produkt\/linnetopp-med-paljettblomma-i-svart\/","name":"Linnetopp med Paljettblomma i svart - Stil &amp; Design","isPartOf":{"@id":"https:\/\/stilanddesign.se\/#website"},"primaryImageOfPage":{"@id":"https:\/\/stilanddesign.se\/produkt\/linnetopp-med-paljettblomma-i-svart\/#primaryimage"},"image":{"@id":"https:\/\/stilanddesign.se\/produkt\/linnetopp-med-paljettblomma-i-svart\/#primaryimage"},"thumbnailUrl":"https:\/\/stilanddesign.se\/wp-content\/uploads\/2026\/04\/85858888.png","datePublished":"2026-04-24T14:16:07+00:00","dateModified":"2026-04-25T11:00:08+00:00","breadcrumb":{"@id":"https:\/\/stilanddesign.se\/produkt\/linnetopp-med-paljettblomma-i-svart\/#breadcrumb"},"inLanguage":"en-US","potentialAction":[{"@type":"ReadAction","target":["https:\/\/stilanddesign.se\/produkt\/linnetopp-med-paljettblomma-i-svart\/"]}]},{"@type":"ImageObject","inLanguage":"en-US","@id":"https:\/\/stilanddesign.se\/produkt\/linnetopp-med-paljettblomma-i-svart\/#primaryimage","url":"https:\/\/stilanddesign.se\/wp-content\/uploads\/2026\/04\/85858888.png","contentUrl":"https:\/\/stilanddesign.se\/wp-content\/uploads\/2026\/04\/85858888.png","width":480,"height":640,"caption":"Linnetopp med paljetter i svart"},{"@type":"BreadcrumbList","@id":"https:\/\/stilanddesign.se\/produkt\/linnetopp-med-paljettblomma-i-svart\/#breadcrumb","itemListElement":[{"@type":"ListItem","position":1,"name":"Hem","item":"https:\/\/stilanddesign.se\/"},{"@type":"ListItem","position":2,"name":"Butiken","item":"https:\/\/stilanddesign.se\/butiken\/"},{"@type":"ListItem","position":3,"name":"Linnetopp med Paljettblomma i svart"}]},{"@type":"WebSite","@id":"https:\/\/stilanddesign.se\/#website","url":"https:\/\/stilanddesign.se\/","name":"Style &amp; Design","description":"For those of us who love fashion!","publisher":{"@id":"https:\/\/stilanddesign.se\/#organization"},"potentialAction":[{"@type":"SearchAction","target":{"@type":"EntryPoint","urlTemplate":"https:\/\/stilanddesign.se\/?s={search_term_string}"},"query-input":{"@type":"PropertyValueSpecification","valueRequired":true,"valueName":"search_term_string"}}],"inLanguage":"en-US"},{"@type":"Organization","@id":"https:\/\/stilanddesign.se\/#organization","name":"Style &amp; Design","url":"https:\/\/stilanddesign.se\/","logo":{"@type":"ImageObject","inLanguage":"en-US","@id":"https:\/\/stilanddesign.se\/#\/schema\/logo\/image\/","url":"https:\/\/stilanddesign.se\/wp-content\/uploads\/2023\/12\/output-onlinepngtools-e1727784413220.png","contentUrl":"https:\/\/stilanddesign.se\/wp-content\/uploads\/2023\/12\/output-onlinepngtools-e1727784413220.png","width":519,"height":135,"caption":"Stil &amp; Design"},"image":{"@id":"https:\/\/stilanddesign.se\/#\/schema\/logo\/image\/"}}]}},"_links":{"self":[{"href":"https:\/\/stilanddesign.se\/en\/wp-json\/wp\/v2\/product\/1074859","targetHints":{"allow":["GET"]}}],"collection":[{"href":"https:\/\/stilanddesign.se\/en\/wp-json\/wp\/v2\/product"}],"about":[{"href":"https:\/\/stilanddesign.se\/en\/wp-json\/wp\/v2\/types\/product"}],"replies":[{"embeddable":true,"href":"https:\/\/stilanddesign.se\/en\/wp-json\/wp\/v2\/comments?post=1074859"}],"wp:featuredmedia":[{"embeddable":true,"href":"https:\/\/stilanddesign.se\/en\/wp-json\/wp\/v2\/media\/1074858"}],"wp:attachment":[{"href":"https:\/\/stilanddesign.se\/en\/wp-json\/wp\/v2\/media?parent=1074859"}],"wp:term":[{"taxonomy":"product_brand","embeddable":true,"href":"https:\/\/stilanddesign.se\/en\/wp-json\/wp\/v2\/product_brand?post=1074859"},{"taxonomy":"product_cat","embeddable":true,"href":"https:\/\/stilanddesign.se\/en\/wp-json\/wp\/v2\/product_cat?post=1074859"},{"taxonomy":"product_tag","embeddable":true,"href":"https:\/\/stilanddesign.se\/en\/wp-json\/wp\/v2\/product_tag?post=1074859"}],"curies":[{"name":"wp","href":"https:\/\/api.w.org\/{rel}","templated":true}]}}