{"id":1074692,"date":"2026-04-23T16:41:21","date_gmt":"2026-04-23T14:41:21","guid":{"rendered":"https:\/\/stilanddesign.se\/?post_type=product&#038;p=1074692"},"modified":"2026-05-11T13:39:10","modified_gmt":"2026-05-11T11:39:10","slug":"%f0%9f%92%99-lang-klanning-frasch-feminin-elegans-%e2%9c%a8","status":"publish","type":"product","link":"https:\/\/stilanddesign.se\/en\/product\/%f0%9f%92%99-lang-klanning-frasch-feminin-elegans-%e2%9c%a8\/","title":{"rendered":"\ud83d\udc99 Long dress \u2013 fresh &amp; feminine elegance \u2728"},"content":{"rendered":"<p data-start=\"0\" data-end=\"51\">\ud83d\udc99 <strong data-start=\"3\" data-end=\"47\">Long dress \u2013 fresh &amp; feminine elegance<\/strong> \u2728<\/p>\n<p data-start=\"53\" data-end=\"264\">\ud83c\udf38 Blue patterned in beautiful tones<br data-start=\"82\" data-end=\"85\" \/>\ud83d\udcab Round neck with elasticated edge<br data-start=\"111\" data-end=\"114\" \/>\ud83d\udc5a Short sleeves with elastic cuffs<br data-start=\"145\" data-end=\"148\" \/>\ud83c\udf3f Decorative wooden buttons at the front<br data-start=\"181\" data-end=\"184\" data-is-only-node=\"\" \/>\ud83d\udc4c Pockets on the sides<br data-start=\"203\" data-end=\"206\" \/>\u2728 Flattering smocking at the waist<br data-start=\"233\" data-end=\"236\" \/>\ud83d\udc57 Maxi length with a nice drape<\/p>\n<p data-start=\"266\" data-end=\"287\">\ud83d\udccf Length: approx. 132 cm<\/p>\n<p data-start=\"289\" data-end=\"344\">\ud83e\uddf5 Material: 80% viscose, 20% elastane<br data-start=\"325\" data-end=\"328\" \/>\ud83e\udee7 Washing: 30\u00b0C<\/p>\n<p data-start=\"346\" data-end=\"448\">\ud83d\udc61 <strong data-start=\"349\" data-end=\"365\">Styling tips:<\/strong> Match with sandals for a summery look or heels for a more dressed up style \ud83d\udc95<\/p>\n<p data-start=\"450\" data-end=\"535\" data-is-last-node=\"\" data-is-only-node=\"\">\ud83d\udc96 A dress that combines comfort with style - perfect for both everyday life and parties \ud83d\udc99\u2728<\/p>\n<p>&nbsp;<\/p>\n<p>&nbsp;<\/p>\n<p>&nbsp;<\/p>\n<p>&nbsp;<\/p>","protected":false},"excerpt":{"rendered":"<p data-start=\"0\" data-end=\"51\">\ud83d\udc99 <strong data-start=\"3\" data-end=\"47\">Long dress \u2013 fresh &amp; feminine elegance<\/strong> \u2728<\/p>\n<p data-start=\"53\" data-end=\"264\">\ud83c\udf38 Blue patterned in beautiful tones<br data-start=\"82\" data-end=\"85\" \/>\ud83d\udcab Round neck with elasticated edge<br data-start=\"111\" data-end=\"114\" \/>\ud83d\udc5a Short sleeves with elastic cuffs<br data-start=\"145\" data-end=\"148\" \/>\ud83c\udf3f Decorative wooden buttons at the front<br data-start=\"181\" data-end=\"184\" data-is-only-node=\"\" \/>\ud83d\udc4c Pockets on the sides<br data-start=\"203\" data-end=\"206\" \/>\u2728 Flattering smocking at the waist<br data-start=\"233\" data-end=\"236\" \/>\ud83d\udc57 Maxi length with a nice drape<\/p>\n<p data-start=\"266\" data-end=\"287\">\ud83d\udccf Length: approx. 132 cm<\/p>\n<p data-start=\"289\" data-end=\"344\">\ud83e\uddf5 Material: 80% viscose, 20% elastane<br data-start=\"325\" data-end=\"328\" \/>\ud83e\udee7 Washing: 30\u00b0C<\/p>\n<p data-start=\"346\" data-end=\"448\">\ud83d\udc61 <strong data-start=\"349\" data-end=\"365\">Styling tips:<\/strong> Match with sandals for a summery look or heels for a more dressed up style \ud83d\udc95<\/p>\n<p data-start=\"450\" data-end=\"535\" data-is-last-node=\"\" data-is-only-node=\"\">\ud83d\udc96 A dress that combines comfort with style - perfect for both everyday life and parties \ud83d\udc99\u2728<\/p>","protected":false},"featured_media":1074691,"comment_status":"closed","ping_status":"closed","template":"","meta":[],"product_brand":[],"product_cat":[215],"product_tag":[],"class_list":{"0":"post-1074692","1":"product","2":"type-product","3":"status-publish","4":"has-post-thumbnail","6":"product_cat-klanningar","8":"first","9":"instock","10":"taxable","11":"shipping-taxable","12":"purchasable","13":"product-type-variable"},"yoast_head":"<!-- This site is optimized with the Yoast SEO Premium plugin v27.4 (Yoast SEO v27.5) - https:\/\/yoast.com\/product\/yoast-seo-premium-wordpress\/ -->\n<title>\ud83d\udc99 L\u00e5ng kl\u00e4nning \u2013 fr\u00e4sch &amp; feminin elegans \u2728 - Stil &amp; Design<\/title>\n<meta name=\"robots\" content=\"index, follow, max-snippet:-1, max-image-preview:large, max-video-preview:-1\" \/>\n<link rel=\"canonical\" href=\"https:\/\/stilanddesign.se\/en\/product\/\ud83d\udc99-lang-klanning-frasch-feminin-elegans-\u2728\/\" \/>\n<meta property=\"og:locale\" content=\"en_US\" \/>\n<meta property=\"og:type\" content=\"article\" \/>\n<meta property=\"og:title\" content=\"\ud83d\udc99 L\u00e5ng kl\u00e4nning \u2013 fr\u00e4sch &amp; feminin elegans \u2728\" \/>\n<meta property=\"og:description\" content=\"\ud83d\udc99 L\u00e5ng kl\u00e4nning \u2013 fr\u00e4sch &amp; feminin elegans \u2728 \ud83c\udf38 Bl\u00e5m\u00f6nstrad i vackra toner\ud83d\udcab Rund hals med res\u00e5rkant\ud83d\udc5a Kort \u00e4rm med res\u00e5r i \u00e4rmslut\ud83c\udf3f Dekorativa tr\u00e4knappar framtill\ud83d\udc4c Fickor i sidorna\u2728 Smickrande smock i midjan\ud83d\udc57 Maxil\u00e4ngd med fint fall \ud83d\udccf L\u00e4ngd: ca 132 cm \ud83e\uddf5 Material: 80% viskos, 20% elastan\ud83e\udee7 Tv\u00e4tt: 30\u00b0C \ud83d\udc61 Stylingtips: Matcha med sandaler f\u00f6r en somrig look eller klackar f\u00f6r en mer uppkl\u00e4dd stil \ud83d\udc95 \ud83d\udc96 En kl\u00e4nning som kombinerar komfort med stil \u2013 perfekt f\u00f6r b\u00e5de vardag och fest \ud83d\udc99\u2728\" \/>\n<meta property=\"og:url\" content=\"https:\/\/stilanddesign.se\/en\/product\/\ud83d\udc99-lang-klanning-frasch-feminin-elegans-\u2728\/\" \/>\n<meta property=\"og:site_name\" content=\"Stil &amp; Design\" \/>\n<meta property=\"article:modified_time\" content=\"2026-05-11T11:39:10+00:00\" \/>\n<meta property=\"og:image\" content=\"https:\/\/stilanddesign.se\/wp-content\/uploads\/2026\/04\/85858589999000.png\" \/>\n\t<meta property=\"og:image:width\" content=\"480\" \/>\n\t<meta property=\"og:image:height\" content=\"640\" \/>\n\t<meta property=\"og:image:type\" content=\"image\/png\" \/>\n<meta name=\"twitter:card\" content=\"summary_large_image\" \/>\n<meta name=\"twitter:label1\" content=\"Est. reading time\" \/>\n\t<meta name=\"twitter:data1\" content=\"1 minute\" \/>\n<script type=\"application\/ld+json\" class=\"yoast-schema-graph\">{\"@context\":\"https:\\\/\\\/schema.org\",\"@graph\":[{\"@type\":\"WebPage\",\"@id\":\"https:\\\/\\\/stilanddesign.se\\\/produkt\\\/%f0%9f%92%99-lang-klanning-frasch-feminin-elegans-%e2%9c%a8\\\/\",\"url\":\"https:\\\/\\\/stilanddesign.se\\\/produkt\\\/%f0%9f%92%99-lang-klanning-frasch-feminin-elegans-%e2%9c%a8\\\/\",\"name\":\"\ud83d\udc99 L\u00e5ng kl\u00e4nning \u2013 fr\u00e4sch & feminin elegans \u2728 - Stil &amp; Design\",\"isPartOf\":{\"@id\":\"https:\\\/\\\/stilanddesign.se\\\/#website\"},\"primaryImageOfPage\":{\"@id\":\"https:\\\/\\\/stilanddesign.se\\\/produkt\\\/%f0%9f%92%99-lang-klanning-frasch-feminin-elegans-%e2%9c%a8\\\/#primaryimage\"},\"image\":{\"@id\":\"https:\\\/\\\/stilanddesign.se\\\/produkt\\\/%f0%9f%92%99-lang-klanning-frasch-feminin-elegans-%e2%9c%a8\\\/#primaryimage\"},\"thumbnailUrl\":\"https:\\\/\\\/stilanddesign.se\\\/wp-content\\\/uploads\\\/2026\\\/04\\\/85858589999000.png\",\"datePublished\":\"2026-04-23T14:41:21+00:00\",\"dateModified\":\"2026-05-11T11:39:10+00:00\",\"breadcrumb\":{\"@id\":\"https:\\\/\\\/stilanddesign.se\\\/produkt\\\/%f0%9f%92%99-lang-klanning-frasch-feminin-elegans-%e2%9c%a8\\\/#breadcrumb\"},\"inLanguage\":\"en-US\",\"potentialAction\":[{\"@type\":\"ReadAction\",\"target\":[\"https:\\\/\\\/stilanddesign.se\\\/produkt\\\/%f0%9f%92%99-lang-klanning-frasch-feminin-elegans-%e2%9c%a8\\\/\"]}]},{\"@type\":\"ImageObject\",\"inLanguage\":\"en-US\",\"@id\":\"https:\\\/\\\/stilanddesign.se\\\/produkt\\\/%f0%9f%92%99-lang-klanning-frasch-feminin-elegans-%e2%9c%a8\\\/#primaryimage\",\"url\":\"https:\\\/\\\/stilanddesign.se\\\/wp-content\\\/uploads\\\/2026\\\/04\\\/85858589999000.png\",\"contentUrl\":\"https:\\\/\\\/stilanddesign.se\\\/wp-content\\\/uploads\\\/2026\\\/04\\\/85858589999000.png\",\"width\":480,\"height\":640,\"caption\":\"L\u00e5ng bl\u00e5m\u00f6nstrad kl\u00e4nning\"},{\"@type\":\"BreadcrumbList\",\"@id\":\"https:\\\/\\\/stilanddesign.se\\\/produkt\\\/%f0%9f%92%99-lang-klanning-frasch-feminin-elegans-%e2%9c%a8\\\/#breadcrumb\",\"itemListElement\":[{\"@type\":\"ListItem\",\"position\":1,\"name\":\"Hem\",\"item\":\"https:\\\/\\\/stilanddesign.se\\\/\"},{\"@type\":\"ListItem\",\"position\":2,\"name\":\"Butiken\",\"item\":\"https:\\\/\\\/stilanddesign.se\\\/butiken\\\/\"},{\"@type\":\"ListItem\",\"position\":3,\"name\":\"\ud83d\udc99 L\u00e5ng kl\u00e4nning \u2013 fr\u00e4sch &#038; feminin elegans \u2728\"}]},{\"@type\":\"WebSite\",\"@id\":\"https:\\\/\\\/stilanddesign.se\\\/#website\",\"url\":\"https:\\\/\\\/stilanddesign.se\\\/\",\"name\":\"Stil &amp; Design\",\"description\":\"F\u00f6r oss som \u00e4lskar mode!\",\"publisher\":{\"@id\":\"https:\\\/\\\/stilanddesign.se\\\/#organization\"},\"potentialAction\":[{\"@type\":\"SearchAction\",\"target\":{\"@type\":\"EntryPoint\",\"urlTemplate\":\"https:\\\/\\\/stilanddesign.se\\\/?s={search_term_string}\"},\"query-input\":{\"@type\":\"PropertyValueSpecification\",\"valueRequired\":true,\"valueName\":\"search_term_string\"}}],\"inLanguage\":\"en-US\"},{\"@type\":\"Organization\",\"@id\":\"https:\\\/\\\/stilanddesign.se\\\/#organization\",\"name\":\"Stil &amp; Design\",\"url\":\"https:\\\/\\\/stilanddesign.se\\\/\",\"logo\":{\"@type\":\"ImageObject\",\"inLanguage\":\"en-US\",\"@id\":\"https:\\\/\\\/stilanddesign.se\\\/#\\\/schema\\\/logo\\\/image\\\/\",\"url\":\"https:\\\/\\\/stilanddesign.se\\\/wp-content\\\/uploads\\\/2023\\\/12\\\/output-onlinepngtools-e1727784413220.png\",\"contentUrl\":\"https:\\\/\\\/stilanddesign.se\\\/wp-content\\\/uploads\\\/2023\\\/12\\\/output-onlinepngtools-e1727784413220.png\",\"width\":519,\"height\":135,\"caption\":\"Stil &amp; Design\"},\"image\":{\"@id\":\"https:\\\/\\\/stilanddesign.se\\\/#\\\/schema\\\/logo\\\/image\\\/\"}}]}<\/script>\n<!-- \/ Yoast SEO Premium plugin. -->","yoast_head_json":{"title":"\ud83d\udc99 L\u00e5ng kl\u00e4nning \u2013 fr\u00e4sch & feminin elegans \u2728 - Stil &amp; Design","robots":{"index":"index","follow":"follow","max-snippet":"max-snippet:-1","max-image-preview":"max-image-preview:large","max-video-preview":"max-video-preview:-1"},"canonical":"https:\/\/stilanddesign.se\/en\/product\/\ud83d\udc99-lang-klanning-frasch-feminin-elegans-\u2728\/","og_locale":"en_US","og_type":"article","og_title":"\ud83d\udc99 L\u00e5ng kl\u00e4nning \u2013 fr\u00e4sch & feminin elegans \u2728","og_description":"\ud83d\udc99 L\u00e5ng kl\u00e4nning \u2013 fr\u00e4sch &amp; feminin elegans \u2728 \ud83c\udf38 Bl\u00e5m\u00f6nstrad i vackra toner\ud83d\udcab Rund hals med res\u00e5rkant\ud83d\udc5a Kort \u00e4rm med res\u00e5r i \u00e4rmslut\ud83c\udf3f Dekorativa tr\u00e4knappar framtill\ud83d\udc4c Fickor i sidorna\u2728 Smickrande smock i midjan\ud83d\udc57 Maxil\u00e4ngd med fint fall \ud83d\udccf L\u00e4ngd: ca 132 cm \ud83e\uddf5 Material: 80% viskos, 20% elastan\ud83e\udee7 Tv\u00e4tt: 30\u00b0C \ud83d\udc61 Stylingtips: Matcha med sandaler f\u00f6r en somrig look eller klackar f\u00f6r en mer uppkl\u00e4dd stil \ud83d\udc95 \ud83d\udc96 En kl\u00e4nning som kombinerar komfort med stil \u2013 perfekt f\u00f6r b\u00e5de vardag och fest \ud83d\udc99\u2728","og_url":"https:\/\/stilanddesign.se\/en\/product\/\ud83d\udc99-lang-klanning-frasch-feminin-elegans-\u2728\/","og_site_name":"Stil &amp; Design","article_modified_time":"2026-05-11T11:39:10+00:00","og_image":[{"width":480,"height":640,"url":"https:\/\/stilanddesign.se\/wp-content\/uploads\/2026\/04\/85858589999000.png","type":"image\/png"}],"twitter_card":"summary_large_image","twitter_misc":{"Est. reading time":"1 minute"},"schema":{"@context":"https:\/\/schema.org","@graph":[{"@type":"WebPage","@id":"https:\/\/stilanddesign.se\/produkt\/%f0%9f%92%99-lang-klanning-frasch-feminin-elegans-%e2%9c%a8\/","url":"https:\/\/stilanddesign.se\/produkt\/%f0%9f%92%99-lang-klanning-frasch-feminin-elegans-%e2%9c%a8\/","name":"\ud83d\udc99 L\u00e5ng kl\u00e4nning \u2013 fr\u00e4sch & feminin elegans \u2728 - Stil &amp; Design","isPartOf":{"@id":"https:\/\/stilanddesign.se\/#website"},"primaryImageOfPage":{"@id":"https:\/\/stilanddesign.se\/produkt\/%f0%9f%92%99-lang-klanning-frasch-feminin-elegans-%e2%9c%a8\/#primaryimage"},"image":{"@id":"https:\/\/stilanddesign.se\/produkt\/%f0%9f%92%99-lang-klanning-frasch-feminin-elegans-%e2%9c%a8\/#primaryimage"},"thumbnailUrl":"https:\/\/stilanddesign.se\/wp-content\/uploads\/2026\/04\/85858589999000.png","datePublished":"2026-04-23T14:41:21+00:00","dateModified":"2026-05-11T11:39:10+00:00","breadcrumb":{"@id":"https:\/\/stilanddesign.se\/produkt\/%f0%9f%92%99-lang-klanning-frasch-feminin-elegans-%e2%9c%a8\/#breadcrumb"},"inLanguage":"en-US","potentialAction":[{"@type":"ReadAction","target":["https:\/\/stilanddesign.se\/produkt\/%f0%9f%92%99-lang-klanning-frasch-feminin-elegans-%e2%9c%a8\/"]}]},{"@type":"ImageObject","inLanguage":"en-US","@id":"https:\/\/stilanddesign.se\/produkt\/%f0%9f%92%99-lang-klanning-frasch-feminin-elegans-%e2%9c%a8\/#primaryimage","url":"https:\/\/stilanddesign.se\/wp-content\/uploads\/2026\/04\/85858589999000.png","contentUrl":"https:\/\/stilanddesign.se\/wp-content\/uploads\/2026\/04\/85858589999000.png","width":480,"height":640,"caption":"L\u00e5ng bl\u00e5m\u00f6nstrad kl\u00e4nning"},{"@type":"BreadcrumbList","@id":"https:\/\/stilanddesign.se\/produkt\/%f0%9f%92%99-lang-klanning-frasch-feminin-elegans-%e2%9c%a8\/#breadcrumb","itemListElement":[{"@type":"ListItem","position":1,"name":"Hem","item":"https:\/\/stilanddesign.se\/"},{"@type":"ListItem","position":2,"name":"Butiken","item":"https:\/\/stilanddesign.se\/butiken\/"},{"@type":"ListItem","position":3,"name":"\ud83d\udc99 L\u00e5ng kl\u00e4nning \u2013 fr\u00e4sch &#038; feminin elegans \u2728"}]},{"@type":"WebSite","@id":"https:\/\/stilanddesign.se\/#website","url":"https:\/\/stilanddesign.se\/","name":"Style &amp; Design","description":"For those of us who love fashion!","publisher":{"@id":"https:\/\/stilanddesign.se\/#organization"},"potentialAction":[{"@type":"SearchAction","target":{"@type":"EntryPoint","urlTemplate":"https:\/\/stilanddesign.se\/?s={search_term_string}"},"query-input":{"@type":"PropertyValueSpecification","valueRequired":true,"valueName":"search_term_string"}}],"inLanguage":"en-US"},{"@type":"Organization","@id":"https:\/\/stilanddesign.se\/#organization","name":"Style &amp; Design","url":"https:\/\/stilanddesign.se\/","logo":{"@type":"ImageObject","inLanguage":"en-US","@id":"https:\/\/stilanddesign.se\/#\/schema\/logo\/image\/","url":"https:\/\/stilanddesign.se\/wp-content\/uploads\/2023\/12\/output-onlinepngtools-e1727784413220.png","contentUrl":"https:\/\/stilanddesign.se\/wp-content\/uploads\/2023\/12\/output-onlinepngtools-e1727784413220.png","width":519,"height":135,"caption":"Stil &amp; Design"},"image":{"@id":"https:\/\/stilanddesign.se\/#\/schema\/logo\/image\/"}}]}},"_links":{"self":[{"href":"https:\/\/stilanddesign.se\/en\/wp-json\/wp\/v2\/product\/1074692","targetHints":{"allow":["GET"]}}],"collection":[{"href":"https:\/\/stilanddesign.se\/en\/wp-json\/wp\/v2\/product"}],"about":[{"href":"https:\/\/stilanddesign.se\/en\/wp-json\/wp\/v2\/types\/product"}],"replies":[{"embeddable":true,"href":"https:\/\/stilanddesign.se\/en\/wp-json\/wp\/v2\/comments?post=1074692"}],"wp:featuredmedia":[{"embeddable":true,"href":"https:\/\/stilanddesign.se\/en\/wp-json\/wp\/v2\/media\/1074691"}],"wp:attachment":[{"href":"https:\/\/stilanddesign.se\/en\/wp-json\/wp\/v2\/media?parent=1074692"}],"wp:term":[{"taxonomy":"product_brand","embeddable":true,"href":"https:\/\/stilanddesign.se\/en\/wp-json\/wp\/v2\/product_brand?post=1074692"},{"taxonomy":"product_cat","embeddable":true,"href":"https:\/\/stilanddesign.se\/en\/wp-json\/wp\/v2\/product_cat?post=1074692"},{"taxonomy":"product_tag","embeddable":true,"href":"https:\/\/stilanddesign.se\/en\/wp-json\/wp\/v2\/product_tag?post=1074692"}],"curies":[{"name":"wp","href":"https:\/\/api.w.org\/{rel}","templated":true}]}}