{"id":1074679,"date":"2026-04-24T10:52:01","date_gmt":"2026-04-24T08:52:01","guid":{"rendered":"https:\/\/stilanddesign.se\/?post_type=product&#038;p=1074679"},"modified":"2026-04-24T10:53:22","modified_gmt":"2026-04-24T08:53:22","slug":"%f0%9f%8c%bc-kort-klanning-fargstark-somrig-favorit-%e2%9c%a8","status":"publish","type":"product","link":"https:\/\/stilanddesign.se\/en\/product\/%f0%9f%8c%bc-kort-klanning-fargstark-somrig-favorit-%e2%9c%a8\/","title":{"rendered":"\ud83c\udf3c Short dress \u2013 colorful &amp; summery favorite \u2728"},"content":{"rendered":"<p data-start=\"0\" data-end=\"53\">\ud83c\udf3c <strong data-start=\"3\" data-end=\"49\">Kort kl\u00e4nning \u2013 f\u00e4rgstark &amp; somrig favorit<\/strong> \u2728<\/p>\n<p data-start=\"55\" data-end=\"275\">\ud83c\udf3f M\u00f6nstrad i gula och rosa toner<br data-start=\"88\" data-end=\"91\" \/>\ud83d\udcab Round neck with elasticated edge<br data-start=\"117\" data-end=\"120\" \/>\ud83d\udc5a Short sleeves with elastic cuffs<br data-start=\"151\" data-end=\"154\" \/>\ud83c\udf3f Decorative wooden buttons at the front<br data-start=\"187\" data-end=\"190\" data-is-only-node=\"\" \/>\ud83d\udc4c Pockets on the sides<br data-start=\"209\" data-end=\"212\" \/>\u2728 Flattering smocking at the waist<br data-start=\"239\" data-end=\"242\" \/>\ud83d\udc57 Kortare modell med fint fall<\/p>\n<p data-start=\"277\" data-end=\"298\">\ud83d\udccf Length: approx. 107 cm<\/p>\n<p data-start=\"300\" data-end=\"355\">\ud83e\uddf5 Material: 80% viscose, 20% elastane<br data-start=\"336\" data-end=\"339\" \/>\ud83e\udee7 Washing: 30\u00b0C<\/p>\n<p data-start=\"357\" data-end=\"462\">\ud83d\udc61 <strong data-start=\"360\" data-end=\"376\">Styling tips:<\/strong> Match with sandals for a summery look or sneakers for a more relaxed style \ud83d\udc95<\/p>\n<p data-start=\"464\" data-end=\"526\" data-is-last-node=\"\" data-is-only-node=\"\">\ud83d\udc96 En glad och feminin kl\u00e4nning som lyser upp din garderob \ud83c\udf3c\u2728<\/p>\n<p>&nbsp;<\/p>\n<p>&nbsp;<\/p>\n<p>&nbsp;<\/p>","protected":false},"excerpt":{"rendered":"<p data-start=\"0\" data-end=\"53\">\ud83c\udf3c <strong data-start=\"3\" data-end=\"49\">Kort kl\u00e4nning \u2013 f\u00e4rgstark &amp; somrig favorit<\/strong> \u2728<\/p>\n<p data-start=\"55\" data-end=\"275\">\ud83c\udf3f M\u00f6nstrad i gula och rosa toner<br data-start=\"88\" data-end=\"91\" \/>\ud83d\udcab Round neck with elasticated edge<br data-start=\"117\" data-end=\"120\" \/>\ud83d\udc5a Short sleeves with elastic cuffs<br data-start=\"151\" data-end=\"154\" \/>\ud83c\udf3f Decorative wooden buttons at the front<br data-start=\"187\" data-end=\"190\" data-is-only-node=\"\" \/>\ud83d\udc4c Pockets on the sides<br data-start=\"209\" data-end=\"212\" \/>\u2728 Flattering smocking at the waist<br data-start=\"239\" data-end=\"242\" \/>\ud83d\udc57 Kortare modell med fint fall<\/p>\n<p data-start=\"277\" data-end=\"298\">\ud83d\udccf Length: approx. 107 cm<\/p>\n<p data-start=\"300\" data-end=\"355\">\ud83e\uddf5 Material: 80% viscose, 20% elastane<br data-start=\"336\" data-end=\"339\" \/>\ud83e\udee7 Washing: 30\u00b0C<\/p>\n<p data-start=\"357\" data-end=\"462\">\ud83d\udc61 <strong data-start=\"360\" data-end=\"376\">Styling tips:<\/strong> Match with sandals for a summery look or sneakers for a more relaxed style \ud83d\udc95<\/p>\n<p data-start=\"464\" data-end=\"526\" data-is-last-node=\"\" data-is-only-node=\"\">\ud83d\udc96 En glad och feminin kl\u00e4nning som lyser upp din garderob \ud83c\udf3c\u2728<\/p>","protected":false},"featured_media":1074769,"comment_status":"closed","ping_status":"closed","template":"","meta":[],"product_brand":[],"product_cat":[215,217],"product_tag":[],"class_list":{"0":"post-1074679","1":"product","2":"type-product","3":"status-publish","4":"has-post-thumbnail","6":"product_cat-klanningar","7":"product_cat-produktnyheter","9":"first","10":"instock","11":"taxable","12":"shipping-taxable","13":"purchasable","14":"product-type-variable"},"yoast_head":"<!-- This site is optimized with the Yoast SEO Premium plugin v27.4 (Yoast SEO v27.4) - https:\/\/yoast.com\/product\/yoast-seo-premium-wordpress\/ -->\n<title>\ud83c\udf3c Kort kl\u00e4nning \u2013 f\u00e4rgstark &amp; somrig favorit \u2728 - Stil &amp; Design<\/title>\n<meta name=\"robots\" content=\"index, follow, max-snippet:-1, max-image-preview:large, max-video-preview:-1\" \/>\n<link rel=\"canonical\" href=\"https:\/\/stilanddesign.se\/en\/product\/\ud83c\udf3c-kort-klanning-fargstark-somrig-favorit-\u2728\/\" \/>\n<meta property=\"og:locale\" content=\"en_US\" \/>\n<meta property=\"og:type\" content=\"article\" \/>\n<meta property=\"og:title\" content=\"\ud83c\udf3c Kort kl\u00e4nning \u2013 f\u00e4rgstark &amp; somrig favorit \u2728\" \/>\n<meta property=\"og:description\" content=\"\ud83c\udf3c Kort kl\u00e4nning \u2013 f\u00e4rgstark &amp; somrig favorit \u2728 \ud83c\udf3f M\u00f6nstrad i gula och rosa toner\ud83d\udcab Rund hals med res\u00e5rkant\ud83d\udc5a Kort \u00e4rm med res\u00e5r i \u00e4rmslut\ud83c\udf3f Dekorativa tr\u00e4knappar framtill\ud83d\udc4c Fickor i sidorna\u2728 Smickrande smock i midjan\ud83d\udc57 Kortare modell med fint fall \ud83d\udccf L\u00e4ngd: ca 107 cm \ud83e\uddf5 Material: 80% viskos, 20% elastan\ud83e\udee7 Tv\u00e4tt: 30\u00b0C \ud83d\udc61 Stylingtips: Matcha med sandaler f\u00f6r en somrig look eller sneakers f\u00f6r en mer avslappnad stil \ud83d\udc95 \ud83d\udc96 En glad och feminin kl\u00e4nning som lyser upp din garderob \ud83c\udf3c\u2728\" \/>\n<meta property=\"og:url\" content=\"https:\/\/stilanddesign.se\/en\/product\/\ud83c\udf3c-kort-klanning-fargstark-somrig-favorit-\u2728\/\" \/>\n<meta property=\"og:site_name\" content=\"Stil &amp; Design\" \/>\n<meta property=\"article:modified_time\" content=\"2026-04-24T08:53:22+00:00\" \/>\n<meta name=\"twitter:card\" content=\"summary_large_image\" \/>\n<meta name=\"twitter:label1\" content=\"Est. reading time\" \/>\n\t<meta name=\"twitter:data1\" content=\"1 minute\" \/>\n<script type=\"application\/ld+json\" class=\"yoast-schema-graph\">{\"@context\":\"https:\\\/\\\/schema.org\",\"@graph\":[{\"@type\":\"WebPage\",\"@id\":\"https:\\\/\\\/stilanddesign.se\\\/produkt\\\/%f0%9f%8c%bc-kort-klanning-fargstark-somrig-favorit-%e2%9c%a8\\\/\",\"url\":\"https:\\\/\\\/stilanddesign.se\\\/produkt\\\/%f0%9f%8c%bc-kort-klanning-fargstark-somrig-favorit-%e2%9c%a8\\\/\",\"name\":\"\ud83c\udf3c Kort kl\u00e4nning \u2013 f\u00e4rgstark & somrig favorit \u2728 - Stil &amp; Design\",\"isPartOf\":{\"@id\":\"https:\\\/\\\/stilanddesign.se\\\/#website\"},\"primaryImageOfPage\":{\"@id\":\"https:\\\/\\\/stilanddesign.se\\\/produkt\\\/%f0%9f%8c%bc-kort-klanning-fargstark-somrig-favorit-%e2%9c%a8\\\/#primaryimage\"},\"image\":{\"@id\":\"https:\\\/\\\/stilanddesign.se\\\/produkt\\\/%f0%9f%8c%bc-kort-klanning-fargstark-somrig-favorit-%e2%9c%a8\\\/#primaryimage\"},\"thumbnailUrl\":\"https:\\\/\\\/stilanddesign.se\\\/wp-content\\\/uploads\\\/2026\\\/04\\\/854546311111.jpg\",\"datePublished\":\"2026-04-24T08:52:01+00:00\",\"dateModified\":\"2026-04-24T08:53:22+00:00\",\"breadcrumb\":{\"@id\":\"https:\\\/\\\/stilanddesign.se\\\/produkt\\\/%f0%9f%8c%bc-kort-klanning-fargstark-somrig-favorit-%e2%9c%a8\\\/#breadcrumb\"},\"inLanguage\":\"en-US\",\"potentialAction\":[{\"@type\":\"ReadAction\",\"target\":[\"https:\\\/\\\/stilanddesign.se\\\/produkt\\\/%f0%9f%8c%bc-kort-klanning-fargstark-somrig-favorit-%e2%9c%a8\\\/\"]}]},{\"@type\":\"ImageObject\",\"inLanguage\":\"en-US\",\"@id\":\"https:\\\/\\\/stilanddesign.se\\\/produkt\\\/%f0%9f%8c%bc-kort-klanning-fargstark-somrig-favorit-%e2%9c%a8\\\/#primaryimage\",\"url\":\"https:\\\/\\\/stilanddesign.se\\\/wp-content\\\/uploads\\\/2026\\\/04\\\/854546311111.jpg\",\"contentUrl\":\"https:\\\/\\\/stilanddesign.se\\\/wp-content\\\/uploads\\\/2026\\\/04\\\/854546311111.jpg\",\"width\":380,\"height\":640,\"caption\":\"Kort kl\u00e4nning m\u00f6nstrad i gult\"},{\"@type\":\"BreadcrumbList\",\"@id\":\"https:\\\/\\\/stilanddesign.se\\\/produkt\\\/%f0%9f%8c%bc-kort-klanning-fargstark-somrig-favorit-%e2%9c%a8\\\/#breadcrumb\",\"itemListElement\":[{\"@type\":\"ListItem\",\"position\":1,\"name\":\"Hem\",\"item\":\"https:\\\/\\\/stilanddesign.se\\\/\"},{\"@type\":\"ListItem\",\"position\":2,\"name\":\"Butiken\",\"item\":\"https:\\\/\\\/stilanddesign.se\\\/butiken\\\/\"},{\"@type\":\"ListItem\",\"position\":3,\"name\":\"\ud83c\udf3c Kort kl\u00e4nning \u2013 f\u00e4rgstark &#038; somrig favorit \u2728\"}]},{\"@type\":\"WebSite\",\"@id\":\"https:\\\/\\\/stilanddesign.se\\\/#website\",\"url\":\"https:\\\/\\\/stilanddesign.se\\\/\",\"name\":\"Stil &amp; Design\",\"description\":\"F\u00f6r oss som \u00e4lskar mode!\",\"publisher\":{\"@id\":\"https:\\\/\\\/stilanddesign.se\\\/#organization\"},\"potentialAction\":[{\"@type\":\"SearchAction\",\"target\":{\"@type\":\"EntryPoint\",\"urlTemplate\":\"https:\\\/\\\/stilanddesign.se\\\/?s={search_term_string}\"},\"query-input\":{\"@type\":\"PropertyValueSpecification\",\"valueRequired\":true,\"valueName\":\"search_term_string\"}}],\"inLanguage\":\"en-US\"},{\"@type\":\"Organization\",\"@id\":\"https:\\\/\\\/stilanddesign.se\\\/#organization\",\"name\":\"Stil &amp; Design\",\"url\":\"https:\\\/\\\/stilanddesign.se\\\/\",\"logo\":{\"@type\":\"ImageObject\",\"inLanguage\":\"en-US\",\"@id\":\"https:\\\/\\\/stilanddesign.se\\\/#\\\/schema\\\/logo\\\/image\\\/\",\"url\":\"https:\\\/\\\/stilanddesign.se\\\/wp-content\\\/uploads\\\/2023\\\/12\\\/output-onlinepngtools-e1727784413220.png\",\"contentUrl\":\"https:\\\/\\\/stilanddesign.se\\\/wp-content\\\/uploads\\\/2023\\\/12\\\/output-onlinepngtools-e1727784413220.png\",\"width\":519,\"height\":135,\"caption\":\"Stil &amp; Design\"},\"image\":{\"@id\":\"https:\\\/\\\/stilanddesign.se\\\/#\\\/schema\\\/logo\\\/image\\\/\"}}]}<\/script>\n<!-- \/ Yoast SEO Premium plugin. -->","yoast_head_json":{"title":"\ud83c\udf3c Kort kl\u00e4nning \u2013 f\u00e4rgstark & somrig favorit \u2728 - Stil &amp; Design","robots":{"index":"index","follow":"follow","max-snippet":"max-snippet:-1","max-image-preview":"max-image-preview:large","max-video-preview":"max-video-preview:-1"},"canonical":"https:\/\/stilanddesign.se\/en\/product\/\ud83c\udf3c-kort-klanning-fargstark-somrig-favorit-\u2728\/","og_locale":"en_US","og_type":"article","og_title":"\ud83c\udf3c Kort kl\u00e4nning \u2013 f\u00e4rgstark & somrig favorit \u2728","og_description":"\ud83c\udf3c Kort kl\u00e4nning \u2013 f\u00e4rgstark &amp; somrig favorit \u2728 \ud83c\udf3f M\u00f6nstrad i gula och rosa toner\ud83d\udcab Rund hals med res\u00e5rkant\ud83d\udc5a Kort \u00e4rm med res\u00e5r i \u00e4rmslut\ud83c\udf3f Dekorativa tr\u00e4knappar framtill\ud83d\udc4c Fickor i sidorna\u2728 Smickrande smock i midjan\ud83d\udc57 Kortare modell med fint fall \ud83d\udccf L\u00e4ngd: ca 107 cm \ud83e\uddf5 Material: 80% viskos, 20% elastan\ud83e\udee7 Tv\u00e4tt: 30\u00b0C \ud83d\udc61 Stylingtips: Matcha med sandaler f\u00f6r en somrig look eller sneakers f\u00f6r en mer avslappnad stil \ud83d\udc95 \ud83d\udc96 En glad och feminin kl\u00e4nning som lyser upp din garderob \ud83c\udf3c\u2728","og_url":"https:\/\/stilanddesign.se\/en\/product\/\ud83c\udf3c-kort-klanning-fargstark-somrig-favorit-\u2728\/","og_site_name":"Stil &amp; Design","article_modified_time":"2026-04-24T08:53:22+00:00","twitter_card":"summary_large_image","twitter_misc":{"Est. reading time":"1 minute"},"schema":{"@context":"https:\/\/schema.org","@graph":[{"@type":"WebPage","@id":"https:\/\/stilanddesign.se\/produkt\/%f0%9f%8c%bc-kort-klanning-fargstark-somrig-favorit-%e2%9c%a8\/","url":"https:\/\/stilanddesign.se\/produkt\/%f0%9f%8c%bc-kort-klanning-fargstark-somrig-favorit-%e2%9c%a8\/","name":"\ud83c\udf3c Kort kl\u00e4nning \u2013 f\u00e4rgstark & somrig favorit \u2728 - Stil &amp; Design","isPartOf":{"@id":"https:\/\/stilanddesign.se\/#website"},"primaryImageOfPage":{"@id":"https:\/\/stilanddesign.se\/produkt\/%f0%9f%8c%bc-kort-klanning-fargstark-somrig-favorit-%e2%9c%a8\/#primaryimage"},"image":{"@id":"https:\/\/stilanddesign.se\/produkt\/%f0%9f%8c%bc-kort-klanning-fargstark-somrig-favorit-%e2%9c%a8\/#primaryimage"},"thumbnailUrl":"https:\/\/stilanddesign.se\/wp-content\/uploads\/2026\/04\/854546311111.jpg","datePublished":"2026-04-24T08:52:01+00:00","dateModified":"2026-04-24T08:53:22+00:00","breadcrumb":{"@id":"https:\/\/stilanddesign.se\/produkt\/%f0%9f%8c%bc-kort-klanning-fargstark-somrig-favorit-%e2%9c%a8\/#breadcrumb"},"inLanguage":"en-US","potentialAction":[{"@type":"ReadAction","target":["https:\/\/stilanddesign.se\/produkt\/%f0%9f%8c%bc-kort-klanning-fargstark-somrig-favorit-%e2%9c%a8\/"]}]},{"@type":"ImageObject","inLanguage":"en-US","@id":"https:\/\/stilanddesign.se\/produkt\/%f0%9f%8c%bc-kort-klanning-fargstark-somrig-favorit-%e2%9c%a8\/#primaryimage","url":"https:\/\/stilanddesign.se\/wp-content\/uploads\/2026\/04\/854546311111.jpg","contentUrl":"https:\/\/stilanddesign.se\/wp-content\/uploads\/2026\/04\/854546311111.jpg","width":380,"height":640,"caption":"Kort kl\u00e4nning m\u00f6nstrad i gult"},{"@type":"BreadcrumbList","@id":"https:\/\/stilanddesign.se\/produkt\/%f0%9f%8c%bc-kort-klanning-fargstark-somrig-favorit-%e2%9c%a8\/#breadcrumb","itemListElement":[{"@type":"ListItem","position":1,"name":"Hem","item":"https:\/\/stilanddesign.se\/"},{"@type":"ListItem","position":2,"name":"Butiken","item":"https:\/\/stilanddesign.se\/butiken\/"},{"@type":"ListItem","position":3,"name":"\ud83c\udf3c Kort kl\u00e4nning \u2013 f\u00e4rgstark &#038; somrig favorit \u2728"}]},{"@type":"WebSite","@id":"https:\/\/stilanddesign.se\/#website","url":"https:\/\/stilanddesign.se\/","name":"Style &amp; Design","description":"For those of us who love fashion!","publisher":{"@id":"https:\/\/stilanddesign.se\/#organization"},"potentialAction":[{"@type":"SearchAction","target":{"@type":"EntryPoint","urlTemplate":"https:\/\/stilanddesign.se\/?s={search_term_string}"},"query-input":{"@type":"PropertyValueSpecification","valueRequired":true,"valueName":"search_term_string"}}],"inLanguage":"en-US"},{"@type":"Organization","@id":"https:\/\/stilanddesign.se\/#organization","name":"Style &amp; Design","url":"https:\/\/stilanddesign.se\/","logo":{"@type":"ImageObject","inLanguage":"en-US","@id":"https:\/\/stilanddesign.se\/#\/schema\/logo\/image\/","url":"https:\/\/stilanddesign.se\/wp-content\/uploads\/2023\/12\/output-onlinepngtools-e1727784413220.png","contentUrl":"https:\/\/stilanddesign.se\/wp-content\/uploads\/2023\/12\/output-onlinepngtools-e1727784413220.png","width":519,"height":135,"caption":"Stil &amp; Design"},"image":{"@id":"https:\/\/stilanddesign.se\/#\/schema\/logo\/image\/"}}]}},"_links":{"self":[{"href":"https:\/\/stilanddesign.se\/en\/wp-json\/wp\/v2\/product\/1074679","targetHints":{"allow":["GET"]}}],"collection":[{"href":"https:\/\/stilanddesign.se\/en\/wp-json\/wp\/v2\/product"}],"about":[{"href":"https:\/\/stilanddesign.se\/en\/wp-json\/wp\/v2\/types\/product"}],"replies":[{"embeddable":true,"href":"https:\/\/stilanddesign.se\/en\/wp-json\/wp\/v2\/comments?post=1074679"}],"wp:featuredmedia":[{"embeddable":true,"href":"https:\/\/stilanddesign.se\/en\/wp-json\/wp\/v2\/media\/1074769"}],"wp:attachment":[{"href":"https:\/\/stilanddesign.se\/en\/wp-json\/wp\/v2\/media?parent=1074679"}],"wp:term":[{"taxonomy":"product_brand","embeddable":true,"href":"https:\/\/stilanddesign.se\/en\/wp-json\/wp\/v2\/product_brand?post=1074679"},{"taxonomy":"product_cat","embeddable":true,"href":"https:\/\/stilanddesign.se\/en\/wp-json\/wp\/v2\/product_cat?post=1074679"},{"taxonomy":"product_tag","embeddable":true,"href":"https:\/\/stilanddesign.se\/en\/wp-json\/wp\/v2\/product_tag?post=1074679"}],"curies":[{"name":"wp","href":"https:\/\/api.w.org\/{rel}","templated":true}]}}