{"id":1074460,"date":"2026-04-22T16:04:03","date_gmt":"2026-04-22T14:04:03","guid":{"rendered":"https:\/\/stilanddesign.se\/?post_type=product&#038;p=1074460"},"modified":"2026-04-22T17:18:19","modified_gmt":"2026-04-22T15:18:19","slug":"fin-vit-bomullsblus-med-parlkant-pa-v-ringningen","status":"publish","type":"product","link":"https:\/\/stilanddesign.se\/en\/product\/fin-vit-bomullsblus-med-parlkant-pa-v-ringningen\/","title":{"rendered":"Nice white cotton blouse with pearl trim on the V-neckline"},"content":{"rendered":"<h1>Cotton blouse<\/h1>\n<p class=\"tws-article-description--article-number\">Art.no: Jasmine White<\/p>\n<div class=\"tws-article-description--text-container\">\n<div class=\"tws-article-description--text\">Jasmine is the blouse that feels as airy as a summer day. Made from 100% cotton, it feels cool and comfortable, while the soft balloon sleeves give a nice, relaxed fit. The small lace at the neck and the button at the cuffs add just the right amount of detail \u2013 simple yet well thought out. Perfect when you want to feel comfortable, fresh and naturally beautiful.<\/div>\n<div><\/div>\n<\/div>\n<p>Material: 100% cotton Size: Onesize, fits 34-44 Bust: 65 cm<\/p>","protected":false},"excerpt":{"rendered":"<h1 class=\"\">Cotton blouse<\/h1>\n<p class=\"tws-article-description--article-number\">Art.no: Jasmine White<\/p>\n<div class=\"tws-article-description--text-container\">\n<div class=\"tws-article-description--text\">Jasmine is the blouse that feels as airy as a summer day. Made from 100% cotton, it feels cool and comfortable, while the soft balloon sleeves give a nice, relaxed fit. The small lace at the neck and the button at the cuffs add just the right amount of detail \u2013 simple yet well thought out. Perfect when you want to feel comfortable, fresh and naturally beautiful.<\/div>\n<div><\/div>\n<\/div>\n<p>Material: 100% cotton Size: Onesize, fits 34-44 Bust: 65 cm<\/p>","protected":false},"featured_media":1074456,"comment_status":"closed","ping_status":"closed","template":"","meta":[],"product_brand":[],"product_cat":[211,217],"product_tag":[],"class_list":{"0":"post-1074460","1":"product","2":"type-product","3":"status-publish","4":"has-post-thumbnail","6":"product_cat-blusar","7":"product_cat-produktnyheter","9":"first","10":"instock","11":"taxable","12":"shipping-taxable","13":"purchasable","14":"product-type-variable"},"yoast_head":"<!-- This site is optimized with the Yoast SEO Premium plugin v27.4 (Yoast SEO v27.4) - https:\/\/yoast.com\/product\/yoast-seo-premium-wordpress\/ -->\n<title>Fin vit bomullsblus med p\u00e4rlkant p\u00e5 V-ringningen - Stil &amp; Design<\/title>\n<meta name=\"robots\" content=\"index, follow, max-snippet:-1, max-image-preview:large, max-video-preview:-1\" \/>\n<link rel=\"canonical\" href=\"https:\/\/stilanddesign.se\/en\/product\/fin-vit-bomullsblus-med-parlkant-pa-v-ringningen\/\" \/>\n<meta property=\"og:locale\" content=\"en_US\" \/>\n<meta property=\"og:type\" content=\"article\" \/>\n<meta property=\"og:title\" content=\"Fin vit bomullsblus med p\u00e4rlkant p\u00e5 V-ringningen\" \/>\n<meta property=\"og:description\" content=\"Blus i bomull Art.nr:\u00a0Jasmine White   Jasmine \u00e4r blusen som k\u00e4nns lika luftig som en sommardag. I 100% bomull f\u00e5r du en sval och sk\u00f6n k\u00e4nsla, medan de mjuka ballong\u00e4rmarna ger ett fint, avslappnat fall. Den lilla sn\u00f6rningen i halsen och knappen vid \u00e4rmsluten adderar precis lagom med detaljer \u2013 enkelt men \u00e4nd\u00e5 genomt\u00e4nkt. Perfekt n\u00e4r du vill k\u00e4nna dig b\u00e5de bekv\u00e4m, fr\u00e4sch och naturligt fin.   Material: 100% bomull Storlek: Onesize, passar 34-44 Bystm\u00e5tt: 65 cm\" \/>\n<meta property=\"og:url\" content=\"https:\/\/stilanddesign.se\/en\/product\/fin-vit-bomullsblus-med-parlkant-pa-v-ringningen\/\" \/>\n<meta property=\"og:site_name\" content=\"Stil &amp; Design\" \/>\n<meta property=\"article:modified_time\" content=\"2026-04-22T15:18:19+00:00\" \/>\n<meta name=\"twitter:card\" content=\"summary_large_image\" \/>\n<meta name=\"twitter:label1\" content=\"Est. reading time\" \/>\n\t<meta name=\"twitter:data1\" content=\"1 minute\" \/>\n<script type=\"application\/ld+json\" class=\"yoast-schema-graph\">{\"@context\":\"https:\\\/\\\/schema.org\",\"@graph\":[{\"@type\":\"WebPage\",\"@id\":\"https:\\\/\\\/stilanddesign.se\\\/produkt\\\/fin-vit-bomullsblus-med-parlkant-pa-v-ringningen\\\/\",\"url\":\"https:\\\/\\\/stilanddesign.se\\\/produkt\\\/fin-vit-bomullsblus-med-parlkant-pa-v-ringningen\\\/\",\"name\":\"Fin vit bomullsblus med p\u00e4rlkant p\u00e5 V-ringningen - Stil &amp; Design\",\"isPartOf\":{\"@id\":\"https:\\\/\\\/stilanddesign.se\\\/#website\"},\"primaryImageOfPage\":{\"@id\":\"https:\\\/\\\/stilanddesign.se\\\/produkt\\\/fin-vit-bomullsblus-med-parlkant-pa-v-ringningen\\\/#primaryimage\"},\"image\":{\"@id\":\"https:\\\/\\\/stilanddesign.se\\\/produkt\\\/fin-vit-bomullsblus-med-parlkant-pa-v-ringningen\\\/#primaryimage\"},\"thumbnailUrl\":\"https:\\\/\\\/stilanddesign.se\\\/wp-content\\\/uploads\\\/2026\\\/04\\\/858585899999.avif\",\"datePublished\":\"2026-04-22T14:04:03+00:00\",\"dateModified\":\"2026-04-22T15:18:19+00:00\",\"breadcrumb\":{\"@id\":\"https:\\\/\\\/stilanddesign.se\\\/produkt\\\/fin-vit-bomullsblus-med-parlkant-pa-v-ringningen\\\/#breadcrumb\"},\"inLanguage\":\"en-US\",\"potentialAction\":[{\"@type\":\"ReadAction\",\"target\":[\"https:\\\/\\\/stilanddesign.se\\\/produkt\\\/fin-vit-bomullsblus-med-parlkant-pa-v-ringningen\\\/\"]}]},{\"@type\":\"ImageObject\",\"inLanguage\":\"en-US\",\"@id\":\"https:\\\/\\\/stilanddesign.se\\\/produkt\\\/fin-vit-bomullsblus-med-parlkant-pa-v-ringningen\\\/#primaryimage\",\"url\":\"https:\\\/\\\/stilanddesign.se\\\/wp-content\\\/uploads\\\/2026\\\/04\\\/858585899999.avif\",\"contentUrl\":\"https:\\\/\\\/stilanddesign.se\\\/wp-content\\\/uploads\\\/2026\\\/04\\\/858585899999.avif\",\"width\":1080,\"height\":1440,\"caption\":\"Bomullsblus i vitt\"},{\"@type\":\"BreadcrumbList\",\"@id\":\"https:\\\/\\\/stilanddesign.se\\\/produkt\\\/fin-vit-bomullsblus-med-parlkant-pa-v-ringningen\\\/#breadcrumb\",\"itemListElement\":[{\"@type\":\"ListItem\",\"position\":1,\"name\":\"Hem\",\"item\":\"https:\\\/\\\/stilanddesign.se\\\/\"},{\"@type\":\"ListItem\",\"position\":2,\"name\":\"Butiken\",\"item\":\"https:\\\/\\\/stilanddesign.se\\\/butiken\\\/\"},{\"@type\":\"ListItem\",\"position\":3,\"name\":\"Fin vit bomullsblus med p\u00e4rlkant p\u00e5 V-ringningen\"}]},{\"@type\":\"WebSite\",\"@id\":\"https:\\\/\\\/stilanddesign.se\\\/#website\",\"url\":\"https:\\\/\\\/stilanddesign.se\\\/\",\"name\":\"Stil &amp; Design\",\"description\":\"F\u00f6r oss som \u00e4lskar mode!\",\"publisher\":{\"@id\":\"https:\\\/\\\/stilanddesign.se\\\/#organization\"},\"potentialAction\":[{\"@type\":\"SearchAction\",\"target\":{\"@type\":\"EntryPoint\",\"urlTemplate\":\"https:\\\/\\\/stilanddesign.se\\\/?s={search_term_string}\"},\"query-input\":{\"@type\":\"PropertyValueSpecification\",\"valueRequired\":true,\"valueName\":\"search_term_string\"}}],\"inLanguage\":\"en-US\"},{\"@type\":\"Organization\",\"@id\":\"https:\\\/\\\/stilanddesign.se\\\/#organization\",\"name\":\"Stil &amp; Design\",\"url\":\"https:\\\/\\\/stilanddesign.se\\\/\",\"logo\":{\"@type\":\"ImageObject\",\"inLanguage\":\"en-US\",\"@id\":\"https:\\\/\\\/stilanddesign.se\\\/#\\\/schema\\\/logo\\\/image\\\/\",\"url\":\"https:\\\/\\\/stilanddesign.se\\\/wp-content\\\/uploads\\\/2023\\\/12\\\/output-onlinepngtools-e1727784413220.png\",\"contentUrl\":\"https:\\\/\\\/stilanddesign.se\\\/wp-content\\\/uploads\\\/2023\\\/12\\\/output-onlinepngtools-e1727784413220.png\",\"width\":519,\"height\":135,\"caption\":\"Stil &amp; Design\"},\"image\":{\"@id\":\"https:\\\/\\\/stilanddesign.se\\\/#\\\/schema\\\/logo\\\/image\\\/\"}}]}<\/script>\n<!-- \/ Yoast SEO Premium plugin. -->","yoast_head_json":{"title":"Fin vit bomullsblus med p\u00e4rlkant p\u00e5 V-ringningen - Stil &amp; Design","robots":{"index":"index","follow":"follow","max-snippet":"max-snippet:-1","max-image-preview":"max-image-preview:large","max-video-preview":"max-video-preview:-1"},"canonical":"https:\/\/stilanddesign.se\/en\/product\/fin-vit-bomullsblus-med-parlkant-pa-v-ringningen\/","og_locale":"en_US","og_type":"article","og_title":"Fin vit bomullsblus med p\u00e4rlkant p\u00e5 V-ringningen","og_description":"Blus i bomull Art.nr:\u00a0Jasmine White   Jasmine \u00e4r blusen som k\u00e4nns lika luftig som en sommardag. I 100% bomull f\u00e5r du en sval och sk\u00f6n k\u00e4nsla, medan de mjuka ballong\u00e4rmarna ger ett fint, avslappnat fall. Den lilla sn\u00f6rningen i halsen och knappen vid \u00e4rmsluten adderar precis lagom med detaljer \u2013 enkelt men \u00e4nd\u00e5 genomt\u00e4nkt. Perfekt n\u00e4r du vill k\u00e4nna dig b\u00e5de bekv\u00e4m, fr\u00e4sch och naturligt fin.   Material: 100% bomull Storlek: Onesize, passar 34-44 Bystm\u00e5tt: 65 cm","og_url":"https:\/\/stilanddesign.se\/en\/product\/fin-vit-bomullsblus-med-parlkant-pa-v-ringningen\/","og_site_name":"Stil &amp; Design","article_modified_time":"2026-04-22T15:18:19+00:00","twitter_card":"summary_large_image","twitter_misc":{"Est. reading time":"1 minute"},"schema":{"@context":"https:\/\/schema.org","@graph":[{"@type":"WebPage","@id":"https:\/\/stilanddesign.se\/produkt\/fin-vit-bomullsblus-med-parlkant-pa-v-ringningen\/","url":"https:\/\/stilanddesign.se\/produkt\/fin-vit-bomullsblus-med-parlkant-pa-v-ringningen\/","name":"Fin vit bomullsblus med p\u00e4rlkant p\u00e5 V-ringningen - Stil &amp; Design","isPartOf":{"@id":"https:\/\/stilanddesign.se\/#website"},"primaryImageOfPage":{"@id":"https:\/\/stilanddesign.se\/produkt\/fin-vit-bomullsblus-med-parlkant-pa-v-ringningen\/#primaryimage"},"image":{"@id":"https:\/\/stilanddesign.se\/produkt\/fin-vit-bomullsblus-med-parlkant-pa-v-ringningen\/#primaryimage"},"thumbnailUrl":"https:\/\/stilanddesign.se\/wp-content\/uploads\/2026\/04\/858585899999.avif","datePublished":"2026-04-22T14:04:03+00:00","dateModified":"2026-04-22T15:18:19+00:00","breadcrumb":{"@id":"https:\/\/stilanddesign.se\/produkt\/fin-vit-bomullsblus-med-parlkant-pa-v-ringningen\/#breadcrumb"},"inLanguage":"en-US","potentialAction":[{"@type":"ReadAction","target":["https:\/\/stilanddesign.se\/produkt\/fin-vit-bomullsblus-med-parlkant-pa-v-ringningen\/"]}]},{"@type":"ImageObject","inLanguage":"en-US","@id":"https:\/\/stilanddesign.se\/produkt\/fin-vit-bomullsblus-med-parlkant-pa-v-ringningen\/#primaryimage","url":"https:\/\/stilanddesign.se\/wp-content\/uploads\/2026\/04\/858585899999.avif","contentUrl":"https:\/\/stilanddesign.se\/wp-content\/uploads\/2026\/04\/858585899999.avif","width":1080,"height":1440,"caption":"Bomullsblus i vitt"},{"@type":"BreadcrumbList","@id":"https:\/\/stilanddesign.se\/produkt\/fin-vit-bomullsblus-med-parlkant-pa-v-ringningen\/#breadcrumb","itemListElement":[{"@type":"ListItem","position":1,"name":"Hem","item":"https:\/\/stilanddesign.se\/"},{"@type":"ListItem","position":2,"name":"Butiken","item":"https:\/\/stilanddesign.se\/butiken\/"},{"@type":"ListItem","position":3,"name":"Fin vit bomullsblus med p\u00e4rlkant p\u00e5 V-ringningen"}]},{"@type":"WebSite","@id":"https:\/\/stilanddesign.se\/#website","url":"https:\/\/stilanddesign.se\/","name":"Style &amp; Design","description":"For those of us who love fashion!","publisher":{"@id":"https:\/\/stilanddesign.se\/#organization"},"potentialAction":[{"@type":"SearchAction","target":{"@type":"EntryPoint","urlTemplate":"https:\/\/stilanddesign.se\/?s={search_term_string}"},"query-input":{"@type":"PropertyValueSpecification","valueRequired":true,"valueName":"search_term_string"}}],"inLanguage":"en-US"},{"@type":"Organization","@id":"https:\/\/stilanddesign.se\/#organization","name":"Style &amp; Design","url":"https:\/\/stilanddesign.se\/","logo":{"@type":"ImageObject","inLanguage":"en-US","@id":"https:\/\/stilanddesign.se\/#\/schema\/logo\/image\/","url":"https:\/\/stilanddesign.se\/wp-content\/uploads\/2023\/12\/output-onlinepngtools-e1727784413220.png","contentUrl":"https:\/\/stilanddesign.se\/wp-content\/uploads\/2023\/12\/output-onlinepngtools-e1727784413220.png","width":519,"height":135,"caption":"Stil &amp; Design"},"image":{"@id":"https:\/\/stilanddesign.se\/#\/schema\/logo\/image\/"}}]}},"_links":{"self":[{"href":"https:\/\/stilanddesign.se\/en\/wp-json\/wp\/v2\/product\/1074460","targetHints":{"allow":["GET"]}}],"collection":[{"href":"https:\/\/stilanddesign.se\/en\/wp-json\/wp\/v2\/product"}],"about":[{"href":"https:\/\/stilanddesign.se\/en\/wp-json\/wp\/v2\/types\/product"}],"replies":[{"embeddable":true,"href":"https:\/\/stilanddesign.se\/en\/wp-json\/wp\/v2\/comments?post=1074460"}],"wp:featuredmedia":[{"embeddable":true,"href":"https:\/\/stilanddesign.se\/en\/wp-json\/wp\/v2\/media\/1074456"}],"wp:attachment":[{"href":"https:\/\/stilanddesign.se\/en\/wp-json\/wp\/v2\/media?parent=1074460"}],"wp:term":[{"taxonomy":"product_brand","embeddable":true,"href":"https:\/\/stilanddesign.se\/en\/wp-json\/wp\/v2\/product_brand?post=1074460"},{"taxonomy":"product_cat","embeddable":true,"href":"https:\/\/stilanddesign.se\/en\/wp-json\/wp\/v2\/product_cat?post=1074460"},{"taxonomy":"product_tag","embeddable":true,"href":"https:\/\/stilanddesign.se\/en\/wp-json\/wp\/v2\/product_tag?post=1074460"}],"curies":[{"name":"wp","href":"https:\/\/api.w.org\/{rel}","templated":true}]}}