{"id":1074451,"date":"2026-04-23T16:10:15","date_gmt":"2026-04-23T14:10:15","guid":{"rendered":"https:\/\/stilanddesign.se\/?post_type=product&#038;p=1074451"},"modified":"2026-04-23T16:11:02","modified_gmt":"2026-04-23T14:11:02","slug":"ragna-canvasjacka-i-gult","status":"publish","type":"product","link":"https:\/\/stilanddesign.se\/en\/product\/ragna-canvasjacka-i-gult\/","title":{"rendered":"Ragna canvas jacket in yellow"},"content":{"rendered":"<section class=\"text-token-text-primary w-full focus:outline-none [--shadow-height:45px] has-data-writing-block:pointer-events-none has-data-writing-block:-mt-(--shadow-height) has-data-writing-block:pt-(--shadow-height) [&amp;:has([data-writing-block])&gt;*]:pointer-events-auto R6Vx5W_threadScrollVars scroll-mb-[calc(var(--scroll-root-safe-area-inset-bottom,0px)+var(--thread-response-height,0px))] scroll-mt-(--header-height)\" dir=\"auto\" data-turn-id=\"ef95735c-81f8-43d0-87cc-f9f9aa43c95f\" data-testid=\"conversation-turn-49\" data-scroll-anchor=\"false\" data-turn=\"user\"><\/section>\n<section class=\"text-token-text-primary w-full focus:outline-none [--shadow-height:45px] has-data-writing-block:pointer-events-none has-data-writing-block:-mt-(--shadow-height) has-data-writing-block:pt-(--shadow-height) [&amp;:has([data-writing-block])&gt;*]:pointer-events-auto R6Vx5W_threadScrollVars scroll-mb-[calc(var(--scroll-root-safe-area-inset-bottom,0px)+var(--thread-response-height,0px))] scroll-mt-[calc(var(--header-height)+min(200px,max(70px,20svh)))]\" dir=\"auto\" data-turn-id=\"request-WEB:0e69b8fa-facd-4bc7-a751-48fddbd78b39-25\" data-testid=\"conversation-turn-50\" data-scroll-anchor=\"false\" data-turn=\"assistant\">\n<div class=\"text-base my-auto mx-auto [--thread-content-margin:var(--thread-content-margin-xs,calc(var(--spacing)*4))] @w-sm\/main:[--thread-content-margin:var(--thread-content-margin-sm,calc(var(--spacing)*6))] @w-lg\/main:[--thread-content-margin:var(--thread-content-margin-lg,calc(var(--spacing)*16))] px-(--thread-content-margin)\">\n<div class=\"[--thread-content-max-width:40rem] @w-lg\/main:[--thread-content-max-width:48rem] mx-auto max-w-(--thread-content-max-width) flex-1 group\/turn-messages focus-visible:outline-hidden relative flex w-full min-w-0 flex-col agent-turn\">\n<div class=\"flex max-w-full flex-col gap-4 grow\">\n<div class=\"min-h-8 text-message relative flex w-full flex-col items-end gap-2 text-start break-words whitespace-normal outline-none keyboard-focused:focus-ring [.text-message+&amp;]:mt-1\" dir=\"auto\" data-message-author-role=\"assistant\" data-message-id=\"f0f5ef9c-48f4-49cc-87bc-2fc0f9f7d866\" data-message-model-slug=\"gpt-5-3\">\n<div class=\"flex w-full flex-col gap-1 empty:hidden\">\n<div class=\"markdown prose dark:prose-invert w-full wrap-break-word light markdown-new-styling\">\n<p data-start=\"0\" data-end=\"61\">\ud83e\udde1 <strong data-start=\"3\" data-end=\"57\">Ragna canvasjacka \u2013 f\u00e4rgstark &amp; glittrande favorit<\/strong> \u2728<\/p>\n<p data-start=\"63\" data-end=\"266\">\ud83c\udf1f Canvas med dekorativa paljetter<br data-start=\"97\" data-end=\"100\" \/>\ud83e\udde1 Gul ton som lyfter din look<br data-start=\"138\" data-end=\"141\" \/>\ud83d\udc5a Br\u00f6stfickor f\u00f6r en cool touch<br data-start=\"173\" data-end=\"176\" \/>\ud83d\udcab Avslappnad passform med feminin k\u00e4nsla<br data-start=\"217\" data-end=\"220\" data-is-only-node=\"\" \/>\u2728 Perfekt att b\u00e4ra \u00f6ver b\u00e5de topp &amp; kl\u00e4nning<\/p>\n<p data-start=\"268\" data-end=\"326\">\ud83d\udccf Onesize \u2013 passar ca stl 34\u201344<br data-start=\"300\" data-end=\"303\" \/>\ud83d\udccf Bystm\u00e5tt: ca 65 cm<\/p>\n<p data-start=\"328\" data-end=\"385\">\ud83e\uddf5 Material:<br data-start=\"340\" data-end=\"343\" \/>\u2022 100% bomull<br data-start=\"356\" data-end=\"359\" \/>\u2022 97% bomull, 3% elastan<\/p>\n<p data-start=\"387\" data-end=\"466\">\ud83d\udc56 <strong data-start=\"390\" data-end=\"406\">Stylingtips:<\/strong> Matcha med ljusa byxor f\u00f6r att l\u00e5ta jackan st\u00e5 i fokus \ud83e\udd0d<\/p>\n<p data-start=\"468\" data-end=\"538\" data-is-last-node=\"\" data-is-only-node=\"\">\ud83d\udc95 En jacka som ger b\u00e5de f\u00e4rg, gl\u00e4dje och personlighet till din outfit<\/p>\n<\/div>\n<\/div>\n<\/div>\n<\/div>\n<\/div>\n<\/div>\n<\/section>\n","protected":false},"excerpt":{"rendered":"<section class=\"text-token-text-primary w-full focus:outline-none [--shadow-height:45px] has-data-writing-block:pointer-events-none has-data-writing-block:-mt-(--shadow-height) has-data-writing-block:pt-(--shadow-height) [&amp;:has([data-writing-block])&gt;*]:pointer-events-auto R6Vx5W_threadScrollVars scroll-mb-[calc(var(--scroll-root-safe-area-inset-bottom,0px)+var(--thread-response-height,0px))] scroll-mt-(--header-height)\" dir=\"auto\" data-turn-id=\"ef95735c-81f8-43d0-87cc-f9f9aa43c95f\" data-testid=\"conversation-turn-49\" data-scroll-anchor=\"false\" data-turn=\"user\"><\/section>\n<section class=\"text-token-text-primary w-full focus:outline-none [--shadow-height:45px] has-data-writing-block:pointer-events-none has-data-writing-block:-mt-(--shadow-height) has-data-writing-block:pt-(--shadow-height) [&amp;:has([data-writing-block])&gt;*]:pointer-events-auto R6Vx5W_threadScrollVars scroll-mb-[calc(var(--scroll-root-safe-area-inset-bottom,0px)+var(--thread-response-height,0px))] scroll-mt-[calc(var(--header-height)+min(200px,max(70px,20svh)))]\" dir=\"auto\" data-turn-id=\"request-WEB:0e69b8fa-facd-4bc7-a751-48fddbd78b39-25\" data-testid=\"conversation-turn-50\" data-scroll-anchor=\"false\" data-turn=\"assistant\">\n<div class=\"text-base my-auto mx-auto [--thread-content-margin:var(--thread-content-margin-xs,calc(var(--spacing)*4))] @w-sm\/main:[--thread-content-margin:var(--thread-content-margin-sm,calc(var(--spacing)*6))] @w-lg\/main:[--thread-content-margin:var(--thread-content-margin-lg,calc(var(--spacing)*16))] px-(--thread-content-margin)\">\n<div class=\"[--thread-content-max-width:40rem] @w-lg\/main:[--thread-content-max-width:48rem] mx-auto max-w-(--thread-content-max-width) flex-1 group\/turn-messages focus-visible:outline-hidden relative flex w-full min-w-0 flex-col agent-turn\">\n<div class=\"flex max-w-full flex-col gap-4 grow\">\n<div class=\"min-h-8 text-message relative flex w-full flex-col items-end gap-2 text-start break-words whitespace-normal outline-none keyboard-focused:focus-ring [.text-message+&amp;]:mt-1\" dir=\"auto\" data-message-author-role=\"assistant\" data-message-id=\"f0f5ef9c-48f4-49cc-87bc-2fc0f9f7d866\" data-message-model-slug=\"gpt-5-3\">\n<div class=\"flex w-full flex-col gap-1 empty:hidden\">\n<div class=\"markdown prose dark:prose-invert w-full wrap-break-word light markdown-new-styling\">\n<p data-start=\"0\" data-end=\"61\">\ud83e\udde1 <strong data-start=\"3\" data-end=\"57\">Ragna canvasjacka \u2013 f\u00e4rgstark &amp; glittrande favorit<\/strong> \u2728<\/p>\n<p data-start=\"63\" data-end=\"266\">\ud83c\udf1f Canvas med dekorativa paljetter<br data-start=\"97\" data-end=\"100\" \/>\ud83e\udde1 Gul ton som lyfter din look<br data-start=\"138\" data-end=\"141\" \/>\ud83d\udc5a Br\u00f6stfickor f\u00f6r en cool touch<br data-start=\"173\" data-end=\"176\" \/>\ud83d\udcab Avslappnad passform med feminin k\u00e4nsla<br data-start=\"217\" data-end=\"220\" data-is-only-node=\"\" \/>\u2728 Perfekt att b\u00e4ra \u00f6ver b\u00e5de topp &amp; kl\u00e4nning<\/p>\n<p data-start=\"268\" data-end=\"326\">\ud83d\udccf Onesize \u2013 passar ca stl 34\u201344<br data-start=\"300\" data-end=\"303\" \/>\ud83d\udccf Bystm\u00e5tt: ca 65 cm<\/p>\n<p data-start=\"328\" data-end=\"385\">\ud83e\uddf5 Material:<br data-start=\"340\" data-end=\"343\" \/>\u2022 100% bomull<br data-start=\"356\" data-end=\"359\" \/>\u2022 97% bomull, 3% elastan<\/p>\n<p data-start=\"387\" data-end=\"466\">\ud83d\udc56 <strong data-start=\"390\" data-end=\"406\">Stylingtips:<\/strong> Matcha med ljusa byxor f\u00f6r att l\u00e5ta jackan st\u00e5 i fokus \ud83e\udd0d<\/p>\n<p data-start=\"468\" data-end=\"538\" data-is-last-node=\"\" data-is-only-node=\"\">\ud83d\udc95 En jacka som ger b\u00e5de f\u00e4rg, gl\u00e4dje och personlighet till din outfit<\/p>\n<\/div>\n<\/div>\n<\/div>\n<\/div>\n<\/div>\n<\/div>\n<\/section>\n","protected":false},"featured_media":1074444,"comment_status":"closed","ping_status":"closed","template":"","meta":[],"product_brand":[],"product_cat":[216,217],"product_tag":[],"class_list":{"0":"post-1074451","1":"product","2":"type-product","3":"status-publish","4":"has-post-thumbnail","6":"product_cat-jackor","7":"product_cat-produktnyheter","9":"first","10":"instock","11":"taxable","12":"shipping-taxable","13":"purchasable","14":"product-type-variable"},"yoast_head":"<!-- This site is optimized with the Yoast SEO Premium plugin v27.4 (Yoast SEO v27.4) - https:\/\/yoast.com\/product\/yoast-seo-premium-wordpress\/ -->\n<title>Ragna canvasjacka i gult - Stil &amp; Design<\/title>\n<meta name=\"robots\" content=\"index, follow, max-snippet:-1, max-image-preview:large, max-video-preview:-1\" \/>\n<link rel=\"canonical\" href=\"https:\/\/stilanddesign.se\/en\/product\/ragna-canvasjacka-i-gult\/\" \/>\n<meta property=\"og:locale\" content=\"en_US\" \/>\n<meta property=\"og:type\" content=\"article\" \/>\n<meta property=\"og:title\" content=\"Ragna canvasjacka i gult\" \/>\n<meta property=\"og:description\" content=\"\ud83e\udde1 Ragna canvasjacka \u2013 f\u00e4rgstark &amp; glittrande favorit \u2728 \ud83c\udf1f Canvas med dekorativa paljetter\ud83e\udde1 Gul ton som lyfter din look\ud83d\udc5a Br\u00f6stfickor f\u00f6r en cool touch\ud83d\udcab Avslappnad passform med feminin k\u00e4nsla\u2728 Perfekt att b\u00e4ra \u00f6ver b\u00e5de topp &amp; kl\u00e4nning \ud83d\udccf Onesize \u2013 passar ca stl 34\u201344\ud83d\udccf Bystm\u00e5tt: ca 65 cm \ud83e\uddf5 Material:\u2022 100% bomull\u2022 97% bomull, 3% elastan \ud83d\udc56 Stylingtips: Matcha med ljusa byxor f\u00f6r att l\u00e5ta jackan st\u00e5 i fokus \ud83e\udd0d \ud83d\udc95 En jacka som ger b\u00e5de f\u00e4rg, gl\u00e4dje och personlighet till din outfit\" \/>\n<meta property=\"og:url\" content=\"https:\/\/stilanddesign.se\/en\/product\/ragna-canvasjacka-i-gult\/\" \/>\n<meta property=\"og:site_name\" content=\"Stil &amp; Design\" \/>\n<meta property=\"article:modified_time\" content=\"2026-04-23T14:11:02+00:00\" \/>\n<meta name=\"twitter:card\" content=\"summary_large_image\" \/>\n<meta name=\"twitter:label1\" content=\"Est. reading time\" \/>\n\t<meta name=\"twitter:data1\" content=\"1 minute\" \/>\n<script type=\"application\/ld+json\" class=\"yoast-schema-graph\">{\"@context\":\"https:\\\/\\\/schema.org\",\"@graph\":[{\"@type\":\"WebPage\",\"@id\":\"https:\\\/\\\/stilanddesign.se\\\/produkt\\\/ragna-canvasjacka-i-gult\\\/\",\"url\":\"https:\\\/\\\/stilanddesign.se\\\/produkt\\\/ragna-canvasjacka-i-gult\\\/\",\"name\":\"Ragna canvasjacka i gult - Stil &amp; Design\",\"isPartOf\":{\"@id\":\"https:\\\/\\\/stilanddesign.se\\\/#website\"},\"primaryImageOfPage\":{\"@id\":\"https:\\\/\\\/stilanddesign.se\\\/produkt\\\/ragna-canvasjacka-i-gult\\\/#primaryimage\"},\"image\":{\"@id\":\"https:\\\/\\\/stilanddesign.se\\\/produkt\\\/ragna-canvasjacka-i-gult\\\/#primaryimage\"},\"thumbnailUrl\":\"https:\\\/\\\/stilanddesign.se\\\/wp-content\\\/uploads\\\/2026\\\/04\\\/77879788.avif\",\"datePublished\":\"2026-04-23T14:10:15+00:00\",\"dateModified\":\"2026-04-23T14:11:02+00:00\",\"breadcrumb\":{\"@id\":\"https:\\\/\\\/stilanddesign.se\\\/produkt\\\/ragna-canvasjacka-i-gult\\\/#breadcrumb\"},\"inLanguage\":\"en-US\",\"potentialAction\":[{\"@type\":\"ReadAction\",\"target\":[\"https:\\\/\\\/stilanddesign.se\\\/produkt\\\/ragna-canvasjacka-i-gult\\\/\"]}]},{\"@type\":\"ImageObject\",\"inLanguage\":\"en-US\",\"@id\":\"https:\\\/\\\/stilanddesign.se\\\/produkt\\\/ragna-canvasjacka-i-gult\\\/#primaryimage\",\"url\":\"https:\\\/\\\/stilanddesign.se\\\/wp-content\\\/uploads\\\/2026\\\/04\\\/77879788.avif\",\"contentUrl\":\"https:\\\/\\\/stilanddesign.se\\\/wp-content\\\/uploads\\\/2026\\\/04\\\/77879788.avif\",\"width\":1080,\"height\":1440,\"caption\":\"Canvasjacka i gult\"},{\"@type\":\"BreadcrumbList\",\"@id\":\"https:\\\/\\\/stilanddesign.se\\\/produkt\\\/ragna-canvasjacka-i-gult\\\/#breadcrumb\",\"itemListElement\":[{\"@type\":\"ListItem\",\"position\":1,\"name\":\"Hem\",\"item\":\"https:\\\/\\\/stilanddesign.se\\\/\"},{\"@type\":\"ListItem\",\"position\":2,\"name\":\"Butiken\",\"item\":\"https:\\\/\\\/stilanddesign.se\\\/butiken\\\/\"},{\"@type\":\"ListItem\",\"position\":3,\"name\":\"Ragna canvasjacka i gult\"}]},{\"@type\":\"WebSite\",\"@id\":\"https:\\\/\\\/stilanddesign.se\\\/#website\",\"url\":\"https:\\\/\\\/stilanddesign.se\\\/\",\"name\":\"Stil &amp; Design\",\"description\":\"F\u00f6r oss som \u00e4lskar mode!\",\"publisher\":{\"@id\":\"https:\\\/\\\/stilanddesign.se\\\/#organization\"},\"potentialAction\":[{\"@type\":\"SearchAction\",\"target\":{\"@type\":\"EntryPoint\",\"urlTemplate\":\"https:\\\/\\\/stilanddesign.se\\\/?s={search_term_string}\"},\"query-input\":{\"@type\":\"PropertyValueSpecification\",\"valueRequired\":true,\"valueName\":\"search_term_string\"}}],\"inLanguage\":\"en-US\"},{\"@type\":\"Organization\",\"@id\":\"https:\\\/\\\/stilanddesign.se\\\/#organization\",\"name\":\"Stil &amp; Design\",\"url\":\"https:\\\/\\\/stilanddesign.se\\\/\",\"logo\":{\"@type\":\"ImageObject\",\"inLanguage\":\"en-US\",\"@id\":\"https:\\\/\\\/stilanddesign.se\\\/#\\\/schema\\\/logo\\\/image\\\/\",\"url\":\"https:\\\/\\\/stilanddesign.se\\\/wp-content\\\/uploads\\\/2023\\\/12\\\/output-onlinepngtools-e1727784413220.png\",\"contentUrl\":\"https:\\\/\\\/stilanddesign.se\\\/wp-content\\\/uploads\\\/2023\\\/12\\\/output-onlinepngtools-e1727784413220.png\",\"width\":519,\"height\":135,\"caption\":\"Stil &amp; Design\"},\"image\":{\"@id\":\"https:\\\/\\\/stilanddesign.se\\\/#\\\/schema\\\/logo\\\/image\\\/\"}}]}<\/script>\n<!-- \/ Yoast SEO Premium plugin. -->","yoast_head_json":{"title":"Ragna canvasjacka i gult - Stil &amp; Design","robots":{"index":"index","follow":"follow","max-snippet":"max-snippet:-1","max-image-preview":"max-image-preview:large","max-video-preview":"max-video-preview:-1"},"canonical":"https:\/\/stilanddesign.se\/en\/product\/ragna-canvasjacka-i-gult\/","og_locale":"en_US","og_type":"article","og_title":"Ragna canvasjacka i gult","og_description":"\ud83e\udde1 Ragna canvasjacka \u2013 f\u00e4rgstark &amp; glittrande favorit \u2728 \ud83c\udf1f Canvas med dekorativa paljetter\ud83e\udde1 Gul ton som lyfter din look\ud83d\udc5a Br\u00f6stfickor f\u00f6r en cool touch\ud83d\udcab Avslappnad passform med feminin k\u00e4nsla\u2728 Perfekt att b\u00e4ra \u00f6ver b\u00e5de topp &amp; kl\u00e4nning \ud83d\udccf Onesize \u2013 passar ca stl 34\u201344\ud83d\udccf Bystm\u00e5tt: ca 65 cm \ud83e\uddf5 Material:\u2022 100% bomull\u2022 97% bomull, 3% elastan \ud83d\udc56 Stylingtips: Matcha med ljusa byxor f\u00f6r att l\u00e5ta jackan st\u00e5 i fokus \ud83e\udd0d \ud83d\udc95 En jacka som ger b\u00e5de f\u00e4rg, gl\u00e4dje och personlighet till din outfit","og_url":"https:\/\/stilanddesign.se\/en\/product\/ragna-canvasjacka-i-gult\/","og_site_name":"Stil &amp; Design","article_modified_time":"2026-04-23T14:11:02+00:00","twitter_card":"summary_large_image","twitter_misc":{"Est. reading time":"1 minute"},"schema":{"@context":"https:\/\/schema.org","@graph":[{"@type":"WebPage","@id":"https:\/\/stilanddesign.se\/produkt\/ragna-canvasjacka-i-gult\/","url":"https:\/\/stilanddesign.se\/produkt\/ragna-canvasjacka-i-gult\/","name":"Ragna canvasjacka i gult - Stil &amp; Design","isPartOf":{"@id":"https:\/\/stilanddesign.se\/#website"},"primaryImageOfPage":{"@id":"https:\/\/stilanddesign.se\/produkt\/ragna-canvasjacka-i-gult\/#primaryimage"},"image":{"@id":"https:\/\/stilanddesign.se\/produkt\/ragna-canvasjacka-i-gult\/#primaryimage"},"thumbnailUrl":"https:\/\/stilanddesign.se\/wp-content\/uploads\/2026\/04\/77879788.avif","datePublished":"2026-04-23T14:10:15+00:00","dateModified":"2026-04-23T14:11:02+00:00","breadcrumb":{"@id":"https:\/\/stilanddesign.se\/produkt\/ragna-canvasjacka-i-gult\/#breadcrumb"},"inLanguage":"en-US","potentialAction":[{"@type":"ReadAction","target":["https:\/\/stilanddesign.se\/produkt\/ragna-canvasjacka-i-gult\/"]}]},{"@type":"ImageObject","inLanguage":"en-US","@id":"https:\/\/stilanddesign.se\/produkt\/ragna-canvasjacka-i-gult\/#primaryimage","url":"https:\/\/stilanddesign.se\/wp-content\/uploads\/2026\/04\/77879788.avif","contentUrl":"https:\/\/stilanddesign.se\/wp-content\/uploads\/2026\/04\/77879788.avif","width":1080,"height":1440,"caption":"Canvasjacka i gult"},{"@type":"BreadcrumbList","@id":"https:\/\/stilanddesign.se\/produkt\/ragna-canvasjacka-i-gult\/#breadcrumb","itemListElement":[{"@type":"ListItem","position":1,"name":"Hem","item":"https:\/\/stilanddesign.se\/"},{"@type":"ListItem","position":2,"name":"Butiken","item":"https:\/\/stilanddesign.se\/butiken\/"},{"@type":"ListItem","position":3,"name":"Ragna canvasjacka i gult"}]},{"@type":"WebSite","@id":"https:\/\/stilanddesign.se\/#website","url":"https:\/\/stilanddesign.se\/","name":"Style &amp; Design","description":"For those of us who love fashion!","publisher":{"@id":"https:\/\/stilanddesign.se\/#organization"},"potentialAction":[{"@type":"SearchAction","target":{"@type":"EntryPoint","urlTemplate":"https:\/\/stilanddesign.se\/?s={search_term_string}"},"query-input":{"@type":"PropertyValueSpecification","valueRequired":true,"valueName":"search_term_string"}}],"inLanguage":"en-US"},{"@type":"Organization","@id":"https:\/\/stilanddesign.se\/#organization","name":"Style &amp; Design","url":"https:\/\/stilanddesign.se\/","logo":{"@type":"ImageObject","inLanguage":"en-US","@id":"https:\/\/stilanddesign.se\/#\/schema\/logo\/image\/","url":"https:\/\/stilanddesign.se\/wp-content\/uploads\/2023\/12\/output-onlinepngtools-e1727784413220.png","contentUrl":"https:\/\/stilanddesign.se\/wp-content\/uploads\/2023\/12\/output-onlinepngtools-e1727784413220.png","width":519,"height":135,"caption":"Stil &amp; Design"},"image":{"@id":"https:\/\/stilanddesign.se\/#\/schema\/logo\/image\/"}}]}},"_links":{"self":[{"href":"https:\/\/stilanddesign.se\/en\/wp-json\/wp\/v2\/product\/1074451","targetHints":{"allow":["GET"]}}],"collection":[{"href":"https:\/\/stilanddesign.se\/en\/wp-json\/wp\/v2\/product"}],"about":[{"href":"https:\/\/stilanddesign.se\/en\/wp-json\/wp\/v2\/types\/product"}],"replies":[{"embeddable":true,"href":"https:\/\/stilanddesign.se\/en\/wp-json\/wp\/v2\/comments?post=1074451"}],"wp:featuredmedia":[{"embeddable":true,"href":"https:\/\/stilanddesign.se\/en\/wp-json\/wp\/v2\/media\/1074444"}],"wp:attachment":[{"href":"https:\/\/stilanddesign.se\/en\/wp-json\/wp\/v2\/media?parent=1074451"}],"wp:term":[{"taxonomy":"product_brand","embeddable":true,"href":"https:\/\/stilanddesign.se\/en\/wp-json\/wp\/v2\/product_brand?post=1074451"},{"taxonomy":"product_cat","embeddable":true,"href":"https:\/\/stilanddesign.se\/en\/wp-json\/wp\/v2\/product_cat?post=1074451"},{"taxonomy":"product_tag","embeddable":true,"href":"https:\/\/stilanddesign.se\/en\/wp-json\/wp\/v2\/product_tag?post=1074451"}],"curies":[{"name":"wp","href":"https:\/\/api.w.org\/{rel}","templated":true}]}}