{"id":1074345,"date":"2026-04-28T20:20:36","date_gmt":"2026-04-28T18:20:36","guid":{"rendered":"https:\/\/stilanddesign.se\/?post_type=product&#038;p=1074345"},"modified":"2026-04-29T14:40:10","modified_gmt":"2026-04-29T12:40:10","slug":"%f0%9f%92%99-jeansjacka-med-broderi-klassisk-med-en-lekfull-twist-%e2%9c%a8","status":"publish","type":"product","link":"https:\/\/stilanddesign.se\/en\/product\/%f0%9f%92%99-jeansjacka-med-broderi-klassisk-med-en-lekfull-twist-%e2%9c%a8\/","title":{"rendered":"\ud83d\udc99 Denim jacket with embroidery \u2013 classic with a playful twist \u2728"},"content":{"rendered":"<p data-start=\"0\" data-end=\"65\">\ud83d\udc99 <strong data-start=\"3\" data-end=\"61\">Jeansjacka med broderi \u2013 klassisk med en lekfull twist<\/strong> \u2728<\/p>\n<p data-start=\"67\" data-end=\"331\">\ud83d\udc99 Tidl\u00f6s jeansjacka med vackra broderade blommor<br data-start=\"116\" data-end=\"119\" \/>\u2728 Sm\u00e5 strassdetaljer som ger ett diskret glittrande lyft<br data-start=\"175\" data-end=\"178\" \/>\ud83d\udc5a Avslappnad och rymlig passform<br data-start=\"211\" data-end=\"214\" \/>\ud83d\udd18 Klassiska br\u00f6stfickor och knappkn\u00e4ppning framtill<br data-start=\"266\" data-end=\"269\" data-is-only-node=\"\" \/>\ud83d\udc4c Perfekt att sl\u00e4nga \u00f6ver b\u00e5de kl\u00e4nning, topp eller t-shirt<\/p>\n<p data-start=\"333\" data-end=\"430\">\ud83d\udccf <strong data-start=\"336\" data-end=\"348\">Size:<\/strong> S\/M<br data-start=\"352\" data-end=\"355\" \/>\ud83d\udcd0 Bust measurement: approx. 60 cm<br data-start=\"376\" data-end=\"379\" \/>\u27a1\ufe0f Rymlig modell \u2013 passar ca stl 34\u201342 (liten 44)<\/p>\n<p data-start=\"432\" data-end=\"484\">\ud83e\uddf5 Material: 66% bomull, 33% polyester, 1% elastan<\/p>\n<p data-start=\"486\" data-end=\"608\">\ud83d\udc57 <strong data-start=\"489\" data-end=\"505\">Styling tips:<\/strong> Matcha med en somrig kl\u00e4nning f\u00f6r en feminin look eller med jeans f\u00f6r en cool denim-on-denim stil \ud83d\udc95<\/p>\n<p data-start=\"610\" data-end=\"679\" data-is-last-node=\"\" data-is-only-node=\"\">\ud83d\udc96 En jeansjacka som lyfter hela outfiten \u2013 b\u00e5de cool och elegant \ud83d\udc99\u2728<\/p>","protected":false},"excerpt":{"rendered":"<p data-start=\"0\" data-end=\"65\">\ud83d\udc99 <strong data-start=\"3\" data-end=\"61\">Jeansjacka med broderi \u2013 klassisk med en lekfull twist<\/strong> \u2728<\/p>\n<p data-start=\"67\" data-end=\"331\">\ud83d\udc99 Tidl\u00f6s jeansjacka med vackra broderade blommor<br data-start=\"116\" data-end=\"119\" \/>\u2728 Sm\u00e5 strassdetaljer som ger ett diskret glittrande lyft<br data-start=\"175\" data-end=\"178\" \/>\ud83d\udc5a Avslappnad och rymlig passform<br data-start=\"211\" data-end=\"214\" \/>\ud83d\udd18 Klassiska br\u00f6stfickor och knappkn\u00e4ppning framtill<br data-start=\"266\" data-end=\"269\" data-is-only-node=\"\" \/>\ud83d\udc4c Perfekt att sl\u00e4nga \u00f6ver b\u00e5de kl\u00e4nning, topp eller t-shirt<\/p>\n<p data-start=\"333\" data-end=\"430\">\ud83d\udccf <strong data-start=\"336\" data-end=\"348\">Size:<\/strong> S\/M<br data-start=\"352\" data-end=\"355\" \/>\ud83d\udcd0 Bust measurement: approx. 60 cm<br data-start=\"376\" data-end=\"379\" \/>\u27a1\ufe0f Rymlig modell \u2013 passar ca stl 34\u201342 (liten 44)<\/p>\n<p data-start=\"432\" data-end=\"484\">\ud83e\uddf5 Material: 66% bomull, 33% polyester, 1% elastan<\/p>\n<p data-start=\"486\" data-end=\"608\">\ud83d\udc57 <strong data-start=\"489\" data-end=\"505\">Styling tips:<\/strong> Matcha med en somrig kl\u00e4nning f\u00f6r en feminin look eller med jeans f\u00f6r en cool denim-on-denim stil \ud83d\udc95<\/p>\n<p data-start=\"610\" data-end=\"679\" data-is-last-node=\"\" data-is-only-node=\"\">\ud83d\udc96 En jeansjacka som lyfter hela outfiten \u2013 b\u00e5de cool och elegant \ud83d\udc99\u2728<\/p>","protected":false},"featured_media":1074341,"comment_status":"closed","ping_status":"closed","template":"","meta":[],"product_brand":[],"product_cat":[216,217],"product_tag":[],"class_list":{"0":"post-1074345","1":"product","2":"type-product","3":"status-publish","4":"has-post-thumbnail","6":"product_cat-jackor","7":"product_cat-produktnyheter","9":"first","10":"instock","11":"taxable","12":"shipping-taxable","13":"purchasable","14":"product-type-variable"},"yoast_head":"<!-- This site is optimized with the Yoast SEO Premium plugin v27.4 (Yoast SEO v27.5) - https:\/\/yoast.com\/product\/yoast-seo-premium-wordpress\/ -->\n<title>\ud83d\udc99 Jeansjacka med broderi \u2013 klassisk med en lekfull twist \u2728 - Stil &amp; Design<\/title>\n<meta name=\"robots\" content=\"index, follow, max-snippet:-1, max-image-preview:large, max-video-preview:-1\" \/>\n<link rel=\"canonical\" href=\"https:\/\/stilanddesign.se\/en\/product\/\ud83d\udc99-jeansjacka-med-broderi-klassisk-med-en-lekfull-twist-\u2728\/\" \/>\n<meta property=\"og:locale\" content=\"en_US\" \/>\n<meta property=\"og:type\" content=\"article\" \/>\n<meta property=\"og:title\" content=\"\ud83d\udc99 Jeansjacka med broderi \u2013 klassisk med en lekfull twist \u2728\" \/>\n<meta property=\"og:description\" content=\"\ud83d\udc99 Jeansjacka med broderi \u2013 klassisk med en lekfull twist \u2728 \ud83d\udc99 Tidl\u00f6s jeansjacka med vackra broderade blommor\u2728 Sm\u00e5 strassdetaljer som ger ett diskret glittrande lyft\ud83d\udc5a Avslappnad och rymlig passform\ud83d\udd18 Klassiska br\u00f6stfickor och knappkn\u00e4ppning framtill\ud83d\udc4c Perfekt att sl\u00e4nga \u00f6ver b\u00e5de kl\u00e4nning, topp eller t-shirt \ud83d\udccf Storlek: S\/M\ud83d\udcd0 Bystm\u00e5tt: ca 60 cm\u27a1\ufe0f Rymlig modell \u2013 passar ca stl 34\u201342 (liten 44) \ud83e\uddf5 Material: 66% bomull, 33% polyester, 1% elastan \ud83d\udc57 Stylingtips: Matcha med en somrig kl\u00e4nning f\u00f6r en feminin look eller med jeans f\u00f6r en cool denim-on-denim stil \ud83d\udc95 \ud83d\udc96 En jeansjacka som lyfter hela outfiten \u2013 b\u00e5de cool och elegant \ud83d\udc99\u2728\" \/>\n<meta property=\"og:url\" content=\"https:\/\/stilanddesign.se\/en\/product\/\ud83d\udc99-jeansjacka-med-broderi-klassisk-med-en-lekfull-twist-\u2728\/\" \/>\n<meta property=\"og:site_name\" content=\"Stil &amp; Design\" \/>\n<meta property=\"article:modified_time\" content=\"2026-04-29T12:40:10+00:00\" \/>\n<meta name=\"twitter:card\" content=\"summary_large_image\" \/>\n<meta name=\"twitter:label1\" content=\"Est. reading time\" \/>\n\t<meta name=\"twitter:data1\" content=\"1 minute\" \/>\n<script type=\"application\/ld+json\" class=\"yoast-schema-graph\">{\"@context\":\"https:\\\/\\\/schema.org\",\"@graph\":[{\"@type\":\"WebPage\",\"@id\":\"https:\\\/\\\/stilanddesign.se\\\/produkt\\\/%f0%9f%92%99-jeansjacka-med-broderi-klassisk-med-en-lekfull-twist-%e2%9c%a8\\\/\",\"url\":\"https:\\\/\\\/stilanddesign.se\\\/produkt\\\/%f0%9f%92%99-jeansjacka-med-broderi-klassisk-med-en-lekfull-twist-%e2%9c%a8\\\/\",\"name\":\"\ud83d\udc99 Jeansjacka med broderi \u2013 klassisk med en lekfull twist \u2728 - Stil &amp; Design\",\"isPartOf\":{\"@id\":\"https:\\\/\\\/stilanddesign.se\\\/#website\"},\"primaryImageOfPage\":{\"@id\":\"https:\\\/\\\/stilanddesign.se\\\/produkt\\\/%f0%9f%92%99-jeansjacka-med-broderi-klassisk-med-en-lekfull-twist-%e2%9c%a8\\\/#primaryimage\"},\"image\":{\"@id\":\"https:\\\/\\\/stilanddesign.se\\\/produkt\\\/%f0%9f%92%99-jeansjacka-med-broderi-klassisk-med-en-lekfull-twist-%e2%9c%a8\\\/#primaryimage\"},\"thumbnailUrl\":\"https:\\\/\\\/stilanddesign.se\\\/wp-content\\\/uploads\\\/2026\\\/04\\\/8585865888.avif\",\"datePublished\":\"2026-04-28T18:20:36+00:00\",\"dateModified\":\"2026-04-29T12:40:10+00:00\",\"breadcrumb\":{\"@id\":\"https:\\\/\\\/stilanddesign.se\\\/produkt\\\/%f0%9f%92%99-jeansjacka-med-broderi-klassisk-med-en-lekfull-twist-%e2%9c%a8\\\/#breadcrumb\"},\"inLanguage\":\"en-US\",\"potentialAction\":[{\"@type\":\"ReadAction\",\"target\":[\"https:\\\/\\\/stilanddesign.se\\\/produkt\\\/%f0%9f%92%99-jeansjacka-med-broderi-klassisk-med-en-lekfull-twist-%e2%9c%a8\\\/\"]}]},{\"@type\":\"ImageObject\",\"inLanguage\":\"en-US\",\"@id\":\"https:\\\/\\\/stilanddesign.se\\\/produkt\\\/%f0%9f%92%99-jeansjacka-med-broderi-klassisk-med-en-lekfull-twist-%e2%9c%a8\\\/#primaryimage\",\"url\":\"https:\\\/\\\/stilanddesign.se\\\/wp-content\\\/uploads\\\/2026\\\/04\\\/8585865888.avif\",\"contentUrl\":\"https:\\\/\\\/stilanddesign.se\\\/wp-content\\\/uploads\\\/2026\\\/04\\\/8585865888.avif\",\"width\":1080,\"height\":1440,\"caption\":\"Jeansjacka med broderi\"},{\"@type\":\"BreadcrumbList\",\"@id\":\"https:\\\/\\\/stilanddesign.se\\\/produkt\\\/%f0%9f%92%99-jeansjacka-med-broderi-klassisk-med-en-lekfull-twist-%e2%9c%a8\\\/#breadcrumb\",\"itemListElement\":[{\"@type\":\"ListItem\",\"position\":1,\"name\":\"Hem\",\"item\":\"https:\\\/\\\/stilanddesign.se\\\/\"},{\"@type\":\"ListItem\",\"position\":2,\"name\":\"Butiken\",\"item\":\"https:\\\/\\\/stilanddesign.se\\\/butiken\\\/\"},{\"@type\":\"ListItem\",\"position\":3,\"name\":\"\ud83d\udc99 Jeansjacka med broderi \u2013 klassisk med en lekfull twist \u2728\"}]},{\"@type\":\"WebSite\",\"@id\":\"https:\\\/\\\/stilanddesign.se\\\/#website\",\"url\":\"https:\\\/\\\/stilanddesign.se\\\/\",\"name\":\"Stil &amp; Design\",\"description\":\"F\u00f6r oss som \u00e4lskar mode!\",\"publisher\":{\"@id\":\"https:\\\/\\\/stilanddesign.se\\\/#organization\"},\"potentialAction\":[{\"@type\":\"SearchAction\",\"target\":{\"@type\":\"EntryPoint\",\"urlTemplate\":\"https:\\\/\\\/stilanddesign.se\\\/?s={search_term_string}\"},\"query-input\":{\"@type\":\"PropertyValueSpecification\",\"valueRequired\":true,\"valueName\":\"search_term_string\"}}],\"inLanguage\":\"en-US\"},{\"@type\":\"Organization\",\"@id\":\"https:\\\/\\\/stilanddesign.se\\\/#organization\",\"name\":\"Stil &amp; Design\",\"url\":\"https:\\\/\\\/stilanddesign.se\\\/\",\"logo\":{\"@type\":\"ImageObject\",\"inLanguage\":\"en-US\",\"@id\":\"https:\\\/\\\/stilanddesign.se\\\/#\\\/schema\\\/logo\\\/image\\\/\",\"url\":\"https:\\\/\\\/stilanddesign.se\\\/wp-content\\\/uploads\\\/2023\\\/12\\\/output-onlinepngtools-e1727784413220.png\",\"contentUrl\":\"https:\\\/\\\/stilanddesign.se\\\/wp-content\\\/uploads\\\/2023\\\/12\\\/output-onlinepngtools-e1727784413220.png\",\"width\":519,\"height\":135,\"caption\":\"Stil &amp; Design\"},\"image\":{\"@id\":\"https:\\\/\\\/stilanddesign.se\\\/#\\\/schema\\\/logo\\\/image\\\/\"}}]}<\/script>\n<!-- \/ Yoast SEO Premium plugin. -->","yoast_head_json":{"title":"\ud83d\udc99 Jeansjacka med broderi \u2013 klassisk med en lekfull twist \u2728 - Stil &amp; Design","robots":{"index":"index","follow":"follow","max-snippet":"max-snippet:-1","max-image-preview":"max-image-preview:large","max-video-preview":"max-video-preview:-1"},"canonical":"https:\/\/stilanddesign.se\/en\/product\/\ud83d\udc99-jeansjacka-med-broderi-klassisk-med-en-lekfull-twist-\u2728\/","og_locale":"en_US","og_type":"article","og_title":"\ud83d\udc99 Jeansjacka med broderi \u2013 klassisk med en lekfull twist \u2728","og_description":"\ud83d\udc99 Jeansjacka med broderi \u2013 klassisk med en lekfull twist \u2728 \ud83d\udc99 Tidl\u00f6s jeansjacka med vackra broderade blommor\u2728 Sm\u00e5 strassdetaljer som ger ett diskret glittrande lyft\ud83d\udc5a Avslappnad och rymlig passform\ud83d\udd18 Klassiska br\u00f6stfickor och knappkn\u00e4ppning framtill\ud83d\udc4c Perfekt att sl\u00e4nga \u00f6ver b\u00e5de kl\u00e4nning, topp eller t-shirt \ud83d\udccf Storlek: S\/M\ud83d\udcd0 Bystm\u00e5tt: ca 60 cm\u27a1\ufe0f Rymlig modell \u2013 passar ca stl 34\u201342 (liten 44) \ud83e\uddf5 Material: 66% bomull, 33% polyester, 1% elastan \ud83d\udc57 Stylingtips: Matcha med en somrig kl\u00e4nning f\u00f6r en feminin look eller med jeans f\u00f6r en cool denim-on-denim stil \ud83d\udc95 \ud83d\udc96 En jeansjacka som lyfter hela outfiten \u2013 b\u00e5de cool och elegant \ud83d\udc99\u2728","og_url":"https:\/\/stilanddesign.se\/en\/product\/\ud83d\udc99-jeansjacka-med-broderi-klassisk-med-en-lekfull-twist-\u2728\/","og_site_name":"Stil &amp; Design","article_modified_time":"2026-04-29T12:40:10+00:00","twitter_card":"summary_large_image","twitter_misc":{"Est. reading time":"1 minute"},"schema":{"@context":"https:\/\/schema.org","@graph":[{"@type":"WebPage","@id":"https:\/\/stilanddesign.se\/produkt\/%f0%9f%92%99-jeansjacka-med-broderi-klassisk-med-en-lekfull-twist-%e2%9c%a8\/","url":"https:\/\/stilanddesign.se\/produkt\/%f0%9f%92%99-jeansjacka-med-broderi-klassisk-med-en-lekfull-twist-%e2%9c%a8\/","name":"\ud83d\udc99 Jeansjacka med broderi \u2013 klassisk med en lekfull twist \u2728 - Stil &amp; Design","isPartOf":{"@id":"https:\/\/stilanddesign.se\/#website"},"primaryImageOfPage":{"@id":"https:\/\/stilanddesign.se\/produkt\/%f0%9f%92%99-jeansjacka-med-broderi-klassisk-med-en-lekfull-twist-%e2%9c%a8\/#primaryimage"},"image":{"@id":"https:\/\/stilanddesign.se\/produkt\/%f0%9f%92%99-jeansjacka-med-broderi-klassisk-med-en-lekfull-twist-%e2%9c%a8\/#primaryimage"},"thumbnailUrl":"https:\/\/stilanddesign.se\/wp-content\/uploads\/2026\/04\/8585865888.avif","datePublished":"2026-04-28T18:20:36+00:00","dateModified":"2026-04-29T12:40:10+00:00","breadcrumb":{"@id":"https:\/\/stilanddesign.se\/produkt\/%f0%9f%92%99-jeansjacka-med-broderi-klassisk-med-en-lekfull-twist-%e2%9c%a8\/#breadcrumb"},"inLanguage":"en-US","potentialAction":[{"@type":"ReadAction","target":["https:\/\/stilanddesign.se\/produkt\/%f0%9f%92%99-jeansjacka-med-broderi-klassisk-med-en-lekfull-twist-%e2%9c%a8\/"]}]},{"@type":"ImageObject","inLanguage":"en-US","@id":"https:\/\/stilanddesign.se\/produkt\/%f0%9f%92%99-jeansjacka-med-broderi-klassisk-med-en-lekfull-twist-%e2%9c%a8\/#primaryimage","url":"https:\/\/stilanddesign.se\/wp-content\/uploads\/2026\/04\/8585865888.avif","contentUrl":"https:\/\/stilanddesign.se\/wp-content\/uploads\/2026\/04\/8585865888.avif","width":1080,"height":1440,"caption":"Jeansjacka med broderi"},{"@type":"BreadcrumbList","@id":"https:\/\/stilanddesign.se\/produkt\/%f0%9f%92%99-jeansjacka-med-broderi-klassisk-med-en-lekfull-twist-%e2%9c%a8\/#breadcrumb","itemListElement":[{"@type":"ListItem","position":1,"name":"Hem","item":"https:\/\/stilanddesign.se\/"},{"@type":"ListItem","position":2,"name":"Butiken","item":"https:\/\/stilanddesign.se\/butiken\/"},{"@type":"ListItem","position":3,"name":"\ud83d\udc99 Jeansjacka med broderi \u2013 klassisk med en lekfull twist \u2728"}]},{"@type":"WebSite","@id":"https:\/\/stilanddesign.se\/#website","url":"https:\/\/stilanddesign.se\/","name":"Style &amp; Design","description":"For those of us who love fashion!","publisher":{"@id":"https:\/\/stilanddesign.se\/#organization"},"potentialAction":[{"@type":"SearchAction","target":{"@type":"EntryPoint","urlTemplate":"https:\/\/stilanddesign.se\/?s={search_term_string}"},"query-input":{"@type":"PropertyValueSpecification","valueRequired":true,"valueName":"search_term_string"}}],"inLanguage":"en-US"},{"@type":"Organization","@id":"https:\/\/stilanddesign.se\/#organization","name":"Style &amp; Design","url":"https:\/\/stilanddesign.se\/","logo":{"@type":"ImageObject","inLanguage":"en-US","@id":"https:\/\/stilanddesign.se\/#\/schema\/logo\/image\/","url":"https:\/\/stilanddesign.se\/wp-content\/uploads\/2023\/12\/output-onlinepngtools-e1727784413220.png","contentUrl":"https:\/\/stilanddesign.se\/wp-content\/uploads\/2023\/12\/output-onlinepngtools-e1727784413220.png","width":519,"height":135,"caption":"Stil &amp; Design"},"image":{"@id":"https:\/\/stilanddesign.se\/#\/schema\/logo\/image\/"}}]}},"_links":{"self":[{"href":"https:\/\/stilanddesign.se\/en\/wp-json\/wp\/v2\/product\/1074345","targetHints":{"allow":["GET"]}}],"collection":[{"href":"https:\/\/stilanddesign.se\/en\/wp-json\/wp\/v2\/product"}],"about":[{"href":"https:\/\/stilanddesign.se\/en\/wp-json\/wp\/v2\/types\/product"}],"replies":[{"embeddable":true,"href":"https:\/\/stilanddesign.se\/en\/wp-json\/wp\/v2\/comments?post=1074345"}],"wp:featuredmedia":[{"embeddable":true,"href":"https:\/\/stilanddesign.se\/en\/wp-json\/wp\/v2\/media\/1074341"}],"wp:attachment":[{"href":"https:\/\/stilanddesign.se\/en\/wp-json\/wp\/v2\/media?parent=1074345"}],"wp:term":[{"taxonomy":"product_brand","embeddable":true,"href":"https:\/\/stilanddesign.se\/en\/wp-json\/wp\/v2\/product_brand?post=1074345"},{"taxonomy":"product_cat","embeddable":true,"href":"https:\/\/stilanddesign.se\/en\/wp-json\/wp\/v2\/product_cat?post=1074345"},{"taxonomy":"product_tag","embeddable":true,"href":"https:\/\/stilanddesign.se\/en\/wp-json\/wp\/v2\/product_tag?post=1074345"}],"curies":[{"name":"wp","href":"https:\/\/api.w.org\/{rel}","templated":true}]}}