{"id":1074258,"date":"2026-04-21T16:13:03","date_gmt":"2026-04-21T14:13:03","guid":{"rendered":"https:\/\/stilanddesign.se\/?post_type=product&#038;p=1074258"},"modified":"2026-04-21T18:37:47","modified_gmt":"2026-04-21T16:37:47","slug":"%e2%9c%a8-byxor-fran-caramell-fashion-%e2%9c%a8-5","status":"publish","type":"product","link":"https:\/\/stilanddesign.se\/en\/product\/%e2%9c%a8-byxor-fran-caramell-fashion-%e2%9c%a8-5\/","title":{"rendered":"\u2728 Pants from Caramell Fashion \u2728"},"content":{"rendered":"<p data-start=\"63\" data-end=\"100\">\u2728 <strong data-start=\"65\" data-end=\"96\">Pants from Caramell Fashion<\/strong> \u2728<\/p>\n<p data-start=\"102\" data-end=\"271\">Stylish and comfortable trousers with a modern and flattering fit. Perfect for both everyday wear and more dressed up occasions - a truly versatile piece in your wardrobe! \ud83d\udcab<\/p>\n<p data-start=\"273\" data-end=\"497\">\ud83c\udf3f <strong data-start=\"276\" data-end=\"289\">Details:<\/strong><br data-start=\"289\" data-end=\"292\" \/>\u2728 Flattering fit with slightly tapered legs<br data-start=\"338\" data-end=\"341\" \/>\ud83d\udc56 Elastic waist for extra comfort<br data-start=\"376\" data-end=\"379\" \/>\ud83e\uddf5 Stretchy material that provides great freedom of movement<br data-start=\"427\" data-end=\"430\" \/>\ud83d\udc4c Practical side pockets<br data-start=\"453\" data-end=\"456\" data-is-only-node=\"\" \/>\ud83c\udf80 Belt included for a complete look<\/p>\n<p data-start=\"499\" data-end=\"600\">Match with a simple top and sneakers for a casual look or dress it up with a blouse and heels. \ud83d\udda4<\/p>\n<p data-start=\"602\" data-end=\"768\">\ud83d\udccf <strong data-start=\"605\" data-end=\"617\">Size:<\/strong> One size<br data-start=\"625\" data-end=\"628\" \/>\ud83e\uddf5 <strong data-start=\"631\" data-end=\"644\">Material:<\/strong> 65% cotton, 30% polyamide, 5% elastane<br data-start=\"710\" data-end=\"713\" \/>\ud83e\uddfa <strong data-start=\"716\" data-end=\"729\">Washing instructions:<\/strong> 30\u00b0<br data-start=\"733\" data-end=\"736\" \/>\ud83c\udff7 <strong data-start=\"739\" data-end=\"749\">Make:<\/strong> Caramell Fashion<\/p>\n<p data-start=\"770\" data-end=\"831\" data-is-last-node=\"\" data-is-only-node=\"\">\ud83d\udc96 A must-have in your wardrobe \u2013 both stylish and incredibly comfortable! \u2728<\/p>","protected":false},"excerpt":{"rendered":"<p data-start=\"63\" data-end=\"100\">\u2728 <strong data-start=\"65\" data-end=\"96\">Pants from Caramell Fashion<\/strong> \u2728<\/p>\n<p data-start=\"102\" data-end=\"271\">Stylish and comfortable trousers with a modern and flattering fit. Perfect for both everyday wear and more dressed up occasions - a truly versatile piece in your wardrobe! \ud83d\udcab<\/p>\n<p data-start=\"273\" data-end=\"497\">\ud83c\udf3f <strong data-start=\"276\" data-end=\"289\">Details:<\/strong><br data-start=\"289\" data-end=\"292\" \/>\u2728 Flattering fit with slightly tapered legs<br data-start=\"338\" data-end=\"341\" \/>\ud83d\udc56 Elastic waist for extra comfort<br data-start=\"376\" data-end=\"379\" \/>\ud83e\uddf5 Stretchy material that provides great freedom of movement<br data-start=\"427\" data-end=\"430\" \/>\ud83d\udc4c Practical side pockets<br data-start=\"453\" data-end=\"456\" data-is-only-node=\"\" \/>\ud83c\udf80 Belt included for a complete look<\/p>\n<p data-start=\"499\" data-end=\"600\">Match with a simple top and sneakers for a casual look or dress it up with a blouse and heels. \ud83d\udda4<\/p>\n<p data-start=\"602\" data-end=\"768\">\ud83d\udccf <strong data-start=\"605\" data-end=\"617\">Size:<\/strong> One size<br data-start=\"625\" data-end=\"628\" \/>\ud83e\uddf5 <strong data-start=\"631\" data-end=\"644\">Material:<\/strong> 65% cotton, 30% polyamide, 5% elastane<br data-start=\"710\" data-end=\"713\" \/>\ud83e\uddfa <strong data-start=\"716\" data-end=\"729\">Washing instructions:<\/strong> 30\u00b0<br data-start=\"733\" data-end=\"736\" \/>\ud83c\udff7 <strong data-start=\"739\" data-end=\"749\">Make:<\/strong> Caramell Fashion<\/p>\n<p data-start=\"770\" data-end=\"831\" data-is-last-node=\"\" data-is-only-node=\"\">\ud83d\udc96 A must-have in your wardrobe \u2013 both stylish and incredibly comfortable! \u2728<\/p>","protected":false},"featured_media":1074248,"comment_status":"closed","ping_status":"closed","template":"","meta":[],"product_brand":[],"product_cat":[203,217],"product_tag":[],"class_list":{"0":"post-1074258","1":"product","2":"type-product","3":"status-publish","4":"has-post-thumbnail","6":"product_cat-byxor","7":"product_cat-produktnyheter","9":"first","10":"instock","11":"taxable","12":"shipping-taxable","13":"purchasable","14":"product-type-variable"},"yoast_head":"<!-- This site is optimized with the Yoast SEO Premium plugin v27.4 (Yoast SEO v27.4) - https:\/\/yoast.com\/product\/yoast-seo-premium-wordpress\/ -->\n<title>\u2728 Byxor fr\u00e5n Caramell Fashion \u2728 - Stil &amp; Design<\/title>\n<meta name=\"robots\" content=\"index, follow, max-snippet:-1, max-image-preview:large, max-video-preview:-1\" \/>\n<link rel=\"canonical\" href=\"https:\/\/stilanddesign.se\/en\/product\/\u2728-byxor-fran-caramell-fashion-\u2728-5\/\" \/>\n<meta property=\"og:locale\" content=\"en_US\" \/>\n<meta property=\"og:type\" content=\"article\" \/>\n<meta property=\"og:title\" content=\"\u2728 Byxor fr\u00e5n Caramell Fashion \u2728\" \/>\n<meta property=\"og:description\" content=\"\u2728 Byxor fr\u00e5n Caramell Fashion \u2728 Stilrena och bekv\u00e4ma byxor med en modern och smickrande passform. Perfekta f\u00f6r b\u00e5de vardag och mer uppkl\u00e4dda tillf\u00e4llen \u2013 ett riktigt m\u00e5ngsidigt plagg i garderoben! \ud83d\udcab \ud83c\udf3f Detaljer:\u2728 Smickrande passform med l\u00e4tt avsmalnande ben\ud83d\udc56 Res\u00e5r i midjan f\u00f6r extra komfort\ud83e\uddf5 Stretchigt material som ger fin r\u00f6relsefrihet\ud83d\udc4c Praktiska sidofickor\ud83c\udf80 B\u00e4lte medf\u00f6ljer f\u00f6r en komplett look Matcha med en enkel topp och sneakers f\u00f6r en avslappnad stil eller kl\u00e4 upp med blus och klackar. \ud83d\udda4 \ud83d\udccf Storlek: Onesize\ud83e\uddf5 Material: 65% bomull, 30% polyamid, 5% elastan\ud83e\uddfa Tv\u00e4ttr\u00e5d: 30\u00b0\ud83c\udff7 M\u00e4rke: Caramell Fashion \ud83d\udc96 Ett m\u00e5ste i garderoben \u2013 b\u00e5de snygga och otroligt sk\u00f6na! \u2728\" \/>\n<meta property=\"og:url\" content=\"https:\/\/stilanddesign.se\/en\/product\/\u2728-byxor-fran-caramell-fashion-\u2728-5\/\" \/>\n<meta property=\"og:site_name\" content=\"Stil &amp; Design\" \/>\n<meta property=\"article:modified_time\" content=\"2026-04-21T16:37:47+00:00\" \/>\n<meta name=\"twitter:card\" content=\"summary_large_image\" \/>\n<meta name=\"twitter:label1\" content=\"Est. reading time\" \/>\n\t<meta name=\"twitter:data1\" content=\"1 minute\" \/>\n<script type=\"application\/ld+json\" class=\"yoast-schema-graph\">{\"@context\":\"https:\\\/\\\/schema.org\",\"@graph\":[{\"@type\":\"WebPage\",\"@id\":\"https:\\\/\\\/stilanddesign.se\\\/produkt\\\/%e2%9c%a8-byxor-fran-caramell-fashion-%e2%9c%a8-5\\\/\",\"url\":\"https:\\\/\\\/stilanddesign.se\\\/produkt\\\/%e2%9c%a8-byxor-fran-caramell-fashion-%e2%9c%a8-5\\\/\",\"name\":\"\u2728 Byxor fr\u00e5n Caramell Fashion \u2728 - Stil &amp; Design\",\"isPartOf\":{\"@id\":\"https:\\\/\\\/stilanddesign.se\\\/#website\"},\"primaryImageOfPage\":{\"@id\":\"https:\\\/\\\/stilanddesign.se\\\/produkt\\\/%e2%9c%a8-byxor-fran-caramell-fashion-%e2%9c%a8-5\\\/#primaryimage\"},\"image\":{\"@id\":\"https:\\\/\\\/stilanddesign.se\\\/produkt\\\/%e2%9c%a8-byxor-fran-caramell-fashion-%e2%9c%a8-5\\\/#primaryimage\"},\"thumbnailUrl\":\"https:\\\/\\\/stilanddesign.se\\\/wp-content\\\/uploads\\\/2026\\\/04\\\/778965455.jpg\",\"datePublished\":\"2026-04-21T14:13:03+00:00\",\"dateModified\":\"2026-04-21T16:37:47+00:00\",\"breadcrumb\":{\"@id\":\"https:\\\/\\\/stilanddesign.se\\\/produkt\\\/%e2%9c%a8-byxor-fran-caramell-fashion-%e2%9c%a8-5\\\/#breadcrumb\"},\"inLanguage\":\"en-US\",\"potentialAction\":[{\"@type\":\"ReadAction\",\"target\":[\"https:\\\/\\\/stilanddesign.se\\\/produkt\\\/%e2%9c%a8-byxor-fran-caramell-fashion-%e2%9c%a8-5\\\/\"]}]},{\"@type\":\"ImageObject\",\"inLanguage\":\"en-US\",\"@id\":\"https:\\\/\\\/stilanddesign.se\\\/produkt\\\/%e2%9c%a8-byxor-fran-caramell-fashion-%e2%9c%a8-5\\\/#primaryimage\",\"url\":\"https:\\\/\\\/stilanddesign.se\\\/wp-content\\\/uploads\\\/2026\\\/04\\\/778965455.jpg\",\"contentUrl\":\"https:\\\/\\\/stilanddesign.se\\\/wp-content\\\/uploads\\\/2026\\\/04\\\/778965455.jpg\",\"width\":452,\"height\":640,\"caption\":\"byxor fr\u00e5n caramell fashion\"},{\"@type\":\"BreadcrumbList\",\"@id\":\"https:\\\/\\\/stilanddesign.se\\\/produkt\\\/%e2%9c%a8-byxor-fran-caramell-fashion-%e2%9c%a8-5\\\/#breadcrumb\",\"itemListElement\":[{\"@type\":\"ListItem\",\"position\":1,\"name\":\"Hem\",\"item\":\"https:\\\/\\\/stilanddesign.se\\\/\"},{\"@type\":\"ListItem\",\"position\":2,\"name\":\"Butiken\",\"item\":\"https:\\\/\\\/stilanddesign.se\\\/butiken\\\/\"},{\"@type\":\"ListItem\",\"position\":3,\"name\":\"\u2728 Byxor fr\u00e5n Caramell Fashion \u2728\"}]},{\"@type\":\"WebSite\",\"@id\":\"https:\\\/\\\/stilanddesign.se\\\/#website\",\"url\":\"https:\\\/\\\/stilanddesign.se\\\/\",\"name\":\"Stil &amp; Design\",\"description\":\"F\u00f6r oss som \u00e4lskar mode!\",\"publisher\":{\"@id\":\"https:\\\/\\\/stilanddesign.se\\\/#organization\"},\"potentialAction\":[{\"@type\":\"SearchAction\",\"target\":{\"@type\":\"EntryPoint\",\"urlTemplate\":\"https:\\\/\\\/stilanddesign.se\\\/?s={search_term_string}\"},\"query-input\":{\"@type\":\"PropertyValueSpecification\",\"valueRequired\":true,\"valueName\":\"search_term_string\"}}],\"inLanguage\":\"en-US\"},{\"@type\":\"Organization\",\"@id\":\"https:\\\/\\\/stilanddesign.se\\\/#organization\",\"name\":\"Stil &amp; Design\",\"url\":\"https:\\\/\\\/stilanddesign.se\\\/\",\"logo\":{\"@type\":\"ImageObject\",\"inLanguage\":\"en-US\",\"@id\":\"https:\\\/\\\/stilanddesign.se\\\/#\\\/schema\\\/logo\\\/image\\\/\",\"url\":\"https:\\\/\\\/stilanddesign.se\\\/wp-content\\\/uploads\\\/2023\\\/12\\\/output-onlinepngtools-e1727784413220.png\",\"contentUrl\":\"https:\\\/\\\/stilanddesign.se\\\/wp-content\\\/uploads\\\/2023\\\/12\\\/output-onlinepngtools-e1727784413220.png\",\"width\":519,\"height\":135,\"caption\":\"Stil &amp; Design\"},\"image\":{\"@id\":\"https:\\\/\\\/stilanddesign.se\\\/#\\\/schema\\\/logo\\\/image\\\/\"}}]}<\/script>\n<!-- \/ Yoast SEO Premium plugin. -->","yoast_head_json":{"title":"\u2728 Byxor fr\u00e5n Caramell Fashion \u2728 - Stil &amp; Design","robots":{"index":"index","follow":"follow","max-snippet":"max-snippet:-1","max-image-preview":"max-image-preview:large","max-video-preview":"max-video-preview:-1"},"canonical":"https:\/\/stilanddesign.se\/en\/product\/\u2728-byxor-fran-caramell-fashion-\u2728-5\/","og_locale":"en_US","og_type":"article","og_title":"\u2728 Byxor fr\u00e5n Caramell Fashion \u2728","og_description":"\u2728 Byxor fr\u00e5n Caramell Fashion \u2728 Stilrena och bekv\u00e4ma byxor med en modern och smickrande passform. Perfekta f\u00f6r b\u00e5de vardag och mer uppkl\u00e4dda tillf\u00e4llen \u2013 ett riktigt m\u00e5ngsidigt plagg i garderoben! \ud83d\udcab \ud83c\udf3f Detaljer:\u2728 Smickrande passform med l\u00e4tt avsmalnande ben\ud83d\udc56 Res\u00e5r i midjan f\u00f6r extra komfort\ud83e\uddf5 Stretchigt material som ger fin r\u00f6relsefrihet\ud83d\udc4c Praktiska sidofickor\ud83c\udf80 B\u00e4lte medf\u00f6ljer f\u00f6r en komplett look Matcha med en enkel topp och sneakers f\u00f6r en avslappnad stil eller kl\u00e4 upp med blus och klackar. \ud83d\udda4 \ud83d\udccf Storlek: Onesize\ud83e\uddf5 Material: 65% bomull, 30% polyamid, 5% elastan\ud83e\uddfa Tv\u00e4ttr\u00e5d: 30\u00b0\ud83c\udff7 M\u00e4rke: Caramell Fashion \ud83d\udc96 Ett m\u00e5ste i garderoben \u2013 b\u00e5de snygga och otroligt sk\u00f6na! \u2728","og_url":"https:\/\/stilanddesign.se\/en\/product\/\u2728-byxor-fran-caramell-fashion-\u2728-5\/","og_site_name":"Stil &amp; Design","article_modified_time":"2026-04-21T16:37:47+00:00","twitter_card":"summary_large_image","twitter_misc":{"Est. reading time":"1 minute"},"schema":{"@context":"https:\/\/schema.org","@graph":[{"@type":"WebPage","@id":"https:\/\/stilanddesign.se\/produkt\/%e2%9c%a8-byxor-fran-caramell-fashion-%e2%9c%a8-5\/","url":"https:\/\/stilanddesign.se\/produkt\/%e2%9c%a8-byxor-fran-caramell-fashion-%e2%9c%a8-5\/","name":"\u2728 Byxor fr\u00e5n Caramell Fashion \u2728 - Stil &amp; Design","isPartOf":{"@id":"https:\/\/stilanddesign.se\/#website"},"primaryImageOfPage":{"@id":"https:\/\/stilanddesign.se\/produkt\/%e2%9c%a8-byxor-fran-caramell-fashion-%e2%9c%a8-5\/#primaryimage"},"image":{"@id":"https:\/\/stilanddesign.se\/produkt\/%e2%9c%a8-byxor-fran-caramell-fashion-%e2%9c%a8-5\/#primaryimage"},"thumbnailUrl":"https:\/\/stilanddesign.se\/wp-content\/uploads\/2026\/04\/778965455.jpg","datePublished":"2026-04-21T14:13:03+00:00","dateModified":"2026-04-21T16:37:47+00:00","breadcrumb":{"@id":"https:\/\/stilanddesign.se\/produkt\/%e2%9c%a8-byxor-fran-caramell-fashion-%e2%9c%a8-5\/#breadcrumb"},"inLanguage":"en-US","potentialAction":[{"@type":"ReadAction","target":["https:\/\/stilanddesign.se\/produkt\/%e2%9c%a8-byxor-fran-caramell-fashion-%e2%9c%a8-5\/"]}]},{"@type":"ImageObject","inLanguage":"en-US","@id":"https:\/\/stilanddesign.se\/produkt\/%e2%9c%a8-byxor-fran-caramell-fashion-%e2%9c%a8-5\/#primaryimage","url":"https:\/\/stilanddesign.se\/wp-content\/uploads\/2026\/04\/778965455.jpg","contentUrl":"https:\/\/stilanddesign.se\/wp-content\/uploads\/2026\/04\/778965455.jpg","width":452,"height":640,"caption":"byxor fr\u00e5n caramell fashion"},{"@type":"BreadcrumbList","@id":"https:\/\/stilanddesign.se\/produkt\/%e2%9c%a8-byxor-fran-caramell-fashion-%e2%9c%a8-5\/#breadcrumb","itemListElement":[{"@type":"ListItem","position":1,"name":"Hem","item":"https:\/\/stilanddesign.se\/"},{"@type":"ListItem","position":2,"name":"Butiken","item":"https:\/\/stilanddesign.se\/butiken\/"},{"@type":"ListItem","position":3,"name":"\u2728 Byxor fr\u00e5n Caramell Fashion \u2728"}]},{"@type":"WebSite","@id":"https:\/\/stilanddesign.se\/#website","url":"https:\/\/stilanddesign.se\/","name":"Style &amp; Design","description":"For those of us who love fashion!","publisher":{"@id":"https:\/\/stilanddesign.se\/#organization"},"potentialAction":[{"@type":"SearchAction","target":{"@type":"EntryPoint","urlTemplate":"https:\/\/stilanddesign.se\/?s={search_term_string}"},"query-input":{"@type":"PropertyValueSpecification","valueRequired":true,"valueName":"search_term_string"}}],"inLanguage":"en-US"},{"@type":"Organization","@id":"https:\/\/stilanddesign.se\/#organization","name":"Style &amp; Design","url":"https:\/\/stilanddesign.se\/","logo":{"@type":"ImageObject","inLanguage":"en-US","@id":"https:\/\/stilanddesign.se\/#\/schema\/logo\/image\/","url":"https:\/\/stilanddesign.se\/wp-content\/uploads\/2023\/12\/output-onlinepngtools-e1727784413220.png","contentUrl":"https:\/\/stilanddesign.se\/wp-content\/uploads\/2023\/12\/output-onlinepngtools-e1727784413220.png","width":519,"height":135,"caption":"Stil &amp; Design"},"image":{"@id":"https:\/\/stilanddesign.se\/#\/schema\/logo\/image\/"}}]}},"_links":{"self":[{"href":"https:\/\/stilanddesign.se\/en\/wp-json\/wp\/v2\/product\/1074258","targetHints":{"allow":["GET"]}}],"collection":[{"href":"https:\/\/stilanddesign.se\/en\/wp-json\/wp\/v2\/product"}],"about":[{"href":"https:\/\/stilanddesign.se\/en\/wp-json\/wp\/v2\/types\/product"}],"replies":[{"embeddable":true,"href":"https:\/\/stilanddesign.se\/en\/wp-json\/wp\/v2\/comments?post=1074258"}],"wp:featuredmedia":[{"embeddable":true,"href":"https:\/\/stilanddesign.se\/en\/wp-json\/wp\/v2\/media\/1074248"}],"wp:attachment":[{"href":"https:\/\/stilanddesign.se\/en\/wp-json\/wp\/v2\/media?parent=1074258"}],"wp:term":[{"taxonomy":"product_brand","embeddable":true,"href":"https:\/\/stilanddesign.se\/en\/wp-json\/wp\/v2\/product_brand?post=1074258"},{"taxonomy":"product_cat","embeddable":true,"href":"https:\/\/stilanddesign.se\/en\/wp-json\/wp\/v2\/product_cat?post=1074258"},{"taxonomy":"product_tag","embeddable":true,"href":"https:\/\/stilanddesign.se\/en\/wp-json\/wp\/v2\/product_tag?post=1074258"}],"curies":[{"name":"wp","href":"https:\/\/api.w.org\/{rel}","templated":true}]}}