{"id":1073970,"date":"2026-04-17T16:58:38","date_gmt":"2026-04-17T14:58:38","guid":{"rendered":"https:\/\/stilanddesign.se\/?post_type=product&#038;p=1073970"},"modified":"2026-04-19T19:10:00","modified_gmt":"2026-04-19T17:10:00","slug":"feminin-och-lyxig-topp-frsisters-point-i-ljusrosa","status":"publish","type":"product","link":"https:\/\/stilanddesign.se\/en\/product\/feminin-och-lyxig-topp-frsisters-point-i-ljusrosa\/","title":{"rendered":"Feminine and luxurious top from Sisters Point in light pink"},"content":{"rendered":"<h2 data-start=\"122\" data-end=\"205\">\u2728 Feminine &amp; luxurious blouse from Sisters Point \u2013 light pink floral mesh blouse with puff sleeves<\/h2>\n<p data-start=\"207\" data-end=\"403\">Are you looking for an elegant blouse that really stands out? \ud83c\udf3a\u2728<br data-start=\"267\" data-end=\"270\" \/>This feminine blouse from <strong data-start=\"295\" data-end=\"312\">Sisters Point<\/strong> is a real dream garment for those who love romantic details and an exclusive expression.<\/p>\n<p data-start=\"405\" data-end=\"767\">The blouse is made of a light, transparent mesh fabric and decorated with <strong data-start=\"479\" data-end=\"516\">sewn-on, three-dimensional flowers<\/strong> and embroidered flower vines \u2013 which creates a fantastic depth and a luxurious feel. The round, transparent puff sleeves add a soft and feminine impression, while the comfortable fit makes it easy to wear both for everyday use and parties. \ud83c\udf38\ud83d\udcab<\/p>\n<p data-start=\"769\" data-end=\"891\">Perfect to style with a pair of jeans for a chic everyday look or with a skirt or suit pants for a more dressed-up outfit.<\/p>\n<h3 data-start=\"893\" data-end=\"923\"><strong data-start=\"897\" data-end=\"923\">Benefits &amp; details \ud83c\udf1f<\/strong><\/h3>\n<ul data-start=\"924\" data-end=\"1181\">\n<li data-start=\"924\" data-end=\"967\">\n<p data-start=\"926\" data-end=\"967\">Light and airy, transparent mesh fabric<\/p>\n<\/li>\n<li data-start=\"968\" data-end=\"1028\">\n<p data-start=\"970\" data-end=\"1028\">3D flowers and embroidered details for a luxurious look<\/p>\n<\/li>\n<li data-start=\"1029\" data-end=\"1067\">\n<p data-start=\"1031\" data-end=\"1067\">Feminine puff sleeve in transparent mesh<\/p>\n<\/li>\n<li data-start=\"1068\" data-end=\"1102\">\n<p data-start=\"1070\" data-end=\"1102\">Comfortable and flattering fit<\/p>\n<\/li>\n<li data-start=\"1103\" data-end=\"1155\">\n<p data-start=\"1105\" data-end=\"1155\">Perfect for parties, dinners, events and everyday luxury<\/p>\n<\/li>\n<li data-start=\"1156\" data-end=\"1181\">\n<p data-start=\"1158\" data-end=\"1181\">Available in sizes XS\u2013XL<\/p>\n<\/li>\n<\/ul>\n<h3 data-start=\"1183\" data-end=\"1202\"><strong data-start=\"1187\" data-end=\"1202\">Materials \ud83e\uddf5<\/strong><\/h3>\n<p data-start=\"1203\" data-end=\"1217\">100% polyester<\/p>\n<h3 data-start=\"1219\" data-end=\"1234\"><strong data-start=\"1223\" data-end=\"1234\">Color \ud83c\udfa8<\/strong><\/h3>\n<p data-start=\"1235\" data-end=\"1240\">Light pink<\/p>","protected":false},"excerpt":{"rendered":"<h2 data-start=\"122\" data-end=\"205\">\u2728 Feminin &amp; lyxig blus fr\u00e5n Sisters Point \u2013 ljusrosa\u00a0 blommig meshblus med puff\u00e4rmar<\/h2>\n<p data-start=\"207\" data-end=\"403\">Are you looking for an elegant blouse that really stands out? \ud83c\udf3a\u2728<br data-start=\"267\" data-end=\"270\" \/>This feminine blouse from <strong data-start=\"295\" data-end=\"312\">Sisters Point<\/strong> is a real dream garment for those who love romantic details and an exclusive expression.<\/p>\n<p data-start=\"405\" data-end=\"767\">The blouse is made of a light, transparent mesh fabric and decorated with <strong data-start=\"479\" data-end=\"516\">sewn-on, three-dimensional flowers<\/strong> and embroidered flower vines \u2013 which creates a fantastic depth and a luxurious feel. The round, transparent puff sleeves add a soft and feminine impression, while the comfortable fit makes it easy to wear both for everyday use and parties. \ud83c\udf38\ud83d\udcab<\/p>\n<p data-start=\"769\" data-end=\"891\">Perfect to style with a pair of jeans for a chic everyday look or with a skirt or suit pants for a more dressed-up outfit.<\/p>\n<h3 data-start=\"893\" data-end=\"923\"><strong data-start=\"897\" data-end=\"923\">Benefits &amp; details \ud83c\udf1f<\/strong><\/h3>\n<ul data-start=\"924\" data-end=\"1181\">\n<li data-start=\"924\" data-end=\"967\">\n<p data-start=\"926\" data-end=\"967\">Light and airy, transparent mesh fabric<\/p>\n<\/li>\n<li data-start=\"968\" data-end=\"1028\">\n<p data-start=\"970\" data-end=\"1028\">3D flowers and embroidered details for a luxurious look<\/p>\n<\/li>\n<li data-start=\"1029\" data-end=\"1067\">\n<p data-start=\"1031\" data-end=\"1067\">Feminine puff sleeve in transparent mesh<\/p>\n<\/li>\n<li data-start=\"1068\" data-end=\"1102\">\n<p data-start=\"1070\" data-end=\"1102\">Comfortable and flattering fit<\/p>\n<\/li>\n<li data-start=\"1103\" data-end=\"1155\">\n<p data-start=\"1105\" data-end=\"1155\">Perfect for parties, dinners, events and everyday luxury<\/p>\n<\/li>\n<li data-start=\"1156\" data-end=\"1181\">\n<p data-start=\"1158\" data-end=\"1181\">Available in sizes XS\u2013XL<\/p>\n<\/li>\n<\/ul>\n<h3 data-start=\"1183\" data-end=\"1202\"><strong data-start=\"1187\" data-end=\"1202\">Materials \ud83e\uddf5<\/strong><\/h3>\n<p data-start=\"1203\" data-end=\"1217\">100% polyester<\/p>\n<h3 data-start=\"1219\" data-end=\"1234\"><strong data-start=\"1223\" data-end=\"1234\">Color \ud83c\udfa8<\/strong><\/h3>\n<p data-start=\"1235\" data-end=\"1240\">Light pink<\/p>","protected":false},"featured_media":1073953,"comment_status":"closed","ping_status":"closed","template":"","meta":[],"product_brand":[],"product_cat":[211,217],"product_tag":[],"class_list":{"0":"post-1073970","1":"product","2":"type-product","3":"status-publish","4":"has-post-thumbnail","6":"product_cat-blusar","7":"product_cat-produktnyheter","9":"first","10":"instock","11":"taxable","12":"shipping-taxable","13":"purchasable","14":"product-type-variable"},"yoast_head":"<!-- This site is optimized with the Yoast SEO Premium plugin v27.4 (Yoast SEO v27.4) - https:\/\/yoast.com\/product\/yoast-seo-premium-wordpress\/ -->\n<title>Feminin och lyxig topp fr,Sisters Point i ljusrosa - Stil &amp; Design<\/title>\n<meta name=\"robots\" content=\"index, follow, max-snippet:-1, max-image-preview:large, max-video-preview:-1\" \/>\n<link rel=\"canonical\" href=\"https:\/\/stilanddesign.se\/en\/product\/feminin-och-lyxig-topp-frsisters-point-i-ljusrosa\/\" \/>\n<meta property=\"og:locale\" content=\"en_US\" \/>\n<meta property=\"og:type\" content=\"article\" \/>\n<meta property=\"og:title\" content=\"Feminin och lyxig topp fr,Sisters Point i ljusrosa\" \/>\n<meta property=\"og:description\" content=\"\u2728 Feminin &amp; lyxig blus fr\u00e5n Sisters Point \u2013 ljusrosa\u00a0 blommig meshblus med puff\u00e4rmar Letar du efter en elegant blus som verkligen sticker ut? \ud83c\udf3a\u2728Denna feminina blus fr\u00e5n Sisters Point \u00e4r ett riktigt dr\u00f6mplagg f\u00f6r dig som \u00e4lskar romantiska detaljer och ett exklusivt uttryck. Blusen \u00e4r tillverkad av ett l\u00e4tt, genomskinligt meshtyg och dekorerad med p\u00e5sydda, tredimensionella blommor samt broderade blomrankor \u2013 vilket skapar ett fantastiskt djup och en lyxig k\u00e4nsla. De runda, transparenta puff\u00e4rmarna adderar ett mjukt och feminint intryck, samtidigt som den bekv\u00e4ma passformen g\u00f6r den enkel att b\u00e4ra b\u00e5de till vardag och fest. \ud83c\udf38\ud83d\udcab Perfekt att styla med ett par jeans f\u00f6r en chic vardagslook eller med en kjol eller kostymbyxa f\u00f6r en mer uppkl\u00e4dd outfit.  F\u00f6rdelar &amp; detaljer \ud83c\udf1f    L\u00e4tt och luftigt, genomskinligt meshtyg    3D-blommor och broderade detaljer f\u00f6r ett lyxigt uttryck    Feminin puff\u00e4rm i transparent mesh    Bekv\u00e4m och smickrande passform    Perfekt f\u00f6r fest, middagar, event och vardagslyx    Finns i storlek XS\u2013XL   Material \ud83e\uddf5 100% polyester  F\u00e4rg \ud83c\udfa8 Ljusrosa\" \/>\n<meta property=\"og:url\" content=\"https:\/\/stilanddesign.se\/en\/product\/feminin-och-lyxig-topp-frsisters-point-i-ljusrosa\/\" \/>\n<meta property=\"og:site_name\" content=\"Stil &amp; Design\" \/>\n<meta property=\"article:modified_time\" content=\"2026-04-19T17:10:00+00:00\" \/>\n<meta property=\"og:image\" content=\"https:\/\/stilanddesign.se\/wp-content\/uploads\/2026\/04\/995.jpeg\" \/>\n\t<meta property=\"og:image:width\" content=\"1065\" \/>\n\t<meta property=\"og:image:height\" content=\"1598\" \/>\n\t<meta property=\"og:image:type\" content=\"image\/jpeg\" \/>\n<meta name=\"twitter:card\" content=\"summary_large_image\" \/>\n<meta name=\"twitter:label1\" content=\"Est. reading time\" \/>\n\t<meta name=\"twitter:data1\" content=\"2 minutes\" \/>\n<script type=\"application\/ld+json\" class=\"yoast-schema-graph\">{\"@context\":\"https:\\\/\\\/schema.org\",\"@graph\":[{\"@type\":\"WebPage\",\"@id\":\"https:\\\/\\\/stilanddesign.se\\\/produkt\\\/feminin-och-lyxig-topp-frsisters-point-i-ljusrosa\\\/\",\"url\":\"https:\\\/\\\/stilanddesign.se\\\/produkt\\\/feminin-och-lyxig-topp-frsisters-point-i-ljusrosa\\\/\",\"name\":\"Feminin och lyxig topp fr,Sisters Point i ljusrosa - Stil &amp; Design\",\"isPartOf\":{\"@id\":\"https:\\\/\\\/stilanddesign.se\\\/#website\"},\"primaryImageOfPage\":{\"@id\":\"https:\\\/\\\/stilanddesign.se\\\/produkt\\\/feminin-och-lyxig-topp-frsisters-point-i-ljusrosa\\\/#primaryimage\"},\"image\":{\"@id\":\"https:\\\/\\\/stilanddesign.se\\\/produkt\\\/feminin-och-lyxig-topp-frsisters-point-i-ljusrosa\\\/#primaryimage\"},\"thumbnailUrl\":\"https:\\\/\\\/stilanddesign.se\\\/wp-content\\\/uploads\\\/2026\\\/04\\\/995.jpeg\",\"datePublished\":\"2026-04-17T14:58:38+00:00\",\"dateModified\":\"2026-04-19T17:10:00+00:00\",\"breadcrumb\":{\"@id\":\"https:\\\/\\\/stilanddesign.se\\\/produkt\\\/feminin-och-lyxig-topp-frsisters-point-i-ljusrosa\\\/#breadcrumb\"},\"inLanguage\":\"en-US\",\"potentialAction\":[{\"@type\":\"ReadAction\",\"target\":[\"https:\\\/\\\/stilanddesign.se\\\/produkt\\\/feminin-och-lyxig-topp-frsisters-point-i-ljusrosa\\\/\"]}]},{\"@type\":\"ImageObject\",\"inLanguage\":\"en-US\",\"@id\":\"https:\\\/\\\/stilanddesign.se\\\/produkt\\\/feminin-och-lyxig-topp-frsisters-point-i-ljusrosa\\\/#primaryimage\",\"url\":\"https:\\\/\\\/stilanddesign.se\\\/wp-content\\\/uploads\\\/2026\\\/04\\\/995.jpeg\",\"contentUrl\":\"https:\\\/\\\/stilanddesign.se\\\/wp-content\\\/uploads\\\/2026\\\/04\\\/995.jpeg\",\"width\":1065,\"height\":1598,\"caption\":\"lyxig topp i ljusrosa\"},{\"@type\":\"BreadcrumbList\",\"@id\":\"https:\\\/\\\/stilanddesign.se\\\/produkt\\\/feminin-och-lyxig-topp-frsisters-point-i-ljusrosa\\\/#breadcrumb\",\"itemListElement\":[{\"@type\":\"ListItem\",\"position\":1,\"name\":\"Hem\",\"item\":\"https:\\\/\\\/stilanddesign.se\\\/\"},{\"@type\":\"ListItem\",\"position\":2,\"name\":\"Butiken\",\"item\":\"https:\\\/\\\/stilanddesign.se\\\/butiken\\\/\"},{\"@type\":\"ListItem\",\"position\":3,\"name\":\"Feminin och lyxig topp fr,Sisters Point i ljusrosa\"}]},{\"@type\":\"WebSite\",\"@id\":\"https:\\\/\\\/stilanddesign.se\\\/#website\",\"url\":\"https:\\\/\\\/stilanddesign.se\\\/\",\"name\":\"Stil &amp; Design\",\"description\":\"F\u00f6r oss som \u00e4lskar mode!\",\"publisher\":{\"@id\":\"https:\\\/\\\/stilanddesign.se\\\/#organization\"},\"potentialAction\":[{\"@type\":\"SearchAction\",\"target\":{\"@type\":\"EntryPoint\",\"urlTemplate\":\"https:\\\/\\\/stilanddesign.se\\\/?s={search_term_string}\"},\"query-input\":{\"@type\":\"PropertyValueSpecification\",\"valueRequired\":true,\"valueName\":\"search_term_string\"}}],\"inLanguage\":\"en-US\"},{\"@type\":\"Organization\",\"@id\":\"https:\\\/\\\/stilanddesign.se\\\/#organization\",\"name\":\"Stil &amp; Design\",\"url\":\"https:\\\/\\\/stilanddesign.se\\\/\",\"logo\":{\"@type\":\"ImageObject\",\"inLanguage\":\"en-US\",\"@id\":\"https:\\\/\\\/stilanddesign.se\\\/#\\\/schema\\\/logo\\\/image\\\/\",\"url\":\"https:\\\/\\\/stilanddesign.se\\\/wp-content\\\/uploads\\\/2023\\\/12\\\/output-onlinepngtools-e1727784413220.png\",\"contentUrl\":\"https:\\\/\\\/stilanddesign.se\\\/wp-content\\\/uploads\\\/2023\\\/12\\\/output-onlinepngtools-e1727784413220.png\",\"width\":519,\"height\":135,\"caption\":\"Stil &amp; Design\"},\"image\":{\"@id\":\"https:\\\/\\\/stilanddesign.se\\\/#\\\/schema\\\/logo\\\/image\\\/\"}}]}<\/script>\n<!-- \/ Yoast SEO Premium plugin. -->","yoast_head_json":{"title":"Feminin och lyxig topp fr,Sisters Point i ljusrosa - Stil &amp; Design","robots":{"index":"index","follow":"follow","max-snippet":"max-snippet:-1","max-image-preview":"max-image-preview:large","max-video-preview":"max-video-preview:-1"},"canonical":"https:\/\/stilanddesign.se\/en\/product\/feminin-och-lyxig-topp-frsisters-point-i-ljusrosa\/","og_locale":"en_US","og_type":"article","og_title":"Feminin och lyxig topp fr,Sisters Point i ljusrosa","og_description":"\u2728 Feminin &amp; lyxig blus fr\u00e5n Sisters Point \u2013 ljusrosa\u00a0 blommig meshblus med puff\u00e4rmar Letar du efter en elegant blus som verkligen sticker ut? \ud83c\udf3a\u2728Denna feminina blus fr\u00e5n Sisters Point \u00e4r ett riktigt dr\u00f6mplagg f\u00f6r dig som \u00e4lskar romantiska detaljer och ett exklusivt uttryck. Blusen \u00e4r tillverkad av ett l\u00e4tt, genomskinligt meshtyg och dekorerad med p\u00e5sydda, tredimensionella blommor samt broderade blomrankor \u2013 vilket skapar ett fantastiskt djup och en lyxig k\u00e4nsla. De runda, transparenta puff\u00e4rmarna adderar ett mjukt och feminint intryck, samtidigt som den bekv\u00e4ma passformen g\u00f6r den enkel att b\u00e4ra b\u00e5de till vardag och fest. \ud83c\udf38\ud83d\udcab Perfekt att styla med ett par jeans f\u00f6r en chic vardagslook eller med en kjol eller kostymbyxa f\u00f6r en mer uppkl\u00e4dd outfit.  F\u00f6rdelar &amp; detaljer \ud83c\udf1f    L\u00e4tt och luftigt, genomskinligt meshtyg    3D-blommor och broderade detaljer f\u00f6r ett lyxigt uttryck    Feminin puff\u00e4rm i transparent mesh    Bekv\u00e4m och smickrande passform    Perfekt f\u00f6r fest, middagar, event och vardagslyx    Finns i storlek XS\u2013XL   Material \ud83e\uddf5 100% polyester  F\u00e4rg \ud83c\udfa8 Ljusrosa","og_url":"https:\/\/stilanddesign.se\/en\/product\/feminin-och-lyxig-topp-frsisters-point-i-ljusrosa\/","og_site_name":"Stil &amp; Design","article_modified_time":"2026-04-19T17:10:00+00:00","og_image":[{"width":1065,"height":1598,"url":"https:\/\/stilanddesign.se\/wp-content\/uploads\/2026\/04\/995.jpeg","type":"image\/jpeg"}],"twitter_card":"summary_large_image","twitter_misc":{"Est. reading time":"2 minutes"},"schema":{"@context":"https:\/\/schema.org","@graph":[{"@type":"WebPage","@id":"https:\/\/stilanddesign.se\/produkt\/feminin-och-lyxig-topp-frsisters-point-i-ljusrosa\/","url":"https:\/\/stilanddesign.se\/produkt\/feminin-och-lyxig-topp-frsisters-point-i-ljusrosa\/","name":"Feminin och lyxig topp fr,Sisters Point i ljusrosa - Stil &amp; Design","isPartOf":{"@id":"https:\/\/stilanddesign.se\/#website"},"primaryImageOfPage":{"@id":"https:\/\/stilanddesign.se\/produkt\/feminin-och-lyxig-topp-frsisters-point-i-ljusrosa\/#primaryimage"},"image":{"@id":"https:\/\/stilanddesign.se\/produkt\/feminin-och-lyxig-topp-frsisters-point-i-ljusrosa\/#primaryimage"},"thumbnailUrl":"https:\/\/stilanddesign.se\/wp-content\/uploads\/2026\/04\/995.jpeg","datePublished":"2026-04-17T14:58:38+00:00","dateModified":"2026-04-19T17:10:00+00:00","breadcrumb":{"@id":"https:\/\/stilanddesign.se\/produkt\/feminin-och-lyxig-topp-frsisters-point-i-ljusrosa\/#breadcrumb"},"inLanguage":"en-US","potentialAction":[{"@type":"ReadAction","target":["https:\/\/stilanddesign.se\/produkt\/feminin-och-lyxig-topp-frsisters-point-i-ljusrosa\/"]}]},{"@type":"ImageObject","inLanguage":"en-US","@id":"https:\/\/stilanddesign.se\/produkt\/feminin-och-lyxig-topp-frsisters-point-i-ljusrosa\/#primaryimage","url":"https:\/\/stilanddesign.se\/wp-content\/uploads\/2026\/04\/995.jpeg","contentUrl":"https:\/\/stilanddesign.se\/wp-content\/uploads\/2026\/04\/995.jpeg","width":1065,"height":1598,"caption":"lyxig topp i ljusrosa"},{"@type":"BreadcrumbList","@id":"https:\/\/stilanddesign.se\/produkt\/feminin-och-lyxig-topp-frsisters-point-i-ljusrosa\/#breadcrumb","itemListElement":[{"@type":"ListItem","position":1,"name":"Hem","item":"https:\/\/stilanddesign.se\/"},{"@type":"ListItem","position":2,"name":"Butiken","item":"https:\/\/stilanddesign.se\/butiken\/"},{"@type":"ListItem","position":3,"name":"Feminin och lyxig topp fr,Sisters Point i ljusrosa"}]},{"@type":"WebSite","@id":"https:\/\/stilanddesign.se\/#website","url":"https:\/\/stilanddesign.se\/","name":"Style &amp; Design","description":"For those of us who love fashion!","publisher":{"@id":"https:\/\/stilanddesign.se\/#organization"},"potentialAction":[{"@type":"SearchAction","target":{"@type":"EntryPoint","urlTemplate":"https:\/\/stilanddesign.se\/?s={search_term_string}"},"query-input":{"@type":"PropertyValueSpecification","valueRequired":true,"valueName":"search_term_string"}}],"inLanguage":"en-US"},{"@type":"Organization","@id":"https:\/\/stilanddesign.se\/#organization","name":"Style &amp; Design","url":"https:\/\/stilanddesign.se\/","logo":{"@type":"ImageObject","inLanguage":"en-US","@id":"https:\/\/stilanddesign.se\/#\/schema\/logo\/image\/","url":"https:\/\/stilanddesign.se\/wp-content\/uploads\/2023\/12\/output-onlinepngtools-e1727784413220.png","contentUrl":"https:\/\/stilanddesign.se\/wp-content\/uploads\/2023\/12\/output-onlinepngtools-e1727784413220.png","width":519,"height":135,"caption":"Stil &amp; Design"},"image":{"@id":"https:\/\/stilanddesign.se\/#\/schema\/logo\/image\/"}}]}},"_links":{"self":[{"href":"https:\/\/stilanddesign.se\/en\/wp-json\/wp\/v2\/product\/1073970","targetHints":{"allow":["GET"]}}],"collection":[{"href":"https:\/\/stilanddesign.se\/en\/wp-json\/wp\/v2\/product"}],"about":[{"href":"https:\/\/stilanddesign.se\/en\/wp-json\/wp\/v2\/types\/product"}],"replies":[{"embeddable":true,"href":"https:\/\/stilanddesign.se\/en\/wp-json\/wp\/v2\/comments?post=1073970"}],"wp:featuredmedia":[{"embeddable":true,"href":"https:\/\/stilanddesign.se\/en\/wp-json\/wp\/v2\/media\/1073953"}],"wp:attachment":[{"href":"https:\/\/stilanddesign.se\/en\/wp-json\/wp\/v2\/media?parent=1073970"}],"wp:term":[{"taxonomy":"product_brand","embeddable":true,"href":"https:\/\/stilanddesign.se\/en\/wp-json\/wp\/v2\/product_brand?post=1073970"},{"taxonomy":"product_cat","embeddable":true,"href":"https:\/\/stilanddesign.se\/en\/wp-json\/wp\/v2\/product_cat?post=1073970"},{"taxonomy":"product_tag","embeddable":true,"href":"https:\/\/stilanddesign.se\/en\/wp-json\/wp\/v2\/product_tag?post=1073970"}],"curies":[{"name":"wp","href":"https:\/\/api.w.org\/{rel}","templated":true}]}}