{"id":1073918,"date":"2026-05-05T10:43:54","date_gmt":"2026-05-05T08:43:54","guid":{"rendered":"https:\/\/stilanddesign.se\/?post_type=product&#038;p=1073918"},"modified":"2026-05-05T20:00:48","modified_gmt":"2026-05-05T18:00:48","slug":"%f0%9f%92%9b%f0%9f%92%97%f0%9f%92%99-hoodieklanning-sportig-trendig-favorit-%e2%9c%a8","status":"publish","type":"product","link":"https:\/\/stilanddesign.se\/en\/product\/%f0%9f%92%9b%f0%9f%92%97%f0%9f%92%99-hoodieklanning-sportig-trendig-favorit-%e2%9c%a8\/","title":{"rendered":"\ud83d\udc9b\ud83d\udc97\ud83d\udc99 Hoodie dress \u2013 sporty &amp; trendy favorite \u2728"},"content":{"rendered":"<p data-start=\"0\" data-end=\"57\">\ud83d\udc9b\ud83d\udc97\ud83d\udc99 <strong data-start=\"7\" data-end=\"53\">Hoodie dress \u2013 sporty &amp; trendy favorite<\/strong> \u2728<\/p>\n<p data-start=\"59\" data-end=\"235\">\ud83d\udc57 Beautiful hoodie dress<br data-start=\"91\" data-end=\"94\" \/>\ud83d\udcab Hood with drawstring and double cord<br data-start=\"129\" data-end=\"132\" \/>\ud83d\udc5a Long sleeves for a casual look<br data-start=\"166\" data-end=\"169\" \/>\ud83d\udc4c 2 practical pockets at the front<br data-start=\"199\" data-end=\"202\" data-is-only-node=\"\" \/>\u2728 Perfect mix of style &amp; comfort<\/p>\n<p data-start=\"237\" data-end=\"294\">\ud83d\udccf Length: approx. 102 cm<br data-start=\"256\" data-end=\"259\" \/>\ud83d\udccf One size - fits approx. size 34-42<\/p>\n<p data-start=\"296\" data-end=\"365\">\ud83e\uddf5 Material: 50% viscose, 45% polyester, 5% elastane<br data-start=\"346\" data-end=\"349\" \/>\ud83e\udee7 Washing: 30\u00b0C<\/p>\n<p data-start=\"367\" data-end=\"473\">\ud83d\udc5f <strong data-start=\"370\" data-end=\"386\">Styling tips:<\/strong> Match with sneakers for a sporty everyday look or boots for a trendier style \ud83d\udc95<\/p>\n<p data-start=\"475\" data-end=\"543\" data-is-last-node=\"\" data-is-only-node=\"\">\ud83d\udc96 A dress you&#039;ll want to wear over and over again \u2013 as comfortable as it is stylish \u2728<\/p>","protected":false},"excerpt":{"rendered":"<p data-start=\"0\" data-end=\"57\">\ud83d\udc9b\ud83d\udc97\ud83d\udc99 <strong data-start=\"7\" data-end=\"53\">Hoodie dress \u2013 sporty &amp; trendy favorite<\/strong> \u2728<\/p>\n<p data-start=\"59\" data-end=\"235\">\ud83d\udc57 Beautiful hoodie dress<br data-start=\"91\" data-end=\"94\" \/>\ud83d\udcab Hood with drawstring and double cord<br data-start=\"129\" data-end=\"132\" \/>\ud83d\udc5a Long sleeves for a casual look<br data-start=\"166\" data-end=\"169\" \/>\ud83d\udc4c 2 practical pockets at the front<br data-start=\"199\" data-end=\"202\" data-is-only-node=\"\" \/>\u2728 Perfect mix of style &amp; comfort<\/p>\n<p data-start=\"237\" data-end=\"294\">\ud83d\udccf Length: approx. 102 cm<br data-start=\"256\" data-end=\"259\" \/>\ud83d\udccf One size - fits approx. size 34-42<\/p>\n<p data-start=\"296\" data-end=\"365\">\ud83e\uddf5 Material: 50% viscose, 45% polyester, 5% elastane<br data-start=\"346\" data-end=\"349\" \/>\ud83e\udee7 Washing: 30\u00b0C<\/p>\n<p data-start=\"367\" data-end=\"473\">\ud83d\udc5f <strong data-start=\"370\" data-end=\"386\">Styling tips:<\/strong> Match with sneakers for a sporty everyday look or boots for a trendier style \ud83d\udc95<\/p>\n<p data-start=\"475\" data-end=\"543\" data-is-last-node=\"\" data-is-only-node=\"\">\ud83d\udc96 A dress you&#039;ll want to wear over and over again \u2013 as comfortable as it is stylish \u2728<\/p>","protected":false},"featured_media":1073915,"comment_status":"closed","ping_status":"closed","template":"","meta":[],"product_brand":[],"product_cat":[209],"product_tag":[],"class_list":{"0":"post-1073918","1":"product","2":"type-product","3":"status-publish","4":"has-post-thumbnail","6":"product_cat-reaprodukter","8":"first","9":"instock","10":"sale","11":"taxable","12":"shipping-taxable","13":"purchasable","14":"product-type-variable"},"yoast_head":"<!-- This site is optimized with the Yoast SEO Premium plugin v27.4 (Yoast SEO v27.5) - https:\/\/yoast.com\/product\/yoast-seo-premium-wordpress\/ -->\n<title>\ud83d\udc9b\ud83d\udc97\ud83d\udc99 Hoodiekl\u00e4nning \u2013 sportig &amp; trendig favorit \u2728 - Stil &amp; Design<\/title>\n<meta name=\"robots\" content=\"index, follow, max-snippet:-1, max-image-preview:large, max-video-preview:-1\" \/>\n<link rel=\"canonical\" href=\"https:\/\/stilanddesign.se\/en\/product\/\ud83d\udc9b\ud83d\udc97\ud83d\udc99-hoodieklanning-sportig-trendig-favorit-\u2728\/\" \/>\n<meta property=\"og:locale\" content=\"en_US\" \/>\n<meta property=\"og:type\" content=\"article\" \/>\n<meta property=\"og:title\" content=\"\ud83d\udc9b\ud83d\udc97\ud83d\udc99 Hoodiekl\u00e4nning \u2013 sportig &amp; trendig favorit \u2728\" \/>\n<meta property=\"og:description\" content=\"\ud83d\udc9b\ud83d\udc97\ud83d\udc99 Hoodiekl\u00e4nning \u2013 sportig &amp; trendig favorit \u2728 \ud83d\udc57 Sk\u00f6n kl\u00e4nning i hoodie-modell\ud83d\udcab Huva med dragsko och dubbelsn\u00f6re\ud83d\udc5a L\u00e5ng \u00e4rm f\u00f6r en avslappnad look\ud83d\udc4c 2 praktiska fickor framtill\u2728 Perfekt mix av stil &amp; komfort \ud83d\udccf L\u00e4ngd: ca 102 cm\ud83d\udccf One size \u2013 passar ca stl 34\u201342 \ud83e\uddf5 Material: 50% viskos, 45% polyester, 5% elastan\ud83e\udee7 Tv\u00e4tt: 30\u00b0C \ud83d\udc5f Stylingtips: Matcha med sneakers f\u00f6r en sportig vardagslook eller boots f\u00f6r en trendigare stil \ud83d\udc95 \ud83d\udc96 En kl\u00e4nning du vill b\u00e4ra om och om igen \u2013 lika bekv\u00e4m som snygg \u2728\" \/>\n<meta property=\"og:url\" content=\"https:\/\/stilanddesign.se\/en\/product\/\ud83d\udc9b\ud83d\udc97\ud83d\udc99-hoodieklanning-sportig-trendig-favorit-\u2728\/\" \/>\n<meta property=\"og:site_name\" content=\"Stil &amp; Design\" \/>\n<meta property=\"article:modified_time\" content=\"2026-05-05T18:00:48+00:00\" \/>\n<meta name=\"twitter:card\" content=\"summary_large_image\" \/>\n<meta name=\"twitter:label1\" content=\"Est. reading time\" \/>\n\t<meta name=\"twitter:data1\" content=\"1 minute\" \/>\n<script type=\"application\/ld+json\" class=\"yoast-schema-graph\">{\"@context\":\"https:\\\/\\\/schema.org\",\"@graph\":[{\"@type\":\"WebPage\",\"@id\":\"https:\\\/\\\/stilanddesign.se\\\/produkt\\\/%f0%9f%92%9b%f0%9f%92%97%f0%9f%92%99-hoodieklanning-sportig-trendig-favorit-%e2%9c%a8\\\/\",\"url\":\"https:\\\/\\\/stilanddesign.se\\\/produkt\\\/%f0%9f%92%9b%f0%9f%92%97%f0%9f%92%99-hoodieklanning-sportig-trendig-favorit-%e2%9c%a8\\\/\",\"name\":\"\ud83d\udc9b\ud83d\udc97\ud83d\udc99 Hoodiekl\u00e4nning \u2013 sportig & trendig favorit \u2728 - Stil &amp; Design\",\"isPartOf\":{\"@id\":\"https:\\\/\\\/stilanddesign.se\\\/#website\"},\"primaryImageOfPage\":{\"@id\":\"https:\\\/\\\/stilanddesign.se\\\/produkt\\\/%f0%9f%92%9b%f0%9f%92%97%f0%9f%92%99-hoodieklanning-sportig-trendig-favorit-%e2%9c%a8\\\/#primaryimage\"},\"image\":{\"@id\":\"https:\\\/\\\/stilanddesign.se\\\/produkt\\\/%f0%9f%92%9b%f0%9f%92%97%f0%9f%92%99-hoodieklanning-sportig-trendig-favorit-%e2%9c%a8\\\/#primaryimage\"},\"thumbnailUrl\":\"https:\\\/\\\/stilanddesign.se\\\/wp-content\\\/uploads\\\/2026\\\/04\\\/998987777.jpg\",\"datePublished\":\"2026-05-05T08:43:54+00:00\",\"dateModified\":\"2026-05-05T18:00:48+00:00\",\"breadcrumb\":{\"@id\":\"https:\\\/\\\/stilanddesign.se\\\/produkt\\\/%f0%9f%92%9b%f0%9f%92%97%f0%9f%92%99-hoodieklanning-sportig-trendig-favorit-%e2%9c%a8\\\/#breadcrumb\"},\"inLanguage\":\"en-US\",\"potentialAction\":[{\"@type\":\"ReadAction\",\"target\":[\"https:\\\/\\\/stilanddesign.se\\\/produkt\\\/%f0%9f%92%9b%f0%9f%92%97%f0%9f%92%99-hoodieklanning-sportig-trendig-favorit-%e2%9c%a8\\\/\"]}]},{\"@type\":\"ImageObject\",\"inLanguage\":\"en-US\",\"@id\":\"https:\\\/\\\/stilanddesign.se\\\/produkt\\\/%f0%9f%92%9b%f0%9f%92%97%f0%9f%92%99-hoodieklanning-sportig-trendig-favorit-%e2%9c%a8\\\/#primaryimage\",\"url\":\"https:\\\/\\\/stilanddesign.se\\\/wp-content\\\/uploads\\\/2026\\\/04\\\/998987777.jpg\",\"contentUrl\":\"https:\\\/\\\/stilanddesign.se\\\/wp-content\\\/uploads\\\/2026\\\/04\\\/998987777.jpg\",\"width\":538,\"height\":640,\"caption\":\"Fr\u00e4ck hoodiekl\u00e4ning med h\u00e4tta\"},{\"@type\":\"BreadcrumbList\",\"@id\":\"https:\\\/\\\/stilanddesign.se\\\/produkt\\\/%f0%9f%92%9b%f0%9f%92%97%f0%9f%92%99-hoodieklanning-sportig-trendig-favorit-%e2%9c%a8\\\/#breadcrumb\",\"itemListElement\":[{\"@type\":\"ListItem\",\"position\":1,\"name\":\"Hem\",\"item\":\"https:\\\/\\\/stilanddesign.se\\\/\"},{\"@type\":\"ListItem\",\"position\":2,\"name\":\"Butiken\",\"item\":\"https:\\\/\\\/stilanddesign.se\\\/butiken\\\/\"},{\"@type\":\"ListItem\",\"position\":3,\"name\":\"\ud83d\udc9b\ud83d\udc97\ud83d\udc99 Hoodiekl\u00e4nning \u2013 sportig &#038; trendig favorit \u2728\"}]},{\"@type\":\"WebSite\",\"@id\":\"https:\\\/\\\/stilanddesign.se\\\/#website\",\"url\":\"https:\\\/\\\/stilanddesign.se\\\/\",\"name\":\"Stil &amp; Design\",\"description\":\"F\u00f6r oss som \u00e4lskar mode!\",\"publisher\":{\"@id\":\"https:\\\/\\\/stilanddesign.se\\\/#organization\"},\"potentialAction\":[{\"@type\":\"SearchAction\",\"target\":{\"@type\":\"EntryPoint\",\"urlTemplate\":\"https:\\\/\\\/stilanddesign.se\\\/?s={search_term_string}\"},\"query-input\":{\"@type\":\"PropertyValueSpecification\",\"valueRequired\":true,\"valueName\":\"search_term_string\"}}],\"inLanguage\":\"en-US\"},{\"@type\":\"Organization\",\"@id\":\"https:\\\/\\\/stilanddesign.se\\\/#organization\",\"name\":\"Stil &amp; Design\",\"url\":\"https:\\\/\\\/stilanddesign.se\\\/\",\"logo\":{\"@type\":\"ImageObject\",\"inLanguage\":\"en-US\",\"@id\":\"https:\\\/\\\/stilanddesign.se\\\/#\\\/schema\\\/logo\\\/image\\\/\",\"url\":\"https:\\\/\\\/stilanddesign.se\\\/wp-content\\\/uploads\\\/2023\\\/12\\\/output-onlinepngtools-e1727784413220.png\",\"contentUrl\":\"https:\\\/\\\/stilanddesign.se\\\/wp-content\\\/uploads\\\/2023\\\/12\\\/output-onlinepngtools-e1727784413220.png\",\"width\":519,\"height\":135,\"caption\":\"Stil &amp; Design\"},\"image\":{\"@id\":\"https:\\\/\\\/stilanddesign.se\\\/#\\\/schema\\\/logo\\\/image\\\/\"}}]}<\/script>\n<!-- \/ Yoast SEO Premium plugin. -->","yoast_head_json":{"title":"\ud83d\udc9b\ud83d\udc97\ud83d\udc99 Hoodiekl\u00e4nning \u2013 sportig & trendig favorit \u2728 - Stil &amp; Design","robots":{"index":"index","follow":"follow","max-snippet":"max-snippet:-1","max-image-preview":"max-image-preview:large","max-video-preview":"max-video-preview:-1"},"canonical":"https:\/\/stilanddesign.se\/en\/product\/\ud83d\udc9b\ud83d\udc97\ud83d\udc99-hoodieklanning-sportig-trendig-favorit-\u2728\/","og_locale":"en_US","og_type":"article","og_title":"\ud83d\udc9b\ud83d\udc97\ud83d\udc99 Hoodiekl\u00e4nning \u2013 sportig & trendig favorit \u2728","og_description":"\ud83d\udc9b\ud83d\udc97\ud83d\udc99 Hoodiekl\u00e4nning \u2013 sportig &amp; trendig favorit \u2728 \ud83d\udc57 Sk\u00f6n kl\u00e4nning i hoodie-modell\ud83d\udcab Huva med dragsko och dubbelsn\u00f6re\ud83d\udc5a L\u00e5ng \u00e4rm f\u00f6r en avslappnad look\ud83d\udc4c 2 praktiska fickor framtill\u2728 Perfekt mix av stil &amp; komfort \ud83d\udccf L\u00e4ngd: ca 102 cm\ud83d\udccf One size \u2013 passar ca stl 34\u201342 \ud83e\uddf5 Material: 50% viskos, 45% polyester, 5% elastan\ud83e\udee7 Tv\u00e4tt: 30\u00b0C \ud83d\udc5f Stylingtips: Matcha med sneakers f\u00f6r en sportig vardagslook eller boots f\u00f6r en trendigare stil \ud83d\udc95 \ud83d\udc96 En kl\u00e4nning du vill b\u00e4ra om och om igen \u2013 lika bekv\u00e4m som snygg \u2728","og_url":"https:\/\/stilanddesign.se\/en\/product\/\ud83d\udc9b\ud83d\udc97\ud83d\udc99-hoodieklanning-sportig-trendig-favorit-\u2728\/","og_site_name":"Stil &amp; Design","article_modified_time":"2026-05-05T18:00:48+00:00","twitter_card":"summary_large_image","twitter_misc":{"Est. reading time":"1 minute"},"schema":{"@context":"https:\/\/schema.org","@graph":[{"@type":"WebPage","@id":"https:\/\/stilanddesign.se\/produkt\/%f0%9f%92%9b%f0%9f%92%97%f0%9f%92%99-hoodieklanning-sportig-trendig-favorit-%e2%9c%a8\/","url":"https:\/\/stilanddesign.se\/produkt\/%f0%9f%92%9b%f0%9f%92%97%f0%9f%92%99-hoodieklanning-sportig-trendig-favorit-%e2%9c%a8\/","name":"\ud83d\udc9b\ud83d\udc97\ud83d\udc99 Hoodiekl\u00e4nning \u2013 sportig & trendig favorit \u2728 - Stil &amp; Design","isPartOf":{"@id":"https:\/\/stilanddesign.se\/#website"},"primaryImageOfPage":{"@id":"https:\/\/stilanddesign.se\/produkt\/%f0%9f%92%9b%f0%9f%92%97%f0%9f%92%99-hoodieklanning-sportig-trendig-favorit-%e2%9c%a8\/#primaryimage"},"image":{"@id":"https:\/\/stilanddesign.se\/produkt\/%f0%9f%92%9b%f0%9f%92%97%f0%9f%92%99-hoodieklanning-sportig-trendig-favorit-%e2%9c%a8\/#primaryimage"},"thumbnailUrl":"https:\/\/stilanddesign.se\/wp-content\/uploads\/2026\/04\/998987777.jpg","datePublished":"2026-05-05T08:43:54+00:00","dateModified":"2026-05-05T18:00:48+00:00","breadcrumb":{"@id":"https:\/\/stilanddesign.se\/produkt\/%f0%9f%92%9b%f0%9f%92%97%f0%9f%92%99-hoodieklanning-sportig-trendig-favorit-%e2%9c%a8\/#breadcrumb"},"inLanguage":"en-US","potentialAction":[{"@type":"ReadAction","target":["https:\/\/stilanddesign.se\/produkt\/%f0%9f%92%9b%f0%9f%92%97%f0%9f%92%99-hoodieklanning-sportig-trendig-favorit-%e2%9c%a8\/"]}]},{"@type":"ImageObject","inLanguage":"en-US","@id":"https:\/\/stilanddesign.se\/produkt\/%f0%9f%92%9b%f0%9f%92%97%f0%9f%92%99-hoodieklanning-sportig-trendig-favorit-%e2%9c%a8\/#primaryimage","url":"https:\/\/stilanddesign.se\/wp-content\/uploads\/2026\/04\/998987777.jpg","contentUrl":"https:\/\/stilanddesign.se\/wp-content\/uploads\/2026\/04\/998987777.jpg","width":538,"height":640,"caption":"Fr\u00e4ck hoodiekl\u00e4ning med h\u00e4tta"},{"@type":"BreadcrumbList","@id":"https:\/\/stilanddesign.se\/produkt\/%f0%9f%92%9b%f0%9f%92%97%f0%9f%92%99-hoodieklanning-sportig-trendig-favorit-%e2%9c%a8\/#breadcrumb","itemListElement":[{"@type":"ListItem","position":1,"name":"Hem","item":"https:\/\/stilanddesign.se\/"},{"@type":"ListItem","position":2,"name":"Butiken","item":"https:\/\/stilanddesign.se\/butiken\/"},{"@type":"ListItem","position":3,"name":"\ud83d\udc9b\ud83d\udc97\ud83d\udc99 Hoodiekl\u00e4nning \u2013 sportig &#038; trendig favorit \u2728"}]},{"@type":"WebSite","@id":"https:\/\/stilanddesign.se\/#website","url":"https:\/\/stilanddesign.se\/","name":"Style &amp; Design","description":"For those of us who love fashion!","publisher":{"@id":"https:\/\/stilanddesign.se\/#organization"},"potentialAction":[{"@type":"SearchAction","target":{"@type":"EntryPoint","urlTemplate":"https:\/\/stilanddesign.se\/?s={search_term_string}"},"query-input":{"@type":"PropertyValueSpecification","valueRequired":true,"valueName":"search_term_string"}}],"inLanguage":"en-US"},{"@type":"Organization","@id":"https:\/\/stilanddesign.se\/#organization","name":"Style &amp; Design","url":"https:\/\/stilanddesign.se\/","logo":{"@type":"ImageObject","inLanguage":"en-US","@id":"https:\/\/stilanddesign.se\/#\/schema\/logo\/image\/","url":"https:\/\/stilanddesign.se\/wp-content\/uploads\/2023\/12\/output-onlinepngtools-e1727784413220.png","contentUrl":"https:\/\/stilanddesign.se\/wp-content\/uploads\/2023\/12\/output-onlinepngtools-e1727784413220.png","width":519,"height":135,"caption":"Stil &amp; Design"},"image":{"@id":"https:\/\/stilanddesign.se\/#\/schema\/logo\/image\/"}}]}},"_links":{"self":[{"href":"https:\/\/stilanddesign.se\/en\/wp-json\/wp\/v2\/product\/1073918","targetHints":{"allow":["GET"]}}],"collection":[{"href":"https:\/\/stilanddesign.se\/en\/wp-json\/wp\/v2\/product"}],"about":[{"href":"https:\/\/stilanddesign.se\/en\/wp-json\/wp\/v2\/types\/product"}],"replies":[{"embeddable":true,"href":"https:\/\/stilanddesign.se\/en\/wp-json\/wp\/v2\/comments?post=1073918"}],"wp:featuredmedia":[{"embeddable":true,"href":"https:\/\/stilanddesign.se\/en\/wp-json\/wp\/v2\/media\/1073915"}],"wp:attachment":[{"href":"https:\/\/stilanddesign.se\/en\/wp-json\/wp\/v2\/media?parent=1073918"}],"wp:term":[{"taxonomy":"product_brand","embeddable":true,"href":"https:\/\/stilanddesign.se\/en\/wp-json\/wp\/v2\/product_brand?post=1073918"},{"taxonomy":"product_cat","embeddable":true,"href":"https:\/\/stilanddesign.se\/en\/wp-json\/wp\/v2\/product_cat?post=1073918"},{"taxonomy":"product_tag","embeddable":true,"href":"https:\/\/stilanddesign.se\/en\/wp-json\/wp\/v2\/product_tag?post=1073918"}],"curies":[{"name":"wp","href":"https:\/\/api.w.org\/{rel}","templated":true}]}}