{"id":1073540,"date":"2026-04-15T09:43:02","date_gmt":"2026-04-15T07:43:02","guid":{"rendered":"https:\/\/stilanddesign.se\/?post_type=product&#038;p=1073540"},"modified":"2026-04-15T09:47:26","modified_gmt":"2026-04-15T07:47:26","slug":"white-caramell-blazer-fargstark-och-unik-statementfavorit","status":"publish","type":"product","link":"https:\/\/stilanddesign.se\/en\/product\/white-caramell-blazer-fargstark-och-unik-statementfavorit\/","title":{"rendered":"White Caramell blazer - colorful and unique statement favorite"},"content":{"rendered":"<p data-start=\"0\" data-end=\"68\">\ud83c\udf4b <strong data-start=\"3\" data-end=\"64\">White Caramell blazer \u2013 colorful &amp; unique statement favorite<\/strong> \u2728<\/p>\n<p data-start=\"70\" data-end=\"285\">\ud83c\udfa8 Playful Amalfi-inspired print<br data-start=\"105\" data-end=\"108\" \/>\ud83c\udf38 Colorful details that really stand out<br data-start=\"154\" data-end=\"157\" \/>\ud83d\udc5a Classic blazer model with a modern twist<br data-start=\"199\" data-end=\"202\" \/>\ud83d\udcab Light stretch \u2013 comfortable to wear<br data-start=\"235\" data-end=\"238\" data-is-only-node=\"\" \/>\u2728 Perfect when you want to instantly elevate your outfit<\/p>\n<p data-start=\"287\" data-end=\"299\">\ud83d\udccf Onesize, fits approx. size 34-42<\/p>\n<p data-start=\"301\" data-end=\"341\">\ud83e\uddf5 Material: 95% polyester, 5% elastane<\/p>\n<p data-start=\"343\" data-end=\"435\">\ud83d\udc56 <strong data-start=\"346\" data-end=\"362\">Styling tips:<\/strong> Match with simple pants or jeans to let the blazer take center stage \ud83e\udd0d<\/p>\n<p data-start=\"437\" data-end=\"494\" data-is-last-node=\"\" data-is-only-node=\"\">\ud83d\udc95 A real statement blazer that will turn heads<\/p>","protected":false},"excerpt":{"rendered":"<p data-start=\"0\" data-end=\"68\">\ud83c\udf4b <strong data-start=\"3\" data-end=\"64\">White Caramell blazer \u2013 colorful &amp; unique statement favorite<\/strong> \u2728<\/p>\n<p data-start=\"70\" data-end=\"285\">\ud83c\udfa8 Playful Amalfi-inspired print<br data-start=\"105\" data-end=\"108\" \/>\ud83c\udf38 Colorful details that really stand out<br data-start=\"154\" data-end=\"157\" \/>\ud83d\udc5a Classic blazer model with a modern twist<br data-start=\"199\" data-end=\"202\" \/>\ud83d\udcab Light stretch \u2013 comfortable to wear<br data-start=\"235\" data-end=\"238\" data-is-only-node=\"\" \/>\u2728 Perfect when you want to instantly elevate your outfit<\/p>\n<p data-start=\"287\" data-end=\"299\">\ud83d\udccf Onesize, fits approx. size 34-42<\/p>\n<p data-start=\"301\" data-end=\"341\">\ud83e\uddf5 Material: 95% polyester, 5% elastane<\/p>\n<p data-start=\"343\" data-end=\"435\">\ud83d\udc56 <strong data-start=\"346\" data-end=\"362\">Styling tips:<\/strong> Match with simple pants or jeans to let the blazer take center stage \ud83e\udd0d<\/p>\n<p data-start=\"437\" data-end=\"494\" data-is-last-node=\"\" data-is-only-node=\"\">\ud83d\udc95 A real statement blazer that will turn heads<\/p>","protected":false},"featured_media":1073539,"comment_status":"closed","ping_status":"closed","template":"","meta":[],"product_brand":[],"product_cat":[212,217],"product_tag":[],"class_list":{"0":"post-1073540","1":"product","2":"type-product","3":"status-publish","4":"has-post-thumbnail","6":"product_cat-kavajer","7":"product_cat-produktnyheter","9":"first","10":"instock","11":"taxable","12":"shipping-taxable","13":"purchasable","14":"product-type-variable"},"yoast_head":"<!-- This site is optimized with the Yoast SEO Premium plugin v27.1 (Yoast SEO v27.4) - https:\/\/yoast.com\/product\/yoast-seo-premium-wordpress\/ -->\n<title>White Caramell blazer-f\u00e4rgstark och unik statementfavorit - Stil &amp; Design<\/title>\n<meta name=\"robots\" content=\"index, follow, max-snippet:-1, max-image-preview:large, max-video-preview:-1\" \/>\n<link rel=\"canonical\" href=\"https:\/\/stilanddesign.se\/en\/product\/white-caramell-blazer-fargstark-och-unik-statementfavorit\/\" \/>\n<meta property=\"og:locale\" content=\"en_US\" \/>\n<meta property=\"og:type\" content=\"article\" \/>\n<meta property=\"og:title\" content=\"White Caramell blazer-f\u00e4rgstark och unik statementfavorit\" \/>\n<meta property=\"og:description\" content=\"\ud83c\udf4b White Caramell blazer \u2013 f\u00e4rgstark &amp; unik statementfavorit \u2728 \ud83c\udfa8 Lekfullt Amalfi-inspirerat print\ud83c\udf38 F\u00e4rgglada detaljer som verkligen sticker ut\ud83d\udc5a Klassisk blazer-modell med modern twist\ud83d\udcab L\u00e4tt stretch \u2013 bekv\u00e4m att b\u00e4ra\u2728 Perfekt n\u00e4r du vill lyfta din outfit direkt \ud83d\udccf Onesize,passar ca stl 34-42 \ud83e\uddf5 Material: 95% polyester, 5% elastan \ud83d\udc56 Stylingtips: Matcha med enkla byxor eller jeans f\u00f6r att l\u00e5ta blazern st\u00e5 i fokus \ud83e\udd0d \ud83d\udc95 En riktig statement-blazer som drar blickarna till sig\" \/>\n<meta property=\"og:url\" content=\"https:\/\/stilanddesign.se\/en\/product\/white-caramell-blazer-fargstark-och-unik-statementfavorit\/\" \/>\n<meta property=\"og:site_name\" content=\"Stil &amp; Design\" \/>\n<meta property=\"article:modified_time\" content=\"2026-04-15T07:47:26+00:00\" \/>\n<meta property=\"og:image\" content=\"https:\/\/stilanddesign.se\/wp-content\/uploads\/2026\/04\/778987888888.jpeg\" \/>\n\t<meta property=\"og:image:width\" content=\"1206\" \/>\n\t<meta property=\"og:image:height\" content=\"1191\" \/>\n\t<meta property=\"og:image:type\" content=\"image\/jpeg\" \/>\n<meta name=\"twitter:card\" content=\"summary_large_image\" \/>\n<meta name=\"twitter:label1\" content=\"Est. reading time\" \/>\n\t<meta name=\"twitter:data1\" content=\"1 minute\" \/>\n<script type=\"application\/ld+json\" class=\"yoast-schema-graph\">{\"@context\":\"https:\\\/\\\/schema.org\",\"@graph\":[{\"@type\":\"WebPage\",\"@id\":\"https:\\\/\\\/stilanddesign.se\\\/produkt\\\/white-caramell-blazer-fargstark-och-unik-statementfavorit\\\/\",\"url\":\"https:\\\/\\\/stilanddesign.se\\\/produkt\\\/white-caramell-blazer-fargstark-och-unik-statementfavorit\\\/\",\"name\":\"White Caramell blazer-f\u00e4rgstark och unik statementfavorit - Stil &amp; Design\",\"isPartOf\":{\"@id\":\"https:\\\/\\\/stilanddesign.se\\\/#website\"},\"primaryImageOfPage\":{\"@id\":\"https:\\\/\\\/stilanddesign.se\\\/produkt\\\/white-caramell-blazer-fargstark-och-unik-statementfavorit\\\/#primaryimage\"},\"image\":{\"@id\":\"https:\\\/\\\/stilanddesign.se\\\/produkt\\\/white-caramell-blazer-fargstark-och-unik-statementfavorit\\\/#primaryimage\"},\"thumbnailUrl\":\"https:\\\/\\\/stilanddesign.se\\\/wp-content\\\/uploads\\\/2026\\\/04\\\/778987888888.jpeg\",\"datePublished\":\"2026-04-15T07:43:02+00:00\",\"dateModified\":\"2026-04-15T07:47:26+00:00\",\"breadcrumb\":{\"@id\":\"https:\\\/\\\/stilanddesign.se\\\/produkt\\\/white-caramell-blazer-fargstark-och-unik-statementfavorit\\\/#breadcrumb\"},\"inLanguage\":\"en-US\",\"potentialAction\":[{\"@type\":\"ReadAction\",\"target\":[\"https:\\\/\\\/stilanddesign.se\\\/produkt\\\/white-caramell-blazer-fargstark-och-unik-statementfavorit\\\/\"]}]},{\"@type\":\"ImageObject\",\"inLanguage\":\"en-US\",\"@id\":\"https:\\\/\\\/stilanddesign.se\\\/produkt\\\/white-caramell-blazer-fargstark-och-unik-statementfavorit\\\/#primaryimage\",\"url\":\"https:\\\/\\\/stilanddesign.se\\\/wp-content\\\/uploads\\\/2026\\\/04\\\/778987888888.jpeg\",\"contentUrl\":\"https:\\\/\\\/stilanddesign.se\\\/wp-content\\\/uploads\\\/2026\\\/04\\\/778987888888.jpeg\",\"width\":1206,\"height\":1191,\"caption\":\"Screenshot\"},{\"@type\":\"BreadcrumbList\",\"@id\":\"https:\\\/\\\/stilanddesign.se\\\/produkt\\\/white-caramell-blazer-fargstark-och-unik-statementfavorit\\\/#breadcrumb\",\"itemListElement\":[{\"@type\":\"ListItem\",\"position\":1,\"name\":\"Hem\",\"item\":\"https:\\\/\\\/stilanddesign.se\\\/\"},{\"@type\":\"ListItem\",\"position\":2,\"name\":\"Butiken\",\"item\":\"https:\\\/\\\/stilanddesign.se\\\/butiken\\\/\"},{\"@type\":\"ListItem\",\"position\":3,\"name\":\"White Caramell blazer-f\u00e4rgstark och unik statementfavorit\"}]},{\"@type\":\"WebSite\",\"@id\":\"https:\\\/\\\/stilanddesign.se\\\/#website\",\"url\":\"https:\\\/\\\/stilanddesign.se\\\/\",\"name\":\"Stil &amp; Design\",\"description\":\"F\u00f6r oss som \u00e4lskar mode!\",\"publisher\":{\"@id\":\"https:\\\/\\\/stilanddesign.se\\\/#organization\"},\"potentialAction\":[{\"@type\":\"SearchAction\",\"target\":{\"@type\":\"EntryPoint\",\"urlTemplate\":\"https:\\\/\\\/stilanddesign.se\\\/?s={search_term_string}\"},\"query-input\":{\"@type\":\"PropertyValueSpecification\",\"valueRequired\":true,\"valueName\":\"search_term_string\"}}],\"inLanguage\":\"en-US\"},{\"@type\":\"Organization\",\"@id\":\"https:\\\/\\\/stilanddesign.se\\\/#organization\",\"name\":\"Stil &amp; Design\",\"url\":\"https:\\\/\\\/stilanddesign.se\\\/\",\"logo\":{\"@type\":\"ImageObject\",\"inLanguage\":\"en-US\",\"@id\":\"https:\\\/\\\/stilanddesign.se\\\/#\\\/schema\\\/logo\\\/image\\\/\",\"url\":\"https:\\\/\\\/stilanddesign.se\\\/wp-content\\\/uploads\\\/2023\\\/12\\\/output-onlinepngtools-e1727784413220.png\",\"contentUrl\":\"https:\\\/\\\/stilanddesign.se\\\/wp-content\\\/uploads\\\/2023\\\/12\\\/output-onlinepngtools-e1727784413220.png\",\"width\":519,\"height\":135,\"caption\":\"Stil &amp; Design\"},\"image\":{\"@id\":\"https:\\\/\\\/stilanddesign.se\\\/#\\\/schema\\\/logo\\\/image\\\/\"}}]}<\/script>\n<!-- \/ Yoast SEO Premium plugin. -->","yoast_head_json":{"title":"White Caramell blazer-f\u00e4rgstark och unik statementfavorit - Stil &amp; Design","robots":{"index":"index","follow":"follow","max-snippet":"max-snippet:-1","max-image-preview":"max-image-preview:large","max-video-preview":"max-video-preview:-1"},"canonical":"https:\/\/stilanddesign.se\/en\/product\/white-caramell-blazer-fargstark-och-unik-statementfavorit\/","og_locale":"en_US","og_type":"article","og_title":"White Caramell blazer-f\u00e4rgstark och unik statementfavorit","og_description":"\ud83c\udf4b White Caramell blazer \u2013 f\u00e4rgstark &amp; unik statementfavorit \u2728 \ud83c\udfa8 Lekfullt Amalfi-inspirerat print\ud83c\udf38 F\u00e4rgglada detaljer som verkligen sticker ut\ud83d\udc5a Klassisk blazer-modell med modern twist\ud83d\udcab L\u00e4tt stretch \u2013 bekv\u00e4m att b\u00e4ra\u2728 Perfekt n\u00e4r du vill lyfta din outfit direkt \ud83d\udccf Onesize,passar ca stl 34-42 \ud83e\uddf5 Material: 95% polyester, 5% elastan \ud83d\udc56 Stylingtips: Matcha med enkla byxor eller jeans f\u00f6r att l\u00e5ta blazern st\u00e5 i fokus \ud83e\udd0d \ud83d\udc95 En riktig statement-blazer som drar blickarna till sig","og_url":"https:\/\/stilanddesign.se\/en\/product\/white-caramell-blazer-fargstark-och-unik-statementfavorit\/","og_site_name":"Stil &amp; Design","article_modified_time":"2026-04-15T07:47:26+00:00","og_image":[{"width":1206,"height":1191,"url":"https:\/\/stilanddesign.se\/wp-content\/uploads\/2026\/04\/778987888888.jpeg","type":"image\/jpeg"}],"twitter_card":"summary_large_image","twitter_misc":{"Est. reading time":"1 minute"},"schema":{"@context":"https:\/\/schema.org","@graph":[{"@type":"WebPage","@id":"https:\/\/stilanddesign.se\/produkt\/white-caramell-blazer-fargstark-och-unik-statementfavorit\/","url":"https:\/\/stilanddesign.se\/produkt\/white-caramell-blazer-fargstark-och-unik-statementfavorit\/","name":"White Caramell blazer-f\u00e4rgstark och unik statementfavorit - Stil &amp; Design","isPartOf":{"@id":"https:\/\/stilanddesign.se\/#website"},"primaryImageOfPage":{"@id":"https:\/\/stilanddesign.se\/produkt\/white-caramell-blazer-fargstark-och-unik-statementfavorit\/#primaryimage"},"image":{"@id":"https:\/\/stilanddesign.se\/produkt\/white-caramell-blazer-fargstark-och-unik-statementfavorit\/#primaryimage"},"thumbnailUrl":"https:\/\/stilanddesign.se\/wp-content\/uploads\/2026\/04\/778987888888.jpeg","datePublished":"2026-04-15T07:43:02+00:00","dateModified":"2026-04-15T07:47:26+00:00","breadcrumb":{"@id":"https:\/\/stilanddesign.se\/produkt\/white-caramell-blazer-fargstark-och-unik-statementfavorit\/#breadcrumb"},"inLanguage":"en-US","potentialAction":[{"@type":"ReadAction","target":["https:\/\/stilanddesign.se\/produkt\/white-caramell-blazer-fargstark-och-unik-statementfavorit\/"]}]},{"@type":"ImageObject","inLanguage":"en-US","@id":"https:\/\/stilanddesign.se\/produkt\/white-caramell-blazer-fargstark-och-unik-statementfavorit\/#primaryimage","url":"https:\/\/stilanddesign.se\/wp-content\/uploads\/2026\/04\/778987888888.jpeg","contentUrl":"https:\/\/stilanddesign.se\/wp-content\/uploads\/2026\/04\/778987888888.jpeg","width":1206,"height":1191,"caption":"Screenshot"},{"@type":"BreadcrumbList","@id":"https:\/\/stilanddesign.se\/produkt\/white-caramell-blazer-fargstark-och-unik-statementfavorit\/#breadcrumb","itemListElement":[{"@type":"ListItem","position":1,"name":"Hem","item":"https:\/\/stilanddesign.se\/"},{"@type":"ListItem","position":2,"name":"Butiken","item":"https:\/\/stilanddesign.se\/butiken\/"},{"@type":"ListItem","position":3,"name":"White Caramell blazer-f\u00e4rgstark och unik statementfavorit"}]},{"@type":"WebSite","@id":"https:\/\/stilanddesign.se\/#website","url":"https:\/\/stilanddesign.se\/","name":"Style &amp; Design","description":"For those of us who love fashion!","publisher":{"@id":"https:\/\/stilanddesign.se\/#organization"},"potentialAction":[{"@type":"SearchAction","target":{"@type":"EntryPoint","urlTemplate":"https:\/\/stilanddesign.se\/?s={search_term_string}"},"query-input":{"@type":"PropertyValueSpecification","valueRequired":true,"valueName":"search_term_string"}}],"inLanguage":"en-US"},{"@type":"Organization","@id":"https:\/\/stilanddesign.se\/#organization","name":"Style &amp; Design","url":"https:\/\/stilanddesign.se\/","logo":{"@type":"ImageObject","inLanguage":"en-US","@id":"https:\/\/stilanddesign.se\/#\/schema\/logo\/image\/","url":"https:\/\/stilanddesign.se\/wp-content\/uploads\/2023\/12\/output-onlinepngtools-e1727784413220.png","contentUrl":"https:\/\/stilanddesign.se\/wp-content\/uploads\/2023\/12\/output-onlinepngtools-e1727784413220.png","width":519,"height":135,"caption":"Stil &amp; Design"},"image":{"@id":"https:\/\/stilanddesign.se\/#\/schema\/logo\/image\/"}}]}},"_links":{"self":[{"href":"https:\/\/stilanddesign.se\/en\/wp-json\/wp\/v2\/product\/1073540","targetHints":{"allow":["GET"]}}],"collection":[{"href":"https:\/\/stilanddesign.se\/en\/wp-json\/wp\/v2\/product"}],"about":[{"href":"https:\/\/stilanddesign.se\/en\/wp-json\/wp\/v2\/types\/product"}],"replies":[{"embeddable":true,"href":"https:\/\/stilanddesign.se\/en\/wp-json\/wp\/v2\/comments?post=1073540"}],"wp:featuredmedia":[{"embeddable":true,"href":"https:\/\/stilanddesign.se\/en\/wp-json\/wp\/v2\/media\/1073539"}],"wp:attachment":[{"href":"https:\/\/stilanddesign.se\/en\/wp-json\/wp\/v2\/media?parent=1073540"}],"wp:term":[{"taxonomy":"product_brand","embeddable":true,"href":"https:\/\/stilanddesign.se\/en\/wp-json\/wp\/v2\/product_brand?post=1073540"},{"taxonomy":"product_cat","embeddable":true,"href":"https:\/\/stilanddesign.se\/en\/wp-json\/wp\/v2\/product_cat?post=1073540"},{"taxonomy":"product_tag","embeddable":true,"href":"https:\/\/stilanddesign.se\/en\/wp-json\/wp\/v2\/product_tag?post=1073540"}],"curies":[{"name":"wp","href":"https:\/\/api.w.org\/{rel}","templated":true}]}}