{"id":1073486,"date":"2026-04-17T07:41:30","date_gmt":"2026-04-17T05:41:30","guid":{"rendered":"https:\/\/stilanddesign.se\/?post_type=product&#038;p=1073486"},"modified":"2026-05-15T12:38:19","modified_gmt":"2026-05-15T10:38:19","slug":"%f0%9f%a4%8d-bomullsblus-fran-marta-du-chateau-romantisk-stilren-%e2%9c%a8","status":"publish","type":"product","link":"https:\/\/stilanddesign.se\/en\/product\/%f0%9f%a4%8d-bomullsblus-fran-marta-du-chateau-romantisk-stilren-%e2%9c%a8\/","title":{"rendered":"\ud83e\udd0d Cotton blouse from Marta Du Chateau \u2013 romantic &amp; stylish \u2728"},"content":{"rendered":"<p data-start=\"0\" data-end=\"66\">\ud83e\udd0d <strong data-start=\"3\" data-end=\"62\">Cotton blouse from Marta Du Chateau \u2013 romantic &amp; stylish<\/strong> \u2728<\/p>\n<p data-start=\"68\" data-end=\"259\">\ud83c\udf38 Beautiful tone-on-tone flower appliqu\u00e9s<br data-start=\"105\" data-end=\"108\" \/>\ud83d\udcab V-neckline with 3 buttons at the front<br data-start=\"144\" data-end=\"147\" \/>\u2728 Cute ruffle trim along the buttoning<br data-start=\"181\" data-end=\"184\" \/>\ud83d\udc5a Long sleeves with thin elastic at the cuffs<br data-start=\"220\" data-end=\"223\" data-is-only-node=\"\" \/>\ud83c\udf3f Soft and airy cotton quality<\/p>\n<p data-start=\"261\" data-end=\"282\">\ud83d\udccf Normal in size<\/p>\n<p data-start=\"284\" data-end=\"327\">\ud83e\uddf5 Material: 100% cotton<br data-start=\"308\" data-end=\"311\" \/>\ud83e\udee7 Washing: 30\u00b0C<\/p>\n<p data-start=\"329\" data-end=\"412\">\ud83d\udc56 <strong data-start=\"332\" data-end=\"348\">Styling tips:<\/strong> Match with jeans or a skirt for a feminine and fresh look \ud83d\udc95<\/p>\n<p data-start=\"414\" data-end=\"476\" data-is-last-node=\"\" data-is-only-node=\"\">\ud83d\udc96 A blouse that combines simplicity with romantic details \ud83e\udd0d\u2728<\/p>","protected":false},"excerpt":{"rendered":"<p>&nbsp;<\/p>\n<p data-start=\"0\" data-end=\"66\">\ud83e\udd0d <strong data-start=\"3\" data-end=\"62\">Cotton blouse from Marta Du Chateau \u2013 romantic &amp; stylish<\/strong> \u2728<\/p>\n<p data-start=\"68\" data-end=\"259\">\ud83c\udf38 Beautiful tone-on-tone flower appliqu\u00e9s<br data-start=\"105\" data-end=\"108\" \/>\ud83d\udcab V-neckline with 3 buttons at the front<br data-start=\"144\" data-end=\"147\" \/>\u2728 Cute ruffle trim along the buttoning<br data-start=\"181\" data-end=\"184\" \/>\ud83d\udc5a Long sleeves with thin elastic at the cuffs<br data-start=\"220\" data-end=\"223\" data-is-only-node=\"\" \/>\ud83c\udf3f Soft and airy cotton quality<\/p>\n<p data-start=\"261\" data-end=\"282\">\ud83d\udccf Normal in size<\/p>\n<p data-start=\"284\" data-end=\"327\">\ud83e\uddf5 Material: 100% cotton<br data-start=\"308\" data-end=\"311\" \/>\ud83e\udee7 Washing: 30\u00b0C<\/p>\n<p data-start=\"329\" data-end=\"412\">\ud83d\udc56 <strong data-start=\"332\" data-end=\"348\">Styling tips:<\/strong> Match with jeans or a skirt for a feminine and fresh look \ud83d\udc95<\/p>\n<p data-start=\"414\" data-end=\"476\" data-is-last-node=\"\" data-is-only-node=\"\">\ud83d\udc96 A blouse that combines simplicity with romantic details \ud83e\udd0d\u2728<\/p>","protected":false},"featured_media":1073374,"comment_status":"closed","ping_status":"closed","template":"","meta":[],"product_brand":[],"product_cat":[211],"product_tag":[],"class_list":{"0":"post-1073486","1":"product","2":"type-product","3":"status-publish","4":"has-post-thumbnail","6":"product_cat-blusar","8":"first","9":"instock","10":"taxable","11":"shipping-taxable","12":"purchasable","13":"product-type-variable"},"yoast_head":"<!-- This site is optimized with the Yoast SEO Premium plugin v27.4 (Yoast SEO v27.6) - https:\/\/yoast.com\/product\/yoast-seo-premium-wordpress\/ -->\n<title>\ud83e\udd0d Bomullsblus fr\u00e5n Marta Du Chateau \u2013 romantisk &amp; stilren \u2728 - Stil &amp; Design<\/title>\n<meta name=\"robots\" content=\"index, follow, max-snippet:-1, max-image-preview:large, max-video-preview:-1\" \/>\n<link rel=\"canonical\" href=\"https:\/\/stilanddesign.se\/en\/product\/\ud83e\udd0d-bomullsblus-fran-marta-du-chateau-romantisk-stilren-\u2728\/\" \/>\n<meta property=\"og:locale\" content=\"en_US\" \/>\n<meta property=\"og:type\" content=\"article\" \/>\n<meta property=\"og:title\" content=\"\ud83e\udd0d Bomullsblus fr\u00e5n Marta Du Chateau \u2013 romantisk &amp; stilren \u2728\" \/>\n<meta property=\"og:description\" content=\"&nbsp; \ud83e\udd0d Bomullsblus fr\u00e5n Marta Du Chateau \u2013 romantisk &amp; stilren \u2728 \ud83c\udf38 Vackra blomapplikationer ton-i-ton\ud83d\udcab V-ringning med 3 knappar framtill\u2728 S\u00f6t volangkant l\u00e4ngs kn\u00e4ppningen\ud83d\udc5a L\u00e5ng \u00e4rm med tunn res\u00e5r i \u00e4rmslut\ud83c\udf3f Mjuk och luftig bomullskvalitet \ud83d\udccf Normal i storlek \ud83e\uddf5 Material: 100% bomull\ud83e\udee7 Tv\u00e4tt: 30\u00b0C \ud83d\udc56 Stylingtips: Matcha med jeans eller kjol f\u00f6r en feminin och fr\u00e4sch look \ud83d\udc95 \ud83d\udc96 En blus som kombinerar enkelhet med romantiska detaljer \ud83e\udd0d\u2728\" \/>\n<meta property=\"og:url\" content=\"https:\/\/stilanddesign.se\/en\/product\/\ud83e\udd0d-bomullsblus-fran-marta-du-chateau-romantisk-stilren-\u2728\/\" \/>\n<meta property=\"og:site_name\" content=\"Stil &amp; Design\" \/>\n<meta property=\"article:modified_time\" content=\"2026-05-15T10:38:19+00:00\" \/>\n<meta property=\"og:image\" content=\"https:\/\/stilanddesign.se\/wp-content\/uploads\/2026\/04\/8878745555.jpeg\" \/>\n\t<meta property=\"og:image:width\" content=\"875\" \/>\n\t<meta property=\"og:image:height\" content=\"1421\" \/>\n\t<meta property=\"og:image:type\" content=\"image\/jpeg\" \/>\n<meta name=\"twitter:card\" content=\"summary_large_image\" \/>\n<meta name=\"twitter:label1\" content=\"Est. reading time\" \/>\n\t<meta name=\"twitter:data1\" content=\"1 minute\" \/>\n<script type=\"application\/ld+json\" class=\"yoast-schema-graph\">{\"@context\":\"https:\\\/\\\/schema.org\",\"@graph\":[{\"@type\":\"WebPage\",\"@id\":\"https:\\\/\\\/stilanddesign.se\\\/produkt\\\/%f0%9f%a4%8d-bomullsblus-fran-marta-du-chateau-romantisk-stilren-%e2%9c%a8\\\/\",\"url\":\"https:\\\/\\\/stilanddesign.se\\\/produkt\\\/%f0%9f%a4%8d-bomullsblus-fran-marta-du-chateau-romantisk-stilren-%e2%9c%a8\\\/\",\"name\":\"\ud83e\udd0d Bomullsblus fr\u00e5n Marta Du Chateau \u2013 romantisk & stilren \u2728 - Stil &amp; Design\",\"isPartOf\":{\"@id\":\"https:\\\/\\\/stilanddesign.se\\\/#website\"},\"primaryImageOfPage\":{\"@id\":\"https:\\\/\\\/stilanddesign.se\\\/produkt\\\/%f0%9f%a4%8d-bomullsblus-fran-marta-du-chateau-romantisk-stilren-%e2%9c%a8\\\/#primaryimage\"},\"image\":{\"@id\":\"https:\\\/\\\/stilanddesign.se\\\/produkt\\\/%f0%9f%a4%8d-bomullsblus-fran-marta-du-chateau-romantisk-stilren-%e2%9c%a8\\\/#primaryimage\"},\"thumbnailUrl\":\"https:\\\/\\\/stilanddesign.se\\\/wp-content\\\/uploads\\\/2026\\\/04\\\/8878745555.jpeg\",\"datePublished\":\"2026-04-17T05:41:30+00:00\",\"dateModified\":\"2026-05-15T10:38:19+00:00\",\"breadcrumb\":{\"@id\":\"https:\\\/\\\/stilanddesign.se\\\/produkt\\\/%f0%9f%a4%8d-bomullsblus-fran-marta-du-chateau-romantisk-stilren-%e2%9c%a8\\\/#breadcrumb\"},\"inLanguage\":\"en-US\",\"potentialAction\":[{\"@type\":\"ReadAction\",\"target\":[\"https:\\\/\\\/stilanddesign.se\\\/produkt\\\/%f0%9f%a4%8d-bomullsblus-fran-marta-du-chateau-romantisk-stilren-%e2%9c%a8\\\/\"]}]},{\"@type\":\"ImageObject\",\"inLanguage\":\"en-US\",\"@id\":\"https:\\\/\\\/stilanddesign.se\\\/produkt\\\/%f0%9f%a4%8d-bomullsblus-fran-marta-du-chateau-romantisk-stilren-%e2%9c%a8\\\/#primaryimage\",\"url\":\"https:\\\/\\\/stilanddesign.se\\\/wp-content\\\/uploads\\\/2026\\\/04\\\/8878745555.jpeg\",\"contentUrl\":\"https:\\\/\\\/stilanddesign.se\\\/wp-content\\\/uploads\\\/2026\\\/04\\\/8878745555.jpeg\",\"width\":875,\"height\":1421,\"caption\":\"Vit blus med blomapplikationer\"},{\"@type\":\"BreadcrumbList\",\"@id\":\"https:\\\/\\\/stilanddesign.se\\\/produkt\\\/%f0%9f%a4%8d-bomullsblus-fran-marta-du-chateau-romantisk-stilren-%e2%9c%a8\\\/#breadcrumb\",\"itemListElement\":[{\"@type\":\"ListItem\",\"position\":1,\"name\":\"Hem\",\"item\":\"https:\\\/\\\/stilanddesign.se\\\/\"},{\"@type\":\"ListItem\",\"position\":2,\"name\":\"Butiken\",\"item\":\"https:\\\/\\\/stilanddesign.se\\\/butiken\\\/\"},{\"@type\":\"ListItem\",\"position\":3,\"name\":\"\ud83e\udd0d Bomullsblus fr\u00e5n Marta Du Chateau \u2013 romantisk &#038; stilren \u2728\"}]},{\"@type\":\"WebSite\",\"@id\":\"https:\\\/\\\/stilanddesign.se\\\/#website\",\"url\":\"https:\\\/\\\/stilanddesign.se\\\/\",\"name\":\"Stil &amp; Design\",\"description\":\"F\u00f6r oss som \u00e4lskar mode!\",\"publisher\":{\"@id\":\"https:\\\/\\\/stilanddesign.se\\\/#organization\"},\"potentialAction\":[{\"@type\":\"SearchAction\",\"target\":{\"@type\":\"EntryPoint\",\"urlTemplate\":\"https:\\\/\\\/stilanddesign.se\\\/?s={search_term_string}\"},\"query-input\":{\"@type\":\"PropertyValueSpecification\",\"valueRequired\":true,\"valueName\":\"search_term_string\"}}],\"inLanguage\":\"en-US\"},{\"@type\":\"Organization\",\"@id\":\"https:\\\/\\\/stilanddesign.se\\\/#organization\",\"name\":\"Stil &amp; Design\",\"url\":\"https:\\\/\\\/stilanddesign.se\\\/\",\"logo\":{\"@type\":\"ImageObject\",\"inLanguage\":\"en-US\",\"@id\":\"https:\\\/\\\/stilanddesign.se\\\/#\\\/schema\\\/logo\\\/image\\\/\",\"url\":\"https:\\\/\\\/stilanddesign.se\\\/wp-content\\\/uploads\\\/2023\\\/12\\\/output-onlinepngtools-e1727784413220.png\",\"contentUrl\":\"https:\\\/\\\/stilanddesign.se\\\/wp-content\\\/uploads\\\/2023\\\/12\\\/output-onlinepngtools-e1727784413220.png\",\"width\":519,\"height\":135,\"caption\":\"Stil &amp; Design\"},\"image\":{\"@id\":\"https:\\\/\\\/stilanddesign.se\\\/#\\\/schema\\\/logo\\\/image\\\/\"}}]}<\/script>\n<!-- \/ Yoast SEO Premium plugin. -->","yoast_head_json":{"title":"\ud83e\udd0d Bomullsblus fr\u00e5n Marta Du Chateau \u2013 romantisk & stilren \u2728 - Stil &amp; Design","robots":{"index":"index","follow":"follow","max-snippet":"max-snippet:-1","max-image-preview":"max-image-preview:large","max-video-preview":"max-video-preview:-1"},"canonical":"https:\/\/stilanddesign.se\/en\/product\/\ud83e\udd0d-bomullsblus-fran-marta-du-chateau-romantisk-stilren-\u2728\/","og_locale":"en_US","og_type":"article","og_title":"\ud83e\udd0d Bomullsblus fr\u00e5n Marta Du Chateau \u2013 romantisk & stilren \u2728","og_description":"&nbsp; \ud83e\udd0d Bomullsblus fr\u00e5n Marta Du Chateau \u2013 romantisk &amp; stilren \u2728 \ud83c\udf38 Vackra blomapplikationer ton-i-ton\ud83d\udcab V-ringning med 3 knappar framtill\u2728 S\u00f6t volangkant l\u00e4ngs kn\u00e4ppningen\ud83d\udc5a L\u00e5ng \u00e4rm med tunn res\u00e5r i \u00e4rmslut\ud83c\udf3f Mjuk och luftig bomullskvalitet \ud83d\udccf Normal i storlek \ud83e\uddf5 Material: 100% bomull\ud83e\udee7 Tv\u00e4tt: 30\u00b0C \ud83d\udc56 Stylingtips: Matcha med jeans eller kjol f\u00f6r en feminin och fr\u00e4sch look \ud83d\udc95 \ud83d\udc96 En blus som kombinerar enkelhet med romantiska detaljer \ud83e\udd0d\u2728","og_url":"https:\/\/stilanddesign.se\/en\/product\/\ud83e\udd0d-bomullsblus-fran-marta-du-chateau-romantisk-stilren-\u2728\/","og_site_name":"Stil &amp; Design","article_modified_time":"2026-05-15T10:38:19+00:00","og_image":[{"width":875,"height":1421,"url":"https:\/\/stilanddesign.se\/wp-content\/uploads\/2026\/04\/8878745555.jpeg","type":"image\/jpeg"}],"twitter_card":"summary_large_image","twitter_misc":{"Est. reading time":"1 minute"},"schema":{"@context":"https:\/\/schema.org","@graph":[{"@type":"WebPage","@id":"https:\/\/stilanddesign.se\/produkt\/%f0%9f%a4%8d-bomullsblus-fran-marta-du-chateau-romantisk-stilren-%e2%9c%a8\/","url":"https:\/\/stilanddesign.se\/produkt\/%f0%9f%a4%8d-bomullsblus-fran-marta-du-chateau-romantisk-stilren-%e2%9c%a8\/","name":"\ud83e\udd0d Bomullsblus fr\u00e5n Marta Du Chateau \u2013 romantisk & stilren \u2728 - Stil &amp; Design","isPartOf":{"@id":"https:\/\/stilanddesign.se\/#website"},"primaryImageOfPage":{"@id":"https:\/\/stilanddesign.se\/produkt\/%f0%9f%a4%8d-bomullsblus-fran-marta-du-chateau-romantisk-stilren-%e2%9c%a8\/#primaryimage"},"image":{"@id":"https:\/\/stilanddesign.se\/produkt\/%f0%9f%a4%8d-bomullsblus-fran-marta-du-chateau-romantisk-stilren-%e2%9c%a8\/#primaryimage"},"thumbnailUrl":"https:\/\/stilanddesign.se\/wp-content\/uploads\/2026\/04\/8878745555.jpeg","datePublished":"2026-04-17T05:41:30+00:00","dateModified":"2026-05-15T10:38:19+00:00","breadcrumb":{"@id":"https:\/\/stilanddesign.se\/produkt\/%f0%9f%a4%8d-bomullsblus-fran-marta-du-chateau-romantisk-stilren-%e2%9c%a8\/#breadcrumb"},"inLanguage":"en-US","potentialAction":[{"@type":"ReadAction","target":["https:\/\/stilanddesign.se\/produkt\/%f0%9f%a4%8d-bomullsblus-fran-marta-du-chateau-romantisk-stilren-%e2%9c%a8\/"]}]},{"@type":"ImageObject","inLanguage":"en-US","@id":"https:\/\/stilanddesign.se\/produkt\/%f0%9f%a4%8d-bomullsblus-fran-marta-du-chateau-romantisk-stilren-%e2%9c%a8\/#primaryimage","url":"https:\/\/stilanddesign.se\/wp-content\/uploads\/2026\/04\/8878745555.jpeg","contentUrl":"https:\/\/stilanddesign.se\/wp-content\/uploads\/2026\/04\/8878745555.jpeg","width":875,"height":1421,"caption":"Vit blus med blomapplikationer"},{"@type":"BreadcrumbList","@id":"https:\/\/stilanddesign.se\/produkt\/%f0%9f%a4%8d-bomullsblus-fran-marta-du-chateau-romantisk-stilren-%e2%9c%a8\/#breadcrumb","itemListElement":[{"@type":"ListItem","position":1,"name":"Hem","item":"https:\/\/stilanddesign.se\/"},{"@type":"ListItem","position":2,"name":"Butiken","item":"https:\/\/stilanddesign.se\/butiken\/"},{"@type":"ListItem","position":3,"name":"\ud83e\udd0d Bomullsblus fr\u00e5n Marta Du Chateau \u2013 romantisk &#038; stilren \u2728"}]},{"@type":"WebSite","@id":"https:\/\/stilanddesign.se\/#website","url":"https:\/\/stilanddesign.se\/","name":"Style &amp; Design","description":"For those of us who love fashion!","publisher":{"@id":"https:\/\/stilanddesign.se\/#organization"},"potentialAction":[{"@type":"SearchAction","target":{"@type":"EntryPoint","urlTemplate":"https:\/\/stilanddesign.se\/?s={search_term_string}"},"query-input":{"@type":"PropertyValueSpecification","valueRequired":true,"valueName":"search_term_string"}}],"inLanguage":"en-US"},{"@type":"Organization","@id":"https:\/\/stilanddesign.se\/#organization","name":"Style &amp; Design","url":"https:\/\/stilanddesign.se\/","logo":{"@type":"ImageObject","inLanguage":"en-US","@id":"https:\/\/stilanddesign.se\/#\/schema\/logo\/image\/","url":"https:\/\/stilanddesign.se\/wp-content\/uploads\/2023\/12\/output-onlinepngtools-e1727784413220.png","contentUrl":"https:\/\/stilanddesign.se\/wp-content\/uploads\/2023\/12\/output-onlinepngtools-e1727784413220.png","width":519,"height":135,"caption":"Stil &amp; Design"},"image":{"@id":"https:\/\/stilanddesign.se\/#\/schema\/logo\/image\/"}}]}},"_links":{"self":[{"href":"https:\/\/stilanddesign.se\/en\/wp-json\/wp\/v2\/product\/1073486","targetHints":{"allow":["GET"]}}],"collection":[{"href":"https:\/\/stilanddesign.se\/en\/wp-json\/wp\/v2\/product"}],"about":[{"href":"https:\/\/stilanddesign.se\/en\/wp-json\/wp\/v2\/types\/product"}],"replies":[{"embeddable":true,"href":"https:\/\/stilanddesign.se\/en\/wp-json\/wp\/v2\/comments?post=1073486"}],"wp:featuredmedia":[{"embeddable":true,"href":"https:\/\/stilanddesign.se\/en\/wp-json\/wp\/v2\/media\/1073374"}],"wp:attachment":[{"href":"https:\/\/stilanddesign.se\/en\/wp-json\/wp\/v2\/media?parent=1073486"}],"wp:term":[{"taxonomy":"product_brand","embeddable":true,"href":"https:\/\/stilanddesign.se\/en\/wp-json\/wp\/v2\/product_brand?post=1073486"},{"taxonomy":"product_cat","embeddable":true,"href":"https:\/\/stilanddesign.se\/en\/wp-json\/wp\/v2\/product_cat?post=1073486"},{"taxonomy":"product_tag","embeddable":true,"href":"https:\/\/stilanddesign.se\/en\/wp-json\/wp\/v2\/product_tag?post=1073486"}],"curies":[{"name":"wp","href":"https:\/\/api.w.org\/{rel}","templated":true}]}}