{"id":1073451,"date":"2026-04-14T14:42:03","date_gmt":"2026-04-14T12:42:03","guid":{"rendered":"https:\/\/stilanddesign.se\/?post_type=product&#038;p=1073451"},"modified":"2026-04-15T16:50:21","modified_gmt":"2026-04-15T14:50:21","slug":"%e2%9c%a8-virkad-topp-fran-caramell-fashion-luftig-somrig-favorit-%e2%9c%a8","status":"publish","type":"product","link":"https:\/\/stilanddesign.se\/en\/product\/%e2%9c%a8-virkad-topp-fran-caramell-fashion-luftig-somrig-favorit-%e2%9c%a8\/","title":{"rendered":"\u2728 Crochet top from Caramell Fashion \u2013 airy &amp; summery favorite \u2728"},"content":{"rendered":"<p data-start=\"0\" data-end=\"69\">\u2728 <strong data-start=\"2\" data-end=\"65\">Crochet top from Caramell Fashion \u2013 airy &amp; summery favorite<\/strong> \u2728<\/p>\n<p data-start=\"71\" data-end=\"285\">\ud83c\udf3f Beautiful crochet design with fine details<br data-start=\"112\" data-end=\"115\" \/>\ud83d\udcab Deep V-neck for a feminine silhouette<br data-start=\"157\" data-end=\"160\" \/>\ud83d\udc5a Loose &amp; airy fit<br data-start=\"184\" data-end=\"187\" \/>\ud83e\udd8b Wide sleeves that give a soft fall<br data-start=\"223\" data-end=\"226\" \/>\u2600\ufe0f Perfect summer garment \u2013 equally great over a tank top or bikini<\/p>\n<p data-start=\"287\" data-end=\"327\">\ud83d\udccf One size \u2013 fits many body types<\/p>\n<p data-start=\"329\" data-end=\"427\">\ud83c\udfa8 Available in colors:<br data-start=\"347\" data-end=\"350\" \/>Black, white, pink, yellow, aqua (mint\/turquoise), beige, khaki (olive green), light blue<\/p>\n<p data-start=\"429\" data-end=\"455\">\ud83e\uddf5 Material: 100% cotton<\/p>\n<p data-start=\"457\" data-end=\"564\">\ud83d\udc57 <strong data-start=\"460\" data-end=\"476\">Styling tips:<\/strong> Wear over a tank top or bikini with shorts or jeans for a relaxed boho look \ud83d\udc95<\/p>\n<p data-start=\"566\" data-end=\"615\" data-is-last-node=\"\" data-is-only-node=\"\">\ud83d\udc96 A top that gives both style and a summer feel \ud83c\udf1e\u2728<\/p>","protected":false},"excerpt":{"rendered":"<p data-start=\"0\" data-end=\"69\">\u2728 <strong data-start=\"2\" data-end=\"65\">Crochet top from Caramell Fashion \u2013 airy &amp; summery favorite<\/strong> \u2728<\/p>\n<p data-start=\"71\" data-end=\"285\">\ud83c\udf3f Beautiful crochet design with fine details<br data-start=\"112\" data-end=\"115\" \/>\ud83d\udcab Deep V-neck for a feminine silhouette<br data-start=\"157\" data-end=\"160\" \/>\ud83d\udc5a Loose &amp; airy fit<br data-start=\"184\" data-end=\"187\" \/>\ud83e\udd8b Wide sleeves that give a soft fall<br data-start=\"223\" data-end=\"226\" \/>\u2600\ufe0f Perfect summer garment \u2013 equally great over a tank top or bikini<\/p>\n<p data-start=\"287\" data-end=\"327\">\ud83d\udccf One size \u2013 fits many body types<\/p>\n<p data-start=\"329\" data-end=\"427\">\ud83c\udfa8 Available in colors:<br data-start=\"347\" data-end=\"350\" \/>Black, white, pink, yellow, aqua (mint\/turquoise), beige, khaki (olive green), light blue<\/p>\n<p data-start=\"429\" data-end=\"455\">\ud83e\uddf5 Material: 100% cotton<\/p>\n<p data-start=\"457\" data-end=\"564\">\ud83d\udc57 <strong data-start=\"460\" data-end=\"476\">Styling tips:<\/strong> Wear over a tank top or bikini with shorts or jeans for a relaxed boho look \ud83d\udc95<\/p>\n<p data-start=\"566\" data-end=\"615\" data-is-last-node=\"\" data-is-only-node=\"\">\ud83d\udc96 A top that gives both style and a summer feel \ud83c\udf1e\u2728<\/p>","protected":false},"featured_media":1073479,"comment_status":"closed","ping_status":"closed","template":"","meta":[],"product_brand":[],"product_cat":[217,223,222],"product_tag":[],"class_list":{"0":"post-1073451","1":"product","2":"type-product","3":"status-publish","4":"has-post-thumbnail","6":"product_cat-produktnyheter","7":"product_cat-stickade-trojor","8":"product_cat-toppar-tischor","10":"first","11":"instock","12":"taxable","13":"shipping-taxable","14":"purchasable","15":"product-type-variable"},"yoast_head":"<!-- This site is optimized with the Yoast SEO Premium plugin v27.1 (Yoast SEO v27.4) - https:\/\/yoast.com\/product\/yoast-seo-premium-wordpress\/ -->\n<title>\u2728 Virkad topp fr\u00e5n Caramell Fashion \u2013 luftig &amp; somrig favorit \u2728 - Stil &amp; Design<\/title>\n<meta name=\"robots\" content=\"index, follow, max-snippet:-1, max-image-preview:large, max-video-preview:-1\" \/>\n<link rel=\"canonical\" href=\"https:\/\/stilanddesign.se\/en\/product\/\u2728-virkad-topp-fran-caramell-fashion-luftig-somrig-favorit-\u2728\/\" \/>\n<meta property=\"og:locale\" content=\"en_US\" \/>\n<meta property=\"og:type\" content=\"article\" \/>\n<meta property=\"og:title\" content=\"\u2728 Virkad topp fr\u00e5n Caramell Fashion \u2013 luftig &amp; somrig favorit \u2728\" \/>\n<meta property=\"og:description\" content=\"\u2728 Virkad topp fr\u00e5n Caramell Fashion \u2013 luftig &amp; somrig favorit \u2728 \ud83c\udf3f Vacker virkad design med fina detaljer\ud83d\udcab Djup V-ringning f\u00f6r en feminin silhuett\ud83d\udc5a L\u00f6s &amp; luftig passform\ud83e\udd8b Vida \u00e4rmar som ger ett mjukt fall\u2600\ufe0f Perfekt sommarplagg \u2013 lika fin \u00f6ver linne eller bikini \ud83d\udccf One size \u2013 passar flera kroppstyper \ud83c\udfa8 Finns i f\u00e4rger:Svart, vit, rosa, gul, aqua (mint\/turkos), beige, khaki (olivgr\u00f6n), ljusbl\u00e5 \ud83e\uddf5 Material: 100% bomull \ud83d\udc57 Stylingtips: B\u00e4r \u00f6ver ett linne eller bikini med shorts eller jeans f\u00f6r en avslappnad boho-look \ud83d\udc95 \ud83d\udc96 En topp som ger b\u00e5de stil och sommark\u00e4nsla \ud83c\udf1e\u2728\" \/>\n<meta property=\"og:url\" content=\"https:\/\/stilanddesign.se\/en\/product\/\u2728-virkad-topp-fran-caramell-fashion-luftig-somrig-favorit-\u2728\/\" \/>\n<meta property=\"og:site_name\" content=\"Stil &amp; Design\" \/>\n<meta property=\"article:modified_time\" content=\"2026-04-15T14:50:21+00:00\" \/>\n<meta name=\"twitter:card\" content=\"summary_large_image\" \/>\n<meta name=\"twitter:label1\" content=\"Est. reading time\" \/>\n\t<meta name=\"twitter:data1\" content=\"1 minute\" \/>\n<script type=\"application\/ld+json\" class=\"yoast-schema-graph\">{\"@context\":\"https:\\\/\\\/schema.org\",\"@graph\":[{\"@type\":\"WebPage\",\"@id\":\"https:\\\/\\\/stilanddesign.se\\\/produkt\\\/%e2%9c%a8-virkad-topp-fran-caramell-fashion-luftig-somrig-favorit-%e2%9c%a8\\\/\",\"url\":\"https:\\\/\\\/stilanddesign.se\\\/produkt\\\/%e2%9c%a8-virkad-topp-fran-caramell-fashion-luftig-somrig-favorit-%e2%9c%a8\\\/\",\"name\":\"\u2728 Virkad topp fr\u00e5n Caramell Fashion \u2013 luftig & somrig favorit \u2728 - Stil &amp; Design\",\"isPartOf\":{\"@id\":\"https:\\\/\\\/stilanddesign.se\\\/#website\"},\"primaryImageOfPage\":{\"@id\":\"https:\\\/\\\/stilanddesign.se\\\/produkt\\\/%e2%9c%a8-virkad-topp-fran-caramell-fashion-luftig-somrig-favorit-%e2%9c%a8\\\/#primaryimage\"},\"image\":{\"@id\":\"https:\\\/\\\/stilanddesign.se\\\/produkt\\\/%e2%9c%a8-virkad-topp-fran-caramell-fashion-luftig-somrig-favorit-%e2%9c%a8\\\/#primaryimage\"},\"thumbnailUrl\":\"https:\\\/\\\/stilanddesign.se\\\/wp-content\\\/uploads\\\/2026\\\/04\\\/99878987555555.jpg\",\"datePublished\":\"2026-04-14T12:42:03+00:00\",\"dateModified\":\"2026-04-15T14:50:21+00:00\",\"breadcrumb\":{\"@id\":\"https:\\\/\\\/stilanddesign.se\\\/produkt\\\/%e2%9c%a8-virkad-topp-fran-caramell-fashion-luftig-somrig-favorit-%e2%9c%a8\\\/#breadcrumb\"},\"inLanguage\":\"en-US\",\"potentialAction\":[{\"@type\":\"ReadAction\",\"target\":[\"https:\\\/\\\/stilanddesign.se\\\/produkt\\\/%e2%9c%a8-virkad-topp-fran-caramell-fashion-luftig-somrig-favorit-%e2%9c%a8\\\/\"]}]},{\"@type\":\"ImageObject\",\"inLanguage\":\"en-US\",\"@id\":\"https:\\\/\\\/stilanddesign.se\\\/produkt\\\/%e2%9c%a8-virkad-topp-fran-caramell-fashion-luftig-somrig-favorit-%e2%9c%a8\\\/#primaryimage\",\"url\":\"https:\\\/\\\/stilanddesign.se\\\/wp-content\\\/uploads\\\/2026\\\/04\\\/99878987555555.jpg\",\"contentUrl\":\"https:\\\/\\\/stilanddesign.se\\\/wp-content\\\/uploads\\\/2026\\\/04\\\/99878987555555.jpg\",\"width\":640,\"height\":480},{\"@type\":\"BreadcrumbList\",\"@id\":\"https:\\\/\\\/stilanddesign.se\\\/produkt\\\/%e2%9c%a8-virkad-topp-fran-caramell-fashion-luftig-somrig-favorit-%e2%9c%a8\\\/#breadcrumb\",\"itemListElement\":[{\"@type\":\"ListItem\",\"position\":1,\"name\":\"Hem\",\"item\":\"https:\\\/\\\/stilanddesign.se\\\/\"},{\"@type\":\"ListItem\",\"position\":2,\"name\":\"Butiken\",\"item\":\"https:\\\/\\\/stilanddesign.se\\\/butiken\\\/\"},{\"@type\":\"ListItem\",\"position\":3,\"name\":\"\u2728 Virkad topp fr\u00e5n Caramell Fashion \u2013 luftig &#038; somrig favorit \u2728\"}]},{\"@type\":\"WebSite\",\"@id\":\"https:\\\/\\\/stilanddesign.se\\\/#website\",\"url\":\"https:\\\/\\\/stilanddesign.se\\\/\",\"name\":\"Stil &amp; Design\",\"description\":\"F\u00f6r oss som \u00e4lskar mode!\",\"publisher\":{\"@id\":\"https:\\\/\\\/stilanddesign.se\\\/#organization\"},\"potentialAction\":[{\"@type\":\"SearchAction\",\"target\":{\"@type\":\"EntryPoint\",\"urlTemplate\":\"https:\\\/\\\/stilanddesign.se\\\/?s={search_term_string}\"},\"query-input\":{\"@type\":\"PropertyValueSpecification\",\"valueRequired\":true,\"valueName\":\"search_term_string\"}}],\"inLanguage\":\"en-US\"},{\"@type\":\"Organization\",\"@id\":\"https:\\\/\\\/stilanddesign.se\\\/#organization\",\"name\":\"Stil &amp; Design\",\"url\":\"https:\\\/\\\/stilanddesign.se\\\/\",\"logo\":{\"@type\":\"ImageObject\",\"inLanguage\":\"en-US\",\"@id\":\"https:\\\/\\\/stilanddesign.se\\\/#\\\/schema\\\/logo\\\/image\\\/\",\"url\":\"https:\\\/\\\/stilanddesign.se\\\/wp-content\\\/uploads\\\/2023\\\/12\\\/output-onlinepngtools-e1727784413220.png\",\"contentUrl\":\"https:\\\/\\\/stilanddesign.se\\\/wp-content\\\/uploads\\\/2023\\\/12\\\/output-onlinepngtools-e1727784413220.png\",\"width\":519,\"height\":135,\"caption\":\"Stil &amp; Design\"},\"image\":{\"@id\":\"https:\\\/\\\/stilanddesign.se\\\/#\\\/schema\\\/logo\\\/image\\\/\"}}]}<\/script>\n<!-- \/ Yoast SEO Premium plugin. -->","yoast_head_json":{"title":"\u2728 Virkad topp fr\u00e5n Caramell Fashion \u2013 luftig & somrig favorit \u2728 - Stil &amp; Design","robots":{"index":"index","follow":"follow","max-snippet":"max-snippet:-1","max-image-preview":"max-image-preview:large","max-video-preview":"max-video-preview:-1"},"canonical":"https:\/\/stilanddesign.se\/en\/product\/\u2728-virkad-topp-fran-caramell-fashion-luftig-somrig-favorit-\u2728\/","og_locale":"en_US","og_type":"article","og_title":"\u2728 Virkad topp fr\u00e5n Caramell Fashion \u2013 luftig & somrig favorit \u2728","og_description":"\u2728 Virkad topp fr\u00e5n Caramell Fashion \u2013 luftig &amp; somrig favorit \u2728 \ud83c\udf3f Vacker virkad design med fina detaljer\ud83d\udcab Djup V-ringning f\u00f6r en feminin silhuett\ud83d\udc5a L\u00f6s &amp; luftig passform\ud83e\udd8b Vida \u00e4rmar som ger ett mjukt fall\u2600\ufe0f Perfekt sommarplagg \u2013 lika fin \u00f6ver linne eller bikini \ud83d\udccf One size \u2013 passar flera kroppstyper \ud83c\udfa8 Finns i f\u00e4rger:Svart, vit, rosa, gul, aqua (mint\/turkos), beige, khaki (olivgr\u00f6n), ljusbl\u00e5 \ud83e\uddf5 Material: 100% bomull \ud83d\udc57 Stylingtips: B\u00e4r \u00f6ver ett linne eller bikini med shorts eller jeans f\u00f6r en avslappnad boho-look \ud83d\udc95 \ud83d\udc96 En topp som ger b\u00e5de stil och sommark\u00e4nsla \ud83c\udf1e\u2728","og_url":"https:\/\/stilanddesign.se\/en\/product\/\u2728-virkad-topp-fran-caramell-fashion-luftig-somrig-favorit-\u2728\/","og_site_name":"Stil &amp; Design","article_modified_time":"2026-04-15T14:50:21+00:00","twitter_card":"summary_large_image","twitter_misc":{"Est. reading time":"1 minute"},"schema":{"@context":"https:\/\/schema.org","@graph":[{"@type":"WebPage","@id":"https:\/\/stilanddesign.se\/produkt\/%e2%9c%a8-virkad-topp-fran-caramell-fashion-luftig-somrig-favorit-%e2%9c%a8\/","url":"https:\/\/stilanddesign.se\/produkt\/%e2%9c%a8-virkad-topp-fran-caramell-fashion-luftig-somrig-favorit-%e2%9c%a8\/","name":"\u2728 Virkad topp fr\u00e5n Caramell Fashion \u2013 luftig & somrig favorit \u2728 - Stil &amp; Design","isPartOf":{"@id":"https:\/\/stilanddesign.se\/#website"},"primaryImageOfPage":{"@id":"https:\/\/stilanddesign.se\/produkt\/%e2%9c%a8-virkad-topp-fran-caramell-fashion-luftig-somrig-favorit-%e2%9c%a8\/#primaryimage"},"image":{"@id":"https:\/\/stilanddesign.se\/produkt\/%e2%9c%a8-virkad-topp-fran-caramell-fashion-luftig-somrig-favorit-%e2%9c%a8\/#primaryimage"},"thumbnailUrl":"https:\/\/stilanddesign.se\/wp-content\/uploads\/2026\/04\/99878987555555.jpg","datePublished":"2026-04-14T12:42:03+00:00","dateModified":"2026-04-15T14:50:21+00:00","breadcrumb":{"@id":"https:\/\/stilanddesign.se\/produkt\/%e2%9c%a8-virkad-topp-fran-caramell-fashion-luftig-somrig-favorit-%e2%9c%a8\/#breadcrumb"},"inLanguage":"en-US","potentialAction":[{"@type":"ReadAction","target":["https:\/\/stilanddesign.se\/produkt\/%e2%9c%a8-virkad-topp-fran-caramell-fashion-luftig-somrig-favorit-%e2%9c%a8\/"]}]},{"@type":"ImageObject","inLanguage":"en-US","@id":"https:\/\/stilanddesign.se\/produkt\/%e2%9c%a8-virkad-topp-fran-caramell-fashion-luftig-somrig-favorit-%e2%9c%a8\/#primaryimage","url":"https:\/\/stilanddesign.se\/wp-content\/uploads\/2026\/04\/99878987555555.jpg","contentUrl":"https:\/\/stilanddesign.se\/wp-content\/uploads\/2026\/04\/99878987555555.jpg","width":640,"height":480},{"@type":"BreadcrumbList","@id":"https:\/\/stilanddesign.se\/produkt\/%e2%9c%a8-virkad-topp-fran-caramell-fashion-luftig-somrig-favorit-%e2%9c%a8\/#breadcrumb","itemListElement":[{"@type":"ListItem","position":1,"name":"Hem","item":"https:\/\/stilanddesign.se\/"},{"@type":"ListItem","position":2,"name":"Butiken","item":"https:\/\/stilanddesign.se\/butiken\/"},{"@type":"ListItem","position":3,"name":"\u2728 Virkad topp fr\u00e5n Caramell Fashion \u2013 luftig &#038; somrig favorit \u2728"}]},{"@type":"WebSite","@id":"https:\/\/stilanddesign.se\/#website","url":"https:\/\/stilanddesign.se\/","name":"Style &amp; Design","description":"For those of us who love fashion!","publisher":{"@id":"https:\/\/stilanddesign.se\/#organization"},"potentialAction":[{"@type":"SearchAction","target":{"@type":"EntryPoint","urlTemplate":"https:\/\/stilanddesign.se\/?s={search_term_string}"},"query-input":{"@type":"PropertyValueSpecification","valueRequired":true,"valueName":"search_term_string"}}],"inLanguage":"en-US"},{"@type":"Organization","@id":"https:\/\/stilanddesign.se\/#organization","name":"Style &amp; Design","url":"https:\/\/stilanddesign.se\/","logo":{"@type":"ImageObject","inLanguage":"en-US","@id":"https:\/\/stilanddesign.se\/#\/schema\/logo\/image\/","url":"https:\/\/stilanddesign.se\/wp-content\/uploads\/2023\/12\/output-onlinepngtools-e1727784413220.png","contentUrl":"https:\/\/stilanddesign.se\/wp-content\/uploads\/2023\/12\/output-onlinepngtools-e1727784413220.png","width":519,"height":135,"caption":"Stil &amp; Design"},"image":{"@id":"https:\/\/stilanddesign.se\/#\/schema\/logo\/image\/"}}]}},"_links":{"self":[{"href":"https:\/\/stilanddesign.se\/en\/wp-json\/wp\/v2\/product\/1073451","targetHints":{"allow":["GET"]}}],"collection":[{"href":"https:\/\/stilanddesign.se\/en\/wp-json\/wp\/v2\/product"}],"about":[{"href":"https:\/\/stilanddesign.se\/en\/wp-json\/wp\/v2\/types\/product"}],"replies":[{"embeddable":true,"href":"https:\/\/stilanddesign.se\/en\/wp-json\/wp\/v2\/comments?post=1073451"}],"wp:featuredmedia":[{"embeddable":true,"href":"https:\/\/stilanddesign.se\/en\/wp-json\/wp\/v2\/media\/1073479"}],"wp:attachment":[{"href":"https:\/\/stilanddesign.se\/en\/wp-json\/wp\/v2\/media?parent=1073451"}],"wp:term":[{"taxonomy":"product_brand","embeddable":true,"href":"https:\/\/stilanddesign.se\/en\/wp-json\/wp\/v2\/product_brand?post=1073451"},{"taxonomy":"product_cat","embeddable":true,"href":"https:\/\/stilanddesign.se\/en\/wp-json\/wp\/v2\/product_cat?post=1073451"},{"taxonomy":"product_tag","embeddable":true,"href":"https:\/\/stilanddesign.se\/en\/wp-json\/wp\/v2\/product_tag?post=1073451"}],"curies":[{"name":"wp","href":"https:\/\/api.w.org\/{rel}","templated":true}]}}