{"id":1073300,"date":"2026-04-20T13:22:35","date_gmt":"2026-04-20T11:22:35","guid":{"rendered":"https:\/\/stilanddesign.se\/?post_type=product&#038;p=1073300"},"modified":"2026-04-20T18:57:10","modified_gmt":"2026-04-20T16:57:10","slug":"%f0%9f%92%99-marta-du-chateau-barrelbyxa-trendig-avslappnad-%e2%9c%a8","status":"publish","type":"product","link":"https:\/\/stilanddesign.se\/en\/product\/%f0%9f%92%99-marta-du-chateau-barrelbyxa-trendig-avslappnad-%e2%9c%a8\/","title":{"rendered":"\ud83d\udc99 Marta Du Chateau barrel pants \u2013 trendy &amp; relaxed \u2728"},"content":{"rendered":"<section class=\"text-token-text-primary w-full focus:outline-none [--shadow-height:45px] has-data-writing-block:pointer-events-none has-data-writing-block:-mt-(--shadow-height) has-data-writing-block:pt-(--shadow-height) [&amp;:has([data-writing-block])&gt;*]:pointer-events-auto R6Vx5W_threadScrollVars scroll-mb-[calc(var(--scroll-root-safe-area-inset-bottom,0px)+var(--thread-response-height))] scroll-mt-(--header-height)\" dir=\"auto\" data-turn-id=\"9ecbe8fd-e1fc-4d1b-96e2-7203e59a06e8\" data-testid=\"conversation-turn-221\" data-scroll-anchor=\"false\" data-turn=\"user\"><\/section>\n<section class=\"text-token-text-primary w-full focus:outline-none [--shadow-height:45px] has-data-writing-block:pointer-events-none has-data-writing-block:-mt-(--shadow-height) has-data-writing-block:pt-(--shadow-height) [&amp;:has([data-writing-block])&gt;*]:pointer-events-auto [content-visibility:auto] supports-[content-visibility:auto]:[contain-intrinsic-size:auto_100lvh] R6Vx5W_threadScrollVars scroll-mb-[calc(var(--scroll-root-safe-area-inset-bottom,0px)+var(--thread-response-height))] scroll-mt-[calc(var(--header-height)+min(200px,max(70px,20svh)))]\" dir=\"auto\" data-turn-id=\"request-69c67431-7e34-8333-9a36-98c4a980f78b-8\" data-testid=\"conversation-turn-222\" data-scroll-anchor=\"false\" data-turn=\"assistant\">\n<div class=\"text-base my-auto mx-auto pb-10 [--thread-content-margin:var(--thread-content-margin-xs,calc(var(--spacing)*4))] @w-sm\/main:[--thread-content-margin:var(--thread-content-margin-sm,calc(var(--spacing)*6))] @w-lg\/main:[--thread-content-margin:var(--thread-content-margin-lg,calc(var(--spacing)*16))] px-(--thread-content-margin)\">\n<div class=\"[--thread-content-max-width:40rem] @w-lg\/main:[--thread-content-max-width:48rem] mx-auto max-w-(--thread-content-max-width) flex-1 group\/turn-messages focus-visible:outline-hidden relative flex w-full min-w-0 flex-col agent-turn\">\n<div class=\"flex max-w-full flex-col gap-4 grow\">\n<div class=\"min-h-8 text-message relative flex w-full flex-col items-end gap-2 text-start break-words whitespace-normal outline-none keyboard-focused:focus-ring [.text-message+&amp;]:mt-1\" dir=\"auto\" tabindex=\"0\" data-message-author-role=\"assistant\" data-message-id=\"6ccfcace-9e98-4337-b576-891ac17bfcbd\" data-message-model-slug=\"gpt-5-3\" data-turn-start-message=\"true\">\n<div class=\"flex w-full flex-col gap-1 empty:hidden\">\n<div class=\"markdown prose dark:prose-invert w-full wrap-break-word light markdown-new-styling\">\n<p data-start=\"0\" data-end=\"61\">\ud83d\udc99 <strong data-start=\"3\" data-end=\"57\">Marta Du Chateau barrelbyxa \u2013 trendig &amp; avslappnad<\/strong> \u2728<\/p>\n<p data-start=\"63\" data-end=\"265\">\ud83d\udc56 Jeansbl\u00e5 f\u00e4rg som passar till allt<br data-start=\"100\" data-end=\"103\" \/>\ud83d\udcab Barrelmodell \u2013 modern &amp; smickrande passform<br data-start=\"149\" data-end=\"152\" \/>\ud83d\udc4c Linning fram &amp; res\u00e5r bak f\u00f6r b\u00e4sta komfort<br data-start=\"197\" data-end=\"200\" \/>\ud83d\udc56 2 sidofickor fram<br data-start=\"220\" data-end=\"223\" data-is-only-node=\"\" \/>\u2728 L\u00e4tt insydd nertill f\u00f6r snygg silhuett<\/p>\n<p data-start=\"267\" data-end=\"338\">\ud83d\udccf Beninnerl\u00e4ngd: ca 64 cm<br data-start=\"293\" data-end=\"296\" \/>\ud83d\udccf L\u00e4ngd: ca 98 cm<br data-start=\"314\" data-end=\"317\" \/>\ud83d\udccf Rymlig i storlek<\/p>\n<p data-start=\"340\" data-end=\"402\">\ud83e\uddf5 Material:<br data-start=\"352\" data-end=\"355\" \/>\u2022 77% polyester<br data-start=\"370\" data-end=\"373\" \/>\u2022 20% viskos<br data-start=\"385\" data-end=\"388\" \/>\u2022 3% elastan<\/p>\n<p data-start=\"404\" data-end=\"506\">\ud83d\udc5a <strong data-start=\"407\" data-end=\"423\">Stylingtips:<\/strong> Matcha med en instoppad topp eller skjorta f\u00f6r en trendig och avslappnad look \ud83d\udc95<\/p>\n<p data-start=\"508\" data-end=\"558\" data-is-last-node=\"\" data-is-only-node=\"\">\ud83d\udc96 Byxor som kombinerar komfort med modern stil \ud83d\udcab<\/p>\n<\/div>\n<\/div>\n<\/div>\n<\/div>\n<\/div>\n<\/div>\n<\/section>\n<p>&nbsp;<\/p>\n","protected":false},"excerpt":{"rendered":"<section class=\"text-token-text-primary w-full focus:outline-none [--shadow-height:45px] has-data-writing-block:pointer-events-none has-data-writing-block:-mt-(--shadow-height) has-data-writing-block:pt-(--shadow-height) [&amp;:has([data-writing-block])&gt;*]:pointer-events-auto R6Vx5W_threadScrollVars scroll-mb-[calc(var(--scroll-root-safe-area-inset-bottom,0px)+var(--thread-response-height))] scroll-mt-(--header-height)\" dir=\"auto\" data-turn-id=\"9ecbe8fd-e1fc-4d1b-96e2-7203e59a06e8\" data-testid=\"conversation-turn-221\" data-scroll-anchor=\"false\" data-turn=\"user\"><\/section>\n<section class=\"text-token-text-primary w-full focus:outline-none [--shadow-height:45px] has-data-writing-block:pointer-events-none has-data-writing-block:-mt-(--shadow-height) has-data-writing-block:pt-(--shadow-height) [&amp;:has([data-writing-block])&gt;*]:pointer-events-auto [content-visibility:auto] supports-[content-visibility:auto]:[contain-intrinsic-size:auto_100lvh] R6Vx5W_threadScrollVars scroll-mb-[calc(var(--scroll-root-safe-area-inset-bottom,0px)+var(--thread-response-height))] scroll-mt-[calc(var(--header-height)+min(200px,max(70px,20svh)))]\" dir=\"auto\" data-turn-id=\"request-69c67431-7e34-8333-9a36-98c4a980f78b-8\" data-testid=\"conversation-turn-222\" data-scroll-anchor=\"false\" data-turn=\"assistant\">\n<div class=\"text-base my-auto mx-auto pb-10 [--thread-content-margin:var(--thread-content-margin-xs,calc(var(--spacing)*4))] @w-sm\/main:[--thread-content-margin:var(--thread-content-margin-sm,calc(var(--spacing)*6))] @w-lg\/main:[--thread-content-margin:var(--thread-content-margin-lg,calc(var(--spacing)*16))] px-(--thread-content-margin)\">\n<div class=\"[--thread-content-max-width:40rem] @w-lg\/main:[--thread-content-max-width:48rem] mx-auto max-w-(--thread-content-max-width) flex-1 group\/turn-messages focus-visible:outline-hidden relative flex w-full min-w-0 flex-col agent-turn\">\n<div class=\"flex max-w-full flex-col gap-4 grow\">\n<div class=\"min-h-8 text-message relative flex w-full flex-col items-end gap-2 text-start break-words whitespace-normal outline-none keyboard-focused:focus-ring [.text-message+&amp;]:mt-1\" dir=\"auto\" tabindex=\"0\" data-message-author-role=\"assistant\" data-message-id=\"6ccfcace-9e98-4337-b576-891ac17bfcbd\" data-message-model-slug=\"gpt-5-3\" data-turn-start-message=\"true\">\n<div class=\"flex w-full flex-col gap-1 empty:hidden\">\n<div class=\"markdown prose dark:prose-invert w-full wrap-break-word light markdown-new-styling\">\n<p data-start=\"0\" data-end=\"61\">\ud83d\udc99 <strong data-start=\"3\" data-end=\"57\">Marta Du Chateau barrelbyxa \u2013 trendig &amp; avslappnad<\/strong> \u2728<\/p>\n<p data-start=\"63\" data-end=\"265\">\ud83d\udc56 Jeansbl\u00e5 f\u00e4rg som passar till allt<br data-start=\"100\" data-end=\"103\" \/>\ud83d\udcab Barrelmodell \u2013 modern &amp; smickrande passform<br data-start=\"149\" data-end=\"152\" \/>\ud83d\udc4c Linning fram &amp; res\u00e5r bak f\u00f6r b\u00e4sta komfort<br data-start=\"197\" data-end=\"200\" \/>\ud83d\udc56 2 sidofickor fram<br data-start=\"220\" data-end=\"223\" data-is-only-node=\"\" \/>\u2728 L\u00e4tt insydd nertill f\u00f6r snygg silhuett<\/p>\n<p data-start=\"267\" data-end=\"338\">\ud83d\udccf Beninnerl\u00e4ngd: ca 64 cm<br data-start=\"293\" data-end=\"296\" \/>\ud83d\udccf L\u00e4ngd: ca 98 cm<br data-start=\"314\" data-end=\"317\" \/>\ud83d\udccf Rymlig i storlek<\/p>\n<p data-start=\"340\" data-end=\"402\">\ud83e\uddf5 Material:<br data-start=\"352\" data-end=\"355\" \/>\u2022 77% polyester<br data-start=\"370\" data-end=\"373\" \/>\u2022 20% viskos<br data-start=\"385\" data-end=\"388\" \/>\u2022 3% elastan<\/p>\n<p data-start=\"404\" data-end=\"506\">\ud83d\udc5a <strong data-start=\"407\" data-end=\"423\">Stylingtips:<\/strong> Matcha med en instoppad topp eller skjorta f\u00f6r en trendig och avslappnad look \ud83d\udc95<\/p>\n<p data-start=\"508\" data-end=\"558\" data-is-last-node=\"\" data-is-only-node=\"\">\ud83d\udc96 Byxor som kombinerar komfort med modern stil \ud83d\udcab<\/p>\n<\/div>\n<\/div>\n<\/div>\n<\/div>\n<\/div>\n<\/div>\n<\/section>\n","protected":false},"featured_media":1073296,"comment_status":"closed","ping_status":"closed","template":"","meta":[],"product_brand":[],"product_cat":[203,217],"product_tag":[],"class_list":{"0":"post-1073300","1":"product","2":"type-product","3":"status-publish","4":"has-post-thumbnail","6":"product_cat-byxor","7":"product_cat-produktnyheter","9":"first","10":"instock","11":"taxable","12":"shipping-taxable","13":"purchasable","14":"product-type-variable"},"yoast_head":"<!-- This site is optimized with the Yoast SEO Premium plugin v27.4 (Yoast SEO v27.4) - https:\/\/yoast.com\/product\/yoast-seo-premium-wordpress\/ -->\n<title>\ud83d\udc99 Marta Du Chateau barrelbyxa \u2013 trendig &amp; avslappnad \u2728 - Stil &amp; Design<\/title>\n<meta name=\"robots\" content=\"index, follow, max-snippet:-1, max-image-preview:large, max-video-preview:-1\" \/>\n<link rel=\"canonical\" href=\"https:\/\/stilanddesign.se\/en\/product\/\ud83d\udc99-marta-du-chateau-barrelbyxa-trendig-avslappnad-\u2728\/\" \/>\n<meta property=\"og:locale\" content=\"en_US\" \/>\n<meta property=\"og:type\" content=\"article\" \/>\n<meta property=\"og:title\" content=\"\ud83d\udc99 Marta Du Chateau barrelbyxa \u2013 trendig &amp; avslappnad \u2728\" \/>\n<meta property=\"og:description\" content=\"\ud83d\udc99 Marta Du Chateau barrelbyxa \u2013 trendig &amp; avslappnad \u2728 \ud83d\udc56 Jeansbl\u00e5 f\u00e4rg som passar till allt\ud83d\udcab Barrelmodell \u2013 modern &amp; smickrande passform\ud83d\udc4c Linning fram &amp; res\u00e5r bak f\u00f6r b\u00e4sta komfort\ud83d\udc56 2 sidofickor fram\u2728 L\u00e4tt insydd nertill f\u00f6r snygg silhuett \ud83d\udccf Beninnerl\u00e4ngd: ca 64 cm\ud83d\udccf L\u00e4ngd: ca 98 cm\ud83d\udccf Rymlig i storlek \ud83e\uddf5 Material:\u2022 77% polyester\u2022 20% viskos\u2022 3% elastan \ud83d\udc5a Stylingtips: Matcha med en instoppad topp eller skjorta f\u00f6r en trendig och avslappnad look \ud83d\udc95 \ud83d\udc96 Byxor som kombinerar komfort med modern stil \ud83d\udcab\" \/>\n<meta property=\"og:url\" content=\"https:\/\/stilanddesign.se\/en\/product\/\ud83d\udc99-marta-du-chateau-barrelbyxa-trendig-avslappnad-\u2728\/\" \/>\n<meta property=\"og:site_name\" content=\"Stil &amp; Design\" \/>\n<meta property=\"article:modified_time\" content=\"2026-04-20T16:57:10+00:00\" \/>\n<meta property=\"og:image\" content=\"https:\/\/stilanddesign.se\/wp-content\/uploads\/2026\/04\/121212336.jpg\" \/>\n\t<meta property=\"og:image:width\" content=\"400\" \/>\n\t<meta property=\"og:image:height\" content=\"400\" \/>\n\t<meta property=\"og:image:type\" content=\"image\/jpeg\" \/>\n<meta name=\"twitter:card\" content=\"summary_large_image\" \/>\n<meta name=\"twitter:label1\" content=\"Est. reading time\" \/>\n\t<meta name=\"twitter:data1\" content=\"1 minute\" \/>\n<script type=\"application\/ld+json\" class=\"yoast-schema-graph\">{\"@context\":\"https:\\\/\\\/schema.org\",\"@graph\":[{\"@type\":\"WebPage\",\"@id\":\"https:\\\/\\\/stilanddesign.se\\\/produkt\\\/%f0%9f%92%99-marta-du-chateau-barrelbyxa-trendig-avslappnad-%e2%9c%a8\\\/\",\"url\":\"https:\\\/\\\/stilanddesign.se\\\/produkt\\\/%f0%9f%92%99-marta-du-chateau-barrelbyxa-trendig-avslappnad-%e2%9c%a8\\\/\",\"name\":\"\ud83d\udc99 Marta Du Chateau barrelbyxa \u2013 trendig & avslappnad \u2728 - Stil &amp; Design\",\"isPartOf\":{\"@id\":\"https:\\\/\\\/stilanddesign.se\\\/#website\"},\"primaryImageOfPage\":{\"@id\":\"https:\\\/\\\/stilanddesign.se\\\/produkt\\\/%f0%9f%92%99-marta-du-chateau-barrelbyxa-trendig-avslappnad-%e2%9c%a8\\\/#primaryimage\"},\"image\":{\"@id\":\"https:\\\/\\\/stilanddesign.se\\\/produkt\\\/%f0%9f%92%99-marta-du-chateau-barrelbyxa-trendig-avslappnad-%e2%9c%a8\\\/#primaryimage\"},\"thumbnailUrl\":\"https:\\\/\\\/stilanddesign.se\\\/wp-content\\\/uploads\\\/2026\\\/04\\\/121212336.jpg\",\"datePublished\":\"2026-04-20T11:22:35+00:00\",\"dateModified\":\"2026-04-20T16:57:10+00:00\",\"breadcrumb\":{\"@id\":\"https:\\\/\\\/stilanddesign.se\\\/produkt\\\/%f0%9f%92%99-marta-du-chateau-barrelbyxa-trendig-avslappnad-%e2%9c%a8\\\/#breadcrumb\"},\"inLanguage\":\"en-US\",\"potentialAction\":[{\"@type\":\"ReadAction\",\"target\":[\"https:\\\/\\\/stilanddesign.se\\\/produkt\\\/%f0%9f%92%99-marta-du-chateau-barrelbyxa-trendig-avslappnad-%e2%9c%a8\\\/\"]}]},{\"@type\":\"ImageObject\",\"inLanguage\":\"en-US\",\"@id\":\"https:\\\/\\\/stilanddesign.se\\\/produkt\\\/%f0%9f%92%99-marta-du-chateau-barrelbyxa-trendig-avslappnad-%e2%9c%a8\\\/#primaryimage\",\"url\":\"https:\\\/\\\/stilanddesign.se\\\/wp-content\\\/uploads\\\/2026\\\/04\\\/121212336.jpg\",\"contentUrl\":\"https:\\\/\\\/stilanddesign.se\\\/wp-content\\\/uploads\\\/2026\\\/04\\\/121212336.jpg\",\"width\":400,\"height\":400,\"caption\":\"Cool jeansbl\u00e5 barrelbyxa\"},{\"@type\":\"BreadcrumbList\",\"@id\":\"https:\\\/\\\/stilanddesign.se\\\/produkt\\\/%f0%9f%92%99-marta-du-chateau-barrelbyxa-trendig-avslappnad-%e2%9c%a8\\\/#breadcrumb\",\"itemListElement\":[{\"@type\":\"ListItem\",\"position\":1,\"name\":\"Hem\",\"item\":\"https:\\\/\\\/stilanddesign.se\\\/\"},{\"@type\":\"ListItem\",\"position\":2,\"name\":\"Butiken\",\"item\":\"https:\\\/\\\/stilanddesign.se\\\/butiken\\\/\"},{\"@type\":\"ListItem\",\"position\":3,\"name\":\"\ud83d\udc99 Marta Du Chateau barrelbyxa \u2013 trendig &#038; avslappnad \u2728\"}]},{\"@type\":\"WebSite\",\"@id\":\"https:\\\/\\\/stilanddesign.se\\\/#website\",\"url\":\"https:\\\/\\\/stilanddesign.se\\\/\",\"name\":\"Stil &amp; Design\",\"description\":\"F\u00f6r oss som \u00e4lskar mode!\",\"publisher\":{\"@id\":\"https:\\\/\\\/stilanddesign.se\\\/#organization\"},\"potentialAction\":[{\"@type\":\"SearchAction\",\"target\":{\"@type\":\"EntryPoint\",\"urlTemplate\":\"https:\\\/\\\/stilanddesign.se\\\/?s={search_term_string}\"},\"query-input\":{\"@type\":\"PropertyValueSpecification\",\"valueRequired\":true,\"valueName\":\"search_term_string\"}}],\"inLanguage\":\"en-US\"},{\"@type\":\"Organization\",\"@id\":\"https:\\\/\\\/stilanddesign.se\\\/#organization\",\"name\":\"Stil &amp; Design\",\"url\":\"https:\\\/\\\/stilanddesign.se\\\/\",\"logo\":{\"@type\":\"ImageObject\",\"inLanguage\":\"en-US\",\"@id\":\"https:\\\/\\\/stilanddesign.se\\\/#\\\/schema\\\/logo\\\/image\\\/\",\"url\":\"https:\\\/\\\/stilanddesign.se\\\/wp-content\\\/uploads\\\/2023\\\/12\\\/output-onlinepngtools-e1727784413220.png\",\"contentUrl\":\"https:\\\/\\\/stilanddesign.se\\\/wp-content\\\/uploads\\\/2023\\\/12\\\/output-onlinepngtools-e1727784413220.png\",\"width\":519,\"height\":135,\"caption\":\"Stil &amp; Design\"},\"image\":{\"@id\":\"https:\\\/\\\/stilanddesign.se\\\/#\\\/schema\\\/logo\\\/image\\\/\"}}]}<\/script>\n<!-- \/ Yoast SEO Premium plugin. -->","yoast_head_json":{"title":"\ud83d\udc99 Marta Du Chateau barrelbyxa \u2013 trendig & avslappnad \u2728 - Stil &amp; Design","robots":{"index":"index","follow":"follow","max-snippet":"max-snippet:-1","max-image-preview":"max-image-preview:large","max-video-preview":"max-video-preview:-1"},"canonical":"https:\/\/stilanddesign.se\/en\/product\/\ud83d\udc99-marta-du-chateau-barrelbyxa-trendig-avslappnad-\u2728\/","og_locale":"en_US","og_type":"article","og_title":"\ud83d\udc99 Marta Du Chateau barrelbyxa \u2013 trendig & avslappnad \u2728","og_description":"\ud83d\udc99 Marta Du Chateau barrelbyxa \u2013 trendig &amp; avslappnad \u2728 \ud83d\udc56 Jeansbl\u00e5 f\u00e4rg som passar till allt\ud83d\udcab Barrelmodell \u2013 modern &amp; smickrande passform\ud83d\udc4c Linning fram &amp; res\u00e5r bak f\u00f6r b\u00e4sta komfort\ud83d\udc56 2 sidofickor fram\u2728 L\u00e4tt insydd nertill f\u00f6r snygg silhuett \ud83d\udccf Beninnerl\u00e4ngd: ca 64 cm\ud83d\udccf L\u00e4ngd: ca 98 cm\ud83d\udccf Rymlig i storlek \ud83e\uddf5 Material:\u2022 77% polyester\u2022 20% viskos\u2022 3% elastan \ud83d\udc5a Stylingtips: Matcha med en instoppad topp eller skjorta f\u00f6r en trendig och avslappnad look \ud83d\udc95 \ud83d\udc96 Byxor som kombinerar komfort med modern stil \ud83d\udcab","og_url":"https:\/\/stilanddesign.se\/en\/product\/\ud83d\udc99-marta-du-chateau-barrelbyxa-trendig-avslappnad-\u2728\/","og_site_name":"Stil &amp; Design","article_modified_time":"2026-04-20T16:57:10+00:00","og_image":[{"width":400,"height":400,"url":"https:\/\/stilanddesign.se\/wp-content\/uploads\/2026\/04\/121212336.jpg","type":"image\/jpeg"}],"twitter_card":"summary_large_image","twitter_misc":{"Est. reading time":"1 minute"},"schema":{"@context":"https:\/\/schema.org","@graph":[{"@type":"WebPage","@id":"https:\/\/stilanddesign.se\/produkt\/%f0%9f%92%99-marta-du-chateau-barrelbyxa-trendig-avslappnad-%e2%9c%a8\/","url":"https:\/\/stilanddesign.se\/produkt\/%f0%9f%92%99-marta-du-chateau-barrelbyxa-trendig-avslappnad-%e2%9c%a8\/","name":"\ud83d\udc99 Marta Du Chateau barrelbyxa \u2013 trendig & avslappnad \u2728 - Stil &amp; Design","isPartOf":{"@id":"https:\/\/stilanddesign.se\/#website"},"primaryImageOfPage":{"@id":"https:\/\/stilanddesign.se\/produkt\/%f0%9f%92%99-marta-du-chateau-barrelbyxa-trendig-avslappnad-%e2%9c%a8\/#primaryimage"},"image":{"@id":"https:\/\/stilanddesign.se\/produkt\/%f0%9f%92%99-marta-du-chateau-barrelbyxa-trendig-avslappnad-%e2%9c%a8\/#primaryimage"},"thumbnailUrl":"https:\/\/stilanddesign.se\/wp-content\/uploads\/2026\/04\/121212336.jpg","datePublished":"2026-04-20T11:22:35+00:00","dateModified":"2026-04-20T16:57:10+00:00","breadcrumb":{"@id":"https:\/\/stilanddesign.se\/produkt\/%f0%9f%92%99-marta-du-chateau-barrelbyxa-trendig-avslappnad-%e2%9c%a8\/#breadcrumb"},"inLanguage":"en-US","potentialAction":[{"@type":"ReadAction","target":["https:\/\/stilanddesign.se\/produkt\/%f0%9f%92%99-marta-du-chateau-barrelbyxa-trendig-avslappnad-%e2%9c%a8\/"]}]},{"@type":"ImageObject","inLanguage":"en-US","@id":"https:\/\/stilanddesign.se\/produkt\/%f0%9f%92%99-marta-du-chateau-barrelbyxa-trendig-avslappnad-%e2%9c%a8\/#primaryimage","url":"https:\/\/stilanddesign.se\/wp-content\/uploads\/2026\/04\/121212336.jpg","contentUrl":"https:\/\/stilanddesign.se\/wp-content\/uploads\/2026\/04\/121212336.jpg","width":400,"height":400,"caption":"Cool jeansbl\u00e5 barrelbyxa"},{"@type":"BreadcrumbList","@id":"https:\/\/stilanddesign.se\/produkt\/%f0%9f%92%99-marta-du-chateau-barrelbyxa-trendig-avslappnad-%e2%9c%a8\/#breadcrumb","itemListElement":[{"@type":"ListItem","position":1,"name":"Hem","item":"https:\/\/stilanddesign.se\/"},{"@type":"ListItem","position":2,"name":"Butiken","item":"https:\/\/stilanddesign.se\/butiken\/"},{"@type":"ListItem","position":3,"name":"\ud83d\udc99 Marta Du Chateau barrelbyxa \u2013 trendig &#038; avslappnad \u2728"}]},{"@type":"WebSite","@id":"https:\/\/stilanddesign.se\/#website","url":"https:\/\/stilanddesign.se\/","name":"Style &amp; Design","description":"For those of us who love fashion!","publisher":{"@id":"https:\/\/stilanddesign.se\/#organization"},"potentialAction":[{"@type":"SearchAction","target":{"@type":"EntryPoint","urlTemplate":"https:\/\/stilanddesign.se\/?s={search_term_string}"},"query-input":{"@type":"PropertyValueSpecification","valueRequired":true,"valueName":"search_term_string"}}],"inLanguage":"en-US"},{"@type":"Organization","@id":"https:\/\/stilanddesign.se\/#organization","name":"Style &amp; Design","url":"https:\/\/stilanddesign.se\/","logo":{"@type":"ImageObject","inLanguage":"en-US","@id":"https:\/\/stilanddesign.se\/#\/schema\/logo\/image\/","url":"https:\/\/stilanddesign.se\/wp-content\/uploads\/2023\/12\/output-onlinepngtools-e1727784413220.png","contentUrl":"https:\/\/stilanddesign.se\/wp-content\/uploads\/2023\/12\/output-onlinepngtools-e1727784413220.png","width":519,"height":135,"caption":"Stil &amp; Design"},"image":{"@id":"https:\/\/stilanddesign.se\/#\/schema\/logo\/image\/"}}]}},"_links":{"self":[{"href":"https:\/\/stilanddesign.se\/en\/wp-json\/wp\/v2\/product\/1073300","targetHints":{"allow":["GET"]}}],"collection":[{"href":"https:\/\/stilanddesign.se\/en\/wp-json\/wp\/v2\/product"}],"about":[{"href":"https:\/\/stilanddesign.se\/en\/wp-json\/wp\/v2\/types\/product"}],"replies":[{"embeddable":true,"href":"https:\/\/stilanddesign.se\/en\/wp-json\/wp\/v2\/comments?post=1073300"}],"wp:featuredmedia":[{"embeddable":true,"href":"https:\/\/stilanddesign.se\/en\/wp-json\/wp\/v2\/media\/1073296"}],"wp:attachment":[{"href":"https:\/\/stilanddesign.se\/en\/wp-json\/wp\/v2\/media?parent=1073300"}],"wp:term":[{"taxonomy":"product_brand","embeddable":true,"href":"https:\/\/stilanddesign.se\/en\/wp-json\/wp\/v2\/product_brand?post=1073300"},{"taxonomy":"product_cat","embeddable":true,"href":"https:\/\/stilanddesign.se\/en\/wp-json\/wp\/v2\/product_cat?post=1073300"},{"taxonomy":"product_tag","embeddable":true,"href":"https:\/\/stilanddesign.se\/en\/wp-json\/wp\/v2\/product_tag?post=1073300"}],"curies":[{"name":"wp","href":"https:\/\/api.w.org\/{rel}","templated":true}]}}