{"id":1073290,"date":"2026-04-21T14:50:37","date_gmt":"2026-04-21T12:50:37","guid":{"rendered":"https:\/\/stilanddesign.se\/?post_type=product&#038;p=1073290"},"modified":"2026-04-21T14:52:35","modified_gmt":"2026-04-21T12:52:35","slug":"%f0%9f%a4%8d-marta-du-chateau-barrelbyxa-stilren-trendig-i-beige-%e2%9c%a8","status":"publish","type":"product","link":"https:\/\/stilanddesign.se\/en\/product\/%f0%9f%a4%8d-marta-du-chateau-barrelbyxa-stilren-trendig-i-beige-%e2%9c%a8\/","title":{"rendered":"\ud83e\udd0d Marta Du Chateau barrel pants \u2013 stylish &amp; trendy in beige \u2728"},"content":{"rendered":"<p data-start=\"0\" data-end=\"66\">\ud83e\udd0d <strong data-start=\"3\" data-end=\"62\">Marta Du Chateau barrelbyxa \u2013 stilren &amp; trendig i beige<\/strong> \u2728<\/p>\n<p data-start=\"68\" data-end=\"272\">\ud83d\udc56 Klassisk beige f\u00e4rg som matchar allt<br data-start=\"107\" data-end=\"110\" \/>\ud83d\udcab Barrelmodell \u2013 modern &amp; smickrande passform<br data-start=\"156\" data-end=\"159\" \/>\ud83d\udc4c Linning fram &amp; res\u00e5r bak f\u00f6r b\u00e4sta komfort<br data-start=\"204\" data-end=\"207\" \/>\ud83d\udc56 2 sidofickor fram<br data-start=\"227\" data-end=\"230\" data-is-only-node=\"\" \/>\u2728 L\u00e4tt insydd nertill f\u00f6r snygg silhuett<\/p>\n<p data-start=\"274\" data-end=\"345\">\ud83d\udccf Beninnerl\u00e4ngd: ca 64 cm<br data-start=\"300\" data-end=\"303\" \/>\ud83d\udccf L\u00e4ngd: ca 98 cm<br data-start=\"321\" data-end=\"324\" \/>\ud83d\udccf Spacious in size<\/p>\n<p data-start=\"347\" data-end=\"409\">\ud83e\uddf5 Materials:<br data-start=\"359\" data-end=\"362\" \/>\u2022 77% polyester<br data-start=\"377\" data-end=\"380\" \/>\u2022 20% viskos<br data-start=\"392\" data-end=\"395\" \/>\u2022 3% elastane<\/p>\n<p data-start=\"411\" data-end=\"500\">\ud83d\udc5a <strong data-start=\"414\" data-end=\"430\">Styling tips:<\/strong> Matcha med skjorta eller topp f\u00f6r en stilren och avslappnad look \ud83d\udc95<\/p>\n<p data-start=\"502\" data-end=\"554\" data-is-last-node=\"\" data-is-only-node=\"\">\ud83d\udc96 Byxor som ger b\u00e5de komfort och en modern k\u00e4nsla \u2728<\/p>\n<p>&nbsp;<\/p>","protected":false},"excerpt":{"rendered":"<p data-start=\"0\" data-end=\"66\">\ud83e\udd0d <strong data-start=\"3\" data-end=\"62\">Marta Du Chateau barrelbyxa \u2013 stilren &amp; trendig i beige<\/strong> \u2728<\/p>\n<p data-start=\"68\" data-end=\"272\">\ud83d\udc56 Klassisk beige f\u00e4rg som matchar allt<br data-start=\"107\" data-end=\"110\" \/>\ud83d\udcab Barrelmodell \u2013 modern &amp; smickrande passform<br data-start=\"156\" data-end=\"159\" \/>\ud83d\udc4c Linning fram &amp; res\u00e5r bak f\u00f6r b\u00e4sta komfort<br data-start=\"204\" data-end=\"207\" \/>\ud83d\udc56 2 sidofickor fram<br data-start=\"227\" data-end=\"230\" data-is-only-node=\"\" \/>\u2728 L\u00e4tt insydd nertill f\u00f6r snygg silhuett<\/p>\n<p data-start=\"274\" data-end=\"345\">\ud83d\udccf Beninnerl\u00e4ngd: ca 64 cm<br data-start=\"300\" data-end=\"303\" \/>\ud83d\udccf L\u00e4ngd: ca 98 cm<br data-start=\"321\" data-end=\"324\" \/>\ud83d\udccf Spacious in size<\/p>\n<p data-start=\"347\" data-end=\"409\">\ud83e\uddf5 Materials:<br data-start=\"359\" data-end=\"362\" \/>\u2022 77% polyester<br data-start=\"377\" data-end=\"380\" \/>\u2022 20% viskos<br data-start=\"392\" data-end=\"395\" \/>\u2022 3% elastane<\/p>\n<p data-start=\"411\" data-end=\"500\">\ud83d\udc5a <strong data-start=\"414\" data-end=\"430\">Styling tips:<\/strong> Matcha med skjorta eller topp f\u00f6r en stilren och avslappnad look \ud83d\udc95<\/p>\n<p data-start=\"502\" data-end=\"554\" data-is-last-node=\"\" data-is-only-node=\"\">\ud83d\udc96 Byxor som ger b\u00e5de komfort och en modern k\u00e4nsla \u2728<\/p>","protected":false},"featured_media":1073284,"comment_status":"closed","ping_status":"closed","template":"","meta":[],"product_brand":[],"product_cat":[203,217],"product_tag":[],"class_list":{"0":"post-1073290","1":"product","2":"type-product","3":"status-publish","4":"has-post-thumbnail","6":"product_cat-byxor","7":"product_cat-produktnyheter","9":"first","10":"instock","11":"taxable","12":"shipping-taxable","13":"purchasable","14":"product-type-variable"},"yoast_head":"<!-- This site is optimized with the Yoast SEO Premium plugin v27.4 (Yoast SEO v27.4) - https:\/\/yoast.com\/product\/yoast-seo-premium-wordpress\/ -->\n<title>\ud83e\udd0d Marta Du Chateau barrelbyxa \u2013 stilren &amp; trendig i beige \u2728 - Stil &amp; Design<\/title>\n<meta name=\"robots\" content=\"index, follow, max-snippet:-1, max-image-preview:large, max-video-preview:-1\" \/>\n<link rel=\"canonical\" href=\"https:\/\/stilanddesign.se\/en\/product\/\ud83e\udd0d-marta-du-chateau-barrelbyxa-stilren-trendig-i-beige-\u2728\/\" \/>\n<meta property=\"og:locale\" content=\"en_US\" \/>\n<meta property=\"og:type\" content=\"article\" \/>\n<meta property=\"og:title\" content=\"\ud83e\udd0d Marta Du Chateau barrelbyxa \u2013 stilren &amp; trendig i beige \u2728\" \/>\n<meta property=\"og:description\" content=\"\ud83e\udd0d Marta Du Chateau barrelbyxa \u2013 stilren &amp; trendig i beige \u2728 \ud83d\udc56 Klassisk beige f\u00e4rg som matchar allt\ud83d\udcab Barrelmodell \u2013 modern &amp; smickrande passform\ud83d\udc4c Linning fram &amp; res\u00e5r bak f\u00f6r b\u00e4sta komfort\ud83d\udc56 2 sidofickor fram\u2728 L\u00e4tt insydd nertill f\u00f6r snygg silhuett \ud83d\udccf Beninnerl\u00e4ngd: ca 64 cm\ud83d\udccf L\u00e4ngd: ca 98 cm\ud83d\udccf Rymlig i storlek \ud83e\uddf5 Material:\u2022 77% polyester\u2022 20% viskos\u2022 3% elastan \ud83d\udc5a Stylingtips: Matcha med skjorta eller topp f\u00f6r en stilren och avslappnad look \ud83d\udc95 \ud83d\udc96 Byxor som ger b\u00e5de komfort och en modern k\u00e4nsla \u2728\" \/>\n<meta property=\"og:url\" content=\"https:\/\/stilanddesign.se\/en\/product\/\ud83e\udd0d-marta-du-chateau-barrelbyxa-stilren-trendig-i-beige-\u2728\/\" \/>\n<meta property=\"og:site_name\" content=\"Stil &amp; Design\" \/>\n<meta property=\"article:modified_time\" content=\"2026-04-21T12:52:35+00:00\" \/>\n<meta property=\"og:image\" content=\"https:\/\/stilanddesign.se\/wp-content\/uploads\/2026\/04\/009987877777.jpg\" \/>\n\t<meta property=\"og:image:width\" content=\"400\" \/>\n\t<meta property=\"og:image:height\" content=\"400\" \/>\n\t<meta property=\"og:image:type\" content=\"image\/jpeg\" \/>\n<meta name=\"twitter:card\" content=\"summary_large_image\" \/>\n<meta name=\"twitter:label1\" content=\"Est. reading time\" \/>\n\t<meta name=\"twitter:data1\" content=\"1 minute\" \/>\n<script type=\"application\/ld+json\" class=\"yoast-schema-graph\">{\"@context\":\"https:\\\/\\\/schema.org\",\"@graph\":[{\"@type\":\"WebPage\",\"@id\":\"https:\\\/\\\/stilanddesign.se\\\/produkt\\\/%f0%9f%a4%8d-marta-du-chateau-barrelbyxa-stilren-trendig-i-beige-%e2%9c%a8\\\/\",\"url\":\"https:\\\/\\\/stilanddesign.se\\\/produkt\\\/%f0%9f%a4%8d-marta-du-chateau-barrelbyxa-stilren-trendig-i-beige-%e2%9c%a8\\\/\",\"name\":\"\ud83e\udd0d Marta Du Chateau barrelbyxa \u2013 stilren & trendig i beige \u2728 - Stil &amp; Design\",\"isPartOf\":{\"@id\":\"https:\\\/\\\/stilanddesign.se\\\/#website\"},\"primaryImageOfPage\":{\"@id\":\"https:\\\/\\\/stilanddesign.se\\\/produkt\\\/%f0%9f%a4%8d-marta-du-chateau-barrelbyxa-stilren-trendig-i-beige-%e2%9c%a8\\\/#primaryimage\"},\"image\":{\"@id\":\"https:\\\/\\\/stilanddesign.se\\\/produkt\\\/%f0%9f%a4%8d-marta-du-chateau-barrelbyxa-stilren-trendig-i-beige-%e2%9c%a8\\\/#primaryimage\"},\"thumbnailUrl\":\"https:\\\/\\\/stilanddesign.se\\\/wp-content\\\/uploads\\\/2026\\\/04\\\/009987877777.jpg\",\"datePublished\":\"2026-04-21T12:50:37+00:00\",\"dateModified\":\"2026-04-21T12:52:35+00:00\",\"breadcrumb\":{\"@id\":\"https:\\\/\\\/stilanddesign.se\\\/produkt\\\/%f0%9f%a4%8d-marta-du-chateau-barrelbyxa-stilren-trendig-i-beige-%e2%9c%a8\\\/#breadcrumb\"},\"inLanguage\":\"en-US\",\"potentialAction\":[{\"@type\":\"ReadAction\",\"target\":[\"https:\\\/\\\/stilanddesign.se\\\/produkt\\\/%f0%9f%a4%8d-marta-du-chateau-barrelbyxa-stilren-trendig-i-beige-%e2%9c%a8\\\/\"]}]},{\"@type\":\"ImageObject\",\"inLanguage\":\"en-US\",\"@id\":\"https:\\\/\\\/stilanddesign.se\\\/produkt\\\/%f0%9f%a4%8d-marta-du-chateau-barrelbyxa-stilren-trendig-i-beige-%e2%9c%a8\\\/#primaryimage\",\"url\":\"https:\\\/\\\/stilanddesign.se\\\/wp-content\\\/uploads\\\/2026\\\/04\\\/009987877777.jpg\",\"contentUrl\":\"https:\\\/\\\/stilanddesign.se\\\/wp-content\\\/uploads\\\/2026\\\/04\\\/009987877777.jpg\",\"width\":400,\"height\":400,\"caption\":\"Cool beige barrelbyxa\"},{\"@type\":\"BreadcrumbList\",\"@id\":\"https:\\\/\\\/stilanddesign.se\\\/produkt\\\/%f0%9f%a4%8d-marta-du-chateau-barrelbyxa-stilren-trendig-i-beige-%e2%9c%a8\\\/#breadcrumb\",\"itemListElement\":[{\"@type\":\"ListItem\",\"position\":1,\"name\":\"Hem\",\"item\":\"https:\\\/\\\/stilanddesign.se\\\/\"},{\"@type\":\"ListItem\",\"position\":2,\"name\":\"Butiken\",\"item\":\"https:\\\/\\\/stilanddesign.se\\\/butiken\\\/\"},{\"@type\":\"ListItem\",\"position\":3,\"name\":\"\ud83e\udd0d Marta Du Chateau barrelbyxa \u2013 stilren &#038; trendig i beige \u2728\"}]},{\"@type\":\"WebSite\",\"@id\":\"https:\\\/\\\/stilanddesign.se\\\/#website\",\"url\":\"https:\\\/\\\/stilanddesign.se\\\/\",\"name\":\"Stil &amp; Design\",\"description\":\"F\u00f6r oss som \u00e4lskar mode!\",\"publisher\":{\"@id\":\"https:\\\/\\\/stilanddesign.se\\\/#organization\"},\"potentialAction\":[{\"@type\":\"SearchAction\",\"target\":{\"@type\":\"EntryPoint\",\"urlTemplate\":\"https:\\\/\\\/stilanddesign.se\\\/?s={search_term_string}\"},\"query-input\":{\"@type\":\"PropertyValueSpecification\",\"valueRequired\":true,\"valueName\":\"search_term_string\"}}],\"inLanguage\":\"en-US\"},{\"@type\":\"Organization\",\"@id\":\"https:\\\/\\\/stilanddesign.se\\\/#organization\",\"name\":\"Stil &amp; Design\",\"url\":\"https:\\\/\\\/stilanddesign.se\\\/\",\"logo\":{\"@type\":\"ImageObject\",\"inLanguage\":\"en-US\",\"@id\":\"https:\\\/\\\/stilanddesign.se\\\/#\\\/schema\\\/logo\\\/image\\\/\",\"url\":\"https:\\\/\\\/stilanddesign.se\\\/wp-content\\\/uploads\\\/2023\\\/12\\\/output-onlinepngtools-e1727784413220.png\",\"contentUrl\":\"https:\\\/\\\/stilanddesign.se\\\/wp-content\\\/uploads\\\/2023\\\/12\\\/output-onlinepngtools-e1727784413220.png\",\"width\":519,\"height\":135,\"caption\":\"Stil &amp; Design\"},\"image\":{\"@id\":\"https:\\\/\\\/stilanddesign.se\\\/#\\\/schema\\\/logo\\\/image\\\/\"}}]}<\/script>\n<!-- \/ Yoast SEO Premium plugin. -->","yoast_head_json":{"title":"\ud83e\udd0d Marta Du Chateau barrelbyxa \u2013 stilren & trendig i beige \u2728 - Stil &amp; Design","robots":{"index":"index","follow":"follow","max-snippet":"max-snippet:-1","max-image-preview":"max-image-preview:large","max-video-preview":"max-video-preview:-1"},"canonical":"https:\/\/stilanddesign.se\/en\/product\/\ud83e\udd0d-marta-du-chateau-barrelbyxa-stilren-trendig-i-beige-\u2728\/","og_locale":"en_US","og_type":"article","og_title":"\ud83e\udd0d Marta Du Chateau barrelbyxa \u2013 stilren & trendig i beige \u2728","og_description":"\ud83e\udd0d Marta Du Chateau barrelbyxa \u2013 stilren &amp; trendig i beige \u2728 \ud83d\udc56 Klassisk beige f\u00e4rg som matchar allt\ud83d\udcab Barrelmodell \u2013 modern &amp; smickrande passform\ud83d\udc4c Linning fram &amp; res\u00e5r bak f\u00f6r b\u00e4sta komfort\ud83d\udc56 2 sidofickor fram\u2728 L\u00e4tt insydd nertill f\u00f6r snygg silhuett \ud83d\udccf Beninnerl\u00e4ngd: ca 64 cm\ud83d\udccf L\u00e4ngd: ca 98 cm\ud83d\udccf Rymlig i storlek \ud83e\uddf5 Material:\u2022 77% polyester\u2022 20% viskos\u2022 3% elastan \ud83d\udc5a Stylingtips: Matcha med skjorta eller topp f\u00f6r en stilren och avslappnad look \ud83d\udc95 \ud83d\udc96 Byxor som ger b\u00e5de komfort och en modern k\u00e4nsla \u2728","og_url":"https:\/\/stilanddesign.se\/en\/product\/\ud83e\udd0d-marta-du-chateau-barrelbyxa-stilren-trendig-i-beige-\u2728\/","og_site_name":"Stil &amp; Design","article_modified_time":"2026-04-21T12:52:35+00:00","og_image":[{"width":400,"height":400,"url":"https:\/\/stilanddesign.se\/wp-content\/uploads\/2026\/04\/009987877777.jpg","type":"image\/jpeg"}],"twitter_card":"summary_large_image","twitter_misc":{"Est. reading time":"1 minute"},"schema":{"@context":"https:\/\/schema.org","@graph":[{"@type":"WebPage","@id":"https:\/\/stilanddesign.se\/produkt\/%f0%9f%a4%8d-marta-du-chateau-barrelbyxa-stilren-trendig-i-beige-%e2%9c%a8\/","url":"https:\/\/stilanddesign.se\/produkt\/%f0%9f%a4%8d-marta-du-chateau-barrelbyxa-stilren-trendig-i-beige-%e2%9c%a8\/","name":"\ud83e\udd0d Marta Du Chateau barrelbyxa \u2013 stilren & trendig i beige \u2728 - Stil &amp; Design","isPartOf":{"@id":"https:\/\/stilanddesign.se\/#website"},"primaryImageOfPage":{"@id":"https:\/\/stilanddesign.se\/produkt\/%f0%9f%a4%8d-marta-du-chateau-barrelbyxa-stilren-trendig-i-beige-%e2%9c%a8\/#primaryimage"},"image":{"@id":"https:\/\/stilanddesign.se\/produkt\/%f0%9f%a4%8d-marta-du-chateau-barrelbyxa-stilren-trendig-i-beige-%e2%9c%a8\/#primaryimage"},"thumbnailUrl":"https:\/\/stilanddesign.se\/wp-content\/uploads\/2026\/04\/009987877777.jpg","datePublished":"2026-04-21T12:50:37+00:00","dateModified":"2026-04-21T12:52:35+00:00","breadcrumb":{"@id":"https:\/\/stilanddesign.se\/produkt\/%f0%9f%a4%8d-marta-du-chateau-barrelbyxa-stilren-trendig-i-beige-%e2%9c%a8\/#breadcrumb"},"inLanguage":"en-US","potentialAction":[{"@type":"ReadAction","target":["https:\/\/stilanddesign.se\/produkt\/%f0%9f%a4%8d-marta-du-chateau-barrelbyxa-stilren-trendig-i-beige-%e2%9c%a8\/"]}]},{"@type":"ImageObject","inLanguage":"en-US","@id":"https:\/\/stilanddesign.se\/produkt\/%f0%9f%a4%8d-marta-du-chateau-barrelbyxa-stilren-trendig-i-beige-%e2%9c%a8\/#primaryimage","url":"https:\/\/stilanddesign.se\/wp-content\/uploads\/2026\/04\/009987877777.jpg","contentUrl":"https:\/\/stilanddesign.se\/wp-content\/uploads\/2026\/04\/009987877777.jpg","width":400,"height":400,"caption":"Cool beige barrelbyxa"},{"@type":"BreadcrumbList","@id":"https:\/\/stilanddesign.se\/produkt\/%f0%9f%a4%8d-marta-du-chateau-barrelbyxa-stilren-trendig-i-beige-%e2%9c%a8\/#breadcrumb","itemListElement":[{"@type":"ListItem","position":1,"name":"Hem","item":"https:\/\/stilanddesign.se\/"},{"@type":"ListItem","position":2,"name":"Butiken","item":"https:\/\/stilanddesign.se\/butiken\/"},{"@type":"ListItem","position":3,"name":"\ud83e\udd0d Marta Du Chateau barrelbyxa \u2013 stilren &#038; trendig i beige \u2728"}]},{"@type":"WebSite","@id":"https:\/\/stilanddesign.se\/#website","url":"https:\/\/stilanddesign.se\/","name":"Style &amp; Design","description":"For those of us who love fashion!","publisher":{"@id":"https:\/\/stilanddesign.se\/#organization"},"potentialAction":[{"@type":"SearchAction","target":{"@type":"EntryPoint","urlTemplate":"https:\/\/stilanddesign.se\/?s={search_term_string}"},"query-input":{"@type":"PropertyValueSpecification","valueRequired":true,"valueName":"search_term_string"}}],"inLanguage":"en-US"},{"@type":"Organization","@id":"https:\/\/stilanddesign.se\/#organization","name":"Style &amp; Design","url":"https:\/\/stilanddesign.se\/","logo":{"@type":"ImageObject","inLanguage":"en-US","@id":"https:\/\/stilanddesign.se\/#\/schema\/logo\/image\/","url":"https:\/\/stilanddesign.se\/wp-content\/uploads\/2023\/12\/output-onlinepngtools-e1727784413220.png","contentUrl":"https:\/\/stilanddesign.se\/wp-content\/uploads\/2023\/12\/output-onlinepngtools-e1727784413220.png","width":519,"height":135,"caption":"Stil &amp; Design"},"image":{"@id":"https:\/\/stilanddesign.se\/#\/schema\/logo\/image\/"}}]}},"_links":{"self":[{"href":"https:\/\/stilanddesign.se\/en\/wp-json\/wp\/v2\/product\/1073290","targetHints":{"allow":["GET"]}}],"collection":[{"href":"https:\/\/stilanddesign.se\/en\/wp-json\/wp\/v2\/product"}],"about":[{"href":"https:\/\/stilanddesign.se\/en\/wp-json\/wp\/v2\/types\/product"}],"replies":[{"embeddable":true,"href":"https:\/\/stilanddesign.se\/en\/wp-json\/wp\/v2\/comments?post=1073290"}],"wp:featuredmedia":[{"embeddable":true,"href":"https:\/\/stilanddesign.se\/en\/wp-json\/wp\/v2\/media\/1073284"}],"wp:attachment":[{"href":"https:\/\/stilanddesign.se\/en\/wp-json\/wp\/v2\/media?parent=1073290"}],"wp:term":[{"taxonomy":"product_brand","embeddable":true,"href":"https:\/\/stilanddesign.se\/en\/wp-json\/wp\/v2\/product_brand?post=1073290"},{"taxonomy":"product_cat","embeddable":true,"href":"https:\/\/stilanddesign.se\/en\/wp-json\/wp\/v2\/product_cat?post=1073290"},{"taxonomy":"product_tag","embeddable":true,"href":"https:\/\/stilanddesign.se\/en\/wp-json\/wp\/v2\/product_tag?post=1073290"}],"curies":[{"name":"wp","href":"https:\/\/api.w.org\/{rel}","templated":true}]}}