{"id":1073276,"date":"2026-04-13T14:33:48","date_gmt":"2026-04-13T12:33:48","guid":{"rendered":"https:\/\/stilanddesign.se\/?post_type=product&#038;p=1073276"},"modified":"2026-05-15T10:46:43","modified_gmt":"2026-05-15T08:46:43","slug":"%f0%9f%92%97-paisleymonstrad-blus-romantisk-feminin-favorit-%e2%9c%a8","status":"publish","type":"product","link":"https:\/\/stilanddesign.se\/en\/product\/%f0%9f%92%97-paisleymonstrad-blus-romantisk-feminin-favorit-%e2%9c%a8\/","title":{"rendered":"\ud83d\udc97 Paisley patterned blouse \u2013 romantic &amp; feminine favorite \u2728"},"content":{"rendered":"<p data-start=\"0\" data-end=\"61\">\ud83d\udc97 <strong data-start=\"3\" data-end=\"57\">Paisley patterned blouse \u2013 romantic &amp; feminine favorite<\/strong> \u2728<\/p>\n<p data-start=\"63\" data-end=\"260\">\ud83c\udf38 Soft pink tone with hints of beige &amp; light brown<br data-start=\"111\" data-end=\"114\" \/>\ud83d\udcab V-neckline with beautiful ruffles at the front<br data-start=\"156\" data-end=\"159\" \/>\ud83d\udc5a Fastens all the way with buttons<br data-start=\"191\" data-end=\"194\" \/>\ud83c\udf3f Long sleeves with thin elastic at the cuffs<br data-start=\"230\" data-end=\"233\" data-is-only-node=\"\" \/>\u2728 Light &amp; flexible quality<\/p>\n<p data-start=\"262\" data-end=\"283\">\ud83d\udccf Normal in size<\/p>\n<p data-start=\"285\" data-end=\"348\">\ud83e\uddf5 Material: 87% tencel (lyocell), 13% nylon<br data-start=\"329\" data-end=\"332\" \/>\ud83e\udee7 Washing: 30\u00b0C<\/p>\n<p data-start=\"350\" data-end=\"436\">\ud83d\udc56 <strong data-start=\"353\" data-end=\"369\">Styling tips:<\/strong> Match with jeans or a skirt for a romantic and stylish look \ud83d\udc95<\/p>\n<p data-start=\"438\" data-end=\"498\" data-is-last-node=\"\" data-is-only-node=\"\">\ud83d\udc96 A blouse that gives a soft and elegant feeling with every step \u2728<\/p>\n<p>&nbsp;<\/p>","protected":false},"excerpt":{"rendered":"<p data-start=\"0\" data-end=\"61\">\ud83d\udc97 <strong data-start=\"3\" data-end=\"57\">Paisley patterned blouse \u2013 romantic &amp; feminine favorite<\/strong> \u2728<\/p>\n<p data-start=\"63\" data-end=\"260\">\ud83c\udf38 Soft pink tone with hints of beige &amp; light brown<br data-start=\"111\" data-end=\"114\" \/>\ud83d\udcab V-neckline with beautiful ruffles at the front<br data-start=\"156\" data-end=\"159\" \/>\ud83d\udc5a Fastens all the way with buttons<br data-start=\"191\" data-end=\"194\" \/>\ud83c\udf3f Long sleeves with thin elastic at the cuffs<br data-start=\"230\" data-end=\"233\" data-is-only-node=\"\" \/>\u2728 Light &amp; flexible quality<\/p>\n<p data-start=\"262\" data-end=\"283\">\ud83d\udccf Normal in size<\/p>\n<p data-start=\"285\" data-end=\"348\">\ud83e\uddf5 Material: 87% tencel (lyocell), 13% nylon<br data-start=\"329\" data-end=\"332\" \/>\ud83e\udee7 Washing: 30\u00b0C<\/p>\n<p data-start=\"350\" data-end=\"436\">\ud83d\udc56 <strong data-start=\"353\" data-end=\"369\">Styling tips:<\/strong> Match with jeans or a skirt for a romantic and stylish look \ud83d\udc95<\/p>\n<p data-start=\"438\" data-end=\"498\" data-is-last-node=\"\" data-is-only-node=\"\">\ud83d\udc96 A blouse that gives a soft and elegant feeling with every step \u2728<\/p>","protected":false},"featured_media":1073271,"comment_status":"closed","ping_status":"closed","template":"","meta":[],"product_brand":[],"product_cat":[211],"product_tag":[],"class_list":{"0":"post-1073276","1":"product","2":"type-product","3":"status-publish","4":"has-post-thumbnail","6":"product_cat-blusar","8":"first","9":"instock","10":"taxable","11":"shipping-taxable","12":"purchasable","13":"product-type-variable"},"yoast_head":"<!-- This site is optimized with the Yoast SEO Premium plugin v27.4 (Yoast SEO v27.6) - https:\/\/yoast.com\/product\/yoast-seo-premium-wordpress\/ -->\n<title>\ud83d\udc97 Paisleym\u00f6nstrad blus \u2013 romantisk &amp; feminin favorit \u2728 - Stil &amp; Design<\/title>\n<meta name=\"robots\" content=\"index, follow, max-snippet:-1, max-image-preview:large, max-video-preview:-1\" \/>\n<link rel=\"canonical\" href=\"https:\/\/stilanddesign.se\/en\/product\/\ud83d\udc97-paisleymonstrad-blus-romantisk-feminin-favorit-\u2728\/\" \/>\n<meta property=\"og:locale\" content=\"en_US\" \/>\n<meta property=\"og:type\" content=\"article\" \/>\n<meta property=\"og:title\" content=\"\ud83d\udc97 Paisleym\u00f6nstrad blus \u2013 romantisk &amp; feminin favorit \u2728\" \/>\n<meta property=\"og:description\" content=\"\ud83d\udc97 Paisleym\u00f6nstrad blus \u2013 romantisk &amp; feminin favorit \u2728 \ud83c\udf38 Mjuk rosa ton med inslag av beige &amp; ljusbrunt\ud83d\udcab V-ringning med vackra volanger framtill\ud83d\udc5a Kn\u00e4pps hela v\u00e4gen med knappar\ud83c\udf3f L\u00e5ng \u00e4rm med tunn res\u00e5r i \u00e4rmslut\u2728 L\u00e4tt &amp; f\u00f6ljsam kvalitet \ud83d\udccf Normal i storlek \ud83e\uddf5 Material: 87% tencel (lyocell), 13% nylon\ud83e\udee7 Tv\u00e4tt: 30\u00b0C \ud83d\udc56 Stylingtips: Matcha med jeans eller kjol f\u00f6r en romantisk och stilren look \ud83d\udc95 \ud83d\udc96 En blus som ger en mjuk och elegant k\u00e4nsla i varje steg \u2728\" \/>\n<meta property=\"og:url\" content=\"https:\/\/stilanddesign.se\/en\/product\/\ud83d\udc97-paisleymonstrad-blus-romantisk-feminin-favorit-\u2728\/\" \/>\n<meta property=\"og:site_name\" content=\"Stil &amp; Design\" \/>\n<meta property=\"article:modified_time\" content=\"2026-05-15T08:46:43+00:00\" \/>\n<meta property=\"og:image\" content=\"https:\/\/stilanddesign.se\/wp-content\/uploads\/2026\/04\/887987999999.jpg\" \/>\n\t<meta property=\"og:image:width\" content=\"400\" \/>\n\t<meta property=\"og:image:height\" content=\"400\" \/>\n\t<meta property=\"og:image:type\" content=\"image\/jpeg\" \/>\n<meta name=\"twitter:card\" content=\"summary_large_image\" \/>\n<meta name=\"twitter:label1\" content=\"Est. reading time\" \/>\n\t<meta name=\"twitter:data1\" content=\"1 minute\" \/>\n<script type=\"application\/ld+json\" class=\"yoast-schema-graph\">{\"@context\":\"https:\\\/\\\/schema.org\",\"@graph\":[{\"@type\":\"WebPage\",\"@id\":\"https:\\\/\\\/stilanddesign.se\\\/produkt\\\/%f0%9f%92%97-paisleymonstrad-blus-romantisk-feminin-favorit-%e2%9c%a8\\\/\",\"url\":\"https:\\\/\\\/stilanddesign.se\\\/produkt\\\/%f0%9f%92%97-paisleymonstrad-blus-romantisk-feminin-favorit-%e2%9c%a8\\\/\",\"name\":\"\ud83d\udc97 Paisleym\u00f6nstrad blus \u2013 romantisk & feminin favorit \u2728 - Stil &amp; Design\",\"isPartOf\":{\"@id\":\"https:\\\/\\\/stilanddesign.se\\\/#website\"},\"primaryImageOfPage\":{\"@id\":\"https:\\\/\\\/stilanddesign.se\\\/produkt\\\/%f0%9f%92%97-paisleymonstrad-blus-romantisk-feminin-favorit-%e2%9c%a8\\\/#primaryimage\"},\"image\":{\"@id\":\"https:\\\/\\\/stilanddesign.se\\\/produkt\\\/%f0%9f%92%97-paisleymonstrad-blus-romantisk-feminin-favorit-%e2%9c%a8\\\/#primaryimage\"},\"thumbnailUrl\":\"https:\\\/\\\/stilanddesign.se\\\/wp-content\\\/uploads\\\/2026\\\/04\\\/887987999999.jpg\",\"datePublished\":\"2026-04-13T12:33:48+00:00\",\"dateModified\":\"2026-05-15T08:46:43+00:00\",\"breadcrumb\":{\"@id\":\"https:\\\/\\\/stilanddesign.se\\\/produkt\\\/%f0%9f%92%97-paisleymonstrad-blus-romantisk-feminin-favorit-%e2%9c%a8\\\/#breadcrumb\"},\"inLanguage\":\"en-US\",\"potentialAction\":[{\"@type\":\"ReadAction\",\"target\":[\"https:\\\/\\\/stilanddesign.se\\\/produkt\\\/%f0%9f%92%97-paisleymonstrad-blus-romantisk-feminin-favorit-%e2%9c%a8\\\/\"]}]},{\"@type\":\"ImageObject\",\"inLanguage\":\"en-US\",\"@id\":\"https:\\\/\\\/stilanddesign.se\\\/produkt\\\/%f0%9f%92%97-paisleymonstrad-blus-romantisk-feminin-favorit-%e2%9c%a8\\\/#primaryimage\",\"url\":\"https:\\\/\\\/stilanddesign.se\\\/wp-content\\\/uploads\\\/2026\\\/04\\\/887987999999.jpg\",\"contentUrl\":\"https:\\\/\\\/stilanddesign.se\\\/wp-content\\\/uploads\\\/2026\\\/04\\\/887987999999.jpg\",\"width\":400,\"height\":400,\"caption\":\"Paisleym\u00f6nstrad blus i rosa med volanger framtill\"},{\"@type\":\"BreadcrumbList\",\"@id\":\"https:\\\/\\\/stilanddesign.se\\\/produkt\\\/%f0%9f%92%97-paisleymonstrad-blus-romantisk-feminin-favorit-%e2%9c%a8\\\/#breadcrumb\",\"itemListElement\":[{\"@type\":\"ListItem\",\"position\":1,\"name\":\"Hem\",\"item\":\"https:\\\/\\\/stilanddesign.se\\\/\"},{\"@type\":\"ListItem\",\"position\":2,\"name\":\"Butiken\",\"item\":\"https:\\\/\\\/stilanddesign.se\\\/butiken\\\/\"},{\"@type\":\"ListItem\",\"position\":3,\"name\":\"\ud83d\udc97 Paisleym\u00f6nstrad blus \u2013 romantisk &#038; feminin favorit \u2728\"}]},{\"@type\":\"WebSite\",\"@id\":\"https:\\\/\\\/stilanddesign.se\\\/#website\",\"url\":\"https:\\\/\\\/stilanddesign.se\\\/\",\"name\":\"Stil &amp; Design\",\"description\":\"F\u00f6r oss som \u00e4lskar mode!\",\"publisher\":{\"@id\":\"https:\\\/\\\/stilanddesign.se\\\/#organization\"},\"potentialAction\":[{\"@type\":\"SearchAction\",\"target\":{\"@type\":\"EntryPoint\",\"urlTemplate\":\"https:\\\/\\\/stilanddesign.se\\\/?s={search_term_string}\"},\"query-input\":{\"@type\":\"PropertyValueSpecification\",\"valueRequired\":true,\"valueName\":\"search_term_string\"}}],\"inLanguage\":\"en-US\"},{\"@type\":\"Organization\",\"@id\":\"https:\\\/\\\/stilanddesign.se\\\/#organization\",\"name\":\"Stil &amp; Design\",\"url\":\"https:\\\/\\\/stilanddesign.se\\\/\",\"logo\":{\"@type\":\"ImageObject\",\"inLanguage\":\"en-US\",\"@id\":\"https:\\\/\\\/stilanddesign.se\\\/#\\\/schema\\\/logo\\\/image\\\/\",\"url\":\"https:\\\/\\\/stilanddesign.se\\\/wp-content\\\/uploads\\\/2023\\\/12\\\/output-onlinepngtools-e1727784413220.png\",\"contentUrl\":\"https:\\\/\\\/stilanddesign.se\\\/wp-content\\\/uploads\\\/2023\\\/12\\\/output-onlinepngtools-e1727784413220.png\",\"width\":519,\"height\":135,\"caption\":\"Stil &amp; Design\"},\"image\":{\"@id\":\"https:\\\/\\\/stilanddesign.se\\\/#\\\/schema\\\/logo\\\/image\\\/\"}}]}<\/script>\n<!-- \/ Yoast SEO Premium plugin. -->","yoast_head_json":{"title":"\ud83d\udc97 Paisleym\u00f6nstrad blus \u2013 romantisk & feminin favorit \u2728 - Stil &amp; Design","robots":{"index":"index","follow":"follow","max-snippet":"max-snippet:-1","max-image-preview":"max-image-preview:large","max-video-preview":"max-video-preview:-1"},"canonical":"https:\/\/stilanddesign.se\/en\/product\/\ud83d\udc97-paisleymonstrad-blus-romantisk-feminin-favorit-\u2728\/","og_locale":"en_US","og_type":"article","og_title":"\ud83d\udc97 Paisleym\u00f6nstrad blus \u2013 romantisk & feminin favorit \u2728","og_description":"\ud83d\udc97 Paisleym\u00f6nstrad blus \u2013 romantisk &amp; feminin favorit \u2728 \ud83c\udf38 Mjuk rosa ton med inslag av beige &amp; ljusbrunt\ud83d\udcab V-ringning med vackra volanger framtill\ud83d\udc5a Kn\u00e4pps hela v\u00e4gen med knappar\ud83c\udf3f L\u00e5ng \u00e4rm med tunn res\u00e5r i \u00e4rmslut\u2728 L\u00e4tt &amp; f\u00f6ljsam kvalitet \ud83d\udccf Normal i storlek \ud83e\uddf5 Material: 87% tencel (lyocell), 13% nylon\ud83e\udee7 Tv\u00e4tt: 30\u00b0C \ud83d\udc56 Stylingtips: Matcha med jeans eller kjol f\u00f6r en romantisk och stilren look \ud83d\udc95 \ud83d\udc96 En blus som ger en mjuk och elegant k\u00e4nsla i varje steg \u2728","og_url":"https:\/\/stilanddesign.se\/en\/product\/\ud83d\udc97-paisleymonstrad-blus-romantisk-feminin-favorit-\u2728\/","og_site_name":"Stil &amp; Design","article_modified_time":"2026-05-15T08:46:43+00:00","og_image":[{"width":400,"height":400,"url":"https:\/\/stilanddesign.se\/wp-content\/uploads\/2026\/04\/887987999999.jpg","type":"image\/jpeg"}],"twitter_card":"summary_large_image","twitter_misc":{"Est. reading time":"1 minute"},"schema":{"@context":"https:\/\/schema.org","@graph":[{"@type":"WebPage","@id":"https:\/\/stilanddesign.se\/produkt\/%f0%9f%92%97-paisleymonstrad-blus-romantisk-feminin-favorit-%e2%9c%a8\/","url":"https:\/\/stilanddesign.se\/produkt\/%f0%9f%92%97-paisleymonstrad-blus-romantisk-feminin-favorit-%e2%9c%a8\/","name":"\ud83d\udc97 Paisleym\u00f6nstrad blus \u2013 romantisk & feminin favorit \u2728 - Stil &amp; Design","isPartOf":{"@id":"https:\/\/stilanddesign.se\/#website"},"primaryImageOfPage":{"@id":"https:\/\/stilanddesign.se\/produkt\/%f0%9f%92%97-paisleymonstrad-blus-romantisk-feminin-favorit-%e2%9c%a8\/#primaryimage"},"image":{"@id":"https:\/\/stilanddesign.se\/produkt\/%f0%9f%92%97-paisleymonstrad-blus-romantisk-feminin-favorit-%e2%9c%a8\/#primaryimage"},"thumbnailUrl":"https:\/\/stilanddesign.se\/wp-content\/uploads\/2026\/04\/887987999999.jpg","datePublished":"2026-04-13T12:33:48+00:00","dateModified":"2026-05-15T08:46:43+00:00","breadcrumb":{"@id":"https:\/\/stilanddesign.se\/produkt\/%f0%9f%92%97-paisleymonstrad-blus-romantisk-feminin-favorit-%e2%9c%a8\/#breadcrumb"},"inLanguage":"en-US","potentialAction":[{"@type":"ReadAction","target":["https:\/\/stilanddesign.se\/produkt\/%f0%9f%92%97-paisleymonstrad-blus-romantisk-feminin-favorit-%e2%9c%a8\/"]}]},{"@type":"ImageObject","inLanguage":"en-US","@id":"https:\/\/stilanddesign.se\/produkt\/%f0%9f%92%97-paisleymonstrad-blus-romantisk-feminin-favorit-%e2%9c%a8\/#primaryimage","url":"https:\/\/stilanddesign.se\/wp-content\/uploads\/2026\/04\/887987999999.jpg","contentUrl":"https:\/\/stilanddesign.se\/wp-content\/uploads\/2026\/04\/887987999999.jpg","width":400,"height":400,"caption":"Paisleym\u00f6nstrad blus i rosa med volanger framtill"},{"@type":"BreadcrumbList","@id":"https:\/\/stilanddesign.se\/produkt\/%f0%9f%92%97-paisleymonstrad-blus-romantisk-feminin-favorit-%e2%9c%a8\/#breadcrumb","itemListElement":[{"@type":"ListItem","position":1,"name":"Hem","item":"https:\/\/stilanddesign.se\/"},{"@type":"ListItem","position":2,"name":"Butiken","item":"https:\/\/stilanddesign.se\/butiken\/"},{"@type":"ListItem","position":3,"name":"\ud83d\udc97 Paisleym\u00f6nstrad blus \u2013 romantisk &#038; feminin favorit \u2728"}]},{"@type":"WebSite","@id":"https:\/\/stilanddesign.se\/#website","url":"https:\/\/stilanddesign.se\/","name":"Style &amp; Design","description":"For those of us who love fashion!","publisher":{"@id":"https:\/\/stilanddesign.se\/#organization"},"potentialAction":[{"@type":"SearchAction","target":{"@type":"EntryPoint","urlTemplate":"https:\/\/stilanddesign.se\/?s={search_term_string}"},"query-input":{"@type":"PropertyValueSpecification","valueRequired":true,"valueName":"search_term_string"}}],"inLanguage":"en-US"},{"@type":"Organization","@id":"https:\/\/stilanddesign.se\/#organization","name":"Style &amp; Design","url":"https:\/\/stilanddesign.se\/","logo":{"@type":"ImageObject","inLanguage":"en-US","@id":"https:\/\/stilanddesign.se\/#\/schema\/logo\/image\/","url":"https:\/\/stilanddesign.se\/wp-content\/uploads\/2023\/12\/output-onlinepngtools-e1727784413220.png","contentUrl":"https:\/\/stilanddesign.se\/wp-content\/uploads\/2023\/12\/output-onlinepngtools-e1727784413220.png","width":519,"height":135,"caption":"Stil &amp; Design"},"image":{"@id":"https:\/\/stilanddesign.se\/#\/schema\/logo\/image\/"}}]}},"_links":{"self":[{"href":"https:\/\/stilanddesign.se\/en\/wp-json\/wp\/v2\/product\/1073276","targetHints":{"allow":["GET"]}}],"collection":[{"href":"https:\/\/stilanddesign.se\/en\/wp-json\/wp\/v2\/product"}],"about":[{"href":"https:\/\/stilanddesign.se\/en\/wp-json\/wp\/v2\/types\/product"}],"replies":[{"embeddable":true,"href":"https:\/\/stilanddesign.se\/en\/wp-json\/wp\/v2\/comments?post=1073276"}],"wp:featuredmedia":[{"embeddable":true,"href":"https:\/\/stilanddesign.se\/en\/wp-json\/wp\/v2\/media\/1073271"}],"wp:attachment":[{"href":"https:\/\/stilanddesign.se\/en\/wp-json\/wp\/v2\/media?parent=1073276"}],"wp:term":[{"taxonomy":"product_brand","embeddable":true,"href":"https:\/\/stilanddesign.se\/en\/wp-json\/wp\/v2\/product_brand?post=1073276"},{"taxonomy":"product_cat","embeddable":true,"href":"https:\/\/stilanddesign.se\/en\/wp-json\/wp\/v2\/product_cat?post=1073276"},{"taxonomy":"product_tag","embeddable":true,"href":"https:\/\/stilanddesign.se\/en\/wp-json\/wp\/v2\/product_tag?post=1073276"}],"curies":[{"name":"wp","href":"https:\/\/api.w.org\/{rel}","templated":true}]}}