{"id":1073233,"date":"2026-04-13T12:02:00","date_gmt":"2026-04-13T10:02:00","guid":{"rendered":"https:\/\/stilanddesign.se\/?post_type=product&#038;p=1073233"},"modified":"2026-04-15T17:30:16","modified_gmt":"2026-04-15T15:30:16","slug":"%f0%9f%a4%8d-bomullskjol-med-volanger-romantisk-somrig-favorit-%e2%9c%a8","status":"publish","type":"product","link":"https:\/\/stilanddesign.se\/en\/product\/%f0%9f%a4%8d-bomullskjol-med-volanger-romantisk-somrig-favorit-%e2%9c%a8\/","title":{"rendered":"\ud83e\udd0d Cotton skirt with ruffles \u2013 romantic &amp; summery favorite \u2728"},"content":{"rendered":"<p data-start=\"0\" data-end=\"64\">\ud83e\udd0d <strong data-start=\"3\" data-end=\"60\">Bomullskjol med volanger \u2013 romantisk &amp; somrig favorit<\/strong> \u2728<\/p>\n<p data-start=\"66\" data-end=\"281\">\ud83c\udf3f Vit bomull med vacker brodyr<br data-start=\"97\" data-end=\"100\" \/>\ud83c\udf38 Volanger som ger ett mjukt och fint fall<br data-start=\"143\" data-end=\"146\" \/>\ud83d\udc57 Sydd i v\u00e5der f\u00f6r extra r\u00f6relse<br data-start=\"179\" data-end=\"182\" \/>\ud83d\udcab Res\u00e5r i midjan \u2013 bekv\u00e4m passform<br data-start=\"217\" data-end=\"220\" data-is-only-node=\"\" \/>\u2728 Underkjol som sl\u00e4pper strax under kn\u00e4t<br data-start=\"260\" data-end=\"263\" \/>\ud83d\udc4c Rymlig modell<\/p>\n<p data-start=\"283\" data-end=\"303\">\ud83d\udccf L\u00e4ngd: ca 92 cm<\/p>\n<p data-start=\"305\" data-end=\"331\">\ud83e\uddf5 Material: 100% cotton<\/p>\n<p data-start=\"333\" data-end=\"430\">\ud83d\udc5a <strong data-start=\"336\" data-end=\"352\">Styling tips:<\/strong> Matcha med enkel topp eller jeansjacka f\u00f6r en avslappnad och somrig look \ud83d\udc95<\/p>\n<p data-start=\"432\" data-end=\"498\" data-is-last-node=\"\" data-is-only-node=\"\">\ud83d\udc96 En kjol som ger en romantisk k\u00e4nsla \u2013 perfekt hela sommaren \ud83c\udf3f\u2728<\/p>","protected":false},"excerpt":{"rendered":"<p data-start=\"0\" data-end=\"64\">\ud83e\udd0d <strong data-start=\"3\" data-end=\"60\">Bomullskjol med volanger \u2013 romantisk &amp; somrig favorit<\/strong> \u2728<\/p>\n<p data-start=\"66\" data-end=\"281\">\ud83c\udf3f Vit bomull med vacker brodyr<br data-start=\"97\" data-end=\"100\" \/>\ud83c\udf38 Volanger som ger ett mjukt och fint fall<br data-start=\"143\" data-end=\"146\" \/>\ud83d\udc57 Sydd i v\u00e5der f\u00f6r extra r\u00f6relse<br data-start=\"179\" data-end=\"182\" \/>\ud83d\udcab Res\u00e5r i midjan \u2013 bekv\u00e4m passform<br data-start=\"217\" data-end=\"220\" data-is-only-node=\"\" \/>\u2728 Underkjol som sl\u00e4pper strax under kn\u00e4t<br data-start=\"260\" data-end=\"263\" \/>\ud83d\udc4c Rymlig modell<\/p>\n<p data-start=\"283\" data-end=\"303\">\ud83d\udccf L\u00e4ngd: ca 92 cm<\/p>\n<p data-start=\"305\" data-end=\"331\">\ud83e\uddf5 Material: 100% cotton<\/p>\n<p data-start=\"333\" data-end=\"430\">\ud83d\udc5a <strong data-start=\"336\" data-end=\"352\">Styling tips:<\/strong> Matcha med enkel topp eller jeansjacka f\u00f6r en avslappnad och somrig look \ud83d\udc95<\/p>\n<p data-start=\"432\" data-end=\"498\" data-is-last-node=\"\" data-is-only-node=\"\">\ud83d\udc96 En kjol som ger en romantisk k\u00e4nsla \u2013 perfekt hela sommaren \ud83c\udf3f\u2728<\/p>","protected":false},"featured_media":1073231,"comment_status":"closed","ping_status":"closed","template":"","meta":[],"product_brand":[],"product_cat":[221,217],"product_tag":[],"class_list":{"0":"post-1073233","1":"product","2":"type-product","3":"status-publish","4":"has-post-thumbnail","6":"product_cat-kjolar","7":"product_cat-produktnyheter","9":"first","10":"instock","11":"taxable","12":"shipping-taxable","13":"purchasable","14":"product-type-variable"},"yoast_head":"<!-- This site is optimized with the Yoast SEO Premium plugin v27.1 (Yoast SEO v27.4) - https:\/\/yoast.com\/product\/yoast-seo-premium-wordpress\/ -->\n<title>\ud83e\udd0d Bomullskjol med volanger \u2013 romantisk &amp; somrig favorit \u2728 - Stil &amp; Design<\/title>\n<meta name=\"description\" content=\"H\u00e4rliga bl\u00e5jeans med ljusa slitningar\" \/>\n<meta name=\"robots\" content=\"index, follow, max-snippet:-1, max-image-preview:large, max-video-preview:-1\" \/>\n<link rel=\"canonical\" href=\"https:\/\/stilanddesign.se\/en\/product\/\ud83e\udd0d-bomullskjol-med-volanger-romantisk-somrig-favorit-\u2728\/\" \/>\n<meta property=\"og:locale\" content=\"en_US\" \/>\n<meta property=\"og:type\" content=\"article\" \/>\n<meta property=\"og:title\" content=\"\ud83e\udd0d Bomullskjol med volanger \u2013 romantisk &amp; somrig favorit \u2728\" \/>\n<meta property=\"og:description\" content=\"H\u00e4rliga bl\u00e5jeans med ljusa slitningar\" \/>\n<meta property=\"og:url\" content=\"https:\/\/stilanddesign.se\/en\/product\/\ud83e\udd0d-bomullskjol-med-volanger-romantisk-somrig-favorit-\u2728\/\" \/>\n<meta property=\"og:site_name\" content=\"Stil &amp; Design\" \/>\n<meta property=\"article:modified_time\" content=\"2026-04-15T15:30:16+00:00\" \/>\n<meta name=\"twitter:card\" content=\"summary_large_image\" \/>\n<meta name=\"twitter:label1\" content=\"Est. reading time\" \/>\n\t<meta name=\"twitter:data1\" content=\"1 minute\" \/>\n<script type=\"application\/ld+json\" class=\"yoast-schema-graph\">{\"@context\":\"https:\\\/\\\/schema.org\",\"@graph\":[{\"@type\":\"WebPage\",\"@id\":\"https:\\\/\\\/stilanddesign.se\\\/produkt\\\/%f0%9f%a4%8d-bomullskjol-med-volanger-romantisk-somrig-favorit-%e2%9c%a8\\\/\",\"url\":\"https:\\\/\\\/stilanddesign.se\\\/produkt\\\/%f0%9f%a4%8d-bomullskjol-med-volanger-romantisk-somrig-favorit-%e2%9c%a8\\\/\",\"name\":\"\ud83e\udd0d Bomullskjol med volanger \u2013 romantisk & somrig favorit \u2728 - Stil &amp; Design\",\"isPartOf\":{\"@id\":\"https:\\\/\\\/stilanddesign.se\\\/#website\"},\"primaryImageOfPage\":{\"@id\":\"https:\\\/\\\/stilanddesign.se\\\/produkt\\\/%f0%9f%a4%8d-bomullskjol-med-volanger-romantisk-somrig-favorit-%e2%9c%a8\\\/#primaryimage\"},\"image\":{\"@id\":\"https:\\\/\\\/stilanddesign.se\\\/produkt\\\/%f0%9f%a4%8d-bomullskjol-med-volanger-romantisk-somrig-favorit-%e2%9c%a8\\\/#primaryimage\"},\"thumbnailUrl\":\"https:\\\/\\\/stilanddesign.se\\\/wp-content\\\/uploads\\\/2026\\\/04\\\/88978977777777777.jpg\",\"datePublished\":\"2026-04-13T10:02:00+00:00\",\"dateModified\":\"2026-04-15T15:30:16+00:00\",\"description\":\"H\u00e4rliga bl\u00e5jeans med ljusa slitningar\",\"breadcrumb\":{\"@id\":\"https:\\\/\\\/stilanddesign.se\\\/produkt\\\/%f0%9f%a4%8d-bomullskjol-med-volanger-romantisk-somrig-favorit-%e2%9c%a8\\\/#breadcrumb\"},\"inLanguage\":\"en-US\",\"potentialAction\":[{\"@type\":\"ReadAction\",\"target\":[\"https:\\\/\\\/stilanddesign.se\\\/produkt\\\/%f0%9f%a4%8d-bomullskjol-med-volanger-romantisk-somrig-favorit-%e2%9c%a8\\\/\"]}]},{\"@type\":\"ImageObject\",\"inLanguage\":\"en-US\",\"@id\":\"https:\\\/\\\/stilanddesign.se\\\/produkt\\\/%f0%9f%a4%8d-bomullskjol-med-volanger-romantisk-somrig-favorit-%e2%9c%a8\\\/#primaryimage\",\"url\":\"https:\\\/\\\/stilanddesign.se\\\/wp-content\\\/uploads\\\/2026\\\/04\\\/88978977777777777.jpg\",\"contentUrl\":\"https:\\\/\\\/stilanddesign.se\\\/wp-content\\\/uploads\\\/2026\\\/04\\\/88978977777777777.jpg\",\"width\":448,\"height\":640,\"caption\":\"Vit kjol med volanger och brodyr\"},{\"@type\":\"BreadcrumbList\",\"@id\":\"https:\\\/\\\/stilanddesign.se\\\/produkt\\\/%f0%9f%a4%8d-bomullskjol-med-volanger-romantisk-somrig-favorit-%e2%9c%a8\\\/#breadcrumb\",\"itemListElement\":[{\"@type\":\"ListItem\",\"position\":1,\"name\":\"Hem\",\"item\":\"https:\\\/\\\/stilanddesign.se\\\/\"},{\"@type\":\"ListItem\",\"position\":2,\"name\":\"Butiken\",\"item\":\"https:\\\/\\\/stilanddesign.se\\\/butiken\\\/\"},{\"@type\":\"ListItem\",\"position\":3,\"name\":\"\ud83e\udd0d Bomullskjol med volanger \u2013 romantisk &#038; somrig favorit \u2728\"}]},{\"@type\":\"WebSite\",\"@id\":\"https:\\\/\\\/stilanddesign.se\\\/#website\",\"url\":\"https:\\\/\\\/stilanddesign.se\\\/\",\"name\":\"Stil &amp; Design\",\"description\":\"F\u00f6r oss som \u00e4lskar mode!\",\"publisher\":{\"@id\":\"https:\\\/\\\/stilanddesign.se\\\/#organization\"},\"potentialAction\":[{\"@type\":\"SearchAction\",\"target\":{\"@type\":\"EntryPoint\",\"urlTemplate\":\"https:\\\/\\\/stilanddesign.se\\\/?s={search_term_string}\"},\"query-input\":{\"@type\":\"PropertyValueSpecification\",\"valueRequired\":true,\"valueName\":\"search_term_string\"}}],\"inLanguage\":\"en-US\"},{\"@type\":\"Organization\",\"@id\":\"https:\\\/\\\/stilanddesign.se\\\/#organization\",\"name\":\"Stil &amp; Design\",\"url\":\"https:\\\/\\\/stilanddesign.se\\\/\",\"logo\":{\"@type\":\"ImageObject\",\"inLanguage\":\"en-US\",\"@id\":\"https:\\\/\\\/stilanddesign.se\\\/#\\\/schema\\\/logo\\\/image\\\/\",\"url\":\"https:\\\/\\\/stilanddesign.se\\\/wp-content\\\/uploads\\\/2023\\\/12\\\/output-onlinepngtools-e1727784413220.png\",\"contentUrl\":\"https:\\\/\\\/stilanddesign.se\\\/wp-content\\\/uploads\\\/2023\\\/12\\\/output-onlinepngtools-e1727784413220.png\",\"width\":519,\"height\":135,\"caption\":\"Stil &amp; Design\"},\"image\":{\"@id\":\"https:\\\/\\\/stilanddesign.se\\\/#\\\/schema\\\/logo\\\/image\\\/\"}}]}<\/script>\n<!-- \/ Yoast SEO Premium plugin. -->","yoast_head_json":{"title":"\ud83e\udd0d Bomullskjol med volanger \u2013 romantisk & somrig favorit \u2728 - Stil &amp; Design","description":"H\u00e4rliga bl\u00e5jeans med ljusa slitningar","robots":{"index":"index","follow":"follow","max-snippet":"max-snippet:-1","max-image-preview":"max-image-preview:large","max-video-preview":"max-video-preview:-1"},"canonical":"https:\/\/stilanddesign.se\/en\/product\/\ud83e\udd0d-bomullskjol-med-volanger-romantisk-somrig-favorit-\u2728\/","og_locale":"en_US","og_type":"article","og_title":"\ud83e\udd0d Bomullskjol med volanger \u2013 romantisk & somrig favorit \u2728","og_description":"H\u00e4rliga bl\u00e5jeans med ljusa slitningar","og_url":"https:\/\/stilanddesign.se\/en\/product\/\ud83e\udd0d-bomullskjol-med-volanger-romantisk-somrig-favorit-\u2728\/","og_site_name":"Stil &amp; Design","article_modified_time":"2026-04-15T15:30:16+00:00","twitter_card":"summary_large_image","twitter_misc":{"Est. reading time":"1 minute"},"schema":{"@context":"https:\/\/schema.org","@graph":[{"@type":"WebPage","@id":"https:\/\/stilanddesign.se\/produkt\/%f0%9f%a4%8d-bomullskjol-med-volanger-romantisk-somrig-favorit-%e2%9c%a8\/","url":"https:\/\/stilanddesign.se\/produkt\/%f0%9f%a4%8d-bomullskjol-med-volanger-romantisk-somrig-favorit-%e2%9c%a8\/","name":"\ud83e\udd0d Bomullskjol med volanger \u2013 romantisk & somrig favorit \u2728 - Stil &amp; Design","isPartOf":{"@id":"https:\/\/stilanddesign.se\/#website"},"primaryImageOfPage":{"@id":"https:\/\/stilanddesign.se\/produkt\/%f0%9f%a4%8d-bomullskjol-med-volanger-romantisk-somrig-favorit-%e2%9c%a8\/#primaryimage"},"image":{"@id":"https:\/\/stilanddesign.se\/produkt\/%f0%9f%a4%8d-bomullskjol-med-volanger-romantisk-somrig-favorit-%e2%9c%a8\/#primaryimage"},"thumbnailUrl":"https:\/\/stilanddesign.se\/wp-content\/uploads\/2026\/04\/88978977777777777.jpg","datePublished":"2026-04-13T10:02:00+00:00","dateModified":"2026-04-15T15:30:16+00:00","description":"H\u00e4rliga bl\u00e5jeans med ljusa slitningar","breadcrumb":{"@id":"https:\/\/stilanddesign.se\/produkt\/%f0%9f%a4%8d-bomullskjol-med-volanger-romantisk-somrig-favorit-%e2%9c%a8\/#breadcrumb"},"inLanguage":"en-US","potentialAction":[{"@type":"ReadAction","target":["https:\/\/stilanddesign.se\/produkt\/%f0%9f%a4%8d-bomullskjol-med-volanger-romantisk-somrig-favorit-%e2%9c%a8\/"]}]},{"@type":"ImageObject","inLanguage":"en-US","@id":"https:\/\/stilanddesign.se\/produkt\/%f0%9f%a4%8d-bomullskjol-med-volanger-romantisk-somrig-favorit-%e2%9c%a8\/#primaryimage","url":"https:\/\/stilanddesign.se\/wp-content\/uploads\/2026\/04\/88978977777777777.jpg","contentUrl":"https:\/\/stilanddesign.se\/wp-content\/uploads\/2026\/04\/88978977777777777.jpg","width":448,"height":640,"caption":"Vit kjol med volanger och brodyr"},{"@type":"BreadcrumbList","@id":"https:\/\/stilanddesign.se\/produkt\/%f0%9f%a4%8d-bomullskjol-med-volanger-romantisk-somrig-favorit-%e2%9c%a8\/#breadcrumb","itemListElement":[{"@type":"ListItem","position":1,"name":"Hem","item":"https:\/\/stilanddesign.se\/"},{"@type":"ListItem","position":2,"name":"Butiken","item":"https:\/\/stilanddesign.se\/butiken\/"},{"@type":"ListItem","position":3,"name":"\ud83e\udd0d Bomullskjol med volanger \u2013 romantisk &#038; somrig favorit \u2728"}]},{"@type":"WebSite","@id":"https:\/\/stilanddesign.se\/#website","url":"https:\/\/stilanddesign.se\/","name":"Style &amp; Design","description":"For those of us who love fashion!","publisher":{"@id":"https:\/\/stilanddesign.se\/#organization"},"potentialAction":[{"@type":"SearchAction","target":{"@type":"EntryPoint","urlTemplate":"https:\/\/stilanddesign.se\/?s={search_term_string}"},"query-input":{"@type":"PropertyValueSpecification","valueRequired":true,"valueName":"search_term_string"}}],"inLanguage":"en-US"},{"@type":"Organization","@id":"https:\/\/stilanddesign.se\/#organization","name":"Style &amp; Design","url":"https:\/\/stilanddesign.se\/","logo":{"@type":"ImageObject","inLanguage":"en-US","@id":"https:\/\/stilanddesign.se\/#\/schema\/logo\/image\/","url":"https:\/\/stilanddesign.se\/wp-content\/uploads\/2023\/12\/output-onlinepngtools-e1727784413220.png","contentUrl":"https:\/\/stilanddesign.se\/wp-content\/uploads\/2023\/12\/output-onlinepngtools-e1727784413220.png","width":519,"height":135,"caption":"Stil &amp; Design"},"image":{"@id":"https:\/\/stilanddesign.se\/#\/schema\/logo\/image\/"}}]}},"_links":{"self":[{"href":"https:\/\/stilanddesign.se\/en\/wp-json\/wp\/v2\/product\/1073233","targetHints":{"allow":["GET"]}}],"collection":[{"href":"https:\/\/stilanddesign.se\/en\/wp-json\/wp\/v2\/product"}],"about":[{"href":"https:\/\/stilanddesign.se\/en\/wp-json\/wp\/v2\/types\/product"}],"replies":[{"embeddable":true,"href":"https:\/\/stilanddesign.se\/en\/wp-json\/wp\/v2\/comments?post=1073233"}],"wp:featuredmedia":[{"embeddable":true,"href":"https:\/\/stilanddesign.se\/en\/wp-json\/wp\/v2\/media\/1073231"}],"wp:attachment":[{"href":"https:\/\/stilanddesign.se\/en\/wp-json\/wp\/v2\/media?parent=1073233"}],"wp:term":[{"taxonomy":"product_brand","embeddable":true,"href":"https:\/\/stilanddesign.se\/en\/wp-json\/wp\/v2\/product_brand?post=1073233"},{"taxonomy":"product_cat","embeddable":true,"href":"https:\/\/stilanddesign.se\/en\/wp-json\/wp\/v2\/product_cat?post=1073233"},{"taxonomy":"product_tag","embeddable":true,"href":"https:\/\/stilanddesign.se\/en\/wp-json\/wp\/v2\/product_tag?post=1073233"}],"curies":[{"name":"wp","href":"https:\/\/api.w.org\/{rel}","templated":true}]}}