{"id":1073055,"date":"2026-05-12T10:01:53","date_gmt":"2026-05-12T08:01:53","guid":{"rendered":"https:\/\/stilanddesign.se\/?post_type=product&#038;p=1073055"},"modified":"2026-05-12T15:28:08","modified_gmt":"2026-05-12T13:28:08","slug":"%f0%9f%92%99-blamonstrad-blus-med-volanger-feminin-elegant-%e2%9c%a8","status":"publish","type":"product","link":"https:\/\/stilanddesign.se\/en\/product\/%f0%9f%92%99-blamonstrad-blus-med-volanger-feminin-elegant-%e2%9c%a8\/","title":{"rendered":"\ud83d\udc99 Blue patterned blouse with ruffles \u2013 feminine &amp; elegant \u2728"},"content":{"rendered":"<section class=\"text-token-text-primary w-full focus:outline-none [--shadow-height:45px] has-data-writing-block:pointer-events-none has-data-writing-block:-mt-(--shadow-height) has-data-writing-block:pt-(--shadow-height) [&amp;:has([data-writing-block])&gt;*]:pointer-events-auto scroll-mt-(--header-height)\" dir=\"auto\" data-turn-id=\"e6c21af4-58d6-4ca2-9813-d5de3a343f2c\" data-testid=\"conversation-turn-319\" data-scroll-anchor=\"false\" data-turn=\"user\"><\/section>\n<section class=\"text-token-text-primary w-full focus:outline-none [--shadow-height:45px] has-data-writing-block:pointer-events-none has-data-writing-block:-mt-(--shadow-height) has-data-writing-block:pt-(--shadow-height) [&amp;:has([data-writing-block])&gt;*]:pointer-events-auto scroll-mt-[calc(var(--header-height)+min(200px,max(70px,20svh)))]\" dir=\"auto\" data-turn-id=\"request-69c67431-7e34-8333-9a36-98c4a980f78b-10\" data-testid=\"conversation-turn-320\" data-scroll-anchor=\"true\" data-turn=\"assistant\">\n<div class=\"text-base my-auto mx-auto pb-10 [--thread-content-margin:var(--thread-content-margin-xs,calc(var(--spacing)*4))] @w-sm\/main:[--thread-content-margin:var(--thread-content-margin-sm,calc(var(--spacing)*6))] @w-lg\/main:[--thread-content-margin:var(--thread-content-margin-lg,calc(var(--spacing)*16))] px-(--thread-content-margin)\">\n<div class=\"[--thread-content-max-width:40rem] @w-lg\/main:[--thread-content-max-width:48rem] mx-auto max-w-(--thread-content-max-width) flex-1 group\/turn-messages focus-visible:outline-hidden relative flex w-full min-w-0 flex-col agent-turn\">\n<div class=\"flex max-w-full flex-col gap-4 grow\">\n<div class=\"min-h-8 text-message relative flex w-full flex-col items-end gap-2 text-start break-words whitespace-normal outline-none keyboard-focused:focus-ring [.text-message+&amp;]:mt-1\" dir=\"auto\" tabindex=\"0\" data-message-author-role=\"assistant\" data-message-id=\"45409098-201a-4ab4-9501-85a213065c03\" data-message-model-slug=\"gpt-5-3\" data-turn-start-message=\"true\">\n<div class=\"flex w-full flex-col gap-1 empty:hidden\">\n<div class=\"markdown prose dark:prose-invert w-full wrap-break-word light markdown-new-styling\">\n<p data-start=\"0\" data-end=\"60\">\ud83d\udc99 <strong data-start=\"3\" data-end=\"56\">Bl\u00e5m\u00f6nstrad blus med volanger \u2013 feminin &amp; elegant<\/strong> \u2728<\/p>\n<p data-start=\"62\" data-end=\"267\">\ud83c\udf3f M\u00f6nster i bl\u00e5 toner med inslag av beige &amp; ljusbrunt<br data-start=\"116\" data-end=\"119\" \/>\ud83d\udcab V-ringning med vackra volanger framtill<br data-start=\"161\" data-end=\"164\" \/>\ud83d\udc5a Kn\u00e4pps hela v\u00e4gen med knappar<br data-start=\"196\" data-end=\"199\" \/>\ud83c\udf38 L\u00e5ng \u00e4rm med tunn res\u00e5r i \u00e4rmslut<br data-start=\"235\" data-end=\"238\" \/>\u2728 L\u00e4tt och f\u00f6ljsam kvalitet<\/p>\n<p data-start=\"269\" data-end=\"290\">\ud83d\udccf Normal i storlek<\/p>\n<p data-start=\"292\" data-end=\"355\">\ud83e\uddf5 Material: 87% tencel (lyocell), 13% nylon<br data-start=\"336\" data-end=\"339\" \/>\ud83e\udee7 Tv\u00e4tt: 30\u00b0C<\/p>\n<p data-start=\"357\" data-end=\"426\" data-is-last-node=\"\" data-is-only-node=\"\">\ud83d\udc96 En romantisk blus som passar lika fint till vardag som till fest \u2728<\/p>\n<\/div>\n<\/div>\n<\/div>\n<\/div>\n<\/div>\n<\/div>\n<\/section>\n<p>&nbsp;<\/p>\n","protected":false},"excerpt":{"rendered":"<section class=\"text-token-text-primary w-full focus:outline-none [--shadow-height:45px] has-data-writing-block:pointer-events-none has-data-writing-block:-mt-(--shadow-height) has-data-writing-block:pt-(--shadow-height) [&amp;:has([data-writing-block])&gt;*]:pointer-events-auto scroll-mt-(--header-height)\" dir=\"auto\" data-turn-id=\"e6c21af4-58d6-4ca2-9813-d5de3a343f2c\" data-testid=\"conversation-turn-319\" data-scroll-anchor=\"false\" data-turn=\"user\"><\/section>\n<section class=\"text-token-text-primary w-full focus:outline-none [--shadow-height:45px] has-data-writing-block:pointer-events-none has-data-writing-block:-mt-(--shadow-height) has-data-writing-block:pt-(--shadow-height) [&amp;:has([data-writing-block])&gt;*]:pointer-events-auto scroll-mt-[calc(var(--header-height)+min(200px,max(70px,20svh)))]\" dir=\"auto\" data-turn-id=\"request-69c67431-7e34-8333-9a36-98c4a980f78b-10\" data-testid=\"conversation-turn-320\" data-scroll-anchor=\"true\" data-turn=\"assistant\">\n<div class=\"text-base my-auto mx-auto pb-10 [--thread-content-margin:var(--thread-content-margin-xs,calc(var(--spacing)*4))] @w-sm\/main:[--thread-content-margin:var(--thread-content-margin-sm,calc(var(--spacing)*6))] @w-lg\/main:[--thread-content-margin:var(--thread-content-margin-lg,calc(var(--spacing)*16))] px-(--thread-content-margin)\">\n<div class=\"[--thread-content-max-width:40rem] @w-lg\/main:[--thread-content-max-width:48rem] mx-auto max-w-(--thread-content-max-width) flex-1 group\/turn-messages focus-visible:outline-hidden relative flex w-full min-w-0 flex-col agent-turn\">\n<div class=\"flex max-w-full flex-col gap-4 grow\">\n<div class=\"min-h-8 text-message relative flex w-full flex-col items-end gap-2 text-start break-words whitespace-normal outline-none keyboard-focused:focus-ring [.text-message+&amp;]:mt-1\" dir=\"auto\" tabindex=\"0\" data-message-author-role=\"assistant\" data-message-id=\"45409098-201a-4ab4-9501-85a213065c03\" data-message-model-slug=\"gpt-5-3\" data-turn-start-message=\"true\">\n<div class=\"flex w-full flex-col gap-1 empty:hidden\">\n<div class=\"markdown prose dark:prose-invert w-full wrap-break-word light markdown-new-styling\">\n<p data-start=\"0\" data-end=\"60\">\ud83d\udc99 <strong data-start=\"3\" data-end=\"56\">Bl\u00e5m\u00f6nstrad blus med volanger \u2013 feminin &amp; elegant<\/strong> \u2728<\/p>\n<p data-start=\"62\" data-end=\"267\">\ud83c\udf3f M\u00f6nster i bl\u00e5 toner med inslag av beige &amp; ljusbrunt<br data-start=\"116\" data-end=\"119\" \/>\ud83d\udcab V-ringning med vackra volanger framtill<br data-start=\"161\" data-end=\"164\" \/>\ud83d\udc5a Kn\u00e4pps hela v\u00e4gen med knappar<br data-start=\"196\" data-end=\"199\" \/>\ud83c\udf38 L\u00e5ng \u00e4rm med tunn res\u00e5r i \u00e4rmslut<br data-start=\"235\" data-end=\"238\" \/>\u2728 L\u00e4tt och f\u00f6ljsam kvalitet<\/p>\n<p data-start=\"269\" data-end=\"290\">\ud83d\udccf Normal i storlek<\/p>\n<p data-start=\"292\" data-end=\"355\">\ud83e\uddf5 Material: 87% tencel (lyocell), 13% nylon<br data-start=\"336\" data-end=\"339\" \/>\ud83e\udee7 Tv\u00e4tt: 30\u00b0C<\/p>\n<p data-start=\"357\" data-end=\"426\" data-is-last-node=\"\" data-is-only-node=\"\">\ud83d\udc96 En romantisk blus som passar lika fint till vardag som till fest \u2728<\/p>\n<\/div>\n<\/div>\n<\/div>\n<\/div>\n<\/div>\n<\/div>\n<\/section>\n","protected":false},"featured_media":1073054,"comment_status":"closed","ping_status":"closed","template":"","meta":[],"product_brand":[],"product_cat":[209],"product_tag":[],"class_list":{"0":"post-1073055","1":"product","2":"type-product","3":"status-publish","4":"has-post-thumbnail","6":"product_cat-reaprodukter","8":"first","9":"instock","10":"sale","11":"taxable","12":"shipping-taxable","13":"purchasable","14":"product-type-variable"},"yoast_head":"<!-- This site is optimized with the Yoast SEO Premium plugin v27.4 (Yoast SEO v27.5) - https:\/\/yoast.com\/product\/yoast-seo-premium-wordpress\/ -->\n<title>\ud83d\udc99 Bl\u00e5m\u00f6nstrad blus med volanger \u2013 feminin &amp; elegant \u2728 - Stil &amp; Design<\/title>\n<meta name=\"robots\" content=\"index, follow, max-snippet:-1, max-image-preview:large, max-video-preview:-1\" \/>\n<link rel=\"canonical\" href=\"https:\/\/stilanddesign.se\/en\/product\/\ud83d\udc99-blamonstrad-blus-med-volanger-feminin-elegant-\u2728\/\" \/>\n<meta property=\"og:locale\" content=\"en_US\" \/>\n<meta property=\"og:type\" content=\"article\" \/>\n<meta property=\"og:title\" content=\"\ud83d\udc99 Bl\u00e5m\u00f6nstrad blus med volanger \u2013 feminin &amp; elegant \u2728\" \/>\n<meta property=\"og:description\" content=\"\ud83d\udc99 Bl\u00e5m\u00f6nstrad blus med volanger \u2013 feminin &amp; elegant \u2728 \ud83c\udf3f M\u00f6nster i bl\u00e5 toner med inslag av beige &amp; ljusbrunt\ud83d\udcab V-ringning med vackra volanger framtill\ud83d\udc5a Kn\u00e4pps hela v\u00e4gen med knappar\ud83c\udf38 L\u00e5ng \u00e4rm med tunn res\u00e5r i \u00e4rmslut\u2728 L\u00e4tt och f\u00f6ljsam kvalitet \ud83d\udccf Normal i storlek \ud83e\uddf5 Material: 87% tencel (lyocell), 13% nylon\ud83e\udee7 Tv\u00e4tt: 30\u00b0C \ud83d\udc96 En romantisk blus som passar lika fint till vardag som till fest \u2728\" \/>\n<meta property=\"og:url\" content=\"https:\/\/stilanddesign.se\/en\/product\/\ud83d\udc99-blamonstrad-blus-med-volanger-feminin-elegant-\u2728\/\" \/>\n<meta property=\"og:site_name\" content=\"Stil &amp; Design\" \/>\n<meta property=\"article:modified_time\" content=\"2026-05-12T13:28:08+00:00\" \/>\n<meta property=\"og:image\" content=\"https:\/\/stilanddesign.se\/wp-content\/uploads\/2026\/04\/8798979999999999999.png\" \/>\n\t<meta property=\"og:image:width\" content=\"427\" \/>\n\t<meta property=\"og:image:height\" content=\"640\" \/>\n\t<meta property=\"og:image:type\" content=\"image\/png\" \/>\n<meta name=\"twitter:card\" content=\"summary_large_image\" \/>\n<meta name=\"twitter:label1\" content=\"Est. reading time\" \/>\n\t<meta name=\"twitter:data1\" content=\"1 minute\" \/>\n<script type=\"application\/ld+json\" class=\"yoast-schema-graph\">{\"@context\":\"https:\\\/\\\/schema.org\",\"@graph\":[{\"@type\":\"WebPage\",\"@id\":\"https:\\\/\\\/stilanddesign.se\\\/produkt\\\/%f0%9f%92%99-blamonstrad-blus-med-volanger-feminin-elegant-%e2%9c%a8\\\/\",\"url\":\"https:\\\/\\\/stilanddesign.se\\\/produkt\\\/%f0%9f%92%99-blamonstrad-blus-med-volanger-feminin-elegant-%e2%9c%a8\\\/\",\"name\":\"\ud83d\udc99 Bl\u00e5m\u00f6nstrad blus med volanger \u2013 feminin & elegant \u2728 - Stil &amp; Design\",\"isPartOf\":{\"@id\":\"https:\\\/\\\/stilanddesign.se\\\/#website\"},\"primaryImageOfPage\":{\"@id\":\"https:\\\/\\\/stilanddesign.se\\\/produkt\\\/%f0%9f%92%99-blamonstrad-blus-med-volanger-feminin-elegant-%e2%9c%a8\\\/#primaryimage\"},\"image\":{\"@id\":\"https:\\\/\\\/stilanddesign.se\\\/produkt\\\/%f0%9f%92%99-blamonstrad-blus-med-volanger-feminin-elegant-%e2%9c%a8\\\/#primaryimage\"},\"thumbnailUrl\":\"https:\\\/\\\/stilanddesign.se\\\/wp-content\\\/uploads\\\/2026\\\/04\\\/8798979999999999999.png\",\"datePublished\":\"2026-05-12T08:01:53+00:00\",\"dateModified\":\"2026-05-12T13:28:08+00:00\",\"breadcrumb\":{\"@id\":\"https:\\\/\\\/stilanddesign.se\\\/produkt\\\/%f0%9f%92%99-blamonstrad-blus-med-volanger-feminin-elegant-%e2%9c%a8\\\/#breadcrumb\"},\"inLanguage\":\"en-US\",\"potentialAction\":[{\"@type\":\"ReadAction\",\"target\":[\"https:\\\/\\\/stilanddesign.se\\\/produkt\\\/%f0%9f%92%99-blamonstrad-blus-med-volanger-feminin-elegant-%e2%9c%a8\\\/\"]}]},{\"@type\":\"ImageObject\",\"inLanguage\":\"en-US\",\"@id\":\"https:\\\/\\\/stilanddesign.se\\\/produkt\\\/%f0%9f%92%99-blamonstrad-blus-med-volanger-feminin-elegant-%e2%9c%a8\\\/#primaryimage\",\"url\":\"https:\\\/\\\/stilanddesign.se\\\/wp-content\\\/uploads\\\/2026\\\/04\\\/8798979999999999999.png\",\"contentUrl\":\"https:\\\/\\\/stilanddesign.se\\\/wp-content\\\/uploads\\\/2026\\\/04\\\/8798979999999999999.png\",\"width\":427,\"height\":640,\"caption\":\"S\u00f6t bl\u00e5m\u00f6nstrad blus\"},{\"@type\":\"BreadcrumbList\",\"@id\":\"https:\\\/\\\/stilanddesign.se\\\/produkt\\\/%f0%9f%92%99-blamonstrad-blus-med-volanger-feminin-elegant-%e2%9c%a8\\\/#breadcrumb\",\"itemListElement\":[{\"@type\":\"ListItem\",\"position\":1,\"name\":\"Hem\",\"item\":\"https:\\\/\\\/stilanddesign.se\\\/\"},{\"@type\":\"ListItem\",\"position\":2,\"name\":\"Butiken\",\"item\":\"https:\\\/\\\/stilanddesign.se\\\/butiken\\\/\"},{\"@type\":\"ListItem\",\"position\":3,\"name\":\"\ud83d\udc99 Bl\u00e5m\u00f6nstrad blus med volanger \u2013 feminin &#038; elegant \u2728\"}]},{\"@type\":\"WebSite\",\"@id\":\"https:\\\/\\\/stilanddesign.se\\\/#website\",\"url\":\"https:\\\/\\\/stilanddesign.se\\\/\",\"name\":\"Stil &amp; Design\",\"description\":\"F\u00f6r oss som \u00e4lskar mode!\",\"publisher\":{\"@id\":\"https:\\\/\\\/stilanddesign.se\\\/#organization\"},\"potentialAction\":[{\"@type\":\"SearchAction\",\"target\":{\"@type\":\"EntryPoint\",\"urlTemplate\":\"https:\\\/\\\/stilanddesign.se\\\/?s={search_term_string}\"},\"query-input\":{\"@type\":\"PropertyValueSpecification\",\"valueRequired\":true,\"valueName\":\"search_term_string\"}}],\"inLanguage\":\"en-US\"},{\"@type\":\"Organization\",\"@id\":\"https:\\\/\\\/stilanddesign.se\\\/#organization\",\"name\":\"Stil &amp; Design\",\"url\":\"https:\\\/\\\/stilanddesign.se\\\/\",\"logo\":{\"@type\":\"ImageObject\",\"inLanguage\":\"en-US\",\"@id\":\"https:\\\/\\\/stilanddesign.se\\\/#\\\/schema\\\/logo\\\/image\\\/\",\"url\":\"https:\\\/\\\/stilanddesign.se\\\/wp-content\\\/uploads\\\/2023\\\/12\\\/output-onlinepngtools-e1727784413220.png\",\"contentUrl\":\"https:\\\/\\\/stilanddesign.se\\\/wp-content\\\/uploads\\\/2023\\\/12\\\/output-onlinepngtools-e1727784413220.png\",\"width\":519,\"height\":135,\"caption\":\"Stil &amp; Design\"},\"image\":{\"@id\":\"https:\\\/\\\/stilanddesign.se\\\/#\\\/schema\\\/logo\\\/image\\\/\"}}]}<\/script>\n<!-- \/ Yoast SEO Premium plugin. -->","yoast_head_json":{"title":"\ud83d\udc99 Bl\u00e5m\u00f6nstrad blus med volanger \u2013 feminin & elegant \u2728 - Stil &amp; Design","robots":{"index":"index","follow":"follow","max-snippet":"max-snippet:-1","max-image-preview":"max-image-preview:large","max-video-preview":"max-video-preview:-1"},"canonical":"https:\/\/stilanddesign.se\/en\/product\/\ud83d\udc99-blamonstrad-blus-med-volanger-feminin-elegant-\u2728\/","og_locale":"en_US","og_type":"article","og_title":"\ud83d\udc99 Bl\u00e5m\u00f6nstrad blus med volanger \u2013 feminin & elegant \u2728","og_description":"\ud83d\udc99 Bl\u00e5m\u00f6nstrad blus med volanger \u2013 feminin &amp; elegant \u2728 \ud83c\udf3f M\u00f6nster i bl\u00e5 toner med inslag av beige &amp; ljusbrunt\ud83d\udcab V-ringning med vackra volanger framtill\ud83d\udc5a Kn\u00e4pps hela v\u00e4gen med knappar\ud83c\udf38 L\u00e5ng \u00e4rm med tunn res\u00e5r i \u00e4rmslut\u2728 L\u00e4tt och f\u00f6ljsam kvalitet \ud83d\udccf Normal i storlek \ud83e\uddf5 Material: 87% tencel (lyocell), 13% nylon\ud83e\udee7 Tv\u00e4tt: 30\u00b0C \ud83d\udc96 En romantisk blus som passar lika fint till vardag som till fest \u2728","og_url":"https:\/\/stilanddesign.se\/en\/product\/\ud83d\udc99-blamonstrad-blus-med-volanger-feminin-elegant-\u2728\/","og_site_name":"Stil &amp; Design","article_modified_time":"2026-05-12T13:28:08+00:00","og_image":[{"width":427,"height":640,"url":"https:\/\/stilanddesign.se\/wp-content\/uploads\/2026\/04\/8798979999999999999.png","type":"image\/png"}],"twitter_card":"summary_large_image","twitter_misc":{"Est. reading time":"1 minute"},"schema":{"@context":"https:\/\/schema.org","@graph":[{"@type":"WebPage","@id":"https:\/\/stilanddesign.se\/produkt\/%f0%9f%92%99-blamonstrad-blus-med-volanger-feminin-elegant-%e2%9c%a8\/","url":"https:\/\/stilanddesign.se\/produkt\/%f0%9f%92%99-blamonstrad-blus-med-volanger-feminin-elegant-%e2%9c%a8\/","name":"\ud83d\udc99 Bl\u00e5m\u00f6nstrad blus med volanger \u2013 feminin & elegant \u2728 - Stil &amp; Design","isPartOf":{"@id":"https:\/\/stilanddesign.se\/#website"},"primaryImageOfPage":{"@id":"https:\/\/stilanddesign.se\/produkt\/%f0%9f%92%99-blamonstrad-blus-med-volanger-feminin-elegant-%e2%9c%a8\/#primaryimage"},"image":{"@id":"https:\/\/stilanddesign.se\/produkt\/%f0%9f%92%99-blamonstrad-blus-med-volanger-feminin-elegant-%e2%9c%a8\/#primaryimage"},"thumbnailUrl":"https:\/\/stilanddesign.se\/wp-content\/uploads\/2026\/04\/8798979999999999999.png","datePublished":"2026-05-12T08:01:53+00:00","dateModified":"2026-05-12T13:28:08+00:00","breadcrumb":{"@id":"https:\/\/stilanddesign.se\/produkt\/%f0%9f%92%99-blamonstrad-blus-med-volanger-feminin-elegant-%e2%9c%a8\/#breadcrumb"},"inLanguage":"en-US","potentialAction":[{"@type":"ReadAction","target":["https:\/\/stilanddesign.se\/produkt\/%f0%9f%92%99-blamonstrad-blus-med-volanger-feminin-elegant-%e2%9c%a8\/"]}]},{"@type":"ImageObject","inLanguage":"en-US","@id":"https:\/\/stilanddesign.se\/produkt\/%f0%9f%92%99-blamonstrad-blus-med-volanger-feminin-elegant-%e2%9c%a8\/#primaryimage","url":"https:\/\/stilanddesign.se\/wp-content\/uploads\/2026\/04\/8798979999999999999.png","contentUrl":"https:\/\/stilanddesign.se\/wp-content\/uploads\/2026\/04\/8798979999999999999.png","width":427,"height":640,"caption":"S\u00f6t bl\u00e5m\u00f6nstrad blus"},{"@type":"BreadcrumbList","@id":"https:\/\/stilanddesign.se\/produkt\/%f0%9f%92%99-blamonstrad-blus-med-volanger-feminin-elegant-%e2%9c%a8\/#breadcrumb","itemListElement":[{"@type":"ListItem","position":1,"name":"Hem","item":"https:\/\/stilanddesign.se\/"},{"@type":"ListItem","position":2,"name":"Butiken","item":"https:\/\/stilanddesign.se\/butiken\/"},{"@type":"ListItem","position":3,"name":"\ud83d\udc99 Bl\u00e5m\u00f6nstrad blus med volanger \u2013 feminin &#038; elegant \u2728"}]},{"@type":"WebSite","@id":"https:\/\/stilanddesign.se\/#website","url":"https:\/\/stilanddesign.se\/","name":"Style &amp; Design","description":"For those of us who love fashion!","publisher":{"@id":"https:\/\/stilanddesign.se\/#organization"},"potentialAction":[{"@type":"SearchAction","target":{"@type":"EntryPoint","urlTemplate":"https:\/\/stilanddesign.se\/?s={search_term_string}"},"query-input":{"@type":"PropertyValueSpecification","valueRequired":true,"valueName":"search_term_string"}}],"inLanguage":"en-US"},{"@type":"Organization","@id":"https:\/\/stilanddesign.se\/#organization","name":"Style &amp; Design","url":"https:\/\/stilanddesign.se\/","logo":{"@type":"ImageObject","inLanguage":"en-US","@id":"https:\/\/stilanddesign.se\/#\/schema\/logo\/image\/","url":"https:\/\/stilanddesign.se\/wp-content\/uploads\/2023\/12\/output-onlinepngtools-e1727784413220.png","contentUrl":"https:\/\/stilanddesign.se\/wp-content\/uploads\/2023\/12\/output-onlinepngtools-e1727784413220.png","width":519,"height":135,"caption":"Stil &amp; Design"},"image":{"@id":"https:\/\/stilanddesign.se\/#\/schema\/logo\/image\/"}}]}},"_links":{"self":[{"href":"https:\/\/stilanddesign.se\/en\/wp-json\/wp\/v2\/product\/1073055","targetHints":{"allow":["GET"]}}],"collection":[{"href":"https:\/\/stilanddesign.se\/en\/wp-json\/wp\/v2\/product"}],"about":[{"href":"https:\/\/stilanddesign.se\/en\/wp-json\/wp\/v2\/types\/product"}],"replies":[{"embeddable":true,"href":"https:\/\/stilanddesign.se\/en\/wp-json\/wp\/v2\/comments?post=1073055"}],"wp:featuredmedia":[{"embeddable":true,"href":"https:\/\/stilanddesign.se\/en\/wp-json\/wp\/v2\/media\/1073054"}],"wp:attachment":[{"href":"https:\/\/stilanddesign.se\/en\/wp-json\/wp\/v2\/media?parent=1073055"}],"wp:term":[{"taxonomy":"product_brand","embeddable":true,"href":"https:\/\/stilanddesign.se\/en\/wp-json\/wp\/v2\/product_brand?post=1073055"},{"taxonomy":"product_cat","embeddable":true,"href":"https:\/\/stilanddesign.se\/en\/wp-json\/wp\/v2\/product_cat?post=1073055"},{"taxonomy":"product_tag","embeddable":true,"href":"https:\/\/stilanddesign.se\/en\/wp-json\/wp\/v2\/product_tag?post=1073055"}],"curies":[{"name":"wp","href":"https:\/\/api.w.org\/{rel}","templated":true}]}}