{"id":1072988,"date":"2026-04-24T10:00:27","date_gmt":"2026-04-24T08:00:27","guid":{"rendered":"https:\/\/stilanddesign.se\/?post_type=product&#038;p=1072988"},"modified":"2026-04-24T10:07:10","modified_gmt":"2026-04-24T08:07:10","slug":"coola-jeans-med-hjartan","status":"publish","type":"product","link":"https:\/\/stilanddesign.se\/en\/product\/coola-jeans-med-hjartan\/","title":{"rendered":"Cool Jeans with hearts"},"content":{"rendered":"<p><strong>Cool Jeans\u00a0<\/strong><\/p>\n<p>Jeans with hearts Fastens with button and zipper<\/p>\n<p>Front pockets and two back pockets<\/p>\n<p>Length from waist down approx. 97cm, inner leg approx. 68cm<\/p>\n<p>It is a baggy model<\/p>\n<p>Material; 84% cotton 15% polyester 1% elastane<\/p>\n<p>&nbsp;<\/p>\n<p>&nbsp;<\/p>","protected":false},"excerpt":{"rendered":"<p><strong>Cool Jeans\u00a0<\/strong><\/p>\n<p>Jeans with hearts Fastens with button and zipper<\/p>\n<p>Front pockets and two back pockets<\/p>\n<p>It is a baggy model<\/p>\n<p>Length from waist down approx. 97cm, inner leg approx. 68cm<\/p>\n<p>Material; 84% cotton 15% polyester 1% elastane<\/p>","protected":false},"featured_media":1072978,"comment_status":"closed","ping_status":"closed","template":"","meta":[],"product_brand":[],"product_cat":[208,217],"product_tag":[],"class_list":{"0":"post-1072988","1":"product","2":"type-product","3":"status-publish","4":"has-post-thumbnail","6":"product_cat-jeans","7":"product_cat-produktnyheter","9":"first","10":"outofstock","11":"taxable","12":"shipping-taxable","13":"product-type-variable"},"yoast_head":"<!-- This site is optimized with the Yoast SEO Premium plugin v27.4 (Yoast SEO v27.5) - https:\/\/yoast.com\/product\/yoast-seo-premium-wordpress\/ -->\n<title>Coola Jeans med hj\u00e4rtan - Stil &amp; Design<\/title>\n<meta name=\"robots\" content=\"index, follow, max-snippet:-1, max-image-preview:large, max-video-preview:-1\" \/>\n<link rel=\"canonical\" href=\"https:\/\/stilanddesign.se\/en\/product\/coola-jeans-med-hjartan\/\" \/>\n<meta property=\"og:locale\" content=\"en_US\" \/>\n<meta property=\"og:type\" content=\"article\" \/>\n<meta property=\"og:title\" content=\"Coola Jeans med hj\u00e4rtan\" \/>\n<meta property=\"og:description\" content=\"Coola Jeans\u00a0  Jeans med hj\u00e4rtan\u00a0 Kn\u00e4pps med knapp och blixtl\u00e5s  Fickor fram och tv\u00e5 fickor bak  Det \u00e4r en baggy modell  L\u00e4ngd fr\u00e5n midjan och ner ca 97cm innerben ca 68cm  Material; 84% cotton 15% polyester\u00a0 1% elastan\" \/>\n<meta property=\"og:url\" content=\"https:\/\/stilanddesign.se\/en\/product\/coola-jeans-med-hjartan\/\" \/>\n<meta property=\"og:site_name\" content=\"Stil &amp; Design\" \/>\n<meta property=\"article:modified_time\" content=\"2026-04-24T08:07:10+00:00\" \/>\n<meta property=\"og:image\" content=\"https:\/\/stilanddesign.se\/wp-content\/uploads\/2026\/04\/332136545555.jpeg\" \/>\n\t<meta property=\"og:image:width\" content=\"1206\" \/>\n\t<meta property=\"og:image:height\" content=\"1957\" \/>\n\t<meta property=\"og:image:type\" content=\"image\/jpeg\" \/>\n<meta name=\"twitter:card\" content=\"summary_large_image\" \/>\n<meta name=\"twitter:label1\" content=\"Est. reading time\" \/>\n\t<meta name=\"twitter:data1\" content=\"1 minute\" \/>\n<script type=\"application\/ld+json\" class=\"yoast-schema-graph\">{\"@context\":\"https:\\\/\\\/schema.org\",\"@graph\":[{\"@type\":\"WebPage\",\"@id\":\"https:\\\/\\\/stilanddesign.se\\\/produkt\\\/coola-jeans-med-hjartan\\\/\",\"url\":\"https:\\\/\\\/stilanddesign.se\\\/produkt\\\/coola-jeans-med-hjartan\\\/\",\"name\":\"Coola Jeans med hj\u00e4rtan - Stil &amp; Design\",\"isPartOf\":{\"@id\":\"https:\\\/\\\/stilanddesign.se\\\/#website\"},\"primaryImageOfPage\":{\"@id\":\"https:\\\/\\\/stilanddesign.se\\\/produkt\\\/coola-jeans-med-hjartan\\\/#primaryimage\"},\"image\":{\"@id\":\"https:\\\/\\\/stilanddesign.se\\\/produkt\\\/coola-jeans-med-hjartan\\\/#primaryimage\"},\"thumbnailUrl\":\"https:\\\/\\\/stilanddesign.se\\\/wp-content\\\/uploads\\\/2026\\\/04\\\/332136545555.jpeg\",\"datePublished\":\"2026-04-24T08:00:27+00:00\",\"dateModified\":\"2026-04-24T08:07:10+00:00\",\"breadcrumb\":{\"@id\":\"https:\\\/\\\/stilanddesign.se\\\/produkt\\\/coola-jeans-med-hjartan\\\/#breadcrumb\"},\"inLanguage\":\"en-US\",\"potentialAction\":[{\"@type\":\"ReadAction\",\"target\":[\"https:\\\/\\\/stilanddesign.se\\\/produkt\\\/coola-jeans-med-hjartan\\\/\"]}]},{\"@type\":\"ImageObject\",\"inLanguage\":\"en-US\",\"@id\":\"https:\\\/\\\/stilanddesign.se\\\/produkt\\\/coola-jeans-med-hjartan\\\/#primaryimage\",\"url\":\"https:\\\/\\\/stilanddesign.se\\\/wp-content\\\/uploads\\\/2026\\\/04\\\/332136545555.jpeg\",\"contentUrl\":\"https:\\\/\\\/stilanddesign.se\\\/wp-content\\\/uploads\\\/2026\\\/04\\\/332136545555.jpeg\",\"width\":1206,\"height\":1957,\"caption\":\"Screenshot\"},{\"@type\":\"BreadcrumbList\",\"@id\":\"https:\\\/\\\/stilanddesign.se\\\/produkt\\\/coola-jeans-med-hjartan\\\/#breadcrumb\",\"itemListElement\":[{\"@type\":\"ListItem\",\"position\":1,\"name\":\"Hem\",\"item\":\"https:\\\/\\\/stilanddesign.se\\\/\"},{\"@type\":\"ListItem\",\"position\":2,\"name\":\"Butiken\",\"item\":\"https:\\\/\\\/stilanddesign.se\\\/butiken\\\/\"},{\"@type\":\"ListItem\",\"position\":3,\"name\":\"Coola Jeans med hj\u00e4rtan\"}]},{\"@type\":\"WebSite\",\"@id\":\"https:\\\/\\\/stilanddesign.se\\\/#website\",\"url\":\"https:\\\/\\\/stilanddesign.se\\\/\",\"name\":\"Stil &amp; Design\",\"description\":\"F\u00f6r oss som \u00e4lskar mode!\",\"publisher\":{\"@id\":\"https:\\\/\\\/stilanddesign.se\\\/#organization\"},\"potentialAction\":[{\"@type\":\"SearchAction\",\"target\":{\"@type\":\"EntryPoint\",\"urlTemplate\":\"https:\\\/\\\/stilanddesign.se\\\/?s={search_term_string}\"},\"query-input\":{\"@type\":\"PropertyValueSpecification\",\"valueRequired\":true,\"valueName\":\"search_term_string\"}}],\"inLanguage\":\"en-US\"},{\"@type\":\"Organization\",\"@id\":\"https:\\\/\\\/stilanddesign.se\\\/#organization\",\"name\":\"Stil &amp; Design\",\"url\":\"https:\\\/\\\/stilanddesign.se\\\/\",\"logo\":{\"@type\":\"ImageObject\",\"inLanguage\":\"en-US\",\"@id\":\"https:\\\/\\\/stilanddesign.se\\\/#\\\/schema\\\/logo\\\/image\\\/\",\"url\":\"https:\\\/\\\/stilanddesign.se\\\/wp-content\\\/uploads\\\/2023\\\/12\\\/output-onlinepngtools-e1727784413220.png\",\"contentUrl\":\"https:\\\/\\\/stilanddesign.se\\\/wp-content\\\/uploads\\\/2023\\\/12\\\/output-onlinepngtools-e1727784413220.png\",\"width\":519,\"height\":135,\"caption\":\"Stil &amp; Design\"},\"image\":{\"@id\":\"https:\\\/\\\/stilanddesign.se\\\/#\\\/schema\\\/logo\\\/image\\\/\"}}]}<\/script>\n<!-- \/ Yoast SEO Premium plugin. -->","yoast_head_json":{"title":"Coola Jeans med hj\u00e4rtan - Stil &amp; Design","robots":{"index":"index","follow":"follow","max-snippet":"max-snippet:-1","max-image-preview":"max-image-preview:large","max-video-preview":"max-video-preview:-1"},"canonical":"https:\/\/stilanddesign.se\/en\/product\/coola-jeans-med-hjartan\/","og_locale":"en_US","og_type":"article","og_title":"Coola Jeans med hj\u00e4rtan","og_description":"Coola Jeans\u00a0  Jeans med hj\u00e4rtan\u00a0 Kn\u00e4pps med knapp och blixtl\u00e5s  Fickor fram och tv\u00e5 fickor bak  Det \u00e4r en baggy modell  L\u00e4ngd fr\u00e5n midjan och ner ca 97cm innerben ca 68cm  Material; 84% cotton 15% polyester\u00a0 1% elastan","og_url":"https:\/\/stilanddesign.se\/en\/product\/coola-jeans-med-hjartan\/","og_site_name":"Stil &amp; Design","article_modified_time":"2026-04-24T08:07:10+00:00","og_image":[{"width":1206,"height":1957,"url":"https:\/\/stilanddesign.se\/wp-content\/uploads\/2026\/04\/332136545555.jpeg","type":"image\/jpeg"}],"twitter_card":"summary_large_image","twitter_misc":{"Est. reading time":"1 minute"},"schema":{"@context":"https:\/\/schema.org","@graph":[{"@type":"WebPage","@id":"https:\/\/stilanddesign.se\/produkt\/coola-jeans-med-hjartan\/","url":"https:\/\/stilanddesign.se\/produkt\/coola-jeans-med-hjartan\/","name":"Coola Jeans med hj\u00e4rtan - Stil &amp; Design","isPartOf":{"@id":"https:\/\/stilanddesign.se\/#website"},"primaryImageOfPage":{"@id":"https:\/\/stilanddesign.se\/produkt\/coola-jeans-med-hjartan\/#primaryimage"},"image":{"@id":"https:\/\/stilanddesign.se\/produkt\/coola-jeans-med-hjartan\/#primaryimage"},"thumbnailUrl":"https:\/\/stilanddesign.se\/wp-content\/uploads\/2026\/04\/332136545555.jpeg","datePublished":"2026-04-24T08:00:27+00:00","dateModified":"2026-04-24T08:07:10+00:00","breadcrumb":{"@id":"https:\/\/stilanddesign.se\/produkt\/coola-jeans-med-hjartan\/#breadcrumb"},"inLanguage":"en-US","potentialAction":[{"@type":"ReadAction","target":["https:\/\/stilanddesign.se\/produkt\/coola-jeans-med-hjartan\/"]}]},{"@type":"ImageObject","inLanguage":"en-US","@id":"https:\/\/stilanddesign.se\/produkt\/coola-jeans-med-hjartan\/#primaryimage","url":"https:\/\/stilanddesign.se\/wp-content\/uploads\/2026\/04\/332136545555.jpeg","contentUrl":"https:\/\/stilanddesign.se\/wp-content\/uploads\/2026\/04\/332136545555.jpeg","width":1206,"height":1957,"caption":"Screenshot"},{"@type":"BreadcrumbList","@id":"https:\/\/stilanddesign.se\/produkt\/coola-jeans-med-hjartan\/#breadcrumb","itemListElement":[{"@type":"ListItem","position":1,"name":"Hem","item":"https:\/\/stilanddesign.se\/"},{"@type":"ListItem","position":2,"name":"Butiken","item":"https:\/\/stilanddesign.se\/butiken\/"},{"@type":"ListItem","position":3,"name":"Coola Jeans med hj\u00e4rtan"}]},{"@type":"WebSite","@id":"https:\/\/stilanddesign.se\/#website","url":"https:\/\/stilanddesign.se\/","name":"Style &amp; Design","description":"For those of us who love fashion!","publisher":{"@id":"https:\/\/stilanddesign.se\/#organization"},"potentialAction":[{"@type":"SearchAction","target":{"@type":"EntryPoint","urlTemplate":"https:\/\/stilanddesign.se\/?s={search_term_string}"},"query-input":{"@type":"PropertyValueSpecification","valueRequired":true,"valueName":"search_term_string"}}],"inLanguage":"en-US"},{"@type":"Organization","@id":"https:\/\/stilanddesign.se\/#organization","name":"Style &amp; Design","url":"https:\/\/stilanddesign.se\/","logo":{"@type":"ImageObject","inLanguage":"en-US","@id":"https:\/\/stilanddesign.se\/#\/schema\/logo\/image\/","url":"https:\/\/stilanddesign.se\/wp-content\/uploads\/2023\/12\/output-onlinepngtools-e1727784413220.png","contentUrl":"https:\/\/stilanddesign.se\/wp-content\/uploads\/2023\/12\/output-onlinepngtools-e1727784413220.png","width":519,"height":135,"caption":"Stil &amp; Design"},"image":{"@id":"https:\/\/stilanddesign.se\/#\/schema\/logo\/image\/"}}]}},"_links":{"self":[{"href":"https:\/\/stilanddesign.se\/en\/wp-json\/wp\/v2\/product\/1072988","targetHints":{"allow":["GET"]}}],"collection":[{"href":"https:\/\/stilanddesign.se\/en\/wp-json\/wp\/v2\/product"}],"about":[{"href":"https:\/\/stilanddesign.se\/en\/wp-json\/wp\/v2\/types\/product"}],"replies":[{"embeddable":true,"href":"https:\/\/stilanddesign.se\/en\/wp-json\/wp\/v2\/comments?post=1072988"}],"wp:featuredmedia":[{"embeddable":true,"href":"https:\/\/stilanddesign.se\/en\/wp-json\/wp\/v2\/media\/1072978"}],"wp:attachment":[{"href":"https:\/\/stilanddesign.se\/en\/wp-json\/wp\/v2\/media?parent=1072988"}],"wp:term":[{"taxonomy":"product_brand","embeddable":true,"href":"https:\/\/stilanddesign.se\/en\/wp-json\/wp\/v2\/product_brand?post=1072988"},{"taxonomy":"product_cat","embeddable":true,"href":"https:\/\/stilanddesign.se\/en\/wp-json\/wp\/v2\/product_cat?post=1072988"},{"taxonomy":"product_tag","embeddable":true,"href":"https:\/\/stilanddesign.se\/en\/wp-json\/wp\/v2\/product_tag?post=1072988"}],"curies":[{"name":"wp","href":"https:\/\/api.w.org\/{rel}","templated":true}]}}