{"id":1072392,"date":"2026-04-16T10:50:09","date_gmt":"2026-04-16T08:50:09","guid":{"rendered":"https:\/\/stilanddesign.se\/?post_type=product&#038;p=1072392"},"modified":"2026-04-16T18:43:29","modified_gmt":"2026-04-16T16:43:29","slug":"%e2%9c%a8-caramelle-blus-feminin-stilren-med-romantiska-detaljer-%f0%9f%a4%8d","status":"publish","type":"product","link":"https:\/\/stilanddesign.se\/en\/product\/%e2%9c%a8-caramelle-blus-feminin-stilren-med-romantiska-detaljer-%f0%9f%a4%8d\/","title":{"rendered":"\u2728 Caramelle blouse \u2013 feminine &amp; stylish with romantic details \ud83e\udd0d"},"content":{"rendered":"<p data-start=\"0\" data-end=\"69\">\u2728 <strong data-start=\"2\" data-end=\"64\">Caramelle blouse \u2013 feminine &amp; stylish with romantic details<\/strong> \ud83e\udd0d<\/p>\n<p data-start=\"71\" data-end=\"247\">\ud83c\udf38 Beautiful pattern in soft tones<br data-start=\"103\" data-end=\"106\" \/>\ud83d\udc5a Buttons at the front &amp; classic collar<br data-start=\"142\" data-end=\"145\" \/>\ud83c\udf80 Cinched waist with tie<br data-start=\"175\" data-end=\"178\" \/>\ud83d\udcab Wide sleeves for an airy feel<br data-start=\"209\" data-end=\"212\" \/>\u2728 Perfect for both everyday life &amp; parties<\/p>\n<p data-start=\"249\" data-end=\"310\">\ud83c\udfa8 Colors:<br data-start=\"259\" data-end=\"262\" \/>\u2022 Ivory\/Beige<br data-start=\"282\" data-end=\"285\" \/>\u2022 Navy\/Ivory white<\/p>\n<p data-start=\"312\" data-end=\"335\">\ud83d\udccf Sizes: S, M, L<\/p>\n<p data-start=\"337\" data-end=\"376\">\ud83e\uddf5 Material: 75% viscose, 25% polyamide<\/p>\n<p data-start=\"378\" data-end=\"469\">\ud83d\udc56 <strong data-start=\"381\" data-end=\"397\">Styling tips:<\/strong> Match with jeans or light pants for a chic and relaxed look \ud83d\udc95<\/p>\n<p data-start=\"471\" data-end=\"524\" data-is-last-node=\"\" data-is-only-node=\"\">\ud83d\udc96 A blouse that combines comfort with feminine elegance<\/p>","protected":false},"excerpt":{"rendered":"<p data-start=\"0\" data-end=\"69\">\u2728 <strong data-start=\"2\" data-end=\"64\">Caramelle blouse \u2013 feminine &amp; stylish with romantic details<\/strong> \ud83e\udd0d<\/p>\n<p data-start=\"71\" data-end=\"247\">\ud83c\udf38 Beautiful pattern in soft tones<br data-start=\"103\" data-end=\"106\" \/>\ud83d\udc5a Buttons at the front &amp; classic collar<br data-start=\"142\" data-end=\"145\" \/>\ud83c\udf80 Cinched waist with tie<br data-start=\"175\" data-end=\"178\" \/>\ud83d\udcab Wide sleeves for an airy feel<br data-start=\"209\" data-end=\"212\" \/>\u2728 Perfect for both everyday life &amp; parties<\/p>\n<p data-start=\"249\" data-end=\"310\">\ud83c\udfa8 Colors:<br data-start=\"259\" data-end=\"262\" \/>\u2022 Ivory\/Beige<br data-start=\"282\" data-end=\"285\" \/>\u2022 Navy\/Ivory white<\/p>\n<p data-start=\"312\" data-end=\"335\">\ud83d\udccf Sizes: S, M, L<\/p>\n<p data-start=\"337\" data-end=\"376\">\ud83e\uddf5 Material: 75% viscose, 25% polyamide<\/p>\n<p data-start=\"378\" data-end=\"469\">\ud83d\udc56 <strong data-start=\"381\" data-end=\"397\">Styling tips:<\/strong> Match with jeans or light pants for a chic and relaxed look \ud83d\udc95<\/p>\n<p data-start=\"471\" data-end=\"524\" data-is-last-node=\"\" data-is-only-node=\"\">\ud83d\udc96 A blouse that combines comfort with feminine elegance<\/p>","protected":false},"featured_media":1072398,"comment_status":"closed","ping_status":"closed","template":"","meta":[],"product_brand":[],"product_cat":[209],"product_tag":[],"class_list":{"0":"post-1072392","1":"product","2":"type-product","3":"status-publish","4":"has-post-thumbnail","6":"product_cat-reaprodukter","8":"first","9":"instock","10":"sale","11":"taxable","12":"shipping-taxable","13":"purchasable","14":"product-type-variable"},"yoast_head":"<!-- This site is optimized with the Yoast SEO Premium plugin v27.1 (Yoast SEO v27.4) - https:\/\/yoast.com\/product\/yoast-seo-premium-wordpress\/ -->\n<title>\u2728 Caramelle blus \u2013 feminin &amp; stilren med romantiska detaljer \ud83e\udd0d - Stil &amp; Design<\/title>\n<meta name=\"robots\" content=\"index, follow, max-snippet:-1, max-image-preview:large, max-video-preview:-1\" \/>\n<link rel=\"canonical\" href=\"https:\/\/stilanddesign.se\/en\/product\/\u2728-caramelle-blus-feminin-stilren-med-romantiska-detaljer-\ud83e\udd0d\/\" \/>\n<meta property=\"og:locale\" content=\"en_US\" \/>\n<meta property=\"og:type\" content=\"article\" \/>\n<meta property=\"og:title\" content=\"\u2728 Caramelle blus \u2013 feminin &amp; stilren med romantiska detaljer \ud83e\udd0d\" \/>\n<meta property=\"og:description\" content=\"\u2728 Caramelle blus \u2013 feminin &amp; stilren med romantiska detaljer \ud83e\udd0d \ud83c\udf38 Vackert m\u00f6nster i mjuka toner\ud83d\udc5a Knappar framtill &amp; klassisk krage\ud83c\udf80 Markerad midja med knytband\ud83d\udcab Vid \u00e4rm f\u00f6r en luftig k\u00e4nsla\u2728 Perfekt till b\u00e5de vardag &amp; fest \ud83c\udfa8 F\u00e4rger:\u2022 Elfenbensvit\/Beige\u2022 Marinbl\u00e5\/Elfenbensvit \ud83d\udccf Storlekar: S, M, L \ud83e\uddf5 Material: 75% viskos, 25% polyamid \ud83d\udc56 Stylingtips: Matcha med jeans eller ljusa byxor f\u00f6r en chic och avslappnad look \ud83d\udc95 \ud83d\udc96 En blus som kombinerar komfort med feminin elegans\" \/>\n<meta property=\"og:url\" content=\"https:\/\/stilanddesign.se\/en\/product\/\u2728-caramelle-blus-feminin-stilren-med-romantiska-detaljer-\ud83e\udd0d\/\" \/>\n<meta property=\"og:site_name\" content=\"Stil &amp; Design\" \/>\n<meta property=\"article:modified_time\" content=\"2026-04-16T16:43:29+00:00\" \/>\n<meta property=\"og:image\" content=\"https:\/\/stilanddesign.se\/wp-content\/uploads\/2026\/04\/CH26SS60-IVORY_BEIGE.jpg\" \/>\n\t<meta property=\"og:image:width\" content=\"944\" \/>\n\t<meta property=\"og:image:height\" content=\"1000\" \/>\n\t<meta property=\"og:image:type\" content=\"image\/jpeg\" \/>\n<meta name=\"twitter:card\" content=\"summary_large_image\" \/>\n<meta name=\"twitter:label1\" content=\"Est. reading time\" \/>\n\t<meta name=\"twitter:data1\" content=\"1 minute\" \/>\n<script type=\"application\/ld+json\" class=\"yoast-schema-graph\">{\"@context\":\"https:\\\/\\\/schema.org\",\"@graph\":[{\"@type\":\"WebPage\",\"@id\":\"https:\\\/\\\/stilanddesign.se\\\/produkt\\\/%e2%9c%a8-caramelle-blus-feminin-stilren-med-romantiska-detaljer-%f0%9f%a4%8d\\\/\",\"url\":\"https:\\\/\\\/stilanddesign.se\\\/produkt\\\/%e2%9c%a8-caramelle-blus-feminin-stilren-med-romantiska-detaljer-%f0%9f%a4%8d\\\/\",\"name\":\"\u2728 Caramelle blus \u2013 feminin & stilren med romantiska detaljer \ud83e\udd0d - Stil &amp; Design\",\"isPartOf\":{\"@id\":\"https:\\\/\\\/stilanddesign.se\\\/#website\"},\"primaryImageOfPage\":{\"@id\":\"https:\\\/\\\/stilanddesign.se\\\/produkt\\\/%e2%9c%a8-caramelle-blus-feminin-stilren-med-romantiska-detaljer-%f0%9f%a4%8d\\\/#primaryimage\"},\"image\":{\"@id\":\"https:\\\/\\\/stilanddesign.se\\\/produkt\\\/%e2%9c%a8-caramelle-blus-feminin-stilren-med-romantiska-detaljer-%f0%9f%a4%8d\\\/#primaryimage\"},\"thumbnailUrl\":\"https:\\\/\\\/stilanddesign.se\\\/wp-content\\\/uploads\\\/2026\\\/04\\\/CH26SS60-IVORY_BEIGE.jpg\",\"datePublished\":\"2026-04-16T08:50:09+00:00\",\"dateModified\":\"2026-04-16T16:43:29+00:00\",\"breadcrumb\":{\"@id\":\"https:\\\/\\\/stilanddesign.se\\\/produkt\\\/%e2%9c%a8-caramelle-blus-feminin-stilren-med-romantiska-detaljer-%f0%9f%a4%8d\\\/#breadcrumb\"},\"inLanguage\":\"en-US\",\"potentialAction\":[{\"@type\":\"ReadAction\",\"target\":[\"https:\\\/\\\/stilanddesign.se\\\/produkt\\\/%e2%9c%a8-caramelle-blus-feminin-stilren-med-romantiska-detaljer-%f0%9f%a4%8d\\\/\"]}]},{\"@type\":\"ImageObject\",\"inLanguage\":\"en-US\",\"@id\":\"https:\\\/\\\/stilanddesign.se\\\/produkt\\\/%e2%9c%a8-caramelle-blus-feminin-stilren-med-romantiska-detaljer-%f0%9f%a4%8d\\\/#primaryimage\",\"url\":\"https:\\\/\\\/stilanddesign.se\\\/wp-content\\\/uploads\\\/2026\\\/04\\\/CH26SS60-IVORY_BEIGE.jpg\",\"contentUrl\":\"https:\\\/\\\/stilanddesign.se\\\/wp-content\\\/uploads\\\/2026\\\/04\\\/CH26SS60-IVORY_BEIGE.jpg\",\"width\":944,\"height\":1000},{\"@type\":\"BreadcrumbList\",\"@id\":\"https:\\\/\\\/stilanddesign.se\\\/produkt\\\/%e2%9c%a8-caramelle-blus-feminin-stilren-med-romantiska-detaljer-%f0%9f%a4%8d\\\/#breadcrumb\",\"itemListElement\":[{\"@type\":\"ListItem\",\"position\":1,\"name\":\"Hem\",\"item\":\"https:\\\/\\\/stilanddesign.se\\\/\"},{\"@type\":\"ListItem\",\"position\":2,\"name\":\"Butiken\",\"item\":\"https:\\\/\\\/stilanddesign.se\\\/butiken\\\/\"},{\"@type\":\"ListItem\",\"position\":3,\"name\":\"\u2728 Caramelle blus \u2013 feminin &#038; stilren med romantiska detaljer \ud83e\udd0d\"}]},{\"@type\":\"WebSite\",\"@id\":\"https:\\\/\\\/stilanddesign.se\\\/#website\",\"url\":\"https:\\\/\\\/stilanddesign.se\\\/\",\"name\":\"Stil &amp; Design\",\"description\":\"F\u00f6r oss som \u00e4lskar mode!\",\"publisher\":{\"@id\":\"https:\\\/\\\/stilanddesign.se\\\/#organization\"},\"potentialAction\":[{\"@type\":\"SearchAction\",\"target\":{\"@type\":\"EntryPoint\",\"urlTemplate\":\"https:\\\/\\\/stilanddesign.se\\\/?s={search_term_string}\"},\"query-input\":{\"@type\":\"PropertyValueSpecification\",\"valueRequired\":true,\"valueName\":\"search_term_string\"}}],\"inLanguage\":\"en-US\"},{\"@type\":\"Organization\",\"@id\":\"https:\\\/\\\/stilanddesign.se\\\/#organization\",\"name\":\"Stil &amp; Design\",\"url\":\"https:\\\/\\\/stilanddesign.se\\\/\",\"logo\":{\"@type\":\"ImageObject\",\"inLanguage\":\"en-US\",\"@id\":\"https:\\\/\\\/stilanddesign.se\\\/#\\\/schema\\\/logo\\\/image\\\/\",\"url\":\"https:\\\/\\\/stilanddesign.se\\\/wp-content\\\/uploads\\\/2023\\\/12\\\/output-onlinepngtools-e1727784413220.png\",\"contentUrl\":\"https:\\\/\\\/stilanddesign.se\\\/wp-content\\\/uploads\\\/2023\\\/12\\\/output-onlinepngtools-e1727784413220.png\",\"width\":519,\"height\":135,\"caption\":\"Stil &amp; Design\"},\"image\":{\"@id\":\"https:\\\/\\\/stilanddesign.se\\\/#\\\/schema\\\/logo\\\/image\\\/\"}}]}<\/script>\n<!-- \/ Yoast SEO Premium plugin. -->","yoast_head_json":{"title":"\u2728 Caramelle blus \u2013 feminin & stilren med romantiska detaljer \ud83e\udd0d - Stil &amp; Design","robots":{"index":"index","follow":"follow","max-snippet":"max-snippet:-1","max-image-preview":"max-image-preview:large","max-video-preview":"max-video-preview:-1"},"canonical":"https:\/\/stilanddesign.se\/en\/product\/\u2728-caramelle-blus-feminin-stilren-med-romantiska-detaljer-\ud83e\udd0d\/","og_locale":"en_US","og_type":"article","og_title":"\u2728 Caramelle blus \u2013 feminin & stilren med romantiska detaljer \ud83e\udd0d","og_description":"\u2728 Caramelle blus \u2013 feminin &amp; stilren med romantiska detaljer \ud83e\udd0d \ud83c\udf38 Vackert m\u00f6nster i mjuka toner\ud83d\udc5a Knappar framtill &amp; klassisk krage\ud83c\udf80 Markerad midja med knytband\ud83d\udcab Vid \u00e4rm f\u00f6r en luftig k\u00e4nsla\u2728 Perfekt till b\u00e5de vardag &amp; fest \ud83c\udfa8 F\u00e4rger:\u2022 Elfenbensvit\/Beige\u2022 Marinbl\u00e5\/Elfenbensvit \ud83d\udccf Storlekar: S, M, L \ud83e\uddf5 Material: 75% viskos, 25% polyamid \ud83d\udc56 Stylingtips: Matcha med jeans eller ljusa byxor f\u00f6r en chic och avslappnad look \ud83d\udc95 \ud83d\udc96 En blus som kombinerar komfort med feminin elegans","og_url":"https:\/\/stilanddesign.se\/en\/product\/\u2728-caramelle-blus-feminin-stilren-med-romantiska-detaljer-\ud83e\udd0d\/","og_site_name":"Stil &amp; Design","article_modified_time":"2026-04-16T16:43:29+00:00","og_image":[{"width":944,"height":1000,"url":"https:\/\/stilanddesign.se\/wp-content\/uploads\/2026\/04\/CH26SS60-IVORY_BEIGE.jpg","type":"image\/jpeg"}],"twitter_card":"summary_large_image","twitter_misc":{"Est. reading time":"1 minute"},"schema":{"@context":"https:\/\/schema.org","@graph":[{"@type":"WebPage","@id":"https:\/\/stilanddesign.se\/produkt\/%e2%9c%a8-caramelle-blus-feminin-stilren-med-romantiska-detaljer-%f0%9f%a4%8d\/","url":"https:\/\/stilanddesign.se\/produkt\/%e2%9c%a8-caramelle-blus-feminin-stilren-med-romantiska-detaljer-%f0%9f%a4%8d\/","name":"\u2728 Caramelle blus \u2013 feminin & stilren med romantiska detaljer \ud83e\udd0d - Stil &amp; Design","isPartOf":{"@id":"https:\/\/stilanddesign.se\/#website"},"primaryImageOfPage":{"@id":"https:\/\/stilanddesign.se\/produkt\/%e2%9c%a8-caramelle-blus-feminin-stilren-med-romantiska-detaljer-%f0%9f%a4%8d\/#primaryimage"},"image":{"@id":"https:\/\/stilanddesign.se\/produkt\/%e2%9c%a8-caramelle-blus-feminin-stilren-med-romantiska-detaljer-%f0%9f%a4%8d\/#primaryimage"},"thumbnailUrl":"https:\/\/stilanddesign.se\/wp-content\/uploads\/2026\/04\/CH26SS60-IVORY_BEIGE.jpg","datePublished":"2026-04-16T08:50:09+00:00","dateModified":"2026-04-16T16:43:29+00:00","breadcrumb":{"@id":"https:\/\/stilanddesign.se\/produkt\/%e2%9c%a8-caramelle-blus-feminin-stilren-med-romantiska-detaljer-%f0%9f%a4%8d\/#breadcrumb"},"inLanguage":"en-US","potentialAction":[{"@type":"ReadAction","target":["https:\/\/stilanddesign.se\/produkt\/%e2%9c%a8-caramelle-blus-feminin-stilren-med-romantiska-detaljer-%f0%9f%a4%8d\/"]}]},{"@type":"ImageObject","inLanguage":"en-US","@id":"https:\/\/stilanddesign.se\/produkt\/%e2%9c%a8-caramelle-blus-feminin-stilren-med-romantiska-detaljer-%f0%9f%a4%8d\/#primaryimage","url":"https:\/\/stilanddesign.se\/wp-content\/uploads\/2026\/04\/CH26SS60-IVORY_BEIGE.jpg","contentUrl":"https:\/\/stilanddesign.se\/wp-content\/uploads\/2026\/04\/CH26SS60-IVORY_BEIGE.jpg","width":944,"height":1000},{"@type":"BreadcrumbList","@id":"https:\/\/stilanddesign.se\/produkt\/%e2%9c%a8-caramelle-blus-feminin-stilren-med-romantiska-detaljer-%f0%9f%a4%8d\/#breadcrumb","itemListElement":[{"@type":"ListItem","position":1,"name":"Hem","item":"https:\/\/stilanddesign.se\/"},{"@type":"ListItem","position":2,"name":"Butiken","item":"https:\/\/stilanddesign.se\/butiken\/"},{"@type":"ListItem","position":3,"name":"\u2728 Caramelle blus \u2013 feminin &#038; stilren med romantiska detaljer \ud83e\udd0d"}]},{"@type":"WebSite","@id":"https:\/\/stilanddesign.se\/#website","url":"https:\/\/stilanddesign.se\/","name":"Style &amp; Design","description":"For those of us who love fashion!","publisher":{"@id":"https:\/\/stilanddesign.se\/#organization"},"potentialAction":[{"@type":"SearchAction","target":{"@type":"EntryPoint","urlTemplate":"https:\/\/stilanddesign.se\/?s={search_term_string}"},"query-input":{"@type":"PropertyValueSpecification","valueRequired":true,"valueName":"search_term_string"}}],"inLanguage":"en-US"},{"@type":"Organization","@id":"https:\/\/stilanddesign.se\/#organization","name":"Style &amp; Design","url":"https:\/\/stilanddesign.se\/","logo":{"@type":"ImageObject","inLanguage":"en-US","@id":"https:\/\/stilanddesign.se\/#\/schema\/logo\/image\/","url":"https:\/\/stilanddesign.se\/wp-content\/uploads\/2023\/12\/output-onlinepngtools-e1727784413220.png","contentUrl":"https:\/\/stilanddesign.se\/wp-content\/uploads\/2023\/12\/output-onlinepngtools-e1727784413220.png","width":519,"height":135,"caption":"Stil &amp; Design"},"image":{"@id":"https:\/\/stilanddesign.se\/#\/schema\/logo\/image\/"}}]}},"_links":{"self":[{"href":"https:\/\/stilanddesign.se\/en\/wp-json\/wp\/v2\/product\/1072392","targetHints":{"allow":["GET"]}}],"collection":[{"href":"https:\/\/stilanddesign.se\/en\/wp-json\/wp\/v2\/product"}],"about":[{"href":"https:\/\/stilanddesign.se\/en\/wp-json\/wp\/v2\/types\/product"}],"replies":[{"embeddable":true,"href":"https:\/\/stilanddesign.se\/en\/wp-json\/wp\/v2\/comments?post=1072392"}],"wp:featuredmedia":[{"embeddable":true,"href":"https:\/\/stilanddesign.se\/en\/wp-json\/wp\/v2\/media\/1072398"}],"wp:attachment":[{"href":"https:\/\/stilanddesign.se\/en\/wp-json\/wp\/v2\/media?parent=1072392"}],"wp:term":[{"taxonomy":"product_brand","embeddable":true,"href":"https:\/\/stilanddesign.se\/en\/wp-json\/wp\/v2\/product_brand?post=1072392"},{"taxonomy":"product_cat","embeddable":true,"href":"https:\/\/stilanddesign.se\/en\/wp-json\/wp\/v2\/product_cat?post=1072392"},{"taxonomy":"product_tag","embeddable":true,"href":"https:\/\/stilanddesign.se\/en\/wp-json\/wp\/v2\/product_tag?post=1072392"}],"curies":[{"name":"wp","href":"https:\/\/api.w.org\/{rel}","templated":true}]}}