{"id":1072075,"date":"2026-05-12T14:19:54","date_gmt":"2026-05-12T12:19:54","guid":{"rendered":"https:\/\/stilanddesign.se\/?post_type=product&#038;p=1072075"},"modified":"2026-05-12T14:20:00","modified_gmt":"2026-05-12T12:20:00","slug":"fin-blommig-blus-i-gult-med-lyster","status":"publish","type":"product","link":"https:\/\/stilanddesign.se\/en\/product\/fin-blommig-blus-i-gult-med-lyster\/","title":{"rendered":"Nice floral blouse in yellow with shine"},"content":{"rendered":"<h1>Floral blouse with luster<\/h1>\n<p>Sabine is the blouse that makes you want to take an extra turn around the block. It falls lightly and casually, while the floral pattern and sweeping ruffles create movement with every step. Romantic, confident and with just the right amount of drama \u2013 like wearing a secret love story against your skin.<\/p>\n<p>Material: 85% lyocell, 15% polyester Size: Onesize, fits 34-44 Bust: 60 cm<\/p>\n<p data-start=\"867\" data-end=\"949\" data-is-last-node=\"\" data-is-only-node=\"\">","protected":false},"excerpt":{"rendered":"<h1 class=\"\">Floral blouse with luster<\/h1>\n<p>Sabine is the blouse that makes you want to take an extra turn around the block. It falls lightly and casually, while the floral pattern and sweeping ruffles create movement with every step. Romantic, confident and with just the right amount of drama \u2013 like wearing a secret love story against your skin.<\/p>\n<p>Material: 85% lyocell, 15% polyester Size: Onesize, fits 34-44 Bust: 60 cm<\/p>\n<p data-start=\"867\" data-end=\"949\" data-is-last-node=\"\" data-is-only-node=\"\">","protected":false},"featured_media":1072071,"comment_status":"closed","ping_status":"closed","template":"","meta":[],"product_brand":[],"product_cat":[209],"product_tag":[],"class_list":{"0":"post-1072075","1":"product","2":"type-product","3":"status-publish","4":"has-post-thumbnail","6":"product_cat-reaprodukter","8":"first","9":"instock","10":"sale","11":"taxable","12":"shipping-taxable","13":"purchasable","14":"product-type-variable"},"yoast_head":"<!-- This site is optimized with the Yoast SEO Premium plugin v27.4 (Yoast SEO v27.5) - https:\/\/yoast.com\/product\/yoast-seo-premium-wordpress\/ -->\n<title>Fin blommig blus i gult med lyster - Stil &amp; Design<\/title>\n<meta name=\"robots\" content=\"index, follow, max-snippet:-1, max-image-preview:large, max-video-preview:-1\" \/>\n<link rel=\"canonical\" href=\"https:\/\/stilanddesign.se\/en\/product\/fin-blommig-blus-i-gult-med-lyster\/\" \/>\n<meta property=\"og:locale\" content=\"en_US\" \/>\n<meta property=\"og:type\" content=\"article\" \/>\n<meta property=\"og:title\" content=\"Fin blommig blus i gult med lyster\" \/>\n<meta property=\"og:description\" content=\"Blommig blus med lyster Sabine \u00e4r blusen som f\u00e5r dig att vilja ta en extra sv\u00e4ng runt kvarteret. Den faller l\u00e4tt och ledigt, medan det blommiga m\u00f6nstret och de svepande volangerna skapar r\u00f6relse i varje steg. Romantisk, sj\u00e4lvs\u00e4ker och med precis lagom dramatik \u2013 som att b\u00e4ra en hemlig k\u00e4rlekshistoria mot huden.  Material: 85% lyocell , 15% polyester Storlek: Onesize, passar 34-44 Bystm\u00e5tt: 60 cm\" \/>\n<meta property=\"og:url\" content=\"https:\/\/stilanddesign.se\/en\/product\/fin-blommig-blus-i-gult-med-lyster\/\" \/>\n<meta property=\"og:site_name\" content=\"Stil &amp; Design\" \/>\n<meta property=\"article:modified_time\" content=\"2026-05-12T12:20:00+00:00\" \/>\n<meta name=\"twitter:card\" content=\"summary_large_image\" \/>\n<meta name=\"twitter:label1\" content=\"Est. reading time\" \/>\n\t<meta name=\"twitter:data1\" content=\"1 minute\" \/>\n<script type=\"application\/ld+json\" class=\"yoast-schema-graph\">{\"@context\":\"https:\\\/\\\/schema.org\",\"@graph\":[{\"@type\":\"WebPage\",\"@id\":\"https:\\\/\\\/stilanddesign.se\\\/produkt\\\/fin-blommig-blus-i-gult-med-lyster\\\/\",\"url\":\"https:\\\/\\\/stilanddesign.se\\\/produkt\\\/fin-blommig-blus-i-gult-med-lyster\\\/\",\"name\":\"Fin blommig blus i gult med lyster - Stil &amp; Design\",\"isPartOf\":{\"@id\":\"https:\\\/\\\/stilanddesign.se\\\/#website\"},\"primaryImageOfPage\":{\"@id\":\"https:\\\/\\\/stilanddesign.se\\\/produkt\\\/fin-blommig-blus-i-gult-med-lyster\\\/#primaryimage\"},\"image\":{\"@id\":\"https:\\\/\\\/stilanddesign.se\\\/produkt\\\/fin-blommig-blus-i-gult-med-lyster\\\/#primaryimage\"},\"thumbnailUrl\":\"https:\\\/\\\/stilanddesign.se\\\/wp-content\\\/uploads\\\/2026\\\/03\\\/776565444.avif\",\"datePublished\":\"2026-05-12T12:19:54+00:00\",\"dateModified\":\"2026-05-12T12:20:00+00:00\",\"breadcrumb\":{\"@id\":\"https:\\\/\\\/stilanddesign.se\\\/produkt\\\/fin-blommig-blus-i-gult-med-lyster\\\/#breadcrumb\"},\"inLanguage\":\"en-US\",\"potentialAction\":[{\"@type\":\"ReadAction\",\"target\":[\"https:\\\/\\\/stilanddesign.se\\\/produkt\\\/fin-blommig-blus-i-gult-med-lyster\\\/\"]}]},{\"@type\":\"ImageObject\",\"inLanguage\":\"en-US\",\"@id\":\"https:\\\/\\\/stilanddesign.se\\\/produkt\\\/fin-blommig-blus-i-gult-med-lyster\\\/#primaryimage\",\"url\":\"https:\\\/\\\/stilanddesign.se\\\/wp-content\\\/uploads\\\/2026\\\/03\\\/776565444.avif\",\"contentUrl\":\"https:\\\/\\\/stilanddesign.se\\\/wp-content\\\/uploads\\\/2026\\\/03\\\/776565444.avif\",\"width\":1080,\"height\":1440,\"caption\":\"Fin blommig blus i gult med lyster\"},{\"@type\":\"BreadcrumbList\",\"@id\":\"https:\\\/\\\/stilanddesign.se\\\/produkt\\\/fin-blommig-blus-i-gult-med-lyster\\\/#breadcrumb\",\"itemListElement\":[{\"@type\":\"ListItem\",\"position\":1,\"name\":\"Hem\",\"item\":\"https:\\\/\\\/stilanddesign.se\\\/\"},{\"@type\":\"ListItem\",\"position\":2,\"name\":\"Butiken\",\"item\":\"https:\\\/\\\/stilanddesign.se\\\/butiken\\\/\"},{\"@type\":\"ListItem\",\"position\":3,\"name\":\"Fin blommig blus i gult med lyster\"}]},{\"@type\":\"WebSite\",\"@id\":\"https:\\\/\\\/stilanddesign.se\\\/#website\",\"url\":\"https:\\\/\\\/stilanddesign.se\\\/\",\"name\":\"Stil &amp; Design\",\"description\":\"F\u00f6r oss som \u00e4lskar mode!\",\"publisher\":{\"@id\":\"https:\\\/\\\/stilanddesign.se\\\/#organization\"},\"potentialAction\":[{\"@type\":\"SearchAction\",\"target\":{\"@type\":\"EntryPoint\",\"urlTemplate\":\"https:\\\/\\\/stilanddesign.se\\\/?s={search_term_string}\"},\"query-input\":{\"@type\":\"PropertyValueSpecification\",\"valueRequired\":true,\"valueName\":\"search_term_string\"}}],\"inLanguage\":\"en-US\"},{\"@type\":\"Organization\",\"@id\":\"https:\\\/\\\/stilanddesign.se\\\/#organization\",\"name\":\"Stil &amp; Design\",\"url\":\"https:\\\/\\\/stilanddesign.se\\\/\",\"logo\":{\"@type\":\"ImageObject\",\"inLanguage\":\"en-US\",\"@id\":\"https:\\\/\\\/stilanddesign.se\\\/#\\\/schema\\\/logo\\\/image\\\/\",\"url\":\"https:\\\/\\\/stilanddesign.se\\\/wp-content\\\/uploads\\\/2023\\\/12\\\/output-onlinepngtools-e1727784413220.png\",\"contentUrl\":\"https:\\\/\\\/stilanddesign.se\\\/wp-content\\\/uploads\\\/2023\\\/12\\\/output-onlinepngtools-e1727784413220.png\",\"width\":519,\"height\":135,\"caption\":\"Stil &amp; Design\"},\"image\":{\"@id\":\"https:\\\/\\\/stilanddesign.se\\\/#\\\/schema\\\/logo\\\/image\\\/\"}}]}<\/script>\n<!-- \/ Yoast SEO Premium plugin. -->","yoast_head_json":{"title":"Fin blommig blus i gult med lyster - Stil &amp; Design","robots":{"index":"index","follow":"follow","max-snippet":"max-snippet:-1","max-image-preview":"max-image-preview:large","max-video-preview":"max-video-preview:-1"},"canonical":"https:\/\/stilanddesign.se\/en\/product\/fin-blommig-blus-i-gult-med-lyster\/","og_locale":"en_US","og_type":"article","og_title":"Fin blommig blus i gult med lyster","og_description":"Blommig blus med lyster Sabine \u00e4r blusen som f\u00e5r dig att vilja ta en extra sv\u00e4ng runt kvarteret. Den faller l\u00e4tt och ledigt, medan det blommiga m\u00f6nstret och de svepande volangerna skapar r\u00f6relse i varje steg. Romantisk, sj\u00e4lvs\u00e4ker och med precis lagom dramatik \u2013 som att b\u00e4ra en hemlig k\u00e4rlekshistoria mot huden.  Material: 85% lyocell , 15% polyester Storlek: Onesize, passar 34-44 Bystm\u00e5tt: 60 cm","og_url":"https:\/\/stilanddesign.se\/en\/product\/fin-blommig-blus-i-gult-med-lyster\/","og_site_name":"Stil &amp; Design","article_modified_time":"2026-05-12T12:20:00+00:00","twitter_card":"summary_large_image","twitter_misc":{"Est. reading time":"1 minute"},"schema":{"@context":"https:\/\/schema.org","@graph":[{"@type":"WebPage","@id":"https:\/\/stilanddesign.se\/produkt\/fin-blommig-blus-i-gult-med-lyster\/","url":"https:\/\/stilanddesign.se\/produkt\/fin-blommig-blus-i-gult-med-lyster\/","name":"Fin blommig blus i gult med lyster - Stil &amp; Design","isPartOf":{"@id":"https:\/\/stilanddesign.se\/#website"},"primaryImageOfPage":{"@id":"https:\/\/stilanddesign.se\/produkt\/fin-blommig-blus-i-gult-med-lyster\/#primaryimage"},"image":{"@id":"https:\/\/stilanddesign.se\/produkt\/fin-blommig-blus-i-gult-med-lyster\/#primaryimage"},"thumbnailUrl":"https:\/\/stilanddesign.se\/wp-content\/uploads\/2026\/03\/776565444.avif","datePublished":"2026-05-12T12:19:54+00:00","dateModified":"2026-05-12T12:20:00+00:00","breadcrumb":{"@id":"https:\/\/stilanddesign.se\/produkt\/fin-blommig-blus-i-gult-med-lyster\/#breadcrumb"},"inLanguage":"en-US","potentialAction":[{"@type":"ReadAction","target":["https:\/\/stilanddesign.se\/produkt\/fin-blommig-blus-i-gult-med-lyster\/"]}]},{"@type":"ImageObject","inLanguage":"en-US","@id":"https:\/\/stilanddesign.se\/produkt\/fin-blommig-blus-i-gult-med-lyster\/#primaryimage","url":"https:\/\/stilanddesign.se\/wp-content\/uploads\/2026\/03\/776565444.avif","contentUrl":"https:\/\/stilanddesign.se\/wp-content\/uploads\/2026\/03\/776565444.avif","width":1080,"height":1440,"caption":"Fin blommig blus i gult med lyster"},{"@type":"BreadcrumbList","@id":"https:\/\/stilanddesign.se\/produkt\/fin-blommig-blus-i-gult-med-lyster\/#breadcrumb","itemListElement":[{"@type":"ListItem","position":1,"name":"Hem","item":"https:\/\/stilanddesign.se\/"},{"@type":"ListItem","position":2,"name":"Butiken","item":"https:\/\/stilanddesign.se\/butiken\/"},{"@type":"ListItem","position":3,"name":"Fin blommig blus i gult med lyster"}]},{"@type":"WebSite","@id":"https:\/\/stilanddesign.se\/#website","url":"https:\/\/stilanddesign.se\/","name":"Style &amp; Design","description":"For those of us who love fashion!","publisher":{"@id":"https:\/\/stilanddesign.se\/#organization"},"potentialAction":[{"@type":"SearchAction","target":{"@type":"EntryPoint","urlTemplate":"https:\/\/stilanddesign.se\/?s={search_term_string}"},"query-input":{"@type":"PropertyValueSpecification","valueRequired":true,"valueName":"search_term_string"}}],"inLanguage":"en-US"},{"@type":"Organization","@id":"https:\/\/stilanddesign.se\/#organization","name":"Style &amp; Design","url":"https:\/\/stilanddesign.se\/","logo":{"@type":"ImageObject","inLanguage":"en-US","@id":"https:\/\/stilanddesign.se\/#\/schema\/logo\/image\/","url":"https:\/\/stilanddesign.se\/wp-content\/uploads\/2023\/12\/output-onlinepngtools-e1727784413220.png","contentUrl":"https:\/\/stilanddesign.se\/wp-content\/uploads\/2023\/12\/output-onlinepngtools-e1727784413220.png","width":519,"height":135,"caption":"Stil &amp; Design"},"image":{"@id":"https:\/\/stilanddesign.se\/#\/schema\/logo\/image\/"}}]}},"_links":{"self":[{"href":"https:\/\/stilanddesign.se\/en\/wp-json\/wp\/v2\/product\/1072075","targetHints":{"allow":["GET"]}}],"collection":[{"href":"https:\/\/stilanddesign.se\/en\/wp-json\/wp\/v2\/product"}],"about":[{"href":"https:\/\/stilanddesign.se\/en\/wp-json\/wp\/v2\/types\/product"}],"replies":[{"embeddable":true,"href":"https:\/\/stilanddesign.se\/en\/wp-json\/wp\/v2\/comments?post=1072075"}],"wp:featuredmedia":[{"embeddable":true,"href":"https:\/\/stilanddesign.se\/en\/wp-json\/wp\/v2\/media\/1072071"}],"wp:attachment":[{"href":"https:\/\/stilanddesign.se\/en\/wp-json\/wp\/v2\/media?parent=1072075"}],"wp:term":[{"taxonomy":"product_brand","embeddable":true,"href":"https:\/\/stilanddesign.se\/en\/wp-json\/wp\/v2\/product_brand?post=1072075"},{"taxonomy":"product_cat","embeddable":true,"href":"https:\/\/stilanddesign.se\/en\/wp-json\/wp\/v2\/product_cat?post=1072075"},{"taxonomy":"product_tag","embeddable":true,"href":"https:\/\/stilanddesign.se\/en\/wp-json\/wp\/v2\/product_tag?post=1072075"}],"curies":[{"name":"wp","href":"https:\/\/api.w.org\/{rel}","templated":true}]}}