{"id":1071670,"date":"2026-04-17T13:35:13","date_gmt":"2026-04-17T11:35:13","guid":{"rendered":"https:\/\/stilanddesign.se\/?post_type=product&#038;p=1071670"},"modified":"2026-04-27T11:01:49","modified_gmt":"2026-04-27T09:01:49","slug":"%e2%9c%a8-lilou-klanning-bohemisk-drom-med-romantiska-detaljer-%f0%9f%8c%b8","status":"publish","type":"product","link":"https:\/\/stilanddesign.se\/en\/product\/%e2%9c%a8-lilou-klanning-bohemisk-drom-med-romantiska-detaljer-%f0%9f%8c%b8\/","title":{"rendered":"\u2728 Lilou Dress \u2013 bohemian dream with romantic details \ud83c\udf38"},"content":{"rendered":"<p data-start=\"0\" data-end=\"65\">\u2728 <strong data-start=\"2\" data-end=\"60\">Lilou Dress \u2013 bohemian dream with romantic details<\/strong> \ud83c\udf38<\/p>\n<p data-start=\"67\" data-end=\"313\">Let your style flourish in the Lilou Dress \u2013 a magical paisley dream with a relaxed bohemian feel and beautiful, thoughtful details \ud83d\udcab It combines two different paisley patterns that create a vibrant and unique expression \u2013 both elegant and trendy \ud83c\udf3f<\/p>\n<p data-start=\"315\" data-end=\"522\">The flattering V-neckline at the front and back along with the decorative tassel ties give a feminine and playful touch. The waist can be easily adjusted to accentuate your silhouette just the way you want \ud83d\udc96<\/p>\n<p data-start=\"524\" data-end=\"725\">The A-line skirt with wide ruffles provides a fantastic fall and movement with every step, while the trumpet-shaped sleeves with embroidery and small mirror details add an exclusive, handmade feel \u2728<\/p>\n<p data-start=\"727\" data-end=\"801\">Perfect as a summer dress \u2013 just as natural for everyday wear as for a party \ud83c\udf1e<\/p>\n<p data-start=\"803\" data-end=\"904\">\ud83d\udc96 Material: 100% smooth viscose<br data-start=\"832\" data-end=\"835\" \/>\ud83d\udc96 Length: 135 cm (size M)<br data-start=\"860\" data-end=\"863\" \/>\ud83d\udc96 The model is 170 cm and wears size S<\/p>\n<p data-start=\"906\" data-end=\"1001\" data-is-last-node=\"\" data-is-only-node=\"\">\u2728 Tip! Match with <strong data-start=\"925\" data-end=\"938\">Rae Belt<\/strong> to highlight the waist even more and create a complete look \ud83d\udc95<\/p>\n<p>Lilou Dress \u2013 bohemian paisley dress with v-neck front and back, ruffled skirt and embroidered details. Perfect as a summer dress for everyday and parties.<\/p>\n<p>&nbsp;<\/p>\n<p><span data-sheets-root=\"1\">Lilou Dress \u2013 a beautiful paisley dress with a bohemian feel and lovely details. It is sewn in two different paisley patterns: the top, sleeves and frill at the bottom have a smaller pattern, while the skirt part has a larger and more expressive paisley print. The dress has a v-neck both front and back and can be adjusted with the decorative ties with tassels at the neck. The waist also has an adjustable tie, so you can easily shape the silhouette to your style. The skirt part has an A-line fit with a wide frill that gives the dress a nice fall. The trumpet-shaped sleeves end with a beautiful border in embroidery and small mirror details \u2013 the same details also run along the entire v-neck. A bohemian and feminine dress that is perfect for both everyday life and summer festivities.<\/span><\/p>\n<p>Quality: 100% smooth viscose.<br \/>\nLength: 135 cm from the shoulder in size M.<br \/>\nThe model is 170 cm and wears size S.<br \/>\nTip: Add the Rae Belt for an even more defined waist.<\/p>","protected":false},"excerpt":{"rendered":"<p data-start=\"0\" data-end=\"65\">\u2728 <strong data-start=\"2\" data-end=\"60\">Lilou Dress \u2013 bohemian dream with romantic details<\/strong> \ud83c\udf38<\/p>\n<p data-start=\"67\" data-end=\"313\">Let your style flourish in the Lilou Dress \u2013 a magical paisley dream with a relaxed bohemian feel and beautiful, thoughtful details \ud83d\udcab It combines two different paisley patterns that create a vibrant and unique expression \u2013 both elegant and trendy \ud83c\udf3f<\/p>\n<p data-start=\"315\" data-end=\"522\">The flattering V-neckline at the front and back along with the decorative tassel ties give a feminine and playful touch. The waist can be easily adjusted to accentuate your silhouette just the way you want \ud83d\udc96<\/p>\n<p data-start=\"524\" data-end=\"725\">The A-line skirt with wide ruffles provides a fantastic fall and movement with every step, while the trumpet-shaped sleeves with embroidery and small mirror details add an exclusive, handmade feel \u2728<\/p>\n<p data-start=\"727\" data-end=\"801\">Perfect as a summer dress \u2013 just as natural for everyday wear as for a party \ud83c\udf1e<\/p>\n<p data-start=\"803\" data-end=\"904\">\ud83d\udc96 Material: 100% smooth viscose<br data-start=\"832\" data-end=\"835\" \/>\ud83d\udc96 Length: 135 cm (size M)<br data-start=\"860\" data-end=\"863\" \/>\ud83d\udc96 The model is 170 cm and wears size S<\/p>\n<p data-start=\"906\" data-end=\"1001\" data-is-last-node=\"\" data-is-only-node=\"\">\u2728 Tip! Match with <strong data-start=\"925\" data-end=\"938\">Rae Belt<\/strong> to highlight the waist even more and create a complete look \ud83d\udc95<\/p>","protected":false},"featured_media":1071663,"comment_status":"closed","ping_status":"closed","template":"","meta":[],"product_brand":[],"product_cat":[215,217],"product_tag":[],"class_list":{"0":"post-1071670","1":"product","2":"type-product","3":"status-publish","4":"has-post-thumbnail","6":"product_cat-klanningar","7":"product_cat-produktnyheter","9":"first","10":"instock","11":"taxable","12":"shipping-taxable","13":"purchasable","14":"product-type-variable"},"yoast_head":"<!-- This site is optimized with the Yoast SEO Premium plugin v27.4 (Yoast SEO v27.5) - https:\/\/yoast.com\/product\/yoast-seo-premium-wordpress\/ -->\n<title>\u2728 Lilou Kl\u00e4nning \u2013 bohemisk dr\u00f6m med romantiska detaljer \ud83c\udf38 - Stil &amp; Design<\/title>\n<meta name=\"robots\" content=\"index, follow, max-snippet:-1, max-image-preview:large, max-video-preview:-1\" \/>\n<link rel=\"canonical\" href=\"https:\/\/stilanddesign.se\/en\/product\/\u2728-lilou-klanning-bohemisk-drom-med-romantiska-detaljer-\ud83c\udf38\/\" \/>\n<meta property=\"og:locale\" content=\"en_US\" \/>\n<meta property=\"og:type\" content=\"article\" \/>\n<meta property=\"og:title\" content=\"\u2728 Lilou Kl\u00e4nning \u2013 bohemisk dr\u00f6m med romantiska detaljer \ud83c\udf38\" \/>\n<meta property=\"og:description\" content=\"\u2728 Lilou Kl\u00e4nning \u2013 bohemisk dr\u00f6m med romantiska detaljer \ud83c\udf38 L\u00e5t din stil blomstra i Lilou Kl\u00e4nning \u2013 en magisk paisleydr\u00f6m med en avslappnad bohemisk k\u00e4nsla och vackra, genomt\u00e4nkta detaljer \ud83d\udcab Den kombinerar tv\u00e5 olika paisleym\u00f6nster som skapar ett levande och unikt uttryck \u2013 b\u00e5de elegant och trendigt \ud83c\udf3f Den smickrande V-ringningen fram och bak tillsammans med de dekorativa knytbanden med tofsar ger en feminin och lekfull touch. Midjan kan enkelt justeras f\u00f6r att framh\u00e4va din silhuett precis som du vill \ud83d\udc96 Den A-linjeformade kjolen med bred volang ger ett fantastiskt fall och r\u00f6relse i varje steg, medan de trumpetformade \u00e4rmarna med broderi och sm\u00e5 spegeldetaljer adderar en exklusiv, handgjord k\u00e4nsla \u2728 Perfekt som sommarkl\u00e4nning \u2013 lika sj\u00e4lvklar till vardag som till fest \ud83c\udf1e \ud83d\udc96 Material: 100% sl\u00e4t viskos\ud83d\udc96 L\u00e4ngd: 135 cm (strl M)\ud83d\udc96 Modellen \u00e4r 170 cm och b\u00e4r storlek S \u2728 Tips! Matcha med Rae B\u00e4lte f\u00f6r att framh\u00e4va midjan \u00e4nnu mer och skapa en komplett look \ud83d\udc95\" \/>\n<meta property=\"og:url\" content=\"https:\/\/stilanddesign.se\/en\/product\/\u2728-lilou-klanning-bohemisk-drom-med-romantiska-detaljer-\ud83c\udf38\/\" \/>\n<meta property=\"og:site_name\" content=\"Stil &amp; Design\" \/>\n<meta property=\"article:modified_time\" content=\"2026-04-27T09:01:49+00:00\" \/>\n<meta property=\"og:image\" content=\"https:\/\/stilanddesign.se\/wp-content\/uploads\/2026\/03\/776765666.jpg\" \/>\n\t<meta property=\"og:image:width\" content=\"900\" \/>\n\t<meta property=\"og:image:height\" content=\"1350\" \/>\n\t<meta property=\"og:image:type\" content=\"image\/jpeg\" \/>\n<meta name=\"twitter:card\" content=\"summary_large_image\" \/>\n<meta name=\"twitter:label1\" content=\"Est. reading time\" \/>\n\t<meta name=\"twitter:data1\" content=\"2 minutes\" \/>\n<script type=\"application\/ld+json\" class=\"yoast-schema-graph\">{\"@context\":\"https:\\\/\\\/schema.org\",\"@graph\":[{\"@type\":\"WebPage\",\"@id\":\"https:\\\/\\\/stilanddesign.se\\\/produkt\\\/%e2%9c%a8-lilou-klanning-bohemisk-drom-med-romantiska-detaljer-%f0%9f%8c%b8\\\/\",\"url\":\"https:\\\/\\\/stilanddesign.se\\\/produkt\\\/%e2%9c%a8-lilou-klanning-bohemisk-drom-med-romantiska-detaljer-%f0%9f%8c%b8\\\/\",\"name\":\"\u2728 Lilou Kl\u00e4nning \u2013 bohemisk dr\u00f6m med romantiska detaljer \ud83c\udf38 - Stil &amp; Design\",\"isPartOf\":{\"@id\":\"https:\\\/\\\/stilanddesign.se\\\/#website\"},\"primaryImageOfPage\":{\"@id\":\"https:\\\/\\\/stilanddesign.se\\\/produkt\\\/%e2%9c%a8-lilou-klanning-bohemisk-drom-med-romantiska-detaljer-%f0%9f%8c%b8\\\/#primaryimage\"},\"image\":{\"@id\":\"https:\\\/\\\/stilanddesign.se\\\/produkt\\\/%e2%9c%a8-lilou-klanning-bohemisk-drom-med-romantiska-detaljer-%f0%9f%8c%b8\\\/#primaryimage\"},\"thumbnailUrl\":\"https:\\\/\\\/stilanddesign.se\\\/wp-content\\\/uploads\\\/2026\\\/03\\\/776765666.jpg\",\"datePublished\":\"2026-04-17T11:35:13+00:00\",\"dateModified\":\"2026-04-27T09:01:49+00:00\",\"breadcrumb\":{\"@id\":\"https:\\\/\\\/stilanddesign.se\\\/produkt\\\/%e2%9c%a8-lilou-klanning-bohemisk-drom-med-romantiska-detaljer-%f0%9f%8c%b8\\\/#breadcrumb\"},\"inLanguage\":\"en-US\",\"potentialAction\":[{\"@type\":\"ReadAction\",\"target\":[\"https:\\\/\\\/stilanddesign.se\\\/produkt\\\/%e2%9c%a8-lilou-klanning-bohemisk-drom-med-romantiska-detaljer-%f0%9f%8c%b8\\\/\"]}]},{\"@type\":\"ImageObject\",\"inLanguage\":\"en-US\",\"@id\":\"https:\\\/\\\/stilanddesign.se\\\/produkt\\\/%e2%9c%a8-lilou-klanning-bohemisk-drom-med-romantiska-detaljer-%f0%9f%8c%b8\\\/#primaryimage\",\"url\":\"https:\\\/\\\/stilanddesign.se\\\/wp-content\\\/uploads\\\/2026\\\/03\\\/776765666.jpg\",\"contentUrl\":\"https:\\\/\\\/stilanddesign.se\\\/wp-content\\\/uploads\\\/2026\\\/03\\\/776765666.jpg\",\"width\":900,\"height\":1350,\"caption\":\"Bohemisk kl\u00e4nning i paisleym\u00f6nster\"},{\"@type\":\"BreadcrumbList\",\"@id\":\"https:\\\/\\\/stilanddesign.se\\\/produkt\\\/%e2%9c%a8-lilou-klanning-bohemisk-drom-med-romantiska-detaljer-%f0%9f%8c%b8\\\/#breadcrumb\",\"itemListElement\":[{\"@type\":\"ListItem\",\"position\":1,\"name\":\"Hem\",\"item\":\"https:\\\/\\\/stilanddesign.se\\\/\"},{\"@type\":\"ListItem\",\"position\":2,\"name\":\"Butiken\",\"item\":\"https:\\\/\\\/stilanddesign.se\\\/butiken\\\/\"},{\"@type\":\"ListItem\",\"position\":3,\"name\":\"\u2728 Lilou Kl\u00e4nning \u2013 bohemisk dr\u00f6m med romantiska detaljer \ud83c\udf38\"}]},{\"@type\":\"WebSite\",\"@id\":\"https:\\\/\\\/stilanddesign.se\\\/#website\",\"url\":\"https:\\\/\\\/stilanddesign.se\\\/\",\"name\":\"Stil &amp; Design\",\"description\":\"F\u00f6r oss som \u00e4lskar mode!\",\"publisher\":{\"@id\":\"https:\\\/\\\/stilanddesign.se\\\/#organization\"},\"potentialAction\":[{\"@type\":\"SearchAction\",\"target\":{\"@type\":\"EntryPoint\",\"urlTemplate\":\"https:\\\/\\\/stilanddesign.se\\\/?s={search_term_string}\"},\"query-input\":{\"@type\":\"PropertyValueSpecification\",\"valueRequired\":true,\"valueName\":\"search_term_string\"}}],\"inLanguage\":\"en-US\"},{\"@type\":\"Organization\",\"@id\":\"https:\\\/\\\/stilanddesign.se\\\/#organization\",\"name\":\"Stil &amp; Design\",\"url\":\"https:\\\/\\\/stilanddesign.se\\\/\",\"logo\":{\"@type\":\"ImageObject\",\"inLanguage\":\"en-US\",\"@id\":\"https:\\\/\\\/stilanddesign.se\\\/#\\\/schema\\\/logo\\\/image\\\/\",\"url\":\"https:\\\/\\\/stilanddesign.se\\\/wp-content\\\/uploads\\\/2023\\\/12\\\/output-onlinepngtools-e1727784413220.png\",\"contentUrl\":\"https:\\\/\\\/stilanddesign.se\\\/wp-content\\\/uploads\\\/2023\\\/12\\\/output-onlinepngtools-e1727784413220.png\",\"width\":519,\"height\":135,\"caption\":\"Stil &amp; Design\"},\"image\":{\"@id\":\"https:\\\/\\\/stilanddesign.se\\\/#\\\/schema\\\/logo\\\/image\\\/\"}}]}<\/script>\n<!-- \/ Yoast SEO Premium plugin. -->","yoast_head_json":{"title":"\u2728 Lilou Kl\u00e4nning \u2013 bohemisk dr\u00f6m med romantiska detaljer \ud83c\udf38 - Stil &amp; Design","robots":{"index":"index","follow":"follow","max-snippet":"max-snippet:-1","max-image-preview":"max-image-preview:large","max-video-preview":"max-video-preview:-1"},"canonical":"https:\/\/stilanddesign.se\/en\/product\/\u2728-lilou-klanning-bohemisk-drom-med-romantiska-detaljer-\ud83c\udf38\/","og_locale":"en_US","og_type":"article","og_title":"\u2728 Lilou Kl\u00e4nning \u2013 bohemisk dr\u00f6m med romantiska detaljer \ud83c\udf38","og_description":"\u2728 Lilou Kl\u00e4nning \u2013 bohemisk dr\u00f6m med romantiska detaljer \ud83c\udf38 L\u00e5t din stil blomstra i Lilou Kl\u00e4nning \u2013 en magisk paisleydr\u00f6m med en avslappnad bohemisk k\u00e4nsla och vackra, genomt\u00e4nkta detaljer \ud83d\udcab Den kombinerar tv\u00e5 olika paisleym\u00f6nster som skapar ett levande och unikt uttryck \u2013 b\u00e5de elegant och trendigt \ud83c\udf3f Den smickrande V-ringningen fram och bak tillsammans med de dekorativa knytbanden med tofsar ger en feminin och lekfull touch. Midjan kan enkelt justeras f\u00f6r att framh\u00e4va din silhuett precis som du vill \ud83d\udc96 Den A-linjeformade kjolen med bred volang ger ett fantastiskt fall och r\u00f6relse i varje steg, medan de trumpetformade \u00e4rmarna med broderi och sm\u00e5 spegeldetaljer adderar en exklusiv, handgjord k\u00e4nsla \u2728 Perfekt som sommarkl\u00e4nning \u2013 lika sj\u00e4lvklar till vardag som till fest \ud83c\udf1e \ud83d\udc96 Material: 100% sl\u00e4t viskos\ud83d\udc96 L\u00e4ngd: 135 cm (strl M)\ud83d\udc96 Modellen \u00e4r 170 cm och b\u00e4r storlek S \u2728 Tips! Matcha med Rae B\u00e4lte f\u00f6r att framh\u00e4va midjan \u00e4nnu mer och skapa en komplett look \ud83d\udc95","og_url":"https:\/\/stilanddesign.se\/en\/product\/\u2728-lilou-klanning-bohemisk-drom-med-romantiska-detaljer-\ud83c\udf38\/","og_site_name":"Stil &amp; Design","article_modified_time":"2026-04-27T09:01:49+00:00","og_image":[{"width":900,"height":1350,"url":"https:\/\/stilanddesign.se\/wp-content\/uploads\/2026\/03\/776765666.jpg","type":"image\/jpeg"}],"twitter_card":"summary_large_image","twitter_misc":{"Est. reading time":"2 minutes"},"schema":{"@context":"https:\/\/schema.org","@graph":[{"@type":"WebPage","@id":"https:\/\/stilanddesign.se\/produkt\/%e2%9c%a8-lilou-klanning-bohemisk-drom-med-romantiska-detaljer-%f0%9f%8c%b8\/","url":"https:\/\/stilanddesign.se\/produkt\/%e2%9c%a8-lilou-klanning-bohemisk-drom-med-romantiska-detaljer-%f0%9f%8c%b8\/","name":"\u2728 Lilou Kl\u00e4nning \u2013 bohemisk dr\u00f6m med romantiska detaljer \ud83c\udf38 - Stil &amp; Design","isPartOf":{"@id":"https:\/\/stilanddesign.se\/#website"},"primaryImageOfPage":{"@id":"https:\/\/stilanddesign.se\/produkt\/%e2%9c%a8-lilou-klanning-bohemisk-drom-med-romantiska-detaljer-%f0%9f%8c%b8\/#primaryimage"},"image":{"@id":"https:\/\/stilanddesign.se\/produkt\/%e2%9c%a8-lilou-klanning-bohemisk-drom-med-romantiska-detaljer-%f0%9f%8c%b8\/#primaryimage"},"thumbnailUrl":"https:\/\/stilanddesign.se\/wp-content\/uploads\/2026\/03\/776765666.jpg","datePublished":"2026-04-17T11:35:13+00:00","dateModified":"2026-04-27T09:01:49+00:00","breadcrumb":{"@id":"https:\/\/stilanddesign.se\/produkt\/%e2%9c%a8-lilou-klanning-bohemisk-drom-med-romantiska-detaljer-%f0%9f%8c%b8\/#breadcrumb"},"inLanguage":"en-US","potentialAction":[{"@type":"ReadAction","target":["https:\/\/stilanddesign.se\/produkt\/%e2%9c%a8-lilou-klanning-bohemisk-drom-med-romantiska-detaljer-%f0%9f%8c%b8\/"]}]},{"@type":"ImageObject","inLanguage":"en-US","@id":"https:\/\/stilanddesign.se\/produkt\/%e2%9c%a8-lilou-klanning-bohemisk-drom-med-romantiska-detaljer-%f0%9f%8c%b8\/#primaryimage","url":"https:\/\/stilanddesign.se\/wp-content\/uploads\/2026\/03\/776765666.jpg","contentUrl":"https:\/\/stilanddesign.se\/wp-content\/uploads\/2026\/03\/776765666.jpg","width":900,"height":1350,"caption":"Bohemisk kl\u00e4nning i paisleym\u00f6nster"},{"@type":"BreadcrumbList","@id":"https:\/\/stilanddesign.se\/produkt\/%e2%9c%a8-lilou-klanning-bohemisk-drom-med-romantiska-detaljer-%f0%9f%8c%b8\/#breadcrumb","itemListElement":[{"@type":"ListItem","position":1,"name":"Hem","item":"https:\/\/stilanddesign.se\/"},{"@type":"ListItem","position":2,"name":"Butiken","item":"https:\/\/stilanddesign.se\/butiken\/"},{"@type":"ListItem","position":3,"name":"\u2728 Lilou Kl\u00e4nning \u2013 bohemisk dr\u00f6m med romantiska detaljer \ud83c\udf38"}]},{"@type":"WebSite","@id":"https:\/\/stilanddesign.se\/#website","url":"https:\/\/stilanddesign.se\/","name":"Style &amp; Design","description":"For those of us who love fashion!","publisher":{"@id":"https:\/\/stilanddesign.se\/#organization"},"potentialAction":[{"@type":"SearchAction","target":{"@type":"EntryPoint","urlTemplate":"https:\/\/stilanddesign.se\/?s={search_term_string}"},"query-input":{"@type":"PropertyValueSpecification","valueRequired":true,"valueName":"search_term_string"}}],"inLanguage":"en-US"},{"@type":"Organization","@id":"https:\/\/stilanddesign.se\/#organization","name":"Style &amp; Design","url":"https:\/\/stilanddesign.se\/","logo":{"@type":"ImageObject","inLanguage":"en-US","@id":"https:\/\/stilanddesign.se\/#\/schema\/logo\/image\/","url":"https:\/\/stilanddesign.se\/wp-content\/uploads\/2023\/12\/output-onlinepngtools-e1727784413220.png","contentUrl":"https:\/\/stilanddesign.se\/wp-content\/uploads\/2023\/12\/output-onlinepngtools-e1727784413220.png","width":519,"height":135,"caption":"Stil &amp; Design"},"image":{"@id":"https:\/\/stilanddesign.se\/#\/schema\/logo\/image\/"}}]}},"_links":{"self":[{"href":"https:\/\/stilanddesign.se\/en\/wp-json\/wp\/v2\/product\/1071670","targetHints":{"allow":["GET"]}}],"collection":[{"href":"https:\/\/stilanddesign.se\/en\/wp-json\/wp\/v2\/product"}],"about":[{"href":"https:\/\/stilanddesign.se\/en\/wp-json\/wp\/v2\/types\/product"}],"replies":[{"embeddable":true,"href":"https:\/\/stilanddesign.se\/en\/wp-json\/wp\/v2\/comments?post=1071670"}],"wp:featuredmedia":[{"embeddable":true,"href":"https:\/\/stilanddesign.se\/en\/wp-json\/wp\/v2\/media\/1071663"}],"wp:attachment":[{"href":"https:\/\/stilanddesign.se\/en\/wp-json\/wp\/v2\/media?parent=1071670"}],"wp:term":[{"taxonomy":"product_brand","embeddable":true,"href":"https:\/\/stilanddesign.se\/en\/wp-json\/wp\/v2\/product_brand?post=1071670"},{"taxonomy":"product_cat","embeddable":true,"href":"https:\/\/stilanddesign.se\/en\/wp-json\/wp\/v2\/product_cat?post=1071670"},{"taxonomy":"product_tag","embeddable":true,"href":"https:\/\/stilanddesign.se\/en\/wp-json\/wp\/v2\/product_tag?post=1071670"}],"curies":[{"name":"wp","href":"https:\/\/api.w.org\/{rel}","templated":true}]}}