{"id":1071651,"date":"2026-03-27T11:08:27","date_gmt":"2026-03-27T10:08:27","guid":{"rendered":"https:\/\/stilanddesign.se\/?post_type=product&#038;p=1071651"},"modified":"2026-04-16T14:57:32","modified_gmt":"2026-04-16T12:57:32","slug":"paisleymonstrad-a-linjekjol-i-lavendel","status":"publish","type":"product","link":"https:\/\/stilanddesign.se\/en\/product\/paisleymonstrad-a-linjekjol-i-lavendel\/","title":{"rendered":"Paisley-patterned A-line skirt in lavender"},"content":{"rendered":"<h1 class=\"product_title entry-title\">Willa Skirt Lavender\/Coffee\/Black<\/h1>\n<p>Paisley patterned A-line skirt in lavender and brown with ruffles and a slanted hem. Elastic waist for a s<\/p>\n<p><span data-sheets-root=\"1\">Paisley patterned skirt in spring&#039;s trend colors - lavender and brown! The skirt is A-line and has wide elastic at the waist both front and back for a comfortable and flattering fit. The hem is adorned with two high ruffles that give movement and playful volume. The finish is cut diagonally, which makes the skirt slightly shorter on the left side and creates a modern, asymmetrical detail. A feminine and trendy skirt that is perfect for all spring occasions, from everyday to party.<\/span><\/p>\n<p>Quality: 100% polyester silk.<br \/>\nLength right side: 95 cm from waist in size M.<br \/>\nLength left side: 75 cm from waist in size M.<br \/>\nThe model is 170 cm and wears size S.<br \/>\nTip: Wear it with the matching Willa Blouse.<\/p>\n<p>Slim fit \u2013 trendy spring skirt.<\/p>\n<p>&nbsp;<\/p>","protected":false},"excerpt":{"rendered":"<h1 class=\"product_title entry-title\">Willa Skirt Lavender\/Coffee\/Black<\/h1>\n<p>Paisley patterned A-line skirt in lavender and brown with ruffles and a slanted hem. Elastic waist for a s<\/p>\n<p><span data-sheets-root=\"1\">Paisley patterned skirt in spring&#039;s trend colors - lavender and brown! The skirt is A-line and has wide elastic at the waist both front and back for a comfortable and flattering fit. The hem is adorned with two high ruffles that give movement and playful volume. The finish is cut diagonally, which makes the skirt slightly shorter on the left side and creates a modern, asymmetrical detail. A feminine and trendy skirt that is perfect for all spring occasions, from everyday to party.<\/span><\/p>\n<p>Quality: 100% polyester silk.<br \/>\nLength right side: 95 cm from waist in size M.<br \/>\nLength left side: 75 cm from waist in size M.<br \/>\nThe model is 170 cm and wears size S.<br \/>\nTip: Wear it with the matching Willa Blouse.<\/p>\n<p>Slim fit \u2013 trendy spring skirt.<\/p>","protected":false},"featured_media":1071645,"comment_status":"closed","ping_status":"closed","template":"","meta":[],"product_brand":[],"product_cat":[221],"product_tag":[],"class_list":{"0":"post-1071651","1":"product","2":"type-product","3":"status-publish","4":"has-post-thumbnail","6":"product_cat-kjolar","8":"first","9":"instock","10":"taxable","11":"shipping-taxable","12":"purchasable","13":"product-type-variable"},"yoast_head":"<!-- This site is optimized with the Yoast SEO Premium plugin v27.1 (Yoast SEO v27.4) - https:\/\/yoast.com\/product\/yoast-seo-premium-wordpress\/ -->\n<title>Paisleym\u00f6nstrad A-linjekjol i lavendel - Stil &amp; Design<\/title>\n<meta name=\"robots\" content=\"index, follow, max-snippet:-1, max-image-preview:large, max-video-preview:-1\" \/>\n<link rel=\"canonical\" href=\"https:\/\/stilanddesign.se\/en\/product\/paisleymonstrad-a-linjekjol-i-lavendel\/\" \/>\n<meta property=\"og:locale\" content=\"en_US\" \/>\n<meta property=\"og:type\" content=\"article\" \/>\n<meta property=\"og:title\" content=\"Paisleym\u00f6nstrad A-linjekjol i lavendel\" \/>\n<meta property=\"og:description\" content=\"Willa Skirt Lavender\/Coffee\/Black Paisleym\u00f6nstrad a-linjekjol i lavendel och brunt med volanger och snedskuret avslut. Res\u00e5r i midjan f\u00f6r s  Paisleym\u00f6nstrad kjol i v\u00e5rens trendf\u00e4rger \u2013 lavendel och brunt! Kjolen \u00e4r a-linjeformad och har bred res\u00e5r i midjan b\u00e5de fram och bak f\u00f6r en bekv\u00e4m och smickrande passform. Nederkanten pryds av tv\u00e5 h\u00f6ga volanger som ger r\u00f6relse och lekfull volym. Avslutet \u00e4r snedskuret, vilket g\u00f6r att kjolen \u00e4r n\u00e5got kortare p\u00e5 v\u00e4nster sida och skapar en modern, asymmetrisk detalj. En feminin och trendig kjol som passar perfekt till v\u00e5rens alla tillf\u00e4llen, fr\u00e5n vardag till fest.  Kvalit\u00e9: 100% polyester silke. L\u00e4ngd h\u00f6ger sida: 95 cm fr\u00e5n midjan i storlek M. L\u00e4ngd v\u00e4nster sida: 75 cm fr\u00e5n midjan i storlek M. Modellen \u00e4r 170 cm och b\u00e4r storlek S. Tips! B\u00e4r den med tilh\u00f6rande Willa Blus.  mickrande passform \u2013 trendig v\u00e5rkjol.\" \/>\n<meta property=\"og:url\" content=\"https:\/\/stilanddesign.se\/en\/product\/paisleymonstrad-a-linjekjol-i-lavendel\/\" \/>\n<meta property=\"og:site_name\" content=\"Stil &amp; Design\" \/>\n<meta property=\"article:modified_time\" content=\"2026-04-16T12:57:32+00:00\" \/>\n<meta property=\"og:image\" content=\"https:\/\/stilanddesign.se\/wp-content\/uploads\/2026\/03\/776765455444.jpg\" \/>\n\t<meta property=\"og:image:width\" content=\"900\" \/>\n\t<meta property=\"og:image:height\" content=\"1350\" \/>\n\t<meta property=\"og:image:type\" content=\"image\/jpeg\" \/>\n<meta name=\"twitter:card\" content=\"summary_large_image\" \/>\n<meta name=\"twitter:label1\" content=\"Est. reading time\" \/>\n\t<meta name=\"twitter:data1\" content=\"1 minute\" \/>\n<script type=\"application\/ld+json\" class=\"yoast-schema-graph\">{\"@context\":\"https:\\\/\\\/schema.org\",\"@graph\":[{\"@type\":\"WebPage\",\"@id\":\"https:\\\/\\\/stilanddesign.se\\\/produkt\\\/paisleymonstrad-a-linjekjol-i-lavendel\\\/\",\"url\":\"https:\\\/\\\/stilanddesign.se\\\/produkt\\\/paisleymonstrad-a-linjekjol-i-lavendel\\\/\",\"name\":\"Paisleym\u00f6nstrad A-linjekjol i lavendel - Stil &amp; Design\",\"isPartOf\":{\"@id\":\"https:\\\/\\\/stilanddesign.se\\\/#website\"},\"primaryImageOfPage\":{\"@id\":\"https:\\\/\\\/stilanddesign.se\\\/produkt\\\/paisleymonstrad-a-linjekjol-i-lavendel\\\/#primaryimage\"},\"image\":{\"@id\":\"https:\\\/\\\/stilanddesign.se\\\/produkt\\\/paisleymonstrad-a-linjekjol-i-lavendel\\\/#primaryimage\"},\"thumbnailUrl\":\"https:\\\/\\\/stilanddesign.se\\\/wp-content\\\/uploads\\\/2026\\\/03\\\/776765455444.jpg\",\"datePublished\":\"2026-03-27T10:08:27+00:00\",\"dateModified\":\"2026-04-16T12:57:32+00:00\",\"breadcrumb\":{\"@id\":\"https:\\\/\\\/stilanddesign.se\\\/produkt\\\/paisleymonstrad-a-linjekjol-i-lavendel\\\/#breadcrumb\"},\"inLanguage\":\"en-US\",\"potentialAction\":[{\"@type\":\"ReadAction\",\"target\":[\"https:\\\/\\\/stilanddesign.se\\\/produkt\\\/paisleymonstrad-a-linjekjol-i-lavendel\\\/\"]}]},{\"@type\":\"ImageObject\",\"inLanguage\":\"en-US\",\"@id\":\"https:\\\/\\\/stilanddesign.se\\\/produkt\\\/paisleymonstrad-a-linjekjol-i-lavendel\\\/#primaryimage\",\"url\":\"https:\\\/\\\/stilanddesign.se\\\/wp-content\\\/uploads\\\/2026\\\/03\\\/776765455444.jpg\",\"contentUrl\":\"https:\\\/\\\/stilanddesign.se\\\/wp-content\\\/uploads\\\/2026\\\/03\\\/776765455444.jpg\",\"width\":900,\"height\":1350,\"caption\":\"Paisleym\u00f6nstrad A-linjekjol i lavendel\"},{\"@type\":\"BreadcrumbList\",\"@id\":\"https:\\\/\\\/stilanddesign.se\\\/produkt\\\/paisleymonstrad-a-linjekjol-i-lavendel\\\/#breadcrumb\",\"itemListElement\":[{\"@type\":\"ListItem\",\"position\":1,\"name\":\"Hem\",\"item\":\"https:\\\/\\\/stilanddesign.se\\\/\"},{\"@type\":\"ListItem\",\"position\":2,\"name\":\"Butiken\",\"item\":\"https:\\\/\\\/stilanddesign.se\\\/butiken\\\/\"},{\"@type\":\"ListItem\",\"position\":3,\"name\":\"Paisleym\u00f6nstrad A-linjekjol i lavendel\"}]},{\"@type\":\"WebSite\",\"@id\":\"https:\\\/\\\/stilanddesign.se\\\/#website\",\"url\":\"https:\\\/\\\/stilanddesign.se\\\/\",\"name\":\"Stil &amp; Design\",\"description\":\"F\u00f6r oss som \u00e4lskar mode!\",\"publisher\":{\"@id\":\"https:\\\/\\\/stilanddesign.se\\\/#organization\"},\"potentialAction\":[{\"@type\":\"SearchAction\",\"target\":{\"@type\":\"EntryPoint\",\"urlTemplate\":\"https:\\\/\\\/stilanddesign.se\\\/?s={search_term_string}\"},\"query-input\":{\"@type\":\"PropertyValueSpecification\",\"valueRequired\":true,\"valueName\":\"search_term_string\"}}],\"inLanguage\":\"en-US\"},{\"@type\":\"Organization\",\"@id\":\"https:\\\/\\\/stilanddesign.se\\\/#organization\",\"name\":\"Stil &amp; Design\",\"url\":\"https:\\\/\\\/stilanddesign.se\\\/\",\"logo\":{\"@type\":\"ImageObject\",\"inLanguage\":\"en-US\",\"@id\":\"https:\\\/\\\/stilanddesign.se\\\/#\\\/schema\\\/logo\\\/image\\\/\",\"url\":\"https:\\\/\\\/stilanddesign.se\\\/wp-content\\\/uploads\\\/2023\\\/12\\\/output-onlinepngtools-e1727784413220.png\",\"contentUrl\":\"https:\\\/\\\/stilanddesign.se\\\/wp-content\\\/uploads\\\/2023\\\/12\\\/output-onlinepngtools-e1727784413220.png\",\"width\":519,\"height\":135,\"caption\":\"Stil &amp; Design\"},\"image\":{\"@id\":\"https:\\\/\\\/stilanddesign.se\\\/#\\\/schema\\\/logo\\\/image\\\/\"}}]}<\/script>\n<!-- \/ Yoast SEO Premium plugin. -->","yoast_head_json":{"title":"Paisleym\u00f6nstrad A-linjekjol i lavendel - Stil &amp; Design","robots":{"index":"index","follow":"follow","max-snippet":"max-snippet:-1","max-image-preview":"max-image-preview:large","max-video-preview":"max-video-preview:-1"},"canonical":"https:\/\/stilanddesign.se\/en\/product\/paisleymonstrad-a-linjekjol-i-lavendel\/","og_locale":"en_US","og_type":"article","og_title":"Paisleym\u00f6nstrad A-linjekjol i lavendel","og_description":"Willa Skirt Lavender\/Coffee\/Black Paisleym\u00f6nstrad a-linjekjol i lavendel och brunt med volanger och snedskuret avslut. Res\u00e5r i midjan f\u00f6r s  Paisleym\u00f6nstrad kjol i v\u00e5rens trendf\u00e4rger \u2013 lavendel och brunt! Kjolen \u00e4r a-linjeformad och har bred res\u00e5r i midjan b\u00e5de fram och bak f\u00f6r en bekv\u00e4m och smickrande passform. Nederkanten pryds av tv\u00e5 h\u00f6ga volanger som ger r\u00f6relse och lekfull volym. Avslutet \u00e4r snedskuret, vilket g\u00f6r att kjolen \u00e4r n\u00e5got kortare p\u00e5 v\u00e4nster sida och skapar en modern, asymmetrisk detalj. En feminin och trendig kjol som passar perfekt till v\u00e5rens alla tillf\u00e4llen, fr\u00e5n vardag till fest.  Kvalit\u00e9: 100% polyester silke. L\u00e4ngd h\u00f6ger sida: 95 cm fr\u00e5n midjan i storlek M. L\u00e4ngd v\u00e4nster sida: 75 cm fr\u00e5n midjan i storlek M. Modellen \u00e4r 170 cm och b\u00e4r storlek S. Tips! B\u00e4r den med tilh\u00f6rande Willa Blus.  mickrande passform \u2013 trendig v\u00e5rkjol.","og_url":"https:\/\/stilanddesign.se\/en\/product\/paisleymonstrad-a-linjekjol-i-lavendel\/","og_site_name":"Stil &amp; Design","article_modified_time":"2026-04-16T12:57:32+00:00","og_image":[{"width":900,"height":1350,"url":"https:\/\/stilanddesign.se\/wp-content\/uploads\/2026\/03\/776765455444.jpg","type":"image\/jpeg"}],"twitter_card":"summary_large_image","twitter_misc":{"Est. reading time":"1 minute"},"schema":{"@context":"https:\/\/schema.org","@graph":[{"@type":"WebPage","@id":"https:\/\/stilanddesign.se\/produkt\/paisleymonstrad-a-linjekjol-i-lavendel\/","url":"https:\/\/stilanddesign.se\/produkt\/paisleymonstrad-a-linjekjol-i-lavendel\/","name":"Paisleym\u00f6nstrad A-linjekjol i lavendel - Stil &amp; Design","isPartOf":{"@id":"https:\/\/stilanddesign.se\/#website"},"primaryImageOfPage":{"@id":"https:\/\/stilanddesign.se\/produkt\/paisleymonstrad-a-linjekjol-i-lavendel\/#primaryimage"},"image":{"@id":"https:\/\/stilanddesign.se\/produkt\/paisleymonstrad-a-linjekjol-i-lavendel\/#primaryimage"},"thumbnailUrl":"https:\/\/stilanddesign.se\/wp-content\/uploads\/2026\/03\/776765455444.jpg","datePublished":"2026-03-27T10:08:27+00:00","dateModified":"2026-04-16T12:57:32+00:00","breadcrumb":{"@id":"https:\/\/stilanddesign.se\/produkt\/paisleymonstrad-a-linjekjol-i-lavendel\/#breadcrumb"},"inLanguage":"en-US","potentialAction":[{"@type":"ReadAction","target":["https:\/\/stilanddesign.se\/produkt\/paisleymonstrad-a-linjekjol-i-lavendel\/"]}]},{"@type":"ImageObject","inLanguage":"en-US","@id":"https:\/\/stilanddesign.se\/produkt\/paisleymonstrad-a-linjekjol-i-lavendel\/#primaryimage","url":"https:\/\/stilanddesign.se\/wp-content\/uploads\/2026\/03\/776765455444.jpg","contentUrl":"https:\/\/stilanddesign.se\/wp-content\/uploads\/2026\/03\/776765455444.jpg","width":900,"height":1350,"caption":"Paisleym\u00f6nstrad A-linjekjol i lavendel"},{"@type":"BreadcrumbList","@id":"https:\/\/stilanddesign.se\/produkt\/paisleymonstrad-a-linjekjol-i-lavendel\/#breadcrumb","itemListElement":[{"@type":"ListItem","position":1,"name":"Hem","item":"https:\/\/stilanddesign.se\/"},{"@type":"ListItem","position":2,"name":"Butiken","item":"https:\/\/stilanddesign.se\/butiken\/"},{"@type":"ListItem","position":3,"name":"Paisleym\u00f6nstrad A-linjekjol i lavendel"}]},{"@type":"WebSite","@id":"https:\/\/stilanddesign.se\/#website","url":"https:\/\/stilanddesign.se\/","name":"Style &amp; Design","description":"For those of us who love fashion!","publisher":{"@id":"https:\/\/stilanddesign.se\/#organization"},"potentialAction":[{"@type":"SearchAction","target":{"@type":"EntryPoint","urlTemplate":"https:\/\/stilanddesign.se\/?s={search_term_string}"},"query-input":{"@type":"PropertyValueSpecification","valueRequired":true,"valueName":"search_term_string"}}],"inLanguage":"en-US"},{"@type":"Organization","@id":"https:\/\/stilanddesign.se\/#organization","name":"Style &amp; Design","url":"https:\/\/stilanddesign.se\/","logo":{"@type":"ImageObject","inLanguage":"en-US","@id":"https:\/\/stilanddesign.se\/#\/schema\/logo\/image\/","url":"https:\/\/stilanddesign.se\/wp-content\/uploads\/2023\/12\/output-onlinepngtools-e1727784413220.png","contentUrl":"https:\/\/stilanddesign.se\/wp-content\/uploads\/2023\/12\/output-onlinepngtools-e1727784413220.png","width":519,"height":135,"caption":"Stil &amp; Design"},"image":{"@id":"https:\/\/stilanddesign.se\/#\/schema\/logo\/image\/"}}]}},"_links":{"self":[{"href":"https:\/\/stilanddesign.se\/en\/wp-json\/wp\/v2\/product\/1071651","targetHints":{"allow":["GET"]}}],"collection":[{"href":"https:\/\/stilanddesign.se\/en\/wp-json\/wp\/v2\/product"}],"about":[{"href":"https:\/\/stilanddesign.se\/en\/wp-json\/wp\/v2\/types\/product"}],"replies":[{"embeddable":true,"href":"https:\/\/stilanddesign.se\/en\/wp-json\/wp\/v2\/comments?post=1071651"}],"wp:featuredmedia":[{"embeddable":true,"href":"https:\/\/stilanddesign.se\/en\/wp-json\/wp\/v2\/media\/1071645"}],"wp:attachment":[{"href":"https:\/\/stilanddesign.se\/en\/wp-json\/wp\/v2\/media?parent=1071651"}],"wp:term":[{"taxonomy":"product_brand","embeddable":true,"href":"https:\/\/stilanddesign.se\/en\/wp-json\/wp\/v2\/product_brand?post=1071651"},{"taxonomy":"product_cat","embeddable":true,"href":"https:\/\/stilanddesign.se\/en\/wp-json\/wp\/v2\/product_cat?post=1071651"},{"taxonomy":"product_tag","embeddable":true,"href":"https:\/\/stilanddesign.se\/en\/wp-json\/wp\/v2\/product_tag?post=1071651"}],"curies":[{"name":"wp","href":"https:\/\/api.w.org\/{rel}","templated":true}]}}