{"id":1071633,"date":"2026-03-27T10:52:47","date_gmt":"2026-03-27T09:52:47","guid":{"rendered":"https:\/\/stilanddesign.se\/?post_type=product&#038;p=1071633"},"modified":"2026-05-05T16:18:27","modified_gmt":"2026-05-05T14:18:27","slug":"%f0%9f%8c%b8-romantisk-paisleyblus-i-viskos-bohemisk-elegans-med-wow-kansla-%e2%9c%a8","status":"publish","type":"product","link":"https:\/\/stilanddesign.se\/en\/product\/%f0%9f%8c%b8-romantisk-paisleyblus-i-viskos-bohemisk-elegans-med-wow-kansla-%e2%9c%a8\/","title":{"rendered":"\ud83c\udf38 Romantic paisley blouse in viscose - bohemian elegance with a wow-feeling \u2728"},"content":{"rendered":"<h1 class=\"product_title entry-title\"><\/h1>\n<p data-start=\"0\" data-end=\"75\">\ud83c\udf38 <strong data-start=\"3\" data-end=\"71\">Romantic paisley blouse in viscose \u2013 bohemian elegance with a wow-feel<\/strong> \u2728<\/p>\n<p data-start=\"77\" data-end=\"309\">Update your wardrobe with this lovely blouse in soft and supple viscose that gives a comfortable and stylish feel \ud83d\udcab The beautiful paisley pattern in lavender and brown tones creates a warm, bohemian look that really stands out \ud83c\udf3f<\/p>\n<p data-start=\"311\" data-end=\"565\">The boat neckline together with the loose fit creates a relaxed yet elegant silhouette - perfect for both everyday wear and parties \ud83d\udc96 The feminine trumpet sleeves with double ruffles add a romantic touch and give the garment that little something extra \u2728<\/p>\n<p data-start=\"567\" data-end=\"686\">Match with jeans for a casual style or dress it up with a skirt or linen pants for a more sophisticated look \ud83d\udc56\ud83e\udd0d<\/p>\n<p data-start=\"688\" data-end=\"824\">\ud83d\udc96 Material: 100% smooth viscose<br data-start=\"717\" data-end=\"720\" \/>\ud83d\udc96 Front length: 58 cm (size M)<br data-start=\"749\" data-end=\"752\" \/>\ud83d\udc96 Back length: 60 cm (size M)<br data-start=\"780\" data-end=\"783\" \/>\ud83d\udc96 The model is 170 cm and wears size S<\/p>\n<p data-start=\"826\" data-end=\"911\" data-is-last-node=\"\" data-is-only-node=\"\">\u2728 Tip! Match with <strong data-start=\"845\" data-end=\"859\">Willa Skirt<\/strong> in the same series for a complete and trendy outfit \ud83d\udc95<\/p>","protected":false},"excerpt":{"rendered":"<p data-start=\"0\" data-end=\"75\">\ud83c\udf38 <strong data-start=\"3\" data-end=\"71\">Romantic paisley blouse in viscose \u2013 bohemian elegance with a wow-feel<\/strong> \u2728<\/p>\n<p data-start=\"77\" data-end=\"309\">Update your wardrobe with this lovely blouse in soft and supple viscose that gives a comfortable and stylish feel \ud83d\udcab The beautiful paisley pattern in lavender and brown tones creates a warm, bohemian look that really stands out \ud83c\udf3f<\/p>\n<p data-start=\"311\" data-end=\"565\">The boat neckline together with the loose fit creates a relaxed yet elegant silhouette - perfect for both everyday wear and parties \ud83d\udc96 The feminine trumpet sleeves with double ruffles add a romantic touch and give the garment that little something extra \u2728<\/p>\n<p data-start=\"567\" data-end=\"686\">Match with jeans for a casual style or dress it up with a skirt or linen pants for a more sophisticated look \ud83d\udc56\ud83e\udd0d<\/p>\n<p data-start=\"688\" data-end=\"824\">\ud83d\udc96 Material: 100% smooth viscose<br data-start=\"717\" data-end=\"720\" \/>\ud83d\udc96 Front length: 58 cm (size M)<br data-start=\"749\" data-end=\"752\" \/>\ud83d\udc96 Back length: 60 cm (size M)<br data-start=\"780\" data-end=\"783\" \/>\ud83d\udc96 The model is 170 cm and wears size S<\/p>\n<p data-start=\"826\" data-end=\"911\" data-is-last-node=\"\" data-is-only-node=\"\">\u2728 Tip! Match with <strong data-start=\"845\" data-end=\"859\">Willa Skirt<\/strong> in the same series for a complete and trendy outfit \ud83d\udc95<\/p>","protected":false},"featured_media":1071621,"comment_status":"closed","ping_status":"closed","template":"","meta":[],"product_brand":[],"product_cat":[211],"product_tag":[],"class_list":{"0":"post-1071633","1":"product","2":"type-product","3":"status-publish","4":"has-post-thumbnail","6":"product_cat-blusar","8":"first","9":"instock","10":"taxable","11":"shipping-taxable","12":"purchasable","13":"product-type-variable"},"yoast_head":"<!-- This site is optimized with the Yoast SEO Premium plugin v27.4 (Yoast SEO v27.6) - https:\/\/yoast.com\/product\/yoast-seo-premium-wordpress\/ -->\n<title>\ud83c\udf38 Romantisk paisleyblus i viskos \u2013 bohemisk elegans med wow-k\u00e4nsla \u2728 - Stil &amp; Design<\/title>\n<meta name=\"robots\" content=\"index, follow, max-snippet:-1, max-image-preview:large, max-video-preview:-1\" \/>\n<link rel=\"canonical\" href=\"https:\/\/stilanddesign.se\/en\/product\/\ud83c\udf38-romantisk-paisleyblus-i-viskos-bohemisk-elegans-med-wow-kansla-\u2728\/\" \/>\n<meta property=\"og:locale\" content=\"en_US\" \/>\n<meta property=\"og:type\" content=\"article\" \/>\n<meta property=\"og:title\" content=\"\ud83c\udf38 Romantisk paisleyblus i viskos \u2013 bohemisk elegans med wow-k\u00e4nsla \u2728\" \/>\n<meta property=\"og:description\" content=\"\ud83c\udf38 Romantisk paisleyblus i viskos \u2013 bohemisk elegans med wow-k\u00e4nsla \u2728 Uppdatera din garderob med denna ljuvliga blus i mjuk och f\u00f6ljsam viskos som ger en b\u00e5de bekv\u00e4m och stilfull k\u00e4nsla \ud83d\udcab Det vackra paisleym\u00f6nstret i lavendel och bruna toner skapar en varm, bohemisk look som verkligen sticker ut \ud83c\udf3f Den b\u00e5tringade halsringningen tillsammans med den lediga passformen ger en avslappnad men elegant silhuett \u2013 perfekt f\u00f6r b\u00e5de vardag och fest \ud83d\udc96 De feminina trumpet\u00e4rmarna med dubbla volanger adderar en romantisk touch och ger plagget det lilla extra \u2728 Matcha med jeans f\u00f6r en avslappnad stil eller kl\u00e4 upp den med kjol eller linnebyxor f\u00f6r en mer sofistikerad look \ud83d\udc56\ud83e\udd0d \ud83d\udc96 Material: 100% sl\u00e4t viskos\ud83d\udc96 L\u00e4ngd fram: 58 cm (strl M)\ud83d\udc96 L\u00e4ngd bak: 60 cm (strl M)\ud83d\udc96 Modellen \u00e4r 170 cm och b\u00e4r storlek S \u2728 Tips! Matcha med Willa Kjol i samma serie f\u00f6r en komplett och trendig outfit \ud83d\udc95\" \/>\n<meta property=\"og:url\" content=\"https:\/\/stilanddesign.se\/en\/product\/\ud83c\udf38-romantisk-paisleyblus-i-viskos-bohemisk-elegans-med-wow-kansla-\u2728\/\" \/>\n<meta property=\"og:site_name\" content=\"Stil &amp; Design\" \/>\n<meta property=\"article:modified_time\" content=\"2026-05-05T14:18:27+00:00\" \/>\n<meta property=\"og:image\" content=\"https:\/\/stilanddesign.se\/wp-content\/uploads\/2026\/03\/8878765666666666666.jpg\" \/>\n\t<meta property=\"og:image:width\" content=\"900\" \/>\n\t<meta property=\"og:image:height\" content=\"1350\" \/>\n\t<meta property=\"og:image:type\" content=\"image\/jpeg\" \/>\n<meta name=\"twitter:card\" content=\"summary_large_image\" \/>\n<meta name=\"twitter:label1\" content=\"Est. reading time\" \/>\n\t<meta name=\"twitter:data1\" content=\"1 minute\" \/>\n<script type=\"application\/ld+json\" class=\"yoast-schema-graph\">{\"@context\":\"https:\\\/\\\/schema.org\",\"@graph\":[{\"@type\":\"WebPage\",\"@id\":\"https:\\\/\\\/stilanddesign.se\\\/produkt\\\/%f0%9f%8c%b8-romantisk-paisleyblus-i-viskos-bohemisk-elegans-med-wow-kansla-%e2%9c%a8\\\/\",\"url\":\"https:\\\/\\\/stilanddesign.se\\\/produkt\\\/%f0%9f%8c%b8-romantisk-paisleyblus-i-viskos-bohemisk-elegans-med-wow-kansla-%e2%9c%a8\\\/\",\"name\":\"\ud83c\udf38 Romantisk paisleyblus i viskos \u2013 bohemisk elegans med wow-k\u00e4nsla \u2728 - Stil &amp; Design\",\"isPartOf\":{\"@id\":\"https:\\\/\\\/stilanddesign.se\\\/#website\"},\"primaryImageOfPage\":{\"@id\":\"https:\\\/\\\/stilanddesign.se\\\/produkt\\\/%f0%9f%8c%b8-romantisk-paisleyblus-i-viskos-bohemisk-elegans-med-wow-kansla-%e2%9c%a8\\\/#primaryimage\"},\"image\":{\"@id\":\"https:\\\/\\\/stilanddesign.se\\\/produkt\\\/%f0%9f%8c%b8-romantisk-paisleyblus-i-viskos-bohemisk-elegans-med-wow-kansla-%e2%9c%a8\\\/#primaryimage\"},\"thumbnailUrl\":\"https:\\\/\\\/stilanddesign.se\\\/wp-content\\\/uploads\\\/2026\\\/03\\\/8878765666666666666.jpg\",\"datePublished\":\"2026-03-27T09:52:47+00:00\",\"dateModified\":\"2026-05-05T14:18:27+00:00\",\"breadcrumb\":{\"@id\":\"https:\\\/\\\/stilanddesign.se\\\/produkt\\\/%f0%9f%8c%b8-romantisk-paisleyblus-i-viskos-bohemisk-elegans-med-wow-kansla-%e2%9c%a8\\\/#breadcrumb\"},\"inLanguage\":\"en-US\",\"potentialAction\":[{\"@type\":\"ReadAction\",\"target\":[\"https:\\\/\\\/stilanddesign.se\\\/produkt\\\/%f0%9f%8c%b8-romantisk-paisleyblus-i-viskos-bohemisk-elegans-med-wow-kansla-%e2%9c%a8\\\/\"]}]},{\"@type\":\"ImageObject\",\"inLanguage\":\"en-US\",\"@id\":\"https:\\\/\\\/stilanddesign.se\\\/produkt\\\/%f0%9f%8c%b8-romantisk-paisleyblus-i-viskos-bohemisk-elegans-med-wow-kansla-%e2%9c%a8\\\/#primaryimage\",\"url\":\"https:\\\/\\\/stilanddesign.se\\\/wp-content\\\/uploads\\\/2026\\\/03\\\/8878765666666666666.jpg\",\"contentUrl\":\"https:\\\/\\\/stilanddesign.se\\\/wp-content\\\/uploads\\\/2026\\\/03\\\/8878765666666666666.jpg\",\"width\":900,\"height\":1350,\"caption\":\"S\u00f6t blus i mjuk viskos med paisleym\u00f6nster i lavendel\"},{\"@type\":\"BreadcrumbList\",\"@id\":\"https:\\\/\\\/stilanddesign.se\\\/produkt\\\/%f0%9f%8c%b8-romantisk-paisleyblus-i-viskos-bohemisk-elegans-med-wow-kansla-%e2%9c%a8\\\/#breadcrumb\",\"itemListElement\":[{\"@type\":\"ListItem\",\"position\":1,\"name\":\"Hem\",\"item\":\"https:\\\/\\\/stilanddesign.se\\\/\"},{\"@type\":\"ListItem\",\"position\":2,\"name\":\"Butiken\",\"item\":\"https:\\\/\\\/stilanddesign.se\\\/butiken\\\/\"},{\"@type\":\"ListItem\",\"position\":3,\"name\":\"\ud83c\udf38 Romantisk paisleyblus i viskos \u2013 bohemisk elegans med wow-k\u00e4nsla \u2728\"}]},{\"@type\":\"WebSite\",\"@id\":\"https:\\\/\\\/stilanddesign.se\\\/#website\",\"url\":\"https:\\\/\\\/stilanddesign.se\\\/\",\"name\":\"Stil &amp; Design\",\"description\":\"F\u00f6r oss som \u00e4lskar mode!\",\"publisher\":{\"@id\":\"https:\\\/\\\/stilanddesign.se\\\/#organization\"},\"potentialAction\":[{\"@type\":\"SearchAction\",\"target\":{\"@type\":\"EntryPoint\",\"urlTemplate\":\"https:\\\/\\\/stilanddesign.se\\\/?s={search_term_string}\"},\"query-input\":{\"@type\":\"PropertyValueSpecification\",\"valueRequired\":true,\"valueName\":\"search_term_string\"}}],\"inLanguage\":\"en-US\"},{\"@type\":\"Organization\",\"@id\":\"https:\\\/\\\/stilanddesign.se\\\/#organization\",\"name\":\"Stil &amp; Design\",\"url\":\"https:\\\/\\\/stilanddesign.se\\\/\",\"logo\":{\"@type\":\"ImageObject\",\"inLanguage\":\"en-US\",\"@id\":\"https:\\\/\\\/stilanddesign.se\\\/#\\\/schema\\\/logo\\\/image\\\/\",\"url\":\"https:\\\/\\\/stilanddesign.se\\\/wp-content\\\/uploads\\\/2023\\\/12\\\/output-onlinepngtools-e1727784413220.png\",\"contentUrl\":\"https:\\\/\\\/stilanddesign.se\\\/wp-content\\\/uploads\\\/2023\\\/12\\\/output-onlinepngtools-e1727784413220.png\",\"width\":519,\"height\":135,\"caption\":\"Stil &amp; Design\"},\"image\":{\"@id\":\"https:\\\/\\\/stilanddesign.se\\\/#\\\/schema\\\/logo\\\/image\\\/\"}}]}<\/script>\n<!-- \/ Yoast SEO Premium plugin. -->","yoast_head_json":{"title":"\ud83c\udf38 Romantisk paisleyblus i viskos \u2013 bohemisk elegans med wow-k\u00e4nsla \u2728 - Stil &amp; Design","robots":{"index":"index","follow":"follow","max-snippet":"max-snippet:-1","max-image-preview":"max-image-preview:large","max-video-preview":"max-video-preview:-1"},"canonical":"https:\/\/stilanddesign.se\/en\/product\/\ud83c\udf38-romantisk-paisleyblus-i-viskos-bohemisk-elegans-med-wow-kansla-\u2728\/","og_locale":"en_US","og_type":"article","og_title":"\ud83c\udf38 Romantisk paisleyblus i viskos \u2013 bohemisk elegans med wow-k\u00e4nsla \u2728","og_description":"\ud83c\udf38 Romantisk paisleyblus i viskos \u2013 bohemisk elegans med wow-k\u00e4nsla \u2728 Uppdatera din garderob med denna ljuvliga blus i mjuk och f\u00f6ljsam viskos som ger en b\u00e5de bekv\u00e4m och stilfull k\u00e4nsla \ud83d\udcab Det vackra paisleym\u00f6nstret i lavendel och bruna toner skapar en varm, bohemisk look som verkligen sticker ut \ud83c\udf3f Den b\u00e5tringade halsringningen tillsammans med den lediga passformen ger en avslappnad men elegant silhuett \u2013 perfekt f\u00f6r b\u00e5de vardag och fest \ud83d\udc96 De feminina trumpet\u00e4rmarna med dubbla volanger adderar en romantisk touch och ger plagget det lilla extra \u2728 Matcha med jeans f\u00f6r en avslappnad stil eller kl\u00e4 upp den med kjol eller linnebyxor f\u00f6r en mer sofistikerad look \ud83d\udc56\ud83e\udd0d \ud83d\udc96 Material: 100% sl\u00e4t viskos\ud83d\udc96 L\u00e4ngd fram: 58 cm (strl M)\ud83d\udc96 L\u00e4ngd bak: 60 cm (strl M)\ud83d\udc96 Modellen \u00e4r 170 cm och b\u00e4r storlek S \u2728 Tips! Matcha med Willa Kjol i samma serie f\u00f6r en komplett och trendig outfit \ud83d\udc95","og_url":"https:\/\/stilanddesign.se\/en\/product\/\ud83c\udf38-romantisk-paisleyblus-i-viskos-bohemisk-elegans-med-wow-kansla-\u2728\/","og_site_name":"Stil &amp; Design","article_modified_time":"2026-05-05T14:18:27+00:00","og_image":[{"width":900,"height":1350,"url":"https:\/\/stilanddesign.se\/wp-content\/uploads\/2026\/03\/8878765666666666666.jpg","type":"image\/jpeg"}],"twitter_card":"summary_large_image","twitter_misc":{"Est. reading time":"1 minute"},"schema":{"@context":"https:\/\/schema.org","@graph":[{"@type":"WebPage","@id":"https:\/\/stilanddesign.se\/produkt\/%f0%9f%8c%b8-romantisk-paisleyblus-i-viskos-bohemisk-elegans-med-wow-kansla-%e2%9c%a8\/","url":"https:\/\/stilanddesign.se\/produkt\/%f0%9f%8c%b8-romantisk-paisleyblus-i-viskos-bohemisk-elegans-med-wow-kansla-%e2%9c%a8\/","name":"\ud83c\udf38 Romantisk paisleyblus i viskos \u2013 bohemisk elegans med wow-k\u00e4nsla \u2728 - Stil &amp; Design","isPartOf":{"@id":"https:\/\/stilanddesign.se\/#website"},"primaryImageOfPage":{"@id":"https:\/\/stilanddesign.se\/produkt\/%f0%9f%8c%b8-romantisk-paisleyblus-i-viskos-bohemisk-elegans-med-wow-kansla-%e2%9c%a8\/#primaryimage"},"image":{"@id":"https:\/\/stilanddesign.se\/produkt\/%f0%9f%8c%b8-romantisk-paisleyblus-i-viskos-bohemisk-elegans-med-wow-kansla-%e2%9c%a8\/#primaryimage"},"thumbnailUrl":"https:\/\/stilanddesign.se\/wp-content\/uploads\/2026\/03\/8878765666666666666.jpg","datePublished":"2026-03-27T09:52:47+00:00","dateModified":"2026-05-05T14:18:27+00:00","breadcrumb":{"@id":"https:\/\/stilanddesign.se\/produkt\/%f0%9f%8c%b8-romantisk-paisleyblus-i-viskos-bohemisk-elegans-med-wow-kansla-%e2%9c%a8\/#breadcrumb"},"inLanguage":"en-US","potentialAction":[{"@type":"ReadAction","target":["https:\/\/stilanddesign.se\/produkt\/%f0%9f%8c%b8-romantisk-paisleyblus-i-viskos-bohemisk-elegans-med-wow-kansla-%e2%9c%a8\/"]}]},{"@type":"ImageObject","inLanguage":"en-US","@id":"https:\/\/stilanddesign.se\/produkt\/%f0%9f%8c%b8-romantisk-paisleyblus-i-viskos-bohemisk-elegans-med-wow-kansla-%e2%9c%a8\/#primaryimage","url":"https:\/\/stilanddesign.se\/wp-content\/uploads\/2026\/03\/8878765666666666666.jpg","contentUrl":"https:\/\/stilanddesign.se\/wp-content\/uploads\/2026\/03\/8878765666666666666.jpg","width":900,"height":1350,"caption":"S\u00f6t blus i mjuk viskos med paisleym\u00f6nster i lavendel"},{"@type":"BreadcrumbList","@id":"https:\/\/stilanddesign.se\/produkt\/%f0%9f%8c%b8-romantisk-paisleyblus-i-viskos-bohemisk-elegans-med-wow-kansla-%e2%9c%a8\/#breadcrumb","itemListElement":[{"@type":"ListItem","position":1,"name":"Hem","item":"https:\/\/stilanddesign.se\/"},{"@type":"ListItem","position":2,"name":"Butiken","item":"https:\/\/stilanddesign.se\/butiken\/"},{"@type":"ListItem","position":3,"name":"\ud83c\udf38 Romantisk paisleyblus i viskos \u2013 bohemisk elegans med wow-k\u00e4nsla \u2728"}]},{"@type":"WebSite","@id":"https:\/\/stilanddesign.se\/#website","url":"https:\/\/stilanddesign.se\/","name":"Style &amp; Design","description":"For those of us who love fashion!","publisher":{"@id":"https:\/\/stilanddesign.se\/#organization"},"potentialAction":[{"@type":"SearchAction","target":{"@type":"EntryPoint","urlTemplate":"https:\/\/stilanddesign.se\/?s={search_term_string}"},"query-input":{"@type":"PropertyValueSpecification","valueRequired":true,"valueName":"search_term_string"}}],"inLanguage":"en-US"},{"@type":"Organization","@id":"https:\/\/stilanddesign.se\/#organization","name":"Style &amp; Design","url":"https:\/\/stilanddesign.se\/","logo":{"@type":"ImageObject","inLanguage":"en-US","@id":"https:\/\/stilanddesign.se\/#\/schema\/logo\/image\/","url":"https:\/\/stilanddesign.se\/wp-content\/uploads\/2023\/12\/output-onlinepngtools-e1727784413220.png","contentUrl":"https:\/\/stilanddesign.se\/wp-content\/uploads\/2023\/12\/output-onlinepngtools-e1727784413220.png","width":519,"height":135,"caption":"Stil &amp; Design"},"image":{"@id":"https:\/\/stilanddesign.se\/#\/schema\/logo\/image\/"}}]}},"_links":{"self":[{"href":"https:\/\/stilanddesign.se\/en\/wp-json\/wp\/v2\/product\/1071633","targetHints":{"allow":["GET"]}}],"collection":[{"href":"https:\/\/stilanddesign.se\/en\/wp-json\/wp\/v2\/product"}],"about":[{"href":"https:\/\/stilanddesign.se\/en\/wp-json\/wp\/v2\/types\/product"}],"replies":[{"embeddable":true,"href":"https:\/\/stilanddesign.se\/en\/wp-json\/wp\/v2\/comments?post=1071633"}],"wp:featuredmedia":[{"embeddable":true,"href":"https:\/\/stilanddesign.se\/en\/wp-json\/wp\/v2\/media\/1071621"}],"wp:attachment":[{"href":"https:\/\/stilanddesign.se\/en\/wp-json\/wp\/v2\/media?parent=1071633"}],"wp:term":[{"taxonomy":"product_brand","embeddable":true,"href":"https:\/\/stilanddesign.se\/en\/wp-json\/wp\/v2\/product_brand?post=1071633"},{"taxonomy":"product_cat","embeddable":true,"href":"https:\/\/stilanddesign.se\/en\/wp-json\/wp\/v2\/product_cat?post=1071633"},{"taxonomy":"product_tag","embeddable":true,"href":"https:\/\/stilanddesign.se\/en\/wp-json\/wp\/v2\/product_tag?post=1071633"}],"curies":[{"name":"wp","href":"https:\/\/api.w.org\/{rel}","templated":true}]}}