{"id":1071518,"date":"2026-04-16T11:09:05","date_gmt":"2026-04-16T09:09:05","guid":{"rendered":"https:\/\/stilanddesign.se\/?post_type=product&#038;p=1071518"},"modified":"2026-04-16T11:10:04","modified_gmt":"2026-04-16T09:10:04","slug":"%e2%9c%a8-alvah-klanning-buttercream-rose-%e2%9c%a8","status":"publish","type":"product","link":"https:\/\/stilanddesign.se\/en\/product\/%e2%9c%a8-alvah-klanning-buttercream-rose-%e2%9c%a8\/","title":{"rendered":"\u2728 Alvah Dress \u2013 Buttercream\/Rose \u2728"},"content":{"rendered":"<p data-start=\"0\" data-end=\"43\">\u2728 <strong data-start=\"2\" data-end=\"39\">Alvah Dress \u2013 Buttercream\/Rose<\/strong> \u2728<\/p>\n<p data-start=\"45\" data-end=\"158\">The most romantic dress of the season \u2013 a dream in soft tones with beautiful details that really catch the eye. \ud83c\udf38<\/p>\n<p data-start=\"160\" data-end=\"466\">\ud83c\udf3f <strong data-start=\"163\" data-end=\"176\">Details:<\/strong><br data-start=\"176\" data-end=\"179\" \/>\u2728 Floral pattern in soft buttercream and pink tones<br data-start=\"227\" data-end=\"230\" \/>\ud83c\udf38 Decorative tulle ruffles in a wave-shaped pattern<br data-start=\"276\" data-end=\"279\" \/>\ud83d\udc57 V-neckline at the front<br data-start=\"301\" data-end=\"304\" \/>\ud83d\udcab Cut-off under the bust with elastic at the front and back for a flattering fit<br data-start=\"377\" data-end=\"380\" \/>\ud83c\udf3c Wide puff sleeves (3\/4) with soft elastic<br data-start=\"418\" data-end=\"421\" \/>\ud83d\udc5a Fully lined skirt for a nice fit and comfort<\/p>\n<p data-start=\"468\" data-end=\"575\">A feminine and elegant dress that is perfect for a party, wedding or other special occasions. \u2728<\/p>\n<p data-start=\"577\" data-end=\"715\">\ud83d\udccf <strong data-start=\"580\" data-end=\"590\">Length:<\/strong> approx. 135 cm (size M)<br data-start=\"608\" data-end=\"611\" \/>\ud83e\uddf5 <strong data-start=\"614\" data-end=\"627\">Material:<\/strong> 100% polyester<br data-start=\"642\" data-end=\"645\" \/>\ud83d\udccf <strong data-start=\"648\" data-end=\"662\">Sizes:<\/strong> S\u2013XL<br data-start=\"667\" data-end=\"670\" \/>\ud83c\udff7 <strong data-start=\"673\" data-end=\"713\">The model is 170 cm and wears size S.<\/strong><\/p>\n<p data-start=\"717\" data-end=\"780\" data-is-last-node=\"\" data-is-only-node=\"\">\ud83d\udc96 A romantic favorite that gives a dreamy and stylish look! \u2728<\/p>","protected":false},"excerpt":{"rendered":"<p data-start=\"0\" data-end=\"43\">\u2728 <strong data-start=\"2\" data-end=\"39\">Alvah Dress \u2013 Buttercream\/Rose<\/strong> \u2728<\/p>\n<p data-start=\"45\" data-end=\"158\">The most romantic dress of the season \u2013 a dream in soft tones with beautiful details that really catch the eye. \ud83c\udf38<\/p>\n<p data-start=\"160\" data-end=\"466\">\ud83c\udf3f <strong data-start=\"163\" data-end=\"176\">Details:<\/strong><br data-start=\"176\" data-end=\"179\" \/>\u2728 Floral pattern in soft buttercream and pink tones<br data-start=\"227\" data-end=\"230\" \/>\ud83c\udf38 Decorative tulle ruffles in a wave-shaped pattern<br data-start=\"276\" data-end=\"279\" \/>\ud83d\udc57 V-neckline at the front<br data-start=\"301\" data-end=\"304\" \/>\ud83d\udcab Cut-off under the bust with elastic at the front and back for a flattering fit<br data-start=\"377\" data-end=\"380\" \/>\ud83c\udf3c Wide puff sleeves (3\/4) with soft elastic<br data-start=\"418\" data-end=\"421\" \/>\ud83d\udc5a Fully lined skirt for a nice fit and comfort<\/p>\n<p data-start=\"468\" data-end=\"575\">A feminine and elegant dress that is perfect for a party, wedding or other special occasions. \u2728<\/p>\n<p data-start=\"577\" data-end=\"715\">\ud83d\udccf <strong data-start=\"580\" data-end=\"590\">Length:<\/strong> approx. 135 cm (size M)<br data-start=\"608\" data-end=\"611\" \/>\ud83e\uddf5 <strong data-start=\"614\" data-end=\"627\">Material:<\/strong> 100% polyester<br data-start=\"642\" data-end=\"645\" \/>\ud83d\udccf <strong data-start=\"648\" data-end=\"662\">Sizes:<\/strong> S\u2013XL<br data-start=\"667\" data-end=\"670\" \/>\ud83c\udff7 <strong data-start=\"673\" data-end=\"713\">The model is 170 cm and wears size S.<\/strong><\/p>\n<p data-start=\"717\" data-end=\"780\" data-is-last-node=\"\" data-is-only-node=\"\">\ud83d\udc96 A romantic favorite that gives a dreamy and stylish look! \u2728<\/p>","protected":false},"featured_media":1071511,"comment_status":"closed","ping_status":"closed","template":"","meta":[],"product_brand":[],"product_cat":[215],"product_tag":[],"class_list":{"0":"post-1071518","1":"product","2":"type-product","3":"status-publish","4":"has-post-thumbnail","6":"product_cat-klanningar","8":"first","9":"instock","10":"taxable","11":"shipping-taxable","12":"purchasable","13":"product-type-variable"},"yoast_head":"<!-- This site is optimized with the Yoast SEO Premium plugin v27.4 (Yoast SEO v27.4) - https:\/\/yoast.com\/product\/yoast-seo-premium-wordpress\/ -->\n<title>\u2728 Alvah Kl\u00e4nning \u2013 Buttercream\/Rose \u2728 - Stil &amp; Design<\/title>\n<meta name=\"robots\" content=\"index, follow, max-snippet:-1, max-image-preview:large, max-video-preview:-1\" \/>\n<link rel=\"canonical\" href=\"https:\/\/stilanddesign.se\/en\/product\/\u2728-alvah-klanning-buttercream-rose-\u2728\/\" \/>\n<meta property=\"og:locale\" content=\"en_US\" \/>\n<meta property=\"og:type\" content=\"article\" \/>\n<meta property=\"og:title\" content=\"\u2728 Alvah Kl\u00e4nning \u2013 Buttercream\/Rose \u2728\" \/>\n<meta property=\"og:description\" content=\"\u2728 Alvah Kl\u00e4nning \u2013 Buttercream\/Rose \u2728 S\u00e4songens mest romantiska kl\u00e4nning \u2013 en dr\u00f6m i mjuka toner med vackra detaljer som verkligen f\u00e5ngar blicken. \ud83c\udf38 \ud83c\udf3f Detaljer:\u2728 Blomm\u00f6nster i mjuka buttercream- och rosatoner\ud83c\udf38 Dekorativa tyllvolanger i v\u00e5gformat m\u00f6nster\ud83d\udc57 V-ringning framtill\ud83d\udcab Avsk\u00e4rning under bysten med res\u00e5r fram och bak f\u00f6r smickrande passform\ud83c\udf3c Vida puff\u00e4rmar (3\/4) med mjuk res\u00e5r\ud83d\udc5a Helfodrad kjol f\u00f6r fint fall och komfort En feminin och elegant kl\u00e4nning som passar perfekt till fest, br\u00f6llop eller andra speciella tillf\u00e4llen. \u2728 \ud83d\udccf L\u00e4ngd: ca 135 cm (stl M)\ud83e\uddf5 Material: 100% polyester\ud83d\udccf Storlekar: S\u2013XL\ud83c\udff7 Modellen \u00e4r 170 cm och b\u00e4r storlek S \ud83d\udc96 En romantisk favorit som ger en dr\u00f6mmig och stilfull look! \u2728\" \/>\n<meta property=\"og:url\" content=\"https:\/\/stilanddesign.se\/en\/product\/\u2728-alvah-klanning-buttercream-rose-\u2728\/\" \/>\n<meta property=\"og:site_name\" content=\"Stil &amp; Design\" \/>\n<meta property=\"article:modified_time\" content=\"2026-04-16T09:10:04+00:00\" \/>\n<meta property=\"og:image\" content=\"https:\/\/stilanddesign.se\/wp-content\/uploads\/2026\/03\/776765555555.jpg\" \/>\n\t<meta property=\"og:image:width\" content=\"900\" \/>\n\t<meta property=\"og:image:height\" content=\"1350\" \/>\n\t<meta property=\"og:image:type\" content=\"image\/jpeg\" \/>\n<meta name=\"twitter:card\" content=\"summary_large_image\" \/>\n<meta name=\"twitter:label1\" content=\"Est. reading time\" \/>\n\t<meta name=\"twitter:data1\" content=\"1 minute\" \/>\n<script type=\"application\/ld+json\" class=\"yoast-schema-graph\">{\"@context\":\"https:\\\/\\\/schema.org\",\"@graph\":[{\"@type\":\"WebPage\",\"@id\":\"https:\\\/\\\/stilanddesign.se\\\/produkt\\\/%e2%9c%a8-alvah-klanning-buttercream-rose-%e2%9c%a8\\\/\",\"url\":\"https:\\\/\\\/stilanddesign.se\\\/produkt\\\/%e2%9c%a8-alvah-klanning-buttercream-rose-%e2%9c%a8\\\/\",\"name\":\"\u2728 Alvah Kl\u00e4nning \u2013 Buttercream\\\/Rose \u2728 - Stil &amp; Design\",\"isPartOf\":{\"@id\":\"https:\\\/\\\/stilanddesign.se\\\/#website\"},\"primaryImageOfPage\":{\"@id\":\"https:\\\/\\\/stilanddesign.se\\\/produkt\\\/%e2%9c%a8-alvah-klanning-buttercream-rose-%e2%9c%a8\\\/#primaryimage\"},\"image\":{\"@id\":\"https:\\\/\\\/stilanddesign.se\\\/produkt\\\/%e2%9c%a8-alvah-klanning-buttercream-rose-%e2%9c%a8\\\/#primaryimage\"},\"thumbnailUrl\":\"https:\\\/\\\/stilanddesign.se\\\/wp-content\\\/uploads\\\/2026\\\/03\\\/776765555555.jpg\",\"datePublished\":\"2026-04-16T09:09:05+00:00\",\"dateModified\":\"2026-04-16T09:10:04+00:00\",\"breadcrumb\":{\"@id\":\"https:\\\/\\\/stilanddesign.se\\\/produkt\\\/%e2%9c%a8-alvah-klanning-buttercream-rose-%e2%9c%a8\\\/#breadcrumb\"},\"inLanguage\":\"en-US\",\"potentialAction\":[{\"@type\":\"ReadAction\",\"target\":[\"https:\\\/\\\/stilanddesign.se\\\/produkt\\\/%e2%9c%a8-alvah-klanning-buttercream-rose-%e2%9c%a8\\\/\"]}]},{\"@type\":\"ImageObject\",\"inLanguage\":\"en-US\",\"@id\":\"https:\\\/\\\/stilanddesign.se\\\/produkt\\\/%e2%9c%a8-alvah-klanning-buttercream-rose-%e2%9c%a8\\\/#primaryimage\",\"url\":\"https:\\\/\\\/stilanddesign.se\\\/wp-content\\\/uploads\\\/2026\\\/03\\\/776765555555.jpg\",\"contentUrl\":\"https:\\\/\\\/stilanddesign.se\\\/wp-content\\\/uploads\\\/2026\\\/03\\\/776765555555.jpg\",\"width\":900,\"height\":1350,\"caption\":\"Blomm\u00f6nstrad och romantisk kl\u00e4nning med tyllvolanger\"},{\"@type\":\"BreadcrumbList\",\"@id\":\"https:\\\/\\\/stilanddesign.se\\\/produkt\\\/%e2%9c%a8-alvah-klanning-buttercream-rose-%e2%9c%a8\\\/#breadcrumb\",\"itemListElement\":[{\"@type\":\"ListItem\",\"position\":1,\"name\":\"Hem\",\"item\":\"https:\\\/\\\/stilanddesign.se\\\/\"},{\"@type\":\"ListItem\",\"position\":2,\"name\":\"Butiken\",\"item\":\"https:\\\/\\\/stilanddesign.se\\\/butiken\\\/\"},{\"@type\":\"ListItem\",\"position\":3,\"name\":\"\u2728 Alvah Kl\u00e4nning \u2013 Buttercream\\\/Rose \u2728\"}]},{\"@type\":\"WebSite\",\"@id\":\"https:\\\/\\\/stilanddesign.se\\\/#website\",\"url\":\"https:\\\/\\\/stilanddesign.se\\\/\",\"name\":\"Stil &amp; Design\",\"description\":\"F\u00f6r oss som \u00e4lskar mode!\",\"publisher\":{\"@id\":\"https:\\\/\\\/stilanddesign.se\\\/#organization\"},\"potentialAction\":[{\"@type\":\"SearchAction\",\"target\":{\"@type\":\"EntryPoint\",\"urlTemplate\":\"https:\\\/\\\/stilanddesign.se\\\/?s={search_term_string}\"},\"query-input\":{\"@type\":\"PropertyValueSpecification\",\"valueRequired\":true,\"valueName\":\"search_term_string\"}}],\"inLanguage\":\"en-US\"},{\"@type\":\"Organization\",\"@id\":\"https:\\\/\\\/stilanddesign.se\\\/#organization\",\"name\":\"Stil &amp; Design\",\"url\":\"https:\\\/\\\/stilanddesign.se\\\/\",\"logo\":{\"@type\":\"ImageObject\",\"inLanguage\":\"en-US\",\"@id\":\"https:\\\/\\\/stilanddesign.se\\\/#\\\/schema\\\/logo\\\/image\\\/\",\"url\":\"https:\\\/\\\/stilanddesign.se\\\/wp-content\\\/uploads\\\/2023\\\/12\\\/output-onlinepngtools-e1727784413220.png\",\"contentUrl\":\"https:\\\/\\\/stilanddesign.se\\\/wp-content\\\/uploads\\\/2023\\\/12\\\/output-onlinepngtools-e1727784413220.png\",\"width\":519,\"height\":135,\"caption\":\"Stil &amp; Design\"},\"image\":{\"@id\":\"https:\\\/\\\/stilanddesign.se\\\/#\\\/schema\\\/logo\\\/image\\\/\"}}]}<\/script>\n<!-- \/ Yoast SEO Premium plugin. -->","yoast_head_json":{"title":"\u2728 Alvah Kl\u00e4nning \u2013 Buttercream\/Rose \u2728 - Stil &amp; Design","robots":{"index":"index","follow":"follow","max-snippet":"max-snippet:-1","max-image-preview":"max-image-preview:large","max-video-preview":"max-video-preview:-1"},"canonical":"https:\/\/stilanddesign.se\/en\/product\/\u2728-alvah-klanning-buttercream-rose-\u2728\/","og_locale":"en_US","og_type":"article","og_title":"\u2728 Alvah Kl\u00e4nning \u2013 Buttercream\/Rose \u2728","og_description":"\u2728 Alvah Kl\u00e4nning \u2013 Buttercream\/Rose \u2728 S\u00e4songens mest romantiska kl\u00e4nning \u2013 en dr\u00f6m i mjuka toner med vackra detaljer som verkligen f\u00e5ngar blicken. \ud83c\udf38 \ud83c\udf3f Detaljer:\u2728 Blomm\u00f6nster i mjuka buttercream- och rosatoner\ud83c\udf38 Dekorativa tyllvolanger i v\u00e5gformat m\u00f6nster\ud83d\udc57 V-ringning framtill\ud83d\udcab Avsk\u00e4rning under bysten med res\u00e5r fram och bak f\u00f6r smickrande passform\ud83c\udf3c Vida puff\u00e4rmar (3\/4) med mjuk res\u00e5r\ud83d\udc5a Helfodrad kjol f\u00f6r fint fall och komfort En feminin och elegant kl\u00e4nning som passar perfekt till fest, br\u00f6llop eller andra speciella tillf\u00e4llen. \u2728 \ud83d\udccf L\u00e4ngd: ca 135 cm (stl M)\ud83e\uddf5 Material: 100% polyester\ud83d\udccf Storlekar: S\u2013XL\ud83c\udff7 Modellen \u00e4r 170 cm och b\u00e4r storlek S \ud83d\udc96 En romantisk favorit som ger en dr\u00f6mmig och stilfull look! \u2728","og_url":"https:\/\/stilanddesign.se\/en\/product\/\u2728-alvah-klanning-buttercream-rose-\u2728\/","og_site_name":"Stil &amp; Design","article_modified_time":"2026-04-16T09:10:04+00:00","og_image":[{"width":900,"height":1350,"url":"https:\/\/stilanddesign.se\/wp-content\/uploads\/2026\/03\/776765555555.jpg","type":"image\/jpeg"}],"twitter_card":"summary_large_image","twitter_misc":{"Est. reading time":"1 minute"},"schema":{"@context":"https:\/\/schema.org","@graph":[{"@type":"WebPage","@id":"https:\/\/stilanddesign.se\/produkt\/%e2%9c%a8-alvah-klanning-buttercream-rose-%e2%9c%a8\/","url":"https:\/\/stilanddesign.se\/produkt\/%e2%9c%a8-alvah-klanning-buttercream-rose-%e2%9c%a8\/","name":"\u2728 Alvah Kl\u00e4nning \u2013 Buttercream\/Rose \u2728 - Stil &amp; Design","isPartOf":{"@id":"https:\/\/stilanddesign.se\/#website"},"primaryImageOfPage":{"@id":"https:\/\/stilanddesign.se\/produkt\/%e2%9c%a8-alvah-klanning-buttercream-rose-%e2%9c%a8\/#primaryimage"},"image":{"@id":"https:\/\/stilanddesign.se\/produkt\/%e2%9c%a8-alvah-klanning-buttercream-rose-%e2%9c%a8\/#primaryimage"},"thumbnailUrl":"https:\/\/stilanddesign.se\/wp-content\/uploads\/2026\/03\/776765555555.jpg","datePublished":"2026-04-16T09:09:05+00:00","dateModified":"2026-04-16T09:10:04+00:00","breadcrumb":{"@id":"https:\/\/stilanddesign.se\/produkt\/%e2%9c%a8-alvah-klanning-buttercream-rose-%e2%9c%a8\/#breadcrumb"},"inLanguage":"en-US","potentialAction":[{"@type":"ReadAction","target":["https:\/\/stilanddesign.se\/produkt\/%e2%9c%a8-alvah-klanning-buttercream-rose-%e2%9c%a8\/"]}]},{"@type":"ImageObject","inLanguage":"en-US","@id":"https:\/\/stilanddesign.se\/produkt\/%e2%9c%a8-alvah-klanning-buttercream-rose-%e2%9c%a8\/#primaryimage","url":"https:\/\/stilanddesign.se\/wp-content\/uploads\/2026\/03\/776765555555.jpg","contentUrl":"https:\/\/stilanddesign.se\/wp-content\/uploads\/2026\/03\/776765555555.jpg","width":900,"height":1350,"caption":"Blomm\u00f6nstrad och romantisk kl\u00e4nning med tyllvolanger"},{"@type":"BreadcrumbList","@id":"https:\/\/stilanddesign.se\/produkt\/%e2%9c%a8-alvah-klanning-buttercream-rose-%e2%9c%a8\/#breadcrumb","itemListElement":[{"@type":"ListItem","position":1,"name":"Hem","item":"https:\/\/stilanddesign.se\/"},{"@type":"ListItem","position":2,"name":"Butiken","item":"https:\/\/stilanddesign.se\/butiken\/"},{"@type":"ListItem","position":3,"name":"\u2728 Alvah Kl\u00e4nning \u2013 Buttercream\/Rose \u2728"}]},{"@type":"WebSite","@id":"https:\/\/stilanddesign.se\/#website","url":"https:\/\/stilanddesign.se\/","name":"Style &amp; Design","description":"For those of us who love fashion!","publisher":{"@id":"https:\/\/stilanddesign.se\/#organization"},"potentialAction":[{"@type":"SearchAction","target":{"@type":"EntryPoint","urlTemplate":"https:\/\/stilanddesign.se\/?s={search_term_string}"},"query-input":{"@type":"PropertyValueSpecification","valueRequired":true,"valueName":"search_term_string"}}],"inLanguage":"en-US"},{"@type":"Organization","@id":"https:\/\/stilanddesign.se\/#organization","name":"Style &amp; Design","url":"https:\/\/stilanddesign.se\/","logo":{"@type":"ImageObject","inLanguage":"en-US","@id":"https:\/\/stilanddesign.se\/#\/schema\/logo\/image\/","url":"https:\/\/stilanddesign.se\/wp-content\/uploads\/2023\/12\/output-onlinepngtools-e1727784413220.png","contentUrl":"https:\/\/stilanddesign.se\/wp-content\/uploads\/2023\/12\/output-onlinepngtools-e1727784413220.png","width":519,"height":135,"caption":"Stil &amp; Design"},"image":{"@id":"https:\/\/stilanddesign.se\/#\/schema\/logo\/image\/"}}]}},"_links":{"self":[{"href":"https:\/\/stilanddesign.se\/en\/wp-json\/wp\/v2\/product\/1071518","targetHints":{"allow":["GET"]}}],"collection":[{"href":"https:\/\/stilanddesign.se\/en\/wp-json\/wp\/v2\/product"}],"about":[{"href":"https:\/\/stilanddesign.se\/en\/wp-json\/wp\/v2\/types\/product"}],"replies":[{"embeddable":true,"href":"https:\/\/stilanddesign.se\/en\/wp-json\/wp\/v2\/comments?post=1071518"}],"wp:featuredmedia":[{"embeddable":true,"href":"https:\/\/stilanddesign.se\/en\/wp-json\/wp\/v2\/media\/1071511"}],"wp:attachment":[{"href":"https:\/\/stilanddesign.se\/en\/wp-json\/wp\/v2\/media?parent=1071518"}],"wp:term":[{"taxonomy":"product_brand","embeddable":true,"href":"https:\/\/stilanddesign.se\/en\/wp-json\/wp\/v2\/product_brand?post=1071518"},{"taxonomy":"product_cat","embeddable":true,"href":"https:\/\/stilanddesign.se\/en\/wp-json\/wp\/v2\/product_cat?post=1071518"},{"taxonomy":"product_tag","embeddable":true,"href":"https:\/\/stilanddesign.se\/en\/wp-json\/wp\/v2\/product_tag?post=1071518"}],"curies":[{"name":"wp","href":"https:\/\/api.w.org\/{rel}","templated":true}]}}