{"id":1071498,"date":"2026-03-26T19:53:55","date_gmt":"2026-03-26T18:53:55","guid":{"rendered":"https:\/\/stilanddesign.se\/?post_type=product&#038;p=1071498"},"modified":"2026-05-15T15:25:34","modified_gmt":"2026-05-15T13:25:34","slug":"%f0%9f%8c%b8-romantisk-volangblus-i-blommigt-monster-%f0%9f%8c%b8","status":"publish","type":"product","link":"https:\/\/stilanddesign.se\/en\/product\/%f0%9f%8c%b8-romantisk-volangblus-i-blommigt-monster-%f0%9f%8c%b8\/","title":{"rendered":"\ud83c\udf38 Romantic ruffle blouse in floral pattern \ud83c\udf38"},"content":{"rendered":"<p data-start=\"0\" data-end=\"41\">\u2728 <strong data-start=\"2\" data-end=\"37\">Blossom Blouse \u2013 Powder Pink\/Rose<\/strong> \u2728<\/p>\n<p data-start=\"43\" data-end=\"139\">A feminine and airy blouse with romantic details - perfect for all summer occasions. \ud83c\udf38<\/p>\n<p data-start=\"141\" data-end=\"457\">\ud83c\udf3f <strong data-start=\"144\" data-end=\"157\">Details:<\/strong><br data-start=\"157\" data-end=\"160\" \/>\u2728 V-neck with decorative ruffle along the entire opening<br data-start=\"217\" data-end=\"220\" \/>\ud83c\udf38 The ruffle continues down towards the hem for a soft, feminine silhouette<br data-start=\"291\" data-end=\"294\" \/>\ud83d\udc5a Wide sleeves with gussets and ruffles that give an elegant fall<br data-start=\"355\" data-end=\"358\" \/>\ud83d\udcab Loose fit for extra comfort<br data-start=\"393\" data-end=\"396\" data-is-only-node=\"\" \/>\ud83d\udc57 Fully lined in the body for a supple and comfortable garment<\/p>\n<p data-start=\"459\" data-end=\"592\">A trendy and easy-to-wear blouse that goes just as well with jeans as with a skirt or dress pants \u2013 perfect from everyday to party. \u2728<\/p>\n<p data-start=\"594\" data-end=\"662\">\ud83d\udccf <strong data-start=\"597\" data-end=\"607\">Length:<\/strong><br data-start=\"607\" data-end=\"610\" \/>\u2022 Front: approx. 60 cm (size M)<br data-start=\"634\" data-end=\"637\" \/>\u2022 Back: approx. 63 cm (size M)<\/p>\n<p data-start=\"664\" data-end=\"751\">\ud83e\uddf5 <strong data-start=\"667\" data-end=\"680\">Material:<\/strong><br data-start=\"680\" data-end=\"683\" \/>\u2022 Outer fabric: 100% polyester chiffon<br data-start=\"717\" data-end=\"720\" \/>\u2022 Lining: 100% polyester tricot<\/p>\n<p data-start=\"753\" data-end=\"855\">\ud83d\udccf <strong data-start=\"756\" data-end=\"770\">Sizes:<\/strong> S\u2013XL<br data-start=\"775\" data-end=\"778\" \/>\ud83c\udfa8 <strong data-start=\"781\" data-end=\"790\">Paint:<\/strong> Pink\/Rose<br data-start=\"807\" data-end=\"810\" \/>\ud83c\udff7 <strong data-start=\"813\" data-end=\"853\">The model is 170 cm and wears size S.<\/strong><\/p>\n<p data-start=\"857\" data-end=\"925\" data-is-last-node=\"\" data-is-only-node=\"\">\ud83d\udc96 A romantic favorite with beautiful details that will elevate your outfit! \u2728<\/p>","protected":false},"excerpt":{"rendered":"<p data-start=\"0\" data-end=\"41\">\u2728 <strong data-start=\"2\" data-end=\"37\">Blossom Blouse \u2013 Powder Pink\/Rose<\/strong> \u2728<\/p>\n<p data-start=\"43\" data-end=\"139\">A feminine and airy blouse with romantic details - perfect for all summer occasions. \ud83c\udf38<\/p>\n<p data-start=\"141\" data-end=\"457\">\ud83c\udf3f <strong data-start=\"144\" data-end=\"157\">Details:<\/strong><br data-start=\"157\" data-end=\"160\" \/>\u2728 V-neck with decorative ruffle along the entire opening<br data-start=\"217\" data-end=\"220\" \/>\ud83c\udf38 The ruffle continues down towards the hem for a soft, feminine silhouette<br data-start=\"291\" data-end=\"294\" \/>\ud83d\udc5a Wide sleeves with gussets and ruffles that give an elegant fall<br data-start=\"355\" data-end=\"358\" \/>\ud83d\udcab Loose fit for extra comfort<br data-start=\"393\" data-end=\"396\" data-is-only-node=\"\" \/>\ud83d\udc57 Fully lined in the body for a supple and comfortable garment<\/p>\n<p data-start=\"459\" data-end=\"592\">A trendy and easy-to-wear blouse that goes just as well with jeans as with a skirt or dress pants \u2013 perfect from everyday to party. \u2728<\/p>\n<p data-start=\"594\" data-end=\"662\">\ud83d\udccf <strong data-start=\"597\" data-end=\"607\">Length:<\/strong><br data-start=\"607\" data-end=\"610\" \/>\u2022 Front: approx. 60 cm (size M)<br data-start=\"634\" data-end=\"637\" \/>\u2022 Back: approx. 63 cm (size M)<\/p>\n<p data-start=\"664\" data-end=\"751\">\ud83e\uddf5 <strong data-start=\"667\" data-end=\"680\">Material:<\/strong><br data-start=\"680\" data-end=\"683\" \/>\u2022 Outer fabric: 100% polyester chiffon<br data-start=\"717\" data-end=\"720\" \/>\u2022 Lining: 100% polyester tricot<\/p>\n<p data-start=\"753\" data-end=\"855\">\ud83d\udccf <strong data-start=\"756\" data-end=\"770\">Sizes:<\/strong> S\u2013XL<br data-start=\"775\" data-end=\"778\" \/>\ud83c\udfa8 <strong data-start=\"781\" data-end=\"790\">Paint:<\/strong> Pink\/Rose<br data-start=\"807\" data-end=\"810\" \/>\ud83c\udff7 <strong data-start=\"813\" data-end=\"853\">The model is 170 cm and wears size S.<\/strong><\/p>\n<p data-start=\"857\" data-end=\"925\" data-is-last-node=\"\" data-is-only-node=\"\">\ud83d\udc96 A romantic favorite with beautiful details that will elevate your outfit! \u2728<\/p>\n<h1 class=\"product_title entry-title\"><span style=\"font-size: 16px;\">.<\/span><\/h1>","protected":false},"featured_media":1071491,"comment_status":"closed","ping_status":"closed","template":"","meta":[],"product_brand":[],"product_cat":[211],"product_tag":[],"class_list":{"0":"post-1071498","1":"product","2":"type-product","3":"status-publish","4":"has-post-thumbnail","6":"product_cat-blusar","8":"first","9":"instock","10":"taxable","11":"shipping-taxable","12":"purchasable","13":"product-type-variable"},"yoast_head":"<!-- This site is optimized with the Yoast SEO Premium plugin v27.4 (Yoast SEO v27.6) - https:\/\/yoast.com\/product\/yoast-seo-premium-wordpress\/ -->\n<title>\ud83c\udf38 Romantisk volangblus i blommigt m\u00f6nster \ud83c\udf38 - Stil &amp; Design<\/title>\n<meta name=\"robots\" content=\"index, follow, max-snippet:-1, max-image-preview:large, max-video-preview:-1\" \/>\n<link rel=\"canonical\" href=\"https:\/\/stilanddesign.se\/en\/product\/\ud83c\udf38-romantisk-volangblus-i-blommigt-monster-\ud83c\udf38\/\" \/>\n<meta property=\"og:locale\" content=\"en_US\" \/>\n<meta property=\"og:type\" content=\"article\" \/>\n<meta property=\"og:title\" content=\"\ud83c\udf38 Romantisk volangblus i blommigt m\u00f6nster \ud83c\udf38\" \/>\n<meta property=\"og:description\" content=\"\u2728 Blossom Blus \u2013 Powder Pink\/Rose \u2728 En feminin och luftig blus med romantiska detaljer \u2013 perfekt f\u00f6r sommarens alla tillf\u00e4llen. \ud83c\udf38 \ud83c\udf3f Detaljer:\u2728 V-ringad hals med dekorativ volang l\u00e4ngs hela \u00f6ppningen\ud83c\udf38 Volangen forts\u00e4tter ner mot nederkanten f\u00f6r en mjuk, feminin siluett\ud83d\udc5a Vida \u00e4rmar med kilar och volanger som ger ett elegant fall\ud83d\udcab Ledig passform f\u00f6r extra komfort\ud83d\udc57 Helfodrad i kroppen f\u00f6r ett f\u00f6ljsamt och behagligt plagg En trendig och l\u00e4ttburen blus som passar lika fint till jeans som till kjol eller dressade byxor \u2013 perfekt fr\u00e5n vardag till fest. \u2728 \ud83d\udccf L\u00e4ngd:\u2022 Fram: ca 60 cm (stl M)\u2022 Bak: ca 63 cm (stl M) \ud83e\uddf5 Material:\u2022 Yttertyg: 100% polyester chiffon\u2022 Foder: 100% polyester trik\u00e5 \ud83d\udccf Storlekar: S\u2013XL\ud83c\udfa8 F\u00e4rg: Powder Pink\/Rose\ud83c\udff7 Modellen \u00e4r 170 cm och b\u00e4r storlek S \ud83d\udc96 En romantisk favorit med vackra detaljer som lyfter din outfit! \u2728  .\" \/>\n<meta property=\"og:url\" content=\"https:\/\/stilanddesign.se\/en\/product\/\ud83c\udf38-romantisk-volangblus-i-blommigt-monster-\ud83c\udf38\/\" \/>\n<meta property=\"og:site_name\" content=\"Stil &amp; Design\" \/>\n<meta property=\"article:modified_time\" content=\"2026-05-15T13:25:34+00:00\" \/>\n<meta property=\"og:image\" content=\"https:\/\/stilanddesign.se\/wp-content\/uploads\/2026\/03\/121433.jpg\" \/>\n\t<meta property=\"og:image:width\" content=\"900\" \/>\n\t<meta property=\"og:image:height\" content=\"1350\" \/>\n\t<meta property=\"og:image:type\" content=\"image\/jpeg\" \/>\n<meta name=\"twitter:card\" content=\"summary_large_image\" \/>\n<meta name=\"twitter:label1\" content=\"Est. reading time\" \/>\n\t<meta name=\"twitter:data1\" content=\"1 minute\" \/>\n<script type=\"application\/ld+json\" class=\"yoast-schema-graph\">{\"@context\":\"https:\\\/\\\/schema.org\",\"@graph\":[{\"@type\":\"WebPage\",\"@id\":\"https:\\\/\\\/stilanddesign.se\\\/produkt\\\/%f0%9f%8c%b8-romantisk-volangblus-i-blommigt-monster-%f0%9f%8c%b8\\\/\",\"url\":\"https:\\\/\\\/stilanddesign.se\\\/produkt\\\/%f0%9f%8c%b8-romantisk-volangblus-i-blommigt-monster-%f0%9f%8c%b8\\\/\",\"name\":\"\ud83c\udf38 Romantisk volangblus i blommigt m\u00f6nster \ud83c\udf38 - Stil &amp; Design\",\"isPartOf\":{\"@id\":\"https:\\\/\\\/stilanddesign.se\\\/#website\"},\"primaryImageOfPage\":{\"@id\":\"https:\\\/\\\/stilanddesign.se\\\/produkt\\\/%f0%9f%8c%b8-romantisk-volangblus-i-blommigt-monster-%f0%9f%8c%b8\\\/#primaryimage\"},\"image\":{\"@id\":\"https:\\\/\\\/stilanddesign.se\\\/produkt\\\/%f0%9f%8c%b8-romantisk-volangblus-i-blommigt-monster-%f0%9f%8c%b8\\\/#primaryimage\"},\"thumbnailUrl\":\"https:\\\/\\\/stilanddesign.se\\\/wp-content\\\/uploads\\\/2026\\\/03\\\/121433.jpg\",\"datePublished\":\"2026-03-26T18:53:55+00:00\",\"dateModified\":\"2026-05-15T13:25:34+00:00\",\"breadcrumb\":{\"@id\":\"https:\\\/\\\/stilanddesign.se\\\/produkt\\\/%f0%9f%8c%b8-romantisk-volangblus-i-blommigt-monster-%f0%9f%8c%b8\\\/#breadcrumb\"},\"inLanguage\":\"en-US\",\"potentialAction\":[{\"@type\":\"ReadAction\",\"target\":[\"https:\\\/\\\/stilanddesign.se\\\/produkt\\\/%f0%9f%8c%b8-romantisk-volangblus-i-blommigt-monster-%f0%9f%8c%b8\\\/\"]}]},{\"@type\":\"ImageObject\",\"inLanguage\":\"en-US\",\"@id\":\"https:\\\/\\\/stilanddesign.se\\\/produkt\\\/%f0%9f%8c%b8-romantisk-volangblus-i-blommigt-monster-%f0%9f%8c%b8\\\/#primaryimage\",\"url\":\"https:\\\/\\\/stilanddesign.se\\\/wp-content\\\/uploads\\\/2026\\\/03\\\/121433.jpg\",\"contentUrl\":\"https:\\\/\\\/stilanddesign.se\\\/wp-content\\\/uploads\\\/2026\\\/03\\\/121433.jpg\",\"width\":900,\"height\":1350,\"caption\":\"Blommig V-ringad blus med volang\u00e4rmar\"},{\"@type\":\"BreadcrumbList\",\"@id\":\"https:\\\/\\\/stilanddesign.se\\\/produkt\\\/%f0%9f%8c%b8-romantisk-volangblus-i-blommigt-monster-%f0%9f%8c%b8\\\/#breadcrumb\",\"itemListElement\":[{\"@type\":\"ListItem\",\"position\":1,\"name\":\"Hem\",\"item\":\"https:\\\/\\\/stilanddesign.se\\\/\"},{\"@type\":\"ListItem\",\"position\":2,\"name\":\"Butiken\",\"item\":\"https:\\\/\\\/stilanddesign.se\\\/butiken\\\/\"},{\"@type\":\"ListItem\",\"position\":3,\"name\":\"\ud83c\udf38 Romantisk volangblus i blommigt m\u00f6nster \ud83c\udf38\"}]},{\"@type\":\"WebSite\",\"@id\":\"https:\\\/\\\/stilanddesign.se\\\/#website\",\"url\":\"https:\\\/\\\/stilanddesign.se\\\/\",\"name\":\"Stil &amp; Design\",\"description\":\"F\u00f6r oss som \u00e4lskar mode!\",\"publisher\":{\"@id\":\"https:\\\/\\\/stilanddesign.se\\\/#organization\"},\"potentialAction\":[{\"@type\":\"SearchAction\",\"target\":{\"@type\":\"EntryPoint\",\"urlTemplate\":\"https:\\\/\\\/stilanddesign.se\\\/?s={search_term_string}\"},\"query-input\":{\"@type\":\"PropertyValueSpecification\",\"valueRequired\":true,\"valueName\":\"search_term_string\"}}],\"inLanguage\":\"en-US\"},{\"@type\":\"Organization\",\"@id\":\"https:\\\/\\\/stilanddesign.se\\\/#organization\",\"name\":\"Stil &amp; Design\",\"url\":\"https:\\\/\\\/stilanddesign.se\\\/\",\"logo\":{\"@type\":\"ImageObject\",\"inLanguage\":\"en-US\",\"@id\":\"https:\\\/\\\/stilanddesign.se\\\/#\\\/schema\\\/logo\\\/image\\\/\",\"url\":\"https:\\\/\\\/stilanddesign.se\\\/wp-content\\\/uploads\\\/2023\\\/12\\\/output-onlinepngtools-e1727784413220.png\",\"contentUrl\":\"https:\\\/\\\/stilanddesign.se\\\/wp-content\\\/uploads\\\/2023\\\/12\\\/output-onlinepngtools-e1727784413220.png\",\"width\":519,\"height\":135,\"caption\":\"Stil &amp; Design\"},\"image\":{\"@id\":\"https:\\\/\\\/stilanddesign.se\\\/#\\\/schema\\\/logo\\\/image\\\/\"}}]}<\/script>\n<!-- \/ Yoast SEO Premium plugin. -->","yoast_head_json":{"title":"\ud83c\udf38 Romantisk volangblus i blommigt m\u00f6nster \ud83c\udf38 - Stil &amp; Design","robots":{"index":"index","follow":"follow","max-snippet":"max-snippet:-1","max-image-preview":"max-image-preview:large","max-video-preview":"max-video-preview:-1"},"canonical":"https:\/\/stilanddesign.se\/en\/product\/\ud83c\udf38-romantisk-volangblus-i-blommigt-monster-\ud83c\udf38\/","og_locale":"en_US","og_type":"article","og_title":"\ud83c\udf38 Romantisk volangblus i blommigt m\u00f6nster \ud83c\udf38","og_description":"\u2728 Blossom Blus \u2013 Powder Pink\/Rose \u2728 En feminin och luftig blus med romantiska detaljer \u2013 perfekt f\u00f6r sommarens alla tillf\u00e4llen. \ud83c\udf38 \ud83c\udf3f Detaljer:\u2728 V-ringad hals med dekorativ volang l\u00e4ngs hela \u00f6ppningen\ud83c\udf38 Volangen forts\u00e4tter ner mot nederkanten f\u00f6r en mjuk, feminin siluett\ud83d\udc5a Vida \u00e4rmar med kilar och volanger som ger ett elegant fall\ud83d\udcab Ledig passform f\u00f6r extra komfort\ud83d\udc57 Helfodrad i kroppen f\u00f6r ett f\u00f6ljsamt och behagligt plagg En trendig och l\u00e4ttburen blus som passar lika fint till jeans som till kjol eller dressade byxor \u2013 perfekt fr\u00e5n vardag till fest. \u2728 \ud83d\udccf L\u00e4ngd:\u2022 Fram: ca 60 cm (stl M)\u2022 Bak: ca 63 cm (stl M) \ud83e\uddf5 Material:\u2022 Yttertyg: 100% polyester chiffon\u2022 Foder: 100% polyester trik\u00e5 \ud83d\udccf Storlekar: S\u2013XL\ud83c\udfa8 F\u00e4rg: Powder Pink\/Rose\ud83c\udff7 Modellen \u00e4r 170 cm och b\u00e4r storlek S \ud83d\udc96 En romantisk favorit med vackra detaljer som lyfter din outfit! \u2728  .","og_url":"https:\/\/stilanddesign.se\/en\/product\/\ud83c\udf38-romantisk-volangblus-i-blommigt-monster-\ud83c\udf38\/","og_site_name":"Stil &amp; Design","article_modified_time":"2026-05-15T13:25:34+00:00","og_image":[{"width":900,"height":1350,"url":"https:\/\/stilanddesign.se\/wp-content\/uploads\/2026\/03\/121433.jpg","type":"image\/jpeg"}],"twitter_card":"summary_large_image","twitter_misc":{"Est. reading time":"1 minute"},"schema":{"@context":"https:\/\/schema.org","@graph":[{"@type":"WebPage","@id":"https:\/\/stilanddesign.se\/produkt\/%f0%9f%8c%b8-romantisk-volangblus-i-blommigt-monster-%f0%9f%8c%b8\/","url":"https:\/\/stilanddesign.se\/produkt\/%f0%9f%8c%b8-romantisk-volangblus-i-blommigt-monster-%f0%9f%8c%b8\/","name":"\ud83c\udf38 Romantisk volangblus i blommigt m\u00f6nster \ud83c\udf38 - Stil &amp; Design","isPartOf":{"@id":"https:\/\/stilanddesign.se\/#website"},"primaryImageOfPage":{"@id":"https:\/\/stilanddesign.se\/produkt\/%f0%9f%8c%b8-romantisk-volangblus-i-blommigt-monster-%f0%9f%8c%b8\/#primaryimage"},"image":{"@id":"https:\/\/stilanddesign.se\/produkt\/%f0%9f%8c%b8-romantisk-volangblus-i-blommigt-monster-%f0%9f%8c%b8\/#primaryimage"},"thumbnailUrl":"https:\/\/stilanddesign.se\/wp-content\/uploads\/2026\/03\/121433.jpg","datePublished":"2026-03-26T18:53:55+00:00","dateModified":"2026-05-15T13:25:34+00:00","breadcrumb":{"@id":"https:\/\/stilanddesign.se\/produkt\/%f0%9f%8c%b8-romantisk-volangblus-i-blommigt-monster-%f0%9f%8c%b8\/#breadcrumb"},"inLanguage":"en-US","potentialAction":[{"@type":"ReadAction","target":["https:\/\/stilanddesign.se\/produkt\/%f0%9f%8c%b8-romantisk-volangblus-i-blommigt-monster-%f0%9f%8c%b8\/"]}]},{"@type":"ImageObject","inLanguage":"en-US","@id":"https:\/\/stilanddesign.se\/produkt\/%f0%9f%8c%b8-romantisk-volangblus-i-blommigt-monster-%f0%9f%8c%b8\/#primaryimage","url":"https:\/\/stilanddesign.se\/wp-content\/uploads\/2026\/03\/121433.jpg","contentUrl":"https:\/\/stilanddesign.se\/wp-content\/uploads\/2026\/03\/121433.jpg","width":900,"height":1350,"caption":"Blommig V-ringad blus med volang\u00e4rmar"},{"@type":"BreadcrumbList","@id":"https:\/\/stilanddesign.se\/produkt\/%f0%9f%8c%b8-romantisk-volangblus-i-blommigt-monster-%f0%9f%8c%b8\/#breadcrumb","itemListElement":[{"@type":"ListItem","position":1,"name":"Hem","item":"https:\/\/stilanddesign.se\/"},{"@type":"ListItem","position":2,"name":"Butiken","item":"https:\/\/stilanddesign.se\/butiken\/"},{"@type":"ListItem","position":3,"name":"\ud83c\udf38 Romantisk volangblus i blommigt m\u00f6nster \ud83c\udf38"}]},{"@type":"WebSite","@id":"https:\/\/stilanddesign.se\/#website","url":"https:\/\/stilanddesign.se\/","name":"Style &amp; Design","description":"For those of us who love fashion!","publisher":{"@id":"https:\/\/stilanddesign.se\/#organization"},"potentialAction":[{"@type":"SearchAction","target":{"@type":"EntryPoint","urlTemplate":"https:\/\/stilanddesign.se\/?s={search_term_string}"},"query-input":{"@type":"PropertyValueSpecification","valueRequired":true,"valueName":"search_term_string"}}],"inLanguage":"en-US"},{"@type":"Organization","@id":"https:\/\/stilanddesign.se\/#organization","name":"Style &amp; Design","url":"https:\/\/stilanddesign.se\/","logo":{"@type":"ImageObject","inLanguage":"en-US","@id":"https:\/\/stilanddesign.se\/#\/schema\/logo\/image\/","url":"https:\/\/stilanddesign.se\/wp-content\/uploads\/2023\/12\/output-onlinepngtools-e1727784413220.png","contentUrl":"https:\/\/stilanddesign.se\/wp-content\/uploads\/2023\/12\/output-onlinepngtools-e1727784413220.png","width":519,"height":135,"caption":"Stil &amp; Design"},"image":{"@id":"https:\/\/stilanddesign.se\/#\/schema\/logo\/image\/"}}]}},"_links":{"self":[{"href":"https:\/\/stilanddesign.se\/en\/wp-json\/wp\/v2\/product\/1071498","targetHints":{"allow":["GET"]}}],"collection":[{"href":"https:\/\/stilanddesign.se\/en\/wp-json\/wp\/v2\/product"}],"about":[{"href":"https:\/\/stilanddesign.se\/en\/wp-json\/wp\/v2\/types\/product"}],"replies":[{"embeddable":true,"href":"https:\/\/stilanddesign.se\/en\/wp-json\/wp\/v2\/comments?post=1071498"}],"wp:featuredmedia":[{"embeddable":true,"href":"https:\/\/stilanddesign.se\/en\/wp-json\/wp\/v2\/media\/1071491"}],"wp:attachment":[{"href":"https:\/\/stilanddesign.se\/en\/wp-json\/wp\/v2\/media?parent=1071498"}],"wp:term":[{"taxonomy":"product_brand","embeddable":true,"href":"https:\/\/stilanddesign.se\/en\/wp-json\/wp\/v2\/product_brand?post=1071498"},{"taxonomy":"product_cat","embeddable":true,"href":"https:\/\/stilanddesign.se\/en\/wp-json\/wp\/v2\/product_cat?post=1071498"},{"taxonomy":"product_tag","embeddable":true,"href":"https:\/\/stilanddesign.se\/en\/wp-json\/wp\/v2\/product_tag?post=1071498"}],"curies":[{"name":"wp","href":"https:\/\/api.w.org\/{rel}","templated":true}]}}