{"id":1071440,"date":"2026-03-26T15:51:59","date_gmt":"2026-03-26T14:51:59","guid":{"rendered":"https:\/\/stilanddesign.se\/?post_type=product&#038;p=1071440"},"modified":"2026-04-15T12:40:41","modified_gmt":"2026-04-15T10:40:41","slug":"%e2%9c%a8-virkad-cardigan-fran-caramell-fashion-%e2%9c%a8","status":"publish","type":"product","link":"https:\/\/stilanddesign.se\/en\/product\/%e2%9c%a8-virkad-cardigan-fran-caramell-fashion-%e2%9c%a8\/","title":{"rendered":"\u2728 Crochet cardigan from Caramell Fashion \u2728"},"content":{"rendered":"<p data-start=\"0\" data-end=\"47\">\u2728 <strong data-start=\"2\" data-end=\"43\">Crochet cardigan from Caramell Fashion<\/strong> \u2728<\/p>\n<p data-start=\"49\" data-end=\"183\">A romantic and bohemian cardigan in beautiful <strong data-start=\"94\" data-end=\"112\">crochet pattern<\/strong> \u2013 perfect as a light and stylish layer over your summer clothes. \ud83e\udd0d<\/p>\n<p data-start=\"185\" data-end=\"425\">\ud83c\udf3f <strong data-start=\"188\" data-end=\"201\">Details:<\/strong><br data-start=\"201\" data-end=\"204\" \/>\u2728 Decorative crochet pattern with fine lace details<br data-start=\"254\" data-end=\"257\" \/>\ud83c\udf80 Tie at the front for a feminine touch<br data-start=\"302\" data-end=\"305\" \/>\ud83d\udc5a Open model - perfect over a top, dress or bikini<br data-start=\"363\" data-end=\"366\" \/>\ud83c\udf38 Wide sleeves with a nice fall<br data-start=\"393\" data-end=\"396\" \/>\ud83d\udc4c Light and airy fit<\/p>\n<p data-start=\"427\" data-end=\"532\">A perfect cardigan for both everyday life and vacation \u2013 just as stylish with jeans as over a summer dress. \ud83c\udf1e<\/p>\n<p data-start=\"534\" data-end=\"648\">\ud83d\udccf <strong data-start=\"537\" data-end=\"549\">Size:<\/strong> S\/M, L\/XL<br data-start=\"559\" data-end=\"562\" \/>\ud83e\uddf5 <strong data-start=\"565\" data-end=\"578\">Material:<\/strong> 100% cotton<br data-start=\"590\" data-end=\"593\" \/>\ud83e\uddfa <strong data-start=\"596\" data-end=\"609\">Washing instructions:<\/strong> 40\u00b0<br data-start=\"613\" data-end=\"616\" \/>\ud83c\udff7 <strong data-start=\"619\" data-end=\"629\">Make:<\/strong> Caramell Fashion<\/p>\n<p data-start=\"650\" data-end=\"716\" data-is-last-node=\"\" data-is-only-node=\"\">\ud83d\udc96 A timeless piece with a boho feel that will elevate your entire outfit! \u2728<\/p>","protected":false},"excerpt":{"rendered":"<p data-start=\"0\" data-end=\"47\">\u2728 <strong data-start=\"2\" data-end=\"43\">Crochet cardigan from Caramell Fashion<\/strong> \u2728<\/p>\n<p data-start=\"49\" data-end=\"183\">A romantic and bohemian cardigan in beautiful <strong data-start=\"94\" data-end=\"112\">crochet pattern<\/strong> \u2013 perfect as a light and stylish layer over your summer clothes. \ud83e\udd0d<\/p>\n<p data-start=\"185\" data-end=\"425\">\ud83c\udf3f <strong data-start=\"188\" data-end=\"201\">Details:<\/strong><br data-start=\"201\" data-end=\"204\" \/>\u2728 Decorative crochet pattern with fine lace details<br data-start=\"254\" data-end=\"257\" \/>\ud83c\udf80 Tie at the front for a feminine touch<br data-start=\"302\" data-end=\"305\" \/>\ud83d\udc5a Open model - perfect over a top, dress or bikini<br data-start=\"363\" data-end=\"366\" \/>\ud83c\udf38 Wide sleeves with a nice fall<br data-start=\"393\" data-end=\"396\" \/>\ud83d\udc4c Light and airy fit<\/p>\n<p data-start=\"427\" data-end=\"532\">A perfect cardigan for both everyday life and vacation \u2013 just as stylish with jeans as over a summer dress. \ud83c\udf1e<\/p>\n<p data-start=\"534\" data-end=\"648\">\ud83d\udccf <strong data-start=\"537\" data-end=\"549\">Size:<\/strong> S\/M, L\/XL<br data-start=\"559\" data-end=\"562\" \/>\ud83e\uddf5 <strong data-start=\"565\" data-end=\"578\">Material:<\/strong> 100% cotton<br data-start=\"590\" data-end=\"593\" \/>\ud83e\uddfa <strong data-start=\"596\" data-end=\"609\">Washing instructions:<\/strong> 40\u00b0<br data-start=\"613\" data-end=\"616\" \/>\ud83c\udff7 <strong data-start=\"619\" data-end=\"629\">Make:<\/strong> Caramell Fashion<\/p>\n<p data-start=\"650\" data-end=\"716\" data-is-last-node=\"\" data-is-only-node=\"\">\ud83d\udc96 A timeless piece with a boho feel that will elevate your entire outfit! \u2728<\/p>","protected":false},"featured_media":1071456,"comment_status":"closed","ping_status":"closed","template":"","meta":[],"product_brand":[],"product_cat":[226],"product_tag":[],"class_list":{"0":"post-1071440","1":"product","2":"type-product","3":"status-publish","4":"has-post-thumbnail","6":"product_cat-koftor-stickade-koftor","8":"first","9":"instock","10":"taxable","11":"shipping-taxable","12":"purchasable","13":"product-type-variable"},"yoast_head":"<!-- This site is optimized with the Yoast SEO Premium plugin v27.1 (Yoast SEO v27.4) - https:\/\/yoast.com\/product\/yoast-seo-premium-wordpress\/ -->\n<title>\u2728 Virkad cardigan fr\u00e5n Caramell Fashion \u2728 - Stil &amp; Design<\/title>\n<meta name=\"robots\" content=\"index, follow, max-snippet:-1, max-image-preview:large, max-video-preview:-1\" \/>\n<link rel=\"canonical\" href=\"https:\/\/stilanddesign.se\/en\/product\/\u2728-virkad-cardigan-fran-caramell-fashion-\u2728\/\" \/>\n<meta property=\"og:locale\" content=\"en_US\" \/>\n<meta property=\"og:type\" content=\"article\" \/>\n<meta property=\"og:title\" content=\"\u2728 Virkad cardigan fr\u00e5n Caramell Fashion \u2728\" \/>\n<meta property=\"og:description\" content=\"\u2728 Virkad cardigan fr\u00e5n Caramell Fashion \u2728 En romantisk och bohemisk cardigan i vackert virkat m\u00f6nster \u2013 perfekt som ett l\u00e4tt och stilfullt lager \u00f6ver dina sommarplagg. \ud83e\udd0d \ud83c\udf3f Detaljer:\u2728 Dekorativt virkat m\u00f6nster med fina spetsdetaljer\ud83c\udf80 Knytning framtill som ger en feminin touch\ud83d\udc5a \u00d6ppen modell \u2013 perfekt \u00f6ver topp, kl\u00e4nning eller bikini\ud83c\udf38 Vida \u00e4rmar med fint fall\ud83d\udc4c L\u00e4tt och luftig passform En perfekt cardigan f\u00f6r b\u00e5de vardag och semester \u2013 lika snygg till jeans som \u00f6ver en sommarkl\u00e4nning. \ud83c\udf1e \ud83d\udccf Storlek: S\/M, L\/XL\ud83e\uddf5 Material: 100% bomull\ud83e\uddfa Tv\u00e4ttr\u00e5d: 40\u00b0\ud83c\udff7 M\u00e4rke: Caramell Fashion \ud83d\udc96 Ett tidl\u00f6st plagg med boho-k\u00e4nsla som lyfter hela din outfit! \u2728\" \/>\n<meta property=\"og:url\" content=\"https:\/\/stilanddesign.se\/en\/product\/\u2728-virkad-cardigan-fran-caramell-fashion-\u2728\/\" \/>\n<meta property=\"og:site_name\" content=\"Stil &amp; Design\" \/>\n<meta property=\"article:modified_time\" content=\"2026-04-15T10:40:41+00:00\" \/>\n<meta property=\"og:image\" content=\"https:\/\/stilanddesign.se\/wp-content\/uploads\/2026\/03\/448.png\" \/>\n\t<meta property=\"og:image:width\" content=\"427\" \/>\n\t<meta property=\"og:image:height\" content=\"640\" \/>\n\t<meta property=\"og:image:type\" content=\"image\/png\" \/>\n<meta name=\"twitter:card\" content=\"summary_large_image\" \/>\n<meta name=\"twitter:label1\" content=\"Est. reading time\" \/>\n\t<meta name=\"twitter:data1\" content=\"1 minute\" \/>\n<script type=\"application\/ld+json\" class=\"yoast-schema-graph\">{\"@context\":\"https:\\\/\\\/schema.org\",\"@graph\":[{\"@type\":\"WebPage\",\"@id\":\"https:\\\/\\\/stilanddesign.se\\\/produkt\\\/%e2%9c%a8-virkad-cardigan-fran-caramell-fashion-%e2%9c%a8\\\/\",\"url\":\"https:\\\/\\\/stilanddesign.se\\\/produkt\\\/%e2%9c%a8-virkad-cardigan-fran-caramell-fashion-%e2%9c%a8\\\/\",\"name\":\"\u2728 Virkad cardigan fr\u00e5n Caramell Fashion \u2728 - Stil &amp; Design\",\"isPartOf\":{\"@id\":\"https:\\\/\\\/stilanddesign.se\\\/#website\"},\"primaryImageOfPage\":{\"@id\":\"https:\\\/\\\/stilanddesign.se\\\/produkt\\\/%e2%9c%a8-virkad-cardigan-fran-caramell-fashion-%e2%9c%a8\\\/#primaryimage\"},\"image\":{\"@id\":\"https:\\\/\\\/stilanddesign.se\\\/produkt\\\/%e2%9c%a8-virkad-cardigan-fran-caramell-fashion-%e2%9c%a8\\\/#primaryimage\"},\"thumbnailUrl\":\"https:\\\/\\\/stilanddesign.se\\\/wp-content\\\/uploads\\\/2026\\\/03\\\/448.png\",\"datePublished\":\"2026-03-26T14:51:59+00:00\",\"dateModified\":\"2026-04-15T10:40:41+00:00\",\"breadcrumb\":{\"@id\":\"https:\\\/\\\/stilanddesign.se\\\/produkt\\\/%e2%9c%a8-virkad-cardigan-fran-caramell-fashion-%e2%9c%a8\\\/#breadcrumb\"},\"inLanguage\":\"en-US\",\"potentialAction\":[{\"@type\":\"ReadAction\",\"target\":[\"https:\\\/\\\/stilanddesign.se\\\/produkt\\\/%e2%9c%a8-virkad-cardigan-fran-caramell-fashion-%e2%9c%a8\\\/\"]}]},{\"@type\":\"ImageObject\",\"inLanguage\":\"en-US\",\"@id\":\"https:\\\/\\\/stilanddesign.se\\\/produkt\\\/%e2%9c%a8-virkad-cardigan-fran-caramell-fashion-%e2%9c%a8\\\/#primaryimage\",\"url\":\"https:\\\/\\\/stilanddesign.se\\\/wp-content\\\/uploads\\\/2026\\\/03\\\/448.png\",\"contentUrl\":\"https:\\\/\\\/stilanddesign.se\\\/wp-content\\\/uploads\\\/2026\\\/03\\\/448.png\",\"width\":427,\"height\":640,\"caption\":\"Virkad cardigan\"},{\"@type\":\"BreadcrumbList\",\"@id\":\"https:\\\/\\\/stilanddesign.se\\\/produkt\\\/%e2%9c%a8-virkad-cardigan-fran-caramell-fashion-%e2%9c%a8\\\/#breadcrumb\",\"itemListElement\":[{\"@type\":\"ListItem\",\"position\":1,\"name\":\"Hem\",\"item\":\"https:\\\/\\\/stilanddesign.se\\\/\"},{\"@type\":\"ListItem\",\"position\":2,\"name\":\"Butiken\",\"item\":\"https:\\\/\\\/stilanddesign.se\\\/butiken\\\/\"},{\"@type\":\"ListItem\",\"position\":3,\"name\":\"\u2728 Virkad cardigan fr\u00e5n Caramell Fashion \u2728\"}]},{\"@type\":\"WebSite\",\"@id\":\"https:\\\/\\\/stilanddesign.se\\\/#website\",\"url\":\"https:\\\/\\\/stilanddesign.se\\\/\",\"name\":\"Stil &amp; Design\",\"description\":\"F\u00f6r oss som \u00e4lskar mode!\",\"publisher\":{\"@id\":\"https:\\\/\\\/stilanddesign.se\\\/#organization\"},\"potentialAction\":[{\"@type\":\"SearchAction\",\"target\":{\"@type\":\"EntryPoint\",\"urlTemplate\":\"https:\\\/\\\/stilanddesign.se\\\/?s={search_term_string}\"},\"query-input\":{\"@type\":\"PropertyValueSpecification\",\"valueRequired\":true,\"valueName\":\"search_term_string\"}}],\"inLanguage\":\"en-US\"},{\"@type\":\"Organization\",\"@id\":\"https:\\\/\\\/stilanddesign.se\\\/#organization\",\"name\":\"Stil &amp; Design\",\"url\":\"https:\\\/\\\/stilanddesign.se\\\/\",\"logo\":{\"@type\":\"ImageObject\",\"inLanguage\":\"en-US\",\"@id\":\"https:\\\/\\\/stilanddesign.se\\\/#\\\/schema\\\/logo\\\/image\\\/\",\"url\":\"https:\\\/\\\/stilanddesign.se\\\/wp-content\\\/uploads\\\/2023\\\/12\\\/output-onlinepngtools-e1727784413220.png\",\"contentUrl\":\"https:\\\/\\\/stilanddesign.se\\\/wp-content\\\/uploads\\\/2023\\\/12\\\/output-onlinepngtools-e1727784413220.png\",\"width\":519,\"height\":135,\"caption\":\"Stil &amp; Design\"},\"image\":{\"@id\":\"https:\\\/\\\/stilanddesign.se\\\/#\\\/schema\\\/logo\\\/image\\\/\"}}]}<\/script>\n<!-- \/ Yoast SEO Premium plugin. -->","yoast_head_json":{"title":"\u2728 Virkad cardigan fr\u00e5n Caramell Fashion \u2728 - Stil &amp; Design","robots":{"index":"index","follow":"follow","max-snippet":"max-snippet:-1","max-image-preview":"max-image-preview:large","max-video-preview":"max-video-preview:-1"},"canonical":"https:\/\/stilanddesign.se\/en\/product\/\u2728-virkad-cardigan-fran-caramell-fashion-\u2728\/","og_locale":"en_US","og_type":"article","og_title":"\u2728 Virkad cardigan fr\u00e5n Caramell Fashion \u2728","og_description":"\u2728 Virkad cardigan fr\u00e5n Caramell Fashion \u2728 En romantisk och bohemisk cardigan i vackert virkat m\u00f6nster \u2013 perfekt som ett l\u00e4tt och stilfullt lager \u00f6ver dina sommarplagg. \ud83e\udd0d \ud83c\udf3f Detaljer:\u2728 Dekorativt virkat m\u00f6nster med fina spetsdetaljer\ud83c\udf80 Knytning framtill som ger en feminin touch\ud83d\udc5a \u00d6ppen modell \u2013 perfekt \u00f6ver topp, kl\u00e4nning eller bikini\ud83c\udf38 Vida \u00e4rmar med fint fall\ud83d\udc4c L\u00e4tt och luftig passform En perfekt cardigan f\u00f6r b\u00e5de vardag och semester \u2013 lika snygg till jeans som \u00f6ver en sommarkl\u00e4nning. \ud83c\udf1e \ud83d\udccf Storlek: S\/M, L\/XL\ud83e\uddf5 Material: 100% bomull\ud83e\uddfa Tv\u00e4ttr\u00e5d: 40\u00b0\ud83c\udff7 M\u00e4rke: Caramell Fashion \ud83d\udc96 Ett tidl\u00f6st plagg med boho-k\u00e4nsla som lyfter hela din outfit! \u2728","og_url":"https:\/\/stilanddesign.se\/en\/product\/\u2728-virkad-cardigan-fran-caramell-fashion-\u2728\/","og_site_name":"Stil &amp; Design","article_modified_time":"2026-04-15T10:40:41+00:00","og_image":[{"width":427,"height":640,"url":"https:\/\/stilanddesign.se\/wp-content\/uploads\/2026\/03\/448.png","type":"image\/png"}],"twitter_card":"summary_large_image","twitter_misc":{"Est. reading time":"1 minute"},"schema":{"@context":"https:\/\/schema.org","@graph":[{"@type":"WebPage","@id":"https:\/\/stilanddesign.se\/produkt\/%e2%9c%a8-virkad-cardigan-fran-caramell-fashion-%e2%9c%a8\/","url":"https:\/\/stilanddesign.se\/produkt\/%e2%9c%a8-virkad-cardigan-fran-caramell-fashion-%e2%9c%a8\/","name":"\u2728 Virkad cardigan fr\u00e5n Caramell Fashion \u2728 - Stil &amp; Design","isPartOf":{"@id":"https:\/\/stilanddesign.se\/#website"},"primaryImageOfPage":{"@id":"https:\/\/stilanddesign.se\/produkt\/%e2%9c%a8-virkad-cardigan-fran-caramell-fashion-%e2%9c%a8\/#primaryimage"},"image":{"@id":"https:\/\/stilanddesign.se\/produkt\/%e2%9c%a8-virkad-cardigan-fran-caramell-fashion-%e2%9c%a8\/#primaryimage"},"thumbnailUrl":"https:\/\/stilanddesign.se\/wp-content\/uploads\/2026\/03\/448.png","datePublished":"2026-03-26T14:51:59+00:00","dateModified":"2026-04-15T10:40:41+00:00","breadcrumb":{"@id":"https:\/\/stilanddesign.se\/produkt\/%e2%9c%a8-virkad-cardigan-fran-caramell-fashion-%e2%9c%a8\/#breadcrumb"},"inLanguage":"en-US","potentialAction":[{"@type":"ReadAction","target":["https:\/\/stilanddesign.se\/produkt\/%e2%9c%a8-virkad-cardigan-fran-caramell-fashion-%e2%9c%a8\/"]}]},{"@type":"ImageObject","inLanguage":"en-US","@id":"https:\/\/stilanddesign.se\/produkt\/%e2%9c%a8-virkad-cardigan-fran-caramell-fashion-%e2%9c%a8\/#primaryimage","url":"https:\/\/stilanddesign.se\/wp-content\/uploads\/2026\/03\/448.png","contentUrl":"https:\/\/stilanddesign.se\/wp-content\/uploads\/2026\/03\/448.png","width":427,"height":640,"caption":"Virkad cardigan"},{"@type":"BreadcrumbList","@id":"https:\/\/stilanddesign.se\/produkt\/%e2%9c%a8-virkad-cardigan-fran-caramell-fashion-%e2%9c%a8\/#breadcrumb","itemListElement":[{"@type":"ListItem","position":1,"name":"Hem","item":"https:\/\/stilanddesign.se\/"},{"@type":"ListItem","position":2,"name":"Butiken","item":"https:\/\/stilanddesign.se\/butiken\/"},{"@type":"ListItem","position":3,"name":"\u2728 Virkad cardigan fr\u00e5n Caramell Fashion \u2728"}]},{"@type":"WebSite","@id":"https:\/\/stilanddesign.se\/#website","url":"https:\/\/stilanddesign.se\/","name":"Style &amp; Design","description":"For those of us who love fashion!","publisher":{"@id":"https:\/\/stilanddesign.se\/#organization"},"potentialAction":[{"@type":"SearchAction","target":{"@type":"EntryPoint","urlTemplate":"https:\/\/stilanddesign.se\/?s={search_term_string}"},"query-input":{"@type":"PropertyValueSpecification","valueRequired":true,"valueName":"search_term_string"}}],"inLanguage":"en-US"},{"@type":"Organization","@id":"https:\/\/stilanddesign.se\/#organization","name":"Style &amp; Design","url":"https:\/\/stilanddesign.se\/","logo":{"@type":"ImageObject","inLanguage":"en-US","@id":"https:\/\/stilanddesign.se\/#\/schema\/logo\/image\/","url":"https:\/\/stilanddesign.se\/wp-content\/uploads\/2023\/12\/output-onlinepngtools-e1727784413220.png","contentUrl":"https:\/\/stilanddesign.se\/wp-content\/uploads\/2023\/12\/output-onlinepngtools-e1727784413220.png","width":519,"height":135,"caption":"Stil &amp; Design"},"image":{"@id":"https:\/\/stilanddesign.se\/#\/schema\/logo\/image\/"}}]}},"_links":{"self":[{"href":"https:\/\/stilanddesign.se\/en\/wp-json\/wp\/v2\/product\/1071440","targetHints":{"allow":["GET"]}}],"collection":[{"href":"https:\/\/stilanddesign.se\/en\/wp-json\/wp\/v2\/product"}],"about":[{"href":"https:\/\/stilanddesign.se\/en\/wp-json\/wp\/v2\/types\/product"}],"replies":[{"embeddable":true,"href":"https:\/\/stilanddesign.se\/en\/wp-json\/wp\/v2\/comments?post=1071440"}],"wp:featuredmedia":[{"embeddable":true,"href":"https:\/\/stilanddesign.se\/en\/wp-json\/wp\/v2\/media\/1071456"}],"wp:attachment":[{"href":"https:\/\/stilanddesign.se\/en\/wp-json\/wp\/v2\/media?parent=1071440"}],"wp:term":[{"taxonomy":"product_brand","embeddable":true,"href":"https:\/\/stilanddesign.se\/en\/wp-json\/wp\/v2\/product_brand?post=1071440"},{"taxonomy":"product_cat","embeddable":true,"href":"https:\/\/stilanddesign.se\/en\/wp-json\/wp\/v2\/product_cat?post=1071440"},{"taxonomy":"product_tag","embeddable":true,"href":"https:\/\/stilanddesign.se\/en\/wp-json\/wp\/v2\/product_tag?post=1071440"}],"curies":[{"name":"wp","href":"https:\/\/api.w.org\/{rel}","templated":true}]}}