{"id":1071433,"date":"2026-03-26T15:45:40","date_gmt":"2026-03-26T14:45:40","guid":{"rendered":"https:\/\/stilanddesign.se\/?post_type=product&#038;p=1071433"},"modified":"2026-05-08T11:08:31","modified_gmt":"2026-05-08T09:08:31","slug":"%e2%9c%a8-virkad-topp-fran-caramell-fashion-%e2%9c%a8-2","status":"publish","type":"product","link":"https:\/\/stilanddesign.se\/en\/product\/%e2%9c%a8-virkad-topp-fran-caramell-fashion-%e2%9c%a8-2\/","title":{"rendered":"\u2728 Crochet top from Caramell Fashion \u2728"},"content":{"rendered":"<p data-start=\"54\" data-end=\"97\">\u2728 <strong data-start=\"56\" data-end=\"93\">Crochet top from Caramell Fashion<\/strong> \u2728<\/p>\n<p data-start=\"99\" data-end=\"219\">A romantic and bohemian top in beautiful <strong data-start=\"139\" data-end=\"156\">crochet design<\/strong> \u2013 perfect for those who want a feminine and summery look. \ud83e\udd0d<\/p>\n<p data-start=\"221\" data-end=\"406\">\ud83c\udf3f <strong data-start=\"224\" data-end=\"237\">Details:<\/strong><br data-start=\"237\" data-end=\"240\" \/>\u2728 Decorative crochet pattern with fine lace details<br data-start=\"290\" data-end=\"293\" \/>\ud83d\udc5a Round neckline<br data-start=\"313\" data-end=\"316\" \/>\ud83c\udf38 Wide, airy sleeves<br data-start=\"338\" data-end=\"341\" \/>\ud83e\udeb6 Light and cool \u2013 perfect for hot days<br data-start=\"383\" data-end=\"386\" data-is-only-node=\"\" \/>\ud83d\udc4c Comfortable fit<\/p>\n<p data-start=\"408\" data-end=\"527\">Wear it over a tank top or bikini for a casual summer style, or match with jeans for a trendy boho look. \ud83c\udf1e<\/p>\n<p data-start=\"529\" data-end=\"666\">\ud83d\udccf <strong data-start=\"532\" data-end=\"544\">Size:<\/strong> S\/M, M\/L<br data-start=\"553\" data-end=\"556\" \/>\ud83e\uddf5 <strong data-start=\"559\" data-end=\"572\">Material:<\/strong> 100% cotton<br data-start=\"584\" data-end=\"587\" \/>\ud83c\udfa8 <strong data-start=\"590\" data-end=\"599\">Paint:<\/strong> Natural white<br data-start=\"608\" data-end=\"611\" \/>\ud83e\uddfa <strong data-start=\"614\" data-end=\"627\">Washing instructions:<\/strong> 40\u00b0<br data-start=\"631\" data-end=\"634\" \/>\ud83c\udff7 <strong data-start=\"637\" data-end=\"647\">Make:<\/strong> Caramell Fashion<\/p>\n<p data-start=\"668\" data-end=\"724\" data-is-last-node=\"\" data-is-only-node=\"\">\ud83d\udc96 A real summer favorite that will lift your entire outfit! \u2728<\/p>","protected":false},"excerpt":{"rendered":"<p data-start=\"54\" data-end=\"97\">\u2728 <strong data-start=\"56\" data-end=\"93\">Crochet top from Caramell Fashion<\/strong> \u2728<\/p>\n<p data-start=\"99\" data-end=\"219\">A romantic and bohemian top in beautiful <strong data-start=\"139\" data-end=\"156\">crochet design<\/strong> \u2013 perfect for those who want a feminine and summery look. \ud83e\udd0d<\/p>\n<p data-start=\"221\" data-end=\"406\">\ud83c\udf3f <strong data-start=\"224\" data-end=\"237\">Details:<\/strong><br data-start=\"237\" data-end=\"240\" \/>\u2728 Decorative crochet pattern with fine lace details<br data-start=\"290\" data-end=\"293\" \/>\ud83d\udc5a Round neckline<br data-start=\"313\" data-end=\"316\" \/>\ud83c\udf38 Wide, airy sleeves<br data-start=\"338\" data-end=\"341\" \/>\ud83e\udeb6 Light and cool \u2013 perfect for hot days<br data-start=\"383\" data-end=\"386\" data-is-only-node=\"\" \/>\ud83d\udc4c Comfortable fit<\/p>\n<p data-start=\"408\" data-end=\"527\">Wear it over a tank top or bikini for a casual summer style, or match with jeans for a trendy boho look. \ud83c\udf1e<\/p>\n<p data-start=\"529\" data-end=\"666\">\ud83d\udccf <strong data-start=\"532\" data-end=\"544\">Size:<\/strong> S\/M, M\/L<br data-start=\"553\" data-end=\"556\" \/>\ud83e\uddf5 <strong data-start=\"559\" data-end=\"572\">Material:<\/strong> 100% cotton<br data-start=\"584\" data-end=\"587\" \/>\ud83c\udfa8 <strong data-start=\"590\" data-end=\"599\">Paint:<\/strong> Natural white<br data-start=\"608\" data-end=\"611\" \/>\ud83e\uddfa <strong data-start=\"614\" data-end=\"627\">Washing instructions:<\/strong> 40\u00b0<br data-start=\"631\" data-end=\"634\" \/>\ud83c\udff7 <strong data-start=\"637\" data-end=\"647\">Make:<\/strong> Caramell Fashion<\/p>\n<p data-start=\"668\" data-end=\"724\" data-is-last-node=\"\" data-is-only-node=\"\">\ud83d\udc96 A real summer favorite that will lift your entire outfit! \u2728<\/p>","protected":false},"featured_media":1071454,"comment_status":"closed","ping_status":"closed","template":"","meta":[],"product_brand":[],"product_cat":[222],"product_tag":[],"class_list":{"0":"post-1071433","1":"product","2":"type-product","3":"status-publish","4":"has-post-thumbnail","6":"product_cat-toppar-tischor","8":"first","9":"instock","10":"taxable","11":"shipping-taxable","12":"purchasable","13":"product-type-variable"},"yoast_head":"<!-- This site is optimized with the Yoast SEO Premium plugin v27.4 (Yoast SEO v27.6) - https:\/\/yoast.com\/product\/yoast-seo-premium-wordpress\/ -->\n<title>\u2728 Virkad topp fr\u00e5n Caramell Fashion \u2728 - Stil &amp; Design<\/title>\n<meta name=\"robots\" content=\"index, follow, max-snippet:-1, max-image-preview:large, max-video-preview:-1\" \/>\n<link rel=\"canonical\" href=\"https:\/\/stilanddesign.se\/en\/product\/\u2728-virkad-topp-fran-caramell-fashion-\u2728-2\/\" \/>\n<meta property=\"og:locale\" content=\"en_US\" \/>\n<meta property=\"og:type\" content=\"article\" \/>\n<meta property=\"og:title\" content=\"\u2728 Virkad topp fr\u00e5n Caramell Fashion \u2728\" \/>\n<meta property=\"og:description\" content=\"\u2728 Virkad topp fr\u00e5n Caramell Fashion \u2728 En romantisk och bohemisk topp i vacker virkad design \u2013 perfekt f\u00f6r dig som vill ha en feminin och somrig look. \ud83e\udd0d \ud83c\udf3f Detaljer:\u2728 Dekorativt virkat m\u00f6nster med fina spetsdetaljer\ud83d\udc5a Rund halsringning\ud83c\udf38 Vida, luftiga \u00e4rmar\ud83e\udeb6 L\u00e4tt och sval \u2013 perfekt f\u00f6r varma dagar\ud83d\udc4c Bekv\u00e4m passform B\u00e4r den \u00f6ver ett linne eller bikini f\u00f6r en avslappnad sommarstil, eller matcha med jeans f\u00f6r en trendig boho-look. \ud83c\udf1e \ud83d\udccf Storlek: S\/M, M\/L\ud83e\uddf5 Material: 100% bomull\ud83c\udfa8 F\u00e4rg: Naturvit\ud83e\uddfa Tv\u00e4ttr\u00e5d: 40\u00b0\ud83c\udff7 M\u00e4rke: Caramell Fashion \ud83d\udc96 En riktig sommarfavorit som lyfter hela din outfit! \u2728\" \/>\n<meta property=\"og:url\" content=\"https:\/\/stilanddesign.se\/en\/product\/\u2728-virkad-topp-fran-caramell-fashion-\u2728-2\/\" \/>\n<meta property=\"og:site_name\" content=\"Stil &amp; Design\" \/>\n<meta property=\"article:modified_time\" content=\"2026-05-08T09:08:31+00:00\" \/>\n<meta property=\"og:image\" content=\"https:\/\/stilanddesign.se\/wp-content\/uploads\/2026\/03\/446.png\" \/>\n\t<meta property=\"og:image:width\" content=\"427\" \/>\n\t<meta property=\"og:image:height\" content=\"640\" \/>\n\t<meta property=\"og:image:type\" content=\"image\/png\" \/>\n<meta name=\"twitter:card\" content=\"summary_large_image\" \/>\n<meta name=\"twitter:label1\" content=\"Est. reading time\" \/>\n\t<meta name=\"twitter:data1\" content=\"1 minute\" \/>\n<script type=\"application\/ld+json\" class=\"yoast-schema-graph\">{\"@context\":\"https:\\\/\\\/schema.org\",\"@graph\":[{\"@type\":\"WebPage\",\"@id\":\"https:\\\/\\\/stilanddesign.se\\\/produkt\\\/%e2%9c%a8-virkad-topp-fran-caramell-fashion-%e2%9c%a8-2\\\/\",\"url\":\"https:\\\/\\\/stilanddesign.se\\\/produkt\\\/%e2%9c%a8-virkad-topp-fran-caramell-fashion-%e2%9c%a8-2\\\/\",\"name\":\"\u2728 Virkad topp fr\u00e5n Caramell Fashion \u2728 - Stil &amp; Design\",\"isPartOf\":{\"@id\":\"https:\\\/\\\/stilanddesign.se\\\/#website\"},\"primaryImageOfPage\":{\"@id\":\"https:\\\/\\\/stilanddesign.se\\\/produkt\\\/%e2%9c%a8-virkad-topp-fran-caramell-fashion-%e2%9c%a8-2\\\/#primaryimage\"},\"image\":{\"@id\":\"https:\\\/\\\/stilanddesign.se\\\/produkt\\\/%e2%9c%a8-virkad-topp-fran-caramell-fashion-%e2%9c%a8-2\\\/#primaryimage\"},\"thumbnailUrl\":\"https:\\\/\\\/stilanddesign.se\\\/wp-content\\\/uploads\\\/2026\\\/03\\\/446.png\",\"datePublished\":\"2026-03-26T14:45:40+00:00\",\"dateModified\":\"2026-05-08T09:08:31+00:00\",\"breadcrumb\":{\"@id\":\"https:\\\/\\\/stilanddesign.se\\\/produkt\\\/%e2%9c%a8-virkad-topp-fran-caramell-fashion-%e2%9c%a8-2\\\/#breadcrumb\"},\"inLanguage\":\"en-US\",\"potentialAction\":[{\"@type\":\"ReadAction\",\"target\":[\"https:\\\/\\\/stilanddesign.se\\\/produkt\\\/%e2%9c%a8-virkad-topp-fran-caramell-fashion-%e2%9c%a8-2\\\/\"]}]},{\"@type\":\"ImageObject\",\"inLanguage\":\"en-US\",\"@id\":\"https:\\\/\\\/stilanddesign.se\\\/produkt\\\/%e2%9c%a8-virkad-topp-fran-caramell-fashion-%e2%9c%a8-2\\\/#primaryimage\",\"url\":\"https:\\\/\\\/stilanddesign.se\\\/wp-content\\\/uploads\\\/2026\\\/03\\\/446.png\",\"contentUrl\":\"https:\\\/\\\/stilanddesign.se\\\/wp-content\\\/uploads\\\/2026\\\/03\\\/446.png\",\"width\":427,\"height\":640,\"caption\":\"Virkad topp fr\u00e5n Caramell Fashion\"},{\"@type\":\"BreadcrumbList\",\"@id\":\"https:\\\/\\\/stilanddesign.se\\\/produkt\\\/%e2%9c%a8-virkad-topp-fran-caramell-fashion-%e2%9c%a8-2\\\/#breadcrumb\",\"itemListElement\":[{\"@type\":\"ListItem\",\"position\":1,\"name\":\"Hem\",\"item\":\"https:\\\/\\\/stilanddesign.se\\\/\"},{\"@type\":\"ListItem\",\"position\":2,\"name\":\"Butiken\",\"item\":\"https:\\\/\\\/stilanddesign.se\\\/butiken\\\/\"},{\"@type\":\"ListItem\",\"position\":3,\"name\":\"\u2728 Virkad topp fr\u00e5n Caramell Fashion \u2728\"}]},{\"@type\":\"WebSite\",\"@id\":\"https:\\\/\\\/stilanddesign.se\\\/#website\",\"url\":\"https:\\\/\\\/stilanddesign.se\\\/\",\"name\":\"Stil &amp; Design\",\"description\":\"F\u00f6r oss som \u00e4lskar mode!\",\"publisher\":{\"@id\":\"https:\\\/\\\/stilanddesign.se\\\/#organization\"},\"potentialAction\":[{\"@type\":\"SearchAction\",\"target\":{\"@type\":\"EntryPoint\",\"urlTemplate\":\"https:\\\/\\\/stilanddesign.se\\\/?s={search_term_string}\"},\"query-input\":{\"@type\":\"PropertyValueSpecification\",\"valueRequired\":true,\"valueName\":\"search_term_string\"}}],\"inLanguage\":\"en-US\"},{\"@type\":\"Organization\",\"@id\":\"https:\\\/\\\/stilanddesign.se\\\/#organization\",\"name\":\"Stil &amp; Design\",\"url\":\"https:\\\/\\\/stilanddesign.se\\\/\",\"logo\":{\"@type\":\"ImageObject\",\"inLanguage\":\"en-US\",\"@id\":\"https:\\\/\\\/stilanddesign.se\\\/#\\\/schema\\\/logo\\\/image\\\/\",\"url\":\"https:\\\/\\\/stilanddesign.se\\\/wp-content\\\/uploads\\\/2023\\\/12\\\/output-onlinepngtools-e1727784413220.png\",\"contentUrl\":\"https:\\\/\\\/stilanddesign.se\\\/wp-content\\\/uploads\\\/2023\\\/12\\\/output-onlinepngtools-e1727784413220.png\",\"width\":519,\"height\":135,\"caption\":\"Stil &amp; Design\"},\"image\":{\"@id\":\"https:\\\/\\\/stilanddesign.se\\\/#\\\/schema\\\/logo\\\/image\\\/\"}}]}<\/script>\n<!-- \/ Yoast SEO Premium plugin. -->","yoast_head_json":{"title":"\u2728 Virkad topp fr\u00e5n Caramell Fashion \u2728 - Stil &amp; Design","robots":{"index":"index","follow":"follow","max-snippet":"max-snippet:-1","max-image-preview":"max-image-preview:large","max-video-preview":"max-video-preview:-1"},"canonical":"https:\/\/stilanddesign.se\/en\/product\/\u2728-virkad-topp-fran-caramell-fashion-\u2728-2\/","og_locale":"en_US","og_type":"article","og_title":"\u2728 Virkad topp fr\u00e5n Caramell Fashion \u2728","og_description":"\u2728 Virkad topp fr\u00e5n Caramell Fashion \u2728 En romantisk och bohemisk topp i vacker virkad design \u2013 perfekt f\u00f6r dig som vill ha en feminin och somrig look. \ud83e\udd0d \ud83c\udf3f Detaljer:\u2728 Dekorativt virkat m\u00f6nster med fina spetsdetaljer\ud83d\udc5a Rund halsringning\ud83c\udf38 Vida, luftiga \u00e4rmar\ud83e\udeb6 L\u00e4tt och sval \u2013 perfekt f\u00f6r varma dagar\ud83d\udc4c Bekv\u00e4m passform B\u00e4r den \u00f6ver ett linne eller bikini f\u00f6r en avslappnad sommarstil, eller matcha med jeans f\u00f6r en trendig boho-look. \ud83c\udf1e \ud83d\udccf Storlek: S\/M, M\/L\ud83e\uddf5 Material: 100% bomull\ud83c\udfa8 F\u00e4rg: Naturvit\ud83e\uddfa Tv\u00e4ttr\u00e5d: 40\u00b0\ud83c\udff7 M\u00e4rke: Caramell Fashion \ud83d\udc96 En riktig sommarfavorit som lyfter hela din outfit! \u2728","og_url":"https:\/\/stilanddesign.se\/en\/product\/\u2728-virkad-topp-fran-caramell-fashion-\u2728-2\/","og_site_name":"Stil &amp; Design","article_modified_time":"2026-05-08T09:08:31+00:00","og_image":[{"width":427,"height":640,"url":"https:\/\/stilanddesign.se\/wp-content\/uploads\/2026\/03\/446.png","type":"image\/png"}],"twitter_card":"summary_large_image","twitter_misc":{"Est. reading time":"1 minute"},"schema":{"@context":"https:\/\/schema.org","@graph":[{"@type":"WebPage","@id":"https:\/\/stilanddesign.se\/produkt\/%e2%9c%a8-virkad-topp-fran-caramell-fashion-%e2%9c%a8-2\/","url":"https:\/\/stilanddesign.se\/produkt\/%e2%9c%a8-virkad-topp-fran-caramell-fashion-%e2%9c%a8-2\/","name":"\u2728 Virkad topp fr\u00e5n Caramell Fashion \u2728 - Stil &amp; Design","isPartOf":{"@id":"https:\/\/stilanddesign.se\/#website"},"primaryImageOfPage":{"@id":"https:\/\/stilanddesign.se\/produkt\/%e2%9c%a8-virkad-topp-fran-caramell-fashion-%e2%9c%a8-2\/#primaryimage"},"image":{"@id":"https:\/\/stilanddesign.se\/produkt\/%e2%9c%a8-virkad-topp-fran-caramell-fashion-%e2%9c%a8-2\/#primaryimage"},"thumbnailUrl":"https:\/\/stilanddesign.se\/wp-content\/uploads\/2026\/03\/446.png","datePublished":"2026-03-26T14:45:40+00:00","dateModified":"2026-05-08T09:08:31+00:00","breadcrumb":{"@id":"https:\/\/stilanddesign.se\/produkt\/%e2%9c%a8-virkad-topp-fran-caramell-fashion-%e2%9c%a8-2\/#breadcrumb"},"inLanguage":"en-US","potentialAction":[{"@type":"ReadAction","target":["https:\/\/stilanddesign.se\/produkt\/%e2%9c%a8-virkad-topp-fran-caramell-fashion-%e2%9c%a8-2\/"]}]},{"@type":"ImageObject","inLanguage":"en-US","@id":"https:\/\/stilanddesign.se\/produkt\/%e2%9c%a8-virkad-topp-fran-caramell-fashion-%e2%9c%a8-2\/#primaryimage","url":"https:\/\/stilanddesign.se\/wp-content\/uploads\/2026\/03\/446.png","contentUrl":"https:\/\/stilanddesign.se\/wp-content\/uploads\/2026\/03\/446.png","width":427,"height":640,"caption":"Virkad topp fr\u00e5n Caramell Fashion"},{"@type":"BreadcrumbList","@id":"https:\/\/stilanddesign.se\/produkt\/%e2%9c%a8-virkad-topp-fran-caramell-fashion-%e2%9c%a8-2\/#breadcrumb","itemListElement":[{"@type":"ListItem","position":1,"name":"Hem","item":"https:\/\/stilanddesign.se\/"},{"@type":"ListItem","position":2,"name":"Butiken","item":"https:\/\/stilanddesign.se\/butiken\/"},{"@type":"ListItem","position":3,"name":"\u2728 Virkad topp fr\u00e5n Caramell Fashion \u2728"}]},{"@type":"WebSite","@id":"https:\/\/stilanddesign.se\/#website","url":"https:\/\/stilanddesign.se\/","name":"Style &amp; Design","description":"For those of us who love fashion!","publisher":{"@id":"https:\/\/stilanddesign.se\/#organization"},"potentialAction":[{"@type":"SearchAction","target":{"@type":"EntryPoint","urlTemplate":"https:\/\/stilanddesign.se\/?s={search_term_string}"},"query-input":{"@type":"PropertyValueSpecification","valueRequired":true,"valueName":"search_term_string"}}],"inLanguage":"en-US"},{"@type":"Organization","@id":"https:\/\/stilanddesign.se\/#organization","name":"Style &amp; Design","url":"https:\/\/stilanddesign.se\/","logo":{"@type":"ImageObject","inLanguage":"en-US","@id":"https:\/\/stilanddesign.se\/#\/schema\/logo\/image\/","url":"https:\/\/stilanddesign.se\/wp-content\/uploads\/2023\/12\/output-onlinepngtools-e1727784413220.png","contentUrl":"https:\/\/stilanddesign.se\/wp-content\/uploads\/2023\/12\/output-onlinepngtools-e1727784413220.png","width":519,"height":135,"caption":"Stil &amp; Design"},"image":{"@id":"https:\/\/stilanddesign.se\/#\/schema\/logo\/image\/"}}]}},"_links":{"self":[{"href":"https:\/\/stilanddesign.se\/en\/wp-json\/wp\/v2\/product\/1071433","targetHints":{"allow":["GET"]}}],"collection":[{"href":"https:\/\/stilanddesign.se\/en\/wp-json\/wp\/v2\/product"}],"about":[{"href":"https:\/\/stilanddesign.se\/en\/wp-json\/wp\/v2\/types\/product"}],"replies":[{"embeddable":true,"href":"https:\/\/stilanddesign.se\/en\/wp-json\/wp\/v2\/comments?post=1071433"}],"wp:featuredmedia":[{"embeddable":true,"href":"https:\/\/stilanddesign.se\/en\/wp-json\/wp\/v2\/media\/1071454"}],"wp:attachment":[{"href":"https:\/\/stilanddesign.se\/en\/wp-json\/wp\/v2\/media?parent=1071433"}],"wp:term":[{"taxonomy":"product_brand","embeddable":true,"href":"https:\/\/stilanddesign.se\/en\/wp-json\/wp\/v2\/product_brand?post=1071433"},{"taxonomy":"product_cat","embeddable":true,"href":"https:\/\/stilanddesign.se\/en\/wp-json\/wp\/v2\/product_cat?post=1071433"},{"taxonomy":"product_tag","embeddable":true,"href":"https:\/\/stilanddesign.se\/en\/wp-json\/wp\/v2\/product_tag?post=1071433"}],"curies":[{"name":"wp","href":"https:\/\/api.w.org\/{rel}","templated":true}]}}