{"id":1071423,"date":"2026-03-26T15:33:27","date_gmt":"2026-03-26T14:33:27","guid":{"rendered":"https:\/\/stilanddesign.se\/?post_type=product&#038;p=1071423"},"modified":"2026-05-15T15:33:45","modified_gmt":"2026-05-15T13:33:45","slug":"%e2%9c%a8-virkad-topp-fran-caramell-fashion-%e2%9c%a8","status":"publish","type":"product","link":"https:\/\/stilanddesign.se\/en\/product\/%e2%9c%a8-virkad-topp-fran-caramell-fashion-%e2%9c%a8\/","title":{"rendered":"\u2728 Crochet top from Caramell Fashion \u2728"},"content":{"rendered":"<p data-start=\"34\" data-end=\"77\">\u2728 <strong data-start=\"36\" data-end=\"73\">Crochet top from Caramell Fashion<\/strong> \u2728<\/p>\n<p data-start=\"79\" data-end=\"198\">A romantic and bohemian top in beautiful <strong data-start=\"119\" data-end=\"136\">crochet design<\/strong> \u2013 perfect for those who love a feminine and summery style. \ud83e\udd0d<\/p>\n<p data-start=\"200\" data-end=\"406\">\ud83c\udf3f <strong data-start=\"203\" data-end=\"216\">Details:<\/strong><br data-start=\"216\" data-end=\"219\" \/>\u2728 Beautiful hand-crocheted pattern with fine details<br data-start=\"265\" data-end=\"268\" \/>\ud83d\udc5a Round neckline<br data-start=\"288\" data-end=\"291\" \/>\ud83c\udf38 Wide sleeves with decorative lace trim<br data-start=\"328\" data-end=\"331\" \/>\ud83e\udeb6 Light and airy \u2013 perfect for warm days<br data-start=\"375\" data-end=\"378\" data-is-only-node=\"\" \/>\ud83d\udc4c Loose and comfortable fit<\/p>\n<p data-start=\"408\" data-end=\"524\">Wear it over a tank top or bikini for a casual summer look, or match with jeans for a chic boho style. \ud83c\udf1e<\/p>\n<p data-start=\"526\" data-end=\"662\">\ud83d\udccf <strong data-start=\"529\" data-end=\"541\">Size:<\/strong> One size<br data-start=\"549\" data-end=\"552\" \/>\ud83e\uddf5 <strong data-start=\"555\" data-end=\"568\">Material:<\/strong> 100% cotton<br data-start=\"580\" data-end=\"583\" \/>\ud83c\udfa8 <strong data-start=\"586\" data-end=\"595\">Paint:<\/strong> Natural white<br data-start=\"604\" data-end=\"607\" \/>\ud83e\uddfa <strong data-start=\"610\" data-end=\"623\">Washing instructions:<\/strong> 40\u00b0<br data-start=\"627\" data-end=\"630\" \/>\ud83c\udff7 <strong data-start=\"633\" data-end=\"643\">Make:<\/strong> Caramell Fashion<\/p>\n<p data-start=\"664\" data-end=\"720\" data-is-last-node=\"\" data-is-only-node=\"\">\ud83d\udc96 A unique favorite that will give your outfit that little something extra! \u2728<\/p>","protected":false},"excerpt":{"rendered":"<p data-start=\"34\" data-end=\"77\">\u2728 <strong data-start=\"36\" data-end=\"73\">Crochet top from Caramell Fashion<\/strong> \u2728<\/p>\n<p data-start=\"79\" data-end=\"198\">A romantic and bohemian top in beautiful <strong data-start=\"119\" data-end=\"136\">crochet design<\/strong> \u2013 perfect for those who love a feminine and summery style. \ud83e\udd0d<\/p>\n<p data-start=\"200\" data-end=\"406\">\ud83c\udf3f <strong data-start=\"203\" data-end=\"216\">Details:<\/strong><br data-start=\"216\" data-end=\"219\" \/>\u2728 Beautiful hand-crocheted pattern with fine details<br data-start=\"265\" data-end=\"268\" \/>\ud83d\udc5a Round neckline<br data-start=\"288\" data-end=\"291\" \/>\ud83c\udf38 Wide sleeves with decorative lace trim<br data-start=\"328\" data-end=\"331\" \/>\ud83e\udeb6 Light and airy \u2013 perfect for warm days<br data-start=\"375\" data-end=\"378\" data-is-only-node=\"\" \/>\ud83d\udc4c Loose and comfortable fit<\/p>\n<p data-start=\"408\" data-end=\"524\">Wear it over a tank top or bikini for a casual summer look, or match with jeans for a chic boho style. \ud83c\udf1e<\/p>\n<p data-start=\"526\" data-end=\"662\">\ud83d\udccf <strong data-start=\"529\" data-end=\"541\">Size:<\/strong> One size<br data-start=\"549\" data-end=\"552\" \/>\ud83e\uddf5 <strong data-start=\"555\" data-end=\"568\">Material:<\/strong> 100% cotton<br data-start=\"580\" data-end=\"583\" \/>\ud83c\udfa8 <strong data-start=\"586\" data-end=\"595\">Paint:<\/strong> Natural white<br data-start=\"604\" data-end=\"607\" \/>\ud83e\uddfa <strong data-start=\"610\" data-end=\"623\">Washing instructions:<\/strong> 40\u00b0<br data-start=\"627\" data-end=\"630\" \/>\ud83c\udff7 <strong data-start=\"633\" data-end=\"643\">Make:<\/strong> Caramell Fashion<\/p>\n<p data-start=\"664\" data-end=\"720\" data-is-last-node=\"\" data-is-only-node=\"\">\ud83d\udc96 A unique favorite that will give your outfit that little something extra! \u2728<\/p>","protected":false},"featured_media":1071455,"comment_status":"closed","ping_status":"closed","template":"","meta":[],"product_brand":[],"product_cat":[222],"product_tag":[],"class_list":{"0":"post-1071423","1":"product","2":"type-product","3":"status-publish","4":"has-post-thumbnail","6":"product_cat-toppar-tischor","8":"first","9":"instock","10":"taxable","11":"shipping-taxable","12":"purchasable","13":"product-type-variable"},"yoast_head":"<!-- This site is optimized with the Yoast SEO Premium plugin v27.4 (Yoast SEO v27.6) - https:\/\/yoast.com\/product\/yoast-seo-premium-wordpress\/ -->\n<title>\u2728 Virkad topp fr\u00e5n Caramell Fashion \u2728 - Stil &amp; Design<\/title>\n<meta name=\"robots\" content=\"index, follow, max-snippet:-1, max-image-preview:large, max-video-preview:-1\" \/>\n<link rel=\"canonical\" href=\"https:\/\/stilanddesign.se\/en\/product\/\u2728-virkad-topp-fran-caramell-fashion-\u2728\/\" \/>\n<meta property=\"og:locale\" content=\"en_US\" \/>\n<meta property=\"og:type\" content=\"article\" \/>\n<meta property=\"og:title\" content=\"\u2728 Virkad topp fr\u00e5n Caramell Fashion \u2728\" \/>\n<meta property=\"og:description\" content=\"\u2728 Virkad topp fr\u00e5n Caramell Fashion \u2728 En romantisk och bohemisk topp i vacker virkad design \u2013 perfekt f\u00f6r dig som \u00e4lskar en feminin och somrig stil. \ud83e\udd0d \ud83c\udf3f Detaljer:\u2728 Vackert handvirkat m\u00f6nster med fina detaljer\ud83d\udc5a Rund halsringning\ud83c\udf38 Vida \u00e4rmar med dekorativ spetskant\ud83e\udeb6 L\u00e4tt och luftig \u2013 perfekt f\u00f6r varma dagar\ud83d\udc4c L\u00f6s och bekv\u00e4m passform B\u00e4r den \u00f6ver ett linne eller bikini f\u00f6r en avslappnad sommarlook, eller matcha med jeans f\u00f6r en chic boho-stil. \ud83c\udf1e \ud83d\udccf Storlek: Onesize\ud83e\uddf5 Material: 100% bomull\ud83c\udfa8 F\u00e4rg: Naturvit\ud83e\uddfa Tv\u00e4ttr\u00e5d: 40\u00b0\ud83c\udff7 M\u00e4rke: Caramell Fashion \ud83d\udc96 En unik favorit som ger din outfit det lilla extra! \u2728\" \/>\n<meta property=\"og:url\" content=\"https:\/\/stilanddesign.se\/en\/product\/\u2728-virkad-topp-fran-caramell-fashion-\u2728\/\" \/>\n<meta property=\"og:site_name\" content=\"Stil &amp; Design\" \/>\n<meta property=\"article:modified_time\" content=\"2026-05-15T13:33:45+00:00\" \/>\n<meta property=\"og:image\" content=\"https:\/\/stilanddesign.se\/wp-content\/uploads\/2026\/03\/447.png\" \/>\n\t<meta property=\"og:image:width\" content=\"427\" \/>\n\t<meta property=\"og:image:height\" content=\"640\" \/>\n\t<meta property=\"og:image:type\" content=\"image\/png\" \/>\n<meta name=\"twitter:card\" content=\"summary_large_image\" \/>\n<meta name=\"twitter:label1\" content=\"Est. reading time\" \/>\n\t<meta name=\"twitter:data1\" content=\"1 minute\" \/>\n<script type=\"application\/ld+json\" class=\"yoast-schema-graph\">{\"@context\":\"https:\\\/\\\/schema.org\",\"@graph\":[{\"@type\":\"WebPage\",\"@id\":\"https:\\\/\\\/stilanddesign.se\\\/produkt\\\/%e2%9c%a8-virkad-topp-fran-caramell-fashion-%e2%9c%a8\\\/\",\"url\":\"https:\\\/\\\/stilanddesign.se\\\/produkt\\\/%e2%9c%a8-virkad-topp-fran-caramell-fashion-%e2%9c%a8\\\/\",\"name\":\"\u2728 Virkad topp fr\u00e5n Caramell Fashion \u2728 - Stil &amp; Design\",\"isPartOf\":{\"@id\":\"https:\\\/\\\/stilanddesign.se\\\/#website\"},\"primaryImageOfPage\":{\"@id\":\"https:\\\/\\\/stilanddesign.se\\\/produkt\\\/%e2%9c%a8-virkad-topp-fran-caramell-fashion-%e2%9c%a8\\\/#primaryimage\"},\"image\":{\"@id\":\"https:\\\/\\\/stilanddesign.se\\\/produkt\\\/%e2%9c%a8-virkad-topp-fran-caramell-fashion-%e2%9c%a8\\\/#primaryimage\"},\"thumbnailUrl\":\"https:\\\/\\\/stilanddesign.se\\\/wp-content\\\/uploads\\\/2026\\\/03\\\/447.png\",\"datePublished\":\"2026-03-26T14:33:27+00:00\",\"dateModified\":\"2026-05-15T13:33:45+00:00\",\"breadcrumb\":{\"@id\":\"https:\\\/\\\/stilanddesign.se\\\/produkt\\\/%e2%9c%a8-virkad-topp-fran-caramell-fashion-%e2%9c%a8\\\/#breadcrumb\"},\"inLanguage\":\"en-US\",\"potentialAction\":[{\"@type\":\"ReadAction\",\"target\":[\"https:\\\/\\\/stilanddesign.se\\\/produkt\\\/%e2%9c%a8-virkad-topp-fran-caramell-fashion-%e2%9c%a8\\\/\"]}]},{\"@type\":\"ImageObject\",\"inLanguage\":\"en-US\",\"@id\":\"https:\\\/\\\/stilanddesign.se\\\/produkt\\\/%e2%9c%a8-virkad-topp-fran-caramell-fashion-%e2%9c%a8\\\/#primaryimage\",\"url\":\"https:\\\/\\\/stilanddesign.se\\\/wp-content\\\/uploads\\\/2026\\\/03\\\/447.png\",\"contentUrl\":\"https:\\\/\\\/stilanddesign.se\\\/wp-content\\\/uploads\\\/2026\\\/03\\\/447.png\",\"width\":427,\"height\":640,\"caption\":\"Virkad topp\"},{\"@type\":\"BreadcrumbList\",\"@id\":\"https:\\\/\\\/stilanddesign.se\\\/produkt\\\/%e2%9c%a8-virkad-topp-fran-caramell-fashion-%e2%9c%a8\\\/#breadcrumb\",\"itemListElement\":[{\"@type\":\"ListItem\",\"position\":1,\"name\":\"Hem\",\"item\":\"https:\\\/\\\/stilanddesign.se\\\/\"},{\"@type\":\"ListItem\",\"position\":2,\"name\":\"Butiken\",\"item\":\"https:\\\/\\\/stilanddesign.se\\\/butiken\\\/\"},{\"@type\":\"ListItem\",\"position\":3,\"name\":\"\u2728 Virkad topp fr\u00e5n Caramell Fashion \u2728\"}]},{\"@type\":\"WebSite\",\"@id\":\"https:\\\/\\\/stilanddesign.se\\\/#website\",\"url\":\"https:\\\/\\\/stilanddesign.se\\\/\",\"name\":\"Stil &amp; Design\",\"description\":\"F\u00f6r oss som \u00e4lskar mode!\",\"publisher\":{\"@id\":\"https:\\\/\\\/stilanddesign.se\\\/#organization\"},\"potentialAction\":[{\"@type\":\"SearchAction\",\"target\":{\"@type\":\"EntryPoint\",\"urlTemplate\":\"https:\\\/\\\/stilanddesign.se\\\/?s={search_term_string}\"},\"query-input\":{\"@type\":\"PropertyValueSpecification\",\"valueRequired\":true,\"valueName\":\"search_term_string\"}}],\"inLanguage\":\"en-US\"},{\"@type\":\"Organization\",\"@id\":\"https:\\\/\\\/stilanddesign.se\\\/#organization\",\"name\":\"Stil &amp; Design\",\"url\":\"https:\\\/\\\/stilanddesign.se\\\/\",\"logo\":{\"@type\":\"ImageObject\",\"inLanguage\":\"en-US\",\"@id\":\"https:\\\/\\\/stilanddesign.se\\\/#\\\/schema\\\/logo\\\/image\\\/\",\"url\":\"https:\\\/\\\/stilanddesign.se\\\/wp-content\\\/uploads\\\/2023\\\/12\\\/output-onlinepngtools-e1727784413220.png\",\"contentUrl\":\"https:\\\/\\\/stilanddesign.se\\\/wp-content\\\/uploads\\\/2023\\\/12\\\/output-onlinepngtools-e1727784413220.png\",\"width\":519,\"height\":135,\"caption\":\"Stil &amp; Design\"},\"image\":{\"@id\":\"https:\\\/\\\/stilanddesign.se\\\/#\\\/schema\\\/logo\\\/image\\\/\"}}]}<\/script>\n<!-- \/ Yoast SEO Premium plugin. -->","yoast_head_json":{"title":"\u2728 Virkad topp fr\u00e5n Caramell Fashion \u2728 - Stil &amp; Design","robots":{"index":"index","follow":"follow","max-snippet":"max-snippet:-1","max-image-preview":"max-image-preview:large","max-video-preview":"max-video-preview:-1"},"canonical":"https:\/\/stilanddesign.se\/en\/product\/\u2728-virkad-topp-fran-caramell-fashion-\u2728\/","og_locale":"en_US","og_type":"article","og_title":"\u2728 Virkad topp fr\u00e5n Caramell Fashion \u2728","og_description":"\u2728 Virkad topp fr\u00e5n Caramell Fashion \u2728 En romantisk och bohemisk topp i vacker virkad design \u2013 perfekt f\u00f6r dig som \u00e4lskar en feminin och somrig stil. \ud83e\udd0d \ud83c\udf3f Detaljer:\u2728 Vackert handvirkat m\u00f6nster med fina detaljer\ud83d\udc5a Rund halsringning\ud83c\udf38 Vida \u00e4rmar med dekorativ spetskant\ud83e\udeb6 L\u00e4tt och luftig \u2013 perfekt f\u00f6r varma dagar\ud83d\udc4c L\u00f6s och bekv\u00e4m passform B\u00e4r den \u00f6ver ett linne eller bikini f\u00f6r en avslappnad sommarlook, eller matcha med jeans f\u00f6r en chic boho-stil. \ud83c\udf1e \ud83d\udccf Storlek: Onesize\ud83e\uddf5 Material: 100% bomull\ud83c\udfa8 F\u00e4rg: Naturvit\ud83e\uddfa Tv\u00e4ttr\u00e5d: 40\u00b0\ud83c\udff7 M\u00e4rke: Caramell Fashion \ud83d\udc96 En unik favorit som ger din outfit det lilla extra! \u2728","og_url":"https:\/\/stilanddesign.se\/en\/product\/\u2728-virkad-topp-fran-caramell-fashion-\u2728\/","og_site_name":"Stil &amp; Design","article_modified_time":"2026-05-15T13:33:45+00:00","og_image":[{"width":427,"height":640,"url":"https:\/\/stilanddesign.se\/wp-content\/uploads\/2026\/03\/447.png","type":"image\/png"}],"twitter_card":"summary_large_image","twitter_misc":{"Est. reading time":"1 minute"},"schema":{"@context":"https:\/\/schema.org","@graph":[{"@type":"WebPage","@id":"https:\/\/stilanddesign.se\/produkt\/%e2%9c%a8-virkad-topp-fran-caramell-fashion-%e2%9c%a8\/","url":"https:\/\/stilanddesign.se\/produkt\/%e2%9c%a8-virkad-topp-fran-caramell-fashion-%e2%9c%a8\/","name":"\u2728 Virkad topp fr\u00e5n Caramell Fashion \u2728 - Stil &amp; Design","isPartOf":{"@id":"https:\/\/stilanddesign.se\/#website"},"primaryImageOfPage":{"@id":"https:\/\/stilanddesign.se\/produkt\/%e2%9c%a8-virkad-topp-fran-caramell-fashion-%e2%9c%a8\/#primaryimage"},"image":{"@id":"https:\/\/stilanddesign.se\/produkt\/%e2%9c%a8-virkad-topp-fran-caramell-fashion-%e2%9c%a8\/#primaryimage"},"thumbnailUrl":"https:\/\/stilanddesign.se\/wp-content\/uploads\/2026\/03\/447.png","datePublished":"2026-03-26T14:33:27+00:00","dateModified":"2026-05-15T13:33:45+00:00","breadcrumb":{"@id":"https:\/\/stilanddesign.se\/produkt\/%e2%9c%a8-virkad-topp-fran-caramell-fashion-%e2%9c%a8\/#breadcrumb"},"inLanguage":"en-US","potentialAction":[{"@type":"ReadAction","target":["https:\/\/stilanddesign.se\/produkt\/%e2%9c%a8-virkad-topp-fran-caramell-fashion-%e2%9c%a8\/"]}]},{"@type":"ImageObject","inLanguage":"en-US","@id":"https:\/\/stilanddesign.se\/produkt\/%e2%9c%a8-virkad-topp-fran-caramell-fashion-%e2%9c%a8\/#primaryimage","url":"https:\/\/stilanddesign.se\/wp-content\/uploads\/2026\/03\/447.png","contentUrl":"https:\/\/stilanddesign.se\/wp-content\/uploads\/2026\/03\/447.png","width":427,"height":640,"caption":"Virkad topp"},{"@type":"BreadcrumbList","@id":"https:\/\/stilanddesign.se\/produkt\/%e2%9c%a8-virkad-topp-fran-caramell-fashion-%e2%9c%a8\/#breadcrumb","itemListElement":[{"@type":"ListItem","position":1,"name":"Hem","item":"https:\/\/stilanddesign.se\/"},{"@type":"ListItem","position":2,"name":"Butiken","item":"https:\/\/stilanddesign.se\/butiken\/"},{"@type":"ListItem","position":3,"name":"\u2728 Virkad topp fr\u00e5n Caramell Fashion \u2728"}]},{"@type":"WebSite","@id":"https:\/\/stilanddesign.se\/#website","url":"https:\/\/stilanddesign.se\/","name":"Style &amp; Design","description":"For those of us who love fashion!","publisher":{"@id":"https:\/\/stilanddesign.se\/#organization"},"potentialAction":[{"@type":"SearchAction","target":{"@type":"EntryPoint","urlTemplate":"https:\/\/stilanddesign.se\/?s={search_term_string}"},"query-input":{"@type":"PropertyValueSpecification","valueRequired":true,"valueName":"search_term_string"}}],"inLanguage":"en-US"},{"@type":"Organization","@id":"https:\/\/stilanddesign.se\/#organization","name":"Style &amp; Design","url":"https:\/\/stilanddesign.se\/","logo":{"@type":"ImageObject","inLanguage":"en-US","@id":"https:\/\/stilanddesign.se\/#\/schema\/logo\/image\/","url":"https:\/\/stilanddesign.se\/wp-content\/uploads\/2023\/12\/output-onlinepngtools-e1727784413220.png","contentUrl":"https:\/\/stilanddesign.se\/wp-content\/uploads\/2023\/12\/output-onlinepngtools-e1727784413220.png","width":519,"height":135,"caption":"Stil &amp; Design"},"image":{"@id":"https:\/\/stilanddesign.se\/#\/schema\/logo\/image\/"}}]}},"_links":{"self":[{"href":"https:\/\/stilanddesign.se\/en\/wp-json\/wp\/v2\/product\/1071423","targetHints":{"allow":["GET"]}}],"collection":[{"href":"https:\/\/stilanddesign.se\/en\/wp-json\/wp\/v2\/product"}],"about":[{"href":"https:\/\/stilanddesign.se\/en\/wp-json\/wp\/v2\/types\/product"}],"replies":[{"embeddable":true,"href":"https:\/\/stilanddesign.se\/en\/wp-json\/wp\/v2\/comments?post=1071423"}],"wp:featuredmedia":[{"embeddable":true,"href":"https:\/\/stilanddesign.se\/en\/wp-json\/wp\/v2\/media\/1071455"}],"wp:attachment":[{"href":"https:\/\/stilanddesign.se\/en\/wp-json\/wp\/v2\/media?parent=1071423"}],"wp:term":[{"taxonomy":"product_brand","embeddable":true,"href":"https:\/\/stilanddesign.se\/en\/wp-json\/wp\/v2\/product_brand?post=1071423"},{"taxonomy":"product_cat","embeddable":true,"href":"https:\/\/stilanddesign.se\/en\/wp-json\/wp\/v2\/product_cat?post=1071423"},{"taxonomy":"product_tag","embeddable":true,"href":"https:\/\/stilanddesign.se\/en\/wp-json\/wp\/v2\/product_tag?post=1071423"}],"curies":[{"name":"wp","href":"https:\/\/api.w.org\/{rel}","templated":true}]}}