{"id":1071223,"date":"2026-03-25T14:42:47","date_gmt":"2026-03-25T13:42:47","guid":{"rendered":"https:\/\/stilanddesign.se\/?post_type=product&#038;p=1071223"},"modified":"2026-04-15T13:11:27","modified_gmt":"2026-04-15T11:11:27","slug":"%e2%9c%a8-luftig-topp-med-knytband-fran-zabaione-%e2%9c%a8","status":"publish","type":"product","link":"https:\/\/stilanddesign.se\/en\/product\/%e2%9c%a8-luftig-topp-med-knytband-fran-zabaione-%e2%9c%a8\/","title":{"rendered":"\u2728 Airy top with ties from Zabaione \u2728"},"content":{"rendered":"<p data-start=\"70\" data-end=\"118\">\u2728 <strong data-start=\"72\" data-end=\"114\">Airy top with ties from Zabaione<\/strong> \u2728<\/p>\n<p data-start=\"120\" data-end=\"245\">A feminine and summery top in a beautiful pattern \u2013 perfect for warm days when you want to feel both cool and stylish. \ud83c\udf3f<\/p>\n<p data-start=\"247\" data-end=\"429\">\ud83c\udf38 <strong data-start=\"250\" data-end=\"263\">Details:<\/strong><br data-start=\"263\" data-end=\"266\" \/>\u2728 Decorative tie at the shoulder for a romantic touch<br data-start=\"323\" data-end=\"326\" \/>\ud83d\udc5a Round neckline with soft drape<br data-start=\"361\" data-end=\"364\" \/>\ud83e\udeb6 Light and airy quality<br data-start=\"391\" data-end=\"394\" \/>\ud83d\udc4c Comfortable and flattering fit<\/p>\n<p data-start=\"431\" data-end=\"519\">Perfect to match with jeans, shorts or a skirt for a casual yet elegant look. \ud83d\udcab<\/p>\n<p data-start=\"521\" data-end=\"627\">\ud83d\udccf <strong data-start=\"524\" data-end=\"538\">Sizes:<\/strong> S\u2013XXL<br data-start=\"546\" data-end=\"549\" \/>\ud83e\uddf5 <strong data-start=\"552\" data-end=\"565\">Material:<\/strong> 100% viscose<br data-start=\"577\" data-end=\"580\" \/>\ud83e\uddfa <strong data-start=\"583\" data-end=\"596\">Washing instructions:<\/strong> 30\u00b0<br data-start=\"600\" data-end=\"603\" \/>\ud83c\udff7 <strong data-start=\"606\" data-end=\"616\">Make:<\/strong> Zabaione<\/p>\n<hr data-start=\"629\" data-end=\"632\" \/>\n<p data-start=\"634\" data-end=\"660\">\ud83c\udf43 <strong data-start=\"637\" data-end=\"658\">Colors\/patterns:<\/strong><\/p>\n<p data-start=\"662\" data-end=\"913\">\ud83c\udf38 <strong data-start=\"665\" data-end=\"693\">Light floral (pink\/green)<\/strong> \u2013 soft, romantic tones for a classic summer feel<br data-start=\"748\" data-end=\"751\" \/>\ud83c\udf51 <strong data-start=\"754\" data-end=\"786\">Fruit pattern (peach\/melon)<\/strong> \u2013 playful and colorful with lovely summer vibes<br data-start=\"835\" data-end=\"838\" \/>\ud83c\udf3c <strong data-start=\"841\" data-end=\"866\">Floral in warm tones<\/strong> \u2013 a vibrant mix of coral, orange and green<\/p>\n<hr data-start=\"915\" data-end=\"918\" \/>\n<p data-start=\"920\" data-end=\"991\" data-is-last-node=\"\" data-is-only-node=\"\">\ud83d\udc96 An easy-to-wear favorite that&#039;s just as suitable for everyday wear as it is for vacation! \u2728<\/p>\n<p data-start=\"920\" data-end=\"991\" data-is-last-node=\"\" data-is-only-node=\"\">The linen feels small so go up a size,<\/p>\n<p data-start=\"920\" data-end=\"991\" data-is-last-node=\"\" data-is-only-node=\"\">","protected":false},"excerpt":{"rendered":"<p data-start=\"70\" data-end=\"118\">\u2728 <strong data-start=\"72\" data-end=\"114\">Airy top with ties from Zabaione<\/strong> \u2728<\/p>\n<p data-start=\"120\" data-end=\"245\">A feminine and summery top in a beautiful pattern \u2013 perfect for warm days when you want to feel both cool and stylish. \ud83c\udf3f<\/p>\n<p data-start=\"247\" data-end=\"429\">\ud83c\udf38 <strong data-start=\"250\" data-end=\"263\">Details:<\/strong><br data-start=\"263\" data-end=\"266\" \/>\u2728 Decorative tie at the shoulder for a romantic touch<br data-start=\"323\" data-end=\"326\" \/>\ud83d\udc5a Round neckline with soft drape<br data-start=\"361\" data-end=\"364\" \/>\ud83e\udeb6 Light and airy quality<br data-start=\"391\" data-end=\"394\" \/>\ud83d\udc4c Comfortable and flattering fit<\/p>\n<p data-start=\"431\" data-end=\"519\">Perfect to match with jeans, shorts or a skirt for a casual yet elegant look. \ud83d\udcab<\/p>\n<p data-start=\"521\" data-end=\"627\">\ud83d\udccf <strong data-start=\"524\" data-end=\"538\">Sizes:<\/strong> S\u2013XXL<br data-start=\"546\" data-end=\"549\" \/>\ud83e\uddf5 <strong data-start=\"552\" data-end=\"565\">Material:<\/strong> 100% viscose<br data-start=\"577\" data-end=\"580\" \/>\ud83e\uddfa <strong data-start=\"583\" data-end=\"596\">Washing instructions:<\/strong> 30\u00b0<br data-start=\"600\" data-end=\"603\" \/>\ud83c\udff7 <strong data-start=\"606\" data-end=\"616\">Make:<\/strong> Zabaione<\/p>\n<hr data-start=\"629\" data-end=\"632\" \/>\n<p data-start=\"634\" data-end=\"660\">\ud83c\udf43 <strong data-start=\"637\" data-end=\"658\">Colors\/patterns:<\/strong><\/p>\n<p data-start=\"662\" data-end=\"913\">\ud83c\udf38 <strong data-start=\"665\" data-end=\"693\">Light floral (pink\/green)<\/strong> \u2013 soft, romantic tones for a classic summer feel<br data-start=\"748\" data-end=\"751\" \/>\ud83c\udf51 <strong data-start=\"754\" data-end=\"786\">Fruit pattern (peach\/melon)<\/strong> \u2013 playful and colorful with lovely summer vibes<br data-start=\"835\" data-end=\"838\" \/>\ud83c\udf3c <strong data-start=\"841\" data-end=\"866\">Floral in warm tones<\/strong> \u2013 a vibrant mix of coral, orange and green<\/p>\n<hr data-start=\"915\" data-end=\"918\" \/>\n<p data-start=\"920\" data-end=\"991\" data-is-last-node=\"\" data-is-only-node=\"\">\ud83d\udc96 An easy-to-wear favorite that&#039;s just as suitable for everyday wear as it is for vacation! \u2728<\/p>\n<p data-start=\"920\" data-end=\"991\" data-is-last-node=\"\" data-is-only-node=\"\">The linen feels small so go up a size,<\/p>","protected":false},"featured_media":1071232,"comment_status":"closed","ping_status":"closed","template":"","meta":[],"product_brand":[],"product_cat":[205,222],"product_tag":[],"class_list":{"0":"post-1071223","1":"product","2":"type-product","3":"status-publish","4":"has-post-thumbnail","6":"product_cat-linne","7":"product_cat-toppar-tischor","9":"first","10":"instock","11":"taxable","12":"shipping-taxable","13":"purchasable","14":"product-type-variable"},"yoast_head":"<!-- This site is optimized with the Yoast SEO Premium plugin v27.1 (Yoast SEO v27.4) - https:\/\/yoast.com\/product\/yoast-seo-premium-wordpress\/ -->\n<title>\u2728 Luftig topp med knytband fr\u00e5n Zabaione \u2728 - Stil &amp; Design<\/title>\n<meta name=\"robots\" content=\"index, follow, max-snippet:-1, max-image-preview:large, max-video-preview:-1\" \/>\n<link rel=\"canonical\" href=\"https:\/\/stilanddesign.se\/en\/product\/\u2728-luftig-topp-med-knytband-fran-zabaione-\u2728\/\" \/>\n<meta property=\"og:locale\" content=\"en_US\" \/>\n<meta property=\"og:type\" content=\"article\" \/>\n<meta property=\"og:title\" content=\"\u2728 Luftig topp med knytband fr\u00e5n Zabaione \u2728\" \/>\n<meta property=\"og:description\" content=\"\u2728 Luftig topp med knytband fr\u00e5n Zabaione \u2728 En feminin och somrig topp i ett vackert m\u00f6nster \u2013 perfekt f\u00f6r varma dagar n\u00e4r du vill k\u00e4nna dig b\u00e5de sval och stilfull. \ud83c\udf3f \ud83c\udf38 Detaljer:\u2728 Dekorativ knytning vid axeln som ger en romantisk touch\ud83d\udc5a Rund halsringning med mjukt fall\ud83e\udeb6 L\u00e4tt och luftig kvalitet\ud83d\udc4c Bekv\u00e4m och smickrande passform Perfekt att matcha med jeans, shorts eller kjol f\u00f6r en avslappnad men elegant look. \ud83d\udcab \ud83d\udccf Storlekar: S \u2013 XXL\ud83e\uddf5 Material: 100% viskos\ud83e\uddfa Tv\u00e4ttr\u00e5d: 30\u00b0\ud83c\udff7 M\u00e4rke: Zabaione    \ud83c\udf43 F\u00e4rger \/ m\u00f6nster: \ud83c\udf38 Ljus blommig (rosa\/gr\u00f6n) \u2013 mjuka, romantiska toner f\u00f6r en klassisk sommark\u00e4nsla\ud83c\udf51 Fruktm\u00f6nster (persika\/melon) \u2013 lekfull och f\u00e4rgstark med h\u00e4rliga sommarvibbar\ud83c\udf3c Blommig i varma toner \u2013 en livfull mix av korall, orange och gr\u00f6nt    \ud83d\udc96 En l\u00e4ttburen favorit som passar lika bra till vardag som semester! \u2728 Linnet upplevs som litet s\u00e5 g\u00e5 upp en storlek,\" \/>\n<meta property=\"og:url\" content=\"https:\/\/stilanddesign.se\/en\/product\/\u2728-luftig-topp-med-knytband-fran-zabaione-\u2728\/\" \/>\n<meta property=\"og:site_name\" content=\"Stil &amp; Design\" \/>\n<meta property=\"article:modified_time\" content=\"2026-04-15T11:11:27+00:00\" \/>\n<meta property=\"og:image\" content=\"https:\/\/stilanddesign.se\/wp-content\/uploads\/2026\/03\/4068696958247_1.jpg\" \/>\n\t<meta property=\"og:image:width\" content=\"889\" \/>\n\t<meta property=\"og:image:height\" content=\"1280\" \/>\n\t<meta property=\"og:image:type\" content=\"image\/jpeg\" \/>\n<meta name=\"twitter:card\" content=\"summary_large_image\" \/>\n<meta name=\"twitter:label1\" content=\"Est. reading time\" \/>\n\t<meta name=\"twitter:data1\" content=\"1 minute\" \/>\n<script type=\"application\/ld+json\" class=\"yoast-schema-graph\">{\"@context\":\"https:\\\/\\\/schema.org\",\"@graph\":[{\"@type\":\"WebPage\",\"@id\":\"https:\\\/\\\/stilanddesign.se\\\/produkt\\\/%e2%9c%a8-luftig-topp-med-knytband-fran-zabaione-%e2%9c%a8\\\/\",\"url\":\"https:\\\/\\\/stilanddesign.se\\\/produkt\\\/%e2%9c%a8-luftig-topp-med-knytband-fran-zabaione-%e2%9c%a8\\\/\",\"name\":\"\u2728 Luftig topp med knytband fr\u00e5n Zabaione \u2728 - Stil &amp; Design\",\"isPartOf\":{\"@id\":\"https:\\\/\\\/stilanddesign.se\\\/#website\"},\"primaryImageOfPage\":{\"@id\":\"https:\\\/\\\/stilanddesign.se\\\/produkt\\\/%e2%9c%a8-luftig-topp-med-knytband-fran-zabaione-%e2%9c%a8\\\/#primaryimage\"},\"image\":{\"@id\":\"https:\\\/\\\/stilanddesign.se\\\/produkt\\\/%e2%9c%a8-luftig-topp-med-knytband-fran-zabaione-%e2%9c%a8\\\/#primaryimage\"},\"thumbnailUrl\":\"https:\\\/\\\/stilanddesign.se\\\/wp-content\\\/uploads\\\/2026\\\/03\\\/4068696958247_1.jpg\",\"datePublished\":\"2026-03-25T13:42:47+00:00\",\"dateModified\":\"2026-04-15T11:11:27+00:00\",\"breadcrumb\":{\"@id\":\"https:\\\/\\\/stilanddesign.se\\\/produkt\\\/%e2%9c%a8-luftig-topp-med-knytband-fran-zabaione-%e2%9c%a8\\\/#breadcrumb\"},\"inLanguage\":\"en-US\",\"potentialAction\":[{\"@type\":\"ReadAction\",\"target\":[\"https:\\\/\\\/stilanddesign.se\\\/produkt\\\/%e2%9c%a8-luftig-topp-med-knytband-fran-zabaione-%e2%9c%a8\\\/\"]}]},{\"@type\":\"ImageObject\",\"inLanguage\":\"en-US\",\"@id\":\"https:\\\/\\\/stilanddesign.se\\\/produkt\\\/%e2%9c%a8-luftig-topp-med-knytband-fran-zabaione-%e2%9c%a8\\\/#primaryimage\",\"url\":\"https:\\\/\\\/stilanddesign.se\\\/wp-content\\\/uploads\\\/2026\\\/03\\\/4068696958247_1.jpg\",\"contentUrl\":\"https:\\\/\\\/stilanddesign.se\\\/wp-content\\\/uploads\\\/2026\\\/03\\\/4068696958247_1.jpg\",\"width\":889,\"height\":1280},{\"@type\":\"BreadcrumbList\",\"@id\":\"https:\\\/\\\/stilanddesign.se\\\/produkt\\\/%e2%9c%a8-luftig-topp-med-knytband-fran-zabaione-%e2%9c%a8\\\/#breadcrumb\",\"itemListElement\":[{\"@type\":\"ListItem\",\"position\":1,\"name\":\"Hem\",\"item\":\"https:\\\/\\\/stilanddesign.se\\\/\"},{\"@type\":\"ListItem\",\"position\":2,\"name\":\"Butiken\",\"item\":\"https:\\\/\\\/stilanddesign.se\\\/butiken\\\/\"},{\"@type\":\"ListItem\",\"position\":3,\"name\":\"\u2728 Luftig topp med knytband fr\u00e5n Zabaione \u2728\"}]},{\"@type\":\"WebSite\",\"@id\":\"https:\\\/\\\/stilanddesign.se\\\/#website\",\"url\":\"https:\\\/\\\/stilanddesign.se\\\/\",\"name\":\"Stil &amp; Design\",\"description\":\"F\u00f6r oss som \u00e4lskar mode!\",\"publisher\":{\"@id\":\"https:\\\/\\\/stilanddesign.se\\\/#organization\"},\"potentialAction\":[{\"@type\":\"SearchAction\",\"target\":{\"@type\":\"EntryPoint\",\"urlTemplate\":\"https:\\\/\\\/stilanddesign.se\\\/?s={search_term_string}\"},\"query-input\":{\"@type\":\"PropertyValueSpecification\",\"valueRequired\":true,\"valueName\":\"search_term_string\"}}],\"inLanguage\":\"en-US\"},{\"@type\":\"Organization\",\"@id\":\"https:\\\/\\\/stilanddesign.se\\\/#organization\",\"name\":\"Stil &amp; Design\",\"url\":\"https:\\\/\\\/stilanddesign.se\\\/\",\"logo\":{\"@type\":\"ImageObject\",\"inLanguage\":\"en-US\",\"@id\":\"https:\\\/\\\/stilanddesign.se\\\/#\\\/schema\\\/logo\\\/image\\\/\",\"url\":\"https:\\\/\\\/stilanddesign.se\\\/wp-content\\\/uploads\\\/2023\\\/12\\\/output-onlinepngtools-e1727784413220.png\",\"contentUrl\":\"https:\\\/\\\/stilanddesign.se\\\/wp-content\\\/uploads\\\/2023\\\/12\\\/output-onlinepngtools-e1727784413220.png\",\"width\":519,\"height\":135,\"caption\":\"Stil &amp; Design\"},\"image\":{\"@id\":\"https:\\\/\\\/stilanddesign.se\\\/#\\\/schema\\\/logo\\\/image\\\/\"}}]}<\/script>\n<!-- \/ Yoast SEO Premium plugin. -->","yoast_head_json":{"title":"\u2728 Luftig topp med knytband fr\u00e5n Zabaione \u2728 - Stil &amp; Design","robots":{"index":"index","follow":"follow","max-snippet":"max-snippet:-1","max-image-preview":"max-image-preview:large","max-video-preview":"max-video-preview:-1"},"canonical":"https:\/\/stilanddesign.se\/en\/product\/\u2728-luftig-topp-med-knytband-fran-zabaione-\u2728\/","og_locale":"en_US","og_type":"article","og_title":"\u2728 Luftig topp med knytband fr\u00e5n Zabaione \u2728","og_description":"\u2728 Luftig topp med knytband fr\u00e5n Zabaione \u2728 En feminin och somrig topp i ett vackert m\u00f6nster \u2013 perfekt f\u00f6r varma dagar n\u00e4r du vill k\u00e4nna dig b\u00e5de sval och stilfull. \ud83c\udf3f \ud83c\udf38 Detaljer:\u2728 Dekorativ knytning vid axeln som ger en romantisk touch\ud83d\udc5a Rund halsringning med mjukt fall\ud83e\udeb6 L\u00e4tt och luftig kvalitet\ud83d\udc4c Bekv\u00e4m och smickrande passform Perfekt att matcha med jeans, shorts eller kjol f\u00f6r en avslappnad men elegant look. \ud83d\udcab \ud83d\udccf Storlekar: S \u2013 XXL\ud83e\uddf5 Material: 100% viskos\ud83e\uddfa Tv\u00e4ttr\u00e5d: 30\u00b0\ud83c\udff7 M\u00e4rke: Zabaione    \ud83c\udf43 F\u00e4rger \/ m\u00f6nster: \ud83c\udf38 Ljus blommig (rosa\/gr\u00f6n) \u2013 mjuka, romantiska toner f\u00f6r en klassisk sommark\u00e4nsla\ud83c\udf51 Fruktm\u00f6nster (persika\/melon) \u2013 lekfull och f\u00e4rgstark med h\u00e4rliga sommarvibbar\ud83c\udf3c Blommig i varma toner \u2013 en livfull mix av korall, orange och gr\u00f6nt    \ud83d\udc96 En l\u00e4ttburen favorit som passar lika bra till vardag som semester! \u2728 Linnet upplevs som litet s\u00e5 g\u00e5 upp en storlek,","og_url":"https:\/\/stilanddesign.se\/en\/product\/\u2728-luftig-topp-med-knytband-fran-zabaione-\u2728\/","og_site_name":"Stil &amp; Design","article_modified_time":"2026-04-15T11:11:27+00:00","og_image":[{"width":889,"height":1280,"url":"https:\/\/stilanddesign.se\/wp-content\/uploads\/2026\/03\/4068696958247_1.jpg","type":"image\/jpeg"}],"twitter_card":"summary_large_image","twitter_misc":{"Est. reading time":"1 minute"},"schema":{"@context":"https:\/\/schema.org","@graph":[{"@type":"WebPage","@id":"https:\/\/stilanddesign.se\/produkt\/%e2%9c%a8-luftig-topp-med-knytband-fran-zabaione-%e2%9c%a8\/","url":"https:\/\/stilanddesign.se\/produkt\/%e2%9c%a8-luftig-topp-med-knytband-fran-zabaione-%e2%9c%a8\/","name":"\u2728 Luftig topp med knytband fr\u00e5n Zabaione \u2728 - Stil &amp; Design","isPartOf":{"@id":"https:\/\/stilanddesign.se\/#website"},"primaryImageOfPage":{"@id":"https:\/\/stilanddesign.se\/produkt\/%e2%9c%a8-luftig-topp-med-knytband-fran-zabaione-%e2%9c%a8\/#primaryimage"},"image":{"@id":"https:\/\/stilanddesign.se\/produkt\/%e2%9c%a8-luftig-topp-med-knytband-fran-zabaione-%e2%9c%a8\/#primaryimage"},"thumbnailUrl":"https:\/\/stilanddesign.se\/wp-content\/uploads\/2026\/03\/4068696958247_1.jpg","datePublished":"2026-03-25T13:42:47+00:00","dateModified":"2026-04-15T11:11:27+00:00","breadcrumb":{"@id":"https:\/\/stilanddesign.se\/produkt\/%e2%9c%a8-luftig-topp-med-knytband-fran-zabaione-%e2%9c%a8\/#breadcrumb"},"inLanguage":"en-US","potentialAction":[{"@type":"ReadAction","target":["https:\/\/stilanddesign.se\/produkt\/%e2%9c%a8-luftig-topp-med-knytband-fran-zabaione-%e2%9c%a8\/"]}]},{"@type":"ImageObject","inLanguage":"en-US","@id":"https:\/\/stilanddesign.se\/produkt\/%e2%9c%a8-luftig-topp-med-knytband-fran-zabaione-%e2%9c%a8\/#primaryimage","url":"https:\/\/stilanddesign.se\/wp-content\/uploads\/2026\/03\/4068696958247_1.jpg","contentUrl":"https:\/\/stilanddesign.se\/wp-content\/uploads\/2026\/03\/4068696958247_1.jpg","width":889,"height":1280},{"@type":"BreadcrumbList","@id":"https:\/\/stilanddesign.se\/produkt\/%e2%9c%a8-luftig-topp-med-knytband-fran-zabaione-%e2%9c%a8\/#breadcrumb","itemListElement":[{"@type":"ListItem","position":1,"name":"Hem","item":"https:\/\/stilanddesign.se\/"},{"@type":"ListItem","position":2,"name":"Butiken","item":"https:\/\/stilanddesign.se\/butiken\/"},{"@type":"ListItem","position":3,"name":"\u2728 Luftig topp med knytband fr\u00e5n Zabaione \u2728"}]},{"@type":"WebSite","@id":"https:\/\/stilanddesign.se\/#website","url":"https:\/\/stilanddesign.se\/","name":"Style &amp; Design","description":"For those of us who love fashion!","publisher":{"@id":"https:\/\/stilanddesign.se\/#organization"},"potentialAction":[{"@type":"SearchAction","target":{"@type":"EntryPoint","urlTemplate":"https:\/\/stilanddesign.se\/?s={search_term_string}"},"query-input":{"@type":"PropertyValueSpecification","valueRequired":true,"valueName":"search_term_string"}}],"inLanguage":"en-US"},{"@type":"Organization","@id":"https:\/\/stilanddesign.se\/#organization","name":"Style &amp; Design","url":"https:\/\/stilanddesign.se\/","logo":{"@type":"ImageObject","inLanguage":"en-US","@id":"https:\/\/stilanddesign.se\/#\/schema\/logo\/image\/","url":"https:\/\/stilanddesign.se\/wp-content\/uploads\/2023\/12\/output-onlinepngtools-e1727784413220.png","contentUrl":"https:\/\/stilanddesign.se\/wp-content\/uploads\/2023\/12\/output-onlinepngtools-e1727784413220.png","width":519,"height":135,"caption":"Stil &amp; Design"},"image":{"@id":"https:\/\/stilanddesign.se\/#\/schema\/logo\/image\/"}}]}},"_links":{"self":[{"href":"https:\/\/stilanddesign.se\/en\/wp-json\/wp\/v2\/product\/1071223","targetHints":{"allow":["GET"]}}],"collection":[{"href":"https:\/\/stilanddesign.se\/en\/wp-json\/wp\/v2\/product"}],"about":[{"href":"https:\/\/stilanddesign.se\/en\/wp-json\/wp\/v2\/types\/product"}],"replies":[{"embeddable":true,"href":"https:\/\/stilanddesign.se\/en\/wp-json\/wp\/v2\/comments?post=1071223"}],"wp:featuredmedia":[{"embeddable":true,"href":"https:\/\/stilanddesign.se\/en\/wp-json\/wp\/v2\/media\/1071232"}],"wp:attachment":[{"href":"https:\/\/stilanddesign.se\/en\/wp-json\/wp\/v2\/media?parent=1071223"}],"wp:term":[{"taxonomy":"product_brand","embeddable":true,"href":"https:\/\/stilanddesign.se\/en\/wp-json\/wp\/v2\/product_brand?post=1071223"},{"taxonomy":"product_cat","embeddable":true,"href":"https:\/\/stilanddesign.se\/en\/wp-json\/wp\/v2\/product_cat?post=1071223"},{"taxonomy":"product_tag","embeddable":true,"href":"https:\/\/stilanddesign.se\/en\/wp-json\/wp\/v2\/product_tag?post=1071223"}],"curies":[{"name":"wp","href":"https:\/\/api.w.org\/{rel}","templated":true}]}}