{"id":1071167,"date":"2026-03-25T13:53:14","date_gmt":"2026-03-25T12:53:14","guid":{"rendered":"https:\/\/stilanddesign.se\/?post_type=product&#038;p=1071167"},"modified":"2026-04-24T14:02:03","modified_gmt":"2026-04-24T12:02:03","slug":"%f0%9f%96%a4%e2%9c%a8-elegant-monstrad-klanning-fran-zabaione-%e2%9c%a8%f0%9f%96%a4","status":"publish","type":"product","link":"https:\/\/stilanddesign.se\/en\/product\/%f0%9f%96%a4%e2%9c%a8-elegant-monstrad-klanning-fran-zabaione-%e2%9c%a8%f0%9f%96%a4\/","title":{"rendered":"\ud83d\udda4\u2728 Elegant patterned dress from Zabaione \u2728\ud83d\udda4"},"content":{"rendered":"<p data-start=\"91\" data-end=\"144\">\ud83d\udda4\u2728 <strong data-start=\"95\" data-end=\"138\">Elegant patterned dress from Zabaione<\/strong> \u2728\ud83d\udda4<\/p>\n<p data-start=\"146\" data-end=\"296\">A timeless favorite with a modern twist! \ud83d\ude0d This dress with a stylish pattern gives a sophisticated look that is just as suitable for everyday wear as it is for a party \ud83d\udcab<\/p>\n<p data-start=\"298\" data-end=\"437\">The defined waist with tie highlights the silhouette in a flattering way, while the airy skirt gives a nice fall and movement \ud83d\udc57\u2728<\/p>\n<p data-start=\"439\" data-end=\"566\">The sleeveless design makes it perfect for warmer days \u2013 or to style with a jacket or cardigan for a more dressed-up look \ud83e\udd0d<\/p>\n<p data-start=\"568\" data-end=\"620\">Also available in a beautiful <strong data-start=\"591\" data-end=\"613\">red\/orange variant<\/strong> \u2764\ufe0f\ud83e\udde1<\/p>\n<p data-start=\"622\" data-end=\"770\">\u2728 <strong data-start=\"624\" data-end=\"637\">Details:<\/strong><br data-start=\"637\" data-end=\"640\" \/>\ud83d\udda4 Stylish pattern<br data-start=\"659\" data-end=\"662\" \/>\ud83c\udf80 Tie at the waist<br data-start=\"682\" data-end=\"685\" \/>\u2728 Sleeveless design<br data-start=\"700\" data-end=\"703\" \/>\ud83d\udda4 Airy and flexible fit<br data-start=\"733\" data-end=\"736\" \/>\u2728 Perfect for both everyday life &amp; parties<\/p>\n<p data-start=\"772\" data-end=\"860\">\ud83c\udf3f <strong data-start=\"775\" data-end=\"788\">Material:<\/strong> 100% viscose (EcoVero)<br data-start=\"810\" data-end=\"813\" \/>\ud83d\udccf <strong data-start=\"816\" data-end=\"828\">Size:<\/strong> XS\u2013XXL<br data-start=\"835\" data-end=\"838\" \/>\ud83e\udee7 <strong data-start=\"841\" data-end=\"854\">Washing instructions:<\/strong> 30\u00b0<\/p>\n<p data-start=\"862\" data-end=\"951\">An elegant and easy-to-wear dress that will quickly become a wardrobe favorite \ud83d\ude0d\u2728<\/p>","protected":false},"excerpt":{"rendered":"<p data-start=\"91\" data-end=\"144\">\ud83d\udda4\u2728 <strong data-start=\"95\" data-end=\"138\">Elegant patterned dress from Zabaione<\/strong> \u2728\ud83d\udda4<\/p>\n<p data-start=\"146\" data-end=\"296\">A timeless favorite with a modern twist! \ud83d\ude0d This dress with a stylish pattern gives a sophisticated look that is just as suitable for everyday wear as it is for a party \ud83d\udcab<\/p>\n<p data-start=\"298\" data-end=\"437\">The defined waist with tie highlights the silhouette in a flattering way, while the airy skirt gives a nice fall and movement \ud83d\udc57\u2728<\/p>\n<p data-start=\"439\" data-end=\"566\">The sleeveless design makes it perfect for warmer days \u2013 or to style with a jacket or cardigan for a more dressed-up look \ud83e\udd0d<\/p>\n<p data-start=\"568\" data-end=\"620\">Also available in a beautiful <strong data-start=\"591\" data-end=\"613\">red\/orange variant<\/strong> \u2764\ufe0f\ud83e\udde1<\/p>\n<p data-start=\"622\" data-end=\"770\">\u2728 <strong data-start=\"624\" data-end=\"637\">Details:<\/strong><br data-start=\"637\" data-end=\"640\" \/>\ud83d\udda4 Stylish pattern<br data-start=\"659\" data-end=\"662\" \/>\ud83c\udf80 Tie at the waist<br data-start=\"682\" data-end=\"685\" \/>\u2728 Sleeveless design<br data-start=\"700\" data-end=\"703\" \/>\ud83d\udda4 Airy and flexible fit<br data-start=\"733\" data-end=\"736\" \/>\u2728 Perfect for both everyday life &amp; parties<\/p>\n<p data-start=\"772\" data-end=\"860\">\ud83c\udf3f <strong data-start=\"775\" data-end=\"788\">Material:<\/strong> 100% viscose (EcoVero)<br data-start=\"810\" data-end=\"813\" \/>\ud83d\udccf <strong data-start=\"816\" data-end=\"828\">Size:<\/strong> XS\u2013XXL<br data-start=\"835\" data-end=\"838\" \/>\ud83e\udee7 <strong data-start=\"841\" data-end=\"854\">Washing instructions:<\/strong> 30\u00b0<\/p>\n<p data-start=\"862\" data-end=\"951\">An elegant and easy-to-wear dress that will quickly become a wardrobe favorite \ud83d\ude0d\u2728<\/p>","protected":false},"featured_media":1071212,"comment_status":"closed","ping_status":"closed","template":"","meta":[],"product_brand":[],"product_cat":[215],"product_tag":[],"class_list":{"0":"post-1071167","1":"product","2":"type-product","3":"status-publish","4":"has-post-thumbnail","6":"product_cat-klanningar","8":"first","9":"instock","10":"taxable","11":"shipping-taxable","12":"purchasable","13":"product-type-variable"},"yoast_head":"<!-- This site is optimized with the Yoast SEO Premium plugin v27.4 (Yoast SEO v27.4) - https:\/\/yoast.com\/product\/yoast-seo-premium-wordpress\/ -->\n<title>\ud83d\udda4\u2728 Elegant m\u00f6nstrad kl\u00e4nning fr\u00e5n Zabaione \u2728\ud83d\udda4 - Stil &amp; Design<\/title>\n<meta name=\"robots\" content=\"index, follow, max-snippet:-1, max-image-preview:large, max-video-preview:-1\" \/>\n<link rel=\"canonical\" href=\"https:\/\/stilanddesign.se\/en\/product\/\ud83d\udda4\u2728-elegant-monstrad-klanning-fran-zabaione-\u2728\ud83d\udda4\/\" \/>\n<meta property=\"og:locale\" content=\"en_US\" \/>\n<meta property=\"og:type\" content=\"article\" \/>\n<meta property=\"og:title\" content=\"\ud83d\udda4\u2728 Elegant m\u00f6nstrad kl\u00e4nning fr\u00e5n Zabaione \u2728\ud83d\udda4\" \/>\n<meta property=\"og:description\" content=\"\ud83d\udda4\u2728 Elegant m\u00f6nstrad kl\u00e4nning fr\u00e5n Zabaione \u2728\ud83d\udda4 En tidl\u00f6s favorit med modern twist! \ud83d\ude0d Denna kl\u00e4nning med stilrent m\u00f6nster ger en sofistikerad look som passar lika bra till vardag som till fest \ud83d\udcab Den markerade midjan med knytband framh\u00e4ver silhuetten p\u00e5 ett smickrande s\u00e4tt, medan den luftiga kjolen ger ett fint fall och r\u00f6relse \ud83d\udc57\u2728 Den \u00e4rml\u00f6sa designen g\u00f6r den perfekt f\u00f6r varmare dagar \u2013 eller att styla med en jacka eller kofta f\u00f6r en mer uppkl\u00e4dd look \ud83e\udd0d Finns \u00e4ven i en h\u00e4rlig r\u00f6d\/orange variant \u2764\ufe0f\ud83e\udde1 \u2728 Detaljer:\ud83d\udda4 Stilrent m\u00f6nster\ud83c\udf80 Knytband i midjan\u2728 \u00c4rml\u00f6s design\ud83d\udda4 Luftig och f\u00f6ljsam passform\u2728 Perfekt f\u00f6r b\u00e5de vardag &amp; fest \ud83c\udf3f Material: 100% viskos (EcoVero)\ud83d\udccf Storlek: XS\u2013XXL\ud83e\udee7 Tv\u00e4ttr\u00e5d: 30\u00b0 En elegant och l\u00e4ttburen kl\u00e4nning som snabbt blir en sj\u00e4lvklar favorit i garderoben \ud83d\ude0d\u2728\" \/>\n<meta property=\"og:url\" content=\"https:\/\/stilanddesign.se\/en\/product\/\ud83d\udda4\u2728-elegant-monstrad-klanning-fran-zabaione-\u2728\ud83d\udda4\/\" \/>\n<meta property=\"og:site_name\" content=\"Stil &amp; Design\" \/>\n<meta property=\"article:modified_time\" content=\"2026-04-24T12:02:03+00:00\" \/>\n<meta name=\"twitter:card\" content=\"summary_large_image\" \/>\n<meta name=\"twitter:label1\" content=\"Est. reading time\" \/>\n\t<meta name=\"twitter:data1\" content=\"1 minute\" \/>\n<script type=\"application\/ld+json\" class=\"yoast-schema-graph\">{\"@context\":\"https:\\\/\\\/schema.org\",\"@graph\":[{\"@type\":\"WebPage\",\"@id\":\"https:\\\/\\\/stilanddesign.se\\\/produkt\\\/%f0%9f%96%a4%e2%9c%a8-elegant-monstrad-klanning-fran-zabaione-%e2%9c%a8%f0%9f%96%a4\\\/\",\"url\":\"https:\\\/\\\/stilanddesign.se\\\/produkt\\\/%f0%9f%96%a4%e2%9c%a8-elegant-monstrad-klanning-fran-zabaione-%e2%9c%a8%f0%9f%96%a4\\\/\",\"name\":\"\ud83d\udda4\u2728 Elegant m\u00f6nstrad kl\u00e4nning fr\u00e5n Zabaione \u2728\ud83d\udda4 - Stil &amp; Design\",\"isPartOf\":{\"@id\":\"https:\\\/\\\/stilanddesign.se\\\/#website\"},\"primaryImageOfPage\":{\"@id\":\"https:\\\/\\\/stilanddesign.se\\\/produkt\\\/%f0%9f%96%a4%e2%9c%a8-elegant-monstrad-klanning-fran-zabaione-%e2%9c%a8%f0%9f%96%a4\\\/#primaryimage\"},\"image\":{\"@id\":\"https:\\\/\\\/stilanddesign.se\\\/produkt\\\/%f0%9f%96%a4%e2%9c%a8-elegant-monstrad-klanning-fran-zabaione-%e2%9c%a8%f0%9f%96%a4\\\/#primaryimage\"},\"thumbnailUrl\":\"https:\\\/\\\/stilanddesign.se\\\/wp-content\\\/uploads\\\/2026\\\/03\\\/5543233333333.jpg\",\"datePublished\":\"2026-03-25T12:53:14+00:00\",\"dateModified\":\"2026-04-24T12:02:03+00:00\",\"breadcrumb\":{\"@id\":\"https:\\\/\\\/stilanddesign.se\\\/produkt\\\/%f0%9f%96%a4%e2%9c%a8-elegant-monstrad-klanning-fran-zabaione-%e2%9c%a8%f0%9f%96%a4\\\/#breadcrumb\"},\"inLanguage\":\"en-US\",\"potentialAction\":[{\"@type\":\"ReadAction\",\"target\":[\"https:\\\/\\\/stilanddesign.se\\\/produkt\\\/%f0%9f%96%a4%e2%9c%a8-elegant-monstrad-klanning-fran-zabaione-%e2%9c%a8%f0%9f%96%a4\\\/\"]}]},{\"@type\":\"ImageObject\",\"inLanguage\":\"en-US\",\"@id\":\"https:\\\/\\\/stilanddesign.se\\\/produkt\\\/%f0%9f%96%a4%e2%9c%a8-elegant-monstrad-klanning-fran-zabaione-%e2%9c%a8%f0%9f%96%a4\\\/#primaryimage\",\"url\":\"https:\\\/\\\/stilanddesign.se\\\/wp-content\\\/uploads\\\/2026\\\/03\\\/5543233333333.jpg\",\"contentUrl\":\"https:\\\/\\\/stilanddesign.se\\\/wp-content\\\/uploads\\\/2026\\\/03\\\/5543233333333.jpg\",\"width\":278,\"height\":640,\"caption\":\"M\u00f6nstrad kl\u00e4nning\"},{\"@type\":\"BreadcrumbList\",\"@id\":\"https:\\\/\\\/stilanddesign.se\\\/produkt\\\/%f0%9f%96%a4%e2%9c%a8-elegant-monstrad-klanning-fran-zabaione-%e2%9c%a8%f0%9f%96%a4\\\/#breadcrumb\",\"itemListElement\":[{\"@type\":\"ListItem\",\"position\":1,\"name\":\"Hem\",\"item\":\"https:\\\/\\\/stilanddesign.se\\\/\"},{\"@type\":\"ListItem\",\"position\":2,\"name\":\"Butiken\",\"item\":\"https:\\\/\\\/stilanddesign.se\\\/butiken\\\/\"},{\"@type\":\"ListItem\",\"position\":3,\"name\":\"\ud83d\udda4\u2728 Elegant m\u00f6nstrad kl\u00e4nning fr\u00e5n Zabaione \u2728\ud83d\udda4\"}]},{\"@type\":\"WebSite\",\"@id\":\"https:\\\/\\\/stilanddesign.se\\\/#website\",\"url\":\"https:\\\/\\\/stilanddesign.se\\\/\",\"name\":\"Stil &amp; Design\",\"description\":\"F\u00f6r oss som \u00e4lskar mode!\",\"publisher\":{\"@id\":\"https:\\\/\\\/stilanddesign.se\\\/#organization\"},\"potentialAction\":[{\"@type\":\"SearchAction\",\"target\":{\"@type\":\"EntryPoint\",\"urlTemplate\":\"https:\\\/\\\/stilanddesign.se\\\/?s={search_term_string}\"},\"query-input\":{\"@type\":\"PropertyValueSpecification\",\"valueRequired\":true,\"valueName\":\"search_term_string\"}}],\"inLanguage\":\"en-US\"},{\"@type\":\"Organization\",\"@id\":\"https:\\\/\\\/stilanddesign.se\\\/#organization\",\"name\":\"Stil &amp; Design\",\"url\":\"https:\\\/\\\/stilanddesign.se\\\/\",\"logo\":{\"@type\":\"ImageObject\",\"inLanguage\":\"en-US\",\"@id\":\"https:\\\/\\\/stilanddesign.se\\\/#\\\/schema\\\/logo\\\/image\\\/\",\"url\":\"https:\\\/\\\/stilanddesign.se\\\/wp-content\\\/uploads\\\/2023\\\/12\\\/output-onlinepngtools-e1727784413220.png\",\"contentUrl\":\"https:\\\/\\\/stilanddesign.se\\\/wp-content\\\/uploads\\\/2023\\\/12\\\/output-onlinepngtools-e1727784413220.png\",\"width\":519,\"height\":135,\"caption\":\"Stil &amp; Design\"},\"image\":{\"@id\":\"https:\\\/\\\/stilanddesign.se\\\/#\\\/schema\\\/logo\\\/image\\\/\"}}]}<\/script>\n<!-- \/ Yoast SEO Premium plugin. -->","yoast_head_json":{"title":"\ud83d\udda4\u2728 Elegant m\u00f6nstrad kl\u00e4nning fr\u00e5n Zabaione \u2728\ud83d\udda4 - Stil &amp; Design","robots":{"index":"index","follow":"follow","max-snippet":"max-snippet:-1","max-image-preview":"max-image-preview:large","max-video-preview":"max-video-preview:-1"},"canonical":"https:\/\/stilanddesign.se\/en\/product\/\ud83d\udda4\u2728-elegant-monstrad-klanning-fran-zabaione-\u2728\ud83d\udda4\/","og_locale":"en_US","og_type":"article","og_title":"\ud83d\udda4\u2728 Elegant m\u00f6nstrad kl\u00e4nning fr\u00e5n Zabaione \u2728\ud83d\udda4","og_description":"\ud83d\udda4\u2728 Elegant m\u00f6nstrad kl\u00e4nning fr\u00e5n Zabaione \u2728\ud83d\udda4 En tidl\u00f6s favorit med modern twist! \ud83d\ude0d Denna kl\u00e4nning med stilrent m\u00f6nster ger en sofistikerad look som passar lika bra till vardag som till fest \ud83d\udcab Den markerade midjan med knytband framh\u00e4ver silhuetten p\u00e5 ett smickrande s\u00e4tt, medan den luftiga kjolen ger ett fint fall och r\u00f6relse \ud83d\udc57\u2728 Den \u00e4rml\u00f6sa designen g\u00f6r den perfekt f\u00f6r varmare dagar \u2013 eller att styla med en jacka eller kofta f\u00f6r en mer uppkl\u00e4dd look \ud83e\udd0d Finns \u00e4ven i en h\u00e4rlig r\u00f6d\/orange variant \u2764\ufe0f\ud83e\udde1 \u2728 Detaljer:\ud83d\udda4 Stilrent m\u00f6nster\ud83c\udf80 Knytband i midjan\u2728 \u00c4rml\u00f6s design\ud83d\udda4 Luftig och f\u00f6ljsam passform\u2728 Perfekt f\u00f6r b\u00e5de vardag &amp; fest \ud83c\udf3f Material: 100% viskos (EcoVero)\ud83d\udccf Storlek: XS\u2013XXL\ud83e\udee7 Tv\u00e4ttr\u00e5d: 30\u00b0 En elegant och l\u00e4ttburen kl\u00e4nning som snabbt blir en sj\u00e4lvklar favorit i garderoben \ud83d\ude0d\u2728","og_url":"https:\/\/stilanddesign.se\/en\/product\/\ud83d\udda4\u2728-elegant-monstrad-klanning-fran-zabaione-\u2728\ud83d\udda4\/","og_site_name":"Stil &amp; Design","article_modified_time":"2026-04-24T12:02:03+00:00","twitter_card":"summary_large_image","twitter_misc":{"Est. reading time":"1 minute"},"schema":{"@context":"https:\/\/schema.org","@graph":[{"@type":"WebPage","@id":"https:\/\/stilanddesign.se\/produkt\/%f0%9f%96%a4%e2%9c%a8-elegant-monstrad-klanning-fran-zabaione-%e2%9c%a8%f0%9f%96%a4\/","url":"https:\/\/stilanddesign.se\/produkt\/%f0%9f%96%a4%e2%9c%a8-elegant-monstrad-klanning-fran-zabaione-%e2%9c%a8%f0%9f%96%a4\/","name":"\ud83d\udda4\u2728 Elegant m\u00f6nstrad kl\u00e4nning fr\u00e5n Zabaione \u2728\ud83d\udda4 - Stil &amp; Design","isPartOf":{"@id":"https:\/\/stilanddesign.se\/#website"},"primaryImageOfPage":{"@id":"https:\/\/stilanddesign.se\/produkt\/%f0%9f%96%a4%e2%9c%a8-elegant-monstrad-klanning-fran-zabaione-%e2%9c%a8%f0%9f%96%a4\/#primaryimage"},"image":{"@id":"https:\/\/stilanddesign.se\/produkt\/%f0%9f%96%a4%e2%9c%a8-elegant-monstrad-klanning-fran-zabaione-%e2%9c%a8%f0%9f%96%a4\/#primaryimage"},"thumbnailUrl":"https:\/\/stilanddesign.se\/wp-content\/uploads\/2026\/03\/5543233333333.jpg","datePublished":"2026-03-25T12:53:14+00:00","dateModified":"2026-04-24T12:02:03+00:00","breadcrumb":{"@id":"https:\/\/stilanddesign.se\/produkt\/%f0%9f%96%a4%e2%9c%a8-elegant-monstrad-klanning-fran-zabaione-%e2%9c%a8%f0%9f%96%a4\/#breadcrumb"},"inLanguage":"en-US","potentialAction":[{"@type":"ReadAction","target":["https:\/\/stilanddesign.se\/produkt\/%f0%9f%96%a4%e2%9c%a8-elegant-monstrad-klanning-fran-zabaione-%e2%9c%a8%f0%9f%96%a4\/"]}]},{"@type":"ImageObject","inLanguage":"en-US","@id":"https:\/\/stilanddesign.se\/produkt\/%f0%9f%96%a4%e2%9c%a8-elegant-monstrad-klanning-fran-zabaione-%e2%9c%a8%f0%9f%96%a4\/#primaryimage","url":"https:\/\/stilanddesign.se\/wp-content\/uploads\/2026\/03\/5543233333333.jpg","contentUrl":"https:\/\/stilanddesign.se\/wp-content\/uploads\/2026\/03\/5543233333333.jpg","width":278,"height":640,"caption":"M\u00f6nstrad kl\u00e4nning"},{"@type":"BreadcrumbList","@id":"https:\/\/stilanddesign.se\/produkt\/%f0%9f%96%a4%e2%9c%a8-elegant-monstrad-klanning-fran-zabaione-%e2%9c%a8%f0%9f%96%a4\/#breadcrumb","itemListElement":[{"@type":"ListItem","position":1,"name":"Hem","item":"https:\/\/stilanddesign.se\/"},{"@type":"ListItem","position":2,"name":"Butiken","item":"https:\/\/stilanddesign.se\/butiken\/"},{"@type":"ListItem","position":3,"name":"\ud83d\udda4\u2728 Elegant m\u00f6nstrad kl\u00e4nning fr\u00e5n Zabaione \u2728\ud83d\udda4"}]},{"@type":"WebSite","@id":"https:\/\/stilanddesign.se\/#website","url":"https:\/\/stilanddesign.se\/","name":"Style &amp; Design","description":"For those of us who love fashion!","publisher":{"@id":"https:\/\/stilanddesign.se\/#organization"},"potentialAction":[{"@type":"SearchAction","target":{"@type":"EntryPoint","urlTemplate":"https:\/\/stilanddesign.se\/?s={search_term_string}"},"query-input":{"@type":"PropertyValueSpecification","valueRequired":true,"valueName":"search_term_string"}}],"inLanguage":"en-US"},{"@type":"Organization","@id":"https:\/\/stilanddesign.se\/#organization","name":"Style &amp; Design","url":"https:\/\/stilanddesign.se\/","logo":{"@type":"ImageObject","inLanguage":"en-US","@id":"https:\/\/stilanddesign.se\/#\/schema\/logo\/image\/","url":"https:\/\/stilanddesign.se\/wp-content\/uploads\/2023\/12\/output-onlinepngtools-e1727784413220.png","contentUrl":"https:\/\/stilanddesign.se\/wp-content\/uploads\/2023\/12\/output-onlinepngtools-e1727784413220.png","width":519,"height":135,"caption":"Stil &amp; Design"},"image":{"@id":"https:\/\/stilanddesign.se\/#\/schema\/logo\/image\/"}}]}},"_links":{"self":[{"href":"https:\/\/stilanddesign.se\/en\/wp-json\/wp\/v2\/product\/1071167","targetHints":{"allow":["GET"]}}],"collection":[{"href":"https:\/\/stilanddesign.se\/en\/wp-json\/wp\/v2\/product"}],"about":[{"href":"https:\/\/stilanddesign.se\/en\/wp-json\/wp\/v2\/types\/product"}],"replies":[{"embeddable":true,"href":"https:\/\/stilanddesign.se\/en\/wp-json\/wp\/v2\/comments?post=1071167"}],"wp:featuredmedia":[{"embeddable":true,"href":"https:\/\/stilanddesign.se\/en\/wp-json\/wp\/v2\/media\/1071212"}],"wp:attachment":[{"href":"https:\/\/stilanddesign.se\/en\/wp-json\/wp\/v2\/media?parent=1071167"}],"wp:term":[{"taxonomy":"product_brand","embeddable":true,"href":"https:\/\/stilanddesign.se\/en\/wp-json\/wp\/v2\/product_brand?post=1071167"},{"taxonomy":"product_cat","embeddable":true,"href":"https:\/\/stilanddesign.se\/en\/wp-json\/wp\/v2\/product_cat?post=1071167"},{"taxonomy":"product_tag","embeddable":true,"href":"https:\/\/stilanddesign.se\/en\/wp-json\/wp\/v2\/product_tag?post=1071167"}],"curies":[{"name":"wp","href":"https:\/\/api.w.org\/{rel}","templated":true}]}}