{"id":1071142,"date":"2026-03-25T11:09:29","date_gmt":"2026-03-25T10:09:29","guid":{"rendered":"https:\/\/stilanddesign.se\/?post_type=product&#038;p=1071142"},"modified":"2026-04-18T12:05:45","modified_gmt":"2026-04-18T10:05:45","slug":"%f0%9f%8c%b8%e2%9c%a8-romantisk-klanning-fran-zabaione-%e2%9c%a8%f0%9f%8c%b8-4","status":"publish","type":"product","link":"https:\/\/stilanddesign.se\/en\/product\/%f0%9f%8c%b8%e2%9c%a8-romantisk-klanning-fran-zabaione-%e2%9c%a8%f0%9f%8c%b8-4\/","title":{"rendered":"\ud83c\udf38\u2728 Romantic dress from Zabaione \u2728\ud83c\udf38"},"content":{"rendered":"<p data-start=\"108\" data-end=\"154\">\ud83c\udf38\u2728 <strong data-start=\"112\" data-end=\"148\">Romantic dress from Zabaione<\/strong> \u2728\ud83c\udf38<\/p>\n<p data-start=\"156\" data-end=\"286\">A dream dress! \ud83d\ude0d This feminine model with a beautiful pattern and a defined waist gives an elegant and flattering silhouette \ud83d\udc95<\/p>\n<p data-start=\"288\" data-end=\"406\">The snap-on design and tie-on waistband allow you to easily adjust the fit to your style \ud83d\udc57\ud83c\udf80<\/p>\n<p data-start=\"408\" data-end=\"543\">The slightly flared skirt gives a lovely fall and an airy feel - perfect for everyday wear, parties and all summer occasions \u2600\ufe0f\u2728<\/p>\n<p data-start=\"545\" data-end=\"629\">Available in several fantastic colors:<br data-start=\"578\" data-end=\"581\" \/>\ud83d\udda4 Black<br data-start=\"589\" data-end=\"592\" \/>\ud83c\udf48 Melon<br data-start=\"600\" data-end=\"603\" \/>\ud83c\udf3a Pomegranate<br data-start=\"617\" data-end=\"620\" \/>\ud83d\udc97 Pink<\/p>\n<p data-start=\"631\" data-end=\"774\">\u2728 <strong data-start=\"633\" data-end=\"646\">Details:<\/strong><br data-start=\"646\" data-end=\"649\" \/>\ud83d\udc96 Tie at the waist<br data-start=\"669\" data-end=\"672\" \/>\u2728 Button closure at the front<br data-start=\"692\" data-end=\"695\" \/>\ud83d\udc96 Long sleeve with nice volume<br data-start=\"720\" data-end=\"723\" \/>\u2728 Flattering fit<br data-start=\"744\" data-end=\"747\" \/>\ud83d\udc96 Light and airy feeling<\/p>\n<p data-start=\"776\" data-end=\"854\">\ud83e\uddf5 <strong data-start=\"779\" data-end=\"792\">Material:<\/strong> 100% cotton<br data-start=\"804\" data-end=\"807\" \/>\ud83d\udccf <strong data-start=\"810\" data-end=\"822\">Size:<\/strong> XS\u2013XXL<br data-start=\"829\" data-end=\"832\" \/>\ud83e\udee7 <strong data-start=\"835\" data-end=\"848\">Washing instructions:<\/strong> 30\u00b0<\/p>\n<p data-start=\"856\" data-end=\"932\">A real one <strong data-start=\"866\" data-end=\"885\">favorite dress<\/strong> that you will want to wear again and again \ud83d\ude0d\ud83c\udf38<\/p>","protected":false},"excerpt":{"rendered":"<p data-start=\"108\" data-end=\"154\">\ud83c\udf38\u2728 <strong data-start=\"112\" data-end=\"148\">Romantic dress from Zabaione<\/strong> \u2728\ud83c\udf38<\/p>\n<p data-start=\"156\" data-end=\"286\">A dream dress! \ud83d\ude0d This feminine model with a beautiful pattern and a defined waist gives an elegant and flattering silhouette \ud83d\udc95<\/p>\n<p data-start=\"288\" data-end=\"406\">The snap-on design and tie-on waistband allow you to easily adjust the fit to your style \ud83d\udc57\ud83c\udf80<\/p>\n<p data-start=\"408\" data-end=\"543\">The slightly flared skirt gives a lovely fall and an airy feel - perfect for everyday wear, parties and all summer occasions \u2600\ufe0f\u2728<\/p>\n<p data-start=\"545\" data-end=\"629\">Available in several fantastic colors:<br data-start=\"578\" data-end=\"581\" \/>\ud83d\udda4 Black<br data-start=\"589\" data-end=\"592\" \/>\ud83c\udf48 Melon<br data-start=\"600\" data-end=\"603\" \/>\ud83c\udf3a Pomegranate<br data-start=\"617\" data-end=\"620\" \/>\ud83d\udc97 Pink<\/p>\n<p data-start=\"631\" data-end=\"774\">\u2728 <strong data-start=\"633\" data-end=\"646\">Details:<\/strong><br data-start=\"646\" data-end=\"649\" \/>\ud83d\udc96 Tie at the waist<br data-start=\"669\" data-end=\"672\" \/>\u2728 Button closure at the front<br data-start=\"692\" data-end=\"695\" \/>\ud83d\udc96 Long sleeve with nice volume<br data-start=\"720\" data-end=\"723\" \/>\u2728 Flattering fit<br data-start=\"744\" data-end=\"747\" \/>\ud83d\udc96 Light and airy feeling<\/p>\n<p data-start=\"776\" data-end=\"854\">\ud83e\uddf5 <strong data-start=\"779\" data-end=\"792\">Material:<\/strong> 100% cotton<br data-start=\"804\" data-end=\"807\" \/>\ud83d\udccf <strong data-start=\"810\" data-end=\"822\">Size:<\/strong> XS\u2013XXL<br data-start=\"829\" data-end=\"832\" \/>\ud83e\udee7 <strong data-start=\"835\" data-end=\"848\">Washing instructions:<\/strong> 30\u00b0<\/p>\n<p data-start=\"856\" data-end=\"932\">A real one <strong data-start=\"866\" data-end=\"885\">favorite dress<\/strong> that you will want to wear again and again \ud83d\ude0d\ud83c\udf38<\/p>","protected":false},"featured_media":1071141,"comment_status":"closed","ping_status":"closed","template":"","meta":[],"product_brand":[],"product_cat":[215],"product_tag":[],"class_list":{"0":"post-1071142","1":"product","2":"type-product","3":"status-publish","4":"has-post-thumbnail","6":"product_cat-klanningar","8":"first","9":"instock","10":"taxable","11":"shipping-taxable","12":"purchasable","13":"product-type-variable"},"yoast_head":"<!-- This site is optimized with the Yoast SEO Premium plugin v27.4 (Yoast SEO v27.4) - https:\/\/yoast.com\/product\/yoast-seo-premium-wordpress\/ -->\n<title>\ud83c\udf38\u2728 Romantisk kl\u00e4nning fr\u00e5n Zabaione \u2728\ud83c\udf38 - Stil &amp; Design<\/title>\n<meta name=\"robots\" content=\"index, follow, max-snippet:-1, max-image-preview:large, max-video-preview:-1\" \/>\n<link rel=\"canonical\" href=\"https:\/\/stilanddesign.se\/en\/product\/\ud83c\udf38\u2728-romantisk-klanning-fran-zabaione-\u2728\ud83c\udf38-4\/\" \/>\n<meta property=\"og:locale\" content=\"en_US\" \/>\n<meta property=\"og:type\" content=\"article\" \/>\n<meta property=\"og:title\" content=\"\ud83c\udf38\u2728 Romantisk kl\u00e4nning fr\u00e5n Zabaione \u2728\ud83c\udf38\" \/>\n<meta property=\"og:description\" content=\"\ud83c\udf38\u2728 Romantisk kl\u00e4nning fr\u00e5n Zabaione \u2728\ud83c\udf38 En dr\u00f6m till kl\u00e4nning! \ud83d\ude0d Denna feminina modell med vackert m\u00f6nster och markerad midja ger en elegant och smickrande silhuett \ud83d\udc95 Den kn\u00e4ppbara designen och det knytbara bandet i midjan g\u00f6r att du enkelt kan anpassa passformen efter din stil \ud83d\udc57\ud83c\udf80 Den l\u00e4tt utsv\u00e4ngda kjolen ger ett h\u00e4rligt fall och en luftig k\u00e4nsla \u2013 perfekt f\u00f6r b\u00e5de vardag, fest och sommarens alla tillf\u00e4llen \u2600\ufe0f\u2728 Finns i flera fantastiska f\u00e4rger:\ud83d\udda4 Svart\ud83c\udf48 Melon\ud83c\udf3a Granat\u00e4pple\ud83d\udc97 Rosa \u2728 Detaljer:\ud83d\udc96 Knytband i midjan\u2728 Kn\u00e4ppning framtill\ud83d\udc96 L\u00e5ng \u00e4rm med fin volym\u2728 Smickrande passform\ud83d\udc96 L\u00e4tt och luftig k\u00e4nsla \ud83e\uddf5 Material: 100% bomull\ud83d\udccf Storlek: XS\u2013XXL\ud83e\udee7 Tv\u00e4ttr\u00e5d: 30\u00b0 En riktig favoritkl\u00e4nning som du kommer vilja b\u00e4ra om och om igen \ud83d\ude0d\ud83c\udf38\" \/>\n<meta property=\"og:url\" content=\"https:\/\/stilanddesign.se\/en\/product\/\ud83c\udf38\u2728-romantisk-klanning-fran-zabaione-\u2728\ud83c\udf38-4\/\" \/>\n<meta property=\"og:site_name\" content=\"Stil &amp; Design\" \/>\n<meta property=\"article:modified_time\" content=\"2026-04-18T10:05:45+00:00\" \/>\n<meta property=\"og:image\" content=\"https:\/\/stilanddesign.se\/wp-content\/uploads\/2026\/03\/4068696886342_1.jpg\" \/>\n\t<meta property=\"og:image:width\" content=\"889\" \/>\n\t<meta property=\"og:image:height\" content=\"1280\" \/>\n\t<meta property=\"og:image:type\" content=\"image\/jpeg\" \/>\n<meta name=\"twitter:card\" content=\"summary_large_image\" \/>\n<meta name=\"twitter:label1\" content=\"Est. reading time\" \/>\n\t<meta name=\"twitter:data1\" content=\"1 minute\" \/>\n<script type=\"application\/ld+json\" class=\"yoast-schema-graph\">{\"@context\":\"https:\\\/\\\/schema.org\",\"@graph\":[{\"@type\":\"WebPage\",\"@id\":\"https:\\\/\\\/stilanddesign.se\\\/produkt\\\/%f0%9f%8c%b8%e2%9c%a8-romantisk-klanning-fran-zabaione-%e2%9c%a8%f0%9f%8c%b8-4\\\/\",\"url\":\"https:\\\/\\\/stilanddesign.se\\\/produkt\\\/%f0%9f%8c%b8%e2%9c%a8-romantisk-klanning-fran-zabaione-%e2%9c%a8%f0%9f%8c%b8-4\\\/\",\"name\":\"\ud83c\udf38\u2728 Romantisk kl\u00e4nning fr\u00e5n Zabaione \u2728\ud83c\udf38 - Stil &amp; Design\",\"isPartOf\":{\"@id\":\"https:\\\/\\\/stilanddesign.se\\\/#website\"},\"primaryImageOfPage\":{\"@id\":\"https:\\\/\\\/stilanddesign.se\\\/produkt\\\/%f0%9f%8c%b8%e2%9c%a8-romantisk-klanning-fran-zabaione-%e2%9c%a8%f0%9f%8c%b8-4\\\/#primaryimage\"},\"image\":{\"@id\":\"https:\\\/\\\/stilanddesign.se\\\/produkt\\\/%f0%9f%8c%b8%e2%9c%a8-romantisk-klanning-fran-zabaione-%e2%9c%a8%f0%9f%8c%b8-4\\\/#primaryimage\"},\"thumbnailUrl\":\"https:\\\/\\\/stilanddesign.se\\\/wp-content\\\/uploads\\\/2026\\\/03\\\/4068696886342_1.jpg\",\"datePublished\":\"2026-03-25T10:09:29+00:00\",\"dateModified\":\"2026-04-18T10:05:45+00:00\",\"breadcrumb\":{\"@id\":\"https:\\\/\\\/stilanddesign.se\\\/produkt\\\/%f0%9f%8c%b8%e2%9c%a8-romantisk-klanning-fran-zabaione-%e2%9c%a8%f0%9f%8c%b8-4\\\/#breadcrumb\"},\"inLanguage\":\"en-US\",\"potentialAction\":[{\"@type\":\"ReadAction\",\"target\":[\"https:\\\/\\\/stilanddesign.se\\\/produkt\\\/%f0%9f%8c%b8%e2%9c%a8-romantisk-klanning-fran-zabaione-%e2%9c%a8%f0%9f%8c%b8-4\\\/\"]}]},{\"@type\":\"ImageObject\",\"inLanguage\":\"en-US\",\"@id\":\"https:\\\/\\\/stilanddesign.se\\\/produkt\\\/%f0%9f%8c%b8%e2%9c%a8-romantisk-klanning-fran-zabaione-%e2%9c%a8%f0%9f%8c%b8-4\\\/#primaryimage\",\"url\":\"https:\\\/\\\/stilanddesign.se\\\/wp-content\\\/uploads\\\/2026\\\/03\\\/4068696886342_1.jpg\",\"contentUrl\":\"https:\\\/\\\/stilanddesign.se\\\/wp-content\\\/uploads\\\/2026\\\/03\\\/4068696886342_1.jpg\",\"width\":889,\"height\":1280},{\"@type\":\"BreadcrumbList\",\"@id\":\"https:\\\/\\\/stilanddesign.se\\\/produkt\\\/%f0%9f%8c%b8%e2%9c%a8-romantisk-klanning-fran-zabaione-%e2%9c%a8%f0%9f%8c%b8-4\\\/#breadcrumb\",\"itemListElement\":[{\"@type\":\"ListItem\",\"position\":1,\"name\":\"Hem\",\"item\":\"https:\\\/\\\/stilanddesign.se\\\/\"},{\"@type\":\"ListItem\",\"position\":2,\"name\":\"Butiken\",\"item\":\"https:\\\/\\\/stilanddesign.se\\\/butiken\\\/\"},{\"@type\":\"ListItem\",\"position\":3,\"name\":\"\ud83c\udf38\u2728 Romantisk kl\u00e4nning fr\u00e5n Zabaione \u2728\ud83c\udf38\"}]},{\"@type\":\"WebSite\",\"@id\":\"https:\\\/\\\/stilanddesign.se\\\/#website\",\"url\":\"https:\\\/\\\/stilanddesign.se\\\/\",\"name\":\"Stil &amp; Design\",\"description\":\"F\u00f6r oss som \u00e4lskar mode!\",\"publisher\":{\"@id\":\"https:\\\/\\\/stilanddesign.se\\\/#organization\"},\"potentialAction\":[{\"@type\":\"SearchAction\",\"target\":{\"@type\":\"EntryPoint\",\"urlTemplate\":\"https:\\\/\\\/stilanddesign.se\\\/?s={search_term_string}\"},\"query-input\":{\"@type\":\"PropertyValueSpecification\",\"valueRequired\":true,\"valueName\":\"search_term_string\"}}],\"inLanguage\":\"en-US\"},{\"@type\":\"Organization\",\"@id\":\"https:\\\/\\\/stilanddesign.se\\\/#organization\",\"name\":\"Stil &amp; Design\",\"url\":\"https:\\\/\\\/stilanddesign.se\\\/\",\"logo\":{\"@type\":\"ImageObject\",\"inLanguage\":\"en-US\",\"@id\":\"https:\\\/\\\/stilanddesign.se\\\/#\\\/schema\\\/logo\\\/image\\\/\",\"url\":\"https:\\\/\\\/stilanddesign.se\\\/wp-content\\\/uploads\\\/2023\\\/12\\\/output-onlinepngtools-e1727784413220.png\",\"contentUrl\":\"https:\\\/\\\/stilanddesign.se\\\/wp-content\\\/uploads\\\/2023\\\/12\\\/output-onlinepngtools-e1727784413220.png\",\"width\":519,\"height\":135,\"caption\":\"Stil &amp; Design\"},\"image\":{\"@id\":\"https:\\\/\\\/stilanddesign.se\\\/#\\\/schema\\\/logo\\\/image\\\/\"}}]}<\/script>\n<!-- \/ Yoast SEO Premium plugin. -->","yoast_head_json":{"title":"\ud83c\udf38\u2728 Romantisk kl\u00e4nning fr\u00e5n Zabaione \u2728\ud83c\udf38 - Stil &amp; Design","robots":{"index":"index","follow":"follow","max-snippet":"max-snippet:-1","max-image-preview":"max-image-preview:large","max-video-preview":"max-video-preview:-1"},"canonical":"https:\/\/stilanddesign.se\/en\/product\/\ud83c\udf38\u2728-romantisk-klanning-fran-zabaione-\u2728\ud83c\udf38-4\/","og_locale":"en_US","og_type":"article","og_title":"\ud83c\udf38\u2728 Romantisk kl\u00e4nning fr\u00e5n Zabaione \u2728\ud83c\udf38","og_description":"\ud83c\udf38\u2728 Romantisk kl\u00e4nning fr\u00e5n Zabaione \u2728\ud83c\udf38 En dr\u00f6m till kl\u00e4nning! \ud83d\ude0d Denna feminina modell med vackert m\u00f6nster och markerad midja ger en elegant och smickrande silhuett \ud83d\udc95 Den kn\u00e4ppbara designen och det knytbara bandet i midjan g\u00f6r att du enkelt kan anpassa passformen efter din stil \ud83d\udc57\ud83c\udf80 Den l\u00e4tt utsv\u00e4ngda kjolen ger ett h\u00e4rligt fall och en luftig k\u00e4nsla \u2013 perfekt f\u00f6r b\u00e5de vardag, fest och sommarens alla tillf\u00e4llen \u2600\ufe0f\u2728 Finns i flera fantastiska f\u00e4rger:\ud83d\udda4 Svart\ud83c\udf48 Melon\ud83c\udf3a Granat\u00e4pple\ud83d\udc97 Rosa \u2728 Detaljer:\ud83d\udc96 Knytband i midjan\u2728 Kn\u00e4ppning framtill\ud83d\udc96 L\u00e5ng \u00e4rm med fin volym\u2728 Smickrande passform\ud83d\udc96 L\u00e4tt och luftig k\u00e4nsla \ud83e\uddf5 Material: 100% bomull\ud83d\udccf Storlek: XS\u2013XXL\ud83e\udee7 Tv\u00e4ttr\u00e5d: 30\u00b0 En riktig favoritkl\u00e4nning som du kommer vilja b\u00e4ra om och om igen \ud83d\ude0d\ud83c\udf38","og_url":"https:\/\/stilanddesign.se\/en\/product\/\ud83c\udf38\u2728-romantisk-klanning-fran-zabaione-\u2728\ud83c\udf38-4\/","og_site_name":"Stil &amp; Design","article_modified_time":"2026-04-18T10:05:45+00:00","og_image":[{"width":889,"height":1280,"url":"https:\/\/stilanddesign.se\/wp-content\/uploads\/2026\/03\/4068696886342_1.jpg","type":"image\/jpeg"}],"twitter_card":"summary_large_image","twitter_misc":{"Est. reading time":"1 minute"},"schema":{"@context":"https:\/\/schema.org","@graph":[{"@type":"WebPage","@id":"https:\/\/stilanddesign.se\/produkt\/%f0%9f%8c%b8%e2%9c%a8-romantisk-klanning-fran-zabaione-%e2%9c%a8%f0%9f%8c%b8-4\/","url":"https:\/\/stilanddesign.se\/produkt\/%f0%9f%8c%b8%e2%9c%a8-romantisk-klanning-fran-zabaione-%e2%9c%a8%f0%9f%8c%b8-4\/","name":"\ud83c\udf38\u2728 Romantisk kl\u00e4nning fr\u00e5n Zabaione \u2728\ud83c\udf38 - Stil &amp; Design","isPartOf":{"@id":"https:\/\/stilanddesign.se\/#website"},"primaryImageOfPage":{"@id":"https:\/\/stilanddesign.se\/produkt\/%f0%9f%8c%b8%e2%9c%a8-romantisk-klanning-fran-zabaione-%e2%9c%a8%f0%9f%8c%b8-4\/#primaryimage"},"image":{"@id":"https:\/\/stilanddesign.se\/produkt\/%f0%9f%8c%b8%e2%9c%a8-romantisk-klanning-fran-zabaione-%e2%9c%a8%f0%9f%8c%b8-4\/#primaryimage"},"thumbnailUrl":"https:\/\/stilanddesign.se\/wp-content\/uploads\/2026\/03\/4068696886342_1.jpg","datePublished":"2026-03-25T10:09:29+00:00","dateModified":"2026-04-18T10:05:45+00:00","breadcrumb":{"@id":"https:\/\/stilanddesign.se\/produkt\/%f0%9f%8c%b8%e2%9c%a8-romantisk-klanning-fran-zabaione-%e2%9c%a8%f0%9f%8c%b8-4\/#breadcrumb"},"inLanguage":"en-US","potentialAction":[{"@type":"ReadAction","target":["https:\/\/stilanddesign.se\/produkt\/%f0%9f%8c%b8%e2%9c%a8-romantisk-klanning-fran-zabaione-%e2%9c%a8%f0%9f%8c%b8-4\/"]}]},{"@type":"ImageObject","inLanguage":"en-US","@id":"https:\/\/stilanddesign.se\/produkt\/%f0%9f%8c%b8%e2%9c%a8-romantisk-klanning-fran-zabaione-%e2%9c%a8%f0%9f%8c%b8-4\/#primaryimage","url":"https:\/\/stilanddesign.se\/wp-content\/uploads\/2026\/03\/4068696886342_1.jpg","contentUrl":"https:\/\/stilanddesign.se\/wp-content\/uploads\/2026\/03\/4068696886342_1.jpg","width":889,"height":1280},{"@type":"BreadcrumbList","@id":"https:\/\/stilanddesign.se\/produkt\/%f0%9f%8c%b8%e2%9c%a8-romantisk-klanning-fran-zabaione-%e2%9c%a8%f0%9f%8c%b8-4\/#breadcrumb","itemListElement":[{"@type":"ListItem","position":1,"name":"Hem","item":"https:\/\/stilanddesign.se\/"},{"@type":"ListItem","position":2,"name":"Butiken","item":"https:\/\/stilanddesign.se\/butiken\/"},{"@type":"ListItem","position":3,"name":"\ud83c\udf38\u2728 Romantisk kl\u00e4nning fr\u00e5n Zabaione \u2728\ud83c\udf38"}]},{"@type":"WebSite","@id":"https:\/\/stilanddesign.se\/#website","url":"https:\/\/stilanddesign.se\/","name":"Style &amp; Design","description":"For those of us who love fashion!","publisher":{"@id":"https:\/\/stilanddesign.se\/#organization"},"potentialAction":[{"@type":"SearchAction","target":{"@type":"EntryPoint","urlTemplate":"https:\/\/stilanddesign.se\/?s={search_term_string}"},"query-input":{"@type":"PropertyValueSpecification","valueRequired":true,"valueName":"search_term_string"}}],"inLanguage":"en-US"},{"@type":"Organization","@id":"https:\/\/stilanddesign.se\/#organization","name":"Style &amp; Design","url":"https:\/\/stilanddesign.se\/","logo":{"@type":"ImageObject","inLanguage":"en-US","@id":"https:\/\/stilanddesign.se\/#\/schema\/logo\/image\/","url":"https:\/\/stilanddesign.se\/wp-content\/uploads\/2023\/12\/output-onlinepngtools-e1727784413220.png","contentUrl":"https:\/\/stilanddesign.se\/wp-content\/uploads\/2023\/12\/output-onlinepngtools-e1727784413220.png","width":519,"height":135,"caption":"Stil &amp; Design"},"image":{"@id":"https:\/\/stilanddesign.se\/#\/schema\/logo\/image\/"}}]}},"_links":{"self":[{"href":"https:\/\/stilanddesign.se\/en\/wp-json\/wp\/v2\/product\/1071142","targetHints":{"allow":["GET"]}}],"collection":[{"href":"https:\/\/stilanddesign.se\/en\/wp-json\/wp\/v2\/product"}],"about":[{"href":"https:\/\/stilanddesign.se\/en\/wp-json\/wp\/v2\/types\/product"}],"replies":[{"embeddable":true,"href":"https:\/\/stilanddesign.se\/en\/wp-json\/wp\/v2\/comments?post=1071142"}],"wp:featuredmedia":[{"embeddable":true,"href":"https:\/\/stilanddesign.se\/en\/wp-json\/wp\/v2\/media\/1071141"}],"wp:attachment":[{"href":"https:\/\/stilanddesign.se\/en\/wp-json\/wp\/v2\/media?parent=1071142"}],"wp:term":[{"taxonomy":"product_brand","embeddable":true,"href":"https:\/\/stilanddesign.se\/en\/wp-json\/wp\/v2\/product_brand?post=1071142"},{"taxonomy":"product_cat","embeddable":true,"href":"https:\/\/stilanddesign.se\/en\/wp-json\/wp\/v2\/product_cat?post=1071142"},{"taxonomy":"product_tag","embeddable":true,"href":"https:\/\/stilanddesign.se\/en\/wp-json\/wp\/v2\/product_tag?post=1071142"}],"curies":[{"name":"wp","href":"https:\/\/api.w.org\/{rel}","templated":true}]}}