{"id":1071094,"date":"2026-03-25T10:37:47","date_gmt":"2026-03-25T09:37:47","guid":{"rendered":"https:\/\/stilanddesign.se\/?post_type=product&#038;p=1071094"},"modified":"2026-04-09T13:09:34","modified_gmt":"2026-04-09T11:09:34","slug":"%f0%9f%8c%b8%e2%9c%a8-stickad-pullover-med-vagmonster-fran-zabaione-%e2%9c%a8%f0%9f%8c%b8-2","status":"publish","type":"product","link":"https:\/\/stilanddesign.se\/en\/product\/%f0%9f%8c%b8%e2%9c%a8-stickad-pullover-med-vagmonster-fran-zabaione-%e2%9c%a8%f0%9f%8c%b8-2\/","title":{"rendered":"\ud83c\udf38\u2728 Knitted pullover with wave pattern from Zabaione \u2728\ud83c\udf38"},"content":{"rendered":"<p data-start=\"83\" data-end=\"142\">\ud83c\udf38\u2728 <strong data-start=\"87\" data-end=\"136\">Knitted pullover with wave pattern from Zabaione<\/strong> \u2728\ud83c\udf38<\/p>\n<p data-start=\"144\" data-end=\"336\">A real one <strong data-start=\"154\" data-end=\"169\">eye-catcher<\/strong> in the wardrobe! \ud83d\ude0d This knitted pullover with a beautiful wave pattern gives a soft, feminine and trendy look - perfect for both everyday life and slightly more dressed-up occasions \ud83d\udc95<\/p>\n<p data-start=\"338\" data-end=\"430\">The airy knit gives a lovely feeling while being comfortable to wear all year round \ud83c\udf3f<\/p>\n<p data-start=\"432\" data-end=\"539\">Available in two wonderful colorways:<br data-start=\"470\" data-end=\"473\" \/>\ud83d\udc96 Pink tones with beige &amp; creme<br data-start=\"504\" data-end=\"507\" \/>\ud83d\udc99 Blue tones with beige &amp; creme<\/p>\n<p data-start=\"541\" data-end=\"625\">Match with jeans for a casual style or with a skirt for a more chic outfit \ud83d\udc56\ud83d\udc57<\/p>\n<p data-start=\"627\" data-end=\"782\">\u2728 <strong data-start=\"629\" data-end=\"642\">Details:<\/strong><br data-start=\"642\" data-end=\"645\" \/>\ud83d\udc96 Soft and comfortable quality<br data-start=\"674\" data-end=\"677\" \/>\u2728 Beautiful wave knit pattern<br data-start=\"705\" data-end=\"708\" \/>\ud83d\udc96 Relaxed fit<br data-start=\"730\" data-end=\"733\" \/>\u2728 Easy to style<br data-start=\"749\" data-end=\"752\" \/>\ud83d\udc96 Available in two color variants<\/p>\n<p data-start=\"784\" data-end=\"884\">\ud83e\uddf5 <strong data-start=\"787\" data-end=\"800\">Material:<\/strong> 50% cotton, 50% polyacrylic<br data-start=\"826\" data-end=\"829\" \/>\ud83d\udccf <strong data-start=\"832\" data-end=\"844\">Size:<\/strong> S\/M, M\/L, L\/XL<br data-start=\"859\" data-end=\"862\" \/>\ud83e\udee7 <strong data-start=\"865\" data-end=\"878\">Washing instructions:<\/strong> 30\u00b0<\/p>\n<p data-start=\"886\" data-end=\"957\">A cozy and stylish pullover that will elevate any outfit \u2728\ud83d\ude0d<\/p>\n<p data-start=\"886\" data-end=\"957\">This one runs small so go up a size.<\/p>","protected":false},"excerpt":{"rendered":"<p data-start=\"83\" data-end=\"142\">\ud83c\udf38\u2728 <strong data-start=\"87\" data-end=\"136\">Knitted pullover with wave pattern from Zabaione<\/strong> \u2728\ud83c\udf38<\/p>\n<p data-start=\"144\" data-end=\"336\">A real one <strong data-start=\"154\" data-end=\"169\">eye-catcher<\/strong> in the wardrobe! \ud83d\ude0d This knitted pullover with a beautiful wave pattern gives a soft, feminine and trendy look - perfect for both everyday life and slightly more dressed-up occasions \ud83d\udc95<\/p>\n<p data-start=\"338\" data-end=\"430\">The airy knit gives a lovely feeling while being comfortable to wear all year round \ud83c\udf3f<\/p>\n<p data-start=\"432\" data-end=\"539\">Available in two wonderful colorways:<br data-start=\"470\" data-end=\"473\" \/>\ud83d\udc96 Pink tones with beige &amp; creme<br data-start=\"504\" data-end=\"507\" \/>\ud83d\udc99 Blue tones with beige &amp; creme<\/p>\n<p data-start=\"541\" data-end=\"625\">Match with jeans for a casual style or with a skirt for a more chic outfit \ud83d\udc56\ud83d\udc57<\/p>\n<p data-start=\"627\" data-end=\"782\">\u2728 <strong data-start=\"629\" data-end=\"642\">Details:<\/strong><br data-start=\"642\" data-end=\"645\" \/>\ud83d\udc96 Soft and comfortable quality<br data-start=\"674\" data-end=\"677\" \/>\u2728 Beautiful wave knit pattern<br data-start=\"705\" data-end=\"708\" \/>\ud83d\udc96 Relaxed fit<br data-start=\"730\" data-end=\"733\" \/>\u2728 Easy to style<br data-start=\"749\" data-end=\"752\" \/>\ud83d\udc96 Available in two color variants<\/p>\n<p data-start=\"784\" data-end=\"884\">\ud83e\uddf5 <strong data-start=\"787\" data-end=\"800\">Material:<\/strong> 50% cotton, 50% polyacrylic<br data-start=\"826\" data-end=\"829\" \/>\ud83d\udccf <strong data-start=\"832\" data-end=\"844\">Size:<\/strong> S\/M, M\/L, L\/XL<br data-start=\"859\" data-end=\"862\" \/>\ud83e\udee7 <strong data-start=\"865\" data-end=\"878\">Washing instructions:<\/strong> 30\u00b0<\/p>\n<p data-start=\"886\" data-end=\"957\">A cozy and stylish pullover that will elevate any outfit \u2728\ud83d\ude0d<\/p>\n<p data-start=\"886\" data-end=\"957\">This one runs small so go up a size.<\/p>","protected":false},"featured_media":1071083,"comment_status":"closed","ping_status":"closed","template":"","meta":[],"product_brand":[],"product_cat":[209,223],"product_tag":[],"class_list":{"0":"post-1071094","1":"product","2":"type-product","3":"status-publish","4":"has-post-thumbnail","6":"product_cat-reaprodukter","7":"product_cat-stickade-trojor","9":"first","10":"instock","11":"sale","12":"taxable","13":"shipping-taxable","14":"purchasable","15":"product-type-variable"},"yoast_head":"<!-- This site is optimized with the Yoast SEO Premium plugin v27.1 (Yoast SEO v27.4) - https:\/\/yoast.com\/product\/yoast-seo-premium-wordpress\/ -->\n<title>\ud83c\udf38\u2728 Stickad pullover med v\u00e5gm\u00f6nster fr\u00e5n Zabaione \u2728\ud83c\udf38 - Stil &amp; Design<\/title>\n<meta name=\"robots\" content=\"index, follow, max-snippet:-1, max-image-preview:large, max-video-preview:-1\" \/>\n<link rel=\"canonical\" href=\"https:\/\/stilanddesign.se\/en\/product\/\ud83c\udf38\u2728-stickad-pullover-med-vagmonster-fran-zabaione-\u2728\ud83c\udf38-2\/\" \/>\n<meta property=\"og:locale\" content=\"en_US\" \/>\n<meta property=\"og:type\" content=\"article\" \/>\n<meta property=\"og:title\" content=\"\ud83c\udf38\u2728 Stickad pullover med v\u00e5gm\u00f6nster fr\u00e5n Zabaione \u2728\ud83c\udf38\" \/>\n<meta property=\"og:description\" content=\"\ud83c\udf38\u2728 Stickad pullover med v\u00e5gm\u00f6nster fr\u00e5n Zabaione \u2728\ud83c\udf38 En riktig eye-catcher i garderoben! \ud83d\ude0d Denna stickade pullover med vackert v\u00e5gm\u00f6nster ger en mjuk, feminin och trendig look \u2013 perfekt f\u00f6r b\u00e5de vardag och lite mer uppkl\u00e4dda tillf\u00e4llen \ud83d\udc95 Den luftiga stickningen ger en h\u00e4rlig k\u00e4nsla samtidigt som den \u00e4r sk\u00f6n att b\u00e4ra \u00e5ret om \ud83c\udf3f Finns i tv\u00e5 underbara f\u00e4rgst\u00e4llningar:\ud83d\udc96 Rosa toner med beige &amp; creme\ud83d\udc99 Bl\u00e5 toner med beige &amp; creme Matcha med jeans f\u00f6r en avslappnad stil eller med kjol f\u00f6r en mer chic outfit \ud83d\udc56\ud83d\udc57 \u2728 Detaljer:\ud83d\udc96 Mjuk och behaglig kvalitet\u2728 Vackert v\u00e5gstickat m\u00f6nster\ud83d\udc96 Avslappnad passform\u2728 L\u00e4tt att styla\ud83d\udc96 Finns i tv\u00e5 f\u00e4rgvarianter \ud83e\uddf5 Material: 50% bomull, 50% polyakryl\ud83d\udccf Storlek: S\/M, M\/L, L\/XL\ud83e\udee7 Tv\u00e4ttr\u00e5d: 30\u00b0 En mysig och stilfull pullover som lyfter vilken outfit som helst \u2728\ud83d\ude0d Denna \u00e4r liten i storlek s\u00e5 g\u00e5 upp en storlek\" \/>\n<meta property=\"og:url\" content=\"https:\/\/stilanddesign.se\/en\/product\/\ud83c\udf38\u2728-stickad-pullover-med-vagmonster-fran-zabaione-\u2728\ud83c\udf38-2\/\" \/>\n<meta property=\"og:site_name\" content=\"Stil &amp; Design\" \/>\n<meta property=\"article:modified_time\" content=\"2026-04-09T11:09:34+00:00\" \/>\n<meta property=\"og:image\" content=\"https:\/\/stilanddesign.se\/wp-content\/uploads\/2026\/03\/4070709200076_1.jpg\" \/>\n\t<meta property=\"og:image:width\" content=\"889\" \/>\n\t<meta property=\"og:image:height\" content=\"1280\" \/>\n\t<meta property=\"og:image:type\" content=\"image\/jpeg\" \/>\n<meta name=\"twitter:card\" content=\"summary_large_image\" \/>\n<meta name=\"twitter:label1\" content=\"Est. reading time\" \/>\n\t<meta name=\"twitter:data1\" content=\"1 minute\" \/>\n<script type=\"application\/ld+json\" class=\"yoast-schema-graph\">{\"@context\":\"https:\\\/\\\/schema.org\",\"@graph\":[{\"@type\":\"WebPage\",\"@id\":\"https:\\\/\\\/stilanddesign.se\\\/produkt\\\/%f0%9f%8c%b8%e2%9c%a8-stickad-pullover-med-vagmonster-fran-zabaione-%e2%9c%a8%f0%9f%8c%b8-2\\\/\",\"url\":\"https:\\\/\\\/stilanddesign.se\\\/produkt\\\/%f0%9f%8c%b8%e2%9c%a8-stickad-pullover-med-vagmonster-fran-zabaione-%e2%9c%a8%f0%9f%8c%b8-2\\\/\",\"name\":\"\ud83c\udf38\u2728 Stickad pullover med v\u00e5gm\u00f6nster fr\u00e5n Zabaione \u2728\ud83c\udf38 - Stil &amp; Design\",\"isPartOf\":{\"@id\":\"https:\\\/\\\/stilanddesign.se\\\/#website\"},\"primaryImageOfPage\":{\"@id\":\"https:\\\/\\\/stilanddesign.se\\\/produkt\\\/%f0%9f%8c%b8%e2%9c%a8-stickad-pullover-med-vagmonster-fran-zabaione-%e2%9c%a8%f0%9f%8c%b8-2\\\/#primaryimage\"},\"image\":{\"@id\":\"https:\\\/\\\/stilanddesign.se\\\/produkt\\\/%f0%9f%8c%b8%e2%9c%a8-stickad-pullover-med-vagmonster-fran-zabaione-%e2%9c%a8%f0%9f%8c%b8-2\\\/#primaryimage\"},\"thumbnailUrl\":\"https:\\\/\\\/stilanddesign.se\\\/wp-content\\\/uploads\\\/2026\\\/03\\\/4070709200076_1.jpg\",\"datePublished\":\"2026-03-25T09:37:47+00:00\",\"dateModified\":\"2026-04-09T11:09:34+00:00\",\"breadcrumb\":{\"@id\":\"https:\\\/\\\/stilanddesign.se\\\/produkt\\\/%f0%9f%8c%b8%e2%9c%a8-stickad-pullover-med-vagmonster-fran-zabaione-%e2%9c%a8%f0%9f%8c%b8-2\\\/#breadcrumb\"},\"inLanguage\":\"en-US\",\"potentialAction\":[{\"@type\":\"ReadAction\",\"target\":[\"https:\\\/\\\/stilanddesign.se\\\/produkt\\\/%f0%9f%8c%b8%e2%9c%a8-stickad-pullover-med-vagmonster-fran-zabaione-%e2%9c%a8%f0%9f%8c%b8-2\\\/\"]}]},{\"@type\":\"ImageObject\",\"inLanguage\":\"en-US\",\"@id\":\"https:\\\/\\\/stilanddesign.se\\\/produkt\\\/%f0%9f%8c%b8%e2%9c%a8-stickad-pullover-med-vagmonster-fran-zabaione-%e2%9c%a8%f0%9f%8c%b8-2\\\/#primaryimage\",\"url\":\"https:\\\/\\\/stilanddesign.se\\\/wp-content\\\/uploads\\\/2026\\\/03\\\/4070709200076_1.jpg\",\"contentUrl\":\"https:\\\/\\\/stilanddesign.se\\\/wp-content\\\/uploads\\\/2026\\\/03\\\/4070709200076_1.jpg\",\"width\":889,\"height\":1280},{\"@type\":\"BreadcrumbList\",\"@id\":\"https:\\\/\\\/stilanddesign.se\\\/produkt\\\/%f0%9f%8c%b8%e2%9c%a8-stickad-pullover-med-vagmonster-fran-zabaione-%e2%9c%a8%f0%9f%8c%b8-2\\\/#breadcrumb\",\"itemListElement\":[{\"@type\":\"ListItem\",\"position\":1,\"name\":\"Hem\",\"item\":\"https:\\\/\\\/stilanddesign.se\\\/\"},{\"@type\":\"ListItem\",\"position\":2,\"name\":\"Butiken\",\"item\":\"https:\\\/\\\/stilanddesign.se\\\/butiken\\\/\"},{\"@type\":\"ListItem\",\"position\":3,\"name\":\"\ud83c\udf38\u2728 Stickad pullover med v\u00e5gm\u00f6nster fr\u00e5n Zabaione \u2728\ud83c\udf38\"}]},{\"@type\":\"WebSite\",\"@id\":\"https:\\\/\\\/stilanddesign.se\\\/#website\",\"url\":\"https:\\\/\\\/stilanddesign.se\\\/\",\"name\":\"Stil &amp; Design\",\"description\":\"F\u00f6r oss som \u00e4lskar mode!\",\"publisher\":{\"@id\":\"https:\\\/\\\/stilanddesign.se\\\/#organization\"},\"potentialAction\":[{\"@type\":\"SearchAction\",\"target\":{\"@type\":\"EntryPoint\",\"urlTemplate\":\"https:\\\/\\\/stilanddesign.se\\\/?s={search_term_string}\"},\"query-input\":{\"@type\":\"PropertyValueSpecification\",\"valueRequired\":true,\"valueName\":\"search_term_string\"}}],\"inLanguage\":\"en-US\"},{\"@type\":\"Organization\",\"@id\":\"https:\\\/\\\/stilanddesign.se\\\/#organization\",\"name\":\"Stil &amp; Design\",\"url\":\"https:\\\/\\\/stilanddesign.se\\\/\",\"logo\":{\"@type\":\"ImageObject\",\"inLanguage\":\"en-US\",\"@id\":\"https:\\\/\\\/stilanddesign.se\\\/#\\\/schema\\\/logo\\\/image\\\/\",\"url\":\"https:\\\/\\\/stilanddesign.se\\\/wp-content\\\/uploads\\\/2023\\\/12\\\/output-onlinepngtools-e1727784413220.png\",\"contentUrl\":\"https:\\\/\\\/stilanddesign.se\\\/wp-content\\\/uploads\\\/2023\\\/12\\\/output-onlinepngtools-e1727784413220.png\",\"width\":519,\"height\":135,\"caption\":\"Stil &amp; Design\"},\"image\":{\"@id\":\"https:\\\/\\\/stilanddesign.se\\\/#\\\/schema\\\/logo\\\/image\\\/\"}}]}<\/script>\n<!-- \/ Yoast SEO Premium plugin. -->","yoast_head_json":{"title":"\ud83c\udf38\u2728 Stickad pullover med v\u00e5gm\u00f6nster fr\u00e5n Zabaione \u2728\ud83c\udf38 - Stil &amp; Design","robots":{"index":"index","follow":"follow","max-snippet":"max-snippet:-1","max-image-preview":"max-image-preview:large","max-video-preview":"max-video-preview:-1"},"canonical":"https:\/\/stilanddesign.se\/en\/product\/\ud83c\udf38\u2728-stickad-pullover-med-vagmonster-fran-zabaione-\u2728\ud83c\udf38-2\/","og_locale":"en_US","og_type":"article","og_title":"\ud83c\udf38\u2728 Stickad pullover med v\u00e5gm\u00f6nster fr\u00e5n Zabaione \u2728\ud83c\udf38","og_description":"\ud83c\udf38\u2728 Stickad pullover med v\u00e5gm\u00f6nster fr\u00e5n Zabaione \u2728\ud83c\udf38 En riktig eye-catcher i garderoben! \ud83d\ude0d Denna stickade pullover med vackert v\u00e5gm\u00f6nster ger en mjuk, feminin och trendig look \u2013 perfekt f\u00f6r b\u00e5de vardag och lite mer uppkl\u00e4dda tillf\u00e4llen \ud83d\udc95 Den luftiga stickningen ger en h\u00e4rlig k\u00e4nsla samtidigt som den \u00e4r sk\u00f6n att b\u00e4ra \u00e5ret om \ud83c\udf3f Finns i tv\u00e5 underbara f\u00e4rgst\u00e4llningar:\ud83d\udc96 Rosa toner med beige &amp; creme\ud83d\udc99 Bl\u00e5 toner med beige &amp; creme Matcha med jeans f\u00f6r en avslappnad stil eller med kjol f\u00f6r en mer chic outfit \ud83d\udc56\ud83d\udc57 \u2728 Detaljer:\ud83d\udc96 Mjuk och behaglig kvalitet\u2728 Vackert v\u00e5gstickat m\u00f6nster\ud83d\udc96 Avslappnad passform\u2728 L\u00e4tt att styla\ud83d\udc96 Finns i tv\u00e5 f\u00e4rgvarianter \ud83e\uddf5 Material: 50% bomull, 50% polyakryl\ud83d\udccf Storlek: S\/M, M\/L, L\/XL\ud83e\udee7 Tv\u00e4ttr\u00e5d: 30\u00b0 En mysig och stilfull pullover som lyfter vilken outfit som helst \u2728\ud83d\ude0d Denna \u00e4r liten i storlek s\u00e5 g\u00e5 upp en storlek","og_url":"https:\/\/stilanddesign.se\/en\/product\/\ud83c\udf38\u2728-stickad-pullover-med-vagmonster-fran-zabaione-\u2728\ud83c\udf38-2\/","og_site_name":"Stil &amp; Design","article_modified_time":"2026-04-09T11:09:34+00:00","og_image":[{"width":889,"height":1280,"url":"https:\/\/stilanddesign.se\/wp-content\/uploads\/2026\/03\/4070709200076_1.jpg","type":"image\/jpeg"}],"twitter_card":"summary_large_image","twitter_misc":{"Est. reading time":"1 minute"},"schema":{"@context":"https:\/\/schema.org","@graph":[{"@type":"WebPage","@id":"https:\/\/stilanddesign.se\/produkt\/%f0%9f%8c%b8%e2%9c%a8-stickad-pullover-med-vagmonster-fran-zabaione-%e2%9c%a8%f0%9f%8c%b8-2\/","url":"https:\/\/stilanddesign.se\/produkt\/%f0%9f%8c%b8%e2%9c%a8-stickad-pullover-med-vagmonster-fran-zabaione-%e2%9c%a8%f0%9f%8c%b8-2\/","name":"\ud83c\udf38\u2728 Stickad pullover med v\u00e5gm\u00f6nster fr\u00e5n Zabaione \u2728\ud83c\udf38 - Stil &amp; Design","isPartOf":{"@id":"https:\/\/stilanddesign.se\/#website"},"primaryImageOfPage":{"@id":"https:\/\/stilanddesign.se\/produkt\/%f0%9f%8c%b8%e2%9c%a8-stickad-pullover-med-vagmonster-fran-zabaione-%e2%9c%a8%f0%9f%8c%b8-2\/#primaryimage"},"image":{"@id":"https:\/\/stilanddesign.se\/produkt\/%f0%9f%8c%b8%e2%9c%a8-stickad-pullover-med-vagmonster-fran-zabaione-%e2%9c%a8%f0%9f%8c%b8-2\/#primaryimage"},"thumbnailUrl":"https:\/\/stilanddesign.se\/wp-content\/uploads\/2026\/03\/4070709200076_1.jpg","datePublished":"2026-03-25T09:37:47+00:00","dateModified":"2026-04-09T11:09:34+00:00","breadcrumb":{"@id":"https:\/\/stilanddesign.se\/produkt\/%f0%9f%8c%b8%e2%9c%a8-stickad-pullover-med-vagmonster-fran-zabaione-%e2%9c%a8%f0%9f%8c%b8-2\/#breadcrumb"},"inLanguage":"en-US","potentialAction":[{"@type":"ReadAction","target":["https:\/\/stilanddesign.se\/produkt\/%f0%9f%8c%b8%e2%9c%a8-stickad-pullover-med-vagmonster-fran-zabaione-%e2%9c%a8%f0%9f%8c%b8-2\/"]}]},{"@type":"ImageObject","inLanguage":"en-US","@id":"https:\/\/stilanddesign.se\/produkt\/%f0%9f%8c%b8%e2%9c%a8-stickad-pullover-med-vagmonster-fran-zabaione-%e2%9c%a8%f0%9f%8c%b8-2\/#primaryimage","url":"https:\/\/stilanddesign.se\/wp-content\/uploads\/2026\/03\/4070709200076_1.jpg","contentUrl":"https:\/\/stilanddesign.se\/wp-content\/uploads\/2026\/03\/4070709200076_1.jpg","width":889,"height":1280},{"@type":"BreadcrumbList","@id":"https:\/\/stilanddesign.se\/produkt\/%f0%9f%8c%b8%e2%9c%a8-stickad-pullover-med-vagmonster-fran-zabaione-%e2%9c%a8%f0%9f%8c%b8-2\/#breadcrumb","itemListElement":[{"@type":"ListItem","position":1,"name":"Hem","item":"https:\/\/stilanddesign.se\/"},{"@type":"ListItem","position":2,"name":"Butiken","item":"https:\/\/stilanddesign.se\/butiken\/"},{"@type":"ListItem","position":3,"name":"\ud83c\udf38\u2728 Stickad pullover med v\u00e5gm\u00f6nster fr\u00e5n Zabaione \u2728\ud83c\udf38"}]},{"@type":"WebSite","@id":"https:\/\/stilanddesign.se\/#website","url":"https:\/\/stilanddesign.se\/","name":"Style &amp; Design","description":"For those of us who love fashion!","publisher":{"@id":"https:\/\/stilanddesign.se\/#organization"},"potentialAction":[{"@type":"SearchAction","target":{"@type":"EntryPoint","urlTemplate":"https:\/\/stilanddesign.se\/?s={search_term_string}"},"query-input":{"@type":"PropertyValueSpecification","valueRequired":true,"valueName":"search_term_string"}}],"inLanguage":"en-US"},{"@type":"Organization","@id":"https:\/\/stilanddesign.se\/#organization","name":"Style &amp; Design","url":"https:\/\/stilanddesign.se\/","logo":{"@type":"ImageObject","inLanguage":"en-US","@id":"https:\/\/stilanddesign.se\/#\/schema\/logo\/image\/","url":"https:\/\/stilanddesign.se\/wp-content\/uploads\/2023\/12\/output-onlinepngtools-e1727784413220.png","contentUrl":"https:\/\/stilanddesign.se\/wp-content\/uploads\/2023\/12\/output-onlinepngtools-e1727784413220.png","width":519,"height":135,"caption":"Stil &amp; Design"},"image":{"@id":"https:\/\/stilanddesign.se\/#\/schema\/logo\/image\/"}}]}},"_links":{"self":[{"href":"https:\/\/stilanddesign.se\/en\/wp-json\/wp\/v2\/product\/1071094","targetHints":{"allow":["GET"]}}],"collection":[{"href":"https:\/\/stilanddesign.se\/en\/wp-json\/wp\/v2\/product"}],"about":[{"href":"https:\/\/stilanddesign.se\/en\/wp-json\/wp\/v2\/types\/product"}],"replies":[{"embeddable":true,"href":"https:\/\/stilanddesign.se\/en\/wp-json\/wp\/v2\/comments?post=1071094"}],"wp:featuredmedia":[{"embeddable":true,"href":"https:\/\/stilanddesign.se\/en\/wp-json\/wp\/v2\/media\/1071083"}],"wp:attachment":[{"href":"https:\/\/stilanddesign.se\/en\/wp-json\/wp\/v2\/media?parent=1071094"}],"wp:term":[{"taxonomy":"product_brand","embeddable":true,"href":"https:\/\/stilanddesign.se\/en\/wp-json\/wp\/v2\/product_brand?post=1071094"},{"taxonomy":"product_cat","embeddable":true,"href":"https:\/\/stilanddesign.se\/en\/wp-json\/wp\/v2\/product_cat?post=1071094"},{"taxonomy":"product_tag","embeddable":true,"href":"https:\/\/stilanddesign.se\/en\/wp-json\/wp\/v2\/product_tag?post=1071094"}],"curies":[{"name":"wp","href":"https:\/\/api.w.org\/{rel}","templated":true}]}}