{"id":1071070,"date":"2026-04-15T11:30:23","date_gmt":"2026-04-15T09:30:23","guid":{"rendered":"https:\/\/stilanddesign.se\/?post_type=product&#038;p=1071070"},"modified":"2026-04-16T15:11:31","modified_gmt":"2026-04-16T13:11:31","slug":"%f0%9f%92%96%e2%9c%a8-mjuk-stilren-pullover-fran-zabaione-%e2%9c%a8%f0%9f%92%96-3","status":"publish","type":"product","link":"https:\/\/stilanddesign.se\/en\/product\/%f0%9f%92%96%e2%9c%a8-mjuk-stilren-pullover-fran-zabaione-%e2%9c%a8%f0%9f%92%96-3\/","title":{"rendered":"\ud83d\udc96\u2728 Soft &amp; stylish pullover from Zabaione \u2728\ud83d\udc96"},"content":{"rendered":"<p data-start=\"93\" data-end=\"144\">\ud83d\udc96\u2728 <strong data-start=\"97\" data-end=\"138\">Soft &amp; stylish pullover from Zabaione<\/strong> \u2728\ud83d\udc96<\/p>\n<p data-start=\"146\" data-end=\"269\">A real wardrobe favorite! This <strong data-start=\"184\" data-end=\"196\">pullover<\/strong> combines stylish design with a wonderfully soft and comfortable quality \ud83d\ude0d<\/p>\n<p data-start=\"271\" data-end=\"387\">With its relaxed fit and timeless look, it looks just as good with jeans as it does with a skirt or dress pants \ud83d\udc56\ud83d\udc57<\/p>\n<p data-start=\"389\" data-end=\"500\">Available in several wonderful colors \u2013 <strong data-start=\"422\" data-end=\"451\">melon, beige, blue and yellow<\/strong> \ud83c\udf48\ud83e\udd0d\ud83d\udc99\ud83d\udc9b \u2013 so you can easily find your favorite!<\/p>\n<p data-start=\"502\" data-end=\"591\">Perfect for both everyday wear and cozy days when you want to feel both comfortable and stylish \ud83d\udcab<\/p>\n<p data-start=\"593\" data-end=\"730\">\u2728 <strong data-start=\"595\" data-end=\"608\">Details:<\/strong><br data-start=\"608\" data-end=\"611\" \/>\ud83d\udc96 Soft and supple quality<br data-start=\"639\" data-end=\"642\" \/>\u2728 Relaxed fit<br data-start=\"663\" data-end=\"666\" \/>\ud83d\udc96 Timeless model<br data-start=\"682\" data-end=\"685\" \/>\u2728 Easy to match<br data-start=\"702\" data-end=\"705\" \/>\ud83d\udc96 Available in several colors<\/p>\n<p data-start=\"732\" data-end=\"843\">\ud83e\uddf5 <strong data-start=\"735\" data-end=\"748\">Material:<\/strong> 50% viscose, 29% polyester, 21% nylon<br data-start=\"785\" data-end=\"788\" \/>\ud83d\udccf <strong data-start=\"791\" data-end=\"803\">Size:<\/strong> S\/M, M\/L, L\/XL<br data-start=\"818\" data-end=\"821\" \/>\ud83e\udee7 <strong data-start=\"824\" data-end=\"837\">Washing instructions:<\/strong> 30\u00b0<\/p>\n<p data-start=\"845\" data-end=\"920\">A simple but luxurious pullover that will quickly become a favorite in your wardrobe \ud83d\ude0d\u2728<\/p>","protected":false},"excerpt":{"rendered":"<p data-start=\"93\" data-end=\"144\">\ud83d\udc96\u2728 <strong data-start=\"97\" data-end=\"138\">Soft &amp; stylish pullover from Zabaione<\/strong> \u2728\ud83d\udc96<\/p>\n<p data-start=\"146\" data-end=\"269\">A real wardrobe favorite! This <strong data-start=\"184\" data-end=\"196\">pullover<\/strong> combines stylish design with a wonderfully soft and comfortable quality \ud83d\ude0d<\/p>\n<p data-start=\"271\" data-end=\"387\">With its relaxed fit and timeless look, it looks just as good with jeans as it does with a skirt or dress pants \ud83d\udc56\ud83d\udc57<\/p>\n<p data-start=\"389\" data-end=\"500\">Available in several wonderful colors \u2013 <strong data-start=\"422\" data-end=\"451\">melon, beige, blue and yellow<\/strong> \ud83c\udf48\ud83e\udd0d\ud83d\udc99\ud83d\udc9b \u2013 so you can easily find your favorite!<\/p>\n<p data-start=\"502\" data-end=\"591\">Perfect for both everyday wear and cozy days when you want to feel both comfortable and stylish \ud83d\udcab<\/p>\n<p data-start=\"593\" data-end=\"730\">\u2728 <strong data-start=\"595\" data-end=\"608\">Details:<\/strong><br data-start=\"608\" data-end=\"611\" \/>\ud83d\udc96 Soft and supple quality<br data-start=\"639\" data-end=\"642\" \/>\u2728 Relaxed fit<br data-start=\"663\" data-end=\"666\" \/>\ud83d\udc96 Timeless model<br data-start=\"682\" data-end=\"685\" \/>\u2728 Easy to match<br data-start=\"702\" data-end=\"705\" \/>\ud83d\udc96 Available in several colors<\/p>\n<p data-start=\"732\" data-end=\"843\">\ud83e\uddf5 <strong data-start=\"735\" data-end=\"748\">Material:<\/strong> 50% viscose, 29% polyester, 21% nylon<br data-start=\"785\" data-end=\"788\" \/>\ud83d\udccf <strong data-start=\"791\" data-end=\"803\">Size:<\/strong> S\/M, M\/L, L\/XL<br data-start=\"818\" data-end=\"821\" \/>\ud83e\udee7 <strong data-start=\"824\" data-end=\"837\">Washing instructions:<\/strong> 30\u00b0<\/p>\n<p data-start=\"845\" data-end=\"920\">A simple but luxurious pullover that will quickly become a favorite in your wardrobe \ud83d\ude0d\u2728<\/p>","protected":false},"featured_media":1071053,"comment_status":"closed","ping_status":"closed","template":"","meta":[],"product_brand":[],"product_cat":[209],"product_tag":[],"class_list":{"0":"post-1071070","1":"product","2":"type-product","3":"status-publish","4":"has-post-thumbnail","6":"product_cat-reaprodukter","8":"first","9":"outofstock","10":"taxable","11":"shipping-taxable","12":"product-type-variable"},"yoast_head":"<!-- This site is optimized with the Yoast SEO Premium plugin v27.1 (Yoast SEO v27.4) - https:\/\/yoast.com\/product\/yoast-seo-premium-wordpress\/ -->\n<title>\ud83d\udc96\u2728 Mjuk &amp; stilren pullover fr\u00e5n Zabaione \u2728\ud83d\udc96 - Stil &amp; Design<\/title>\n<meta name=\"robots\" content=\"index, follow, max-snippet:-1, max-image-preview:large, max-video-preview:-1\" \/>\n<link rel=\"canonical\" href=\"https:\/\/stilanddesign.se\/en\/product\/\ud83d\udc96\u2728-mjuk-stilren-pullover-fran-zabaione-\u2728\ud83d\udc96-3\/\" \/>\n<meta property=\"og:locale\" content=\"en_US\" \/>\n<meta property=\"og:type\" content=\"article\" \/>\n<meta property=\"og:title\" content=\"\ud83d\udc96\u2728 Mjuk &amp; stilren pullover fr\u00e5n Zabaione \u2728\ud83d\udc96\" \/>\n<meta property=\"og:description\" content=\"\ud83d\udc96\u2728 Mjuk &amp; stilren pullover fr\u00e5n Zabaione \u2728\ud83d\udc96 En riktig favorit i garderoben! Denna pullover kombinerar stilren design med en fantastiskt mjuk och sk\u00f6n kvalitet \ud83d\ude0d Med sin avslappnade passform och tidl\u00f6sa look \u00e4r den lika snygg till jeans som till kjol eller dressade byxor \ud83d\udc56\ud83d\udc57 Finns i flera underbara f\u00e4rger \u2013 melon, beige, bl\u00e5 och gul \ud83c\udf48\ud83e\udd0d\ud83d\udc99\ud83d\udc9b \u2013 s\u00e5 du kan enkelt hitta din favorit! Perfekt f\u00f6r b\u00e5de vardag och mysiga dagar n\u00e4r du vill k\u00e4nna dig b\u00e5de bekv\u00e4m och snygg \ud83d\udcab \u2728 Detaljer:\ud83d\udc96 Mjuk och f\u00f6ljsam kvalitet\u2728 Avslappnad passform\ud83d\udc96 Tidl\u00f6s modell\u2728 L\u00e4tt att matcha\ud83d\udc96 Finns i flera f\u00e4rger \ud83e\uddf5 Material: 50% viskos, 29% polyester, 21% nylon\ud83d\udccf Storlek: S\/M, M\/L, L\/XL\ud83e\udee7 Tv\u00e4ttr\u00e5d: 30\u00b0 En enkel men lyxig pullover som snabbt blir en favorit i din garderob \ud83d\ude0d\u2728\" \/>\n<meta property=\"og:url\" content=\"https:\/\/stilanddesign.se\/en\/product\/\ud83d\udc96\u2728-mjuk-stilren-pullover-fran-zabaione-\u2728\ud83d\udc96-3\/\" \/>\n<meta property=\"og:site_name\" content=\"Stil &amp; Design\" \/>\n<meta property=\"article:modified_time\" content=\"2026-04-16T13:11:31+00:00\" \/>\n<meta property=\"og:image\" content=\"https:\/\/stilanddesign.se\/wp-content\/uploads\/2026\/03\/4070709189401_1.jpg\" \/>\n\t<meta property=\"og:image:width\" content=\"889\" \/>\n\t<meta property=\"og:image:height\" content=\"1280\" \/>\n\t<meta property=\"og:image:type\" content=\"image\/jpeg\" \/>\n<meta name=\"twitter:card\" content=\"summary_large_image\" \/>\n<meta name=\"twitter:label1\" content=\"Est. reading time\" \/>\n\t<meta name=\"twitter:data1\" content=\"1 minute\" \/>\n<script type=\"application\/ld+json\" class=\"yoast-schema-graph\">{\"@context\":\"https:\\\/\\\/schema.org\",\"@graph\":[{\"@type\":\"WebPage\",\"@id\":\"https:\\\/\\\/stilanddesign.se\\\/produkt\\\/%f0%9f%92%96%e2%9c%a8-mjuk-stilren-pullover-fran-zabaione-%e2%9c%a8%f0%9f%92%96-3\\\/\",\"url\":\"https:\\\/\\\/stilanddesign.se\\\/produkt\\\/%f0%9f%92%96%e2%9c%a8-mjuk-stilren-pullover-fran-zabaione-%e2%9c%a8%f0%9f%92%96-3\\\/\",\"name\":\"\ud83d\udc96\u2728 Mjuk & stilren pullover fr\u00e5n Zabaione \u2728\ud83d\udc96 - Stil &amp; Design\",\"isPartOf\":{\"@id\":\"https:\\\/\\\/stilanddesign.se\\\/#website\"},\"primaryImageOfPage\":{\"@id\":\"https:\\\/\\\/stilanddesign.se\\\/produkt\\\/%f0%9f%92%96%e2%9c%a8-mjuk-stilren-pullover-fran-zabaione-%e2%9c%a8%f0%9f%92%96-3\\\/#primaryimage\"},\"image\":{\"@id\":\"https:\\\/\\\/stilanddesign.se\\\/produkt\\\/%f0%9f%92%96%e2%9c%a8-mjuk-stilren-pullover-fran-zabaione-%e2%9c%a8%f0%9f%92%96-3\\\/#primaryimage\"},\"thumbnailUrl\":\"https:\\\/\\\/stilanddesign.se\\\/wp-content\\\/uploads\\\/2026\\\/03\\\/4070709189401_1.jpg\",\"datePublished\":\"2026-04-15T09:30:23+00:00\",\"dateModified\":\"2026-04-16T13:11:31+00:00\",\"breadcrumb\":{\"@id\":\"https:\\\/\\\/stilanddesign.se\\\/produkt\\\/%f0%9f%92%96%e2%9c%a8-mjuk-stilren-pullover-fran-zabaione-%e2%9c%a8%f0%9f%92%96-3\\\/#breadcrumb\"},\"inLanguage\":\"en-US\",\"potentialAction\":[{\"@type\":\"ReadAction\",\"target\":[\"https:\\\/\\\/stilanddesign.se\\\/produkt\\\/%f0%9f%92%96%e2%9c%a8-mjuk-stilren-pullover-fran-zabaione-%e2%9c%a8%f0%9f%92%96-3\\\/\"]}]},{\"@type\":\"ImageObject\",\"inLanguage\":\"en-US\",\"@id\":\"https:\\\/\\\/stilanddesign.se\\\/produkt\\\/%f0%9f%92%96%e2%9c%a8-mjuk-stilren-pullover-fran-zabaione-%e2%9c%a8%f0%9f%92%96-3\\\/#primaryimage\",\"url\":\"https:\\\/\\\/stilanddesign.se\\\/wp-content\\\/uploads\\\/2026\\\/03\\\/4070709189401_1.jpg\",\"contentUrl\":\"https:\\\/\\\/stilanddesign.se\\\/wp-content\\\/uploads\\\/2026\\\/03\\\/4070709189401_1.jpg\",\"width\":889,\"height\":1280},{\"@type\":\"BreadcrumbList\",\"@id\":\"https:\\\/\\\/stilanddesign.se\\\/produkt\\\/%f0%9f%92%96%e2%9c%a8-mjuk-stilren-pullover-fran-zabaione-%e2%9c%a8%f0%9f%92%96-3\\\/#breadcrumb\",\"itemListElement\":[{\"@type\":\"ListItem\",\"position\":1,\"name\":\"Hem\",\"item\":\"https:\\\/\\\/stilanddesign.se\\\/\"},{\"@type\":\"ListItem\",\"position\":2,\"name\":\"Butiken\",\"item\":\"https:\\\/\\\/stilanddesign.se\\\/butiken\\\/\"},{\"@type\":\"ListItem\",\"position\":3,\"name\":\"\ud83d\udc96\u2728 Mjuk &#038; stilren pullover fr\u00e5n Zabaione \u2728\ud83d\udc96\"}]},{\"@type\":\"WebSite\",\"@id\":\"https:\\\/\\\/stilanddesign.se\\\/#website\",\"url\":\"https:\\\/\\\/stilanddesign.se\\\/\",\"name\":\"Stil &amp; Design\",\"description\":\"F\u00f6r oss som \u00e4lskar mode!\",\"publisher\":{\"@id\":\"https:\\\/\\\/stilanddesign.se\\\/#organization\"},\"potentialAction\":[{\"@type\":\"SearchAction\",\"target\":{\"@type\":\"EntryPoint\",\"urlTemplate\":\"https:\\\/\\\/stilanddesign.se\\\/?s={search_term_string}\"},\"query-input\":{\"@type\":\"PropertyValueSpecification\",\"valueRequired\":true,\"valueName\":\"search_term_string\"}}],\"inLanguage\":\"en-US\"},{\"@type\":\"Organization\",\"@id\":\"https:\\\/\\\/stilanddesign.se\\\/#organization\",\"name\":\"Stil &amp; Design\",\"url\":\"https:\\\/\\\/stilanddesign.se\\\/\",\"logo\":{\"@type\":\"ImageObject\",\"inLanguage\":\"en-US\",\"@id\":\"https:\\\/\\\/stilanddesign.se\\\/#\\\/schema\\\/logo\\\/image\\\/\",\"url\":\"https:\\\/\\\/stilanddesign.se\\\/wp-content\\\/uploads\\\/2023\\\/12\\\/output-onlinepngtools-e1727784413220.png\",\"contentUrl\":\"https:\\\/\\\/stilanddesign.se\\\/wp-content\\\/uploads\\\/2023\\\/12\\\/output-onlinepngtools-e1727784413220.png\",\"width\":519,\"height\":135,\"caption\":\"Stil &amp; Design\"},\"image\":{\"@id\":\"https:\\\/\\\/stilanddesign.se\\\/#\\\/schema\\\/logo\\\/image\\\/\"}}]}<\/script>\n<!-- \/ Yoast SEO Premium plugin. -->","yoast_head_json":{"title":"\ud83d\udc96\u2728 Mjuk & stilren pullover fr\u00e5n Zabaione \u2728\ud83d\udc96 - Stil &amp; Design","robots":{"index":"index","follow":"follow","max-snippet":"max-snippet:-1","max-image-preview":"max-image-preview:large","max-video-preview":"max-video-preview:-1"},"canonical":"https:\/\/stilanddesign.se\/en\/product\/\ud83d\udc96\u2728-mjuk-stilren-pullover-fran-zabaione-\u2728\ud83d\udc96-3\/","og_locale":"en_US","og_type":"article","og_title":"\ud83d\udc96\u2728 Mjuk & stilren pullover fr\u00e5n Zabaione \u2728\ud83d\udc96","og_description":"\ud83d\udc96\u2728 Mjuk &amp; stilren pullover fr\u00e5n Zabaione \u2728\ud83d\udc96 En riktig favorit i garderoben! Denna pullover kombinerar stilren design med en fantastiskt mjuk och sk\u00f6n kvalitet \ud83d\ude0d Med sin avslappnade passform och tidl\u00f6sa look \u00e4r den lika snygg till jeans som till kjol eller dressade byxor \ud83d\udc56\ud83d\udc57 Finns i flera underbara f\u00e4rger \u2013 melon, beige, bl\u00e5 och gul \ud83c\udf48\ud83e\udd0d\ud83d\udc99\ud83d\udc9b \u2013 s\u00e5 du kan enkelt hitta din favorit! Perfekt f\u00f6r b\u00e5de vardag och mysiga dagar n\u00e4r du vill k\u00e4nna dig b\u00e5de bekv\u00e4m och snygg \ud83d\udcab \u2728 Detaljer:\ud83d\udc96 Mjuk och f\u00f6ljsam kvalitet\u2728 Avslappnad passform\ud83d\udc96 Tidl\u00f6s modell\u2728 L\u00e4tt att matcha\ud83d\udc96 Finns i flera f\u00e4rger \ud83e\uddf5 Material: 50% viskos, 29% polyester, 21% nylon\ud83d\udccf Storlek: S\/M, M\/L, L\/XL\ud83e\udee7 Tv\u00e4ttr\u00e5d: 30\u00b0 En enkel men lyxig pullover som snabbt blir en favorit i din garderob \ud83d\ude0d\u2728","og_url":"https:\/\/stilanddesign.se\/en\/product\/\ud83d\udc96\u2728-mjuk-stilren-pullover-fran-zabaione-\u2728\ud83d\udc96-3\/","og_site_name":"Stil &amp; Design","article_modified_time":"2026-04-16T13:11:31+00:00","og_image":[{"width":889,"height":1280,"url":"https:\/\/stilanddesign.se\/wp-content\/uploads\/2026\/03\/4070709189401_1.jpg","type":"image\/jpeg"}],"twitter_card":"summary_large_image","twitter_misc":{"Est. reading time":"1 minute"},"schema":{"@context":"https:\/\/schema.org","@graph":[{"@type":"WebPage","@id":"https:\/\/stilanddesign.se\/produkt\/%f0%9f%92%96%e2%9c%a8-mjuk-stilren-pullover-fran-zabaione-%e2%9c%a8%f0%9f%92%96-3\/","url":"https:\/\/stilanddesign.se\/produkt\/%f0%9f%92%96%e2%9c%a8-mjuk-stilren-pullover-fran-zabaione-%e2%9c%a8%f0%9f%92%96-3\/","name":"\ud83d\udc96\u2728 Mjuk & stilren pullover fr\u00e5n Zabaione \u2728\ud83d\udc96 - Stil &amp; Design","isPartOf":{"@id":"https:\/\/stilanddesign.se\/#website"},"primaryImageOfPage":{"@id":"https:\/\/stilanddesign.se\/produkt\/%f0%9f%92%96%e2%9c%a8-mjuk-stilren-pullover-fran-zabaione-%e2%9c%a8%f0%9f%92%96-3\/#primaryimage"},"image":{"@id":"https:\/\/stilanddesign.se\/produkt\/%f0%9f%92%96%e2%9c%a8-mjuk-stilren-pullover-fran-zabaione-%e2%9c%a8%f0%9f%92%96-3\/#primaryimage"},"thumbnailUrl":"https:\/\/stilanddesign.se\/wp-content\/uploads\/2026\/03\/4070709189401_1.jpg","datePublished":"2026-04-15T09:30:23+00:00","dateModified":"2026-04-16T13:11:31+00:00","breadcrumb":{"@id":"https:\/\/stilanddesign.se\/produkt\/%f0%9f%92%96%e2%9c%a8-mjuk-stilren-pullover-fran-zabaione-%e2%9c%a8%f0%9f%92%96-3\/#breadcrumb"},"inLanguage":"en-US","potentialAction":[{"@type":"ReadAction","target":["https:\/\/stilanddesign.se\/produkt\/%f0%9f%92%96%e2%9c%a8-mjuk-stilren-pullover-fran-zabaione-%e2%9c%a8%f0%9f%92%96-3\/"]}]},{"@type":"ImageObject","inLanguage":"en-US","@id":"https:\/\/stilanddesign.se\/produkt\/%f0%9f%92%96%e2%9c%a8-mjuk-stilren-pullover-fran-zabaione-%e2%9c%a8%f0%9f%92%96-3\/#primaryimage","url":"https:\/\/stilanddesign.se\/wp-content\/uploads\/2026\/03\/4070709189401_1.jpg","contentUrl":"https:\/\/stilanddesign.se\/wp-content\/uploads\/2026\/03\/4070709189401_1.jpg","width":889,"height":1280},{"@type":"BreadcrumbList","@id":"https:\/\/stilanddesign.se\/produkt\/%f0%9f%92%96%e2%9c%a8-mjuk-stilren-pullover-fran-zabaione-%e2%9c%a8%f0%9f%92%96-3\/#breadcrumb","itemListElement":[{"@type":"ListItem","position":1,"name":"Hem","item":"https:\/\/stilanddesign.se\/"},{"@type":"ListItem","position":2,"name":"Butiken","item":"https:\/\/stilanddesign.se\/butiken\/"},{"@type":"ListItem","position":3,"name":"\ud83d\udc96\u2728 Mjuk &#038; stilren pullover fr\u00e5n Zabaione \u2728\ud83d\udc96"}]},{"@type":"WebSite","@id":"https:\/\/stilanddesign.se\/#website","url":"https:\/\/stilanddesign.se\/","name":"Style &amp; Design","description":"For those of us who love fashion!","publisher":{"@id":"https:\/\/stilanddesign.se\/#organization"},"potentialAction":[{"@type":"SearchAction","target":{"@type":"EntryPoint","urlTemplate":"https:\/\/stilanddesign.se\/?s={search_term_string}"},"query-input":{"@type":"PropertyValueSpecification","valueRequired":true,"valueName":"search_term_string"}}],"inLanguage":"en-US"},{"@type":"Organization","@id":"https:\/\/stilanddesign.se\/#organization","name":"Style &amp; Design","url":"https:\/\/stilanddesign.se\/","logo":{"@type":"ImageObject","inLanguage":"en-US","@id":"https:\/\/stilanddesign.se\/#\/schema\/logo\/image\/","url":"https:\/\/stilanddesign.se\/wp-content\/uploads\/2023\/12\/output-onlinepngtools-e1727784413220.png","contentUrl":"https:\/\/stilanddesign.se\/wp-content\/uploads\/2023\/12\/output-onlinepngtools-e1727784413220.png","width":519,"height":135,"caption":"Stil &amp; Design"},"image":{"@id":"https:\/\/stilanddesign.se\/#\/schema\/logo\/image\/"}}]}},"_links":{"self":[{"href":"https:\/\/stilanddesign.se\/en\/wp-json\/wp\/v2\/product\/1071070","targetHints":{"allow":["GET"]}}],"collection":[{"href":"https:\/\/stilanddesign.se\/en\/wp-json\/wp\/v2\/product"}],"about":[{"href":"https:\/\/stilanddesign.se\/en\/wp-json\/wp\/v2\/types\/product"}],"replies":[{"embeddable":true,"href":"https:\/\/stilanddesign.se\/en\/wp-json\/wp\/v2\/comments?post=1071070"}],"wp:featuredmedia":[{"embeddable":true,"href":"https:\/\/stilanddesign.se\/en\/wp-json\/wp\/v2\/media\/1071053"}],"wp:attachment":[{"href":"https:\/\/stilanddesign.se\/en\/wp-json\/wp\/v2\/media?parent=1071070"}],"wp:term":[{"taxonomy":"product_brand","embeddable":true,"href":"https:\/\/stilanddesign.se\/en\/wp-json\/wp\/v2\/product_brand?post=1071070"},{"taxonomy":"product_cat","embeddable":true,"href":"https:\/\/stilanddesign.se\/en\/wp-json\/wp\/v2\/product_cat?post=1071070"},{"taxonomy":"product_tag","embeddable":true,"href":"https:\/\/stilanddesign.se\/en\/wp-json\/wp\/v2\/product_tag?post=1071070"}],"curies":[{"name":"wp","href":"https:\/\/api.w.org\/{rel}","templated":true}]}}