{"id":1071034,"date":"2026-04-15T13:25:21","date_gmt":"2026-04-15T11:25:21","guid":{"rendered":"https:\/\/stilanddesign.se\/?post_type=product&#038;p=1071034"},"modified":"2026-04-15T13:26:03","modified_gmt":"2026-04-15T11:26:03","slug":"%f0%9f%8c%b8%f0%9f%92%99%e2%9c%a8-blommig-pullover-fran-zabaione-%e2%9c%a8%f0%9f%92%99%f0%9f%8c%b8","status":"publish","type":"product","link":"https:\/\/stilanddesign.se\/en\/product\/%f0%9f%8c%b8%f0%9f%92%99%e2%9c%a8-blommig-pullover-fran-zabaione-%e2%9c%a8%f0%9f%92%99%f0%9f%8c%b8\/","title":{"rendered":"\ud83c\udf38\ud83d\udc99\u2728 Floral pullover from Zabaione \u2728\ud83d\udc99\ud83c\udf38"},"content":{"rendered":"<p data-start=\"58\" data-end=\"106\">\ud83c\udf38\ud83d\udc99\u2728 <strong data-start=\"64\" data-end=\"98\">Floral pullover from Zabaione<\/strong> \u2728\ud83d\udc99\ud83c\udf38<\/p>\n<p data-start=\"108\" data-end=\"214\">A romantic and stylish <strong data-start=\"134\" data-end=\"146\">pullover<\/strong> with a beautiful floral pattern that gives a soft and feminine feel \ud83d\ude0d<\/p>\n<p data-start=\"216\" data-end=\"344\">The supple and comfortable quality makes it perfect to wear all day long \u2013 while giving a relaxed but stylish look \ud83d\udcab<\/p>\n<p data-start=\"346\" data-end=\"475\">Available in two wonderful colorways \u2013 <strong data-start=\"386\" data-end=\"402\">pink and blue<\/strong> \ud83d\udc95\ud83d\udc99 \u2013 just as nice for everyday use as for more dressed-up occasions \ud83c\udf3f<\/p>\n<p data-start=\"477\" data-end=\"562\">Perfect to match with jeans, skirt or pants for a simple but well-thought-out outfit \u2728<\/p>\n<p data-start=\"564\" data-end=\"714\">\u2728 <strong data-start=\"566\" data-end=\"579\">Details:<\/strong><br data-start=\"579\" data-end=\"582\" \/>\ud83c\udf38 Beautiful floral pattern<br data-start=\"604\" data-end=\"607\" \/>\ud83d\udc99 Soft and supple quality<br data-start=\"635\" data-end=\"638\" \/>\ud83c\udf38 Relaxed fit<br data-start=\"660\" data-end=\"663\" \/>\ud83d\udc99 Classic round neckline<br data-start=\"692\" data-end=\"695\" \/>\ud83c\udf38 Easy to style<\/p>\n<p data-start=\"716\" data-end=\"830\">\ud83e\uddf5 <strong data-start=\"719\" data-end=\"732\">Material:<\/strong> 52% viscose, 26% polyester, 22% polyamide<br data-start=\"772\" data-end=\"775\" \/>\ud83d\udccf <strong data-start=\"778\" data-end=\"790\">Size:<\/strong> S\/M, M\/L, L\/XL<br data-start=\"805\" data-end=\"808\" \/>\ud83e\udee7 <strong data-start=\"811\" data-end=\"824\">Washing instructions:<\/strong> 30\u00b0<\/p>\n<p data-start=\"832\" data-end=\"903\">A really nice one <strong data-start=\"847\" data-end=\"859\">pullover<\/strong> which provides both comfort and style in one \ud83d\ude0d\ud83c\udf38\u2728<\/p>","protected":false},"excerpt":{"rendered":"<p data-start=\"58\" data-end=\"106\">\ud83c\udf38\ud83d\udc99\u2728 <strong data-start=\"64\" data-end=\"98\">Floral pullover from Zabaione<\/strong> \u2728\ud83d\udc99\ud83c\udf38<\/p>\n<p data-start=\"108\" data-end=\"214\">A romantic and stylish <strong data-start=\"134\" data-end=\"146\">pullover<\/strong> with a beautiful floral pattern that gives a soft and feminine feel \ud83d\ude0d<\/p>\n<p data-start=\"216\" data-end=\"344\">The supple and comfortable quality makes it perfect to wear all day long \u2013 while giving a relaxed but stylish look \ud83d\udcab<\/p>\n<p data-start=\"346\" data-end=\"475\">Available in two wonderful colorways \u2013 <strong data-start=\"386\" data-end=\"402\">pink and blue<\/strong> \ud83d\udc95\ud83d\udc99 \u2013 just as nice for everyday use as for more dressed-up occasions \ud83c\udf3f<\/p>\n<p data-start=\"477\" data-end=\"562\">Perfect to match with jeans, skirt or pants for a simple but well-thought-out outfit \u2728<\/p>\n<p data-start=\"564\" data-end=\"714\">\u2728 <strong data-start=\"566\" data-end=\"579\">Details:<\/strong><br data-start=\"579\" data-end=\"582\" \/>\ud83c\udf38 Beautiful floral pattern<br data-start=\"604\" data-end=\"607\" \/>\ud83d\udc99 Soft and supple quality<br data-start=\"635\" data-end=\"638\" \/>\ud83c\udf38 Relaxed fit<br data-start=\"660\" data-end=\"663\" \/>\ud83d\udc99 Classic round neckline<br data-start=\"692\" data-end=\"695\" \/>\ud83c\udf38 Easy to style<\/p>\n<p data-start=\"716\" data-end=\"830\">\ud83e\uddf5 <strong data-start=\"719\" data-end=\"732\">Material:<\/strong> 52% viscose, 26% polyester, 22% polyamide<br data-start=\"772\" data-end=\"775\" \/>\ud83d\udccf <strong data-start=\"778\" data-end=\"790\">Size:<\/strong> S\/M, M\/L, L\/XL<br data-start=\"805\" data-end=\"808\" \/>\ud83e\udee7 <strong data-start=\"811\" data-end=\"824\">Washing instructions:<\/strong> 30\u00b0<\/p>\n<p data-start=\"832\" data-end=\"903\">A really nice one <strong data-start=\"847\" data-end=\"859\">pullover<\/strong> which provides both comfort and style in one \ud83d\ude0d\ud83c\udf38\u2728<\/p>","protected":false},"featured_media":1071042,"comment_status":"closed","ping_status":"closed","template":"","meta":[],"product_brand":[],"product_cat":[223],"product_tag":[],"class_list":{"0":"post-1071034","1":"product","2":"type-product","3":"status-publish","4":"has-post-thumbnail","6":"product_cat-stickade-trojor","8":"first","9":"instock","10":"taxable","11":"shipping-taxable","12":"purchasable","13":"product-type-variable"},"yoast_head":"<!-- This site is optimized with the Yoast SEO Premium plugin v27.1 (Yoast SEO v27.4) - https:\/\/yoast.com\/product\/yoast-seo-premium-wordpress\/ -->\n<title>\ud83c\udf38\ud83d\udc99\u2728 Blommig pullover fr\u00e5n Zabaione \u2728\ud83d\udc99\ud83c\udf38 - Stil &amp; Design<\/title>\n<meta name=\"robots\" content=\"index, follow, max-snippet:-1, max-image-preview:large, max-video-preview:-1\" \/>\n<link rel=\"canonical\" href=\"https:\/\/stilanddesign.se\/en\/product\/\ud83c\udf38\ud83d\udc99\u2728-blommig-pullover-fran-zabaione-\u2728\ud83d\udc99\ud83c\udf38\/\" \/>\n<meta property=\"og:locale\" content=\"en_US\" \/>\n<meta property=\"og:type\" content=\"article\" \/>\n<meta property=\"og:title\" content=\"\ud83c\udf38\ud83d\udc99\u2728 Blommig pullover fr\u00e5n Zabaione \u2728\ud83d\udc99\ud83c\udf38\" \/>\n<meta property=\"og:description\" content=\"\ud83c\udf38\ud83d\udc99\u2728 Blommig pullover fr\u00e5n Zabaione \u2728\ud83d\udc99\ud83c\udf38 En romantisk och stilfull pullover med ett vackert blomm\u00f6nster som ger en mjuk och feminin k\u00e4nsla \ud83d\ude0d Den f\u00f6ljsamma och sk\u00f6na kvaliteten g\u00f6r den perfekt att b\u00e4ra hela dagen \u2013 samtidigt som den ger en avslappnad men snygg look \ud83d\udcab Finns i tv\u00e5 underbara f\u00e4rgst\u00e4llningar \u2013 rosa och bl\u00e5 \ud83d\udc95\ud83d\udc99 \u2013 lika fina till vardag som till lite mer uppkl\u00e4dda tillf\u00e4llen \ud83c\udf3f Perfekt att matcha med jeans, kjol eller byxor f\u00f6r en enkel men genomt\u00e4nkt outfit \u2728 \u2728 Detaljer:\ud83c\udf38 Vackert blomm\u00f6nster\ud83d\udc99 Mjuk och f\u00f6ljsam kvalitet\ud83c\udf38 Avslappnad passform\ud83d\udc99 Klassisk rund halsringning\ud83c\udf38 L\u00e4tt att styla \ud83e\uddf5 Material: 52% viskos, 26% polyester, 22% polyamid\ud83d\udccf Storlek: S\/M, M\/L, L\/XL\ud83e\udee7 Tv\u00e4ttr\u00e5d: 30\u00b0 En riktigt fin pullover som ger b\u00e5de komfort och stil i ett \ud83d\ude0d\ud83c\udf38\u2728\" \/>\n<meta property=\"og:url\" content=\"https:\/\/stilanddesign.se\/en\/product\/\ud83c\udf38\ud83d\udc99\u2728-blommig-pullover-fran-zabaione-\u2728\ud83d\udc99\ud83c\udf38\/\" \/>\n<meta property=\"og:site_name\" content=\"Stil &amp; Design\" \/>\n<meta property=\"article:modified_time\" content=\"2026-04-15T11:26:03+00:00\" \/>\n<meta property=\"og:image\" content=\"https:\/\/stilanddesign.se\/wp-content\/uploads\/2026\/03\/4070709199738_1.jpg\" \/>\n\t<meta property=\"og:image:width\" content=\"889\" \/>\n\t<meta property=\"og:image:height\" content=\"1280\" \/>\n\t<meta property=\"og:image:type\" content=\"image\/jpeg\" \/>\n<meta name=\"twitter:card\" content=\"summary_large_image\" \/>\n<meta name=\"twitter:label1\" content=\"Est. reading time\" \/>\n\t<meta name=\"twitter:data1\" content=\"1 minute\" \/>\n<script type=\"application\/ld+json\" class=\"yoast-schema-graph\">{\"@context\":\"https:\\\/\\\/schema.org\",\"@graph\":[{\"@type\":\"WebPage\",\"@id\":\"https:\\\/\\\/stilanddesign.se\\\/produkt\\\/%f0%9f%8c%b8%f0%9f%92%99%e2%9c%a8-blommig-pullover-fran-zabaione-%e2%9c%a8%f0%9f%92%99%f0%9f%8c%b8\\\/\",\"url\":\"https:\\\/\\\/stilanddesign.se\\\/produkt\\\/%f0%9f%8c%b8%f0%9f%92%99%e2%9c%a8-blommig-pullover-fran-zabaione-%e2%9c%a8%f0%9f%92%99%f0%9f%8c%b8\\\/\",\"name\":\"\ud83c\udf38\ud83d\udc99\u2728 Blommig pullover fr\u00e5n Zabaione \u2728\ud83d\udc99\ud83c\udf38 - Stil &amp; Design\",\"isPartOf\":{\"@id\":\"https:\\\/\\\/stilanddesign.se\\\/#website\"},\"primaryImageOfPage\":{\"@id\":\"https:\\\/\\\/stilanddesign.se\\\/produkt\\\/%f0%9f%8c%b8%f0%9f%92%99%e2%9c%a8-blommig-pullover-fran-zabaione-%e2%9c%a8%f0%9f%92%99%f0%9f%8c%b8\\\/#primaryimage\"},\"image\":{\"@id\":\"https:\\\/\\\/stilanddesign.se\\\/produkt\\\/%f0%9f%8c%b8%f0%9f%92%99%e2%9c%a8-blommig-pullover-fran-zabaione-%e2%9c%a8%f0%9f%92%99%f0%9f%8c%b8\\\/#primaryimage\"},\"thumbnailUrl\":\"https:\\\/\\\/stilanddesign.se\\\/wp-content\\\/uploads\\\/2026\\\/03\\\/4070709199738_1.jpg\",\"datePublished\":\"2026-04-15T11:25:21+00:00\",\"dateModified\":\"2026-04-15T11:26:03+00:00\",\"breadcrumb\":{\"@id\":\"https:\\\/\\\/stilanddesign.se\\\/produkt\\\/%f0%9f%8c%b8%f0%9f%92%99%e2%9c%a8-blommig-pullover-fran-zabaione-%e2%9c%a8%f0%9f%92%99%f0%9f%8c%b8\\\/#breadcrumb\"},\"inLanguage\":\"en-US\",\"potentialAction\":[{\"@type\":\"ReadAction\",\"target\":[\"https:\\\/\\\/stilanddesign.se\\\/produkt\\\/%f0%9f%8c%b8%f0%9f%92%99%e2%9c%a8-blommig-pullover-fran-zabaione-%e2%9c%a8%f0%9f%92%99%f0%9f%8c%b8\\\/\"]}]},{\"@type\":\"ImageObject\",\"inLanguage\":\"en-US\",\"@id\":\"https:\\\/\\\/stilanddesign.se\\\/produkt\\\/%f0%9f%8c%b8%f0%9f%92%99%e2%9c%a8-blommig-pullover-fran-zabaione-%e2%9c%a8%f0%9f%92%99%f0%9f%8c%b8\\\/#primaryimage\",\"url\":\"https:\\\/\\\/stilanddesign.se\\\/wp-content\\\/uploads\\\/2026\\\/03\\\/4070709199738_1.jpg\",\"contentUrl\":\"https:\\\/\\\/stilanddesign.se\\\/wp-content\\\/uploads\\\/2026\\\/03\\\/4070709199738_1.jpg\",\"width\":889,\"height\":1280},{\"@type\":\"BreadcrumbList\",\"@id\":\"https:\\\/\\\/stilanddesign.se\\\/produkt\\\/%f0%9f%8c%b8%f0%9f%92%99%e2%9c%a8-blommig-pullover-fran-zabaione-%e2%9c%a8%f0%9f%92%99%f0%9f%8c%b8\\\/#breadcrumb\",\"itemListElement\":[{\"@type\":\"ListItem\",\"position\":1,\"name\":\"Hem\",\"item\":\"https:\\\/\\\/stilanddesign.se\\\/\"},{\"@type\":\"ListItem\",\"position\":2,\"name\":\"Butiken\",\"item\":\"https:\\\/\\\/stilanddesign.se\\\/butiken\\\/\"},{\"@type\":\"ListItem\",\"position\":3,\"name\":\"\ud83c\udf38\ud83d\udc99\u2728 Blommig pullover fr\u00e5n Zabaione \u2728\ud83d\udc99\ud83c\udf38\"}]},{\"@type\":\"WebSite\",\"@id\":\"https:\\\/\\\/stilanddesign.se\\\/#website\",\"url\":\"https:\\\/\\\/stilanddesign.se\\\/\",\"name\":\"Stil &amp; Design\",\"description\":\"F\u00f6r oss som \u00e4lskar mode!\",\"publisher\":{\"@id\":\"https:\\\/\\\/stilanddesign.se\\\/#organization\"},\"potentialAction\":[{\"@type\":\"SearchAction\",\"target\":{\"@type\":\"EntryPoint\",\"urlTemplate\":\"https:\\\/\\\/stilanddesign.se\\\/?s={search_term_string}\"},\"query-input\":{\"@type\":\"PropertyValueSpecification\",\"valueRequired\":true,\"valueName\":\"search_term_string\"}}],\"inLanguage\":\"en-US\"},{\"@type\":\"Organization\",\"@id\":\"https:\\\/\\\/stilanddesign.se\\\/#organization\",\"name\":\"Stil &amp; Design\",\"url\":\"https:\\\/\\\/stilanddesign.se\\\/\",\"logo\":{\"@type\":\"ImageObject\",\"inLanguage\":\"en-US\",\"@id\":\"https:\\\/\\\/stilanddesign.se\\\/#\\\/schema\\\/logo\\\/image\\\/\",\"url\":\"https:\\\/\\\/stilanddesign.se\\\/wp-content\\\/uploads\\\/2023\\\/12\\\/output-onlinepngtools-e1727784413220.png\",\"contentUrl\":\"https:\\\/\\\/stilanddesign.se\\\/wp-content\\\/uploads\\\/2023\\\/12\\\/output-onlinepngtools-e1727784413220.png\",\"width\":519,\"height\":135,\"caption\":\"Stil &amp; Design\"},\"image\":{\"@id\":\"https:\\\/\\\/stilanddesign.se\\\/#\\\/schema\\\/logo\\\/image\\\/\"}}]}<\/script>\n<!-- \/ Yoast SEO Premium plugin. -->","yoast_head_json":{"title":"\ud83c\udf38\ud83d\udc99\u2728 Blommig pullover fr\u00e5n Zabaione \u2728\ud83d\udc99\ud83c\udf38 - Stil &amp; Design","robots":{"index":"index","follow":"follow","max-snippet":"max-snippet:-1","max-image-preview":"max-image-preview:large","max-video-preview":"max-video-preview:-1"},"canonical":"https:\/\/stilanddesign.se\/en\/product\/\ud83c\udf38\ud83d\udc99\u2728-blommig-pullover-fran-zabaione-\u2728\ud83d\udc99\ud83c\udf38\/","og_locale":"en_US","og_type":"article","og_title":"\ud83c\udf38\ud83d\udc99\u2728 Blommig pullover fr\u00e5n Zabaione \u2728\ud83d\udc99\ud83c\udf38","og_description":"\ud83c\udf38\ud83d\udc99\u2728 Blommig pullover fr\u00e5n Zabaione \u2728\ud83d\udc99\ud83c\udf38 En romantisk och stilfull pullover med ett vackert blomm\u00f6nster som ger en mjuk och feminin k\u00e4nsla \ud83d\ude0d Den f\u00f6ljsamma och sk\u00f6na kvaliteten g\u00f6r den perfekt att b\u00e4ra hela dagen \u2013 samtidigt som den ger en avslappnad men snygg look \ud83d\udcab Finns i tv\u00e5 underbara f\u00e4rgst\u00e4llningar \u2013 rosa och bl\u00e5 \ud83d\udc95\ud83d\udc99 \u2013 lika fina till vardag som till lite mer uppkl\u00e4dda tillf\u00e4llen \ud83c\udf3f Perfekt att matcha med jeans, kjol eller byxor f\u00f6r en enkel men genomt\u00e4nkt outfit \u2728 \u2728 Detaljer:\ud83c\udf38 Vackert blomm\u00f6nster\ud83d\udc99 Mjuk och f\u00f6ljsam kvalitet\ud83c\udf38 Avslappnad passform\ud83d\udc99 Klassisk rund halsringning\ud83c\udf38 L\u00e4tt att styla \ud83e\uddf5 Material: 52% viskos, 26% polyester, 22% polyamid\ud83d\udccf Storlek: S\/M, M\/L, L\/XL\ud83e\udee7 Tv\u00e4ttr\u00e5d: 30\u00b0 En riktigt fin pullover som ger b\u00e5de komfort och stil i ett \ud83d\ude0d\ud83c\udf38\u2728","og_url":"https:\/\/stilanddesign.se\/en\/product\/\ud83c\udf38\ud83d\udc99\u2728-blommig-pullover-fran-zabaione-\u2728\ud83d\udc99\ud83c\udf38\/","og_site_name":"Stil &amp; Design","article_modified_time":"2026-04-15T11:26:03+00:00","og_image":[{"width":889,"height":1280,"url":"https:\/\/stilanddesign.se\/wp-content\/uploads\/2026\/03\/4070709199738_1.jpg","type":"image\/jpeg"}],"twitter_card":"summary_large_image","twitter_misc":{"Est. reading time":"1 minute"},"schema":{"@context":"https:\/\/schema.org","@graph":[{"@type":"WebPage","@id":"https:\/\/stilanddesign.se\/produkt\/%f0%9f%8c%b8%f0%9f%92%99%e2%9c%a8-blommig-pullover-fran-zabaione-%e2%9c%a8%f0%9f%92%99%f0%9f%8c%b8\/","url":"https:\/\/stilanddesign.se\/produkt\/%f0%9f%8c%b8%f0%9f%92%99%e2%9c%a8-blommig-pullover-fran-zabaione-%e2%9c%a8%f0%9f%92%99%f0%9f%8c%b8\/","name":"\ud83c\udf38\ud83d\udc99\u2728 Blommig pullover fr\u00e5n Zabaione \u2728\ud83d\udc99\ud83c\udf38 - Stil &amp; Design","isPartOf":{"@id":"https:\/\/stilanddesign.se\/#website"},"primaryImageOfPage":{"@id":"https:\/\/stilanddesign.se\/produkt\/%f0%9f%8c%b8%f0%9f%92%99%e2%9c%a8-blommig-pullover-fran-zabaione-%e2%9c%a8%f0%9f%92%99%f0%9f%8c%b8\/#primaryimage"},"image":{"@id":"https:\/\/stilanddesign.se\/produkt\/%f0%9f%8c%b8%f0%9f%92%99%e2%9c%a8-blommig-pullover-fran-zabaione-%e2%9c%a8%f0%9f%92%99%f0%9f%8c%b8\/#primaryimage"},"thumbnailUrl":"https:\/\/stilanddesign.se\/wp-content\/uploads\/2026\/03\/4070709199738_1.jpg","datePublished":"2026-04-15T11:25:21+00:00","dateModified":"2026-04-15T11:26:03+00:00","breadcrumb":{"@id":"https:\/\/stilanddesign.se\/produkt\/%f0%9f%8c%b8%f0%9f%92%99%e2%9c%a8-blommig-pullover-fran-zabaione-%e2%9c%a8%f0%9f%92%99%f0%9f%8c%b8\/#breadcrumb"},"inLanguage":"en-US","potentialAction":[{"@type":"ReadAction","target":["https:\/\/stilanddesign.se\/produkt\/%f0%9f%8c%b8%f0%9f%92%99%e2%9c%a8-blommig-pullover-fran-zabaione-%e2%9c%a8%f0%9f%92%99%f0%9f%8c%b8\/"]}]},{"@type":"ImageObject","inLanguage":"en-US","@id":"https:\/\/stilanddesign.se\/produkt\/%f0%9f%8c%b8%f0%9f%92%99%e2%9c%a8-blommig-pullover-fran-zabaione-%e2%9c%a8%f0%9f%92%99%f0%9f%8c%b8\/#primaryimage","url":"https:\/\/stilanddesign.se\/wp-content\/uploads\/2026\/03\/4070709199738_1.jpg","contentUrl":"https:\/\/stilanddesign.se\/wp-content\/uploads\/2026\/03\/4070709199738_1.jpg","width":889,"height":1280},{"@type":"BreadcrumbList","@id":"https:\/\/stilanddesign.se\/produkt\/%f0%9f%8c%b8%f0%9f%92%99%e2%9c%a8-blommig-pullover-fran-zabaione-%e2%9c%a8%f0%9f%92%99%f0%9f%8c%b8\/#breadcrumb","itemListElement":[{"@type":"ListItem","position":1,"name":"Hem","item":"https:\/\/stilanddesign.se\/"},{"@type":"ListItem","position":2,"name":"Butiken","item":"https:\/\/stilanddesign.se\/butiken\/"},{"@type":"ListItem","position":3,"name":"\ud83c\udf38\ud83d\udc99\u2728 Blommig pullover fr\u00e5n Zabaione \u2728\ud83d\udc99\ud83c\udf38"}]},{"@type":"WebSite","@id":"https:\/\/stilanddesign.se\/#website","url":"https:\/\/stilanddesign.se\/","name":"Style &amp; Design","description":"For those of us who love fashion!","publisher":{"@id":"https:\/\/stilanddesign.se\/#organization"},"potentialAction":[{"@type":"SearchAction","target":{"@type":"EntryPoint","urlTemplate":"https:\/\/stilanddesign.se\/?s={search_term_string}"},"query-input":{"@type":"PropertyValueSpecification","valueRequired":true,"valueName":"search_term_string"}}],"inLanguage":"en-US"},{"@type":"Organization","@id":"https:\/\/stilanddesign.se\/#organization","name":"Style &amp; Design","url":"https:\/\/stilanddesign.se\/","logo":{"@type":"ImageObject","inLanguage":"en-US","@id":"https:\/\/stilanddesign.se\/#\/schema\/logo\/image\/","url":"https:\/\/stilanddesign.se\/wp-content\/uploads\/2023\/12\/output-onlinepngtools-e1727784413220.png","contentUrl":"https:\/\/stilanddesign.se\/wp-content\/uploads\/2023\/12\/output-onlinepngtools-e1727784413220.png","width":519,"height":135,"caption":"Stil &amp; Design"},"image":{"@id":"https:\/\/stilanddesign.se\/#\/schema\/logo\/image\/"}}]}},"_links":{"self":[{"href":"https:\/\/stilanddesign.se\/en\/wp-json\/wp\/v2\/product\/1071034","targetHints":{"allow":["GET"]}}],"collection":[{"href":"https:\/\/stilanddesign.se\/en\/wp-json\/wp\/v2\/product"}],"about":[{"href":"https:\/\/stilanddesign.se\/en\/wp-json\/wp\/v2\/types\/product"}],"replies":[{"embeddable":true,"href":"https:\/\/stilanddesign.se\/en\/wp-json\/wp\/v2\/comments?post=1071034"}],"wp:featuredmedia":[{"embeddable":true,"href":"https:\/\/stilanddesign.se\/en\/wp-json\/wp\/v2\/media\/1071042"}],"wp:attachment":[{"href":"https:\/\/stilanddesign.se\/en\/wp-json\/wp\/v2\/media?parent=1071034"}],"wp:term":[{"taxonomy":"product_brand","embeddable":true,"href":"https:\/\/stilanddesign.se\/en\/wp-json\/wp\/v2\/product_brand?post=1071034"},{"taxonomy":"product_cat","embeddable":true,"href":"https:\/\/stilanddesign.se\/en\/wp-json\/wp\/v2\/product_cat?post=1071034"},{"taxonomy":"product_tag","embeddable":true,"href":"https:\/\/stilanddesign.se\/en\/wp-json\/wp\/v2\/product_tag?post=1071034"}],"curies":[{"name":"wp","href":"https:\/\/api.w.org\/{rel}","templated":true}]}}