{"id":1070944,"date":"2026-03-25T08:46:09","date_gmt":"2026-03-25T07:46:09","guid":{"rendered":"https:\/\/stilanddesign.se\/?post_type=product&#038;p=1070944"},"modified":"2026-05-14T19:04:33","modified_gmt":"2026-05-14T17:04:33","slug":"%f0%9f%a4%8d%e2%9c%a8-stilren-topp-fran-zabaione-%e2%9c%a8%f0%9f%a4%8d","status":"publish","type":"product","link":"https:\/\/stilanddesign.se\/en\/product\/%f0%9f%a4%8d%e2%9c%a8-stilren-topp-fran-zabaione-%e2%9c%a8%f0%9f%a4%8d\/","title":{"rendered":"\ud83e\udd0d\u2728 Stylish top from Zabaione \u2728\ud83e\udd0d"},"content":{"rendered":"<p data-start=\"60\" data-end=\"100\">\ud83e\udd0d\u2728 <strong data-start=\"64\" data-end=\"94\">Stylish top from Zabaione<\/strong> \u2728\ud83e\udd0d<\/p>\n<p data-start=\"102\" data-end=\"211\">An airy and elegant top in a soft and cool mix of viscose, linen and nylon - perfect for warmer days \u2600\ufe0f<\/p>\n<p data-start=\"213\" data-end=\"459\">The relaxed fit combined with the stylish design gives a <strong data-start=\"285\" data-end=\"317\">timeless and sophisticated look<\/strong> that goes with everything \ud83e\udd0d<br data-start=\"341\" data-end=\"344\" \/>The nice buttoning at the front and the slightly longer back create a beautiful drape and a flattering silhouette \ud83d\udcab<\/p>\n<p data-start=\"461\" data-end=\"562\">Perfect to wear with jeans, linen pants or a skirt - just as nice for everyday wear as for vacation \ud83c\udf3f<\/p>\n<p data-start=\"564\" data-end=\"724\">\u2728 <strong data-start=\"566\" data-end=\"579\">Details:<\/strong><br data-start=\"579\" data-end=\"582\" \/>\ud83e\udd0d Sleeveless model \u2013 cool and comfortable<br data-start=\"614\" data-end=\"617\" \/>\ud83e\udd0d Button closure at the front<br data-start=\"638\" data-end=\"641\" \/>\ud83e\udd0d Longer at the back for a nice fit<br data-start=\"671\" data-end=\"674\" \/>\ud83e\udd0d Light and airy quality<br data-start=\"701\" data-end=\"704\" \/>\ud83e\udd0d Easy to style<\/p>\n<p data-start=\"726\" data-end=\"824\">\ud83e\uddf5 <strong data-start=\"729\" data-end=\"742\">Material:<\/strong> 70% Viscose, 20% Nylon, 10% Linen<br data-start=\"775\" data-end=\"778\" \/>\ud83d\udccf <strong data-start=\"781\" data-end=\"793\">Size:<\/strong> S\u2013XXL<br data-start=\"799\" data-end=\"802\" \/>\ud83e\udee7 <strong data-start=\"805\" data-end=\"818\">Washing instructions:<\/strong> 30\u00b0<\/p>\n<p data-start=\"826\" data-end=\"895\">A stylish favorite that gives a <strong data-start=\"856\" data-end=\"887\">relaxed but luxurious feel<\/strong> \ud83d\ude0d\ud83e\udd0d\u2728<\/p>","protected":false},"excerpt":{"rendered":"<p data-start=\"60\" data-end=\"100\">\ud83e\udd0d\u2728 <strong data-start=\"64\" data-end=\"94\">Stylish top from Zabaione<\/strong> \u2728\ud83e\udd0d<\/p>\n<p data-start=\"102\" data-end=\"211\">An airy and elegant top in a soft and cool mix of viscose, linen and nylon - perfect for warmer days \u2600\ufe0f<\/p>\n<p data-start=\"213\" data-end=\"459\">The relaxed fit combined with the stylish design gives a <strong data-start=\"285\" data-end=\"317\">timeless and sophisticated look<\/strong> that goes with everything \ud83e\udd0d<br data-start=\"341\" data-end=\"344\" \/>The nice buttoning at the front and the slightly longer back create a beautiful drape and a flattering silhouette \ud83d\udcab<\/p>\n<p data-start=\"461\" data-end=\"562\">Perfect to wear with jeans, linen pants or a skirt - just as nice for everyday wear as for vacation \ud83c\udf3f<\/p>\n<p data-start=\"564\" data-end=\"724\">\u2728 <strong data-start=\"566\" data-end=\"579\">Details:<\/strong><br data-start=\"579\" data-end=\"582\" \/>\ud83e\udd0d Sleeveless model \u2013 cool and comfortable<br data-start=\"614\" data-end=\"617\" \/>\ud83e\udd0d Button closure at the front<br data-start=\"638\" data-end=\"641\" \/>\ud83e\udd0d Longer at the back for a nice fit<br data-start=\"671\" data-end=\"674\" \/>\ud83e\udd0d Light and airy quality<br data-start=\"701\" data-end=\"704\" \/>\ud83e\udd0d Easy to style<\/p>\n<p data-start=\"726\" data-end=\"824\">\ud83e\uddf5 <strong data-start=\"729\" data-end=\"742\">Material:<\/strong> 70% Viscose, 20% Nylon, 10% Linen<br data-start=\"775\" data-end=\"778\" \/>\ud83d\udccf <strong data-start=\"781\" data-end=\"793\">Size:<\/strong> S\u2013XXL<br data-start=\"799\" data-end=\"802\" \/>\ud83e\udee7 <strong data-start=\"805\" data-end=\"818\">Washing instructions:<\/strong> 30\u00b0<\/p>\n<p data-start=\"826\" data-end=\"895\">A stylish favorite that gives a <strong data-start=\"856\" data-end=\"887\">relaxed but luxurious feel<\/strong> \ud83d\ude0d\ud83e\udd0d\u2728<\/p>","protected":false},"featured_media":1070954,"comment_status":"closed","ping_status":"closed","template":"","meta":[],"product_brand":[],"product_cat":[222],"product_tag":[],"class_list":{"0":"post-1070944","1":"product","2":"type-product","3":"status-publish","4":"has-post-thumbnail","6":"product_cat-toppar-tischor","8":"first","9":"instock","10":"taxable","11":"shipping-taxable","12":"purchasable","13":"product-type-variable"},"yoast_head":"<!-- This site is optimized with the Yoast SEO Premium plugin v27.4 (Yoast SEO v27.6) - https:\/\/yoast.com\/product\/yoast-seo-premium-wordpress\/ -->\n<title>\ud83e\udd0d\u2728 Stilren topp fr\u00e5n Zabaione \u2728\ud83e\udd0d - Stil &amp; Design<\/title>\n<meta name=\"robots\" content=\"index, follow, max-snippet:-1, max-image-preview:large, max-video-preview:-1\" \/>\n<link rel=\"canonical\" href=\"https:\/\/stilanddesign.se\/en\/product\/\ud83e\udd0d\u2728-stilren-topp-fran-zabaione-\u2728\ud83e\udd0d\/\" \/>\n<meta property=\"og:locale\" content=\"en_US\" \/>\n<meta property=\"og:type\" content=\"article\" \/>\n<meta property=\"og:title\" content=\"\ud83e\udd0d\u2728 Stilren topp fr\u00e5n Zabaione \u2728\ud83e\udd0d\" \/>\n<meta property=\"og:description\" content=\"\ud83e\udd0d\u2728 Stilren topp fr\u00e5n Zabaione \u2728\ud83e\udd0d En luftig och elegant topp i en mjuk och sval mix av viskos, linne och nylon \u2013 perfekt f\u00f6r varmare dagar \u2600\ufe0f Den avslappnade passformen tillsammans med den stilrena designen ger en tidl\u00f6s och sofistikerad look som passar till allt \ud83e\udd0dDen fina kn\u00e4ppningen framtill och den n\u00e5got l\u00e4ngre baksidan skapar ett vackert fall och en smickrande silhuett \ud83d\udcab Perfekt att b\u00e4ra till b\u00e5de jeans, linnebyxor eller kjol \u2013 lika fin till vardag som till semester \ud83c\udf3f \u2728 Detaljer:\ud83e\udd0d \u00c4rml\u00f6s modell \u2013 sval och sk\u00f6n\ud83e\udd0d Kn\u00e4ppning framtill\ud83e\udd0d L\u00e4ngre bak f\u00f6r fin passform\ud83e\udd0d L\u00e4tt och luftig kvalitet\ud83e\udd0d Enkel att styla \ud83e\uddf5 Material: 70% viskos, 20% nylon, 10% linne\ud83d\udccf Storlek: S\u2013XXL\ud83e\udee7 Tv\u00e4ttr\u00e5d: 30\u00b0 En stilren favorit som ger en avslappnad men lyxig k\u00e4nsla \ud83d\ude0d\ud83e\udd0d\u2728\" \/>\n<meta property=\"og:url\" content=\"https:\/\/stilanddesign.se\/en\/product\/\ud83e\udd0d\u2728-stilren-topp-fran-zabaione-\u2728\ud83e\udd0d\/\" \/>\n<meta property=\"og:site_name\" content=\"Stil &amp; Design\" \/>\n<meta property=\"article:modified_time\" content=\"2026-05-14T17:04:33+00:00\" \/>\n<meta property=\"og:image\" content=\"https:\/\/stilanddesign.se\/wp-content\/uploads\/2026\/03\/4070709052620_1.jpg\" \/>\n\t<meta property=\"og:image:width\" content=\"889\" \/>\n\t<meta property=\"og:image:height\" content=\"1280\" \/>\n\t<meta property=\"og:image:type\" content=\"image\/jpeg\" \/>\n<meta name=\"twitter:card\" content=\"summary_large_image\" \/>\n<meta name=\"twitter:label1\" content=\"Est. reading time\" \/>\n\t<meta name=\"twitter:data1\" content=\"1 minute\" \/>\n<script type=\"application\/ld+json\" class=\"yoast-schema-graph\">{\"@context\":\"https:\\\/\\\/schema.org\",\"@graph\":[{\"@type\":\"WebPage\",\"@id\":\"https:\\\/\\\/stilanddesign.se\\\/produkt\\\/%f0%9f%a4%8d%e2%9c%a8-stilren-topp-fran-zabaione-%e2%9c%a8%f0%9f%a4%8d\\\/\",\"url\":\"https:\\\/\\\/stilanddesign.se\\\/produkt\\\/%f0%9f%a4%8d%e2%9c%a8-stilren-topp-fran-zabaione-%e2%9c%a8%f0%9f%a4%8d\\\/\",\"name\":\"\ud83e\udd0d\u2728 Stilren topp fr\u00e5n Zabaione \u2728\ud83e\udd0d - Stil &amp; Design\",\"isPartOf\":{\"@id\":\"https:\\\/\\\/stilanddesign.se\\\/#website\"},\"primaryImageOfPage\":{\"@id\":\"https:\\\/\\\/stilanddesign.se\\\/produkt\\\/%f0%9f%a4%8d%e2%9c%a8-stilren-topp-fran-zabaione-%e2%9c%a8%f0%9f%a4%8d\\\/#primaryimage\"},\"image\":{\"@id\":\"https:\\\/\\\/stilanddesign.se\\\/produkt\\\/%f0%9f%a4%8d%e2%9c%a8-stilren-topp-fran-zabaione-%e2%9c%a8%f0%9f%a4%8d\\\/#primaryimage\"},\"thumbnailUrl\":\"https:\\\/\\\/stilanddesign.se\\\/wp-content\\\/uploads\\\/2026\\\/03\\\/4070709052620_1.jpg\",\"datePublished\":\"2026-03-25T07:46:09+00:00\",\"dateModified\":\"2026-05-14T17:04:33+00:00\",\"breadcrumb\":{\"@id\":\"https:\\\/\\\/stilanddesign.se\\\/produkt\\\/%f0%9f%a4%8d%e2%9c%a8-stilren-topp-fran-zabaione-%e2%9c%a8%f0%9f%a4%8d\\\/#breadcrumb\"},\"inLanguage\":\"en-US\",\"potentialAction\":[{\"@type\":\"ReadAction\",\"target\":[\"https:\\\/\\\/stilanddesign.se\\\/produkt\\\/%f0%9f%a4%8d%e2%9c%a8-stilren-topp-fran-zabaione-%e2%9c%a8%f0%9f%a4%8d\\\/\"]}]},{\"@type\":\"ImageObject\",\"inLanguage\":\"en-US\",\"@id\":\"https:\\\/\\\/stilanddesign.se\\\/produkt\\\/%f0%9f%a4%8d%e2%9c%a8-stilren-topp-fran-zabaione-%e2%9c%a8%f0%9f%a4%8d\\\/#primaryimage\",\"url\":\"https:\\\/\\\/stilanddesign.se\\\/wp-content\\\/uploads\\\/2026\\\/03\\\/4070709052620_1.jpg\",\"contentUrl\":\"https:\\\/\\\/stilanddesign.se\\\/wp-content\\\/uploads\\\/2026\\\/03\\\/4070709052620_1.jpg\",\"width\":889,\"height\":1280},{\"@type\":\"BreadcrumbList\",\"@id\":\"https:\\\/\\\/stilanddesign.se\\\/produkt\\\/%f0%9f%a4%8d%e2%9c%a8-stilren-topp-fran-zabaione-%e2%9c%a8%f0%9f%a4%8d\\\/#breadcrumb\",\"itemListElement\":[{\"@type\":\"ListItem\",\"position\":1,\"name\":\"Hem\",\"item\":\"https:\\\/\\\/stilanddesign.se\\\/\"},{\"@type\":\"ListItem\",\"position\":2,\"name\":\"Butiken\",\"item\":\"https:\\\/\\\/stilanddesign.se\\\/butiken\\\/\"},{\"@type\":\"ListItem\",\"position\":3,\"name\":\"\ud83e\udd0d\u2728 Stilren topp fr\u00e5n Zabaione \u2728\ud83e\udd0d\"}]},{\"@type\":\"WebSite\",\"@id\":\"https:\\\/\\\/stilanddesign.se\\\/#website\",\"url\":\"https:\\\/\\\/stilanddesign.se\\\/\",\"name\":\"Stil &amp; Design\",\"description\":\"F\u00f6r oss som \u00e4lskar mode!\",\"publisher\":{\"@id\":\"https:\\\/\\\/stilanddesign.se\\\/#organization\"},\"potentialAction\":[{\"@type\":\"SearchAction\",\"target\":{\"@type\":\"EntryPoint\",\"urlTemplate\":\"https:\\\/\\\/stilanddesign.se\\\/?s={search_term_string}\"},\"query-input\":{\"@type\":\"PropertyValueSpecification\",\"valueRequired\":true,\"valueName\":\"search_term_string\"}}],\"inLanguage\":\"en-US\"},{\"@type\":\"Organization\",\"@id\":\"https:\\\/\\\/stilanddesign.se\\\/#organization\",\"name\":\"Stil &amp; Design\",\"url\":\"https:\\\/\\\/stilanddesign.se\\\/\",\"logo\":{\"@type\":\"ImageObject\",\"inLanguage\":\"en-US\",\"@id\":\"https:\\\/\\\/stilanddesign.se\\\/#\\\/schema\\\/logo\\\/image\\\/\",\"url\":\"https:\\\/\\\/stilanddesign.se\\\/wp-content\\\/uploads\\\/2023\\\/12\\\/output-onlinepngtools-e1727784413220.png\",\"contentUrl\":\"https:\\\/\\\/stilanddesign.se\\\/wp-content\\\/uploads\\\/2023\\\/12\\\/output-onlinepngtools-e1727784413220.png\",\"width\":519,\"height\":135,\"caption\":\"Stil &amp; Design\"},\"image\":{\"@id\":\"https:\\\/\\\/stilanddesign.se\\\/#\\\/schema\\\/logo\\\/image\\\/\"}}]}<\/script>\n<!-- \/ Yoast SEO Premium plugin. -->","yoast_head_json":{"title":"\ud83e\udd0d\u2728 Stilren topp fr\u00e5n Zabaione \u2728\ud83e\udd0d - Stil &amp; Design","robots":{"index":"index","follow":"follow","max-snippet":"max-snippet:-1","max-image-preview":"max-image-preview:large","max-video-preview":"max-video-preview:-1"},"canonical":"https:\/\/stilanddesign.se\/en\/product\/\ud83e\udd0d\u2728-stilren-topp-fran-zabaione-\u2728\ud83e\udd0d\/","og_locale":"en_US","og_type":"article","og_title":"\ud83e\udd0d\u2728 Stilren topp fr\u00e5n Zabaione \u2728\ud83e\udd0d","og_description":"\ud83e\udd0d\u2728 Stilren topp fr\u00e5n Zabaione \u2728\ud83e\udd0d En luftig och elegant topp i en mjuk och sval mix av viskos, linne och nylon \u2013 perfekt f\u00f6r varmare dagar \u2600\ufe0f Den avslappnade passformen tillsammans med den stilrena designen ger en tidl\u00f6s och sofistikerad look som passar till allt \ud83e\udd0dDen fina kn\u00e4ppningen framtill och den n\u00e5got l\u00e4ngre baksidan skapar ett vackert fall och en smickrande silhuett \ud83d\udcab Perfekt att b\u00e4ra till b\u00e5de jeans, linnebyxor eller kjol \u2013 lika fin till vardag som till semester \ud83c\udf3f \u2728 Detaljer:\ud83e\udd0d \u00c4rml\u00f6s modell \u2013 sval och sk\u00f6n\ud83e\udd0d Kn\u00e4ppning framtill\ud83e\udd0d L\u00e4ngre bak f\u00f6r fin passform\ud83e\udd0d L\u00e4tt och luftig kvalitet\ud83e\udd0d Enkel att styla \ud83e\uddf5 Material: 70% viskos, 20% nylon, 10% linne\ud83d\udccf Storlek: S\u2013XXL\ud83e\udee7 Tv\u00e4ttr\u00e5d: 30\u00b0 En stilren favorit som ger en avslappnad men lyxig k\u00e4nsla \ud83d\ude0d\ud83e\udd0d\u2728","og_url":"https:\/\/stilanddesign.se\/en\/product\/\ud83e\udd0d\u2728-stilren-topp-fran-zabaione-\u2728\ud83e\udd0d\/","og_site_name":"Stil &amp; Design","article_modified_time":"2026-05-14T17:04:33+00:00","og_image":[{"width":889,"height":1280,"url":"https:\/\/stilanddesign.se\/wp-content\/uploads\/2026\/03\/4070709052620_1.jpg","type":"image\/jpeg"}],"twitter_card":"summary_large_image","twitter_misc":{"Est. reading time":"1 minute"},"schema":{"@context":"https:\/\/schema.org","@graph":[{"@type":"WebPage","@id":"https:\/\/stilanddesign.se\/produkt\/%f0%9f%a4%8d%e2%9c%a8-stilren-topp-fran-zabaione-%e2%9c%a8%f0%9f%a4%8d\/","url":"https:\/\/stilanddesign.se\/produkt\/%f0%9f%a4%8d%e2%9c%a8-stilren-topp-fran-zabaione-%e2%9c%a8%f0%9f%a4%8d\/","name":"\ud83e\udd0d\u2728 Stilren topp fr\u00e5n Zabaione \u2728\ud83e\udd0d - Stil &amp; Design","isPartOf":{"@id":"https:\/\/stilanddesign.se\/#website"},"primaryImageOfPage":{"@id":"https:\/\/stilanddesign.se\/produkt\/%f0%9f%a4%8d%e2%9c%a8-stilren-topp-fran-zabaione-%e2%9c%a8%f0%9f%a4%8d\/#primaryimage"},"image":{"@id":"https:\/\/stilanddesign.se\/produkt\/%f0%9f%a4%8d%e2%9c%a8-stilren-topp-fran-zabaione-%e2%9c%a8%f0%9f%a4%8d\/#primaryimage"},"thumbnailUrl":"https:\/\/stilanddesign.se\/wp-content\/uploads\/2026\/03\/4070709052620_1.jpg","datePublished":"2026-03-25T07:46:09+00:00","dateModified":"2026-05-14T17:04:33+00:00","breadcrumb":{"@id":"https:\/\/stilanddesign.se\/produkt\/%f0%9f%a4%8d%e2%9c%a8-stilren-topp-fran-zabaione-%e2%9c%a8%f0%9f%a4%8d\/#breadcrumb"},"inLanguage":"en-US","potentialAction":[{"@type":"ReadAction","target":["https:\/\/stilanddesign.se\/produkt\/%f0%9f%a4%8d%e2%9c%a8-stilren-topp-fran-zabaione-%e2%9c%a8%f0%9f%a4%8d\/"]}]},{"@type":"ImageObject","inLanguage":"en-US","@id":"https:\/\/stilanddesign.se\/produkt\/%f0%9f%a4%8d%e2%9c%a8-stilren-topp-fran-zabaione-%e2%9c%a8%f0%9f%a4%8d\/#primaryimage","url":"https:\/\/stilanddesign.se\/wp-content\/uploads\/2026\/03\/4070709052620_1.jpg","contentUrl":"https:\/\/stilanddesign.se\/wp-content\/uploads\/2026\/03\/4070709052620_1.jpg","width":889,"height":1280},{"@type":"BreadcrumbList","@id":"https:\/\/stilanddesign.se\/produkt\/%f0%9f%a4%8d%e2%9c%a8-stilren-topp-fran-zabaione-%e2%9c%a8%f0%9f%a4%8d\/#breadcrumb","itemListElement":[{"@type":"ListItem","position":1,"name":"Hem","item":"https:\/\/stilanddesign.se\/"},{"@type":"ListItem","position":2,"name":"Butiken","item":"https:\/\/stilanddesign.se\/butiken\/"},{"@type":"ListItem","position":3,"name":"\ud83e\udd0d\u2728 Stilren topp fr\u00e5n Zabaione \u2728\ud83e\udd0d"}]},{"@type":"WebSite","@id":"https:\/\/stilanddesign.se\/#website","url":"https:\/\/stilanddesign.se\/","name":"Style &amp; Design","description":"For those of us who love fashion!","publisher":{"@id":"https:\/\/stilanddesign.se\/#organization"},"potentialAction":[{"@type":"SearchAction","target":{"@type":"EntryPoint","urlTemplate":"https:\/\/stilanddesign.se\/?s={search_term_string}"},"query-input":{"@type":"PropertyValueSpecification","valueRequired":true,"valueName":"search_term_string"}}],"inLanguage":"en-US"},{"@type":"Organization","@id":"https:\/\/stilanddesign.se\/#organization","name":"Style &amp; Design","url":"https:\/\/stilanddesign.se\/","logo":{"@type":"ImageObject","inLanguage":"en-US","@id":"https:\/\/stilanddesign.se\/#\/schema\/logo\/image\/","url":"https:\/\/stilanddesign.se\/wp-content\/uploads\/2023\/12\/output-onlinepngtools-e1727784413220.png","contentUrl":"https:\/\/stilanddesign.se\/wp-content\/uploads\/2023\/12\/output-onlinepngtools-e1727784413220.png","width":519,"height":135,"caption":"Stil &amp; Design"},"image":{"@id":"https:\/\/stilanddesign.se\/#\/schema\/logo\/image\/"}}]}},"_links":{"self":[{"href":"https:\/\/stilanddesign.se\/en\/wp-json\/wp\/v2\/product\/1070944","targetHints":{"allow":["GET"]}}],"collection":[{"href":"https:\/\/stilanddesign.se\/en\/wp-json\/wp\/v2\/product"}],"about":[{"href":"https:\/\/stilanddesign.se\/en\/wp-json\/wp\/v2\/types\/product"}],"replies":[{"embeddable":true,"href":"https:\/\/stilanddesign.se\/en\/wp-json\/wp\/v2\/comments?post=1070944"}],"wp:featuredmedia":[{"embeddable":true,"href":"https:\/\/stilanddesign.se\/en\/wp-json\/wp\/v2\/media\/1070954"}],"wp:attachment":[{"href":"https:\/\/stilanddesign.se\/en\/wp-json\/wp\/v2\/media?parent=1070944"}],"wp:term":[{"taxonomy":"product_brand","embeddable":true,"href":"https:\/\/stilanddesign.se\/en\/wp-json\/wp\/v2\/product_brand?post=1070944"},{"taxonomy":"product_cat","embeddable":true,"href":"https:\/\/stilanddesign.se\/en\/wp-json\/wp\/v2\/product_cat?post=1070944"},{"taxonomy":"product_tag","embeddable":true,"href":"https:\/\/stilanddesign.se\/en\/wp-json\/wp\/v2\/product_tag?post=1070944"}],"curies":[{"name":"wp","href":"https:\/\/api.w.org\/{rel}","templated":true}]}}