{"id":1070927,"date":"2026-03-24T20:37:11","date_gmt":"2026-03-24T19:37:11","guid":{"rendered":"https:\/\/stilanddesign.se\/?post_type=product&#038;p=1070927"},"modified":"2026-04-28T11:50:58","modified_gmt":"2026-04-28T09:50:58","slug":"%e2%9c%a8-lyanna-blus-glansig-livfull-med-harlig-kansla-%f0%9f%92%9a","status":"publish","type":"product","link":"https:\/\/stilanddesign.se\/en\/product\/%e2%9c%a8-lyanna-blus-glansig-livfull-med-harlig-kansla-%f0%9f%92%9a\/","title":{"rendered":"\u2728 Lyanna blouse \u2013 shiny &amp; vibrant with a lovely feel \ud83d\udc9a"},"content":{"rendered":"<p data-start=\"0\" data-end=\"60\">\u2728 <strong data-start=\"2\" data-end=\"55\">Lyanna blouse \u2013 shiny &amp; vibrant with a lovely feel<\/strong> \ud83d\udc9a<\/p>\n<p data-start=\"62\" data-end=\"272\">\ud83c\udf1f Shimmering fabric that catches the light<br data-start=\"96\" data-end=\"99\" \/>\ud83c\udfa8 Pattern in soft green &amp; beige tones<br data-start=\"137\" data-end=\"140\" \/>\ud83d\udcab Voluminous sleeves for an airy silhouette<br data-start=\"182\" data-end=\"185\" \/>\ud83c\udf3f Light &amp; flexible \u2013 perfect for both everyday life &amp; parties<br data-start=\"235\" data-end=\"238\" \/>\ud83d\udc96 Feels as good as it looks<\/p>\n<p data-start=\"274\" data-end=\"332\">\ud83d\udccf Onesize - fits approx. size 36-44<br data-start=\"306\" data-end=\"309\" \/>\ud83d\udccf Bust measurement: approx. 65 cm<\/p>\n<p data-start=\"334\" data-end=\"363\">\ud83e\uddf5 Material: 100% polyester<\/p>\n<p data-start=\"365\" data-end=\"423\" data-is-last-node=\"\" data-is-only-node=\"\">\ud83d\udc95 A blouse that gives energy, shine and style in a single garment<\/p>\n<div><\/div>","protected":false},"excerpt":{"rendered":"<p data-start=\"0\" data-end=\"60\">\u2728 <strong data-start=\"2\" data-end=\"55\">Lyanna blouse \u2013 shiny &amp; vibrant with a lovely feel<\/strong> \ud83d\udc9a<\/p>\n<p data-start=\"62\" data-end=\"272\">\ud83c\udf1f Shimmering fabric that catches the light<br data-start=\"96\" data-end=\"99\" \/>\ud83c\udfa8 Pattern in soft green &amp; beige tones<br data-start=\"137\" data-end=\"140\" \/>\ud83d\udcab Voluminous sleeves for an airy silhouette<br data-start=\"182\" data-end=\"185\" \/>\ud83c\udf3f Light &amp; flexible \u2013 perfect for both everyday life &amp; parties<br data-start=\"235\" data-end=\"238\" \/>\ud83d\udc96 Feels as good as it looks<\/p>\n<p data-start=\"274\" data-end=\"332\">\ud83d\udccf Onesize - fits approx. size 36-44<br data-start=\"306\" data-end=\"309\" \/>\ud83d\udccf Bust measurement: approx. 65 cm<\/p>\n<p data-start=\"334\" data-end=\"363\">\ud83e\uddf5 Material: 100% polyester<\/p>\n<p data-start=\"365\" data-end=\"423\" data-is-last-node=\"\" data-is-only-node=\"\">\ud83d\udc95 A blouse that gives energy, shine and style in a single garment<\/p>","protected":false},"featured_media":1070923,"comment_status":"closed","ping_status":"closed","template":"","meta":[],"product_brand":[],"product_cat":[211],"product_tag":[],"class_list":{"0":"post-1070927","1":"product","2":"type-product","3":"status-publish","4":"has-post-thumbnail","6":"product_cat-blusar","8":"first","9":"instock","10":"taxable","11":"shipping-taxable","12":"purchasable","13":"product-type-variable"},"yoast_head":"<!-- This site is optimized with the Yoast SEO Premium plugin v27.4 (Yoast SEO v27.6) - https:\/\/yoast.com\/product\/yoast-seo-premium-wordpress\/ -->\n<title>\u2728 Lyanna blus \u2013 glansig &amp; livfull med h\u00e4rlig k\u00e4nsla \ud83d\udc9a - Stil &amp; Design<\/title>\n<meta name=\"robots\" content=\"index, follow, max-snippet:-1, max-image-preview:large, max-video-preview:-1\" \/>\n<link rel=\"canonical\" href=\"https:\/\/stilanddesign.se\/en\/product\/\u2728-lyanna-blus-glansig-livfull-med-harlig-kansla-\ud83d\udc9a\/\" \/>\n<meta property=\"og:locale\" content=\"en_US\" \/>\n<meta property=\"og:type\" content=\"article\" \/>\n<meta property=\"og:title\" content=\"\u2728 Lyanna blus \u2013 glansig &amp; livfull med h\u00e4rlig k\u00e4nsla \ud83d\udc9a\" \/>\n<meta property=\"og:description\" content=\"\u2728 Lyanna blus \u2013 glansig &amp; livfull med h\u00e4rlig k\u00e4nsla \ud83d\udc9a \ud83c\udf1f Skimrande tyg som f\u00e5ngar ljuset\ud83c\udfa8 M\u00f6nster i mjuka gr\u00f6na &amp; beige toner\ud83d\udcab Volumin\u00f6sa \u00e4rmar f\u00f6r en luftig silhuett\ud83c\udf3f L\u00e4tt &amp; f\u00f6ljsam \u2013 perfekt f\u00f6r b\u00e5de vardag &amp; fest\ud83d\udc96 K\u00e4nns lika fin som den ser ut \ud83d\udccf Onesize \u2013 passar ca stl 36\u201344\ud83d\udccf Bystm\u00e5tt: ca 65 cm \ud83e\uddf5 Material: 100% polyester \ud83d\udc95 En blus som ger energi, glans och stil i ett enda plagg\" \/>\n<meta property=\"og:url\" content=\"https:\/\/stilanddesign.se\/en\/product\/\u2728-lyanna-blus-glansig-livfull-med-harlig-kansla-\ud83d\udc9a\/\" \/>\n<meta property=\"og:site_name\" content=\"Stil &amp; Design\" \/>\n<meta property=\"article:modified_time\" content=\"2026-04-28T09:50:58+00:00\" \/>\n<meta name=\"twitter:card\" content=\"summary_large_image\" \/>\n<meta name=\"twitter:label1\" content=\"Est. reading time\" \/>\n\t<meta name=\"twitter:data1\" content=\"1 minute\" \/>\n<script type=\"application\/ld+json\" class=\"yoast-schema-graph\">{\"@context\":\"https:\\\/\\\/schema.org\",\"@graph\":[{\"@type\":\"WebPage\",\"@id\":\"https:\\\/\\\/stilanddesign.se\\\/produkt\\\/%e2%9c%a8-lyanna-blus-glansig-livfull-med-harlig-kansla-%f0%9f%92%9a\\\/\",\"url\":\"https:\\\/\\\/stilanddesign.se\\\/produkt\\\/%e2%9c%a8-lyanna-blus-glansig-livfull-med-harlig-kansla-%f0%9f%92%9a\\\/\",\"name\":\"\u2728 Lyanna blus \u2013 glansig & livfull med h\u00e4rlig k\u00e4nsla \ud83d\udc9a - Stil &amp; Design\",\"isPartOf\":{\"@id\":\"https:\\\/\\\/stilanddesign.se\\\/#website\"},\"primaryImageOfPage\":{\"@id\":\"https:\\\/\\\/stilanddesign.se\\\/produkt\\\/%e2%9c%a8-lyanna-blus-glansig-livfull-med-harlig-kansla-%f0%9f%92%9a\\\/#primaryimage\"},\"image\":{\"@id\":\"https:\\\/\\\/stilanddesign.se\\\/produkt\\\/%e2%9c%a8-lyanna-blus-glansig-livfull-med-harlig-kansla-%f0%9f%92%9a\\\/#primaryimage\"},\"thumbnailUrl\":\"https:\\\/\\\/stilanddesign.se\\\/wp-content\\\/uploads\\\/2026\\\/03\\\/776565555555.avif\",\"datePublished\":\"2026-03-24T19:37:11+00:00\",\"dateModified\":\"2026-04-28T09:50:58+00:00\",\"breadcrumb\":{\"@id\":\"https:\\\/\\\/stilanddesign.se\\\/produkt\\\/%e2%9c%a8-lyanna-blus-glansig-livfull-med-harlig-kansla-%f0%9f%92%9a\\\/#breadcrumb\"},\"inLanguage\":\"en-US\",\"potentialAction\":[{\"@type\":\"ReadAction\",\"target\":[\"https:\\\/\\\/stilanddesign.se\\\/produkt\\\/%e2%9c%a8-lyanna-blus-glansig-livfull-med-harlig-kansla-%f0%9f%92%9a\\\/\"]}]},{\"@type\":\"ImageObject\",\"inLanguage\":\"en-US\",\"@id\":\"https:\\\/\\\/stilanddesign.se\\\/produkt\\\/%e2%9c%a8-lyanna-blus-glansig-livfull-med-harlig-kansla-%f0%9f%92%9a\\\/#primaryimage\",\"url\":\"https:\\\/\\\/stilanddesign.se\\\/wp-content\\\/uploads\\\/2026\\\/03\\\/776565555555.avif\",\"contentUrl\":\"https:\\\/\\\/stilanddesign.se\\\/wp-content\\\/uploads\\\/2026\\\/03\\\/776565555555.avif\",\"width\":1080,\"height\":1440,\"caption\":\"Glansig blus med volym\u00e4rm i mint\"},{\"@type\":\"BreadcrumbList\",\"@id\":\"https:\\\/\\\/stilanddesign.se\\\/produkt\\\/%e2%9c%a8-lyanna-blus-glansig-livfull-med-harlig-kansla-%f0%9f%92%9a\\\/#breadcrumb\",\"itemListElement\":[{\"@type\":\"ListItem\",\"position\":1,\"name\":\"Hem\",\"item\":\"https:\\\/\\\/stilanddesign.se\\\/\"},{\"@type\":\"ListItem\",\"position\":2,\"name\":\"Butiken\",\"item\":\"https:\\\/\\\/stilanddesign.se\\\/butiken\\\/\"},{\"@type\":\"ListItem\",\"position\":3,\"name\":\"\u2728 Lyanna blus \u2013 glansig &#038; livfull med h\u00e4rlig k\u00e4nsla \ud83d\udc9a\"}]},{\"@type\":\"WebSite\",\"@id\":\"https:\\\/\\\/stilanddesign.se\\\/#website\",\"url\":\"https:\\\/\\\/stilanddesign.se\\\/\",\"name\":\"Stil &amp; Design\",\"description\":\"F\u00f6r oss som \u00e4lskar mode!\",\"publisher\":{\"@id\":\"https:\\\/\\\/stilanddesign.se\\\/#organization\"},\"potentialAction\":[{\"@type\":\"SearchAction\",\"target\":{\"@type\":\"EntryPoint\",\"urlTemplate\":\"https:\\\/\\\/stilanddesign.se\\\/?s={search_term_string}\"},\"query-input\":{\"@type\":\"PropertyValueSpecification\",\"valueRequired\":true,\"valueName\":\"search_term_string\"}}],\"inLanguage\":\"en-US\"},{\"@type\":\"Organization\",\"@id\":\"https:\\\/\\\/stilanddesign.se\\\/#organization\",\"name\":\"Stil &amp; Design\",\"url\":\"https:\\\/\\\/stilanddesign.se\\\/\",\"logo\":{\"@type\":\"ImageObject\",\"inLanguage\":\"en-US\",\"@id\":\"https:\\\/\\\/stilanddesign.se\\\/#\\\/schema\\\/logo\\\/image\\\/\",\"url\":\"https:\\\/\\\/stilanddesign.se\\\/wp-content\\\/uploads\\\/2023\\\/12\\\/output-onlinepngtools-e1727784413220.png\",\"contentUrl\":\"https:\\\/\\\/stilanddesign.se\\\/wp-content\\\/uploads\\\/2023\\\/12\\\/output-onlinepngtools-e1727784413220.png\",\"width\":519,\"height\":135,\"caption\":\"Stil &amp; Design\"},\"image\":{\"@id\":\"https:\\\/\\\/stilanddesign.se\\\/#\\\/schema\\\/logo\\\/image\\\/\"}}]}<\/script>\n<!-- \/ Yoast SEO Premium plugin. -->","yoast_head_json":{"title":"\u2728 Lyanna blus \u2013 glansig & livfull med h\u00e4rlig k\u00e4nsla \ud83d\udc9a - Stil &amp; Design","robots":{"index":"index","follow":"follow","max-snippet":"max-snippet:-1","max-image-preview":"max-image-preview:large","max-video-preview":"max-video-preview:-1"},"canonical":"https:\/\/stilanddesign.se\/en\/product\/\u2728-lyanna-blus-glansig-livfull-med-harlig-kansla-\ud83d\udc9a\/","og_locale":"en_US","og_type":"article","og_title":"\u2728 Lyanna blus \u2013 glansig & livfull med h\u00e4rlig k\u00e4nsla \ud83d\udc9a","og_description":"\u2728 Lyanna blus \u2013 glansig &amp; livfull med h\u00e4rlig k\u00e4nsla \ud83d\udc9a \ud83c\udf1f Skimrande tyg som f\u00e5ngar ljuset\ud83c\udfa8 M\u00f6nster i mjuka gr\u00f6na &amp; beige toner\ud83d\udcab Volumin\u00f6sa \u00e4rmar f\u00f6r en luftig silhuett\ud83c\udf3f L\u00e4tt &amp; f\u00f6ljsam \u2013 perfekt f\u00f6r b\u00e5de vardag &amp; fest\ud83d\udc96 K\u00e4nns lika fin som den ser ut \ud83d\udccf Onesize \u2013 passar ca stl 36\u201344\ud83d\udccf Bystm\u00e5tt: ca 65 cm \ud83e\uddf5 Material: 100% polyester \ud83d\udc95 En blus som ger energi, glans och stil i ett enda plagg","og_url":"https:\/\/stilanddesign.se\/en\/product\/\u2728-lyanna-blus-glansig-livfull-med-harlig-kansla-\ud83d\udc9a\/","og_site_name":"Stil &amp; Design","article_modified_time":"2026-04-28T09:50:58+00:00","twitter_card":"summary_large_image","twitter_misc":{"Est. reading time":"1 minute"},"schema":{"@context":"https:\/\/schema.org","@graph":[{"@type":"WebPage","@id":"https:\/\/stilanddesign.se\/produkt\/%e2%9c%a8-lyanna-blus-glansig-livfull-med-harlig-kansla-%f0%9f%92%9a\/","url":"https:\/\/stilanddesign.se\/produkt\/%e2%9c%a8-lyanna-blus-glansig-livfull-med-harlig-kansla-%f0%9f%92%9a\/","name":"\u2728 Lyanna blus \u2013 glansig & livfull med h\u00e4rlig k\u00e4nsla \ud83d\udc9a - Stil &amp; Design","isPartOf":{"@id":"https:\/\/stilanddesign.se\/#website"},"primaryImageOfPage":{"@id":"https:\/\/stilanddesign.se\/produkt\/%e2%9c%a8-lyanna-blus-glansig-livfull-med-harlig-kansla-%f0%9f%92%9a\/#primaryimage"},"image":{"@id":"https:\/\/stilanddesign.se\/produkt\/%e2%9c%a8-lyanna-blus-glansig-livfull-med-harlig-kansla-%f0%9f%92%9a\/#primaryimage"},"thumbnailUrl":"https:\/\/stilanddesign.se\/wp-content\/uploads\/2026\/03\/776565555555.avif","datePublished":"2026-03-24T19:37:11+00:00","dateModified":"2026-04-28T09:50:58+00:00","breadcrumb":{"@id":"https:\/\/stilanddesign.se\/produkt\/%e2%9c%a8-lyanna-blus-glansig-livfull-med-harlig-kansla-%f0%9f%92%9a\/#breadcrumb"},"inLanguage":"en-US","potentialAction":[{"@type":"ReadAction","target":["https:\/\/stilanddesign.se\/produkt\/%e2%9c%a8-lyanna-blus-glansig-livfull-med-harlig-kansla-%f0%9f%92%9a\/"]}]},{"@type":"ImageObject","inLanguage":"en-US","@id":"https:\/\/stilanddesign.se\/produkt\/%e2%9c%a8-lyanna-blus-glansig-livfull-med-harlig-kansla-%f0%9f%92%9a\/#primaryimage","url":"https:\/\/stilanddesign.se\/wp-content\/uploads\/2026\/03\/776565555555.avif","contentUrl":"https:\/\/stilanddesign.se\/wp-content\/uploads\/2026\/03\/776565555555.avif","width":1080,"height":1440,"caption":"Glansig blus med volym\u00e4rm i mint"},{"@type":"BreadcrumbList","@id":"https:\/\/stilanddesign.se\/produkt\/%e2%9c%a8-lyanna-blus-glansig-livfull-med-harlig-kansla-%f0%9f%92%9a\/#breadcrumb","itemListElement":[{"@type":"ListItem","position":1,"name":"Hem","item":"https:\/\/stilanddesign.se\/"},{"@type":"ListItem","position":2,"name":"Butiken","item":"https:\/\/stilanddesign.se\/butiken\/"},{"@type":"ListItem","position":3,"name":"\u2728 Lyanna blus \u2013 glansig &#038; livfull med h\u00e4rlig k\u00e4nsla \ud83d\udc9a"}]},{"@type":"WebSite","@id":"https:\/\/stilanddesign.se\/#website","url":"https:\/\/stilanddesign.se\/","name":"Style &amp; Design","description":"For those of us who love fashion!","publisher":{"@id":"https:\/\/stilanddesign.se\/#organization"},"potentialAction":[{"@type":"SearchAction","target":{"@type":"EntryPoint","urlTemplate":"https:\/\/stilanddesign.se\/?s={search_term_string}"},"query-input":{"@type":"PropertyValueSpecification","valueRequired":true,"valueName":"search_term_string"}}],"inLanguage":"en-US"},{"@type":"Organization","@id":"https:\/\/stilanddesign.se\/#organization","name":"Style &amp; Design","url":"https:\/\/stilanddesign.se\/","logo":{"@type":"ImageObject","inLanguage":"en-US","@id":"https:\/\/stilanddesign.se\/#\/schema\/logo\/image\/","url":"https:\/\/stilanddesign.se\/wp-content\/uploads\/2023\/12\/output-onlinepngtools-e1727784413220.png","contentUrl":"https:\/\/stilanddesign.se\/wp-content\/uploads\/2023\/12\/output-onlinepngtools-e1727784413220.png","width":519,"height":135,"caption":"Stil &amp; Design"},"image":{"@id":"https:\/\/stilanddesign.se\/#\/schema\/logo\/image\/"}}]}},"_links":{"self":[{"href":"https:\/\/stilanddesign.se\/en\/wp-json\/wp\/v2\/product\/1070927","targetHints":{"allow":["GET"]}}],"collection":[{"href":"https:\/\/stilanddesign.se\/en\/wp-json\/wp\/v2\/product"}],"about":[{"href":"https:\/\/stilanddesign.se\/en\/wp-json\/wp\/v2\/types\/product"}],"replies":[{"embeddable":true,"href":"https:\/\/stilanddesign.se\/en\/wp-json\/wp\/v2\/comments?post=1070927"}],"wp:featuredmedia":[{"embeddable":true,"href":"https:\/\/stilanddesign.se\/en\/wp-json\/wp\/v2\/media\/1070923"}],"wp:attachment":[{"href":"https:\/\/stilanddesign.se\/en\/wp-json\/wp\/v2\/media?parent=1070927"}],"wp:term":[{"taxonomy":"product_brand","embeddable":true,"href":"https:\/\/stilanddesign.se\/en\/wp-json\/wp\/v2\/product_brand?post=1070927"},{"taxonomy":"product_cat","embeddable":true,"href":"https:\/\/stilanddesign.se\/en\/wp-json\/wp\/v2\/product_cat?post=1070927"},{"taxonomy":"product_tag","embeddable":true,"href":"https:\/\/stilanddesign.se\/en\/wp-json\/wp\/v2\/product_tag?post=1070927"}],"curies":[{"name":"wp","href":"https:\/\/api.w.org\/{rel}","templated":true}]}}