{"id":1070920,"date":"2026-03-24T20:30:43","date_gmt":"2026-03-24T19:30:43","guid":{"rendered":"https:\/\/stilanddesign.se\/?post_type=product&#038;p=1070920"},"modified":"2026-05-04T10:51:06","modified_gmt":"2026-05-04T08:51:06","slug":"%f0%9f%8c%b8-anea-mjuk-jerseytopp-med-drapering-%f0%9f%8c%b8-4","status":"publish","type":"product","link":"https:\/\/stilanddesign.se\/en\/product\/%f0%9f%8c%b8-anea-mjuk-jerseytopp-med-drapering-%f0%9f%8c%b8-4\/","title":{"rendered":"\ud83c\udf38 Anea \u2013 Soft Jersey Top with Draping \ud83c\udf38"},"content":{"rendered":"<p data-start=\"0\" data-end=\"48\">\ud83c\udf38 <strong data-start=\"3\" data-end=\"43\">Anea \u2013 Soft Jersey Top with Draping<\/strong> \ud83c\udf38<\/p>\n<p data-start=\"50\" data-end=\"331\">Anea is a <strong data-start=\"61\" data-end=\"88\">comfortable and stylish top<\/strong> in soft cotton jersey with an elegant drape at the front that creates a flattering silhouette. The fine <strong data-start=\"187\" data-end=\"203\">The V-neckline<\/strong> and the relaxed fit makes it easy to wear \u2013 perfect for both everyday wear and when you want to feel a little more dressed up.<\/p>\n<p data-start=\"333\" data-end=\"424\">The top is easy to match and goes equally well with <strong data-start=\"385\" data-end=\"421\">jeans, skirt or dress pants<\/strong>.<\/p>\n<p data-start=\"426\" data-end=\"575\">\u2728 <strong data-start=\"428\" data-end=\"441\">Details:<\/strong><br data-start=\"441\" data-end=\"444\" \/>\u2022 Soft and stretchy jersey quality<br data-start=\"479\" data-end=\"482\" \/>\u2022 Flattering draping at the front<br data-start=\"513\" data-end=\"516\" \/>\u2022 V-neckline<br data-start=\"528\" data-end=\"531\" \/>\u2022 Short sleeve<br data-start=\"541\" data-end=\"544\" data-is-only-node=\"\" \/>\u2022 Comfortable and feminine fit<\/p>\n<p data-start=\"577\" data-end=\"648\">\ud83d\udccf <strong data-start=\"580\" data-end=\"592\">Size:<\/strong> One size (fits approx. 36\u201344)<br data-start=\"618\" data-end=\"621\" \/>\ud83d\udcd0 <strong data-start=\"624\" data-end=\"637\">Bust measurement:<\/strong> about 50 cm<\/p>\n<p data-start=\"650\" data-end=\"693\">\ud83c\udfa8 <strong data-start=\"653\" data-end=\"664\">Colors:<\/strong><br data-start=\"664\" data-end=\"667\" \/>Yellow<br data-start=\"670\" data-end=\"673\" \/>Light pink Beige<br data-start=\"681\" data-end=\"684\" \/>Light blue<\/p>\n<p data-start=\"695\" data-end=\"739\">\ud83e\uddf5 <strong data-start=\"698\" data-end=\"711\">Material:<\/strong><br data-start=\"711\" data-end=\"714\" \/>95% cotton<br data-start=\"724\" data-end=\"727\" \/>5% elastane<\/p>\n<p data-start=\"741\" data-end=\"814\" data-is-last-node=\"\" data-is-only-node=\"\">\ud83d\udc9b One <strong data-start=\"747\" data-end=\"773\">timeless and comfortable top<\/strong> which will quickly become a wardrobe favorite!<\/p>","protected":false},"excerpt":{"rendered":"<p data-start=\"0\" data-end=\"48\">\ud83c\udf38 <strong data-start=\"3\" data-end=\"43\">Anea \u2013 Soft Jersey Top with Draping<\/strong> \ud83c\udf38<\/p>\n<p data-start=\"50\" data-end=\"331\">Anea is a <strong data-start=\"61\" data-end=\"88\">comfortable and stylish top<\/strong> in soft cotton jersey with an elegant drape at the front that creates a flattering silhouette. The fine <strong data-start=\"187\" data-end=\"203\">The V-neckline<\/strong> and the relaxed fit makes it easy to wear \u2013 perfect for both everyday wear and when you want to feel a little more dressed up.<\/p>\n<p data-start=\"333\" data-end=\"424\">The top is easy to match and goes equally well with <strong data-start=\"385\" data-end=\"421\">jeans, skirt or dress pants<\/strong>.<\/p>\n<p data-start=\"426\" data-end=\"575\">\u2728 <strong data-start=\"428\" data-end=\"441\">Details:<\/strong><br data-start=\"441\" data-end=\"444\" \/>\u2022 Soft and stretchy jersey quality<br data-start=\"479\" data-end=\"482\" \/>\u2022 Flattering draping at the front<br data-start=\"513\" data-end=\"516\" \/>\u2022 V-neckline<br data-start=\"528\" data-end=\"531\" \/>\u2022 Short sleeve<br data-start=\"541\" data-end=\"544\" data-is-only-node=\"\" \/>\u2022 Comfortable and feminine fit<\/p>\n<p data-start=\"577\" data-end=\"648\">\ud83d\udccf <strong data-start=\"580\" data-end=\"592\">Size:<\/strong> One size (fits approx. 36\u201344)<br data-start=\"618\" data-end=\"621\" \/>\ud83d\udcd0 <strong data-start=\"624\" data-end=\"637\">Bust measurement:<\/strong> about 50 cm<\/p>\n<p data-start=\"650\" data-end=\"693\">\ud83c\udfa8 <strong data-start=\"653\" data-end=\"664\">Colors:<\/strong><br data-start=\"664\" data-end=\"667\" \/>Yellow<br data-start=\"670\" data-end=\"673\" \/>Light pink Beige<br data-start=\"681\" data-end=\"684\" \/>Light blue<\/p>\n<p data-start=\"695\" data-end=\"739\">\ud83e\uddf5 <strong data-start=\"698\" data-end=\"711\">Material:<\/strong><br data-start=\"711\" data-end=\"714\" \/>95% cotton<br data-start=\"724\" data-end=\"727\" \/>5% elastane<\/p>\n<p data-start=\"741\" data-end=\"814\" data-is-last-node=\"\" data-is-only-node=\"\">\ud83d\udc9b One <strong data-start=\"747\" data-end=\"773\">timeless and comfortable top<\/strong> which will quickly become a wardrobe favorite!<\/p>","protected":false},"featured_media":1070918,"comment_status":"closed","ping_status":"closed","template":"","meta":[],"product_brand":[],"product_cat":[222],"product_tag":[],"class_list":{"0":"post-1070920","1":"product","2":"type-product","3":"status-publish","4":"has-post-thumbnail","6":"product_cat-toppar-tischor","8":"first","9":"instock","10":"taxable","11":"shipping-taxable","12":"purchasable","13":"product-type-variable"},"yoast_head":"<!-- This site is optimized with the Yoast SEO Premium plugin v27.4 (Yoast SEO v27.6) - https:\/\/yoast.com\/product\/yoast-seo-premium-wordpress\/ -->\n<title>\ud83c\udf38 Anea \u2013 Mjuk Jerseytopp med Drapering \ud83c\udf38 - Stil &amp; Design<\/title>\n<meta name=\"robots\" content=\"index, follow, max-snippet:-1, max-image-preview:large, max-video-preview:-1\" \/>\n<link rel=\"canonical\" href=\"https:\/\/stilanddesign.se\/en\/product\/\ud83c\udf38-anea-mjuk-jerseytopp-med-drapering-\ud83c\udf38-4\/\" \/>\n<meta property=\"og:locale\" content=\"en_US\" \/>\n<meta property=\"og:type\" content=\"article\" \/>\n<meta property=\"og:title\" content=\"\ud83c\udf38 Anea \u2013 Mjuk Jerseytopp med Drapering \ud83c\udf38\" \/>\n<meta property=\"og:description\" content=\"\ud83c\udf38 Anea \u2013 Mjuk Jerseytopp med Drapering \ud83c\udf38 Anea \u00e4r en bekv\u00e4m och stilren topp i mjuk bomullsjersey med en elegant drapering framtill som skapar en smickrande siluett. Den fina V-ringningen och den avslappnade passformen g\u00f6r den l\u00e4tt att b\u00e4ra \u2013 perfekt b\u00e5de till vardags och n\u00e4r du vill k\u00e4nna dig lite mer uppkl\u00e4dd. Toppen \u00e4r enkel att matcha och passar lika bra till jeans, kjol eller dressade byxor. \u2728 Detaljer:\u2022 Mjuk och stretchig jerseykvalitet\u2022 Smickrande drapering framtill\u2022 V-ringning\u2022 Kort \u00e4rm\u2022 Bekv\u00e4m och feminin passform \ud83d\udccf Storlek: Onesize (passar ca 36\u201344)\ud83d\udcd0 Bystm\u00e5tt: ca 50 cm \ud83c\udfa8 F\u00e4rger:GulLjusrosa BeigeLjusbl\u00e5 \ud83e\uddf5 Material:95% bomull5% elastan \ud83d\udc9b En tidl\u00f6s och bekv\u00e4m topp som snabbt blir en favorit i garderoben!\" \/>\n<meta property=\"og:url\" content=\"https:\/\/stilanddesign.se\/en\/product\/\ud83c\udf38-anea-mjuk-jerseytopp-med-drapering-\ud83c\udf38-4\/\" \/>\n<meta property=\"og:site_name\" content=\"Stil &amp; Design\" \/>\n<meta property=\"article:modified_time\" content=\"2026-05-04T08:51:06+00:00\" \/>\n<meta name=\"twitter:card\" content=\"summary_large_image\" \/>\n<meta name=\"twitter:label1\" content=\"Est. reading time\" \/>\n\t<meta name=\"twitter:data1\" content=\"1 minute\" \/>\n<script type=\"application\/ld+json\" class=\"yoast-schema-graph\">{\"@context\":\"https:\\\/\\\/schema.org\",\"@graph\":[{\"@type\":\"WebPage\",\"@id\":\"https:\\\/\\\/stilanddesign.se\\\/produkt\\\/%f0%9f%8c%b8-anea-mjuk-jerseytopp-med-drapering-%f0%9f%8c%b8-4\\\/\",\"url\":\"https:\\\/\\\/stilanddesign.se\\\/produkt\\\/%f0%9f%8c%b8-anea-mjuk-jerseytopp-med-drapering-%f0%9f%8c%b8-4\\\/\",\"name\":\"\ud83c\udf38 Anea \u2013 Mjuk Jerseytopp med Drapering \ud83c\udf38 - Stil &amp; Design\",\"isPartOf\":{\"@id\":\"https:\\\/\\\/stilanddesign.se\\\/#website\"},\"primaryImageOfPage\":{\"@id\":\"https:\\\/\\\/stilanddesign.se\\\/produkt\\\/%f0%9f%8c%b8-anea-mjuk-jerseytopp-med-drapering-%f0%9f%8c%b8-4\\\/#primaryimage\"},\"image\":{\"@id\":\"https:\\\/\\\/stilanddesign.se\\\/produkt\\\/%f0%9f%8c%b8-anea-mjuk-jerseytopp-med-drapering-%f0%9f%8c%b8-4\\\/#primaryimage\"},\"thumbnailUrl\":\"https:\\\/\\\/stilanddesign.se\\\/wp-content\\\/uploads\\\/2026\\\/03\\\/88787666666666.avif\",\"datePublished\":\"2026-03-24T19:30:43+00:00\",\"dateModified\":\"2026-05-04T08:51:06+00:00\",\"breadcrumb\":{\"@id\":\"https:\\\/\\\/stilanddesign.se\\\/produkt\\\/%f0%9f%8c%b8-anea-mjuk-jerseytopp-med-drapering-%f0%9f%8c%b8-4\\\/#breadcrumb\"},\"inLanguage\":\"en-US\",\"potentialAction\":[{\"@type\":\"ReadAction\",\"target\":[\"https:\\\/\\\/stilanddesign.se\\\/produkt\\\/%f0%9f%8c%b8-anea-mjuk-jerseytopp-med-drapering-%f0%9f%8c%b8-4\\\/\"]}]},{\"@type\":\"ImageObject\",\"inLanguage\":\"en-US\",\"@id\":\"https:\\\/\\\/stilanddesign.se\\\/produkt\\\/%f0%9f%8c%b8-anea-mjuk-jerseytopp-med-drapering-%f0%9f%8c%b8-4\\\/#primaryimage\",\"url\":\"https:\\\/\\\/stilanddesign.se\\\/wp-content\\\/uploads\\\/2026\\\/03\\\/88787666666666.avif\",\"contentUrl\":\"https:\\\/\\\/stilanddesign.se\\\/wp-content\\\/uploads\\\/2026\\\/03\\\/88787666666666.avif\",\"width\":262,\"height\":350,\"caption\":\"Mjuk jerseytopp med drapering i beige\"},{\"@type\":\"BreadcrumbList\",\"@id\":\"https:\\\/\\\/stilanddesign.se\\\/produkt\\\/%f0%9f%8c%b8-anea-mjuk-jerseytopp-med-drapering-%f0%9f%8c%b8-4\\\/#breadcrumb\",\"itemListElement\":[{\"@type\":\"ListItem\",\"position\":1,\"name\":\"Hem\",\"item\":\"https:\\\/\\\/stilanddesign.se\\\/\"},{\"@type\":\"ListItem\",\"position\":2,\"name\":\"Butiken\",\"item\":\"https:\\\/\\\/stilanddesign.se\\\/butiken\\\/\"},{\"@type\":\"ListItem\",\"position\":3,\"name\":\"\ud83c\udf38 Anea \u2013 Mjuk Jerseytopp med Drapering \ud83c\udf38\"}]},{\"@type\":\"WebSite\",\"@id\":\"https:\\\/\\\/stilanddesign.se\\\/#website\",\"url\":\"https:\\\/\\\/stilanddesign.se\\\/\",\"name\":\"Stil &amp; Design\",\"description\":\"F\u00f6r oss som \u00e4lskar mode!\",\"publisher\":{\"@id\":\"https:\\\/\\\/stilanddesign.se\\\/#organization\"},\"potentialAction\":[{\"@type\":\"SearchAction\",\"target\":{\"@type\":\"EntryPoint\",\"urlTemplate\":\"https:\\\/\\\/stilanddesign.se\\\/?s={search_term_string}\"},\"query-input\":{\"@type\":\"PropertyValueSpecification\",\"valueRequired\":true,\"valueName\":\"search_term_string\"}}],\"inLanguage\":\"en-US\"},{\"@type\":\"Organization\",\"@id\":\"https:\\\/\\\/stilanddesign.se\\\/#organization\",\"name\":\"Stil &amp; Design\",\"url\":\"https:\\\/\\\/stilanddesign.se\\\/\",\"logo\":{\"@type\":\"ImageObject\",\"inLanguage\":\"en-US\",\"@id\":\"https:\\\/\\\/stilanddesign.se\\\/#\\\/schema\\\/logo\\\/image\\\/\",\"url\":\"https:\\\/\\\/stilanddesign.se\\\/wp-content\\\/uploads\\\/2023\\\/12\\\/output-onlinepngtools-e1727784413220.png\",\"contentUrl\":\"https:\\\/\\\/stilanddesign.se\\\/wp-content\\\/uploads\\\/2023\\\/12\\\/output-onlinepngtools-e1727784413220.png\",\"width\":519,\"height\":135,\"caption\":\"Stil &amp; Design\"},\"image\":{\"@id\":\"https:\\\/\\\/stilanddesign.se\\\/#\\\/schema\\\/logo\\\/image\\\/\"}}]}<\/script>\n<!-- \/ Yoast SEO Premium plugin. -->","yoast_head_json":{"title":"\ud83c\udf38 Anea \u2013 Mjuk Jerseytopp med Drapering \ud83c\udf38 - Stil &amp; Design","robots":{"index":"index","follow":"follow","max-snippet":"max-snippet:-1","max-image-preview":"max-image-preview:large","max-video-preview":"max-video-preview:-1"},"canonical":"https:\/\/stilanddesign.se\/en\/product\/\ud83c\udf38-anea-mjuk-jerseytopp-med-drapering-\ud83c\udf38-4\/","og_locale":"en_US","og_type":"article","og_title":"\ud83c\udf38 Anea \u2013 Mjuk Jerseytopp med Drapering \ud83c\udf38","og_description":"\ud83c\udf38 Anea \u2013 Mjuk Jerseytopp med Drapering \ud83c\udf38 Anea \u00e4r en bekv\u00e4m och stilren topp i mjuk bomullsjersey med en elegant drapering framtill som skapar en smickrande siluett. Den fina V-ringningen och den avslappnade passformen g\u00f6r den l\u00e4tt att b\u00e4ra \u2013 perfekt b\u00e5de till vardags och n\u00e4r du vill k\u00e4nna dig lite mer uppkl\u00e4dd. Toppen \u00e4r enkel att matcha och passar lika bra till jeans, kjol eller dressade byxor. \u2728 Detaljer:\u2022 Mjuk och stretchig jerseykvalitet\u2022 Smickrande drapering framtill\u2022 V-ringning\u2022 Kort \u00e4rm\u2022 Bekv\u00e4m och feminin passform \ud83d\udccf Storlek: Onesize (passar ca 36\u201344)\ud83d\udcd0 Bystm\u00e5tt: ca 50 cm \ud83c\udfa8 F\u00e4rger:GulLjusrosa BeigeLjusbl\u00e5 \ud83e\uddf5 Material:95% bomull5% elastan \ud83d\udc9b En tidl\u00f6s och bekv\u00e4m topp som snabbt blir en favorit i garderoben!","og_url":"https:\/\/stilanddesign.se\/en\/product\/\ud83c\udf38-anea-mjuk-jerseytopp-med-drapering-\ud83c\udf38-4\/","og_site_name":"Stil &amp; Design","article_modified_time":"2026-05-04T08:51:06+00:00","twitter_card":"summary_large_image","twitter_misc":{"Est. reading time":"1 minute"},"schema":{"@context":"https:\/\/schema.org","@graph":[{"@type":"WebPage","@id":"https:\/\/stilanddesign.se\/produkt\/%f0%9f%8c%b8-anea-mjuk-jerseytopp-med-drapering-%f0%9f%8c%b8-4\/","url":"https:\/\/stilanddesign.se\/produkt\/%f0%9f%8c%b8-anea-mjuk-jerseytopp-med-drapering-%f0%9f%8c%b8-4\/","name":"\ud83c\udf38 Anea \u2013 Mjuk Jerseytopp med Drapering \ud83c\udf38 - Stil &amp; Design","isPartOf":{"@id":"https:\/\/stilanddesign.se\/#website"},"primaryImageOfPage":{"@id":"https:\/\/stilanddesign.se\/produkt\/%f0%9f%8c%b8-anea-mjuk-jerseytopp-med-drapering-%f0%9f%8c%b8-4\/#primaryimage"},"image":{"@id":"https:\/\/stilanddesign.se\/produkt\/%f0%9f%8c%b8-anea-mjuk-jerseytopp-med-drapering-%f0%9f%8c%b8-4\/#primaryimage"},"thumbnailUrl":"https:\/\/stilanddesign.se\/wp-content\/uploads\/2026\/03\/88787666666666.avif","datePublished":"2026-03-24T19:30:43+00:00","dateModified":"2026-05-04T08:51:06+00:00","breadcrumb":{"@id":"https:\/\/stilanddesign.se\/produkt\/%f0%9f%8c%b8-anea-mjuk-jerseytopp-med-drapering-%f0%9f%8c%b8-4\/#breadcrumb"},"inLanguage":"en-US","potentialAction":[{"@type":"ReadAction","target":["https:\/\/stilanddesign.se\/produkt\/%f0%9f%8c%b8-anea-mjuk-jerseytopp-med-drapering-%f0%9f%8c%b8-4\/"]}]},{"@type":"ImageObject","inLanguage":"en-US","@id":"https:\/\/stilanddesign.se\/produkt\/%f0%9f%8c%b8-anea-mjuk-jerseytopp-med-drapering-%f0%9f%8c%b8-4\/#primaryimage","url":"https:\/\/stilanddesign.se\/wp-content\/uploads\/2026\/03\/88787666666666.avif","contentUrl":"https:\/\/stilanddesign.se\/wp-content\/uploads\/2026\/03\/88787666666666.avif","width":262,"height":350,"caption":"Mjuk jerseytopp med drapering i beige"},{"@type":"BreadcrumbList","@id":"https:\/\/stilanddesign.se\/produkt\/%f0%9f%8c%b8-anea-mjuk-jerseytopp-med-drapering-%f0%9f%8c%b8-4\/#breadcrumb","itemListElement":[{"@type":"ListItem","position":1,"name":"Hem","item":"https:\/\/stilanddesign.se\/"},{"@type":"ListItem","position":2,"name":"Butiken","item":"https:\/\/stilanddesign.se\/butiken\/"},{"@type":"ListItem","position":3,"name":"\ud83c\udf38 Anea \u2013 Mjuk Jerseytopp med Drapering \ud83c\udf38"}]},{"@type":"WebSite","@id":"https:\/\/stilanddesign.se\/#website","url":"https:\/\/stilanddesign.se\/","name":"Style &amp; Design","description":"For those of us who love fashion!","publisher":{"@id":"https:\/\/stilanddesign.se\/#organization"},"potentialAction":[{"@type":"SearchAction","target":{"@type":"EntryPoint","urlTemplate":"https:\/\/stilanddesign.se\/?s={search_term_string}"},"query-input":{"@type":"PropertyValueSpecification","valueRequired":true,"valueName":"search_term_string"}}],"inLanguage":"en-US"},{"@type":"Organization","@id":"https:\/\/stilanddesign.se\/#organization","name":"Style &amp; Design","url":"https:\/\/stilanddesign.se\/","logo":{"@type":"ImageObject","inLanguage":"en-US","@id":"https:\/\/stilanddesign.se\/#\/schema\/logo\/image\/","url":"https:\/\/stilanddesign.se\/wp-content\/uploads\/2023\/12\/output-onlinepngtools-e1727784413220.png","contentUrl":"https:\/\/stilanddesign.se\/wp-content\/uploads\/2023\/12\/output-onlinepngtools-e1727784413220.png","width":519,"height":135,"caption":"Stil &amp; Design"},"image":{"@id":"https:\/\/stilanddesign.se\/#\/schema\/logo\/image\/"}}]}},"_links":{"self":[{"href":"https:\/\/stilanddesign.se\/en\/wp-json\/wp\/v2\/product\/1070920","targetHints":{"allow":["GET"]}}],"collection":[{"href":"https:\/\/stilanddesign.se\/en\/wp-json\/wp\/v2\/product"}],"about":[{"href":"https:\/\/stilanddesign.se\/en\/wp-json\/wp\/v2\/types\/product"}],"replies":[{"embeddable":true,"href":"https:\/\/stilanddesign.se\/en\/wp-json\/wp\/v2\/comments?post=1070920"}],"wp:featuredmedia":[{"embeddable":true,"href":"https:\/\/stilanddesign.se\/en\/wp-json\/wp\/v2\/media\/1070918"}],"wp:attachment":[{"href":"https:\/\/stilanddesign.se\/en\/wp-json\/wp\/v2\/media?parent=1070920"}],"wp:term":[{"taxonomy":"product_brand","embeddable":true,"href":"https:\/\/stilanddesign.se\/en\/wp-json\/wp\/v2\/product_brand?post=1070920"},{"taxonomy":"product_cat","embeddable":true,"href":"https:\/\/stilanddesign.se\/en\/wp-json\/wp\/v2\/product_cat?post=1070920"},{"taxonomy":"product_tag","embeddable":true,"href":"https:\/\/stilanddesign.se\/en\/wp-json\/wp\/v2\/product_tag?post=1070920"}],"curies":[{"name":"wp","href":"https:\/\/api.w.org\/{rel}","templated":true}]}}