{"id":1070798,"date":"2026-03-24T15:18:52","date_gmt":"2026-03-24T14:18:52","guid":{"rendered":"https:\/\/stilanddesign.se\/?post_type=product&#038;p=1070798"},"modified":"2026-04-15T13:11:27","modified_gmt":"2026-04-15T11:11:27","slug":"__trashed-8","status":"publish","type":"product","link":"https:\/\/stilanddesign.se\/en\/product\/__trashed-8\/","title":{"rendered":"\u2728 Stylish pants from Zabaione - style &amp; comfort in perfect balance"},"content":{"rendered":"<h3 data-start=\"138\" data-end=\"204\">\u2728 Stylish pants from Zabaione - style &amp; comfort in perfect balance<\/h3>\n<p data-start=\"206\" data-end=\"412\">Give your wardrobe a lift with these <strong data-start=\"239\" data-end=\"285\">elegant and easy-to-wear trousers from Zabaione<\/strong> \ud83e\udd0d<br data-start=\"288\" data-end=\"291\" \/>The flattering <strong data-start=\"306\" data-end=\"329\">the tie at the waist<\/strong> gives a feminine silhouette while the fit feels both comfortable and relaxed.<\/p>\n<p data-start=\"414\" data-end=\"559\">\ud83c\udf3f Soft and supple material<br data-start=\"444\" data-end=\"447\" \/>\ud83d\udc56 Comfortable stretch for maximum comfort<br data-start=\"482\" data-end=\"485\" \/>\u2728 Just as stylish for everyday life as for parties<br data-start=\"524\" data-end=\"527\" \/>\ud83d\udcab Easy to style up or down<\/p>\n<p data-start=\"561\" data-end=\"705\">Wear them with a blouse for a chic look or with a knitted top for a more casual feel \u2013 these pants will quickly become a wardrobe favorite \ud83e\udd0d<\/p>\n<p data-start=\"707\" data-end=\"782\">\ud83e\uddf5 <strong data-start=\"710\" data-end=\"723\">Material:<\/strong> 75% viscose, 22% nylon, 3% elastane<br data-start=\"757\" data-end=\"760\" \/>\ud83e\uddfa <strong data-start=\"763\" data-end=\"776\">Washing instructions:<\/strong> 30\u00b0<\/p>\n<p data-start=\"784\" data-end=\"863\">\ud83e\udd0d A safe bet when you want to feel both comfortable and well-dressed \u2013 all day long.<\/p>","protected":false},"excerpt":{"rendered":"<h3 data-start=\"138\" data-end=\"204\">\u2728 Stylish pants from Zabaione - style &amp; comfort in perfect balance<\/h3>\n<p data-start=\"206\" data-end=\"412\">Give your wardrobe a lift with these <strong data-start=\"239\" data-end=\"285\">elegant and easy-to-wear trousers from Zabaione<\/strong> \ud83e\udd0d<br data-start=\"288\" data-end=\"291\" \/>The flattering <strong data-start=\"306\" data-end=\"329\">the tie at the waist<\/strong> gives a feminine silhouette while the fit feels both comfortable and relaxed.<\/p>\n<p data-start=\"414\" data-end=\"559\">\ud83c\udf3f Soft and supple material<br data-start=\"444\" data-end=\"447\" \/>\ud83d\udc56 Comfortable stretch for maximum comfort<br data-start=\"482\" data-end=\"485\" \/>\u2728 Just as stylish for everyday life as for parties<br data-start=\"524\" data-end=\"527\" \/>\ud83d\udcab Easy to style up or down<\/p>\n<p data-start=\"561\" data-end=\"705\">Wear them with a blouse for a chic look or with a knitted top for a more casual feel \u2013 these pants will quickly become a wardrobe favorite \ud83e\udd0d<\/p>\n<p data-start=\"707\" data-end=\"782\">\ud83e\uddf5 <strong data-start=\"710\" data-end=\"723\">Material:<\/strong> 75% viscose, 22% nylon, 3% elastane<br data-start=\"757\" data-end=\"760\" \/>\ud83e\uddfa <strong data-start=\"763\" data-end=\"776\">Washing instructions:<\/strong> 30\u00b0<\/p>\n<p data-start=\"784\" data-end=\"863\">\ud83e\udd0d A safe bet when you want to feel both comfortable and well-dressed \u2013 all day long.<\/p>","protected":false},"featured_media":1070807,"comment_status":"closed","ping_status":"closed","template":"","meta":[],"product_brand":[],"product_cat":[203],"product_tag":[],"class_list":{"0":"post-1070798","1":"product","2":"type-product","3":"status-publish","4":"has-post-thumbnail","6":"product_cat-byxor","8":"first","9":"instock","10":"taxable","11":"shipping-taxable","12":"purchasable","13":"product-type-variable"},"yoast_head":"<!-- This site is optimized with the Yoast SEO Premium plugin v27.1 (Yoast SEO v27.4) - https:\/\/yoast.com\/product\/yoast-seo-premium-wordpress\/ -->\n<title>\u2728 Snygga byxor fr\u00e5n Zabaione \u2013 stil &amp; komfort i perfekt balans - Stil &amp; Design<\/title>\n<meta name=\"robots\" content=\"index, follow, max-snippet:-1, max-image-preview:large, max-video-preview:-1\" \/>\n<link rel=\"canonical\" href=\"https:\/\/stilanddesign.se\/en\/product\/__trashed-8\/\" \/>\n<meta property=\"og:locale\" content=\"en_US\" \/>\n<meta property=\"og:type\" content=\"article\" \/>\n<meta property=\"og:title\" content=\"\u2728 Snygga byxor fr\u00e5n Zabaione \u2013 stil &amp; komfort i perfekt balans\" \/>\n<meta property=\"og:description\" content=\"\u2728 Snygga byxor fr\u00e5n Zabaione \u2013 stil &amp; komfort i perfekt balans Ge garderoben ett lyft med dessa eleganta och l\u00e4ttburna byxor fr\u00e5n Zabaione \ud83e\udd0dDet smickrande knytbandet i midjan ger en feminin silhuett samtidigt som passformen k\u00e4nns b\u00e5de bekv\u00e4m och avslappnad. \ud83c\udf3f Mjukt och f\u00f6ljsamt material\ud83d\udc56 Sk\u00f6n stretch f\u00f6r maximal komfort\u2728 Lika snygga till vardag som till fest\ud83d\udcab Enkla att styla upp eller ner B\u00e4r dem med en blus f\u00f6r en chic look eller med en stickad topp f\u00f6r en mer avslappnad k\u00e4nsla \u2013 dessa byxor blir snabbt en favorit i garderoben \ud83e\udd0d \ud83e\uddf5 Material: 75% viskos, 22% nylon, 3% elastan\ud83e\uddfa Tv\u00e4ttr\u00e5d: 30\u00b0 \ud83e\udd0d Ett s\u00e4kert kort n\u00e4r du vill k\u00e4nna dig b\u00e5de bekv\u00e4m och v\u00e4lkl\u00e4dd \u2013 hela dagen.\" \/>\n<meta property=\"og:url\" content=\"https:\/\/stilanddesign.se\/en\/product\/__trashed-8\/\" \/>\n<meta property=\"og:site_name\" content=\"Stil &amp; Design\" \/>\n<meta property=\"article:modified_time\" content=\"2026-04-15T11:11:27+00:00\" \/>\n<meta property=\"og:image\" content=\"https:\/\/stilanddesign.se\/wp-content\/uploads\/2026\/03\/4070709191442_1.jpg\" \/>\n\t<meta property=\"og:image:width\" content=\"889\" \/>\n\t<meta property=\"og:image:height\" content=\"1280\" \/>\n\t<meta property=\"og:image:type\" content=\"image\/jpeg\" \/>\n<meta name=\"twitter:card\" content=\"summary_large_image\" \/>\n<meta name=\"twitter:label1\" content=\"Est. reading time\" \/>\n\t<meta name=\"twitter:data1\" content=\"1 minute\" \/>\n<script type=\"application\/ld+json\" class=\"yoast-schema-graph\">{\"@context\":\"https:\\\/\\\/schema.org\",\"@graph\":[{\"@type\":\"WebPage\",\"@id\":\"https:\\\/\\\/stilanddesign.se\\\/produkt\\\/__trashed-8\\\/\",\"url\":\"https:\\\/\\\/stilanddesign.se\\\/produkt\\\/__trashed-8\\\/\",\"name\":\"\u2728 Snygga byxor fr\u00e5n Zabaione \u2013 stil & komfort i perfekt balans - Stil &amp; Design\",\"isPartOf\":{\"@id\":\"https:\\\/\\\/stilanddesign.se\\\/#website\"},\"primaryImageOfPage\":{\"@id\":\"https:\\\/\\\/stilanddesign.se\\\/produkt\\\/__trashed-8\\\/#primaryimage\"},\"image\":{\"@id\":\"https:\\\/\\\/stilanddesign.se\\\/produkt\\\/__trashed-8\\\/#primaryimage\"},\"thumbnailUrl\":\"https:\\\/\\\/stilanddesign.se\\\/wp-content\\\/uploads\\\/2026\\\/03\\\/4070709191442_1.jpg\",\"datePublished\":\"2026-03-24T14:18:52+00:00\",\"dateModified\":\"2026-04-15T11:11:27+00:00\",\"breadcrumb\":{\"@id\":\"https:\\\/\\\/stilanddesign.se\\\/produkt\\\/__trashed-8\\\/#breadcrumb\"},\"inLanguage\":\"en-US\",\"potentialAction\":[{\"@type\":\"ReadAction\",\"target\":[\"https:\\\/\\\/stilanddesign.se\\\/produkt\\\/__trashed-8\\\/\"]}]},{\"@type\":\"ImageObject\",\"inLanguage\":\"en-US\",\"@id\":\"https:\\\/\\\/stilanddesign.se\\\/produkt\\\/__trashed-8\\\/#primaryimage\",\"url\":\"https:\\\/\\\/stilanddesign.se\\\/wp-content\\\/uploads\\\/2026\\\/03\\\/4070709191442_1.jpg\",\"contentUrl\":\"https:\\\/\\\/stilanddesign.se\\\/wp-content\\\/uploads\\\/2026\\\/03\\\/4070709191442_1.jpg\",\"width\":889,\"height\":1280},{\"@type\":\"BreadcrumbList\",\"@id\":\"https:\\\/\\\/stilanddesign.se\\\/produkt\\\/__trashed-8\\\/#breadcrumb\",\"itemListElement\":[{\"@type\":\"ListItem\",\"position\":1,\"name\":\"Hem\",\"item\":\"https:\\\/\\\/stilanddesign.se\\\/\"},{\"@type\":\"ListItem\",\"position\":2,\"name\":\"Butiken\",\"item\":\"https:\\\/\\\/stilanddesign.se\\\/butiken\\\/\"},{\"@type\":\"ListItem\",\"position\":3,\"name\":\"\u2728 Snygga byxor fr\u00e5n Zabaione \u2013 stil &#038; komfort i perfekt balans\"}]},{\"@type\":\"WebSite\",\"@id\":\"https:\\\/\\\/stilanddesign.se\\\/#website\",\"url\":\"https:\\\/\\\/stilanddesign.se\\\/\",\"name\":\"Stil &amp; Design\",\"description\":\"F\u00f6r oss som \u00e4lskar mode!\",\"publisher\":{\"@id\":\"https:\\\/\\\/stilanddesign.se\\\/#organization\"},\"potentialAction\":[{\"@type\":\"SearchAction\",\"target\":{\"@type\":\"EntryPoint\",\"urlTemplate\":\"https:\\\/\\\/stilanddesign.se\\\/?s={search_term_string}\"},\"query-input\":{\"@type\":\"PropertyValueSpecification\",\"valueRequired\":true,\"valueName\":\"search_term_string\"}}],\"inLanguage\":\"en-US\"},{\"@type\":\"Organization\",\"@id\":\"https:\\\/\\\/stilanddesign.se\\\/#organization\",\"name\":\"Stil &amp; Design\",\"url\":\"https:\\\/\\\/stilanddesign.se\\\/\",\"logo\":{\"@type\":\"ImageObject\",\"inLanguage\":\"en-US\",\"@id\":\"https:\\\/\\\/stilanddesign.se\\\/#\\\/schema\\\/logo\\\/image\\\/\",\"url\":\"https:\\\/\\\/stilanddesign.se\\\/wp-content\\\/uploads\\\/2023\\\/12\\\/output-onlinepngtools-e1727784413220.png\",\"contentUrl\":\"https:\\\/\\\/stilanddesign.se\\\/wp-content\\\/uploads\\\/2023\\\/12\\\/output-onlinepngtools-e1727784413220.png\",\"width\":519,\"height\":135,\"caption\":\"Stil &amp; Design\"},\"image\":{\"@id\":\"https:\\\/\\\/stilanddesign.se\\\/#\\\/schema\\\/logo\\\/image\\\/\"}}]}<\/script>\n<!-- \/ Yoast SEO Premium plugin. -->","yoast_head_json":{"title":"\u2728 Snygga byxor fr\u00e5n Zabaione \u2013 stil & komfort i perfekt balans - Stil &amp; Design","robots":{"index":"index","follow":"follow","max-snippet":"max-snippet:-1","max-image-preview":"max-image-preview:large","max-video-preview":"max-video-preview:-1"},"canonical":"https:\/\/stilanddesign.se\/en\/product\/__trashed-8\/","og_locale":"en_US","og_type":"article","og_title":"\u2728 Snygga byxor fr\u00e5n Zabaione \u2013 stil & komfort i perfekt balans","og_description":"\u2728 Snygga byxor fr\u00e5n Zabaione \u2013 stil &amp; komfort i perfekt balans Ge garderoben ett lyft med dessa eleganta och l\u00e4ttburna byxor fr\u00e5n Zabaione \ud83e\udd0dDet smickrande knytbandet i midjan ger en feminin silhuett samtidigt som passformen k\u00e4nns b\u00e5de bekv\u00e4m och avslappnad. \ud83c\udf3f Mjukt och f\u00f6ljsamt material\ud83d\udc56 Sk\u00f6n stretch f\u00f6r maximal komfort\u2728 Lika snygga till vardag som till fest\ud83d\udcab Enkla att styla upp eller ner B\u00e4r dem med en blus f\u00f6r en chic look eller med en stickad topp f\u00f6r en mer avslappnad k\u00e4nsla \u2013 dessa byxor blir snabbt en favorit i garderoben \ud83e\udd0d \ud83e\uddf5 Material: 75% viskos, 22% nylon, 3% elastan\ud83e\uddfa Tv\u00e4ttr\u00e5d: 30\u00b0 \ud83e\udd0d Ett s\u00e4kert kort n\u00e4r du vill k\u00e4nna dig b\u00e5de bekv\u00e4m och v\u00e4lkl\u00e4dd \u2013 hela dagen.","og_url":"https:\/\/stilanddesign.se\/en\/product\/__trashed-8\/","og_site_name":"Stil &amp; Design","article_modified_time":"2026-04-15T11:11:27+00:00","og_image":[{"width":889,"height":1280,"url":"https:\/\/stilanddesign.se\/wp-content\/uploads\/2026\/03\/4070709191442_1.jpg","type":"image\/jpeg"}],"twitter_card":"summary_large_image","twitter_misc":{"Est. reading time":"1 minute"},"schema":{"@context":"https:\/\/schema.org","@graph":[{"@type":"WebPage","@id":"https:\/\/stilanddesign.se\/produkt\/__trashed-8\/","url":"https:\/\/stilanddesign.se\/produkt\/__trashed-8\/","name":"\u2728 Snygga byxor fr\u00e5n Zabaione \u2013 stil & komfort i perfekt balans - Stil &amp; Design","isPartOf":{"@id":"https:\/\/stilanddesign.se\/#website"},"primaryImageOfPage":{"@id":"https:\/\/stilanddesign.se\/produkt\/__trashed-8\/#primaryimage"},"image":{"@id":"https:\/\/stilanddesign.se\/produkt\/__trashed-8\/#primaryimage"},"thumbnailUrl":"https:\/\/stilanddesign.se\/wp-content\/uploads\/2026\/03\/4070709191442_1.jpg","datePublished":"2026-03-24T14:18:52+00:00","dateModified":"2026-04-15T11:11:27+00:00","breadcrumb":{"@id":"https:\/\/stilanddesign.se\/produkt\/__trashed-8\/#breadcrumb"},"inLanguage":"en-US","potentialAction":[{"@type":"ReadAction","target":["https:\/\/stilanddesign.se\/produkt\/__trashed-8\/"]}]},{"@type":"ImageObject","inLanguage":"en-US","@id":"https:\/\/stilanddesign.se\/produkt\/__trashed-8\/#primaryimage","url":"https:\/\/stilanddesign.se\/wp-content\/uploads\/2026\/03\/4070709191442_1.jpg","contentUrl":"https:\/\/stilanddesign.se\/wp-content\/uploads\/2026\/03\/4070709191442_1.jpg","width":889,"height":1280},{"@type":"BreadcrumbList","@id":"https:\/\/stilanddesign.se\/produkt\/__trashed-8\/#breadcrumb","itemListElement":[{"@type":"ListItem","position":1,"name":"Hem","item":"https:\/\/stilanddesign.se\/"},{"@type":"ListItem","position":2,"name":"Butiken","item":"https:\/\/stilanddesign.se\/butiken\/"},{"@type":"ListItem","position":3,"name":"\u2728 Snygga byxor fr\u00e5n Zabaione \u2013 stil &#038; komfort i perfekt balans"}]},{"@type":"WebSite","@id":"https:\/\/stilanddesign.se\/#website","url":"https:\/\/stilanddesign.se\/","name":"Style &amp; Design","description":"For those of us who love fashion!","publisher":{"@id":"https:\/\/stilanddesign.se\/#organization"},"potentialAction":[{"@type":"SearchAction","target":{"@type":"EntryPoint","urlTemplate":"https:\/\/stilanddesign.se\/?s={search_term_string}"},"query-input":{"@type":"PropertyValueSpecification","valueRequired":true,"valueName":"search_term_string"}}],"inLanguage":"en-US"},{"@type":"Organization","@id":"https:\/\/stilanddesign.se\/#organization","name":"Style &amp; Design","url":"https:\/\/stilanddesign.se\/","logo":{"@type":"ImageObject","inLanguage":"en-US","@id":"https:\/\/stilanddesign.se\/#\/schema\/logo\/image\/","url":"https:\/\/stilanddesign.se\/wp-content\/uploads\/2023\/12\/output-onlinepngtools-e1727784413220.png","contentUrl":"https:\/\/stilanddesign.se\/wp-content\/uploads\/2023\/12\/output-onlinepngtools-e1727784413220.png","width":519,"height":135,"caption":"Stil &amp; Design"},"image":{"@id":"https:\/\/stilanddesign.se\/#\/schema\/logo\/image\/"}}]}},"_links":{"self":[{"href":"https:\/\/stilanddesign.se\/en\/wp-json\/wp\/v2\/product\/1070798","targetHints":{"allow":["GET"]}}],"collection":[{"href":"https:\/\/stilanddesign.se\/en\/wp-json\/wp\/v2\/product"}],"about":[{"href":"https:\/\/stilanddesign.se\/en\/wp-json\/wp\/v2\/types\/product"}],"replies":[{"embeddable":true,"href":"https:\/\/stilanddesign.se\/en\/wp-json\/wp\/v2\/comments?post=1070798"}],"wp:featuredmedia":[{"embeddable":true,"href":"https:\/\/stilanddesign.se\/en\/wp-json\/wp\/v2\/media\/1070807"}],"wp:attachment":[{"href":"https:\/\/stilanddesign.se\/en\/wp-json\/wp\/v2\/media?parent=1070798"}],"wp:term":[{"taxonomy":"product_brand","embeddable":true,"href":"https:\/\/stilanddesign.se\/en\/wp-json\/wp\/v2\/product_brand?post=1070798"},{"taxonomy":"product_cat","embeddable":true,"href":"https:\/\/stilanddesign.se\/en\/wp-json\/wp\/v2\/product_cat?post=1070798"},{"taxonomy":"product_tag","embeddable":true,"href":"https:\/\/stilanddesign.se\/en\/wp-json\/wp\/v2\/product_tag?post=1070798"}],"curies":[{"name":"wp","href":"https:\/\/api.w.org\/{rel}","templated":true}]}}