{"id":1070750,"date":"2026-03-24T14:59:49","date_gmt":"2026-03-24T13:59:49","guid":{"rendered":"https:\/\/stilanddesign.se\/?post_type=product&#038;p=1070750"},"modified":"2026-04-28T13:00:56","modified_gmt":"2026-04-28T11:00:56","slug":"%f0%9f%96%a4%e2%9c%a8-stilren-jacka-fran-zabaione-%e2%9c%a8%f0%9f%96%a4","status":"publish","type":"product","link":"https:\/\/stilanddesign.se\/en\/product\/%f0%9f%96%a4%e2%9c%a8-stilren-jacka-fran-zabaione-%e2%9c%a8%f0%9f%96%a4\/","title":{"rendered":"\ud83d\udda4\u2728 Stylish jacket from Zabaione \u2728\ud83d\udda4"},"content":{"rendered":"<p data-start=\"62\" data-end=\"103\">\ud83d\udda4\u2728 <strong data-start=\"66\" data-end=\"97\">Stylish jacket from Zabaione<\/strong> \u2728\ud83d\udda4<\/p>\n<p data-start=\"105\" data-end=\"305\">An elegant and modern jacket in classic black - a real must-have in your wardrobe \ud83d\ude0d<br data-start=\"186\" data-end=\"189\" \/>The shorter model together with the wide sleeves gives a trendy silhouette that lifts any outfit \ud83d\udda4<\/p>\n<p data-start=\"307\" data-end=\"430\">The minimalist design with large buttons at the front gives a sophisticated look - perfect for both everyday wear and parties \u2728<\/p>\n<p data-start=\"432\" data-end=\"510\">Throw it over a dress, top or shirt and you&#039;re ready in no time \ud83d\udcab<\/p>\n<p data-start=\"512\" data-end=\"673\">\u2728 <strong data-start=\"514\" data-end=\"527\">Details:<\/strong><br data-start=\"527\" data-end=\"530\" \/>\ud83d\udda4 Short, modern model<br data-start=\"552\" data-end=\"555\" \/>\ud83d\udda4 Wide sleeves for a trendy look<br data-start=\"585\" data-end=\"588\" \/>\ud83d\udda4 Button closure at the front<br data-start=\"609\" data-end=\"612\" \/>\ud83d\udda4 Stylish and timeless design<br data-start=\"640\" data-end=\"643\" \/>\ud83d\udda4 Easy to match with everything<\/p>\n<p data-start=\"675\" data-end=\"766\">\ud83e\uddf5 <strong data-start=\"678\" data-end=\"691\">Material:<\/strong> 95% polyester, 5% elastane<br data-start=\"717\" data-end=\"720\" \/>\ud83d\udccf <strong data-start=\"723\" data-end=\"735\">Size:<\/strong> S\u2013XXL<br data-start=\"741\" data-end=\"744\" \/>\ud83e\udee7 <strong data-start=\"747\" data-end=\"760\">Washing instructions:<\/strong> 30\u00b0<\/p>\n<p data-start=\"768\" data-end=\"844\">A real one <strong data-start=\"778\" data-end=\"793\">power jacket<\/strong> that works all year round and always feels right \ud83d\ude0d\ud83d\udda4\u2728<\/p>","protected":false},"excerpt":{"rendered":"<p data-start=\"62\" data-end=\"103\">\ud83d\udda4\u2728 <strong data-start=\"66\" data-end=\"97\">Stylish jacket from Zabaione<\/strong> \u2728\ud83d\udda4<\/p>\n<p data-start=\"105\" data-end=\"305\">An elegant and modern jacket in classic black - a real must-have in your wardrobe \ud83d\ude0d<br data-start=\"186\" data-end=\"189\" \/>The shorter model together with the wide sleeves gives a trendy silhouette that lifts any outfit \ud83d\udda4<\/p>\n<p data-start=\"307\" data-end=\"430\">The minimalist design with large buttons at the front gives a sophisticated look - perfect for both everyday wear and parties \u2728<\/p>\n<p data-start=\"432\" data-end=\"510\">Throw it over a dress, top or shirt and you&#039;re ready in no time \ud83d\udcab<\/p>\n<p data-start=\"512\" data-end=\"673\">\u2728 <strong data-start=\"514\" data-end=\"527\">Details:<\/strong><br data-start=\"527\" data-end=\"530\" \/>\ud83d\udda4 Short, modern model<br data-start=\"552\" data-end=\"555\" \/>\ud83d\udda4 Wide sleeves for a trendy look<br data-start=\"585\" data-end=\"588\" \/>\ud83d\udda4 Button closure at the front<br data-start=\"609\" data-end=\"612\" \/>\ud83d\udda4 Stylish and timeless design<br data-start=\"640\" data-end=\"643\" \/>\ud83d\udda4 Easy to match with everything<\/p>\n<p data-start=\"675\" data-end=\"766\">\ud83e\uddf5 <strong data-start=\"678\" data-end=\"691\">Material:<\/strong> 95% polyester, 5% elastane<br data-start=\"717\" data-end=\"720\" \/>\ud83d\udccf <strong data-start=\"723\" data-end=\"735\">Size:<\/strong> S\u2013XXL<br data-start=\"741\" data-end=\"744\" \/>\ud83e\udee7 <strong data-start=\"747\" data-end=\"760\">Washing instructions:<\/strong> 30\u00b0<\/p>\n<p data-start=\"768\" data-end=\"844\">A real one <strong data-start=\"778\" data-end=\"793\">power jacket<\/strong> that works all year round and always feels right \ud83d\ude0d\ud83d\udda4\u2728<\/p>","protected":false},"featured_media":1070758,"comment_status":"closed","ping_status":"closed","template":"","meta":[],"product_brand":[],"product_cat":[216],"product_tag":[],"class_list":{"0":"post-1070750","1":"product","2":"type-product","3":"status-publish","4":"has-post-thumbnail","6":"product_cat-jackor","8":"first","9":"instock","10":"taxable","11":"shipping-taxable","12":"purchasable","13":"product-type-variable"},"yoast_head":"<!-- This site is optimized with the Yoast SEO Premium plugin v27.4 (Yoast SEO v27.6) - https:\/\/yoast.com\/product\/yoast-seo-premium-wordpress\/ -->\n<title>\ud83d\udda4\u2728 Stilren jacka fr\u00e5n Zabaione \u2728\ud83d\udda4 - Stil &amp; Design<\/title>\n<meta name=\"robots\" content=\"index, follow, max-snippet:-1, max-image-preview:large, max-video-preview:-1\" \/>\n<link rel=\"canonical\" href=\"https:\/\/stilanddesign.se\/en\/product\/\ud83d\udda4\u2728-stilren-jacka-fran-zabaione-\u2728\ud83d\udda4\/\" \/>\n<meta property=\"og:locale\" content=\"en_US\" \/>\n<meta property=\"og:type\" content=\"article\" \/>\n<meta property=\"og:title\" content=\"\ud83d\udda4\u2728 Stilren jacka fr\u00e5n Zabaione \u2728\ud83d\udda4\" \/>\n<meta property=\"og:description\" content=\"\ud83d\udda4\u2728 Stilren jacka fr\u00e5n Zabaione \u2728\ud83d\udda4 En elegant och modern jacka i klassiskt svart \u2013 ett riktigt m\u00e5ste i garderoben \ud83d\ude0dDen kortare modellen tillsammans med de vida \u00e4rmarna ger en trendig silhuett som lyfter vilken outfit som helst \ud83d\udda4 Den minimalistiska designen med stora knappar framtill ger ett sofistikerat uttryck \u2013 perfekt b\u00e5de till vardag och fest \u2728 Sl\u00e4ng den \u00f6ver en kl\u00e4nning, topp eller skjorta och du \u00e4r redo p\u00e5 sekunden \ud83d\udcab \u2728 Detaljer:\ud83d\udda4 Kort, modern modell\ud83d\udda4 Vida \u00e4rmar f\u00f6r trendig look\ud83d\udda4 Kn\u00e4ppning framtill\ud83d\udda4 Stilren och tidl\u00f6s design\ud83d\udda4 L\u00e4tt att matcha till allt \ud83e\uddf5 Material: 95% polyester, 5% elastan\ud83d\udccf Storlek: S\u2013XXL\ud83e\udee7 Tv\u00e4ttr\u00e5d: 30\u00b0 En riktig power-jacka som funkar \u00e5ret runt och alltid k\u00e4nns r\u00e4tt \ud83d\ude0d\ud83d\udda4\u2728\" \/>\n<meta property=\"og:url\" content=\"https:\/\/stilanddesign.se\/en\/product\/\ud83d\udda4\u2728-stilren-jacka-fran-zabaione-\u2728\ud83d\udda4\/\" \/>\n<meta property=\"og:site_name\" content=\"Stil &amp; Design\" \/>\n<meta property=\"article:modified_time\" content=\"2026-04-28T11:00:56+00:00\" \/>\n<meta property=\"og:image\" content=\"https:\/\/stilanddesign.se\/wp-content\/uploads\/2026\/03\/4070709096419_1.jpg\" \/>\n\t<meta property=\"og:image:width\" content=\"889\" \/>\n\t<meta property=\"og:image:height\" content=\"1280\" \/>\n\t<meta property=\"og:image:type\" content=\"image\/jpeg\" \/>\n<meta name=\"twitter:card\" content=\"summary_large_image\" \/>\n<meta name=\"twitter:label1\" content=\"Est. reading time\" \/>\n\t<meta name=\"twitter:data1\" content=\"1 minute\" \/>\n<script type=\"application\/ld+json\" class=\"yoast-schema-graph\">{\"@context\":\"https:\\\/\\\/schema.org\",\"@graph\":[{\"@type\":\"WebPage\",\"@id\":\"https:\\\/\\\/stilanddesign.se\\\/produkt\\\/%f0%9f%96%a4%e2%9c%a8-stilren-jacka-fran-zabaione-%e2%9c%a8%f0%9f%96%a4\\\/\",\"url\":\"https:\\\/\\\/stilanddesign.se\\\/produkt\\\/%f0%9f%96%a4%e2%9c%a8-stilren-jacka-fran-zabaione-%e2%9c%a8%f0%9f%96%a4\\\/\",\"name\":\"\ud83d\udda4\u2728 Stilren jacka fr\u00e5n Zabaione \u2728\ud83d\udda4 - Stil &amp; Design\",\"isPartOf\":{\"@id\":\"https:\\\/\\\/stilanddesign.se\\\/#website\"},\"primaryImageOfPage\":{\"@id\":\"https:\\\/\\\/stilanddesign.se\\\/produkt\\\/%f0%9f%96%a4%e2%9c%a8-stilren-jacka-fran-zabaione-%e2%9c%a8%f0%9f%96%a4\\\/#primaryimage\"},\"image\":{\"@id\":\"https:\\\/\\\/stilanddesign.se\\\/produkt\\\/%f0%9f%96%a4%e2%9c%a8-stilren-jacka-fran-zabaione-%e2%9c%a8%f0%9f%96%a4\\\/#primaryimage\"},\"thumbnailUrl\":\"https:\\\/\\\/stilanddesign.se\\\/wp-content\\\/uploads\\\/2026\\\/03\\\/4070709096419_1.jpg\",\"datePublished\":\"2026-03-24T13:59:49+00:00\",\"dateModified\":\"2026-04-28T11:00:56+00:00\",\"breadcrumb\":{\"@id\":\"https:\\\/\\\/stilanddesign.se\\\/produkt\\\/%f0%9f%96%a4%e2%9c%a8-stilren-jacka-fran-zabaione-%e2%9c%a8%f0%9f%96%a4\\\/#breadcrumb\"},\"inLanguage\":\"en-US\",\"potentialAction\":[{\"@type\":\"ReadAction\",\"target\":[\"https:\\\/\\\/stilanddesign.se\\\/produkt\\\/%f0%9f%96%a4%e2%9c%a8-stilren-jacka-fran-zabaione-%e2%9c%a8%f0%9f%96%a4\\\/\"]}]},{\"@type\":\"ImageObject\",\"inLanguage\":\"en-US\",\"@id\":\"https:\\\/\\\/stilanddesign.se\\\/produkt\\\/%f0%9f%96%a4%e2%9c%a8-stilren-jacka-fran-zabaione-%e2%9c%a8%f0%9f%96%a4\\\/#primaryimage\",\"url\":\"https:\\\/\\\/stilanddesign.se\\\/wp-content\\\/uploads\\\/2026\\\/03\\\/4070709096419_1.jpg\",\"contentUrl\":\"https:\\\/\\\/stilanddesign.se\\\/wp-content\\\/uploads\\\/2026\\\/03\\\/4070709096419_1.jpg\",\"width\":889,\"height\":1280},{\"@type\":\"BreadcrumbList\",\"@id\":\"https:\\\/\\\/stilanddesign.se\\\/produkt\\\/%f0%9f%96%a4%e2%9c%a8-stilren-jacka-fran-zabaione-%e2%9c%a8%f0%9f%96%a4\\\/#breadcrumb\",\"itemListElement\":[{\"@type\":\"ListItem\",\"position\":1,\"name\":\"Hem\",\"item\":\"https:\\\/\\\/stilanddesign.se\\\/\"},{\"@type\":\"ListItem\",\"position\":2,\"name\":\"Butiken\",\"item\":\"https:\\\/\\\/stilanddesign.se\\\/butiken\\\/\"},{\"@type\":\"ListItem\",\"position\":3,\"name\":\"\ud83d\udda4\u2728 Stilren jacka fr\u00e5n Zabaione \u2728\ud83d\udda4\"}]},{\"@type\":\"WebSite\",\"@id\":\"https:\\\/\\\/stilanddesign.se\\\/#website\",\"url\":\"https:\\\/\\\/stilanddesign.se\\\/\",\"name\":\"Stil &amp; Design\",\"description\":\"F\u00f6r oss som \u00e4lskar mode!\",\"publisher\":{\"@id\":\"https:\\\/\\\/stilanddesign.se\\\/#organization\"},\"potentialAction\":[{\"@type\":\"SearchAction\",\"target\":{\"@type\":\"EntryPoint\",\"urlTemplate\":\"https:\\\/\\\/stilanddesign.se\\\/?s={search_term_string}\"},\"query-input\":{\"@type\":\"PropertyValueSpecification\",\"valueRequired\":true,\"valueName\":\"search_term_string\"}}],\"inLanguage\":\"en-US\"},{\"@type\":\"Organization\",\"@id\":\"https:\\\/\\\/stilanddesign.se\\\/#organization\",\"name\":\"Stil &amp; Design\",\"url\":\"https:\\\/\\\/stilanddesign.se\\\/\",\"logo\":{\"@type\":\"ImageObject\",\"inLanguage\":\"en-US\",\"@id\":\"https:\\\/\\\/stilanddesign.se\\\/#\\\/schema\\\/logo\\\/image\\\/\",\"url\":\"https:\\\/\\\/stilanddesign.se\\\/wp-content\\\/uploads\\\/2023\\\/12\\\/output-onlinepngtools-e1727784413220.png\",\"contentUrl\":\"https:\\\/\\\/stilanddesign.se\\\/wp-content\\\/uploads\\\/2023\\\/12\\\/output-onlinepngtools-e1727784413220.png\",\"width\":519,\"height\":135,\"caption\":\"Stil &amp; Design\"},\"image\":{\"@id\":\"https:\\\/\\\/stilanddesign.se\\\/#\\\/schema\\\/logo\\\/image\\\/\"}}]}<\/script>\n<!-- \/ Yoast SEO Premium plugin. -->","yoast_head_json":{"title":"\ud83d\udda4\u2728 Stilren jacka fr\u00e5n Zabaione \u2728\ud83d\udda4 - Stil &amp; Design","robots":{"index":"index","follow":"follow","max-snippet":"max-snippet:-1","max-image-preview":"max-image-preview:large","max-video-preview":"max-video-preview:-1"},"canonical":"https:\/\/stilanddesign.se\/en\/product\/\ud83d\udda4\u2728-stilren-jacka-fran-zabaione-\u2728\ud83d\udda4\/","og_locale":"en_US","og_type":"article","og_title":"\ud83d\udda4\u2728 Stilren jacka fr\u00e5n Zabaione \u2728\ud83d\udda4","og_description":"\ud83d\udda4\u2728 Stilren jacka fr\u00e5n Zabaione \u2728\ud83d\udda4 En elegant och modern jacka i klassiskt svart \u2013 ett riktigt m\u00e5ste i garderoben \ud83d\ude0dDen kortare modellen tillsammans med de vida \u00e4rmarna ger en trendig silhuett som lyfter vilken outfit som helst \ud83d\udda4 Den minimalistiska designen med stora knappar framtill ger ett sofistikerat uttryck \u2013 perfekt b\u00e5de till vardag och fest \u2728 Sl\u00e4ng den \u00f6ver en kl\u00e4nning, topp eller skjorta och du \u00e4r redo p\u00e5 sekunden \ud83d\udcab \u2728 Detaljer:\ud83d\udda4 Kort, modern modell\ud83d\udda4 Vida \u00e4rmar f\u00f6r trendig look\ud83d\udda4 Kn\u00e4ppning framtill\ud83d\udda4 Stilren och tidl\u00f6s design\ud83d\udda4 L\u00e4tt att matcha till allt \ud83e\uddf5 Material: 95% polyester, 5% elastan\ud83d\udccf Storlek: S\u2013XXL\ud83e\udee7 Tv\u00e4ttr\u00e5d: 30\u00b0 En riktig power-jacka som funkar \u00e5ret runt och alltid k\u00e4nns r\u00e4tt \ud83d\ude0d\ud83d\udda4\u2728","og_url":"https:\/\/stilanddesign.se\/en\/product\/\ud83d\udda4\u2728-stilren-jacka-fran-zabaione-\u2728\ud83d\udda4\/","og_site_name":"Stil &amp; Design","article_modified_time":"2026-04-28T11:00:56+00:00","og_image":[{"width":889,"height":1280,"url":"https:\/\/stilanddesign.se\/wp-content\/uploads\/2026\/03\/4070709096419_1.jpg","type":"image\/jpeg"}],"twitter_card":"summary_large_image","twitter_misc":{"Est. reading time":"1 minute"},"schema":{"@context":"https:\/\/schema.org","@graph":[{"@type":"WebPage","@id":"https:\/\/stilanddesign.se\/produkt\/%f0%9f%96%a4%e2%9c%a8-stilren-jacka-fran-zabaione-%e2%9c%a8%f0%9f%96%a4\/","url":"https:\/\/stilanddesign.se\/produkt\/%f0%9f%96%a4%e2%9c%a8-stilren-jacka-fran-zabaione-%e2%9c%a8%f0%9f%96%a4\/","name":"\ud83d\udda4\u2728 Stilren jacka fr\u00e5n Zabaione \u2728\ud83d\udda4 - Stil &amp; Design","isPartOf":{"@id":"https:\/\/stilanddesign.se\/#website"},"primaryImageOfPage":{"@id":"https:\/\/stilanddesign.se\/produkt\/%f0%9f%96%a4%e2%9c%a8-stilren-jacka-fran-zabaione-%e2%9c%a8%f0%9f%96%a4\/#primaryimage"},"image":{"@id":"https:\/\/stilanddesign.se\/produkt\/%f0%9f%96%a4%e2%9c%a8-stilren-jacka-fran-zabaione-%e2%9c%a8%f0%9f%96%a4\/#primaryimage"},"thumbnailUrl":"https:\/\/stilanddesign.se\/wp-content\/uploads\/2026\/03\/4070709096419_1.jpg","datePublished":"2026-03-24T13:59:49+00:00","dateModified":"2026-04-28T11:00:56+00:00","breadcrumb":{"@id":"https:\/\/stilanddesign.se\/produkt\/%f0%9f%96%a4%e2%9c%a8-stilren-jacka-fran-zabaione-%e2%9c%a8%f0%9f%96%a4\/#breadcrumb"},"inLanguage":"en-US","potentialAction":[{"@type":"ReadAction","target":["https:\/\/stilanddesign.se\/produkt\/%f0%9f%96%a4%e2%9c%a8-stilren-jacka-fran-zabaione-%e2%9c%a8%f0%9f%96%a4\/"]}]},{"@type":"ImageObject","inLanguage":"en-US","@id":"https:\/\/stilanddesign.se\/produkt\/%f0%9f%96%a4%e2%9c%a8-stilren-jacka-fran-zabaione-%e2%9c%a8%f0%9f%96%a4\/#primaryimage","url":"https:\/\/stilanddesign.se\/wp-content\/uploads\/2026\/03\/4070709096419_1.jpg","contentUrl":"https:\/\/stilanddesign.se\/wp-content\/uploads\/2026\/03\/4070709096419_1.jpg","width":889,"height":1280},{"@type":"BreadcrumbList","@id":"https:\/\/stilanddesign.se\/produkt\/%f0%9f%96%a4%e2%9c%a8-stilren-jacka-fran-zabaione-%e2%9c%a8%f0%9f%96%a4\/#breadcrumb","itemListElement":[{"@type":"ListItem","position":1,"name":"Hem","item":"https:\/\/stilanddesign.se\/"},{"@type":"ListItem","position":2,"name":"Butiken","item":"https:\/\/stilanddesign.se\/butiken\/"},{"@type":"ListItem","position":3,"name":"\ud83d\udda4\u2728 Stilren jacka fr\u00e5n Zabaione \u2728\ud83d\udda4"}]},{"@type":"WebSite","@id":"https:\/\/stilanddesign.se\/#website","url":"https:\/\/stilanddesign.se\/","name":"Style &amp; Design","description":"For those of us who love fashion!","publisher":{"@id":"https:\/\/stilanddesign.se\/#organization"},"potentialAction":[{"@type":"SearchAction","target":{"@type":"EntryPoint","urlTemplate":"https:\/\/stilanddesign.se\/?s={search_term_string}"},"query-input":{"@type":"PropertyValueSpecification","valueRequired":true,"valueName":"search_term_string"}}],"inLanguage":"en-US"},{"@type":"Organization","@id":"https:\/\/stilanddesign.se\/#organization","name":"Style &amp; Design","url":"https:\/\/stilanddesign.se\/","logo":{"@type":"ImageObject","inLanguage":"en-US","@id":"https:\/\/stilanddesign.se\/#\/schema\/logo\/image\/","url":"https:\/\/stilanddesign.se\/wp-content\/uploads\/2023\/12\/output-onlinepngtools-e1727784413220.png","contentUrl":"https:\/\/stilanddesign.se\/wp-content\/uploads\/2023\/12\/output-onlinepngtools-e1727784413220.png","width":519,"height":135,"caption":"Stil &amp; Design"},"image":{"@id":"https:\/\/stilanddesign.se\/#\/schema\/logo\/image\/"}}]}},"_links":{"self":[{"href":"https:\/\/stilanddesign.se\/en\/wp-json\/wp\/v2\/product\/1070750","targetHints":{"allow":["GET"]}}],"collection":[{"href":"https:\/\/stilanddesign.se\/en\/wp-json\/wp\/v2\/product"}],"about":[{"href":"https:\/\/stilanddesign.se\/en\/wp-json\/wp\/v2\/types\/product"}],"replies":[{"embeddable":true,"href":"https:\/\/stilanddesign.se\/en\/wp-json\/wp\/v2\/comments?post=1070750"}],"wp:featuredmedia":[{"embeddable":true,"href":"https:\/\/stilanddesign.se\/en\/wp-json\/wp\/v2\/media\/1070758"}],"wp:attachment":[{"href":"https:\/\/stilanddesign.se\/en\/wp-json\/wp\/v2\/media?parent=1070750"}],"wp:term":[{"taxonomy":"product_brand","embeddable":true,"href":"https:\/\/stilanddesign.se\/en\/wp-json\/wp\/v2\/product_brand?post=1070750"},{"taxonomy":"product_cat","embeddable":true,"href":"https:\/\/stilanddesign.se\/en\/wp-json\/wp\/v2\/product_cat?post=1070750"},{"taxonomy":"product_tag","embeddable":true,"href":"https:\/\/stilanddesign.se\/en\/wp-json\/wp\/v2\/product_tag?post=1070750"}],"curies":[{"name":"wp","href":"https:\/\/api.w.org\/{rel}","templated":true}]}}