{"id":1070741,"date":"2026-04-30T10:32:16","date_gmt":"2026-04-30T08:32:16","guid":{"rendered":"https:\/\/stilanddesign.se\/?post_type=product&#038;p=1070741"},"modified":"2026-04-30T11:36:50","modified_gmt":"2026-04-30T09:36:50","slug":"romantiskt-topp-med-broderi-frzabaione-i-rosa","status":"publish","type":"product","link":"https:\/\/stilanddesign.se\/en\/product\/romantiskt-topp-med-broderi-frzabaione-i-rosa\/","title":{"rendered":"Romantic top with embroidery from Zabaione in pink"},"content":{"rendered":"<p data-start=\"0\" data-end=\"50\">\u2728 <strong data-start=\"2\" data-end=\"46\">Romantic Top with Embroidery from Zabaione<\/strong> \u2728<\/p>\n<p data-start=\"52\" data-end=\"244\">A <strong data-start=\"55\" data-end=\"82\">airy and feminine top<\/strong> in soft cotton with beautiful embroidered details that give the garment an elegant and summery feel. Perfect for both everyday wear and when you want to feel a little extra nice! \ud83c\udf3f<\/p>\n<p data-start=\"246\" data-end=\"403\">\ud83d\udcab <strong data-start=\"249\" data-end=\"262\">Details:<\/strong><br data-start=\"262\" data-end=\"265\" \/>\u2728 Beautiful embroidered pattern on the front<br data-start=\"300\" data-end=\"303\" \/>\ud83d\udc5a Round neckline<br data-start=\"323\" data-end=\"326\" \/>\ud83c\udf38 Short sleeve with relaxed fit<br data-start=\"361\" data-end=\"364\" \/>\ud83d\udc4c Longer at the back for a nice fit<\/p>\n<p data-start=\"405\" data-end=\"493\">Simply match it with <strong data-start=\"427\" data-end=\"459\">jeans, linen pants or skirt<\/strong> for a stylish and comfortable look.<\/p>\n<p data-start=\"495\" data-end=\"638\">\ud83c\udfa8 <strong data-start=\"498\" data-end=\"509\">Colors:<\/strong> White, Beige and Green pink<br data-start=\"529\" data-end=\"532\" \/>\ud83d\udccf <strong data-start=\"535\" data-end=\"549\">Sizes:<\/strong> S\u2013XXL<br data-start=\"557\" data-end=\"560\" \/>\ud83e\uddf5 <strong data-start=\"563\" data-end=\"576\">Material:<\/strong> 100% cotton<br data-start=\"588\" data-end=\"591\" \/>\ud83e\uddfa <strong data-start=\"594\" data-end=\"607\">Washing instructions:<\/strong> 30\u00b0<br data-start=\"611\" data-end=\"614\" \/>\ud83c\udff7 <strong data-start=\"617\" data-end=\"627\">Make:<\/strong> Zabaione<\/p>\n<p data-start=\"640\" data-end=\"720\" data-is-last-node=\"\" data-is-only-node=\"\">\ud83d\udc96 One <strong data-start=\"646\" data-end=\"672\">cool and stylish top<\/strong> which goes perfectly with all the outfits of the season!<\/p>","protected":false},"excerpt":{"rendered":"<p data-start=\"0\" data-end=\"50\">\u2728 <strong data-start=\"2\" data-end=\"46\">Romantic Top with Embroidery from Zabaione<\/strong> \u2728<\/p>\n<p data-start=\"52\" data-end=\"244\">A <strong data-start=\"55\" data-end=\"82\">airy and feminine top<\/strong> in soft cotton with beautiful embroidered details that give the garment an elegant and summery feel. Perfect for both everyday wear and when you want to feel a little extra nice! \ud83c\udf3f<\/p>\n<p data-start=\"246\" data-end=\"403\">\ud83d\udcab <strong data-start=\"249\" data-end=\"262\">Details:<\/strong><br data-start=\"262\" data-end=\"265\" \/>\u2728 Beautiful embroidered pattern on the front<br data-start=\"300\" data-end=\"303\" \/>\ud83d\udc5a Round neckline<br data-start=\"323\" data-end=\"326\" \/>\ud83c\udf38 Short sleeve with relaxed fit<br data-start=\"361\" data-end=\"364\" \/>\ud83d\udc4c Longer at the back for a nice fit<\/p>\n<p data-start=\"405\" data-end=\"493\">Simply match it with <strong data-start=\"427\" data-end=\"459\">jeans, linen pants or skirt<\/strong> for a stylish and comfortable look.<\/p>\n<p data-start=\"495\" data-end=\"638\">\ud83c\udfa8 <strong data-start=\"498\" data-end=\"509\">Colors:<\/strong> White, Beige and Green pink<br data-start=\"529\" data-end=\"532\" \/>\ud83d\udccf <strong data-start=\"535\" data-end=\"549\">Sizes:<\/strong> S\u2013XXL<br data-start=\"557\" data-end=\"560\" \/>\ud83e\uddf5 <strong data-start=\"563\" data-end=\"576\">Material:<\/strong> 100% cotton<br data-start=\"588\" data-end=\"591\" \/>\ud83e\uddfa <strong data-start=\"594\" data-end=\"607\">Washing instructions:<\/strong> 30\u00b0<br data-start=\"611\" data-end=\"614\" \/>\ud83c\udff7 <strong data-start=\"617\" data-end=\"627\">Make:<\/strong> Zabaione<\/p>\n<p data-start=\"640\" data-end=\"720\" data-is-last-node=\"\" data-is-only-node=\"\">\ud83d\udc96 One <strong data-start=\"646\" data-end=\"672\">cool and stylish top<\/strong> which goes perfectly with all the outfits of the season!<\/p>","protected":false},"featured_media":1070733,"comment_status":"closed","ping_status":"closed","template":"","meta":[],"product_brand":[],"product_cat":[209],"product_tag":[],"class_list":{"0":"post-1070741","1":"product","2":"type-product","3":"status-publish","4":"has-post-thumbnail","6":"product_cat-reaprodukter","8":"first","9":"outofstock","10":"taxable","11":"shipping-taxable","12":"product-type-variable"},"yoast_head":"<!-- This site is optimized with the Yoast SEO Premium plugin v27.4 (Yoast SEO v27.5) - https:\/\/yoast.com\/product\/yoast-seo-premium-wordpress\/ -->\n<title>Romantiskt topp med broderi fr,Zabaione i rosa - Stil &amp; Design<\/title>\n<meta name=\"robots\" content=\"index, follow, max-snippet:-1, max-image-preview:large, max-video-preview:-1\" \/>\n<link rel=\"canonical\" href=\"https:\/\/stilanddesign.se\/en\/product\/romantiskt-topp-med-broderi-frzabaione-i-rosa\/\" \/>\n<meta property=\"og:locale\" content=\"en_US\" \/>\n<meta property=\"og:type\" content=\"article\" \/>\n<meta property=\"og:title\" content=\"Romantiskt topp med broderi fr,Zabaione i rosa\" \/>\n<meta property=\"og:description\" content=\"\u2728 Romantisk Topp med Broderi fr\u00e5n Zabaione \u2728 En luftig och feminin topp i mjuk bomull med vackra broderade detaljer som ger plagget en elegant och somrig k\u00e4nsla. Perfekt b\u00e5de till vardag och n\u00e4r du vill k\u00e4nna dig lite extra fin! \ud83c\udf3f \ud83d\udcab Detaljer:\u2728 Vackert broderat m\u00f6nster framtill\ud83d\udc5a Rund halsringning\ud83c\udf38 Kort \u00e4rm med avslappnad passform\ud83d\udc4c L\u00e4ngre baktill f\u00f6r ett snyggt fall Matcha den enkelt med jeans, linnebyxor eller kjol f\u00f6r en stilren och bekv\u00e4m look. \ud83c\udfa8 F\u00e4rger: Vit, Beige och Gr\u00f6n rosa\ud83d\udccf Storlekar: S \u2013 XXL\ud83e\uddf5 Material: 100% bomull\ud83e\uddfa Tv\u00e4ttr\u00e5d: 30\u00b0\ud83c\udff7 M\u00e4rke: Zabaione \ud83d\udc96 En sval och stilfull topp som passar perfekt till s\u00e4songens alla outfits!\" \/>\n<meta property=\"og:url\" content=\"https:\/\/stilanddesign.se\/en\/product\/romantiskt-topp-med-broderi-frzabaione-i-rosa\/\" \/>\n<meta property=\"og:site_name\" content=\"Stil &amp; Design\" \/>\n<meta property=\"article:modified_time\" content=\"2026-04-30T09:36:50+00:00\" \/>\n<meta property=\"og:image\" content=\"https:\/\/stilanddesign.se\/wp-content\/uploads\/2026\/03\/88787656666.jpeg\" \/>\n\t<meta property=\"og:image:width\" content=\"1036\" \/>\n\t<meta property=\"og:image:height\" content=\"1471\" \/>\n\t<meta property=\"og:image:type\" content=\"image\/jpeg\" \/>\n<meta name=\"twitter:card\" content=\"summary_large_image\" \/>\n<meta name=\"twitter:label1\" content=\"Est. reading time\" \/>\n\t<meta name=\"twitter:data1\" content=\"1 minute\" \/>\n<script type=\"application\/ld+json\" class=\"yoast-schema-graph\">{\"@context\":\"https:\\\/\\\/schema.org\",\"@graph\":[{\"@type\":\"WebPage\",\"@id\":\"https:\\\/\\\/stilanddesign.se\\\/produkt\\\/romantiskt-topp-med-broderi-frzabaione-i-rosa\\\/\",\"url\":\"https:\\\/\\\/stilanddesign.se\\\/produkt\\\/romantiskt-topp-med-broderi-frzabaione-i-rosa\\\/\",\"name\":\"Romantiskt topp med broderi fr,Zabaione i rosa - Stil &amp; Design\",\"isPartOf\":{\"@id\":\"https:\\\/\\\/stilanddesign.se\\\/#website\"},\"primaryImageOfPage\":{\"@id\":\"https:\\\/\\\/stilanddesign.se\\\/produkt\\\/romantiskt-topp-med-broderi-frzabaione-i-rosa\\\/#primaryimage\"},\"image\":{\"@id\":\"https:\\\/\\\/stilanddesign.se\\\/produkt\\\/romantiskt-topp-med-broderi-frzabaione-i-rosa\\\/#primaryimage\"},\"thumbnailUrl\":\"https:\\\/\\\/stilanddesign.se\\\/wp-content\\\/uploads\\\/2026\\\/03\\\/88787656666.jpeg\",\"datePublished\":\"2026-04-30T08:32:16+00:00\",\"dateModified\":\"2026-04-30T09:36:50+00:00\",\"breadcrumb\":{\"@id\":\"https:\\\/\\\/stilanddesign.se\\\/produkt\\\/romantiskt-topp-med-broderi-frzabaione-i-rosa\\\/#breadcrumb\"},\"inLanguage\":\"en-US\",\"potentialAction\":[{\"@type\":\"ReadAction\",\"target\":[\"https:\\\/\\\/stilanddesign.se\\\/produkt\\\/romantiskt-topp-med-broderi-frzabaione-i-rosa\\\/\"]}]},{\"@type\":\"ImageObject\",\"inLanguage\":\"en-US\",\"@id\":\"https:\\\/\\\/stilanddesign.se\\\/produkt\\\/romantiskt-topp-med-broderi-frzabaione-i-rosa\\\/#primaryimage\",\"url\":\"https:\\\/\\\/stilanddesign.se\\\/wp-content\\\/uploads\\\/2026\\\/03\\\/88787656666.jpeg\",\"contentUrl\":\"https:\\\/\\\/stilanddesign.se\\\/wp-content\\\/uploads\\\/2026\\\/03\\\/88787656666.jpeg\",\"width\":1036,\"height\":1471,\"caption\":\"Screenshot\"},{\"@type\":\"BreadcrumbList\",\"@id\":\"https:\\\/\\\/stilanddesign.se\\\/produkt\\\/romantiskt-topp-med-broderi-frzabaione-i-rosa\\\/#breadcrumb\",\"itemListElement\":[{\"@type\":\"ListItem\",\"position\":1,\"name\":\"Hem\",\"item\":\"https:\\\/\\\/stilanddesign.se\\\/\"},{\"@type\":\"ListItem\",\"position\":2,\"name\":\"Butiken\",\"item\":\"https:\\\/\\\/stilanddesign.se\\\/butiken\\\/\"},{\"@type\":\"ListItem\",\"position\":3,\"name\":\"Romantiskt topp med broderi fr,Zabaione i rosa\"}]},{\"@type\":\"WebSite\",\"@id\":\"https:\\\/\\\/stilanddesign.se\\\/#website\",\"url\":\"https:\\\/\\\/stilanddesign.se\\\/\",\"name\":\"Stil &amp; Design\",\"description\":\"F\u00f6r oss som \u00e4lskar mode!\",\"publisher\":{\"@id\":\"https:\\\/\\\/stilanddesign.se\\\/#organization\"},\"potentialAction\":[{\"@type\":\"SearchAction\",\"target\":{\"@type\":\"EntryPoint\",\"urlTemplate\":\"https:\\\/\\\/stilanddesign.se\\\/?s={search_term_string}\"},\"query-input\":{\"@type\":\"PropertyValueSpecification\",\"valueRequired\":true,\"valueName\":\"search_term_string\"}}],\"inLanguage\":\"en-US\"},{\"@type\":\"Organization\",\"@id\":\"https:\\\/\\\/stilanddesign.se\\\/#organization\",\"name\":\"Stil &amp; Design\",\"url\":\"https:\\\/\\\/stilanddesign.se\\\/\",\"logo\":{\"@type\":\"ImageObject\",\"inLanguage\":\"en-US\",\"@id\":\"https:\\\/\\\/stilanddesign.se\\\/#\\\/schema\\\/logo\\\/image\\\/\",\"url\":\"https:\\\/\\\/stilanddesign.se\\\/wp-content\\\/uploads\\\/2023\\\/12\\\/output-onlinepngtools-e1727784413220.png\",\"contentUrl\":\"https:\\\/\\\/stilanddesign.se\\\/wp-content\\\/uploads\\\/2023\\\/12\\\/output-onlinepngtools-e1727784413220.png\",\"width\":519,\"height\":135,\"caption\":\"Stil &amp; Design\"},\"image\":{\"@id\":\"https:\\\/\\\/stilanddesign.se\\\/#\\\/schema\\\/logo\\\/image\\\/\"}}]}<\/script>\n<!-- \/ Yoast SEO Premium plugin. -->","yoast_head_json":{"title":"Romantiskt topp med broderi fr,Zabaione i rosa - Stil &amp; Design","robots":{"index":"index","follow":"follow","max-snippet":"max-snippet:-1","max-image-preview":"max-image-preview:large","max-video-preview":"max-video-preview:-1"},"canonical":"https:\/\/stilanddesign.se\/en\/product\/romantiskt-topp-med-broderi-frzabaione-i-rosa\/","og_locale":"en_US","og_type":"article","og_title":"Romantiskt topp med broderi fr,Zabaione i rosa","og_description":"\u2728 Romantisk Topp med Broderi fr\u00e5n Zabaione \u2728 En luftig och feminin topp i mjuk bomull med vackra broderade detaljer som ger plagget en elegant och somrig k\u00e4nsla. Perfekt b\u00e5de till vardag och n\u00e4r du vill k\u00e4nna dig lite extra fin! \ud83c\udf3f \ud83d\udcab Detaljer:\u2728 Vackert broderat m\u00f6nster framtill\ud83d\udc5a Rund halsringning\ud83c\udf38 Kort \u00e4rm med avslappnad passform\ud83d\udc4c L\u00e4ngre baktill f\u00f6r ett snyggt fall Matcha den enkelt med jeans, linnebyxor eller kjol f\u00f6r en stilren och bekv\u00e4m look. \ud83c\udfa8 F\u00e4rger: Vit, Beige och Gr\u00f6n rosa\ud83d\udccf Storlekar: S \u2013 XXL\ud83e\uddf5 Material: 100% bomull\ud83e\uddfa Tv\u00e4ttr\u00e5d: 30\u00b0\ud83c\udff7 M\u00e4rke: Zabaione \ud83d\udc96 En sval och stilfull topp som passar perfekt till s\u00e4songens alla outfits!","og_url":"https:\/\/stilanddesign.se\/en\/product\/romantiskt-topp-med-broderi-frzabaione-i-rosa\/","og_site_name":"Stil &amp; Design","article_modified_time":"2026-04-30T09:36:50+00:00","og_image":[{"width":1036,"height":1471,"url":"https:\/\/stilanddesign.se\/wp-content\/uploads\/2026\/03\/88787656666.jpeg","type":"image\/jpeg"}],"twitter_card":"summary_large_image","twitter_misc":{"Est. reading time":"1 minute"},"schema":{"@context":"https:\/\/schema.org","@graph":[{"@type":"WebPage","@id":"https:\/\/stilanddesign.se\/produkt\/romantiskt-topp-med-broderi-frzabaione-i-rosa\/","url":"https:\/\/stilanddesign.se\/produkt\/romantiskt-topp-med-broderi-frzabaione-i-rosa\/","name":"Romantiskt topp med broderi fr,Zabaione i rosa - Stil &amp; Design","isPartOf":{"@id":"https:\/\/stilanddesign.se\/#website"},"primaryImageOfPage":{"@id":"https:\/\/stilanddesign.se\/produkt\/romantiskt-topp-med-broderi-frzabaione-i-rosa\/#primaryimage"},"image":{"@id":"https:\/\/stilanddesign.se\/produkt\/romantiskt-topp-med-broderi-frzabaione-i-rosa\/#primaryimage"},"thumbnailUrl":"https:\/\/stilanddesign.se\/wp-content\/uploads\/2026\/03\/88787656666.jpeg","datePublished":"2026-04-30T08:32:16+00:00","dateModified":"2026-04-30T09:36:50+00:00","breadcrumb":{"@id":"https:\/\/stilanddesign.se\/produkt\/romantiskt-topp-med-broderi-frzabaione-i-rosa\/#breadcrumb"},"inLanguage":"en-US","potentialAction":[{"@type":"ReadAction","target":["https:\/\/stilanddesign.se\/produkt\/romantiskt-topp-med-broderi-frzabaione-i-rosa\/"]}]},{"@type":"ImageObject","inLanguage":"en-US","@id":"https:\/\/stilanddesign.se\/produkt\/romantiskt-topp-med-broderi-frzabaione-i-rosa\/#primaryimage","url":"https:\/\/stilanddesign.se\/wp-content\/uploads\/2026\/03\/88787656666.jpeg","contentUrl":"https:\/\/stilanddesign.se\/wp-content\/uploads\/2026\/03\/88787656666.jpeg","width":1036,"height":1471,"caption":"Screenshot"},{"@type":"BreadcrumbList","@id":"https:\/\/stilanddesign.se\/produkt\/romantiskt-topp-med-broderi-frzabaione-i-rosa\/#breadcrumb","itemListElement":[{"@type":"ListItem","position":1,"name":"Hem","item":"https:\/\/stilanddesign.se\/"},{"@type":"ListItem","position":2,"name":"Butiken","item":"https:\/\/stilanddesign.se\/butiken\/"},{"@type":"ListItem","position":3,"name":"Romantiskt topp med broderi fr,Zabaione i rosa"}]},{"@type":"WebSite","@id":"https:\/\/stilanddesign.se\/#website","url":"https:\/\/stilanddesign.se\/","name":"Style &amp; Design","description":"For those of us who love fashion!","publisher":{"@id":"https:\/\/stilanddesign.se\/#organization"},"potentialAction":[{"@type":"SearchAction","target":{"@type":"EntryPoint","urlTemplate":"https:\/\/stilanddesign.se\/?s={search_term_string}"},"query-input":{"@type":"PropertyValueSpecification","valueRequired":true,"valueName":"search_term_string"}}],"inLanguage":"en-US"},{"@type":"Organization","@id":"https:\/\/stilanddesign.se\/#organization","name":"Style &amp; Design","url":"https:\/\/stilanddesign.se\/","logo":{"@type":"ImageObject","inLanguage":"en-US","@id":"https:\/\/stilanddesign.se\/#\/schema\/logo\/image\/","url":"https:\/\/stilanddesign.se\/wp-content\/uploads\/2023\/12\/output-onlinepngtools-e1727784413220.png","contentUrl":"https:\/\/stilanddesign.se\/wp-content\/uploads\/2023\/12\/output-onlinepngtools-e1727784413220.png","width":519,"height":135,"caption":"Stil &amp; Design"},"image":{"@id":"https:\/\/stilanddesign.se\/#\/schema\/logo\/image\/"}}]}},"_links":{"self":[{"href":"https:\/\/stilanddesign.se\/en\/wp-json\/wp\/v2\/product\/1070741","targetHints":{"allow":["GET"]}}],"collection":[{"href":"https:\/\/stilanddesign.se\/en\/wp-json\/wp\/v2\/product"}],"about":[{"href":"https:\/\/stilanddesign.se\/en\/wp-json\/wp\/v2\/types\/product"}],"replies":[{"embeddable":true,"href":"https:\/\/stilanddesign.se\/en\/wp-json\/wp\/v2\/comments?post=1070741"}],"wp:featuredmedia":[{"embeddable":true,"href":"https:\/\/stilanddesign.se\/en\/wp-json\/wp\/v2\/media\/1070733"}],"wp:attachment":[{"href":"https:\/\/stilanddesign.se\/en\/wp-json\/wp\/v2\/media?parent=1070741"}],"wp:term":[{"taxonomy":"product_brand","embeddable":true,"href":"https:\/\/stilanddesign.se\/en\/wp-json\/wp\/v2\/product_brand?post=1070741"},{"taxonomy":"product_cat","embeddable":true,"href":"https:\/\/stilanddesign.se\/en\/wp-json\/wp\/v2\/product_cat?post=1070741"},{"taxonomy":"product_tag","embeddable":true,"href":"https:\/\/stilanddesign.se\/en\/wp-json\/wp\/v2\/product_tag?post=1070741"}],"curies":[{"name":"wp","href":"https:\/\/api.w.org\/{rel}","templated":true}]}}