{"id":1070722,"date":"2026-04-10T14:43:05","date_gmt":"2026-04-10T12:43:05","guid":{"rendered":"https:\/\/stilanddesign.se\/?post_type=product&#038;p=1070722"},"modified":"2026-04-15T13:34:08","modified_gmt":"2026-04-15T11:34:08","slug":"%f0%9f%a4%8d%e2%9c%a8-elegant-topp-fran-zabaione-%e2%9c%a8%f0%9f%a4%8d","status":"publish","type":"product","link":"https:\/\/stilanddesign.se\/en\/product\/%f0%9f%a4%8d%e2%9c%a8-elegant-topp-fran-zabaione-%e2%9c%a8%f0%9f%a4%8d\/","title":{"rendered":"\ud83e\udd0d\u2728 Elegant top from Zabaione \u2728\ud83e\udd0d"},"content":{"rendered":"<p data-start=\"67\" data-end=\"107\">\ud83e\udd0d\u2728 <strong data-start=\"71\" data-end=\"101\">Elegant top from Zabaione<\/strong> \u2728\ud83e\udd0d<\/p>\n<p data-start=\"109\" data-end=\"334\">A stylish and feminine top in a soft, supple quality that gives a beautiful drape \ud83d\udcab<br data-start=\"192\" data-end=\"195\" \/>The discreet structure of the fabric gives an exclusive expression and lifts the whole look - perfect when you want to feel both comfortable and stylish \ud83e\udd0d<\/p>\n<p data-start=\"336\" data-end=\"500\">The flattering V-neckline combined with the soft elastic at the bottom creates a nice silhouette that goes just as well with jeans as with a skirt or dress pants \ud83d\udc56\u2728<\/p>\n<p data-start=\"502\" data-end=\"570\">Perfect for both everyday and party wear \u2013 a real wardrobe favorite! \ud83d\ude0d<\/p>\n<p data-start=\"572\" data-end=\"742\">\u2728 <strong data-start=\"574\" data-end=\"587\">Details:<\/strong><br data-start=\"587\" data-end=\"590\" \/>\ud83e\udd0d V-neck model<br data-start=\"608\" data-end=\"611\" \/>\ud83e\udd0d Elastic at the bottom for a nice fit<br data-start=\"644\" data-end=\"647\" \/>\ud83e\udd0d Light and airy quality<br data-start=\"674\" data-end=\"677\" \/>\ud83e\udd0d Discreet patterned texture<br data-start=\"705\" data-end=\"708\" \/>\ud83e\udd0d Easy to style up or down<\/p>\n<p data-start=\"744\" data-end=\"824\">\ud83e\uddf5 <strong data-start=\"747\" data-end=\"760\">Material:<\/strong> 100% polyester<br data-start=\"775\" data-end=\"778\" \/>\ud83d\udccf <strong data-start=\"781\" data-end=\"793\">Size:<\/strong> S\u2013XXL<br data-start=\"799\" data-end=\"802\" \/>\ud83e\udee7 <strong data-start=\"805\" data-end=\"818\">Washing instructions:<\/strong> 30\u00b0<\/p>\n<p data-start=\"826\" data-end=\"891\">A timeless top that goes with everything \u2013 and always feels right \ud83e\udd0d\u2728<\/p>","protected":false},"excerpt":{"rendered":"<p data-start=\"67\" data-end=\"107\">\ud83e\udd0d\u2728 <strong data-start=\"71\" data-end=\"101\">Elegant top from Zabaione<\/strong> \u2728\ud83e\udd0d<\/p>\n<p data-start=\"109\" data-end=\"334\">A stylish and feminine top in a soft, supple quality that gives a beautiful drape \ud83d\udcab<br data-start=\"192\" data-end=\"195\" \/>The discreet structure of the fabric gives an exclusive expression and lifts the whole look - perfect when you want to feel both comfortable and stylish \ud83e\udd0d<\/p>\n<p data-start=\"336\" data-end=\"500\">The flattering V-neckline combined with the soft elastic at the bottom creates a nice silhouette that goes just as well with jeans as with a skirt or dress pants \ud83d\udc56\u2728<\/p>\n<p data-start=\"502\" data-end=\"570\">Perfect for both everyday and party wear \u2013 a real wardrobe favorite! \ud83d\ude0d<\/p>\n<p data-start=\"572\" data-end=\"742\">\u2728 <strong data-start=\"574\" data-end=\"587\">Details:<\/strong><br data-start=\"587\" data-end=\"590\" \/>\ud83e\udd0d V-neck model<br data-start=\"608\" data-end=\"611\" \/>\ud83e\udd0d Elastic at the bottom for a nice fit<br data-start=\"644\" data-end=\"647\" \/>\ud83e\udd0d Light and airy quality<br data-start=\"674\" data-end=\"677\" \/>\ud83e\udd0d Discreet patterned texture<br data-start=\"705\" data-end=\"708\" \/>\ud83e\udd0d Easy to style up or down<\/p>\n<p data-start=\"744\" data-end=\"824\">\ud83e\uddf5 <strong data-start=\"747\" data-end=\"760\">Material:<\/strong> 100% polyester<br data-start=\"775\" data-end=\"778\" \/>\ud83d\udccf <strong data-start=\"781\" data-end=\"793\">Size:<\/strong> S\u2013XXL<br data-start=\"799\" data-end=\"802\" \/>\ud83e\udee7 <strong data-start=\"805\" data-end=\"818\">Washing instructions:<\/strong> 30\u00b0<\/p>\n<p data-start=\"826\" data-end=\"891\">A timeless top that goes with everything \u2013 and always feels right \ud83e\udd0d\u2728<\/p>","protected":false},"featured_media":1070732,"comment_status":"closed","ping_status":"closed","template":"","meta":[],"product_brand":[],"product_cat":[211,217,222],"product_tag":[],"class_list":{"0":"post-1070722","1":"product","2":"type-product","3":"status-publish","4":"has-post-thumbnail","6":"product_cat-blusar","7":"product_cat-produktnyheter","8":"product_cat-toppar-tischor","10":"first","11":"instock","12":"taxable","13":"shipping-taxable","14":"purchasable","15":"product-type-variable"},"yoast_head":"<!-- This site is optimized with the Yoast SEO Premium plugin v27.1 (Yoast SEO v27.4) - https:\/\/yoast.com\/product\/yoast-seo-premium-wordpress\/ -->\n<title>\ud83e\udd0d\u2728 Elegant topp fr\u00e5n Zabaione \u2728\ud83e\udd0d - Stil &amp; Design<\/title>\n<meta name=\"robots\" content=\"index, follow, max-snippet:-1, max-image-preview:large, max-video-preview:-1\" \/>\n<link rel=\"canonical\" href=\"https:\/\/stilanddesign.se\/en\/product\/\ud83e\udd0d\u2728-elegant-topp-fran-zabaione-\u2728\ud83e\udd0d\/\" \/>\n<meta property=\"og:locale\" content=\"en_US\" \/>\n<meta property=\"og:type\" content=\"article\" \/>\n<meta property=\"og:title\" content=\"\ud83e\udd0d\u2728 Elegant topp fr\u00e5n Zabaione \u2728\ud83e\udd0d\" \/>\n<meta property=\"og:description\" content=\"\ud83e\udd0d\u2728 Elegant topp fr\u00e5n Zabaione \u2728\ud83e\udd0d En stilren och feminin topp i en mjuk, f\u00f6ljsam kvalitet som ger ett vackert fall \ud83d\udcabDen diskreta strukturen i tyget ger ett exklusivt uttryck och lyfter hela looken \u2013 perfekt n\u00e4r du vill k\u00e4nna dig b\u00e5de bekv\u00e4m och snygg \ud83e\udd0d Den smickrande V-ringningen tillsammans med den mjuka res\u00e5ren nedtill skapar en fin silhuett som passar lika bra till jeans som till kjol eller dressade byxor \ud83d\udc56\u2728 Perfekt till b\u00e5de vardag och fest \u2013 en riktig garderobsfavorit! \ud83d\ude0d \u2728 Detaljer:\ud83e\udd0d V-ringad modell\ud83e\udd0d Res\u00e5r nedtill f\u00f6r fin passform\ud83e\udd0d L\u00e4tt och luftig kvalitet\ud83e\udd0d Diskret m\u00f6nstrad struktur\ud83e\udd0d Enkel att styla upp eller ner \ud83e\uddf5 Material: 100% polyester\ud83d\udccf Storlek: S\u2013XXL\ud83e\udee7 Tv\u00e4ttr\u00e5d: 30\u00b0 En tidl\u00f6s topp som funkar till allt \u2013 och alltid k\u00e4nns r\u00e4tt \ud83e\udd0d\u2728\" \/>\n<meta property=\"og:url\" content=\"https:\/\/stilanddesign.se\/en\/product\/\ud83e\udd0d\u2728-elegant-topp-fran-zabaione-\u2728\ud83e\udd0d\/\" \/>\n<meta property=\"og:site_name\" content=\"Stil &amp; Design\" \/>\n<meta property=\"article:modified_time\" content=\"2026-04-15T11:34:08+00:00\" \/>\n<meta property=\"og:image\" content=\"https:\/\/stilanddesign.se\/wp-content\/uploads\/2026\/03\/4068696379219_1.jpg\" \/>\n\t<meta property=\"og:image:width\" content=\"889\" \/>\n\t<meta property=\"og:image:height\" content=\"1280\" \/>\n\t<meta property=\"og:image:type\" content=\"image\/jpeg\" \/>\n<meta name=\"twitter:card\" content=\"summary_large_image\" \/>\n<meta name=\"twitter:label1\" content=\"Est. reading time\" \/>\n\t<meta name=\"twitter:data1\" content=\"1 minute\" \/>\n<script type=\"application\/ld+json\" class=\"yoast-schema-graph\">{\"@context\":\"https:\\\/\\\/schema.org\",\"@graph\":[{\"@type\":\"WebPage\",\"@id\":\"https:\\\/\\\/stilanddesign.se\\\/produkt\\\/%f0%9f%a4%8d%e2%9c%a8-elegant-topp-fran-zabaione-%e2%9c%a8%f0%9f%a4%8d\\\/\",\"url\":\"https:\\\/\\\/stilanddesign.se\\\/produkt\\\/%f0%9f%a4%8d%e2%9c%a8-elegant-topp-fran-zabaione-%e2%9c%a8%f0%9f%a4%8d\\\/\",\"name\":\"\ud83e\udd0d\u2728 Elegant topp fr\u00e5n Zabaione \u2728\ud83e\udd0d - Stil &amp; Design\",\"isPartOf\":{\"@id\":\"https:\\\/\\\/stilanddesign.se\\\/#website\"},\"primaryImageOfPage\":{\"@id\":\"https:\\\/\\\/stilanddesign.se\\\/produkt\\\/%f0%9f%a4%8d%e2%9c%a8-elegant-topp-fran-zabaione-%e2%9c%a8%f0%9f%a4%8d\\\/#primaryimage\"},\"image\":{\"@id\":\"https:\\\/\\\/stilanddesign.se\\\/produkt\\\/%f0%9f%a4%8d%e2%9c%a8-elegant-topp-fran-zabaione-%e2%9c%a8%f0%9f%a4%8d\\\/#primaryimage\"},\"thumbnailUrl\":\"https:\\\/\\\/stilanddesign.se\\\/wp-content\\\/uploads\\\/2026\\\/03\\\/4068696379219_1.jpg\",\"datePublished\":\"2026-04-10T12:43:05+00:00\",\"dateModified\":\"2026-04-15T11:34:08+00:00\",\"breadcrumb\":{\"@id\":\"https:\\\/\\\/stilanddesign.se\\\/produkt\\\/%f0%9f%a4%8d%e2%9c%a8-elegant-topp-fran-zabaione-%e2%9c%a8%f0%9f%a4%8d\\\/#breadcrumb\"},\"inLanguage\":\"en-US\",\"potentialAction\":[{\"@type\":\"ReadAction\",\"target\":[\"https:\\\/\\\/stilanddesign.se\\\/produkt\\\/%f0%9f%a4%8d%e2%9c%a8-elegant-topp-fran-zabaione-%e2%9c%a8%f0%9f%a4%8d\\\/\"]}]},{\"@type\":\"ImageObject\",\"inLanguage\":\"en-US\",\"@id\":\"https:\\\/\\\/stilanddesign.se\\\/produkt\\\/%f0%9f%a4%8d%e2%9c%a8-elegant-topp-fran-zabaione-%e2%9c%a8%f0%9f%a4%8d\\\/#primaryimage\",\"url\":\"https:\\\/\\\/stilanddesign.se\\\/wp-content\\\/uploads\\\/2026\\\/03\\\/4068696379219_1.jpg\",\"contentUrl\":\"https:\\\/\\\/stilanddesign.se\\\/wp-content\\\/uploads\\\/2026\\\/03\\\/4068696379219_1.jpg\",\"width\":889,\"height\":1280},{\"@type\":\"BreadcrumbList\",\"@id\":\"https:\\\/\\\/stilanddesign.se\\\/produkt\\\/%f0%9f%a4%8d%e2%9c%a8-elegant-topp-fran-zabaione-%e2%9c%a8%f0%9f%a4%8d\\\/#breadcrumb\",\"itemListElement\":[{\"@type\":\"ListItem\",\"position\":1,\"name\":\"Hem\",\"item\":\"https:\\\/\\\/stilanddesign.se\\\/\"},{\"@type\":\"ListItem\",\"position\":2,\"name\":\"Butiken\",\"item\":\"https:\\\/\\\/stilanddesign.se\\\/butiken\\\/\"},{\"@type\":\"ListItem\",\"position\":3,\"name\":\"\ud83e\udd0d\u2728 Elegant topp fr\u00e5n Zabaione \u2728\ud83e\udd0d\"}]},{\"@type\":\"WebSite\",\"@id\":\"https:\\\/\\\/stilanddesign.se\\\/#website\",\"url\":\"https:\\\/\\\/stilanddesign.se\\\/\",\"name\":\"Stil &amp; Design\",\"description\":\"F\u00f6r oss som \u00e4lskar mode!\",\"publisher\":{\"@id\":\"https:\\\/\\\/stilanddesign.se\\\/#organization\"},\"potentialAction\":[{\"@type\":\"SearchAction\",\"target\":{\"@type\":\"EntryPoint\",\"urlTemplate\":\"https:\\\/\\\/stilanddesign.se\\\/?s={search_term_string}\"},\"query-input\":{\"@type\":\"PropertyValueSpecification\",\"valueRequired\":true,\"valueName\":\"search_term_string\"}}],\"inLanguage\":\"en-US\"},{\"@type\":\"Organization\",\"@id\":\"https:\\\/\\\/stilanddesign.se\\\/#organization\",\"name\":\"Stil &amp; Design\",\"url\":\"https:\\\/\\\/stilanddesign.se\\\/\",\"logo\":{\"@type\":\"ImageObject\",\"inLanguage\":\"en-US\",\"@id\":\"https:\\\/\\\/stilanddesign.se\\\/#\\\/schema\\\/logo\\\/image\\\/\",\"url\":\"https:\\\/\\\/stilanddesign.se\\\/wp-content\\\/uploads\\\/2023\\\/12\\\/output-onlinepngtools-e1727784413220.png\",\"contentUrl\":\"https:\\\/\\\/stilanddesign.se\\\/wp-content\\\/uploads\\\/2023\\\/12\\\/output-onlinepngtools-e1727784413220.png\",\"width\":519,\"height\":135,\"caption\":\"Stil &amp; Design\"},\"image\":{\"@id\":\"https:\\\/\\\/stilanddesign.se\\\/#\\\/schema\\\/logo\\\/image\\\/\"}}]}<\/script>\n<!-- \/ Yoast SEO Premium plugin. -->","yoast_head_json":{"title":"\ud83e\udd0d\u2728 Elegant topp fr\u00e5n Zabaione \u2728\ud83e\udd0d - Stil &amp; Design","robots":{"index":"index","follow":"follow","max-snippet":"max-snippet:-1","max-image-preview":"max-image-preview:large","max-video-preview":"max-video-preview:-1"},"canonical":"https:\/\/stilanddesign.se\/en\/product\/\ud83e\udd0d\u2728-elegant-topp-fran-zabaione-\u2728\ud83e\udd0d\/","og_locale":"en_US","og_type":"article","og_title":"\ud83e\udd0d\u2728 Elegant topp fr\u00e5n Zabaione \u2728\ud83e\udd0d","og_description":"\ud83e\udd0d\u2728 Elegant topp fr\u00e5n Zabaione \u2728\ud83e\udd0d En stilren och feminin topp i en mjuk, f\u00f6ljsam kvalitet som ger ett vackert fall \ud83d\udcabDen diskreta strukturen i tyget ger ett exklusivt uttryck och lyfter hela looken \u2013 perfekt n\u00e4r du vill k\u00e4nna dig b\u00e5de bekv\u00e4m och snygg \ud83e\udd0d Den smickrande V-ringningen tillsammans med den mjuka res\u00e5ren nedtill skapar en fin silhuett som passar lika bra till jeans som till kjol eller dressade byxor \ud83d\udc56\u2728 Perfekt till b\u00e5de vardag och fest \u2013 en riktig garderobsfavorit! \ud83d\ude0d \u2728 Detaljer:\ud83e\udd0d V-ringad modell\ud83e\udd0d Res\u00e5r nedtill f\u00f6r fin passform\ud83e\udd0d L\u00e4tt och luftig kvalitet\ud83e\udd0d Diskret m\u00f6nstrad struktur\ud83e\udd0d Enkel att styla upp eller ner \ud83e\uddf5 Material: 100% polyester\ud83d\udccf Storlek: S\u2013XXL\ud83e\udee7 Tv\u00e4ttr\u00e5d: 30\u00b0 En tidl\u00f6s topp som funkar till allt \u2013 och alltid k\u00e4nns r\u00e4tt \ud83e\udd0d\u2728","og_url":"https:\/\/stilanddesign.se\/en\/product\/\ud83e\udd0d\u2728-elegant-topp-fran-zabaione-\u2728\ud83e\udd0d\/","og_site_name":"Stil &amp; Design","article_modified_time":"2026-04-15T11:34:08+00:00","og_image":[{"width":889,"height":1280,"url":"https:\/\/stilanddesign.se\/wp-content\/uploads\/2026\/03\/4068696379219_1.jpg","type":"image\/jpeg"}],"twitter_card":"summary_large_image","twitter_misc":{"Est. reading time":"1 minute"},"schema":{"@context":"https:\/\/schema.org","@graph":[{"@type":"WebPage","@id":"https:\/\/stilanddesign.se\/produkt\/%f0%9f%a4%8d%e2%9c%a8-elegant-topp-fran-zabaione-%e2%9c%a8%f0%9f%a4%8d\/","url":"https:\/\/stilanddesign.se\/produkt\/%f0%9f%a4%8d%e2%9c%a8-elegant-topp-fran-zabaione-%e2%9c%a8%f0%9f%a4%8d\/","name":"\ud83e\udd0d\u2728 Elegant topp fr\u00e5n Zabaione \u2728\ud83e\udd0d - Stil &amp; Design","isPartOf":{"@id":"https:\/\/stilanddesign.se\/#website"},"primaryImageOfPage":{"@id":"https:\/\/stilanddesign.se\/produkt\/%f0%9f%a4%8d%e2%9c%a8-elegant-topp-fran-zabaione-%e2%9c%a8%f0%9f%a4%8d\/#primaryimage"},"image":{"@id":"https:\/\/stilanddesign.se\/produkt\/%f0%9f%a4%8d%e2%9c%a8-elegant-topp-fran-zabaione-%e2%9c%a8%f0%9f%a4%8d\/#primaryimage"},"thumbnailUrl":"https:\/\/stilanddesign.se\/wp-content\/uploads\/2026\/03\/4068696379219_1.jpg","datePublished":"2026-04-10T12:43:05+00:00","dateModified":"2026-04-15T11:34:08+00:00","breadcrumb":{"@id":"https:\/\/stilanddesign.se\/produkt\/%f0%9f%a4%8d%e2%9c%a8-elegant-topp-fran-zabaione-%e2%9c%a8%f0%9f%a4%8d\/#breadcrumb"},"inLanguage":"en-US","potentialAction":[{"@type":"ReadAction","target":["https:\/\/stilanddesign.se\/produkt\/%f0%9f%a4%8d%e2%9c%a8-elegant-topp-fran-zabaione-%e2%9c%a8%f0%9f%a4%8d\/"]}]},{"@type":"ImageObject","inLanguage":"en-US","@id":"https:\/\/stilanddesign.se\/produkt\/%f0%9f%a4%8d%e2%9c%a8-elegant-topp-fran-zabaione-%e2%9c%a8%f0%9f%a4%8d\/#primaryimage","url":"https:\/\/stilanddesign.se\/wp-content\/uploads\/2026\/03\/4068696379219_1.jpg","contentUrl":"https:\/\/stilanddesign.se\/wp-content\/uploads\/2026\/03\/4068696379219_1.jpg","width":889,"height":1280},{"@type":"BreadcrumbList","@id":"https:\/\/stilanddesign.se\/produkt\/%f0%9f%a4%8d%e2%9c%a8-elegant-topp-fran-zabaione-%e2%9c%a8%f0%9f%a4%8d\/#breadcrumb","itemListElement":[{"@type":"ListItem","position":1,"name":"Hem","item":"https:\/\/stilanddesign.se\/"},{"@type":"ListItem","position":2,"name":"Butiken","item":"https:\/\/stilanddesign.se\/butiken\/"},{"@type":"ListItem","position":3,"name":"\ud83e\udd0d\u2728 Elegant topp fr\u00e5n Zabaione \u2728\ud83e\udd0d"}]},{"@type":"WebSite","@id":"https:\/\/stilanddesign.se\/#website","url":"https:\/\/stilanddesign.se\/","name":"Style &amp; Design","description":"For those of us who love fashion!","publisher":{"@id":"https:\/\/stilanddesign.se\/#organization"},"potentialAction":[{"@type":"SearchAction","target":{"@type":"EntryPoint","urlTemplate":"https:\/\/stilanddesign.se\/?s={search_term_string}"},"query-input":{"@type":"PropertyValueSpecification","valueRequired":true,"valueName":"search_term_string"}}],"inLanguage":"en-US"},{"@type":"Organization","@id":"https:\/\/stilanddesign.se\/#organization","name":"Style &amp; Design","url":"https:\/\/stilanddesign.se\/","logo":{"@type":"ImageObject","inLanguage":"en-US","@id":"https:\/\/stilanddesign.se\/#\/schema\/logo\/image\/","url":"https:\/\/stilanddesign.se\/wp-content\/uploads\/2023\/12\/output-onlinepngtools-e1727784413220.png","contentUrl":"https:\/\/stilanddesign.se\/wp-content\/uploads\/2023\/12\/output-onlinepngtools-e1727784413220.png","width":519,"height":135,"caption":"Stil &amp; Design"},"image":{"@id":"https:\/\/stilanddesign.se\/#\/schema\/logo\/image\/"}}]}},"_links":{"self":[{"href":"https:\/\/stilanddesign.se\/en\/wp-json\/wp\/v2\/product\/1070722","targetHints":{"allow":["GET"]}}],"collection":[{"href":"https:\/\/stilanddesign.se\/en\/wp-json\/wp\/v2\/product"}],"about":[{"href":"https:\/\/stilanddesign.se\/en\/wp-json\/wp\/v2\/types\/product"}],"replies":[{"embeddable":true,"href":"https:\/\/stilanddesign.se\/en\/wp-json\/wp\/v2\/comments?post=1070722"}],"wp:featuredmedia":[{"embeddable":true,"href":"https:\/\/stilanddesign.se\/en\/wp-json\/wp\/v2\/media\/1070732"}],"wp:attachment":[{"href":"https:\/\/stilanddesign.se\/en\/wp-json\/wp\/v2\/media?parent=1070722"}],"wp:term":[{"taxonomy":"product_brand","embeddable":true,"href":"https:\/\/stilanddesign.se\/en\/wp-json\/wp\/v2\/product_brand?post=1070722"},{"taxonomy":"product_cat","embeddable":true,"href":"https:\/\/stilanddesign.se\/en\/wp-json\/wp\/v2\/product_cat?post=1070722"},{"taxonomy":"product_tag","embeddable":true,"href":"https:\/\/stilanddesign.se\/en\/wp-json\/wp\/v2\/product_tag?post=1070722"}],"curies":[{"name":"wp","href":"https:\/\/api.w.org\/{rel}","templated":true}]}}