{"id":1070685,"date":"2026-04-07T15:15:03","date_gmt":"2026-04-07T13:15:03","guid":{"rendered":"https:\/\/stilanddesign.se\/?post_type=product&#038;p=1070685"},"modified":"2026-04-15T11:25:23","modified_gmt":"2026-04-15T09:25:23","slug":"%f0%9f%8c%b8-somrig-klanning-fran-zabaione-%f0%9f%8c%b8","status":"publish","type":"product","link":"https:\/\/stilanddesign.se\/en\/product\/%f0%9f%8c%b8-somrig-klanning-fran-zabaione-%f0%9f%8c%b8\/","title":{"rendered":"\ud83c\udf38 Summery dress from Zabaione \ud83c\udf38"},"content":{"rendered":"<p data-start=\"31\" data-end=\"72\">\ud83c\udf38 <strong data-start=\"34\" data-end=\"67\">Summery dress from Zabaione<\/strong> \ud83c\udf38<\/p>\n<p data-start=\"74\" data-end=\"264\">A light and airy dress in a lovely linen mix - perfect for warm days \u2600\ufe0f<br data-start=\"151\" data-end=\"154\" \/>The beautiful butterfly pattern in pink tones gives a fresh and feminine feel that is suitable for both everyday life and vacation \ud83c\udf3f<\/p>\n<p data-start=\"266\" data-end=\"379\">The straight, relaxed model makes it both comfortable and flattering \u2013 just pull it on and feel beautiful straight away \ud83d\udc95<\/p>\n<p data-start=\"381\" data-end=\"500\">\u2714 Cool and comfortable linen mix<br data-start=\"405\" data-end=\"408\" \/>\u2714 Timeless, straight fit<br data-start=\"430\" data-end=\"433\" \/>\u2714 Summery butterfly pattern<br data-start=\"454\" data-end=\"457\" \/>\u2714 Perfect for both sandals and sneakers<\/p>\n<p data-start=\"502\" data-end=\"591\"><strong data-start=\"502\" data-end=\"515\">Material:<\/strong> 90% linen, 9% cotton, 1% elastane<br data-start=\"548\" data-end=\"551\" \/><strong data-start=\"551\" data-end=\"563\">Size:<\/strong> S\u2013XXL<br data-start=\"569\" data-end=\"572\" \/><strong data-start=\"572\" data-end=\"585\">Washing instructions:<\/strong> 30\u00b0<\/p>\n<p data-start=\"593\" data-end=\"657\">A real summer favorite you&#039;ll want to wear again and again \ud83c\udf3c<\/p>","protected":false},"excerpt":{"rendered":"<p data-start=\"31\" data-end=\"72\">\ud83c\udf38 <strong data-start=\"34\" data-end=\"67\">Summery dress from Zabaione<\/strong> \ud83c\udf38<\/p>\n<p data-start=\"74\" data-end=\"264\">A light and airy dress in a lovely linen mix - perfect for warm days \u2600\ufe0f<br data-start=\"151\" data-end=\"154\" \/>The beautiful butterfly pattern in pink tones gives a fresh and feminine feel that is suitable for both everyday life and vacation \ud83c\udf3f<\/p>\n<p data-start=\"266\" data-end=\"379\">The straight, relaxed model makes it both comfortable and flattering \u2013 just pull it on and feel beautiful straight away \ud83d\udc95<\/p>\n<p data-start=\"381\" data-end=\"500\">\u2714 Cool and comfortable linen mix<br data-start=\"405\" data-end=\"408\" \/>\u2714 Timeless, straight fit<br data-start=\"430\" data-end=\"433\" \/>\u2714 Summery butterfly pattern<br data-start=\"454\" data-end=\"457\" \/>\u2714 Perfect for both sandals and sneakers<\/p>\n<p data-start=\"502\" data-end=\"591\"><strong data-start=\"502\" data-end=\"515\">Material:<\/strong> 90% linen, 9% cotton, 1% elastane<br data-start=\"548\" data-end=\"551\" \/><strong data-start=\"551\" data-end=\"563\">Size:<\/strong> S\u2013XXL<br data-start=\"569\" data-end=\"572\" \/><strong data-start=\"572\" data-end=\"585\">Washing instructions:<\/strong> 30\u00b0<\/p>\n<p data-start=\"593\" data-end=\"657\">A real summer favorite you&#039;ll want to wear again and again \ud83c\udf3c<\/p>","protected":false},"featured_media":1070695,"comment_status":"closed","ping_status":"closed","template":"","meta":[],"product_brand":[],"product_cat":[215,217],"product_tag":[],"class_list":{"0":"post-1070685","1":"product","2":"type-product","3":"status-publish","4":"has-post-thumbnail","6":"product_cat-klanningar","7":"product_cat-produktnyheter","9":"first","10":"instock","11":"taxable","12":"shipping-taxable","13":"purchasable","14":"product-type-variable"},"yoast_head":"<!-- This site is optimized with the Yoast SEO Premium plugin v27.1 (Yoast SEO v27.4) - https:\/\/yoast.com\/product\/yoast-seo-premium-wordpress\/ -->\n<title>\ud83c\udf38 Somrig kl\u00e4nning fr\u00e5n Zabaione \ud83c\udf38 - Stil &amp; Design<\/title>\n<meta name=\"robots\" content=\"index, follow, max-snippet:-1, max-image-preview:large, max-video-preview:-1\" \/>\n<link rel=\"canonical\" href=\"https:\/\/stilanddesign.se\/en\/product\/\ud83c\udf38-somrig-klanning-fran-zabaione-\ud83c\udf38\/\" \/>\n<meta property=\"og:locale\" content=\"en_US\" \/>\n<meta property=\"og:type\" content=\"article\" \/>\n<meta property=\"og:title\" content=\"\ud83c\udf38 Somrig kl\u00e4nning fr\u00e5n Zabaione \ud83c\udf38\" \/>\n<meta property=\"og:description\" content=\"\ud83c\udf38 Somrig kl\u00e4nning fr\u00e5n Zabaione \ud83c\udf38 En l\u00e4tt och luftig kl\u00e4nning i en h\u00e4rlig linnemix \u2013 perfekt f\u00f6r varma dagar \u2600\ufe0fDet vackra fj\u00e4rilsm\u00f6nstret i rosa toner ger en fr\u00e4sch och feminin k\u00e4nsla som passar b\u00e5de vardag och semester \ud83c\udf3f Den raka, avslappnade modellen g\u00f6r den b\u00e5de bekv\u00e4m och smickrande \u2013 bara att dra p\u00e5 och k\u00e4nna sig fin direkt \ud83d\udc95 \u2714 Sval och sk\u00f6n linnemix\u2714 Tidl\u00f6s, rak passform\u2714 Somrigt fj\u00e4rilsm\u00f6nster\u2714 Perfekt till b\u00e5de sandaler och sneakers Material: 90% linne, 9% bomull, 1% elastanStorlek: S\u2013XXLTv\u00e4ttr\u00e5d: 30\u00b0 En riktig sommarfavorit du kommer vilja b\u00e4ra om och om igen \ud83c\udf3c\" \/>\n<meta property=\"og:url\" content=\"https:\/\/stilanddesign.se\/en\/product\/\ud83c\udf38-somrig-klanning-fran-zabaione-\ud83c\udf38\/\" \/>\n<meta property=\"og:site_name\" content=\"Stil &amp; Design\" \/>\n<meta property=\"article:modified_time\" content=\"2026-04-15T09:25:23+00:00\" \/>\n<meta property=\"og:image\" content=\"https:\/\/stilanddesign.se\/wp-content\/uploads\/2026\/03\/4070709073618_1.jpg\" \/>\n\t<meta property=\"og:image:width\" content=\"889\" \/>\n\t<meta property=\"og:image:height\" content=\"1280\" \/>\n\t<meta property=\"og:image:type\" content=\"image\/jpeg\" \/>\n<meta name=\"twitter:card\" content=\"summary_large_image\" \/>\n<meta name=\"twitter:label1\" content=\"Est. reading time\" \/>\n\t<meta name=\"twitter:data1\" content=\"1 minute\" \/>\n<script type=\"application\/ld+json\" class=\"yoast-schema-graph\">{\"@context\":\"https:\\\/\\\/schema.org\",\"@graph\":[{\"@type\":\"WebPage\",\"@id\":\"https:\\\/\\\/stilanddesign.se\\\/produkt\\\/%f0%9f%8c%b8-somrig-klanning-fran-zabaione-%f0%9f%8c%b8\\\/\",\"url\":\"https:\\\/\\\/stilanddesign.se\\\/produkt\\\/%f0%9f%8c%b8-somrig-klanning-fran-zabaione-%f0%9f%8c%b8\\\/\",\"name\":\"\ud83c\udf38 Somrig kl\u00e4nning fr\u00e5n Zabaione \ud83c\udf38 - Stil &amp; Design\",\"isPartOf\":{\"@id\":\"https:\\\/\\\/stilanddesign.se\\\/#website\"},\"primaryImageOfPage\":{\"@id\":\"https:\\\/\\\/stilanddesign.se\\\/produkt\\\/%f0%9f%8c%b8-somrig-klanning-fran-zabaione-%f0%9f%8c%b8\\\/#primaryimage\"},\"image\":{\"@id\":\"https:\\\/\\\/stilanddesign.se\\\/produkt\\\/%f0%9f%8c%b8-somrig-klanning-fran-zabaione-%f0%9f%8c%b8\\\/#primaryimage\"},\"thumbnailUrl\":\"https:\\\/\\\/stilanddesign.se\\\/wp-content\\\/uploads\\\/2026\\\/03\\\/4070709073618_1.jpg\",\"datePublished\":\"2026-04-07T13:15:03+00:00\",\"dateModified\":\"2026-04-15T09:25:23+00:00\",\"breadcrumb\":{\"@id\":\"https:\\\/\\\/stilanddesign.se\\\/produkt\\\/%f0%9f%8c%b8-somrig-klanning-fran-zabaione-%f0%9f%8c%b8\\\/#breadcrumb\"},\"inLanguage\":\"en-US\",\"potentialAction\":[{\"@type\":\"ReadAction\",\"target\":[\"https:\\\/\\\/stilanddesign.se\\\/produkt\\\/%f0%9f%8c%b8-somrig-klanning-fran-zabaione-%f0%9f%8c%b8\\\/\"]}]},{\"@type\":\"ImageObject\",\"inLanguage\":\"en-US\",\"@id\":\"https:\\\/\\\/stilanddesign.se\\\/produkt\\\/%f0%9f%8c%b8-somrig-klanning-fran-zabaione-%f0%9f%8c%b8\\\/#primaryimage\",\"url\":\"https:\\\/\\\/stilanddesign.se\\\/wp-content\\\/uploads\\\/2026\\\/03\\\/4070709073618_1.jpg\",\"contentUrl\":\"https:\\\/\\\/stilanddesign.se\\\/wp-content\\\/uploads\\\/2026\\\/03\\\/4070709073618_1.jpg\",\"width\":889,\"height\":1280},{\"@type\":\"BreadcrumbList\",\"@id\":\"https:\\\/\\\/stilanddesign.se\\\/produkt\\\/%f0%9f%8c%b8-somrig-klanning-fran-zabaione-%f0%9f%8c%b8\\\/#breadcrumb\",\"itemListElement\":[{\"@type\":\"ListItem\",\"position\":1,\"name\":\"Hem\",\"item\":\"https:\\\/\\\/stilanddesign.se\\\/\"},{\"@type\":\"ListItem\",\"position\":2,\"name\":\"Butiken\",\"item\":\"https:\\\/\\\/stilanddesign.se\\\/butiken\\\/\"},{\"@type\":\"ListItem\",\"position\":3,\"name\":\"\ud83c\udf38 Somrig kl\u00e4nning fr\u00e5n Zabaione \ud83c\udf38\"}]},{\"@type\":\"WebSite\",\"@id\":\"https:\\\/\\\/stilanddesign.se\\\/#website\",\"url\":\"https:\\\/\\\/stilanddesign.se\\\/\",\"name\":\"Stil &amp; Design\",\"description\":\"F\u00f6r oss som \u00e4lskar mode!\",\"publisher\":{\"@id\":\"https:\\\/\\\/stilanddesign.se\\\/#organization\"},\"potentialAction\":[{\"@type\":\"SearchAction\",\"target\":{\"@type\":\"EntryPoint\",\"urlTemplate\":\"https:\\\/\\\/stilanddesign.se\\\/?s={search_term_string}\"},\"query-input\":{\"@type\":\"PropertyValueSpecification\",\"valueRequired\":true,\"valueName\":\"search_term_string\"}}],\"inLanguage\":\"en-US\"},{\"@type\":\"Organization\",\"@id\":\"https:\\\/\\\/stilanddesign.se\\\/#organization\",\"name\":\"Stil &amp; Design\",\"url\":\"https:\\\/\\\/stilanddesign.se\\\/\",\"logo\":{\"@type\":\"ImageObject\",\"inLanguage\":\"en-US\",\"@id\":\"https:\\\/\\\/stilanddesign.se\\\/#\\\/schema\\\/logo\\\/image\\\/\",\"url\":\"https:\\\/\\\/stilanddesign.se\\\/wp-content\\\/uploads\\\/2023\\\/12\\\/output-onlinepngtools-e1727784413220.png\",\"contentUrl\":\"https:\\\/\\\/stilanddesign.se\\\/wp-content\\\/uploads\\\/2023\\\/12\\\/output-onlinepngtools-e1727784413220.png\",\"width\":519,\"height\":135,\"caption\":\"Stil &amp; Design\"},\"image\":{\"@id\":\"https:\\\/\\\/stilanddesign.se\\\/#\\\/schema\\\/logo\\\/image\\\/\"}}]}<\/script>\n<!-- \/ Yoast SEO Premium plugin. -->","yoast_head_json":{"title":"\ud83c\udf38 Somrig kl\u00e4nning fr\u00e5n Zabaione \ud83c\udf38 - Stil &amp; Design","robots":{"index":"index","follow":"follow","max-snippet":"max-snippet:-1","max-image-preview":"max-image-preview:large","max-video-preview":"max-video-preview:-1"},"canonical":"https:\/\/stilanddesign.se\/en\/product\/\ud83c\udf38-somrig-klanning-fran-zabaione-\ud83c\udf38\/","og_locale":"en_US","og_type":"article","og_title":"\ud83c\udf38 Somrig kl\u00e4nning fr\u00e5n Zabaione \ud83c\udf38","og_description":"\ud83c\udf38 Somrig kl\u00e4nning fr\u00e5n Zabaione \ud83c\udf38 En l\u00e4tt och luftig kl\u00e4nning i en h\u00e4rlig linnemix \u2013 perfekt f\u00f6r varma dagar \u2600\ufe0fDet vackra fj\u00e4rilsm\u00f6nstret i rosa toner ger en fr\u00e4sch och feminin k\u00e4nsla som passar b\u00e5de vardag och semester \ud83c\udf3f Den raka, avslappnade modellen g\u00f6r den b\u00e5de bekv\u00e4m och smickrande \u2013 bara att dra p\u00e5 och k\u00e4nna sig fin direkt \ud83d\udc95 \u2714 Sval och sk\u00f6n linnemix\u2714 Tidl\u00f6s, rak passform\u2714 Somrigt fj\u00e4rilsm\u00f6nster\u2714 Perfekt till b\u00e5de sandaler och sneakers Material: 90% linne, 9% bomull, 1% elastanStorlek: S\u2013XXLTv\u00e4ttr\u00e5d: 30\u00b0 En riktig sommarfavorit du kommer vilja b\u00e4ra om och om igen \ud83c\udf3c","og_url":"https:\/\/stilanddesign.se\/en\/product\/\ud83c\udf38-somrig-klanning-fran-zabaione-\ud83c\udf38\/","og_site_name":"Stil &amp; Design","article_modified_time":"2026-04-15T09:25:23+00:00","og_image":[{"width":889,"height":1280,"url":"https:\/\/stilanddesign.se\/wp-content\/uploads\/2026\/03\/4070709073618_1.jpg","type":"image\/jpeg"}],"twitter_card":"summary_large_image","twitter_misc":{"Est. reading time":"1 minute"},"schema":{"@context":"https:\/\/schema.org","@graph":[{"@type":"WebPage","@id":"https:\/\/stilanddesign.se\/produkt\/%f0%9f%8c%b8-somrig-klanning-fran-zabaione-%f0%9f%8c%b8\/","url":"https:\/\/stilanddesign.se\/produkt\/%f0%9f%8c%b8-somrig-klanning-fran-zabaione-%f0%9f%8c%b8\/","name":"\ud83c\udf38 Somrig kl\u00e4nning fr\u00e5n Zabaione \ud83c\udf38 - Stil &amp; Design","isPartOf":{"@id":"https:\/\/stilanddesign.se\/#website"},"primaryImageOfPage":{"@id":"https:\/\/stilanddesign.se\/produkt\/%f0%9f%8c%b8-somrig-klanning-fran-zabaione-%f0%9f%8c%b8\/#primaryimage"},"image":{"@id":"https:\/\/stilanddesign.se\/produkt\/%f0%9f%8c%b8-somrig-klanning-fran-zabaione-%f0%9f%8c%b8\/#primaryimage"},"thumbnailUrl":"https:\/\/stilanddesign.se\/wp-content\/uploads\/2026\/03\/4070709073618_1.jpg","datePublished":"2026-04-07T13:15:03+00:00","dateModified":"2026-04-15T09:25:23+00:00","breadcrumb":{"@id":"https:\/\/stilanddesign.se\/produkt\/%f0%9f%8c%b8-somrig-klanning-fran-zabaione-%f0%9f%8c%b8\/#breadcrumb"},"inLanguage":"en-US","potentialAction":[{"@type":"ReadAction","target":["https:\/\/stilanddesign.se\/produkt\/%f0%9f%8c%b8-somrig-klanning-fran-zabaione-%f0%9f%8c%b8\/"]}]},{"@type":"ImageObject","inLanguage":"en-US","@id":"https:\/\/stilanddesign.se\/produkt\/%f0%9f%8c%b8-somrig-klanning-fran-zabaione-%f0%9f%8c%b8\/#primaryimage","url":"https:\/\/stilanddesign.se\/wp-content\/uploads\/2026\/03\/4070709073618_1.jpg","contentUrl":"https:\/\/stilanddesign.se\/wp-content\/uploads\/2026\/03\/4070709073618_1.jpg","width":889,"height":1280},{"@type":"BreadcrumbList","@id":"https:\/\/stilanddesign.se\/produkt\/%f0%9f%8c%b8-somrig-klanning-fran-zabaione-%f0%9f%8c%b8\/#breadcrumb","itemListElement":[{"@type":"ListItem","position":1,"name":"Hem","item":"https:\/\/stilanddesign.se\/"},{"@type":"ListItem","position":2,"name":"Butiken","item":"https:\/\/stilanddesign.se\/butiken\/"},{"@type":"ListItem","position":3,"name":"\ud83c\udf38 Somrig kl\u00e4nning fr\u00e5n Zabaione \ud83c\udf38"}]},{"@type":"WebSite","@id":"https:\/\/stilanddesign.se\/#website","url":"https:\/\/stilanddesign.se\/","name":"Style &amp; Design","description":"For those of us who love fashion!","publisher":{"@id":"https:\/\/stilanddesign.se\/#organization"},"potentialAction":[{"@type":"SearchAction","target":{"@type":"EntryPoint","urlTemplate":"https:\/\/stilanddesign.se\/?s={search_term_string}"},"query-input":{"@type":"PropertyValueSpecification","valueRequired":true,"valueName":"search_term_string"}}],"inLanguage":"en-US"},{"@type":"Organization","@id":"https:\/\/stilanddesign.se\/#organization","name":"Style &amp; Design","url":"https:\/\/stilanddesign.se\/","logo":{"@type":"ImageObject","inLanguage":"en-US","@id":"https:\/\/stilanddesign.se\/#\/schema\/logo\/image\/","url":"https:\/\/stilanddesign.se\/wp-content\/uploads\/2023\/12\/output-onlinepngtools-e1727784413220.png","contentUrl":"https:\/\/stilanddesign.se\/wp-content\/uploads\/2023\/12\/output-onlinepngtools-e1727784413220.png","width":519,"height":135,"caption":"Stil &amp; Design"},"image":{"@id":"https:\/\/stilanddesign.se\/#\/schema\/logo\/image\/"}}]}},"_links":{"self":[{"href":"https:\/\/stilanddesign.se\/en\/wp-json\/wp\/v2\/product\/1070685","targetHints":{"allow":["GET"]}}],"collection":[{"href":"https:\/\/stilanddesign.se\/en\/wp-json\/wp\/v2\/product"}],"about":[{"href":"https:\/\/stilanddesign.se\/en\/wp-json\/wp\/v2\/types\/product"}],"replies":[{"embeddable":true,"href":"https:\/\/stilanddesign.se\/en\/wp-json\/wp\/v2\/comments?post=1070685"}],"wp:featuredmedia":[{"embeddable":true,"href":"https:\/\/stilanddesign.se\/en\/wp-json\/wp\/v2\/media\/1070695"}],"wp:attachment":[{"href":"https:\/\/stilanddesign.se\/en\/wp-json\/wp\/v2\/media?parent=1070685"}],"wp:term":[{"taxonomy":"product_brand","embeddable":true,"href":"https:\/\/stilanddesign.se\/en\/wp-json\/wp\/v2\/product_brand?post=1070685"},{"taxonomy":"product_cat","embeddable":true,"href":"https:\/\/stilanddesign.se\/en\/wp-json\/wp\/v2\/product_cat?post=1070685"},{"taxonomy":"product_tag","embeddable":true,"href":"https:\/\/stilanddesign.se\/en\/wp-json\/wp\/v2\/product_tag?post=1070685"}],"curies":[{"name":"wp","href":"https:\/\/api.w.org\/{rel}","templated":true}]}}